{"id":85514,"date":"2026-03-19T21:41:09","date_gmt":"2026-03-19T21:41:09","guid":{"rendered":"https:\/\/soydeaqui.ddns.net\/pachuca\/index.php\/producto\/usw-flex-2-5g-poe-switch-de-8-puertos-2-5gbe-poe-con-un-puerto-de-enlace-ascendente-combinado-rj45-sfp-de-10-gbe-no-incluye-adaptador-ca-cc\/"},"modified":"2026-03-19T21:41:22","modified_gmt":"2026-03-19T21:41:22","slug":"usw-flex-2-5g-poe-switch-de-8-puertos-2-5gbe-poe-con-un-puerto-de-enlace-ascendente-combinado-rj45-sfp-de-10-gbe-no-incluye-adaptador-ca-cc","status":"publish","type":"product","link":"https:\/\/soydeaqui.ddns.net\/pachuca\/index.php\/producto\/usw-flex-2-5g-poe-switch-de-8-puertos-2-5gbe-poe-con-un-puerto-de-enlace-ascendente-combinado-rj45-sfp-de-10-gbe-no-incluye-adaptador-ca-cc\/","title":{"rendered":"USW Flex 2.5G PoE Switch de 8 Puertos 2.5GbE PoE++, con un Puerto de Enlace Ascendente Combinado RJ45\/SFP+ de 10 GbE (No incluye Adaptador ca\/cc)"},"content":{"rendered":"<div style='width: 100%; max-width: 1200px; margin: 0 auto; font-family: sans-serif; line-height: 1.6; color: inherit; background-color: transparent;'> <!-- Hero Section --> <\/p>\n<div style='display: flex; flex-wrap: wrap; gap: 30px; align-items: center; border: 1px solid rgba(150&comma;150&comma;150&comma;0.3); border-radius: 12px; padding: 20px; margin-bottom: 30px;'>\n<div style='flex: 1 1 320px; min-width: 280px;'>\n<div style='position: relative; padding-bottom: 56.25%; height: 0; overflow: hidden; margin-bottom: 10px;'> <video style='position: absolute; top: 0; left: 0; width: 100%; height: 100%; border: 1px solid rgba(150&comma;150&comma;150&comma;0.3); border-radius: 8px;' autoplay muted loop playsinline preload='metadata'><source src='https:\/\/ftp3.syscom.mx\/usuarios\/adiaz\/Ubiquiti\/Imagenes\/USWFlex25G8PoE\/loop.mp4' type='video\/mp4'><img src='https:\/\/ftp3.syscom.mx\/usuarios\/adiaz\/Ubiquiti\/Imagenes\/USWFlex25G8PoE\/fallback.png' alt='Ubiquiti USW-Flex-2.5G-8-PoE' style='width: 100%; height: auto; border: 1px solid rgba(150&comma;150&comma;150&comma;0.3); border-radius: 8px;'><\/video> <\/div>\n<\/p><\/div>\n<div style='flex: 1 1 360px; min-width: 280px;'>\n<h2 style='font-size: 22px; margin-top: 0; margin-bottom: 10px; color: inherit; opacity: 0.9;'>USW Flex 2.5G PoE<\/h2>\n<div style='margin-bottom: 15px; font-weight: 600; opacity: 0.8; font-size: 14px;'>Modelo: <span style='font-weight: 700; opacity: 1;'>USW-Flex-2.5G-8-PoE<\/span><\/div>\n<p style='margin: 0; color: inherit; font-size: 15px;'>Switch PoE++ <strong>2.5G<\/strong> con <strong>8 puertos<\/strong> y un <strong>enlace ascendente combinado RJ45\/SFP+ de 10 GbE<\/strong>&comma; que se puede alimentar con <strong>PoE+++<\/strong> o con un <strong>adaptador de corriente CA<\/strong>.<\/p>\n<\/p><\/div>\n<\/p><\/div>\n<p> <!-- Especificaciones Title --> <\/p>\n<div style='text-align: center; margin: 40px 0 20px;'> <span style='font-size: 20px; font-weight: 700; color: inherit; border-bottom: 2px solid currentColor; padding-bottom: 5px; display: inline-block;'>Especificaciones<\/span> <\/div>\n<p> <!-- Specifications Grid --> <\/p>\n<div style='display: flex; flex-wrap: wrap; gap: 20px; margin-bottom: 30px;'> <!-- Caracter\u00edsticas principales --> <\/p>\n<div style='flex: 1 1 250px; border: 1px solid rgba(150&comma; 150&comma; 150&comma; 0.4); border-radius: 8px; overflow: hidden; display: flex; flex-direction: column;'>\n<div style='padding: 15px; border-bottom: 1px solid rgba(150&comma; 150&comma; 150&comma; 0.2); font-weight: bold; font-size: 18px; color: inherit;'>Caracter\u00edsticas principales<\/div>\n<div style='padding: 15px; color: inherit;'>\n<ul style='padding-left: 20px; margin: 0; font-size: 14px; list-style-type: disc;'>\n<li style='margin-bottom: 8px;'>(8) puertos de salida PoE++ de 2.5 GbE<\/li>\n<li style='margin-bottom: 8px;'>(1) Puerto de entrada PoE+++ de 10 GbE para la combinaci\u00f3n de alimentaci\u00f3n y puerto SFP+:\n<ul style='padding-left: 20px; margin-top: 5px; margin-bottom: 5px;'>\n<li style='margin-bottom: 4px;'>76 W de PoE con entrada PoE+++<\/li>\n<li style='margin-bottom: 4px;'>46 W de PoE con entrada PoE++<\/li>\n<li style='margin-bottom: 4px;'>16 W de PoE con entrada PoE+<\/li>\n<\/ul>\n<\/li>\n<li style='margin-bottom: 8px;'>Disponibilidad de PoE de 196 W con adaptador de corriente CA opcional<\/li>\n<li style='margin-bottom: 8px;'>El adaptador de corriente CA se vende por separado.<\/li>\n<\/ul><\/div>\n<\/p><\/div>\n<p> <!-- Caracter\u00edsticas f\u00edsicas y el\u00e9ctricas --> <\/p>\n<div style='flex: 1 1 250px; border: 1px solid rgba(150&comma; 150&comma; 150&comma; 0.4); border-radius: 8px; overflow: hidden; display: flex; flex-direction: column;'>\n<div style='padding: 15px; border-bottom: 1px solid rgba(150&comma; 150&comma; 150&comma; 0.2); font-weight: bold; font-size: 18px; color: inherit;'>Caracter\u00edsticas f\u00edsicas y el\u00e9ctricas<\/div>\n<div style='padding: 15px; color: inherit;'>\n<ul style='padding-left: 20px; margin: 0; font-size: 14px; list-style-type: disc;'>\n<li style='margin-bottom: 8px;'><strong>Dimensiones<\/strong>: 212.9 \u00d7 99.4 \u00d7 33.5 mm<\/li>\n<li style='margin-bottom: 8px;'><strong>Peso<\/strong>: 567 g<\/li>\n<li style='margin-bottom: 8px;'><strong>Material de la carcasa<\/strong>: Policarbonato<\/li>\n<li style='margin-bottom: 8px;'><strong>Puertos<\/strong>: (8) 2.5G\/1G\/100M\/10M (todos PoE++)&comma; (1) 10G\/5G\/2.5G\/1G\/100M (PoE+++)&comma; (1) SFP+<\/li>\n<li style='margin-bottom: 8px;'><strong>Disponibilidad PoE<\/strong>: PoE+++: 76 W; PoE++: 46 W; PoE+: 16 W; Adaptador ca\/cc: 196 W<\/li>\n<li style='margin-bottom: 8px;'><strong>Alimentaci\u00f3n<\/strong>: Adaptador ca\/cc o PoE<\/li>\n<li style='margin-bottom: 8px;'><strong>Temperatura de operaci\u00f3n<\/strong>: \u221220 a 45 \u00b0C<\/li>\n<li style='margin-bottom: 8px;'><strong>Humedad de operaci\u00f3n<\/strong>: 10\u201390% sin condensaci\u00f3n<\/li>\n<\/ul><\/div>\n<\/p><\/div>\n<p> <!-- Rendimiento --> <\/p>\n<div style='flex: 1 1 250px; border: 1px solid rgba(150&comma; 150&comma; 150&comma; 0.4); border-radius: 8px; overflow: hidden; display: flex; flex-direction: column;'>\n<div style='padding: 15px; border-bottom: 1px solid rgba(150&comma; 150&comma; 150&comma; 0.2); font-weight: bold; font-size: 18px; color: inherit;'>Rendimiento<\/div>\n<div style='padding: 15px; color: inherit;'>\n<ul style='padding-left: 20px; margin: 0; font-size: 14px; list-style-type: disc;'>\n<li style='margin-bottom: 8px;'><strong>Capacidad de switching<\/strong>: 60 Gbps<\/li>\n<li style='margin-bottom: 8px;'><strong>Throughput non-blocking<\/strong>: 30 Gbps<\/li>\n<li style='margin-bottom: 8px;'><strong>Forwarding rate<\/strong>: 45 Mpps<\/li>\n<li style='margin-bottom: 8px;'><strong>VLANs soportadas<\/strong>: 256<\/li>\n<li style='margin-bottom: 8px;'><strong>Tabla MAC<\/strong>: 4&comma;000<\/li>\n<\/ul><\/div>\n<\/p><\/div>\n<p> <!-- Caracter\u00edsticas Capa 2 --> <\/p>\n<div style='flex: 1 1 250px; border: 1px solid rgba(150&comma; 150&comma; 150&comma; 0.4); border-radius: 8px; overflow: hidden; display: flex; flex-direction: column;'>\n<div style='padding: 15px; border-bottom: 1px solid rgba(150&comma; 150&comma; 150&comma; 0.2); font-weight: bold; font-size: 18px; color: inherit;'>Caracter\u00edsticas Capa 2<\/div>\n<div style='padding: 15px; color: inherit;'>\n<ul style='padding-left: 20px; margin: 0; font-size: 14px; list-style-type: disc;'>\n<li style='margin-bottom: 8px;'>STP &#038; RSTP<\/li>\n<li style='margin-bottom: 8px;'>Egress Rate Limit<\/li>\n<li style='margin-bottom: 8px;'>Flow Control<\/li>\n<li style='margin-bottom: 8px;'>Storm Control<\/li>\n<li style='margin-bottom: 8px;'>Multicast &#038; Broadcast Rate Limiting<\/li>\n<li style='margin-bottom: 8px;'>Port Isolation<\/li>\n<li style='margin-bottom: 8px;'>Port Mirroring<\/li>\n<li style='margin-bottom: 8px;'>Jumbo Frames<\/li>\n<li style='margin-bottom: 8px;'>Loop Protection<\/li>\n<\/ul><\/div>\n<\/p><\/div>\n<\/p><\/div>\n<p> <!-- Accesorios Recomendados --> <\/p>\n<div style='border: 1px solid rgba(150&comma;150&comma;150&comma;0.3); border-radius: 8px; padding: 20px; margin: 30px 0; text-align: center; max-width: 800px; margin-left: auto; margin-right: auto;'>\n<h3 style='font-size: 18px; font-weight: 600; margin: 0 0 20px; color: inherit;'>Accesorios Recomendados<\/h3>\n<div style='display: flex; flex-wrap: wrap; gap: 15px; justify-content: center;'> <a href='https:\/\/www.syscom.mx\/products\/242941' target='_blank' style='flex: 1 1 160px; text-decoration: none; color: inherit; max-width: 200px;'> <\/p>\n<div style='border: 1px solid rgba(150&comma;150&comma;150&comma;0.3); border-radius: 8px; padding: 15px; text-align: center;'> <img src='https:\/\/ftp3.syscom.mx\/usuarios\/adiaz\/Ubiquiti\/Imagenes\/USWFlex25G8PoE\/portada_0S1000.png' alt='UACC-ADAPTER-AC-210W' style='width: 100%; max-width: 70px; height: auto; margin-bottom: 10px;'> <\/p>\n<div style='font-weight: 600; font-size: 14px; color: inherit;'>UACC-ADAPTER-AC-210W<\/div>\n<\/p><\/div>\n<p> <\/a> <a href='https:\/\/www.syscom.mx\/products\/238020' target='_blank' style='flex: 1 1 160px; text-decoration: none; color: inherit; max-width: 200px;'> <\/p>\n<div style='border: 1px solid rgba(150&comma;150&comma;150&comma;0.3); border-radius: 8px; padding: 15px; text-align: center;'> <img src='https:\/\/ftp3.syscom.mx\/usuarios\/adiaz\/Ubiquiti\/Imagenes\/USWFlex25G5\/portada_0S1000.png' alt='UACC-CABLE-PATCH-EL-2M-W' style='width: 100%; max-width: 70px; height: auto; margin-bottom: 10px;'> <\/p>\n<div style='font-weight: 600; font-size: 14px; color: inherit;'>UACC-CABLE-PATCH-EL-2M-W<\/div>\n<\/p><\/div>\n<p> <\/a> <a href='https:\/\/www.syscom.mx\/products\/243850' target='_blank' style='flex: 1 1 160px; text-decoration: none; color: inherit; max-width: 200px;'> <\/p>\n<div style='border: 1px solid rgba(150&comma;150&comma;150&comma;0.3); border-radius: 8px; padding: 15px; text-align: center;'> <img src='https:\/\/ftp3.syscom.mx\/usuarios\/adiaz\/Ubiquiti\/Imagenes\/UACCUTS\/uacc-uts-7.png' alt='UACC-UTS' style='width: 100%; max-width: 70px; height: auto; margin-bottom: 10px;'> <\/p>\n<div style='font-weight: 600; font-size: 14px; color: inherit;'>UACC-UTS<\/div>\n<\/p><\/div>\n<p> <\/a> <\/div>\n<\/p><\/div>\n<p> <!-- Contenido del Paquete --> <\/p>\n<div style='border: 1px solid rgba(150&comma;150&comma;150&comma;0.3); border-radius: 8px; padding: 20px; margin: 30px 0; text-align: center; max-width: 800px; margin-left: auto; margin-right: auto;'>\n<h3 style='font-size: 18px; font-weight: 600; margin: 0 0 15px; color: inherit;'>Contenido del Paquete<\/h3>\n<p> <img src='https:\/\/ftp3.syscom.mx\/usuarios\/adiaz\/Ubiquiti\/Imagenes\/USWFlex25G8PoE\/contenido.png' alt='Contenido del paquete USW-Flex-2.5G-8-PoE' style='width: 100%; max-width: 600px; height: auto; border: 1px solid rgba(150&comma;150&comma;150&comma;0.3); border-radius: 8px;'> <\/div>\n<\/p><\/div>\n","protected":false},"excerpt":{"rendered":"<p>USW Flex 2.5G PoE Switch de 8 Puertos 2.5GbE PoE++, con un Puerto de Enlace Ascendente Combinado RJ45\/SFP+ de 10 GbE (No incluye Adaptador ca\/cc)<\/p>\n","protected":false},"featured_media":85513,"comment_status":"open","ping_status":"closed","template":"","meta":[],"product_brand":[],"product_cat":[1986],"product_tag":[664,1987,166],"class_list":{"0":"post-85514","1":"product","2":"type-product","3":"status-publish","4":"has-post-thumbnail","6":"product_cat-switches-poe","7":"product_tag-networking","8":"product_tag-switches-poe","9":"product_tag-ubiquiti","11":"first","12":"outofstock","13":"sale","14":"shipping-taxable","15":"purchasable","16":"product-type-simple"},"_links":{"self":[{"href":"https:\/\/soydeaqui.ddns.net\/pachuca\/index.php\/wp-json\/wp\/v2\/product\/85514","targetHints":{"allow":["GET"]}}],"collection":[{"href":"https:\/\/soydeaqui.ddns.net\/pachuca\/index.php\/wp-json\/wp\/v2\/product"}],"about":[{"href":"https:\/\/soydeaqui.ddns.net\/pachuca\/index.php\/wp-json\/wp\/v2\/types\/product"}],"replies":[{"embeddable":true,"href":"https:\/\/soydeaqui.ddns.net\/pachuca\/index.php\/wp-json\/wp\/v2\/comments?post=85514"}],"wp:featuredmedia":[{"embeddable":true,"href":"https:\/\/soydeaqui.ddns.net\/pachuca\/index.php\/wp-json\/wp\/v2\/media\/85513"}],"wp:attachment":[{"href":"https:\/\/soydeaqui.ddns.net\/pachuca\/index.php\/wp-json\/wp\/v2\/media?parent=85514"}],"wp:term":[{"taxonomy":"product_brand","embeddable":true,"href":"https:\/\/soydeaqui.ddns.net\/pachuca\/index.php\/wp-json\/wp\/v2\/product_brand?post=85514"},{"taxonomy":"product_cat","embeddable":true,"href":"https:\/\/soydeaqui.ddns.net\/pachuca\/index.php\/wp-json\/wp\/v2\/product_cat?post=85514"},{"taxonomy":"product_tag","embeddable":true,"href":"https:\/\/soydeaqui.ddns.net\/pachuca\/index.php\/wp-json\/wp\/v2\/product_tag?post=85514"}],"curies":[{"name":"wp","href":"https:\/\/api.w.org\/{rel}","templated":true}]}}