{"id":85490,"date":"2026-03-19T21:40:07","date_gmt":"2026-03-19T21:40:07","guid":{"rendered":"https:\/\/soydeaqui.ddns.net\/pachuca\/index.php\/producto\/diadema-binaural-con-audio-hd-y-brazo-ajustable-de-260-conexion-rj9-y-sonido-de-alta-definicion\/"},"modified":"2026-03-19T21:40:09","modified_gmt":"2026-03-19T21:40:09","slug":"diadema-binaural-con-audio-hd-y-brazo-ajustable-de-260-conexion-rj9-y-sonido-de-alta-definicion","status":"publish","type":"product","link":"https:\/\/soydeaqui.ddns.net\/pachuca\/index.php\/producto\/diadema-binaural-con-audio-hd-y-brazo-ajustable-de-260-conexion-rj9-y-sonido-de-alta-definicion\/","title":{"rendered":"Diadema Binaural con Audio HD y Brazo Ajustable de 260\u00b0, Conexi\u00f3n RJ9 y Sonido de Alta Definici\u00f3n"},"content":{"rendered":"<div style='width: 100%; max-width: 1200px; margin: 0 auto; font-family: sans-serif; line-height: 1.6; color: inherit; background-color: transparent;'> <!-- Encabezado rojo con t\u00edtulo --> <\/p>\n<div style='background-color: #cb3234; color: white; text-align: center; padding: 30px 15px;'>\n<h1 style='margin: 0; font-size: 32px;'>Auricular Profesional Fanvil HT302<\/h1>\n<p style='margin: 0; font-size: 18px;'>Conexi\u00f3n RJ9 | Audio HD | Cancelaci\u00f3n de Ruido | Compatible con Tel\u00e9fonos IP<\/p>\n<\/p><\/div>\n<p> <!-- Contenedor principal --> <\/p>\n<div style='width: 100%; max-width: 1100px; margin: auto; padding: 20px; font-family: Arial&comma; sans-serif; color: inherit; background-color: transparent;'> <!-- Descripci\u00f3n general --> <\/p>\n<section style='width: 100%; margin-bottom: 30px;'>\n<p style='font-size: 18pt; text-align: justify;'><strong>NOTA : PARA QUE SEA COMPATIBLE CON TELEFONOS DE OTRAS MARCAS (GRANDSTREAM&comma; YEALINK ETC.) REQUIERE EL ADAPTADOR <a href='https:\/\/www.syscom.mx\/products\/241330' target='_blank' rel='noopener' style='color: inherit; text-decoration: underline;'>T03<\/a><\/strong><\/p>\n<p style='font-size: 18pt; text-align: justify;'>Los auriculares Fanvil HT302 (Binaural) y est\u00e1n dise\u00f1ados especialmente para oficinas y centros de llamadas que requieren una comunicaci\u00f3n clara y prolongada. Con su dise\u00f1o ergon\u00f3mico&comma; conexi\u00f3n r\u00e1pida QD a RJ9 y tecnolog\u00eda de cancelaci\u00f3n pasiva de ruido&comma; estos headsets proporcionan comodidad y calidad de audio HD durante toda la jornada laboral. Son compatibles con tel\u00e9fonos IP Fanvil y con la mayor\u00eda de los tel\u00e9fonos IP del mercado.<\/p>\n<\/section>\n<p> <!-- Caracter\u00edsticas --> <\/p>\n<div style='display: flex; flex-wrap: wrap; gap: 30px; margin-top: 40px; justify-content: space-between;'> <!-- Caracter\u00edsticas principales --> <\/p>\n<div style='flex: 1 1 300px; min-width: 280px; border-left: 5px solid #cb3234; border-radius: 5px; padding: 15px; box-shadow: 2px 2px 10px rgba(216&comma;216&comma;216&comma;0.5); background-color: rgba(255&comma;255&comma;255&comma;0.05);'>\n<h3 style='color: #cb3234; font-size: 20px; margin-top: 0; margin-bottom: 15px;'>Caracter\u00edsticas Principales:<\/h3>\n<ul style='padding-left: 20px; font-size: 14px; color: inherit; list-style-type: disc;'>\n<li style='margin-bottom: 5px;'>Audio HD Wideband.<\/li>\n<li style='margin-bottom: 5px;'>Conexi\u00f3n RJ9.<\/li>\n<li style='margin-bottom: 5px;'>Cancelaci\u00f3n pasiva de ruido.<\/li>\n<li style='margin-bottom: 5px;'>Compatibilidad con tel\u00e9fonos IP Fanvil y de terceros.<\/li>\n<li style='margin-bottom: 5px;'>Dise\u00f1o ergon\u00f3mico ultra ligero.<\/li>\n<li style='margin-bottom: 5px;'>Almohadillas de cuero suave para mayor comodidad.<\/li>\n<li style='margin-bottom: 5px;'>Brazo de micr\u00f3fono ajustable en 260\u00b0.<\/li>\n<li style='margin-bottom: 5px;'>Modelos disponibles: Mono (HT301) y Dual (HT302).<\/li>\n<\/ul><\/div>\n<p> <!-- Especificaciones del micr\u00f3fono --> <\/p>\n<div style='flex: 1 1 300px; min-width: 280px; border-left: 5px solid #cb3234; border-radius: 5px; padding: 15px; box-shadow: 2px 2px 10px rgba(216&comma;216&comma;216&comma;0.5); background-color: rgba(255&comma;255&comma;255&comma;0.05);'>\n<h3 style='color: #cb3234; font-size: 20px; margin-top: 0; margin-bottom: 15px;'>Micr\u00f3fono:<\/h3>\n<ul style='padding-left: 20px; font-size: 14px; color: inherit; list-style-type: disc;'>\n<li style='margin-bottom: 5px;'>Tipo: Omnidireccional con reducci\u00f3n de ruido.<\/li>\n<li style='margin-bottom: 5px;'>Respuesta de frecuencia: 50 Hz \u2013 8 KHz.<\/li>\n<li style='margin-bottom: 5px;'>Sensibilidad: -42 \u00b13 dB.<\/li>\n<li style='margin-bottom: 5px;'>Brazo ajustable: 260\u00b0 de flexi\u00f3n.<\/li>\n<\/ul><\/div>\n<p> <!-- Especificaciones del altavoz --> <\/p>\n<div style='flex: 1 1 300px; min-width: 280px; border-left: 5px solid #cb3234; border-radius: 5px; padding: 15px; box-shadow: 2px 2px 10px rgba(216&comma;216&comma;216&comma;0.5); background-color: rgba(255&comma;255&comma;255&comma;0.05);'>\n<h3 style='color: #cb3234; font-size: 20px; margin-top: 0; margin-bottom: 15px;'>Altavoz:<\/h3>\n<ul style='padding-left: 20px; font-size: 14px; color: inherit; list-style-type: disc;'>\n<li style='margin-bottom: 5px;'>Respuesta de frecuencia: 20 Hz \u2013 20 KHz.<\/li>\n<li style='margin-bottom: 5px;'>Sensibilidad: 117 \u00b13 dB.<\/li>\n<li style='margin-bottom: 5px;'>Impedancia: 32\u03a9 \u00b115%.<\/li>\n<li style='margin-bottom: 5px;'>Potencia de entrada: 10 mW.<\/li>\n<li style='margin-bottom: 5px;'>Audio en banda ancha.<\/li>\n<\/ul><\/div>\n<\/p><\/div>\n<p> <!-- Detalles adicionales --> <\/p>\n<div style='width: 100%; border-left: 5px solid #cb3234; border-radius: 5px; padding: 15px; box-shadow: 2px 2px 10px rgba(216&comma;216&comma;216&comma;0.5); background-color: rgba(255&comma;255&comma;255&comma;0.05); margin-top: 40px;'>\n<h3 style='color: #cb3234; font-size: 20px; margin-top: 0; margin-bottom: 15px;'>Detalles Adicionales:<\/h3>\n<ul style='padding-left: 20px; font-size: 14px; color: inherit; list-style-type: disc;'>\n<li style='margin-bottom: 5px;'>Color: Negro.<\/li>\n<li style='margin-bottom: 5px;'>Peso: HT301 (mono): 73g \/ HT302 (dual): 95g.<\/li>\n<li style='margin-bottom: 5px;'>Longitud del cable: 1.8 m.<\/li>\n<li style='margin-bottom: 5px;'>Temperatura de operaci\u00f3n: -25\u00b0C a 60\u00b0C.<\/li>\n<li style='margin-bottom: 5px;'>Contenido del paquete: 1 diadema HT301 o HT302&comma; gu\u00eda r\u00e1pida.<\/li>\n<li style='margin-bottom: 5px;'>Garant\u00eda: 3 a\u00f1os.<\/li>\n<\/ul><\/div>\n<p> <!-- Galer\u00eda de im\u00e1genes --> <\/p>\n<section style='width: 100%; margin-top: 40px;'>\n<h2 style='color: #cb3234; font-size: 24px; text-align: center; margin-bottom: 20px;'>Galer\u00eda de Im\u00e1genes<\/h2>\n<div style='display: flex; flex-direction: column; gap: 30px;'> <img style='width: 100%; height: auto; border: 1px solid rgba(150&comma;150&comma;150&comma;0.3); border-radius: 8px;' src='https:\/\/ftp3.syscom.mx\/usuarios\/fotos\/HT301\/241328-13408jz062_(1).jpg' alt=''> <img style='width: 100%; height: auto; border: 1px solid rgba(150&comma;150&comma;150&comma;0.3); border-radius: 8px;' src='https:\/\/ftp3.syscom.mx\/usuarios\/fotos\/HT301\/241328-1123z24848_(1).jpg' alt=''> <img style='width: 100%; height: auto; border: 1px solid rgba(150&comma;150&comma;150&comma;0.3); border-radius: 8px;' src='https:\/\/ftp3.syscom.mx\/usuarios\/fotos\/HT301\/241328-1340rd2v62_(1).jpg' alt=''> <\/div>\n<\/section><\/div>\n<\/p><\/div>\n","protected":false},"excerpt":{"rendered":"<p>Diadema Binaural con Audio HD y Brazo Ajustable de 260\u00b0, Conexi\u00f3n RJ9 y Sonido de Alta Definici\u00f3n<\/p>\n","protected":false},"featured_media":85489,"comment_status":"open","ping_status":"closed","template":"","meta":[],"product_brand":[],"product_cat":[2040],"product_tag":[93,859,2004],"class_list":{"0":"post-85490","1":"product","2":"type-product","3":"status-publish","4":"has-post-thumbnail","6":"product_cat-accesorios-voip-telefonia-ip-videoconferencia","7":"product_tag-accesorios","8":"product_tag-fanvil","9":"product_tag-voip-telefonia-ip-videoconferencia","11":"first","12":"outofstock","13":"sale","14":"shipping-taxable","15":"purchasable","16":"product-type-simple"},"_links":{"self":[{"href":"https:\/\/soydeaqui.ddns.net\/pachuca\/index.php\/wp-json\/wp\/v2\/product\/85490","targetHints":{"allow":["GET"]}}],"collection":[{"href":"https:\/\/soydeaqui.ddns.net\/pachuca\/index.php\/wp-json\/wp\/v2\/product"}],"about":[{"href":"https:\/\/soydeaqui.ddns.net\/pachuca\/index.php\/wp-json\/wp\/v2\/types\/product"}],"replies":[{"embeddable":true,"href":"https:\/\/soydeaqui.ddns.net\/pachuca\/index.php\/wp-json\/wp\/v2\/comments?post=85490"}],"wp:featuredmedia":[{"embeddable":true,"href":"https:\/\/soydeaqui.ddns.net\/pachuca\/index.php\/wp-json\/wp\/v2\/media\/85489"}],"wp:attachment":[{"href":"https:\/\/soydeaqui.ddns.net\/pachuca\/index.php\/wp-json\/wp\/v2\/media?parent=85490"}],"wp:term":[{"taxonomy":"product_brand","embeddable":true,"href":"https:\/\/soydeaqui.ddns.net\/pachuca\/index.php\/wp-json\/wp\/v2\/product_brand?post=85490"},{"taxonomy":"product_cat","embeddable":true,"href":"https:\/\/soydeaqui.ddns.net\/pachuca\/index.php\/wp-json\/wp\/v2\/product_cat?post=85490"},{"taxonomy":"product_tag","embeddable":true,"href":"https:\/\/soydeaqui.ddns.net\/pachuca\/index.php\/wp-json\/wp\/v2\/product_tag?post=85490"}],"curies":[{"name":"wp","href":"https:\/\/api.w.org\/{rel}","templated":true}]}}