{"id":85452,"date":"2026-03-19T21:38:26","date_gmt":"2026-03-19T21:38:26","guid":{"rendered":"https:\/\/soydeaqui.ddns.net\/pachuca\/index.php\/producto\/router-hex-s-5-puertos-gigabit-ethernet-1-puerto-sfp-2-5g-dual-core-arm-512-mb-ram-routeros-v7-poe-in-y-poe-out-montaje-en-pared\/"},"modified":"2026-03-19T21:38:30","modified_gmt":"2026-03-19T21:38:30","slug":"router-hex-s-5-puertos-gigabit-ethernet-1-puerto-sfp-2-5g-dual-core-arm-512-mb-ram-routeros-v7-poe-in-y-poe-out-montaje-en-pared","status":"publish","type":"product","link":"https:\/\/soydeaqui.ddns.net\/pachuca\/index.php\/producto\/router-hex-s-5-puertos-gigabit-ethernet-1-puerto-sfp-2-5g-dual-core-arm-512-mb-ram-routeros-v7-poe-in-y-poe-out-montaje-en-pared\/","title":{"rendered":"Router hEX S \/ 5 Puertos Gigabit Ethernet \/ 1 Puerto SFP 2.5G \/ Dual-Core ARM \/ 512 MB RAM \/ RouterOS V7 \/ PoE-In y PoE-Out \/ Montaje en Pared"},"content":{"rendered":"<div style='width: 100%; max-width: 1200px; margin: 0 auto; font-family: sans-serif; line-height: 1.6; color: inherit; background-color: transparent;'>\n<div style='display: flex; flex-wrap: wrap; gap: 30px; margin-bottom: 30px;'>\n<div style='flex: 1 1 300px; min-width: 280px;'>\n<h3 style='font-size: 22px; border-bottom: 2px solid currentColor; padding-bottom: 5px; margin-top: 0; color: inherit; opacity: 0.8;'>Caracter\u00edsticas<\/h3>\n<ul style='padding-left: 20px; font-size: 15px; color: inherit;'>\n<li style='margin-bottom: 5px;'>Enlace ascendente SFP de 2.5G<\/li>\n<li style='margin-bottom: 5px;'>5x Puertos Ethernet 1G<\/li>\n<li style='margin-bottom: 15px;'>Soporte de PoE-In y PoE-Out<\/li>\n<li style='margin-bottom: 5px;'>CPU ARM Dual-Core + 512 MB RAM<\/li>\n<li style='margin-bottom: 5px;'>Puerto USB 3.0 para almacenamiento<\/li>\n<li style='margin-bottom: 5px;'>Alimentaci\u00f3n flexible (12-57 V)<\/li>\n<\/ul><\/div>\n<\/p><\/div>\n<div style='display: flex; flex-wrap: wrap; gap: 30px; margin-bottom: 30px;'>\n<div style='flex: 1 1 300px; min-width: 280px;'>\n<h3 style='font-size: 22px; border-bottom: 2px solid currentColor; padding-bottom: 5px; margin-top: 0; color: inherit; opacity: 0.8;'>\u00bfD\u00f3nde Encaja?<\/h3>\n<ul style='padding-left: 20px; font-size: 15px; color: inherit;'>\n<li style='margin-bottom: 5px;'>Hogares inteligentes y oficinas peque\u00f1as<\/li>\n<li style='margin-bottom: 5px;'>Laboratorios de redes locales<\/li>\n<li style='margin-bottom: 5px;'>Estaciones de trabajo multimedia<\/li>\n<li style='margin-bottom: 5px;'>Redes con c\u00e1maras de seguridad (NVR)<\/li>\n<li style='margin-bottom: 5px;'>Creadores de contenido (transferencia r\u00e1pida)<\/li>\n<\/ul><\/div>\n<\/p><\/div>\n<div style='display: flex; flex-wrap: wrap; gap: 30px; margin-bottom: 30px;'>\n<div style='flex: 1 1 300px; min-width: 280px;'>\n<div style='position: relative; padding-bottom: 56.25%; height: 0; overflow: hidden; margin-bottom: 30px;'>   <\/div>\n<\/p><\/div>\n<div style='flex: 1 1 300px; min-width: 280px;'>\n<h3 style='font-size: 22px; border-bottom: 2px solid currentColor; padding-bottom: 5px; margin-top: 0; color: inherit; opacity: 0.8;'>Maximiza tu plan de internet<\/h3>\n<p style='font-size: 15px; color: inherit;'>Para enlaces de fibra de alta velocidad <strong style='color: inherit;'>\u00bfTienes un plan de fibra de 2 Gbps?<\/strong> Usa el puerto SFP de 2.5 G para ofrecer esa velocidad a tus dispositivos que consumen mucha energ\u00eda&comma; desde servidores de pel\u00edculas alojados en tu ordenador hasta estaciones de trabajo multimedia o NVRs con c\u00e1maras de seguridad. Perfecto para hogares&comma; peque\u00f1as oficinas y estudios multimedia.<\/p>\n<\/p><\/div>\n<\/p><\/div>\n<div style='display: flex; flex-wrap: wrap; gap: 30px; margin-bottom: 30px;'>\n<div style='flex: 1 1 300px; min-width: 280px;'>\n<h3 style='font-size: 22px; border-bottom: 2px solid currentColor; padding-bottom: 5px; margin-top: 0; color: inherit; opacity: 0.8;'>Velocidad local para creadores de contenido y servidores<\/h3>\n<p style='font-size: 15px; color: inherit;'>Conecte su PC a 2.5G y luego conecte dos puertos 1G a su NAS. Disfrute de transferencias de archivos ultrarr\u00e1pidas&comma; copias de seguridad fluidas y sin cuellos de botella: ideal para creadores&comma; editores e investigadores que trabajan con archivos grandes.<\/p>\n<\/p><\/div>\n<div style='flex: 1 1 300px; min-width: 280px;'> <img style='width: 100%; height: auto; border: 1px solid rgba(150&comma;150&comma;150&comma;0.3); border-radius: 8px;' src='http:\/\/ftp3.syscom.mx\/usuarios\/ftp\/2025\/12\/19\/2676\/1766162672975.png_froala_694580f17b139' alt=''> <\/div>\n<\/p><\/div>\n<div style='display: flex; flex-wrap: wrap; gap: 30px; margin-bottom: 30px;'>\n<div style='flex: 1 1 300px; min-width: 280px;'>\n<h3 style='font-size: 22px; border-bottom: 2px solid currentColor; padding-bottom: 5px; margin-top: 0; color: inherit; opacity: 0.8;'>Especificaci\u00f3n<\/h3>\n<div style='display: flex; flex-direction: column; font-size: 15px; color: inherit;'>\n<div style='display: flex; justify-content: space-between; margin-bottom: 8px;'><span style='font-weight: bold; color: inherit;'>C\u00f3digo de producto<\/span><span style='color: inherit;'>E60iUGS<\/span><\/div>\n<div style='display: flex; justify-content: space-between; margin-bottom: 8px;'><span style='font-weight: bold; color: inherit;'>Arquitectura<\/span><span style='color: inherit;'>ARM de 32 bits<\/span><\/div>\n<div style='display: flex; justify-content: space-between; margin-bottom: 8px;'><span style='font-weight: bold; color: inherit;'>CPU<\/span><span style='color: inherit;'>EN7562CT<\/span><\/div>\n<div style='display: flex; justify-content: space-between; margin-bottom: 8px;'><span style='font-weight: bold; color: inherit;'>N\u00facleos de CPU<\/span><span style='color: inherit;'>2<\/span><\/div>\n<div style='display: flex; justify-content: space-between; margin-bottom: 8px;'><span style='font-weight: bold; color: inherit;'>Frecuencia nominal<\/span><span style='color: inherit;'>950 MHz<\/span><\/div>\n<div style='display: flex; justify-content: space-between; margin-bottom: 8px;'><span style='font-weight: bold; color: inherit;'>Chip de conmutaci\u00f3n<\/span><span style='color: inherit;'>EN7523<\/span><\/div>\n<div style='display: flex; justify-content: space-between; margin-bottom: 8px;'><span style='font-weight: bold; color: inherit;'>Licencia de RouterOS<\/span><span style='color: inherit;'>4<\/span><\/div>\n<div style='display: flex; justify-content: space-between; margin-bottom: 8px;'><span style='font-weight: bold; color: inherit;'>Sistema operativo<\/span><span style='color: inherit;'>RouterOS v7<\/span><\/div>\n<div style='display: flex; justify-content: space-between; margin-bottom: 8px;'><span style='font-weight: bold; color: inherit;'>Tama\u00f1o de RAM<\/span><span style='color: inherit;'>512 MB<\/span><\/div>\n<div style='display: flex; justify-content: space-between; margin-bottom: 8px;'><span style='font-weight: bold; color: inherit;'>Almacenamiento<\/span><span style='color: inherit;'>128 MB (NAND)<\/span><\/div>\n<\/p><\/div>\n<\/p><\/div>\n<div style='flex: 1 1 300px; min-width: 280px;'>\n<h3 style='font-size: 22px; border-bottom: 2px solid currentColor; padding-bottom: 5px; margin-top: 0; color: inherit; opacity: 0.8;'>Alimentaci\u00f3n<\/h3>\n<div style='display: flex; flex-direction: column; font-size: 15px; color: inherit;'>\n<div style='display: flex; justify-content: space-between; margin-bottom: 8px;'><span style='font-weight: bold; color: inherit;'>Entradas DC<\/span><span style='color: inherit;'>2 (DC jack&comma; PoE-IN)<\/span><\/div>\n<div style='display: flex; justify-content: space-between; margin-bottom: 8px;'><span style='font-weight: bold; color: inherit;'>Voltaje DC jack<\/span><span style='color: inherit;'>12-57 V<\/span><\/div>\n<div style='display: flex; justify-content: space-between; margin-bottom: 8px;'><span style='font-weight: bold; color: inherit;'>Consumo m\u00e1ximo<\/span><span style='color: inherit;'>23 W<\/span><\/div>\n<div style='display: flex; justify-content: space-between; margin-bottom: 8px;'><span style='font-weight: bold; color: inherit;'>Refrigeraci\u00f3n<\/span><span style='color: inherit;'>Pasiva<\/span><\/div>\n<div style='display: flex; justify-content: space-between; margin-bottom: 8px;'><span style='font-weight: bold; color: inherit;'>PoE in<\/span><span style='color: inherit;'>802.3af\/at (18-57 V)<\/span><\/div>\n<div style='display: flex; justify-content: space-between; margin-bottom: 8px;'><span style='font-weight: bold; color: inherit;'>PoE-out<\/span><span style='color: inherit;'>Ether5 (Pasivo hasta 57V)<\/span><\/div>\n<\/p><\/div>\n<\/p><\/div>\n<div style='flex: 1 1 300px; min-width: 280px;'>\n<h3 style='font-size: 22px; border-bottom: 2px solid currentColor; padding-bottom: 5px; margin-top: 0; color: inherit; opacity: 0.8;'>Ethernet y Fibra<\/h3>\n<div style='display: flex; flex-direction: column; font-size: 15px; color: inherit;'>\n<div style='display: flex; justify-content: space-between; margin-bottom: 8px;'><span style='font-weight: bold; color: inherit;'>Puertos Ethernet 1G<\/span><span style='color: inherit;'>5<\/span><\/div>\n<div style='display: flex; justify-content: space-between; margin-bottom: 8px;'><span style='font-weight: bold; color: inherit;'>Puertos SFP<\/span><span style='color: inherit;'>1 (Soporta 2.5G)<\/span><\/div>\n<\/p><\/div>\n<\/p><\/div>\n<div style='flex: 1 1 300px; min-width: 280px;'>\n<h3 style='font-size: 22px; border-bottom: 2px solid currentColor; padding-bottom: 5px; margin-top: 0; color: inherit; opacity: 0.8;'>Perif\u00e9ricos y Otros<\/h3>\n<div style='display: flex; flex-direction: column; font-size: 15px; color: inherit;'>\n<div style='display: flex; justify-content: space-between; margin-bottom: 8px;'><span style='font-weight: bold; color: inherit;'>Puertos USB<\/span><span style='color: inherit;'>1 (USB 3.0 tipo A)<\/span><\/div>\n<div style='display: flex; justify-content: space-between; margin-bottom: 8px;'><span style='font-weight: bold; color: inherit;'>Monitores<\/span><span style='color: inherit;'>Temperatura CPU\/PCB&comma; Voltaje<\/span><\/div>\n<div style='display: flex; justify-content: space-between; margin-bottom: 8px;'><span style='font-weight: bold; color: inherit;'>Certificaci\u00f3n<\/span><span style='color: inherit;'>CE&comma; EAC&comma; ROHS&comma; IP20<\/span><\/div>\n<\/p><\/div>\n<\/p><\/div>\n<\/p><\/div>\n<hr style='border: 0; border-top: 1px solid rgba(150&comma;150&comma;150&comma;0.3); margin: 30px 0;'>\n<div style='display: flex; flex-wrap: wrap; gap: 30px; margin-bottom: 30px;'>\n<div style='flex: 1 1 300px; min-width: 280px;'>\n<h3 style='font-size: 22px; border-bottom: 2px solid currentColor; padding-bottom: 5px; margin-top: 0; color: inherit; opacity: 0.8;'>Resultados de pruebas Ethernet<\/h3>\n<div style='font-size: 15px; color: inherit;'>\n<table style='width: 100%; border-collapse: collapse; margin-bottom: 15px;'>\n<thead style='background-color: rgba(150&comma;150&comma;150&comma;0.1);'>\n<tr>\n<th style='padding: 10px; border: 1px solid rgba(150&comma;150&comma;150&comma;0.3);'>Modo<\/th>\n<th style='padding: 10px; border: 1px solid rgba(150&comma;150&comma;150&comma;0.3);'>Configuraci\u00f3n<\/th>\n<th style='padding: 10px; border: 1px solid rgba(150&comma;150&comma;150&comma;0.3);'>1518 byte<\/th>\n<th style='padding: 10px; border: 1px solid rgba(150&comma;150&comma;150&comma;0.3);'>512 byte<\/th>\n<th style='padding: 10px; border: 1px solid rgba(150&comma;150&comma;150&comma;0.3);'>64 byte<\/th>\n<\/tr>\n<\/thead>\n<tbody>\n<tr>\n<td style='padding: 10px; border: 1px solid rgba(150&comma;150&comma;150&comma;0.3);'>Bridging<\/td>\n<td style='padding: 10px; border: 1px solid rgba(150&comma;150&comma;150&comma;0.3);'>none (fast path)<\/td>\n<td style='padding: 10px; border: 1px solid rgba(150&comma;150&comma;150&comma;0.3);'>4132.4 Mbps<\/td>\n<td style='padding: 10px; border: 1px solid rgba(150&comma;150&comma;150&comma;0.3);'>1593.5 Mbps<\/td>\n<td style='padding: 10px; border: 1px solid rgba(150&comma;150&comma;150&comma;0.3);'>219.0 Mbps<\/td>\n<\/tr>\n<tr>\n<td style='padding: 10px; border: 1px solid rgba(150&comma;150&comma;150&comma;0.3);'>Bridging<\/td>\n<td style='padding: 10px; border: 1px solid rgba(150&comma;150&comma;150&comma;0.3);'>25 bridge filter rules<\/td>\n<td style='padding: 10px; border: 1px solid rgba(150&comma;150&comma;150&comma;0.3);'>2315.1 Mbps<\/td>\n<td style='padding: 10px; border: 1px solid rgba(150&comma;150&comma;150&comma;0.3);'>806.8 Mbps<\/td>\n<td style='padding: 10px; border: 1px solid rgba(150&comma;150&comma;150&comma;0.3);'>105.5 Mbps<\/td>\n<\/tr>\n<tr>\n<td style='padding: 10px; border: 1px solid rgba(150&comma;150&comma;150&comma;0.3);'>Routing<\/td>\n<td style='padding: 10px; border: 1px solid rgba(150&comma;150&comma;150&comma;0.3);'>none (fast path)<\/td>\n<td style='padding: 10px; border: 1px solid rgba(150&comma;150&comma;150&comma;0.3);'>3646.6 Mbps<\/td>\n<td style='padding: 10px; border: 1px solid rgba(150&comma;150&comma;150&comma;0.3);'>1394.7 Mbps<\/td>\n<td style='padding: 10px; border: 1px solid rgba(150&comma;150&comma;150&comma;0.3);'>186.1 Mbps<\/td>\n<\/tr>\n<tr>\n<td style='padding: 10px; border: 1px solid rgba(150&comma;150&comma;150&comma;0.3);'>Routing<\/td>\n<td style='padding: 10px; border: 1px solid rgba(150&comma;150&comma;150&comma;0.3);'>25 simple queues<\/td>\n<td style='padding: 10px; border: 1px solid rgba(150&comma;150&comma;150&comma;0.3);'>2102.6 Mbps<\/td>\n<td style='padding: 10px; border: 1px solid rgba(150&comma;150&comma;150&comma;0.3);'>713.8 Mbps<\/td>\n<td style='padding: 10px; border: 1px solid rgba(150&comma;150&comma;150&comma;0.3);'>93.5 Mbps<\/td>\n<\/tr>\n<\/tbody>\n<\/table><\/div>\n<\/p><\/div>\n<div style='flex: 1 1 300px; min-width: 280px;'>\n<h3 style='font-size: 22px; border-bottom: 2px solid currentColor; padding-bottom: 5px; margin-top: 0; color: inherit; opacity: 0.8;'>Resultados de pruebas IPsec<\/h3>\n<div style='font-size: 15px; color: inherit;'>\n<table style='width: 100%; border-collapse: collapse; margin-bottom: 15px;'>\n<thead style='background-color: rgba(150&comma;150&comma;150&comma;0.1);'>\n<tr>\n<th style='padding: 10px; border: 1px solid rgba(150&comma;150&comma;150&comma;0.3);'>Modo<\/th>\n<th style='padding: 10px; border: 1px solid rgba(150&comma;150&comma;150&comma;0.3);'>Configuraci\u00f3n<\/th>\n<th style='padding: 10px; border: 1px solid rgba(150&comma;150&comma;150&comma;0.3);'>1400 byte<\/th>\n<th style='padding: 10px; border: 1px solid rgba(150&comma;150&comma;150&comma;0.3);'>512 byte<\/th>\n<th style='padding: 10px; border: 1px solid rgba(150&comma;150&comma;150&comma;0.3);'>64 byte<\/th>\n<\/tr>\n<\/thead>\n<tbody>\n<tr>\n<td style='padding: 10px; border: 1px solid rgba(150&comma;150&comma;150&comma;0.3);'>Single tunnel<\/td>\n<td style='padding: 10px; border: 1px solid rgba(150&comma;150&comma;150&comma;0.3);'>AES-128-CBC + SHA1<\/td>\n<td style='padding: 10px; border: 1px solid rgba(150&comma;150&comma;150&comma;0.3);'>351.7 Mbps<\/td>\n<td style='padding: 10px; border: 1px solid rgba(150&comma;150&comma;150&comma;0.3);'>142.5 Mbps<\/td>\n<td style='padding: 10px; border: 1px solid rgba(150&comma;150&comma;150&comma;0.3);'>20.2 Mbps<\/td>\n<\/tr>\n<tr>\n<td style='padding: 10px; border: 1px solid rgba(150&comma;150&comma;150&comma;0.3);'>256 tunnels<\/td>\n<td style='padding: 10px; border: 1px solid rgba(150&comma;150&comma;150&comma;0.3);'>AES-128-CBC + SHA1<\/td>\n<td style='padding: 10px; border: 1px solid rgba(150&comma;150&comma;150&comma;0.3);'>188.2 Mbps<\/td>\n<td style='padding: 10px; border: 1px solid rgba(150&comma;150&comma;150&comma;0.3);'>72.1 Mbps<\/td>\n<td style='padding: 10px; border: 1px solid rgba(150&comma;150&comma;150&comma;0.3);'>10.1 Mbps<\/td>\n<\/tr>\n<tr>\n<td style='padding: 10px; border: 1px solid rgba(150&comma;150&comma;150&comma;0.3);'>256 tunnels<\/td>\n<td style='padding: 10px; border: 1px solid rgba(150&comma;150&comma;150&comma;0.3);'>AES-256-CBC + SHA256<\/td>\n<td style='padding: 10px; border: 1px solid rgba(150&comma;150&comma;150&comma;0.3);'>189.3 Mbps<\/td>\n<td style='padding: 10px; border: 1px solid rgba(150&comma;150&comma;150&comma;0.3);'>73.3 Mbps<\/td>\n<td style='padding: 10px; border: 1px solid rgba(150&comma;150&comma;150&comma;0.3);'>10.3 Mbps<\/td>\n<\/tr>\n<\/tbody>\n<\/table><\/div>\n<\/p><\/div>\n<\/p><\/div>\n<hr style='border: 0; border-top: 1px solid rgba(150&comma;150&comma;150&comma;0.3); margin: 30px 0;'>\n<div style='display: flex; flex-wrap: wrap; gap: 30px; margin-bottom: 30px;'>\n<div style='flex: 1 1 300px; min-width: 280px;'>\n<h3 style='font-size: 22px; border-bottom: 2px solid currentColor; padding-bottom: 5px; margin-top: 0; color: inherit; opacity: 0.8;'>Documentaci\u00f3n<\/h3>\n<ul style='padding-left: 20px; font-size: 15px; color: inherit;'>\n<li style='margin-bottom: 5px;'><a href='https:\/\/cdn.mikrotik.com\/web-assets\/product_files\/hEXS_250535.pdf' style='color: inherit; text-decoration: underline;'>Hoja de Especificaciones<\/a><\/li>\n<li style='margin-bottom: 5px;'><a href='https:\/\/cdn.mikrotik.com\/web-assets\/product_files\/QG_E60iUGSV4_250616.pdf' style='color: inherit; text-decoration: underline;'>Informaci\u00f3n de seguridad y normativa<\/a><\/li>\n<li style='margin-bottom: 5px;'><a href='https:\/\/cdn.mikrotik.com\/web-assets\/product_files\/ID274_E60iUGS_DOC_250656.pdf' style='color: inherit; text-decoration: underline;'>Certificado de Calidad<\/a><\/li>\n<li style='margin-bottom: 5px;'><a href='https:\/\/help.mikrotik.com\/docs\/spaces\/UM\/pages\/331612472\/hEX+S+2025' style='color: inherit; text-decoration: underline;'>Manual de usuario<\/a><\/li>\n<\/ul><\/div>\n<\/p><\/div>\n<\/p><\/div>\n","protected":false},"excerpt":{"rendered":"<p>Router hEX S \/ 5 Puertos Gigabit Ethernet \/ 1 Puerto SFP 2.5G \/ Dual-Core ARM \/ 512 MB RAM \/ RouterOS V7 \/ PoE-In y PoE-Out \/ Montaje en Pared<\/p>\n","protected":false},"featured_media":85451,"comment_status":"open","ping_status":"closed","template":"","meta":[],"product_brand":[],"product_cat":[2036,2035,2034],"product_tag":[2039,2038,643,664,2037],"class_list":{"0":"post-85452","1":"product","2":"type-product","3":"status-publish","4":"has-post-thumbnail","6":"product_cat-balanceadores","7":"product_cat-firewalls","8":"product_cat-routers","9":"product_tag-balanceadores","10":"product_tag-firewalls","11":"product_tag-mikrotik","12":"product_tag-networking","13":"product_tag-routers","15":"first","16":"instock","17":"sale","18":"shipping-taxable","19":"purchasable","20":"product-type-simple"},"_links":{"self":[{"href":"https:\/\/soydeaqui.ddns.net\/pachuca\/index.php\/wp-json\/wp\/v2\/product\/85452","targetHints":{"allow":["GET"]}}],"collection":[{"href":"https:\/\/soydeaqui.ddns.net\/pachuca\/index.php\/wp-json\/wp\/v2\/product"}],"about":[{"href":"https:\/\/soydeaqui.ddns.net\/pachuca\/index.php\/wp-json\/wp\/v2\/types\/product"}],"replies":[{"embeddable":true,"href":"https:\/\/soydeaqui.ddns.net\/pachuca\/index.php\/wp-json\/wp\/v2\/comments?post=85452"}],"wp:featuredmedia":[{"embeddable":true,"href":"https:\/\/soydeaqui.ddns.net\/pachuca\/index.php\/wp-json\/wp\/v2\/media\/85451"}],"wp:attachment":[{"href":"https:\/\/soydeaqui.ddns.net\/pachuca\/index.php\/wp-json\/wp\/v2\/media?parent=85452"}],"wp:term":[{"taxonomy":"product_brand","embeddable":true,"href":"https:\/\/soydeaqui.ddns.net\/pachuca\/index.php\/wp-json\/wp\/v2\/product_brand?post=85452"},{"taxonomy":"product_cat","embeddable":true,"href":"https:\/\/soydeaqui.ddns.net\/pachuca\/index.php\/wp-json\/wp\/v2\/product_cat?post=85452"},{"taxonomy":"product_tag","embeddable":true,"href":"https:\/\/soydeaqui.ddns.net\/pachuca\/index.php\/wp-json\/wp\/v2\/product_tag?post=85452"}],"curies":[{"name":"wp","href":"https:\/\/api.w.org\/{rel}","templated":true}]}}