{"id":85444,"date":"2026-03-19T21:38:04","date_gmt":"2026-03-19T21:38:04","guid":{"rendered":"https:\/\/soydeaqui.ddns.net\/pachuca\/index.php\/producto\/otdr-pro-de-alto-rendimiento-para-enlaces-de-fibra-ptica-monomodo-pruebas-en-fibra-ptica-viva-longitudes-de-onda-1310nm-1550nm-y-1625nm-zona-muerta-por-evento-de-0-8-metros-2-62-pies-vfl-2\/"},"modified":"2026-03-19T21:38:22","modified_gmt":"2026-03-19T21:38:22","slug":"otdr-pro-de-alto-rendimiento-para-enlaces-de-fibra-ptica-monomodo-pruebas-en-fibra-ptica-viva-longitudes-de-onda-1310nm-1550nm-y-1625nm-zona-muerta-por-evento-de-0-8-metros-2-62-pies-vfl-2","status":"publish","type":"product","link":"https:\/\/soydeaqui.ddns.net\/pachuca\/index.php\/producto\/otdr-pro-de-alto-rendimiento-para-enlaces-de-fibra-ptica-monomodo-pruebas-en-fibra-ptica-viva-longitudes-de-onda-1310nm-1550nm-y-1625nm-zona-muerta-por-evento-de-0-8-metros-2-62-pies-vfl-2\/","title":{"rendered":"OTDR PRO de Alto Rendimiento para Enlaces de Fibra ?ptica Monomodo \/ Pruebas en Fibra ?ptica Viva \/ Longitudes de onda: 1310nm, 1550nm y 1625nm \/ Zona Muerta por Evento de 0.8 Metros (2.62 Pies) \/ VFL 5mW \/ Distancia de prueba de hasta 420 km"},"content":{"rendered":"<div style='width: 100%; max-width: 1200px; margin: 0 auto; font-family: sans-serif; line-height: 1.6; color: inherit; background-color: transparent;'> <!-- Descripci\u00f3n principal --> <\/p>\n<div style='margin-bottom: 30px;'>\n<p style='margin: 0 0 1.2em; text-align: justify; color: inherit; font-size: 16px;'> El OTDR <strong>LP-OTDR-PRO-X<\/strong> es un dispositivo de alto rendimiento&comma; cuenta con una pantalla t\u00e1ctil de alta resoluci\u00f3n de 8 pulgadas&comma; que est\u00e1 especialmente dise\u00f1ada para aplicaciones FTTx \/ WAN y puede cumplir con todos los requisitos de medici\u00f3n de instaladores&comma; contratistas y operadores de servicios durante la instalaci\u00f3n&comma; la construcci\u00f3n&comma; el mantenimiento y la resoluci\u00f3n de problemas. <\/p>\n<p style='margin: 0 0 1.2em; text-align: justify; color: inherit; font-size: 16px;'> <strong style='color: inherit;'>NOTA:<\/strong> Se recomienda su uso con bobina de lanzamiento&comma; para eliminar la zona muerta y mejorar la precisi\u00f3n de las mediciones: <a href='https:\/\/www.syscom.mx\/principal\/searchcont?route=LP-LC-SM-1KM-LINKEDPRO-BY-EPCOM-229299&#038;autodetect=BOBINA_DE_LANZAMIENTO' style='color: #0066cc; text-decoration: underline;'> <strong style='color: inherit;'>LP-LC-SM-1KM<\/strong> <\/a> <\/p>\n<\/p><\/div>\n<p> <!-- Secci\u00f3n de caracter\u00edsticas --> <\/p>\n<div style='display: flex; flex-wrap: wrap; gap: 20px; margin-bottom: 30px;'>\n<div style='flex: 1 1 300px; min-width: 280px;'>\n<div style='border: 1px solid rgba(150&comma; 150&comma; 150&comma; 0.4); border-radius: 8px; overflow: hidden; display: flex; flex-direction: column;'>\n<div style='padding: 15px; border-bottom: 1px solid rgba(150&comma; 150&comma; 150&comma; 0.2); font-weight: bold; font-size: 18px; color: inherit; background-color: rgba(255&comma; 0&comma; 0&comma; 0.05);'> Caracter\u00edsticas principales del OTDR <\/div>\n<div style='padding: 15px; color: inherit;'>\n<ul style='padding-left: 20px; margin: 0; font-size: 14px; list-style-type: disc;'>\n<li style='margin-bottom: 8px; color: inherit;'><strong style='color: inherit;'>Compatible con Fibra \u00d3ptica Monomodo<\/strong><\/li>\n<li style='margin-bottom: 8px; color: inherit;'><strong style='color: inherit;'>Longitud de onda:<\/strong> 1310nm&comma; 1550nm y 1625nm<\/li>\n<li style='margin-bottom: 8px; color: inherit;'><strong style='color: inherit;'>Pruebas en fibra \u00f3ptica viva<\/strong><\/li>\n<li style='margin-bottom: 8px; color: inherit;'><strong style='color: inherit;'>An\u00e1lisis de p\u00e9rdida:<\/strong> M\u00e9todo de 4 y 5 puntos<\/li>\n<li style='margin-bottom: 8px; color: inherit;'><strong style='color: inherit;'>Zona muerta entre eventos:<\/strong> 0.8 metros<\/li>\n<li style='margin-bottom: 8px; color: inherit;'><strong style='color: inherit;'>Soporta conectores:<\/strong> SC&comma; ST y FC<\/li>\n<li style='margin-bottom: 8px; color: inherit;'><strong style='color: inherit;'>Temperatura de operaci\u00f3n:<\/strong> -10\u00baC a 50\u00baC<\/li>\n<li style='margin-bottom: 8px; color: inherit;'><strong style='color: inherit;'>Bater\u00eda de litio:<\/strong> 5000mAh<\/li>\n<li style='margin-bottom: 8px; color: inherit;'><strong style='color: inherit;'>Puntos m\u00e1ximos de muestra:<\/strong> 256k para mejor precisi\u00f3n<\/li>\n<li style='margin-bottom: 8px; color: inherit;'><strong style='color: inherit;'>Almacenamiento interno:<\/strong> 12 Gbps<\/li>\n<li style='margin-bottom: 8px; color: inherit;'><strong style='color: inherit;'>Soporta splitters:<\/strong> 1&#215;4&comma; 1&#215;8&comma; 1&#215;16&comma; 1&#215;32 y 1&#215;64<\/li>\n<li style='margin-bottom: 8px; color: inherit;'><strong style='color: inherit;'>Fuente de luz estable:<\/strong> -5 dBm<\/li>\n<\/ul><\/div>\n<\/p><\/div>\n<\/p><\/div>\n<p> <!-- VFL --> <\/p>\n<div style='flex: 1 1 300px; min-width: 280px;'>\n<div style='border: 1px solid rgba(150&comma; 150&comma; 150&comma; 0.4); border-radius: 8px; overflow: hidden; display: flex; flex-direction: column;'>\n<div style='padding: 15px; border-bottom: 1px solid rgba(150&comma; 150&comma; 150&comma; 0.2); font-weight: bold; font-size: 18px; color: inherit; background-color: rgba(255&comma; 0&comma; 0&comma; 0.05);'> Localizador Visual de Fallos (VFL) <\/div>\n<div style='padding: 15px; color: inherit;'>\n<ul style='padding-left: 20px; margin: 0; font-size: 14px; list-style-type: disc;'>\n<li style='margin-bottom: 8px; color: inherit;'><strong style='color: inherit;'>Longitud de onda:<\/strong> 650nm<\/li>\n<li style='margin-bottom: 8px; color: inherit;'><strong style='color: inherit;'>Potencia de salida:<\/strong> >10mW<\/li>\n<li style='margin-bottom: 8px; color: inherit;'><strong style='color: inherit;'>Modo:<\/strong> CW\/1Hz\/2Hz<\/li>\n<li style='margin-bottom: 8px; color: inherit;'><strong style='color: inherit;'>Conector compatible:<\/strong> FC&comma; ST y SC<\/li>\n<\/ul><\/div>\n<\/p><\/div>\n<\/p><\/div>\n<p> <!-- OPM --> <\/p>\n<div style='flex: 1 1 300px; min-width: 280px;'>\n<div style='border: 1px solid rgba(150&comma; 150&comma; 150&comma; 0.4); border-radius: 8px; overflow: hidden; display: flex; flex-direction: column;'>\n<div style='padding: 15px; border-bottom: 1px solid rgba(150&comma; 150&comma; 150&comma; 0.2); font-weight: bold; font-size: 18px; color: inherit; background-color: rgba(255&comma; 0&comma; 0&comma; 0.05);'> Medidor de Potencia \u00d3ptica (OPM) <\/div>\n<div style='padding: 15px; color: inherit;'>\n<ul style='padding-left: 20px; margin: 0; font-size: 14px; list-style-type: disc;'>\n<li style='margin-bottom: 8px; color: inherit;'><strong style='color: inherit;'>Longitudes de onda:<\/strong> 800nm a 1700nm<\/li>\n<li style='margin-bottom: 8px; color: inherit;'><strong style='color: inherit;'>Rango de prueba:<\/strong> -50dBm a 26 dBm<\/li>\n<li style='margin-bottom: 8px; color: inherit;'><strong style='color: inherit;'>Onda de calibraci\u00f3n:<\/strong> 850nm \/ 1300nm \/ 1310nm \/ 1490nm \/ 1550nm \/ 1625nm \/ 1650nm<\/li>\n<li style='margin-bottom: 8px; color: inherit;'><strong style='color: inherit;'>Conector compatible:<\/strong> FC&comma; ST y SC<\/li>\n<\/ul><\/div>\n<\/p><\/div>\n<\/p><\/div>\n<\/p><\/div>\n<p> <!-- Separador --> <\/p>\n<hr style='border: 0; border-top: 1px solid rgba(150&comma; 150&comma; 150&comma; 0.3); margin: 30px 0;'> <\/div>\n","protected":false},"excerpt":{"rendered":"<p>OTDR PRO de Alto Rendimiento para Enlaces de Fibra ?ptica Monomodo \/ Pruebas en Fibra ?ptica Viva \/ Longitudes de onda: 1310nm, 1550nm y 1625nm \/ Zona Muerta por Evento de 0.8 Metros (2.62 Pies) \/ VFL 5mW \/ Distancia de prueba de hasta 420 km<\/p>\n","protected":false},"featured_media":85443,"comment_status":"open","ping_status":"closed","template":"","meta":[],"product_brand":[],"product_cat":[636],"product_tag":[611,25,435],"class_list":{"0":"post-85444","1":"product","2":"type-product","3":"status-publish","4":"has-post-thumbnail","6":"product_cat-herramientas-fibra-optica","7":"product_tag-fibra-optica","8":"product_tag-herramientas","9":"product_tag-linkedpro-by-epcom","11":"first","12":"instock","13":"sale","14":"shipping-taxable","15":"purchasable","16":"product-type-simple"},"_links":{"self":[{"href":"https:\/\/soydeaqui.ddns.net\/pachuca\/index.php\/wp-json\/wp\/v2\/product\/85444","targetHints":{"allow":["GET"]}}],"collection":[{"href":"https:\/\/soydeaqui.ddns.net\/pachuca\/index.php\/wp-json\/wp\/v2\/product"}],"about":[{"href":"https:\/\/soydeaqui.ddns.net\/pachuca\/index.php\/wp-json\/wp\/v2\/types\/product"}],"replies":[{"embeddable":true,"href":"https:\/\/soydeaqui.ddns.net\/pachuca\/index.php\/wp-json\/wp\/v2\/comments?post=85444"}],"wp:featuredmedia":[{"embeddable":true,"href":"https:\/\/soydeaqui.ddns.net\/pachuca\/index.php\/wp-json\/wp\/v2\/media\/85443"}],"wp:attachment":[{"href":"https:\/\/soydeaqui.ddns.net\/pachuca\/index.php\/wp-json\/wp\/v2\/media?parent=85444"}],"wp:term":[{"taxonomy":"product_brand","embeddable":true,"href":"https:\/\/soydeaqui.ddns.net\/pachuca\/index.php\/wp-json\/wp\/v2\/product_brand?post=85444"},{"taxonomy":"product_cat","embeddable":true,"href":"https:\/\/soydeaqui.ddns.net\/pachuca\/index.php\/wp-json\/wp\/v2\/product_cat?post=85444"},{"taxonomy":"product_tag","embeddable":true,"href":"https:\/\/soydeaqui.ddns.net\/pachuca\/index.php\/wp-json\/wp\/v2\/product_tag?post=85444"}],"curies":[{"name":"wp","href":"https:\/\/api.w.org\/{rel}","templated":true}]}}