{"id":85438,"date":"2026-03-19T21:37:48","date_gmt":"2026-03-19T21:37:48","guid":{"rendered":"https:\/\/soydeaqui.ddns.net\/pachuca\/index.php\/producto\/inyector-industrial-multi-gigabit-802-3bt-poe-95w-2-puertos-rj45-10m-100m-1g-2-5g-5gbps-ip30-40-a-75c-montaje-en-riel-din-o-pared\/"},"modified":"2026-03-19T21:37:55","modified_gmt":"2026-03-19T21:37:55","slug":"inyector-industrial-multi-gigabit-802-3bt-poe-95w-2-puertos-rj45-10m-100m-1g-2-5g-5gbps-ip30-40-a-75c-montaje-en-riel-din-o-pared","status":"publish","type":"product","link":"https:\/\/soydeaqui.ddns.net\/pachuca\/index.php\/producto\/inyector-industrial-multi-gigabit-802-3bt-poe-95w-2-puertos-rj45-10m-100m-1g-2-5g-5gbps-ip30-40-a-75c-montaje-en-riel-din-o-pared\/","title":{"rendered":"Inyector Industrial, Multi-Gigabit 802.3bt PoE++ \/ 95W \/ 2 Puertos RJ45 \/ 10M\/100M\/1G\/2.5G\/5Gbps \/ IP30 \/ -40 a 75\u00b0C \/ Montaje en Riel DIN o Pared"},"content":{"rendered":"<div style='width: 100%; max-width: 1200px; margin: 0 auto; font-family: sans-serif; line-height: 1.6; color: inherit; background-color: transparent;'> <!-- Iconos de caracter\u00edsticas --> <\/p>\n<div style='display: flex; flex-wrap: wrap; gap: 15px; margin-bottom: 30px;'> <img style='width: auto; height: 40px; border: 1px solid rgba(150&comma;150&comma;150&comma;0.3); border-radius: 8px;' src='https:\/\/www.planet.com.tw\/storage\/icons\/623\/4icon_95W_PoE++.png' alt='PoE++ de 95 W'> <img style='width: auto; height: 40px; border: 1px solid rgba(150&comma;150&comma;150&comma;0.3); border-radius: 8px;' src='https:\/\/www.planet.com.tw\/storage\/icons\/8icon_-40-degree-~75-degree.png' alt='75\u00b0C~-40\u00b0C'> <img style='width: auto; height: 40px; border: 1px solid rgba(150&comma;150&comma;150&comma;0.3); border-radius: 8px;' src='https:\/\/www.planet.com.tw\/storage\/icons\/629\/8icon_802.3bt_802.3at_End-span_Mid-span.png' alt='802.3bt 802.3at Fin del tramo Intermedio del tramo'> <img style='width: auto; height: 40px; border: 1px solid rgba(150&comma;150&comma;150&comma;0.3); border-radius: 8px;' src='https:\/\/www.planet.com.tw\/storage\/icons\/632\/Redundant-power-DC_DC.png' alt='Alimentaci\u00f3n redundante CC\/CC'> <img style='width: auto; height: 40px; border: 1px solid rgba(150&comma;150&comma;150&comma;0.3); border-radius: 8px;' src='https:\/\/www.planet.com.tw\/storage\/icons\/1icon_PoE-Usage.png' alt='Uso de PoE'> <img style='width: auto; height: 40px; border: 1px solid rgba(150&comma;150&comma;150&comma;0.3); border-radius: 8px;' src='https:\/\/www.planet.com.tw\/storage\/icons\/2icon_IP-Code_30.png' alt='IP30'> <\/div>\n<p> <!-- Descripci\u00f3n general --> <\/p>\n<div style='margin-bottom: 30px;'>\n<p style='font-size: 15px; margin-bottom: 15px;'>El IPOE-171-60W y IPOE-171-95W son inyectores industriales de Power over Ethernet (PoE++) de un solo puerto&comma; compatibles con el est\u00e1ndar IEEE 802.3bt&comma; dise\u00f1ados para proporcionar hasta 60W y 95W de potencia&comma; respectivamente&comma; a trav\u00e9s de cables Ethernet. Estos dispositivos son ideales para aplicaciones industriales y de red que requieren alta potencia y transmisi\u00f3n de datos a velocidades Multi-Gigabit (hasta 5Gbps). Su dise\u00f1o robusto y compacto permite su instalaci\u00f3n en entornos exigentes&comma; con un rango de temperatura operativa de -40 a 75\u00b0C.<\/p>\n<\/p><\/div>\n<p> <!-- Imagen principal --> <\/p>\n<div style='margin-bottom: 30px;'> <img style='width: 100%; height: auto; border: 1px solid rgba(150&comma;150&comma;150&comma;0.3); border-radius: 8px;' src='https:\/\/www.planet.com.tw\/storage\/products\/49558\/edm_IPOE-171-60W_v3_95W_v4.jpg' alt=''> <\/div>\n<p> <!-- Caracter\u00edsticas principales --> <\/p>\n<div style='margin-bottom: 30px;'>\n<h3 style='font-size: 22px; border-bottom: 2px solid currentColor; padding-bottom: 5px; margin-top: 0; color: inherit; opacity: 0.8;'>Caracter\u00edsticas Principales<\/h3>\n<ul style='padding-left: 20px; font-size: 15px; color: inherit; margin-top: 15px;'>\n<li style='margin-bottom: 5px;'>Compatibilidad con est\u00e1ndares IEEE 802.3at\/bt PoE++<\/li>\n<li style='margin-bottom: 5px;'>Puertos RJ45 Multi-Gigabit (10M\/100M\/1G\/2.5G\/5Gbps)<\/li>\n<li style='margin-bottom: 5px;'>IPOE-171-95W: 95W de potencia PoE<\/li>\n<li style='margin-bottom: 5px;'>Dise\u00f1o IP30 con carcasa met\u00e1lica resistente<\/li>\n<li style='margin-bottom: 5px;'>Montaje en riel DIN o pared<\/li>\n<li style='margin-bottom: 5px;'>Rango de temperatura operativa: -40 a 75\u00b0C<\/li>\n<li style='margin-bottom: 5px;'>Protecci\u00f3n ESD de 6KV DC<\/li>\n<li style='margin-bottom: 5px;'>Indicadores LED para monitoreo de estado y uso de PoE<\/li>\n<\/ul><\/div>\n<p> <!-- Especificaciones y conectividad --> <\/p>\n<div style='display: flex; flex-wrap: wrap; gap: 20px; margin-bottom: 30px;'>\n<div style='flex: 1 1 300px; min-width: 280px;'>\n<h3 style='font-size: 20px; border-bottom: 2px solid currentColor; padding-bottom: 5px; margin-top: 0; color: inherit; opacity: 0.8;'>Especificaciones<\/h3>\n<ul style='padding-left: 20px; font-size: 15px; color: inherit; margin-top: 15px;'>\n<li style='margin-bottom: 5px;'>Dimensiones: 135 x 87.8 x 32 mm<\/li>\n<li style='margin-bottom: 5px;'>Peso: 443g (IPOE-171-95W)<\/li>\n<li style='margin-bottom: 5px;'>Consumo m\u00e1ximo: 120W (IPOE-171-95W)<\/li>\n<li style='margin-bottom: 5px;'>Protecci\u00f3n ESD: 6KV DC<\/li>\n<li style='margin-bottom: 5px;'>Humedad operativa: 5% a 90% (no condensante)<\/li>\n<li style='margin-bottom: 5px;'>Voltaje de entrada:12 -54 V \/ 6 A<\/li>\n<li style='margin-bottom: 5px;'><strong>No incluye fuente de voltaje (recomendada <a style='color: #e67e23; text-decoration: none;' href='https:\/\/www.syscom.mx\/producto\/NDR-120-48-MEANWELL-176136.html'>NDR-120-48<\/a>).<\/strong><\/li>\n<\/ul><\/div>\n<div style='flex: 1 1 300px; min-width: 280px;'>\n<h3 style='font-size: 20px; border-bottom: 2px solid currentColor; padding-bottom: 5px; margin-top: 0; color: inherit; opacity: 0.8;'>Interfaces y Conectividad<\/h3>\n<ul style='padding-left: 20px; font-size: 15px; color: inherit; margin-top: 15px;'>\n<li style='margin-bottom: 5px;'>1 puerto RJ45 de entrada de datos<\/li>\n<li style='margin-bottom: 5px;'>1 puerto RJ45 de salida de datos + PoE<\/li>\n<li style='margin-bottom: 5px;'>Bloque de terminales para entrada de alimentaci\u00f3n redundante<\/li>\n<li style='margin-bottom: 5px;'>Compatibilidad con cables UTP Cat. 5e\/6\/6A<\/li>\n<li style='margin-bottom: 5px;'>Modos de PoE: Est\u00e1ndar&comma; Legacy y Force<\/li>\n<\/ul><\/div>\n<\/p><\/div>\n<p> <!-- Aplicaciones --> <\/p>\n<div style='margin-bottom: 30px;'>\n<h3 style='font-size: 22px; border-bottom: 2px solid currentColor; padding-bottom: 5px; margin-top: 0; color: inherit; opacity: 0.8;'>Aplicaciones y Casos de Uso<\/h3>\n<div style='display: grid; grid-template-columns: repeat(auto-fit&comma; minmax(280px&comma; 1fr)); gap: 20px; margin-top: 15px;'>\n<div style='border: 1px solid rgba(150&comma; 150&comma; 150&comma; 0.4); border-radius: 8px; overflow: hidden; display: flex; flex-direction: column;'>\n<div style='padding: 15px; border-bottom: 1px solid rgba(150&comma; 150&comma; 150&comma; 0.2); font-weight: bold; font-size: 18px; color: inherit;'>Iluminaci\u00f3n<\/div>\n<div style='padding: 15px; color: inherit;'>\n<p style='margin: 0;'>Alimentaci\u00f3n de sistemas de iluminaci\u00f3n inteligente mediante PoE++.<\/p>\n<\/p><\/div>\n<\/p><\/div>\n<div style='border: 1px solid rgba(150&comma; 150&comma; 150&comma; 0.4); border-radius: 8px; overflow: hidden; display: flex; flex-direction: column;'>\n<div style='padding: 15px; border-bottom: 1px solid rgba(150&comma; 150&comma; 150&comma; 0.2); font-weight: bold; font-size: 18px; color: inherit;'>C\u00e1maras IP PTZ<\/div>\n<div style='padding: 15px; color: inherit;'>\n<p style='margin: 0;'>Suministro de energ\u00eda y datos para c\u00e1maras IP con capacidades de pan&comma; tilt y zoom.<\/p>\n<\/p><\/div>\n<\/p><\/div>\n<div style='border: 1px solid rgba(150&comma; 150&comma; 150&comma; 0.4); border-radius: 8px; overflow: hidden; display: flex; flex-direction: column;'>\n<div style='padding: 15px; border-bottom: 1px solid rgba(150&comma; 150&comma; 150&comma; 0.2); font-weight: bold; font-size: 18px; color: inherit;'>Puntos de Acceso Wi-Fi<\/div>\n<div style='padding: 15px; color: inherit;'>\n<p style='margin: 0;'>Alimentaci\u00f3n de puntos de acceso Wi-Fi de alta potencia en entornos industriales.<\/p>\n<\/p><\/div>\n<\/p><\/div>\n<\/p><\/div>\n<\/p><\/div>\n<\/p><\/div>\n","protected":false},"excerpt":{"rendered":"<p>Inyector Industrial, Multi-Gigabit 802.3bt PoE++ \/ 95W \/ 2 Puertos RJ45 \/ 10M\/100M\/1G\/2.5G\/5Gbps \/ IP30 \/ -40 a 75\u00b0C \/ Montaje en Riel DIN o Pared<\/p>\n","protected":false},"featured_media":85437,"comment_status":"open","ping_status":"closed","template":"","meta":[],"product_brand":[],"product_cat":[1260],"product_tag":[1261,664,2033],"class_list":{"0":"post-85438","1":"product","2":"type-product","3":"status-publish","4":"has-post-thumbnail","6":"product_cat-inyectores-poe","7":"product_tag-inyectores-poe","8":"product_tag-networking","9":"product_tag-planet","11":"first","12":"outofstock","13":"sale","14":"shipping-taxable","15":"purchasable","16":"product-type-simple"},"_links":{"self":[{"href":"https:\/\/soydeaqui.ddns.net\/pachuca\/index.php\/wp-json\/wp\/v2\/product\/85438","targetHints":{"allow":["GET"]}}],"collection":[{"href":"https:\/\/soydeaqui.ddns.net\/pachuca\/index.php\/wp-json\/wp\/v2\/product"}],"about":[{"href":"https:\/\/soydeaqui.ddns.net\/pachuca\/index.php\/wp-json\/wp\/v2\/types\/product"}],"replies":[{"embeddable":true,"href":"https:\/\/soydeaqui.ddns.net\/pachuca\/index.php\/wp-json\/wp\/v2\/comments?post=85438"}],"wp:featuredmedia":[{"embeddable":true,"href":"https:\/\/soydeaqui.ddns.net\/pachuca\/index.php\/wp-json\/wp\/v2\/media\/85437"}],"wp:attachment":[{"href":"https:\/\/soydeaqui.ddns.net\/pachuca\/index.php\/wp-json\/wp\/v2\/media?parent=85438"}],"wp:term":[{"taxonomy":"product_brand","embeddable":true,"href":"https:\/\/soydeaqui.ddns.net\/pachuca\/index.php\/wp-json\/wp\/v2\/product_brand?post=85438"},{"taxonomy":"product_cat","embeddable":true,"href":"https:\/\/soydeaqui.ddns.net\/pachuca\/index.php\/wp-json\/wp\/v2\/product_cat?post=85438"},{"taxonomy":"product_tag","embeddable":true,"href":"https:\/\/soydeaqui.ddns.net\/pachuca\/index.php\/wp-json\/wp\/v2\/product_tag?post=85438"}],"curies":[{"name":"wp","href":"https:\/\/api.w.org\/{rel}","templated":true}]}}