{"id":85335,"date":"2026-03-19T21:33:13","date_gmt":"2026-03-19T21:33:13","guid":{"rendered":"https:\/\/soydeaqui.ddns.net\/pachuca\/index.php\/producto\/modulo-de-alimentacion-de-ca-huawei-ekit-hasta-1000w-para-switch-s310-48hp4x\/"},"modified":"2026-03-19T21:33:15","modified_gmt":"2026-03-19T21:33:15","slug":"modulo-de-alimentacion-de-ca-huawei-ekit-hasta-1000w-para-switch-s310-48hp4x","status":"publish","type":"product","link":"https:\/\/soydeaqui.ddns.net\/pachuca\/index.php\/producto\/modulo-de-alimentacion-de-ca-huawei-ekit-hasta-1000w-para-switch-s310-48hp4x\/","title":{"rendered":"M\u00f3dulo de alimentaci\u00f3n de CA Huawei eKit \/ hasta 1000W \/ Para Switch S310-48HP4X"},"content":{"rendered":"<div style='width: 100%; max-width: 1200px; margin: 0 auto; font-family: sans-serif; line-height: 1.6; color: inherit; background-color: transparent;'>\n<div style='display: flex; flex-wrap: wrap; gap: 30px; margin-bottom: 30px;'>\n<div style='flex: 1 1 300px; min-width: 280px;'>\n<h3 style='font-size: 22px; border-bottom: 2px solid currentColor; padding-bottom: 5px; margin-top: 0; color: inherit; opacity: 0.8;'>Caracter\u00edsticas<\/h3>\n<ul style='padding-left: 20px; font-size: 15px; color: inherit;'>\n<li style='margin-bottom: 5px;'><strong>Dimensiones sin embalaje (Alt. x Anch. x Prof.) [mm(pulg.)<\/strong>: 40 mm x 66 mm x 215 mm (1.22 in. x 2.44 in. x 6.73 in.)<\/li>\n<li style='margin-bottom: 5px;'><strong>Tensi\u00f3n nominal de entrada [V]<\/strong>: 100 V AC to 130 V AC&comma; 50\/60 Hz \/ 200 V AC to 240 V AC&comma; 50\/60 Hz<\/li>\n<li style='margin-bottom: 5px;'><strong>Rango de tensi\u00f3n de entrada [V]<\/strong>: 90 V AC to 290 V AC; 45 Hz~66 Hz<\/li>\n<li style='margin-bottom: 5px;'><strong>Tensi\u00f3n nominal de salida [V]<\/strong>: 53.5 V or 55.5 V<\/li>\n<li style='margin-bottom: 5px;'><strong>Potencia nominal de salida [W]<\/strong>: 35 W<\/li>\n<li style='margin-bottom: 5px;'><strong>Modo de disipaci\u00f3n de potencia<\/strong>: Disipaci\u00f3n natural del calor. No toque el adaptador de corriente durante mucho tiempo porque la carcasa de pl\u00e1stico puede estar ligeramente caliente cuando el adaptador de corriente est\u00e1 muy cargado. Esta condici\u00f3n no afecta al rendimiento ni a la fiabilidad del adaptador.<\/li>\n<li style='margin-bottom: 5px;'><strong>Hot swapping<\/strong>: Soportado<\/li>\n<\/ul><\/div>\n<\/p><\/div>\n<hr style='border: 0; border-top: 1px solid rgba(150&comma; 150&comma; 150&comma; 0.3); margin: 30px 0;'> <\/div>\n","protected":false},"excerpt":{"rendered":"<p>M\u00f3dulo de alimentaci\u00f3n de CA Huawei eKit \/ hasta 1000W \/ Para Switch S310-48HP4X<\/p>\n","protected":false},"featured_media":32,"comment_status":"open","ping_status":"closed","template":"","meta":[],"product_brand":[],"product_cat":[1260],"product_tag":[718,1261,664],"class_list":{"0":"post-85335","1":"product","2":"type-product","3":"status-publish","4":"has-post-thumbnail","6":"product_cat-inyectores-poe","7":"product_tag-huawei","8":"product_tag-inyectores-poe","9":"product_tag-networking","11":"first","12":"outofstock","13":"sale","14":"shipping-taxable","15":"purchasable","16":"product-type-simple"},"_links":{"self":[{"href":"https:\/\/soydeaqui.ddns.net\/pachuca\/index.php\/wp-json\/wp\/v2\/product\/85335","targetHints":{"allow":["GET"]}}],"collection":[{"href":"https:\/\/soydeaqui.ddns.net\/pachuca\/index.php\/wp-json\/wp\/v2\/product"}],"about":[{"href":"https:\/\/soydeaqui.ddns.net\/pachuca\/index.php\/wp-json\/wp\/v2\/types\/product"}],"replies":[{"embeddable":true,"href":"https:\/\/soydeaqui.ddns.net\/pachuca\/index.php\/wp-json\/wp\/v2\/comments?post=85335"}],"wp:featuredmedia":[{"embeddable":true,"href":"https:\/\/soydeaqui.ddns.net\/pachuca\/index.php\/wp-json\/wp\/v2\/media\/32"}],"wp:attachment":[{"href":"https:\/\/soydeaqui.ddns.net\/pachuca\/index.php\/wp-json\/wp\/v2\/media?parent=85335"}],"wp:term":[{"taxonomy":"product_brand","embeddable":true,"href":"https:\/\/soydeaqui.ddns.net\/pachuca\/index.php\/wp-json\/wp\/v2\/product_brand?post=85335"},{"taxonomy":"product_cat","embeddable":true,"href":"https:\/\/soydeaqui.ddns.net\/pachuca\/index.php\/wp-json\/wp\/v2\/product_cat?post=85335"},{"taxonomy":"product_tag","embeddable":true,"href":"https:\/\/soydeaqui.ddns.net\/pachuca\/index.php\/wp-json\/wp\/v2\/product_tag?post=85335"}],"curies":[{"name":"wp","href":"https:\/\/api.w.org\/{rel}","templated":true}]}}