{"id":85326,"date":"2026-03-19T21:32:48","date_gmt":"2026-03-19T21:32:48","guid":{"rendered":"https:\/\/soydeaqui.ddns.net\/pachuca\/index.php\/producto\/licencia-hisec-insight-avanzada-proteccion-de-borde-y-respuesta-para-firewall-usg6510fd-por-1-ano\/"},"modified":"2026-03-19T21:32:50","modified_gmt":"2026-03-19T21:32:50","slug":"licencia-hisec-insight-avanzada-proteccion-de-borde-y-respuesta-para-firewall-usg6510fd-por-1-ano","status":"publish","type":"product","link":"https:\/\/soydeaqui.ddns.net\/pachuca\/index.php\/producto\/licencia-hisec-insight-avanzada-proteccion-de-borde-y-respuesta-para-firewall-usg6510fd-por-1-ano\/","title":{"rendered":"Licencia HiSec-Insight Avanzada,  Protecci\u00f3n de Borde y Respuesta para Firewall USG6510FD por 1 a\u00f1o"},"content":{"rendered":"<div style='width: 100%; max-width: 1200px; margin: 0 auto; font-family: sans-serif; line-height: 1.6; color: inherit; background-color: transparent;'> <!-- Nota importante --> <\/p>\n<div style='background-color: rgba(207&comma; 10&comma; 44&comma; 0.05); padding: 20px; border-left: 4px solid #cf0a2c; margin-bottom: 30px;'>\n<p style='color: #cf0a2c; margin: 0; font-weight: bold;'>NOTA: La licencia debe de ir en conjunto con la licencia <a href='https:\/\/syscom.pro\/products\/243481\/65001' style='color: #cf0a2c; text-decoration: underline;'>LIC-CLOUD-USG6500F-1Y<\/a><\/p>\n<\/p><\/div>\n<p> <!-- Imagen principal --> <\/p>\n<div style='margin-bottom: 30px; text-align: center;'> <img style='width: 100%; max-width: 450px; height: auto; border: 1px solid rgba(150&comma;150&comma;150&comma;0.3); border-radius: 8px;' src='https:\/\/ftp3.syscom.mx\/usuarios\/fotos\/LICUSG6585EBPR1Y\/229880-qiankun.png' alt='Qiankun Cloud'> <\/div>\n<p> <!-- Contenedor principal --> <\/p>\n<div style='max-width: 800px; margin: 0 auto; padding: 0;'> <!-- Descripci\u00f3n general --> <\/p>\n<div style='margin-bottom: 30px;'>\n<h2 style='font-size: 22px; border-bottom: 2px solid currentColor; padding-bottom: 5px; margin-top: 0; color: inherit; opacity: 0.8;'>Descripci\u00f3n de la Licencia de Protecci\u00f3n de Borte y Respuesta<\/h2>\n<p style='margin-top: 20px; color: inherit;'>Qiankun Cloud es una soluci\u00f3n avanzada de seguridad cibern\u00e9tica que protege proactivamente su infraestructura contra amenazas emergentes y ataques cibern\u00e9ticos.<\/p>\n<\/p><\/div>\n<p> <!-- Funciones Principales --> <\/p>\n<div style='margin-bottom: 30px;'>\n<h2 style='font-size: 22px; border-bottom: 2px solid currentColor; padding-bottom: 5px; margin-top: 0; color: inherit; opacity: 0.8; text-align: center;'>Funciones Principales<\/h2>\n<p> <!-- Imagen funciones --> <\/p>\n<div style='margin: 20px 0; text-align: center;'> <img style='width: 100%; max-width: 544px; height: auto; border: 1px solid rgba(150&comma;150&comma;150&comma;0.3); border-radius: 8px;' src='https:\/\/ftp3.syscom.mx\/usuarios\/fotos\/LICUSG6585EBPR1Y\/229880-image_(4).png' alt='Funciones de Qiankun Cloud'> <\/div>\n<p> <!-- Secci\u00f3n de protecci\u00f3n contra malware --> <\/p>\n<div style='margin-bottom: 20px;'>\n<h3 style='font-size: 18px; color: inherit; margin-top: 20px; margin-bottom: 15px;'><strong>Protecci\u00f3n contra Malware y Ataques Externos:<\/strong><\/h3>\n<ul style='padding-left: 20px; margin: 0; font-size: 14px; color: inherit;'>\n<li style='margin-bottom: 10px;'>Prevenci\u00f3n de Intrusiones: Detecta y bloquea ataques basados en el an\u00e1lisis de vulnerabilidades y comportamientos&comma; con una base de datos de firmas que se actualiza autom\u00e1ticamente.<\/li>\n<li style='margin-bottom: 10px;'>Protecci\u00f3n contra Malware: Utiliza tecnolog\u00edas avanzadas para detectar y eliminar c\u00f3digos maliciosos&comma; incluyendo virus&comma; troyanos y gusanos.<\/li>\n<li style='margin-bottom: 10px;'>Bloqueo Autom\u00e1tico de Amenazas: Identifica y bloquea autom\u00e1ticamente fuentes de ataques de alto riesgo y nombres de dominio maliciosos para prevenir ataques posteriores.<\/li>\n<\/ul><\/div>\n<p> <!-- Secci\u00f3n de gesti\u00f3n de seguridad --> <\/p>\n<div style='margin-bottom: 20px;'>\n<h3 style='font-size: 18px; color: inherit; margin-top: 20px; margin-bottom: 15px;'><strong>Gesti\u00f3n de Seguridad:<\/strong><\/h3>\n<ul style='padding-left: 20px; margin: 0; font-size: 14px; color: inherit;'>\n<li style='margin-bottom: 10px;'>Dashboard de Situaci\u00f3n de Seguridad: Proporciona una visi\u00f3n completa de los activos comprometidos&comma; eventos de amenazas y fuentes de ataques externas.<\/li>\n<\/ul>\n<p> <!-- Video de demostraci\u00f3n --> <\/p>\n<div style='margin: 25px 0;'>\n<div style='position: relative; padding-bottom: 56.25%; height: 0; overflow: hidden; margin-bottom: 30px;'> <video style='position: absolute; top: 0; left: 0; width: 100%; height: 100%; border: none;' loop muted controls><source src='https:\/\/ftp3.syscom.mx\/usuarios\/mnunez\/Huawei\/Qiankun%20video.mp4' type='video\/mp4'><\/video> <\/div>\n<\/p><\/div>\n<ul style='padding-left: 20px; margin-top: 15px; font-size: 14px; color: inherit;'>\n<li style='margin-bottom: 10px;'>Informes Peri\u00f3dicos de Seguridad: Env\u00eda informes semanales o mensuales a los usuarios&comma; detallando la prevenci\u00f3n de amenazas&comma; tendencias y an\u00e1lisis de eventos de seguridad.<\/li>\n<\/ul>\n<p> <!-- Enlace a informe --> <\/p>\n<div style='margin-top: 20px; text-align: center;'>\n<p style='margin-bottom: 15px; color: inherit;'>Ejemplo.- Descargue informes de amenazas (virus y ataques) y DPI (Consumo sobre aplicaci\u00f3n e IP):<\/p>\n<p> <a style='display: inline-block; background-color: #cf0a2c; color: white; text-decoration: none; padding: 12px 24px; border-radius: 5px; transition: background-color 0.3s ease;' href='https:\/\/ftp3.syscom.mx\/usuarios\/mnunez\/Huawei\/Reporte%20Qiankun%20Cloud.pdf' target='_blank' rel='noopener'>De clic para ver informe<\/a> <\/div>\n<\/p><\/div>\n<p> <!-- Secci\u00f3n de notificaciones --> <\/p>\n<div style='margin-bottom: 20px;'>\n<h3 style='font-size: 18px; color: inherit; margin-top: 20px; margin-bottom: 15px;'><strong>Notificaciones y Alarmas:<\/strong><\/h3>\n<ul style='padding-left: 20px; margin: 0; font-size: 14px; color: inherit;'>\n<li style='margin-bottom: 10px;'>Notificaciones de Emergencia: Env\u00eda alertas por SMS y correo electr\u00f3nico sobre eventos de amenazas&comma; proporcionando gu\u00eda para una respuesta r\u00e1pida.<\/li>\n<li style='margin-bottom: 10px;'>Plantillas de Alarma Personalizadas: Permite a los administradores configurar plantillas de alarmas cr\u00edticas que necesitan ser enviadas a los usuarios.<\/li>\n<\/ul><\/div>\n<p> <!-- Secci\u00f3n de listas de control --> <\/p>\n<div style='margin-bottom: 20px;'>\n<h3 style='font-size: 18px; color: inherit; margin-top: 20px; margin-bottom: 15px;'><strong>Gesti\u00f3n de Listas de Control:<\/strong><\/h3>\n<ul style='padding-left: 20px; margin: 0; font-size: 14px; color: inherit;'>\n<li style='margin-bottom: 10px;'>Listas Negras y Blancas: Permite configurar listas negras para bloquear fuentes de amenazas y listas blancas para proteger servicios existentes de ser bloqueados incorrectamente.<\/li>\n<\/ul><\/div>\n<p> <!-- Secci\u00f3n de an\u00e1lisis y respuesta --> <\/p>\n<div style='margin-bottom: 20px;'>\n<h3 style='font-size: 18px; color: inherit; margin-top: 20px; margin-bottom: 15px;'><strong>An\u00e1lisis y Respuesta:<\/strong><\/h3>\n<ul style='padding-left: 20px; margin: 0; font-size: 14px; color: inherit;'>\n<li style='margin-bottom: 10px;'>An\u00e1lisis de Eventos Especiales: Realiza agregaci\u00f3n autom\u00e1tica y an\u00e1lisis r\u00e1pido de hosts comprometidos&comma; fuentes de ataques externas y archivos maliciosos.<\/li>\n<\/ul><\/div>\n<\/p><\/div>\n<p> <!-- Escenarios de aplicaci\u00f3n --> <\/p>\n<div style='margin-bottom: 30px;'>\n<h2 style='font-size: 22px; border-bottom: 2px solid currentColor; padding-bottom: 5px; margin-top: 0; color: inherit; opacity: 0.8; text-align: center;'>Escenarios de Aplicaci\u00f3n<\/h2>\n<ul style='padding-left: 20px; margin-top: 20px; font-size: 14px; color: inherit;'>\n<li style='margin-bottom: 15px;'><strong>Peque\u00f1as y Medianas Empresas (SMEs):<\/strong> Ideal para SMEs que tienen presupuestos limitados y carecen de personal dedicado a la seguridad de la red. Permite la implementaci\u00f3n de dispositivos Qiankun Shield para proteger la red sin afectar las operaciones rutinarias.<\/li>\n<li style='margin-bottom: 15px;'><strong>Grandes Empresas con M\u00faltiples Sucursales:<\/strong> Proporciona una protecci\u00f3n unificada para todas las sucursales&comma; mejorando la eficiencia de la operaci\u00f3n y mantenimiento autom\u00e1tico&comma; y asegurando que todas las sucursales est\u00e9n protegidas contra amenazas.<\/li>\n<li style='margin-bottom: 15px;'><strong>Industrias Reguladas (Gobierno&comma; Salud&comma; Educaci\u00f3n):<\/strong> Ayuda a cumplir con los requisitos de seguridad de los departamentos superiores&comma; ofreciendo an\u00e1lisis unificado y respuesta a eventos de amenazas&comma; adem\u00e1s de reportes detallados sobre la postura de seguridad.<\/li>\n<\/ul><\/div>\n<\/p><\/div>\n<p> <!-- Separador final --> <\/p>\n<hr style='border: 0; border-top: 1px solid rgba(150&comma; 150&comma; 150&comma; 0.3); margin: 40px 0;'> <\/div>\n","protected":false},"excerpt":{"rendered":"<p>Licencia HiSec-Insight Avanzada,  Protecci\u00f3n de Borde y Respuesta para Firewall USG6510FD por 1 a\u00f1o<\/p>\n","protected":false},"featured_media":32,"comment_status":"open","ping_status":"closed","template":"","meta":[],"product_brand":[],"product_cat":[1996],"product_tag":[718,1997,664],"class_list":{"0":"post-85326","1":"product","2":"type-product","3":"status-publish","4":"has-post-thumbnail","6":"product_cat-licencias-suscripciones","7":"product_tag-huawei","8":"product_tag-licencias-suscripciones","9":"product_tag-networking","11":"first","12":"outofstock","13":"sale","14":"shipping-taxable","15":"purchasable","16":"product-type-simple"},"_links":{"self":[{"href":"https:\/\/soydeaqui.ddns.net\/pachuca\/index.php\/wp-json\/wp\/v2\/product\/85326","targetHints":{"allow":["GET"]}}],"collection":[{"href":"https:\/\/soydeaqui.ddns.net\/pachuca\/index.php\/wp-json\/wp\/v2\/product"}],"about":[{"href":"https:\/\/soydeaqui.ddns.net\/pachuca\/index.php\/wp-json\/wp\/v2\/types\/product"}],"replies":[{"embeddable":true,"href":"https:\/\/soydeaqui.ddns.net\/pachuca\/index.php\/wp-json\/wp\/v2\/comments?post=85326"}],"wp:featuredmedia":[{"embeddable":true,"href":"https:\/\/soydeaqui.ddns.net\/pachuca\/index.php\/wp-json\/wp\/v2\/media\/32"}],"wp:attachment":[{"href":"https:\/\/soydeaqui.ddns.net\/pachuca\/index.php\/wp-json\/wp\/v2\/media?parent=85326"}],"wp:term":[{"taxonomy":"product_brand","embeddable":true,"href":"https:\/\/soydeaqui.ddns.net\/pachuca\/index.php\/wp-json\/wp\/v2\/product_brand?post=85326"},{"taxonomy":"product_cat","embeddable":true,"href":"https:\/\/soydeaqui.ddns.net\/pachuca\/index.php\/wp-json\/wp\/v2\/product_cat?post=85326"},{"taxonomy":"product_tag","embeddable":true,"href":"https:\/\/soydeaqui.ddns.net\/pachuca\/index.php\/wp-json\/wp\/v2\/product_tag?post=85326"}],"curies":[{"name":"wp","href":"https:\/\/api.w.org\/{rel}","templated":true}]}}