{"id":85306,"date":"2026-03-19T21:31:52","date_gmt":"2026-03-19T21:31:52","guid":{"rendered":"https:\/\/soydeaqui.ddns.net\/pachuca\/index.php\/producto\/licencia-ultimate-anual-para-conmutador-p520\/"},"modified":"2026-03-19T21:31:57","modified_gmt":"2026-03-19T21:31:57","slug":"licencia-ultimate-anual-para-conmutador-p520","status":"publish","type":"product","link":"https:\/\/soydeaqui.ddns.net\/pachuca\/index.php\/producto\/licencia-ultimate-anual-para-conmutador-p520\/","title":{"rendered":"Licencia ultimate Anual para Conmutador P520"},"content":{"rendered":"<div style='width: 100%; max-width: 1200px; margin: 0 auto; font-family: sans-serif; line-height: 1.6; color: inherit; background-color: transparent;'> <!-- Encabezado azul Yeastar con t\u00edtulo --> <\/p>\n<div style='background-color: #005eb8; color: white; text-align: center; padding: 30px 15px;'>\n<div style='display: inline-block; background: #69C23D; color: #fff; padding: 6px 10px; border-radius: 999px; font-weight: bold; margin-bottom: 8px;'>Licencia espec\u00edfica para P520<\/div>\n<h1 style='margin: 0; font-size: 32px; color: inherit;'>Licencia Ultimate \u2014 Yeastar P520<\/h1>\n<p style='margin: 8px 0 0; font-size: 18px; color: inherit;'>La experiencia completa en telefon\u00eda empresarial con videoconferencias&comma; almacenamiento en la nube e integraci\u00f3n total<\/p>\n<\/p><\/div>\n<p> <!-- Contenedor principal con flex\/grid --> <\/p>\n<div style='max-width: 1100px; margin: auto; padding: 20px; font-family: Arial&comma; sans-serif; color: inherit; background-color: transparent;'> <!-- Introducci\u00f3n --> <\/p>\n<section style='margin-bottom: 30px;'>\n<p style='font-size: 18px; text-align: justify; color: inherit;'>Lleva tu <strong style='color: inherit;'>Yeastar P520<\/strong> al m\u00e1ximo nivel con la <strong style='color: inherit;'>Licencia Ultimate<\/strong>. Adem\u00e1s de todas las funciones avanzadas de telefon\u00eda y call center&comma; obt\u00e9n <strong style='color: inherit;'>videoconferencias en la nube<\/strong>&comma; <strong style='color: inherit;'>almacenamiento seguro<\/strong> y colaboraci\u00f3n mejorada para equipos distribuidos.<\/p>\n<\/section>\n<p> <!-- Funcionalidades destacadas --> <\/p>\n<section style='margin-bottom: 30px;'>\n<h2 style='color: #005eb8; font-size: 24px; text-align: center; margin-bottom: 12px; color: inherit;'>Funcionalidades destacadas<\/h2>\n<div style='display: flex; flex-wrap: wrap; gap: 14px; justify-content: center;'>\n<div style='flex: 1 1 30%; min-width: 220px; border-left: 5px solid #69C23D; padding: 12px; box-shadow: 2px 2px 8px rgba(150&comma;150&comma;150&comma;0.3); border-radius: 4px; background: rgba(255&comma;255&comma;255&comma;0.05);'> <strong style='color: inherit;'>Videoconferencias en la nube<\/strong> <br \/> <span style='font-size: 13px; color: inherit;'>Plataforma integrada para reuniones online<\/span> <\/div>\n<div style='flex: 1 1 30%; min-width: 220px; border-left: 5px solid #69C23D; padding: 12px; box-shadow: 2px 2px 8px rgba(150&comma;150&comma;150&comma;0.3); border-radius: 4px; background: rgba(255&comma;255&comma;255&comma;0.05);'> <strong style='color: inherit;'>Almacenamiento en la nube<\/strong> <br \/> <span style='font-size: 13px; color: inherit;'>Respaldo seguro de grabaciones y archivos<\/span> <\/div>\n<div style='flex: 1 1 30%; min-width: 220px; border-left: 5px solid #69C23D; padding: 12px; box-shadow: 2px 2px 8px rgba(150&comma;150&comma;150&comma;0.3); border-radius: 4px; background: rgba(255&comma;255&comma;255&comma;0.05);'> <strong style='color: inherit;'>Grabaci\u00f3n de llamadas<\/strong> <br \/> <span style='font-size: 13px; color: inherit;'>Local&comma; NAS o nube<\/span> <\/div>\n<div style='flex: 1 1 30%; min-width: 220px; border-left: 5px solid #69C23D; padding: 12px; box-shadow: 2px 2px 8px rgba(150&comma;150&comma;150&comma;0.3); border-radius: 4px; background: rgba(255&comma;255&comma;255&comma;0.05);'> <strong style='color: inherit;'>Colas avanzadas<\/strong> <br \/> <span style='font-size: 13px; color: inherit;'>Distribuci\u00f3n inteligente y m\u00e9tricas<\/span> <\/div>\n<div style='flex: 1 1 30%; min-width: 220px; border-left: 5px solid #69C23D; padding: 12px; box-shadow: 2px 2px 8px rgba(150&comma;150&comma;150&comma;0.3); border-radius: 4px; background: rgba(255&comma;255&comma;255&comma;0.05);'> <strong style='color: inherit;'>Integraci\u00f3n CRM<\/strong> <br \/> <span style='font-size: 13px; color: inherit;'>Zoho&comma; Salesforce&comma; HubSpot y m\u00e1s<\/span> <\/div>\n<div style='flex: 1 1 30%; min-width: 220px; border-left: 5px solid #69C23D; padding: 12px; box-shadow: 2px 2px 8px rgba(150&comma;150&comma;150&comma;0.3); border-radius: 4px; background: rgba(255&comma;255&comma;255&comma;0.05);'> <strong style='color: inherit;'>Video en Apps<\/strong> <span style='color: inherit; font-size: 13px; font-weight: 400;'>Video en app moviles y web<\/span> <\/div>\n<\/p><\/div>\n<\/section>\n<p> <!-- Comparativa --> <\/p>\n<section style='margin-bottom: 30px;'>\n<h2 style='color: #005eb8; font-size: 22px; text-align: center; margin-bottom: 12px; color: inherit;'>Comparativa r\u00e1pida: Enterprise vs Ultimate<\/h2>\n<div style='position: relative; padding-bottom: 56.25%; height: 0; overflow: hidden; margin-bottom: 30px;'> <img style='position: absolute; top: 0; left: 0; width: 100%; height: 100%; border: 1px solid rgba(150&comma;150&comma;150&comma;0.3); border-radius: 8px; object-fit: contain;' src='http:\/\/ftp3.syscom.mx\/usuarios\/ftp\/2025\/08\/26\/2135\/1756243984551.png_froala_68ae281205b36' alt='Comparativa Enterprise vs Ultimate'> <\/div>\n<p style='font-size: 12px; color: inherit; margin-top: 8px; opacity: 0.7;'>* Ultimate incluye videoconferencias y almacenamiento en la nube&comma; ampliando la colaboraci\u00f3n y seguridad de la telefon\u00eda.<\/p>\n<\/section>\n<p> <!-- Compatibilidad --> <\/p>\n<section style='margin-bottom: 30px;'>\n<h2 style='color: #005eb8; font-size: 20px; text-align: center; margin-bottom: 8px; color: inherit;'>Compatibilidad<\/h2>\n<p style='text-align: center; color: inherit;'>Esta licencia es <strong style='color: inherit;'>espec\u00edfica para Yeastar P520<\/strong><\/p>\n<\/section><\/div>\n<p> <!-- Separador --> <\/p>\n<hr style='border: 0; border-top: 1px solid rgba(150&comma;150&comma;150&comma;0.3); margin: 30px 0;'> <\/div>\n","protected":false},"excerpt":{"rendered":"<p>Licencia ultimate Anual para Conmutador P520<\/p>\n","protected":false},"featured_media":85305,"comment_status":"open","ping_status":"closed","template":"","meta":[],"product_brand":[],"product_cat":[2040],"product_tag":[93,2004,2145],"class_list":{"0":"post-85306","1":"product","2":"type-product","3":"status-publish","4":"has-post-thumbnail","6":"product_cat-accesorios-voip-telefonia-ip-videoconferencia","7":"product_tag-accesorios","8":"product_tag-voip-telefonia-ip-videoconferencia","9":"product_tag-yeastar","11":"first","12":"outofstock","13":"sale","14":"shipping-taxable","15":"purchasable","16":"product-type-simple"},"_links":{"self":[{"href":"https:\/\/soydeaqui.ddns.net\/pachuca\/index.php\/wp-json\/wp\/v2\/product\/85306","targetHints":{"allow":["GET"]}}],"collection":[{"href":"https:\/\/soydeaqui.ddns.net\/pachuca\/index.php\/wp-json\/wp\/v2\/product"}],"about":[{"href":"https:\/\/soydeaqui.ddns.net\/pachuca\/index.php\/wp-json\/wp\/v2\/types\/product"}],"replies":[{"embeddable":true,"href":"https:\/\/soydeaqui.ddns.net\/pachuca\/index.php\/wp-json\/wp\/v2\/comments?post=85306"}],"wp:featuredmedia":[{"embeddable":true,"href":"https:\/\/soydeaqui.ddns.net\/pachuca\/index.php\/wp-json\/wp\/v2\/media\/85305"}],"wp:attachment":[{"href":"https:\/\/soydeaqui.ddns.net\/pachuca\/index.php\/wp-json\/wp\/v2\/media?parent=85306"}],"wp:term":[{"taxonomy":"product_brand","embeddable":true,"href":"https:\/\/soydeaqui.ddns.net\/pachuca\/index.php\/wp-json\/wp\/v2\/product_brand?post=85306"},{"taxonomy":"product_cat","embeddable":true,"href":"https:\/\/soydeaqui.ddns.net\/pachuca\/index.php\/wp-json\/wp\/v2\/product_cat?post=85306"},{"taxonomy":"product_tag","embeddable":true,"href":"https:\/\/soydeaqui.ddns.net\/pachuca\/index.php\/wp-json\/wp\/v2\/product_tag?post=85306"}],"curies":[{"name":"wp","href":"https:\/\/api.w.org\/{rel}","templated":true}]}}