{"id":85303,"date":"2026-03-19T21:31:44","date_gmt":"2026-03-19T21:31:44","guid":{"rendered":"https:\/\/soydeaqui.ddns.net\/pachuca\/index.php\/producto\/licencia-ultimate-anual-para-conmutador-p550\/"},"modified":"2026-03-19T21:31:49","modified_gmt":"2026-03-19T21:31:49","slug":"licencia-ultimate-anual-para-conmutador-p550","status":"publish","type":"product","link":"https:\/\/soydeaqui.ddns.net\/pachuca\/index.php\/producto\/licencia-ultimate-anual-para-conmutador-p550\/","title":{"rendered":"Licencia Ultimate Anual para Conmutador P550"},"content":{"rendered":"<div style='width: 100%; max-width: 1200px; margin: 0 auto; font-family: sans-serif; line-height: 1.6; color: inherit; background-color: transparent;'> <!-- Encabezado azul Yeastar con t\u00edtulo --> <\/p>\n<div style='background-color: #005eb8; color: white; text-align: center; padding: 30px 15px; border-radius: 8px;'>\n<div style='display: inline-block; background: #69C23D; color: #fff; padding: 6px 10px; border-radius: 999px; font-weight: bold; margin-bottom: 8px;'>Licencia espec\u00edfica para P520<\/div>\n<h1 style='margin: 0; font-size: 32px; color: inherit;'>Licencia Ultimate \u2014 Yeastar P550<\/h1>\n<p style='margin: 8px 0 0; font-size: 18px; color: inherit;'>La experiencia completa en telefon\u00eda empresarial con videoconferencias&comma; almacenamiento en la nube e integraci\u00f3n total<\/p>\n<\/p><\/div>\n<p> <!-- Contenedor principal con grid --> <\/p>\n<div style='display: grid; grid-template-columns: 1fr; gap: 30px; margin: 30px 0;'> <!-- Introducci\u00f3n --> <\/p>\n<section>\n<h2 style='font-size: 22px; border-bottom: 2px solid currentColor; padding-bottom: 5px; margin-top: 0; color: inherit; opacity: 0.8;'>Introducci\u00f3n<\/h2>\n<p style='font-size: 16px; color: inherit; margin-top: 15px; text-align: justify;'>Lleva tu <strong>Yeastar P550<\/strong> al m\u00e1ximo nivel con la <strong>Licencia Ultimate<\/strong>. Adem\u00e1s de todas las funciones avanzadas de telefon\u00eda y call center&comma; obt\u00e9n <strong>videoconferencias en la nube<\/strong>&comma; <strong>almacenamiento seguro<\/strong> y colaboraci\u00f3n mejorada para equipos distribuidos.<\/p>\n<\/section>\n<p> <!-- Funcionalidades destacadas --> <\/p>\n<section>\n<h2 style='font-size: 22px; border-bottom: 2px solid currentColor; padding-bottom: 5px; margin-top: 0; color: inherit; opacity: 0.8;'>Funcionalidades destacadas<\/h2>\n<div style='display: grid; grid-template-columns: repeat(auto-fit&comma; minmax(220px&comma; 1fr)); gap: 20px; margin-top: 15px;'>\n<div style='border-left: 5px solid #69C23D; padding: 12px; border-radius: 8px; background-color: rgba(105&comma; 194&comma; 61&comma; 0.05); box-shadow: 0 2px 6px rgba(0&comma; 0&comma; 0&comma; 0.05);'> <strong style='color: inherit;'>Videoconferencias en la nube<\/strong> <\/p>\n<div style='font-size: 14px; color: inherit; opacity: 0.8; margin-top: 5px;'>Plataforma integrada para reuniones online<\/div>\n<\/p><\/div>\n<div style='border-left: 5px solid #69C23D; padding: 12px; border-radius: 8px; background-color: rgba(105&comma; 194&comma; 61&comma; 0.05); box-shadow: 0 2px 6px rgba(0&comma; 0&comma; 0&comma; 0.05);'> <strong style='color: inherit;'>Almacenamiento en la nube<\/strong> <\/p>\n<div style='font-size: 14px; color: inherit; opacity: 0.8; margin-top: 5px;'>Respaldo seguro de grabaciones y archivos<\/div>\n<\/p><\/div>\n<div style='border-left: 5px solid #69C23D; padding: 12px; border-radius: 8px; background-color: rgba(105&comma; 194&comma; 61&comma; 0.05); box-shadow: 0 2px 6px rgba(0&comma; 0&comma; 0&comma; 0.05);'> <strong style='color: inherit;'>Grabaci\u00f3n de llamadas<\/strong> <\/p>\n<div style='font-size: 14px; color: inherit; opacity: 0.8; margin-top: 5px;'>Local&comma; NAS o nube<\/div>\n<\/p><\/div>\n<div style='border-left: 5px solid #69C23D; padding: 12px; border-radius: 8px; background-color: rgba(105&comma; 194&comma; 61&comma; 0.05); box-shadow: 0 2px 6px rgba(0&comma; 0&comma; 0&comma; 0.05);'> <strong style='color: inherit;'>Colas avanzadas<\/strong> <\/p>\n<div style='font-size: 14px; color: inherit; opacity: 0.8; margin-top: 5px;'>Distribuci\u00f3n inteligente y m\u00e9tricas<\/div>\n<\/p><\/div>\n<div style='border-left: 5px solid #69C23D; padding: 12px; border-radius: 8px; background-color: rgba(105&comma; 194&comma; 61&comma; 0.05); box-shadow: 0 2px 6px rgba(0&comma; 0&comma; 0&comma; 0.05);'> <strong style='color: inherit;'>Integraci\u00f3n CRM<\/strong> <\/p>\n<div style='font-size: 14px; color: inherit; opacity: 0.8; margin-top: 5px;'>Zoho&comma; Salesforce&comma; HubSpot y m\u00e1s<\/div>\n<\/p><\/div>\n<div style='border-left: 5px solid #69C23D; padding: 12px; border-radius: 8px; background-color: rgba(105&comma; 194&comma; 61&comma; 0.05); box-shadow: 0 2px 6px rgba(0&comma; 0&comma; 0&comma; 0.05);'> <strong style='color: inherit;'>Video en Apps<\/strong> <\/p>\n<div style='font-size: 14px; color: inherit; opacity: 0.8; margin-top: 5px;'>Video en app moviles y web<\/div>\n<\/p><\/div>\n<\/p><\/div>\n<\/section>\n<p> <!-- Comparativa --> <\/p>\n<section>\n<h2 style='font-size: 22px; border-bottom: 2px solid currentColor; padding-bottom: 5px; margin-top: 0; color: inherit; opacity: 0.8;'>Comparativa r\u00e1pida: Enterprise vs Ultimate<\/h2>\n<div style='margin-top: 15px;'> <img style='width: 100%; height: auto; border: 1px solid rgba(150&comma;150&comma;150&comma;0.3); border-radius: 8px;' src='http:\/\/ftp3.syscom.mx\/usuarios\/ftp\/2025\/08\/26\/2135\/1756243984551.png_froala_68ae281205b36' alt='Comparativa Enterprise vs Ultimate'> <\/p>\n<div style='font-size: 14px; color: inherit; opacity: 0.7; margin-top: 10px; text-align: center;'> * Ultimate incluye videoconferencias y almacenamiento en la nube&comma; ampliando la colaboraci\u00f3n y seguridad de la telefon\u00eda. <\/div>\n<\/p><\/div>\n<\/section>\n<p> <!-- Compatibilidad --> <\/p>\n<section>\n<h2 style='font-size: 22px; border-bottom: 2px solid currentColor; padding-bottom: 5px; margin-top: 0; color: inherit; opacity: 0.8;'>Compatibilidad<\/h2>\n<div style='margin-top: 15px; text-align: center; font-size: 15px; color: inherit;'> Esta licencia es <strong style='color: inherit;'>espec\u00edfica para Yeastar P550<\/strong> <\/div>\n<\/section><\/div>\n<p> <!-- Separador final --> <\/p>\n<hr style='border: 0; border-top: 1px solid rgba(150&comma; 150&comma; 150&comma; 0.3); margin: 30px 0;'> <\/div>\n","protected":false},"excerpt":{"rendered":"<p>Licencia Ultimate Anual para Conmutador P550<\/p>\n","protected":false},"featured_media":85302,"comment_status":"open","ping_status":"closed","template":"","meta":[],"product_brand":[],"product_cat":[2040],"product_tag":[93,2004,2145],"class_list":{"0":"post-85303","1":"product","2":"type-product","3":"status-publish","4":"has-post-thumbnail","6":"product_cat-accesorios-voip-telefonia-ip-videoconferencia","7":"product_tag-accesorios","8":"product_tag-voip-telefonia-ip-videoconferencia","9":"product_tag-yeastar","11":"first","12":"outofstock","13":"sale","14":"shipping-taxable","15":"purchasable","16":"product-type-simple"},"_links":{"self":[{"href":"https:\/\/soydeaqui.ddns.net\/pachuca\/index.php\/wp-json\/wp\/v2\/product\/85303","targetHints":{"allow":["GET"]}}],"collection":[{"href":"https:\/\/soydeaqui.ddns.net\/pachuca\/index.php\/wp-json\/wp\/v2\/product"}],"about":[{"href":"https:\/\/soydeaqui.ddns.net\/pachuca\/index.php\/wp-json\/wp\/v2\/types\/product"}],"replies":[{"embeddable":true,"href":"https:\/\/soydeaqui.ddns.net\/pachuca\/index.php\/wp-json\/wp\/v2\/comments?post=85303"}],"wp:featuredmedia":[{"embeddable":true,"href":"https:\/\/soydeaqui.ddns.net\/pachuca\/index.php\/wp-json\/wp\/v2\/media\/85302"}],"wp:attachment":[{"href":"https:\/\/soydeaqui.ddns.net\/pachuca\/index.php\/wp-json\/wp\/v2\/media?parent=85303"}],"wp:term":[{"taxonomy":"product_brand","embeddable":true,"href":"https:\/\/soydeaqui.ddns.net\/pachuca\/index.php\/wp-json\/wp\/v2\/product_brand?post=85303"},{"taxonomy":"product_cat","embeddable":true,"href":"https:\/\/soydeaqui.ddns.net\/pachuca\/index.php\/wp-json\/wp\/v2\/product_cat?post=85303"},{"taxonomy":"product_tag","embeddable":true,"href":"https:\/\/soydeaqui.ddns.net\/pachuca\/index.php\/wp-json\/wp\/v2\/product_tag?post=85303"}],"curies":[{"name":"wp","href":"https:\/\/api.w.org\/{rel}","templated":true}]}}