{"id":85245,"date":"2026-03-19T21:29:07","date_gmt":"2026-03-19T21:29:07","guid":{"rendered":"https:\/\/soydeaqui.ddns.net\/pachuca\/index.php\/producto\/olt-para-exterior-ip65-de-8-puertos-gpon-con-4-puertos-uplink-2-puertos-sfp-2-puertos-sfp-hasta-1024-onus\/"},"modified":"2026-03-19T21:29:14","modified_gmt":"2026-03-19T21:29:14","slug":"olt-para-exterior-ip65-de-8-puertos-gpon-con-4-puertos-uplink-2-puertos-sfp-2-puertos-sfp-hasta-1024-onus","status":"publish","type":"product","link":"https:\/\/soydeaqui.ddns.net\/pachuca\/index.php\/producto\/olt-para-exterior-ip65-de-8-puertos-gpon-con-4-puertos-uplink-2-puertos-sfp-2-puertos-sfp-hasta-1024-onus\/","title":{"rendered":"OLT para EXTERIOR IP65 de 8 puertos GPON con 4 puertos Uplink (2 puertos SFP + 2 puertos SFP+), hasta 1024 ONUs"},"content":{"rendered":"<div style=\"width: 100%; max-width: 1200px; margin: 0 auto; font-family: sans-serif; line-height: 1.6; color: inherit; background-color: transparent;\"><!-- Secci\u00f3n de caracter\u00edsticas principales --><\/p>\n<div style=\"display: flex; flex-wrap: wrap; gap: 30px; margin-bottom: 30px;\">\n<div style=\"flex: 1 1 300px; min-width: 280px;\">\n<h3 style=\"font-size: 22px; border-bottom: 2px solid currentColor; padding-bottom: 5px; margin-top: 0; color: inherit; opacity: 0.8;\">Caracter&iacute;sticas principales<\/h3>\n<ul style=\"padding-left: 20px; font-size: 15px; color: inherit;\">\n<li style=\"margin-bottom: 5px;\"><strong>Dimensiones:<\/strong> 450 * 315 * 180 mm (largo &times; ancho &times; alto)<\/li>\n<li style=\"margin-bottom: 5px;\"><strong>Aplicaciones:<\/strong> Datos&comma; Videovigilancia&comma; Telefon&iacute;a IP&comma; CATV<\/li>\n<li style=\"margin-bottom: 5px;\">Configuraci&oacute;n y gesti&oacute;n de ONU en l&iacute;nea<\/li>\n<li style=\"margin-bottom: 5px;\">Montaje en exterior (Protecci&oacute;n IP65)<\/li>\n<li style=\"margin-bottom: 5px;\"><strong>Ancho de banda por puerto PON:<\/strong> Upstream 1.244Gbps&comma; Downstream 2.488Gbps<\/li>\n<li style=\"margin-bottom: 5px;\">Gesti&oacute;n amigable desde: EMS \/ Web \/ Telnet \/ CLI \/ SSH<\/li>\n<\/ul>\n<\/div>\n<p><!-- Secci\u00f3n de caracter\u00edsticas f\u00edsicas y el\u00e9ctricas --><\/p>\n<div style=\"flex: 1 1 300px; min-width: 280px;\">\n<h3 style=\"font-size: 22px; border-bottom: 2px solid currentColor; padding-bottom: 5px; margin-top: 0; color: inherit; opacity: 0.8;\">Caracter&iacute;sticas F&iacute;sicas y El&eacute;ctricas<\/h3>\n<ul style=\"padding-left: 20px; font-size: 15px; color: inherit;\">\n<li style=\"margin-bottom: 5px;\">Incluye una fuente CA<\/li>\n<li style=\"margin-bottom: 5px;\"><strong>CA:<\/strong> 90~264V&comma; 47\/63Hz<\/li>\n<li style=\"margin-bottom: 5px;\"><strong>Consumo m&aacute;ximo:<\/strong> 80W<\/li>\n<li style=\"margin-bottom: 5px;\"><strong>Peso:<\/strong> 10 Kg<\/li>\n<li style=\"margin-bottom: 5px;\"><strong>Temperatura de operaci&oacute;n:<\/strong> -40 a 70&deg; C<\/li>\n<\/ul>\n<h4 style=\"font-size: 18px; margin-top: 20px; margin-bottom: 10px; color: inherit; opacity: 0.9;\">Accesorios<\/h4>\n<ul style=\"padding-left: 20px; font-size: 14px; color: inherit;\">\n<li style=\"margin-bottom: 5px;\">Montaje para poste<\/li>\n<li style=\"margin-bottom: 5px;\">No incluye m&oacute;dulos PON (Agregar el modelo: <a href=\"https:\/\/www.syscom.mx\/producto\/GPON-SFP-C4+-V-SOL-225541.html\" style=\"color: inherit; text-decoration: underline;\" target=\"_blank\" rel=\"noopener\">GPON-SFP-C4+<\/a>)<\/li>\n<li style=\"margin-bottom: 5px;\">1 A&ntilde;o de garant&iacute;a<\/li>\n<\/ul>\n<\/div>\n<p><!-- Secci\u00f3n de caracter\u00edsticas de red --><\/p>\n<div style=\"flex: 1 1 300px; min-width: 280px;\">\n<h3 style=\"font-size: 22px; border-bottom: 2px solid currentColor; padding-bottom: 5px; margin-top: 0; color: inherit; opacity: 0.8;\">Caracter&iacute;sticas de Red<\/h3>\n<ul style=\"padding-left: 20px; font-size: 15px; color: inherit;\">\n<li style=\"margin-bottom: 5px;\"><strong>Hasta:<\/strong> 1&comma;024 ONUs<\/li>\n<li style=\"margin-bottom: 5px;\"><strong>Puertos Uplink SFP+:<\/strong> 2 puertos 10 Gigabit<\/li>\n<li style=\"margin-bottom: 5px;\"><strong>Puertos Uplink SFP:<\/strong> 2 puertos Gigabit<\/li>\n<li style=\"margin-bottom: 5px;\"><strong>Distancia:<\/strong> 20 Km en cada puerto PON<\/li>\n<li style=\"margin-bottom: 5px;\">Funciones Capa 3 b&aacute;sica y Capa 2<\/li>\n<li style=\"margin-bottom: 5px;\"><strong>Puertos GPON:<\/strong> 8 puertos<\/li>\n<li style=\"margin-bottom: 5px;\"><strong>Relaci&oacute;n de splitteo por puerto PON:<\/strong> 1:128<\/li>\n<\/ul>\n<\/div>\n<\/div>\n<p><!-- Separador --><\/p>\n<hr style=\"border: 0; border-top: 1px solid rgba(150&comma; 150&comma; 150&comma; 0.3); margin: 30px 0;\"><!-- Secci\u00f3n de preguntas frecuentes --><\/p>\n<div style=\"margin-bottom: 30px;\">\n<h2 style=\"font-size: 20px; border-left: 3px solid currentColor; padding-left: 10px; margin-top: 0; color: inherit; opacity: 0.9;\">Preguntas Frecuentes (FAQ)<\/h2>\n<div style=\"margin-top: 20px;\">\n<h4 style=\"font-size: 16px; color: inherit; opacity: 0.9; margin-top: 0; margin-bottom: 10px;\">&iquest;C&oacute;mo configuro la OLT de V-SOL para dar internet a mis clientes?<\/h4>\n<p style=\"margin: 0 0 15px;\">S&oacute;lo debes seguir nuestra <a href=\"https:\/\/soporte.syscom.mx\/es\/articles\/6794140-v-sol-como-configurar-tu-olt-gpon-onu-en-modo-router-con-vlan-tag\" style=\"color: inherit; text-decoration: underline;\" target=\"_blank\" rel=\"noopener\">Gu&iacute;a de Configuraci&oacute;n Paso a Paso para OLTs V-SOL<\/a> para tener desde la configuraci&oacute;n inicial b&aacute;sica hasta tener las ONUs con servicio para tus clientes.<\/p>\n<\/div>\n<div style=\"margin-top: 20px;\">\n<h4 style=\"font-size: 16px; color: inherit; opacity: 0.9; margin-top: 0; margin-bottom: 10px;\">&iquest;Puedo utilizar ONUs de otros fabricantes con una OLT V-SOL?<\/h4>\n<p style=\"margin: 0 0 15px;\">S&iacute;&comma; aunque las OLTs V-SOL suelen ser compatibles con ONUs de diferentes fabricantes debido a los est&aacute;ndares GPON&comma; no podemos garantizar la compatibilidad total con todos los modelos disponibles en el mercado. Recomendamos realizar pruebas con una unidad antes de implementar en producci&oacute;n para asegurar el funcionamiento correcto y evitar inconvenientes.<\/p>\n<\/div>\n<div style=\"margin-top: 20px;\">\n<h4 style=\"font-size: 16px; color: inherit; opacity: 0.9; margin-top: 0; margin-bottom: 10px;\">&iquest;Cu&aacute;les son las credenciales de Default de la OLT V-SOL?<\/h4>\n<p style=\"margin: 0 0 15px;\">Las credenciales de f&aacute;brica&comma; tanto de las OLTs como de las ONUs de V-SOL&comma; las pueden encontrar en este enlace: <a href=\"https:\/\/soporte.syscom.mx\/es\/articles\/7203161-v-sol-conoce-cuales-son-el-usuario-y-contrasena-de-tus-equipos-olt-onu\" style=\"color: inherit; text-decoration: underline;\" target=\"_blank\" rel=\"noopener\">Conoce cuales son el usuario y contrase&ntilde;a de tus equipos OLT\/ONU<\/a><\/p>\n<\/div>\n<\/div>\n<p><!-- Separador --><\/p>\n<hr style=\"border: 0; border-top: 1px solid rgba(150&comma; 150&comma; 150&comma; 0.3); margin: 30px 0;\"><!-- Secci\u00f3n de im\u00e1genes --><\/p>\n<div style=\"display: flex; flex-wrap: wrap; gap: 30px; margin-bottom: 30px;\">\n<div style=\"flex: 1 1 300px; min-width: 280px;\">\n<h3 style=\"font-size: 20px; border-bottom: 2px solid currentColor; padding-bottom: 5px; margin-top: 0; margin-bottom: 15px; color: inherit; opacity: 0.8;\">Aplicaci&oacute;n<\/h3>\n<p><img decoding=\"async\" style=\"width: 100%; height: auto; border: 1px solid rgba(150&comma; 150&comma; 150&comma; 0.3); border-radius: 8px;\" src=\"https:\/\/ftp3.syscom.mx\/usuarios\/fotos\/V1600G1WEO\/213359-axel1.jpg\" alt=\"\" class=\"fr-fic fr-dii\"><\/div>\n<div style=\"flex: 1 1 300px; min-width: 280px;\">\n<h3 style=\"font-size: 20px; border-bottom: 2px solid currentColor; padding-bottom: 5px; margin-top: 0; margin-bottom: 15px; color: inherit; opacity: 0.8;\">Dise&ntilde;o de red FTTX<\/h3>\n<p><img decoding=\"async\" style=\"width: 100%; height: auto; border: 1px solid rgba(150&comma; 150&comma; 150&comma; 0.3); border-radius: 8px;\" src=\"https:\/\/ftp3.syscom.mx\/usuarios\/fotos\/V1600G1WEO\/213359-axel2.jpg\" alt=\"\" class=\"fr-fic fr-dii\"><\/div>\n<div style=\"flex: 1 1 300px; min-width: 280px;\">\n<h3 style=\"font-size: 20px; border-bottom: 2px solid currentColor; padding-bottom: 5px; margin-top: 0; margin-bottom: 15px; color: inherit; opacity: 0.8;\">Caracter&iacute;sticas clave<\/h3>\n<p><img decoding=\"async\" style=\"width: 100%; height: auto; border: 1px solid rgba(150&comma; 150&comma; 150&comma; 0.3); border-radius: 8px;\" src=\"https:\/\/ftp3.syscom.mx\/usuarios\/fotos\/V1600G1WEO\/213359-axel3.jpg\" alt=\"\" class=\"fr-fic fr-dii\"><\/div>\n<\/div>\n<\/div>\n","protected":false},"excerpt":{"rendered":"<p>OLT para EXTERIOR IP65 de 8 puertos GPON con 4 puertos Uplink (2 puertos SFP + 2 puertos SFP+), hasta 1024 ONUs<\/p>\n","protected":false},"featured_media":85244,"comment_status":"open","ping_status":"closed","template":"","meta":[],"product_brand":[],"product_cat":[2018],"product_tag":[2019,2011,2013],"class_list":{"0":"post-85245","1":"product","2":"type-product","3":"status-publish","4":"has-post-thumbnail","6":"product_cat-olts","7":"product_tag-olts","8":"product_tag-redes-ftth-pon","9":"product_tag-v-sol","11":"first","12":"outofstock","13":"sale","14":"shipping-taxable","15":"purchasable","16":"product-type-simple"},"_links":{"self":[{"href":"https:\/\/soydeaqui.ddns.net\/pachuca\/index.php\/wp-json\/wp\/v2\/product\/85245","targetHints":{"allow":["GET"]}}],"collection":[{"href":"https:\/\/soydeaqui.ddns.net\/pachuca\/index.php\/wp-json\/wp\/v2\/product"}],"about":[{"href":"https:\/\/soydeaqui.ddns.net\/pachuca\/index.php\/wp-json\/wp\/v2\/types\/product"}],"replies":[{"embeddable":true,"href":"https:\/\/soydeaqui.ddns.net\/pachuca\/index.php\/wp-json\/wp\/v2\/comments?post=85245"}],"wp:featuredmedia":[{"embeddable":true,"href":"https:\/\/soydeaqui.ddns.net\/pachuca\/index.php\/wp-json\/wp\/v2\/media\/85244"}],"wp:attachment":[{"href":"https:\/\/soydeaqui.ddns.net\/pachuca\/index.php\/wp-json\/wp\/v2\/media?parent=85245"}],"wp:term":[{"taxonomy":"product_brand","embeddable":true,"href":"https:\/\/soydeaqui.ddns.net\/pachuca\/index.php\/wp-json\/wp\/v2\/product_brand?post=85245"},{"taxonomy":"product_cat","embeddable":true,"href":"https:\/\/soydeaqui.ddns.net\/pachuca\/index.php\/wp-json\/wp\/v2\/product_cat?post=85245"},{"taxonomy":"product_tag","embeddable":true,"href":"https:\/\/soydeaqui.ddns.net\/pachuca\/index.php\/wp-json\/wp\/v2\/product_tag?post=85245"}],"curies":[{"name":"wp","href":"https:\/\/api.w.org\/{rel}","templated":true}]}}