{"id":85235,"date":"2026-03-19T21:28:39","date_gmt":"2026-03-19T21:28:39","guid":{"rendered":"https:\/\/soydeaqui.ddns.net\/pachuca\/index.php\/producto\/kit-amplificador-de-senal-celular-4g-mejora-las-llamadas-convencionales-y-volte-soporta-los-datos-de-las-tecnologias-2g-3g-y-4g-de-telcel-att-y-movistar-cubre-hasta-600-m2-2\/"},"modified":"2026-03-19T21:28:48","modified_gmt":"2026-03-19T21:28:48","slug":"kit-amplificador-de-senal-celular-4g-mejora-las-llamadas-convencionales-y-volte-soporta-los-datos-de-las-tecnologias-2g-3g-y-4g-de-telcel-att-y-movistar-cubre-hasta-600-m2-2","status":"publish","type":"product","link":"https:\/\/soydeaqui.ddns.net\/pachuca\/index.php\/producto\/kit-amplificador-de-senal-celular-4g-mejora-las-llamadas-convencionales-y-volte-soporta-los-datos-de-las-tecnologias-2g-3g-y-4g-de-telcel-att-y-movistar-cubre-hasta-600-m2-2\/","title":{"rendered":"Kit Amplificador de Se\u00f1al Celular 4G \/ Mejora las llamadas convencionales y VoLTE \/ Soporta los datos de las tecnolog\u00edas 2G, 3G y 4G de TELCEL, AT&#038;T y MOVISTAR \/ Cubre hasta 600 m2."},"content":{"rendered":"<div style='width: 100%; max-width: 1200px; margin: 0 auto; font-family: sans-serif; line-height: 1.6; color: inherit; background-color: transparent;'>\n<div style='text-align: center; margin: 30px 0;'> <img style='width: 200px; height: auto; border: 1px solid rgba(150&comma;150&comma;150&comma;0.3); border-radius: 8px;' src='data:image\/png;base64&comma;iVBORw0KGgoAAAANSUhEUgAAASwAAABYCAYAAABPucoWAAAAAXNSR0IArs4c6QAAIABJREFUeF7tXQVUlNsT\/6HPVlTsTkxQAcFAbMU4G53YjQ3U504UUcyCj47O7kQU1EsUUfGxgY2o3M9cxP+y7O433+6iD88355zHnO\/lzP2cO3dmzZQZ6vu3FRRQJKBIQJGAiSTwH8qKJvz4ePz4AAAAAElFTkSuQmCC' alt=''> <\/div>\n<h3 style='text-align: center; font-size: 22px; margin-bottom: 20px; color: inherit;'>Amplificador de Se\u00f1al Celular 4G<\/h3>\n<h3 style='text-align: center; font-size: 20px; margin-bottom: 30px; color: inherit;'>Triple Banda de Frecuencia Ampliada<\/h3>\n<div style='margin-bottom: 30px;'>\n<p><strong style='color: inherit;'>EP-TB-4GV3<\/strong> mejora las llamadas convencionales y VoLTE&comma; funciona con las tecnolog\u00edas 2G&comma; 3G y 4G de las compa\u00f1\u00edas TELCEL&comma; AT&#038;T y MOVISTAR.<\/p>\n<p>Esta versi\u00f3n 3 incluye jumpers coaxiales de menor p\u00e9rdida de se\u00f1al&comma; ayudando a obtener un mejor desempe\u00f1o de cobertura celular.<\/p>\n<p><strong style='color: inherit;'>Especial para<\/strong> casa u oficina en ciudad o \u00e1rea rural.<\/p>\n<\/p><\/div>\n<h2 style='font-size: 24px; border-bottom: 2px solid currentColor; padding-bottom: 8px; margin: 30px 0 15px; color: inherit;'>Contenido del Kit<\/h2>\n<p>El kit incluye todo lo necesario para su funcionamiento:<\/p>\n<ol style='padding-left: 20px; margin-bottom: 30px; color: inherit;'>\n<li><strong style='color: inherit;'>Amplificador Triple banda ampliada<\/strong>.<\/li>\n<li><strong style='color: inherit;'>Fuente de alimentaci\u00f3n para el amplificador<\/strong>.<\/li>\n<li><strong style='color: inherit;'>Antena exterior direccional de banda ancha<\/strong> [donadora].<\/li>\n<li><strong style='color: inherit;'>Antena interior tipo panel de banda ancha<\/strong> [de servicio].<\/li>\n<li><strong style='color: inherit;'>Jumpers coaxiales<\/strong>:\n<ul style='padding-left: 20px; margin-top: 10px;'>\n<li>15 m con conector N macho y N macho.<\/li>\n<li>5 m con conector N macho y N macho.<\/li>\n<\/ul>\n<\/li>\n<li><strong style='color: inherit;'>Montajes<\/strong> para sujetar el amplificador y las antenas.<\/li>\n<\/ol>\n<div style='margin: 30px 0; background-color: #f9f9f9; border-left: 4px solid #005cb9; padding: 15px; border-radius: 8px; color: inherit;'>\n<h3 style='font-size: 18px; color: #0f1828; margin-top: 0; margin-bottom: 10px; font-weight: 600;'>Aplicaci\u00f3n (Network Cell Info Lite) para medir la intensidad de se\u00f1al celular con Android<\/h3>\n<p style='margin: 0; color: inherit;'>Puedes usar una aplicaci\u00f3n gratuita para Android que te permite medir la intensidad real de se\u00f1al celular en tu ubicaci\u00f3n&comma; lo cual es \u00fatil para una buena soluci\u00f3n de amplificador. M\u00e1s informaci\u00f3n aqu\u00ed: <a style='color: #005cb9; text-decoration: underline;' href='https:\/\/soporte.syscom.mx\/es\/articles\/6106035-aplicacion-app-para-medir-la-intensidad-de-senal-celular-con-android' target='_blank' rel='noopener'>Ver art\u00edculo de soporte<\/a><\/p>\n<\/p><\/div>\n<h2 style='font-size: 24px; border-bottom: 2px solid currentColor; padding-bottom: 8px; margin: 40px 0 15px; color: inherit;'>Recomendaci\u00f3n para mayor cobertura<\/h2>\n<p style='margin-bottom: 20px;'>Para obtener hasta 600 m2 de cobertura&comma; es recomendable poner dos antenas de servicio en el interior del edificio para una mejor distribuci\u00f3n de se\u00f1al en uno o dos pisos&comma; para ello es necesario agregar lo siguiente:<\/p>\n<ul style='padding-left: 20px; margin-bottom: 30px; color: inherit;'>\n<li>Un divisor de potencia de dos v\u00edas <a style='color: #005cb9; text-decoration: underline;' href='https:\/\/www.syscom.mx\/producto\/CR-PS0727-2C-EPCOM-223426.html' target='_blank'>CR-PS0727-2C.<\/a><\/li>\n<li>Una antena tipo domo <a style='color: #005cb9; text-decoration: underline;' href='https:\/\/www.syscom.mx\/producto\/CR-OCA0727S-3-EPCOM-233675.html' target='_blank'>CR-OCA0727S-3<\/a> o panel <a style='color: #005cb9; text-decoration: underline;' href='https:\/\/www.syscom.mx\/producto\/CR-DPA-0727S-7-EPCOM-223424.html' target='_blank'>CR-DPA-0727S-7.<\/a><\/li>\n<li>Dos jumpers coaxiales <a style='color: #005cb9; text-decoration: underline;' href='https:\/\/www.syscom.mx\/principal\/searchcont?route=952-350-WILSONPRO-\/-WEBOOST-9375&#038;autodetect=952350' target='_blank'>952-350<\/a>.<\/li>\n<li>El jumper de 4.5 m que viene en el kit lo usar\u00e1 para conectar el divisor al amplificador.<\/li>\n<\/ul>\n<div style='display: flex; flex-wrap: wrap; gap: 20px; margin: 40px 0 30px;'>\n<div style='flex: 1 1 250px; min-width: 280px; border-left: 5px solid currentColor; border-radius: 8px; overflow: hidden; background-color: rgba(0&comma;0&comma;0&comma;0.05);'>\n<div style='padding: 15px; border-bottom: 1px solid rgba(150&comma; 150&comma; 150&comma; 0.2); font-weight: bold; font-size: 18px; color: inherit;'>Caracter\u00edsticas principales:<\/div>\n<div style='padding: 15px; color: inherit;'>\n<ul style='padding-left: 20px; margin: 0;'>\n<li style='margin-bottom: 8px;'>Triple banda: <strong style='color: inherit;'>850&comma; 1900(+) y 2100(+) MHz<\/strong>.<\/li>\n<li style='margin-bottom: 8px;'>Bandas: <strong style='color: inherit;'>B5&comma; B2\/25 y B4\/66<\/strong>.<\/li>\n<li style='margin-bottom: 8px;'>68 dB de ganancia.<\/li>\n<li style='margin-bottom: 8px;'>19 dBm de potencia m\u00e1xima.<\/li>\n<li style='margin-bottom: 8px;'>Mejora llamadas y datos 2G&comma; 3G y 4G.<\/li>\n<li style='margin-bottom: 0;'>Multicompa\u00f1\u00eda&comma; multiusuario.<\/li>\n<\/ul><\/div>\n<\/p><\/div>\n<div style='flex: 1 1 250px; min-width: 280px; border-left: 5px solid currentColor; border-radius: 8px; overflow: hidden; background-color: rgba(0&comma;0&comma;0&comma;0.05);'>\n<div style='padding: 15px; border-bottom: 1px solid rgba(150&comma; 150&comma; 150&comma; 0.2); font-weight: bold; font-size: 18px; color: inherit;'>Caracter\u00edsticas generales:<\/div>\n<div style='padding: 15px; color: inherit;'>\n<ul style='padding-left: 20px; margin: 0;'>\n<li style='margin-bottom: 8px;'>Kit completo para instalaci\u00f3n inmediata.<\/li>\n<li style='margin-bottom: 8px;'>Antenas de banda ancha (exterior\/interior).<\/li>\n<li style='margin-bottom: 8px;'>Cables coaxiales RG58 incluidos.<\/li>\n<li style='margin-bottom: 8px;'>Instalaci\u00f3n simple&comma; sin configuraci\u00f3n.<\/li>\n<li style='margin-bottom: 0;'>Pantalla de monitoreo integrada.<\/li>\n<\/ul><\/div>\n<\/p><\/div>\n<div style='flex: 1 1 250px; min-width: 280px; border-left: 5px solid currentColor; border-radius: 8px; overflow: hidden; background-color: rgba(0&comma;0&comma;0&comma;0.05);'>\n<div style='padding: 15px; border-bottom: 1px solid rgba(150&comma; 150&comma; 150&comma; 0.2); font-weight: bold; font-size: 18px; color: inherit;'>Especificaciones f\u00edsicas y el\u00e9ctricas:<\/div>\n<div style='padding: 15px; color: inherit;'>\n<ul style='padding-left: 20px; margin: 0;'>\n<li style='margin-bottom: 8px;'>Bandas: 850 (B5)&comma; 1900 (B2\/25)&comma; 2100 (B4\/66) MHz.<\/li>\n<li style='margin-bottom: 8px;'>Ganancia: 68 dB \u00b1 3 dBm.<\/li>\n<li style='margin-bottom: 8px;'>Potencia: 19 dBm m\u00e1x.<\/li>\n<li style='margin-bottom: 8px;'>Consumo: &lt;6W<\/li>\n<li style='margin-bottom: 8px;'>Alimentaci\u00f3n: 5 Vcc&comma; 2 A<\/li>\n<li style='margin-bottom: 8px;'>Temperatura: -25\u00b0C a +55\u00b0C<\/li>\n<li style='margin-bottom: 8px;'>Dimensiones: 200 \u00d7 140 \u00d7 20 mm<\/li>\n<li style='margin-bottom: 0;'>Peso: &lt;1.2 kg<\/li>\n<\/ul><\/div>\n<\/p><\/div>\n<\/p><\/div>\n<div style='margin: 30px 0;'>\n<h3 style='font-size: 20px; margin-bottom: 15px; color: inherit;'>2 A\u00f1os de Garant\u00eda.<\/h3>\n<h3 style='font-size: 20px; margin-bottom: 15px; color: inherit;'>La potencia del amplificador es gracias a la se\u00f1al que recibe.<\/h3>\n<\/p><\/div>\n<div style='margin: 30px 0;'> <img style='width: 100%; height: auto; border: 1px solid rgba(150&comma;150&comma;150&comma;0.3); border-radius: 8px;' src='https:\/\/ftp3.syscom.mx\/usuarios\/amarquez\/AdSC\/Fotos%20y%20diagramas%20para%20determinar%20cobertura%20estimada..png' alt='Cobertura estimada'> <\/div>\n<h3 style='font-size: 20px; margin-bottom: 15px; color: inherit;'>NOTAS:<\/h3>\n<ul style='padding-left: 20px; margin-bottom: 30px; color: inherit;'>\n<li style='margin-bottom: 8px;'>Instale el amplificador seg\u00fan la gu\u00eda de usuario.<\/li>\n<li style='margin-bottom: 8px;'>\u00daselo s\u00f3lo para su prop\u00f3sito dise\u00f1ado.<\/li>\n<li style='margin-bottom: 8px;'>Contacte a Ingenier\u00eda en Radiocomunicaciones si tiene dudas.<\/li>\n<li style='margin-bottom: 0;'>Una mala instalaci\u00f3n puede causar interferencia.<\/li>\n<\/ul>\n<hr style='border: 0; border-top: 1px solid rgba(150&comma;150&comma;150&comma;0.3); margin: 30px 0;'> <\/div>\n","protected":false},"excerpt":{"rendered":"<p>Kit Amplificador de Se\u00f1al Celular 4G \/ Mejora las llamadas convencionales y VoLTE \/ Soporta los datos de las tecnolog\u00edas 2G, 3G y 4G de TELCEL, AT&#038;T y MOVISTAR \/ Cubre hasta 600 m2.<\/p>\n","protected":false},"featured_media":85234,"comment_status":"open","ping_status":"closed","template":"","meta":[],"product_brand":[],"product_cat":[1570,1552],"product_tag":[1535,1571,1553,935],"class_list":{"0":"post-85235","1":"product","2":"type-product","3":"status-publish","4":"has-post-thumbnail","6":"product_cat-amplificadores-de-senal-celular-adsc","7":"product_cat-cobertura-para-celular-4g-lte","8":"product_tag-3g-y-voz","9":"product_tag-amplificadores-de-senal-celular-adsc","10":"product_tag-cobertura-para-celular-4g-lte","11":"product_tag-epcom","13":"first","14":"instock","15":"sale","16":"shipping-taxable","17":"purchasable","18":"product-type-simple"},"_links":{"self":[{"href":"https:\/\/soydeaqui.ddns.net\/pachuca\/index.php\/wp-json\/wp\/v2\/product\/85235","targetHints":{"allow":["GET"]}}],"collection":[{"href":"https:\/\/soydeaqui.ddns.net\/pachuca\/index.php\/wp-json\/wp\/v2\/product"}],"about":[{"href":"https:\/\/soydeaqui.ddns.net\/pachuca\/index.php\/wp-json\/wp\/v2\/types\/product"}],"replies":[{"embeddable":true,"href":"https:\/\/soydeaqui.ddns.net\/pachuca\/index.php\/wp-json\/wp\/v2\/comments?post=85235"}],"wp:featuredmedia":[{"embeddable":true,"href":"https:\/\/soydeaqui.ddns.net\/pachuca\/index.php\/wp-json\/wp\/v2\/media\/85234"}],"wp:attachment":[{"href":"https:\/\/soydeaqui.ddns.net\/pachuca\/index.php\/wp-json\/wp\/v2\/media?parent=85235"}],"wp:term":[{"taxonomy":"product_brand","embeddable":true,"href":"https:\/\/soydeaqui.ddns.net\/pachuca\/index.php\/wp-json\/wp\/v2\/product_brand?post=85235"},{"taxonomy":"product_cat","embeddable":true,"href":"https:\/\/soydeaqui.ddns.net\/pachuca\/index.php\/wp-json\/wp\/v2\/product_cat?post=85235"},{"taxonomy":"product_tag","embeddable":true,"href":"https:\/\/soydeaqui.ddns.net\/pachuca\/index.php\/wp-json\/wp\/v2\/product_tag?post=85235"}],"curies":[{"name":"wp","href":"https:\/\/api.w.org\/{rel}","templated":true}]}}