{"id":85229,"date":"2026-03-19T21:28:22","date_gmt":"2026-03-19T21:28:22","guid":{"rendered":"https:\/\/soydeaqui.ddns.net\/pachuca\/index.php\/producto\/modulo-de-memoria-ram-ddr4-de-16-gb-ddr4-3200-mhz-rgb-para-equipo-de-escritorio-udimm\/"},"modified":"2026-03-19T21:28:31","modified_gmt":"2026-03-19T21:28:31","slug":"modulo-de-memoria-ram-ddr4-de-16-gb-ddr4-3200-mhz-rgb-para-equipo-de-escritorio-udimm","status":"publish","type":"product","link":"https:\/\/soydeaqui.ddns.net\/pachuca\/index.php\/producto\/modulo-de-memoria-ram-ddr4-de-16-gb-ddr4-3200-mhz-rgb-para-equipo-de-escritorio-udimm\/","title":{"rendered":"M\u00f3dulo de Memoria RAM DDR4 de 16 GB \/ DDR4 \/ 3200 MHz \/ RGB \/ Para Equipo de Escritorio \/ UDIMM"},"content":{"rendered":"<div style='width: 100%; max-width: 1200px; margin: 0 auto; font-family: sans-serif; line-height: 1.6; color: inherit; background-color: transparent;'> <!-- Banner --> <\/p>\n<div style='width: 100%; text-align: center; margin: 0 auto;'><img style='width: 100%; height: auto; border: 1px solid rgba(150&comma;150&comma;150&comma;0.3); border-radius: 8px;' src='https:\/\/ftp3.syscom.mx\/usuarios\/gmagos\/HIK\/storage\/Vaners\/hiksemi.png' alt='Banner' \/><\/div>\n<p> <!-- Descripci\u00f3n --> <\/p>\n<div style='display: flex; flex-direction: column; align-items: center; justify-content: center; margin: 30px 0;'>\n<div style='width: 100%; text-align: center;'>\n<h1 style='font-size: 24px; color: inherit; opacity: 0.8; margin-bottom: 20px;'>Especificaciones<\/h1>\n<\/p><\/div>\n<div style='display: flex; flex-wrap: wrap; gap: 20px; width: 100%;'>\n<div style='flex: 1 1 300px; min-width: 280px;'>\n<div style='border: 1px solid rgba(150&comma;150&comma;150&comma;0.4); border-radius: 8px; overflow: hidden; background-color: rgba(255&comma;255&comma;255&comma;0.05);'>\n<div style='padding: 15px; font-weight: bold; font-size: 18px; color: inherit; background-color: rgba(0&comma;0&comma;255&comma;0.2); border-bottom: 1px solid rgba(150&comma;150&comma;150&comma;0.3);'>Caracter\u00edsticas Principales:<\/div>\n<ul style='padding: 15px; margin: 0; font-size: 15px; color: inherit;'>\n<li style='margin-bottom: 5px;'>Capacidad: 16 GB.<\/li>\n<li style='margin-bottom: 5px;'>Interfaz: DDR4 U-DIMM 3200MHz<\/li>\n<li style='margin-bottom: 5px;'>Pin: 288<\/li>\n<li style='margin-bottom: 5px;'>Latencia CAS: CL19<\/li>\n<li style='margin-bottom: 5px;'>Temperatura de operaci\u00f3n: 0 \u00b0C a 85 \u00b0C<\/li>\n<li style='margin-bottom: 5px;'>Tama\u00f1o: 133.35 mm x 31.25 mm x 1.4 mm<\/li>\n<\/ul><\/div>\n<\/p><\/div>\n<\/p><\/div>\n<\/p><\/div>\n<p> <!-- Videos --> <\/p>\n<div style='display: flex; flex-wrap: wrap; gap: 30px; margin: 30px 0;'>\n<div style='flex: 1 1 400px; min-width: 300px;'>\n<h3 style='text-align: center; font-size: 18px; margin-top: 0; color: inherit; opacity: 0.8;'>\u00bfQui\u00e9n es HIKSEMI?<\/h3>\n<div style='position: relative; padding-bottom: 56.25%; height: 0; overflow: hidden; margin-bottom: 30px;'>   <\/div>\n<\/p><\/div>\n<div style='flex: 1 1 400px; min-width: 300px;'>\n<h3 style='text-align: center; font-size: 18px; margin-top: 0; color: inherit; opacity: 0.8;'>Unidades de Estado S\u00f3lido<\/h3>\n<div style='position: relative; padding-bottom: 56.25%; height: 0; overflow: hidden; margin-bottom: 30px;'>   <\/div>\n<\/p><\/div>\n<\/p><\/div>\n<p> <!-- Imagen 1 --> <\/p>\n<div style='position: relative; width: 100%; margin: 30px 0;'> <img style='width: 100%; height: auto; border: 1px solid rgba(150&comma;150&comma;150&comma;0.3); border-radius: 8px;' src='https:\/\/ftp3.syscom.mx\/usuarios\/gmagos\/HIK\/storage\/Pagina%20WEB\/DDR%20FUTURE\/FUTURE-RGB_01.jpg' alt='Imagen de Fondo' \/> <\/p>\n<div style='position: absolute; top: 50%; left: 50%; transform: translate(-50%&comma; -50%); padding: 20px; text-align: center;'>\n<h1 style='font-size: 28px; color: white; text-shadow: #000000 2px 2px 4px; margin-bottom: 10px;'><strong>SWORD DDR5 RGB<\/strong><\/h1>\n<h1 style='font-size: 28px; color: white; text-shadow: #000000 2px 2px 4px;'>Eleva tu experiencia de juego a nuevas alturas y disfruta de una inmersi\u00f3n incomparable.<\/h1>\n<\/p><\/div>\n<\/p><\/div>\n<p> <!-- Informaci\u00f3n 1 --> <\/p>\n<div style='display: flex; flex-wrap: wrap; gap: 30px; margin: 30px 0;'>\n<div style='flex: 1 1 300px; min-width: 280px;'> <img style='width: 100%; height: auto; border: 1px solid rgba(150&comma;150&comma;150&comma;0.3); border-radius: 8px;' src='https:\/\/ftp3.syscom.mx\/usuarios\/gmagos\/HIK\/storage\/Pagina%20WEB\/DDR%20FUTURE\/FUTURE-RGB_02.jpg' alt='Imagen 1' \/> <\/div>\n<div style='flex: 1 1 400px; min-width: 280px;'>\n<h2 style='font-size: 22px; color: inherit; margin-top: 0;'>Experiencia de juego mejorada<\/h2>\n<p style='font-size: 15px; color: inherit;'>Sum\u00e9rgete en una experiencia de juego sin igual con la nueva DDR5 de Hiksemi SWORD. Con una memoria de alta velocidad y un espectacular sistema de iluminaci\u00f3n RGB&comma; cada sesi\u00f3n de juego se convierte en una aventura \u00e9pica. \u00a1Prep\u00e1rate para disfrutar de un rendimiento superior y sum\u00e9rgete en la acci\u00f3n como nunca antes!<\/p>\n<\/p><\/div>\n<\/p><\/div>\n<p> <!-- Informaci\u00f3n 2 --> <\/p>\n<div style='display: flex; flex-wrap: wrap; gap: 30px; margin: 30px 0;'>\n<div style='flex: 1 1 400px; min-width: 280px;'>\n<h2 style='font-size: 22px; color: inherit; margin-top: 0; text-align: right;'>Potentes efectos de brillo<\/h2>\n<p style='font-size: 15px; color: inherit;'>Descubre una nueva dimensi\u00f3n de brillo y color con los potentes efectos de iluminaci\u00f3n de la tecnolog\u00eda RGB avanzada de Hiksemi SWORD. Sum\u00e9rgete en una visualizaci\u00f3n rica y vibrante&comma; donde cada efecto de iluminaci\u00f3n y cada color cautivan tus sentidos. Experimenta la verdadera magia de la iluminaci\u00f3n RGB y eleva tu experiencia de juego a un nivel completamente nuevo.<\/p>\n<\/p><\/div>\n<div style='flex: 1 1 300px; min-width: 280px; text-align: center;'> <img style='width: 100%; height: auto; border: 1px solid rgba(150&comma;150&comma;150&comma;0.3); border-radius: 8px;' src='https:\/\/ftp3.syscom.mx\/usuarios\/gmagos\/HIK\/storage\/Pagina%20WEB\/DDR%20FUTURE\/FUTURE-RGB_04.jpg' alt='Imagen 2' \/> <\/div>\n<\/p><\/div>\n<p> <!-- Imagen 2 --> <\/p>\n<div style='position: relative; width: 100%; margin: 30px 0;'> <img style='width: 100%; height: auto; border: 1px solid rgba(150&comma;150&comma;150&comma;0.3); border-radius: 8px;' src='https:\/\/ftp3.syscom.mx\/usuarios\/gmagos\/HIK\/storage\/Pagina%20WEB\/DDR%20FUTURE\/FUTURE-RGB_03.jpg' alt='Imagen de Fondo' \/> <\/p>\n<div style='position: absolute; top: 50%; left: 50%; transform: translate(-50%&comma; -50%); padding: 20px; text-align: center;'>\n<h1 style='font-size: 22px; color: white; text-shadow: #000000 2px 2px 4px; margin-bottom: 10px;'>Fabricaci\u00f3n de alta calidad y rendimiento de disipaci\u00f3n de calor<\/h1>\n<h1 style='font-size: 22px; color: white; text-shadow: #000000 2px 2px 4px; margin-bottom: 10px;'>garantiza estabilidad y rendimiento bajo cargas elevadas y reduce al mismo<\/h1>\n<h1 style='font-size: 22px; color: white; text-shadow: #000000 2px 2px 4px;'>tiempo el riesgo de sobrecalentamiento.<\/h1>\n<\/p><\/div>\n<\/p><\/div>\n<p> <!-- Banner Final --> <\/p>\n<div style='width: 100%; text-align: center; margin: 30px 0 auto;'><img style='width: 100%; height: auto; border: 1px solid rgba(150&comma;150&comma;150&comma;0.3); border-radius: 8px;' src='https:\/\/ftp3.syscom.mx\/usuarios\/gmagos\/HIK\/storage\/Vaners\/HIKSEMI-banner1.jpg' alt='Banner Final' \/><\/div>\n<p> <!-- Separador final --> <\/p>\n<hr style='border: 0; border-top: 1px solid rgba(150&comma;150&comma;150&comma;0.3); margin: 30px 0;'> <\/div>\n","protected":false},"excerpt":{"rendered":"<p>M\u00f3dulo de Memoria RAM DDR4 de 16 GB \/ DDR4 \/ 3200 MHz \/ RGB \/ Para Equipo de Escritorio \/ UDIMM<\/p>\n","protected":false},"featured_media":85228,"comment_status":"open","ping_status":"closed","template":"","meta":[],"product_brand":[],"product_cat":[1973],"product_tag":[1974,2129,1975],"class_list":{"0":"post-85229","1":"product","2":"type-product","3":"status-publish","4":"has-post-thumbnail","6":"product_cat-memorias-ram","7":"product_tag-almacenamiento","8":"product_tag-hiksemi-by-hikvision","9":"product_tag-memorias-ram","11":"first","12":"outofstock","13":"sale","14":"shipping-taxable","15":"purchasable","16":"product-type-simple"},"_links":{"self":[{"href":"https:\/\/soydeaqui.ddns.net\/pachuca\/index.php\/wp-json\/wp\/v2\/product\/85229","targetHints":{"allow":["GET"]}}],"collection":[{"href":"https:\/\/soydeaqui.ddns.net\/pachuca\/index.php\/wp-json\/wp\/v2\/product"}],"about":[{"href":"https:\/\/soydeaqui.ddns.net\/pachuca\/index.php\/wp-json\/wp\/v2\/types\/product"}],"replies":[{"embeddable":true,"href":"https:\/\/soydeaqui.ddns.net\/pachuca\/index.php\/wp-json\/wp\/v2\/comments?post=85229"}],"wp:featuredmedia":[{"embeddable":true,"href":"https:\/\/soydeaqui.ddns.net\/pachuca\/index.php\/wp-json\/wp\/v2\/media\/85228"}],"wp:attachment":[{"href":"https:\/\/soydeaqui.ddns.net\/pachuca\/index.php\/wp-json\/wp\/v2\/media?parent=85229"}],"wp:term":[{"taxonomy":"product_brand","embeddable":true,"href":"https:\/\/soydeaqui.ddns.net\/pachuca\/index.php\/wp-json\/wp\/v2\/product_brand?post=85229"},{"taxonomy":"product_cat","embeddable":true,"href":"https:\/\/soydeaqui.ddns.net\/pachuca\/index.php\/wp-json\/wp\/v2\/product_cat?post=85229"},{"taxonomy":"product_tag","embeddable":true,"href":"https:\/\/soydeaqui.ddns.net\/pachuca\/index.php\/wp-json\/wp\/v2\/product_tag?post=85229"}],"curies":[{"name":"wp","href":"https:\/\/api.w.org\/{rel}","templated":true}]}}