{"id":85116,"date":"2026-03-19T21:23:23","date_gmt":"2026-03-19T21:23:23","guid":{"rendered":"https:\/\/soydeaqui.ddns.net\/pachuca\/index.php\/producto\/modulo-de-memoria-ram-ddr4-de-8-gb-3200-mhz-para-laptop-o-nas-sodimm\/"},"modified":"2026-03-19T21:23:29","modified_gmt":"2026-03-19T21:23:29","slug":"modulo-de-memoria-ram-ddr4-de-8-gb-3200-mhz-para-laptop-o-nas-sodimm","status":"publish","type":"product","link":"https:\/\/soydeaqui.ddns.net\/pachuca\/index.php\/producto\/modulo-de-memoria-ram-ddr4-de-8-gb-3200-mhz-para-laptop-o-nas-sodimm\/","title":{"rendered":"M\u00f3dulo de Memoria RAM DDR4 de 8 GB \/ 3200 MHz \/ Para Laptop o NAS \/ SODIMM"},"content":{"rendered":"<div style='width: 100%; max-width: 1200px; margin: 0 auto; font-family: sans-serif; line-height: 1.6; color: inherit; background-color: transparent;'> <!-- Banner --> <\/p>\n<div style='width: 100%; max-width: 1200px; margin: 0 auto; margin-bottom: 30px;'> <img style='width: 100%; height: auto; border: 1px solid rgba(150&comma;150&comma;150&comma;0.3); border-radius: 8px;' src='https:\/\/ftp3.syscom.mx\/usuarios\/gmagos\/HIK\/storage\/Vaners\/hiksemi.png' alt='Banner'> <\/div>\n<p> <!-- Caracter\u00edsticas Principales --> <\/p>\n<div style='display: flex; flex-wrap: wrap; gap: 30px; margin-bottom: 30px;'>\n<div style='flex: 1 1 300px; min-width: 280px;'>\n<h3 style='font-size: 22px; border-bottom: 2px solid currentColor; padding-bottom: 5px; margin-top: 0; color: inherit; opacity: 0.8;'>Caracter\u00edsticas Principales:<\/h3>\n<ul style='padding-left: 20px; font-size: 15px; color: inherit;'>\n<li style='margin-bottom: 5px;'>Capacidad: 8 GB.<\/li>\n<li style='margin-bottom: 5px;'>Interfaz: DDR4 SODIMM 3200MHz<\/li>\n<li style='margin-bottom: 5px;'>Pin: 260<\/li>\n<li style='margin-bottom: 5px;'>Latencia CAS: CL19<\/li>\n<li style='margin-bottom: 5px;'>Temperatura de operaci\u00f3n: 0 \u00b0C a 85 \u00b0C<\/li>\n<li style='margin-bottom: 5px;'>Tama\u00f1o: 70 \u00d7 30 \u00d7 1.3mm<\/li>\n<\/ul><\/div>\n<\/p><\/div>\n<p> <!-- Videos --> <\/p>\n<div style='display: flex; flex-wrap: wrap; gap: 30px; margin-bottom: 30px;'>\n<div style='flex: 1 1 400px; min-width: 300px;'>\n<h3 style='font-size: 20px; margin-top: 0; margin-bottom: 15px; color: inherit; opacity: 0.8;'>\u00bfQuien es HIKSEMI?<\/h3>\n<div style='position: relative; padding-bottom: 56.25%; height: 0; overflow: hidden; margin-bottom: 30px;'>   <\/div>\n<\/p><\/div>\n<div style='flex: 1 1 400px; min-width: 300px;'>\n<h3 style='font-size: 20px; margin-top: 0; margin-bottom: 15px; color: inherit; opacity: 0.8;'>Unidades de Estado S\u00f3lido<\/h3>\n<div style='position: relative; padding-bottom: 56.25%; height: 0; overflow: hidden; margin-bottom: 30px;'>   <\/div>\n<\/p><\/div>\n<\/p><\/div>\n<p> <!-- Imagen destacada con overlay --> <\/p>\n<div style='position: relative; width: 100%; max-width: 1200px; margin: 0 auto 30px; overflow: hidden; border-radius: 8px;'> <img style='width: 100%; height: auto; border: 1px solid rgba(150&comma;150&comma;150&comma;0.3); border-radius: 8px;' src='https:\/\/ftp3.syscom.mx\/usuarios\/gmagos\/HIK\/storage\/Pagina%20WEB\/RAM%20SODIMM\/1%20RAM.jpg' alt='Imagen de Fondo'> <\/p>\n<div style='position: absolute; top: 50%; left: 50%; transform: translate(-50%&comma; -50%); text-align: center; padding: 20px; background: rgba(0&comma;0&comma;0&comma;0.5); border-radius: 8px;'>\n<h1 style='font-size: 29px; color: white; margin: 0; text-shadow: #000000 2px 2px 4px;'><strong>Memoria SODIMM<\/strong><\/h1>\n<h1 style='font-size: 27px; color: white; margin-top: 10px; text-shadow: #000000 2px 2px 4px;'>Mismo Port\u00e1til&comma; Nueva Eficiencia<\/h1>\n<\/p><\/div>\n<\/p><\/div>\n<p> <!-- Informaci\u00f3n 1 --> <\/p>\n<div style='display: flex; flex-wrap: wrap; gap: 30px; margin-bottom: 30px;'>\n<div style='flex: 1 1 400px; min-width: 300px;'> <img style='width: 100%; height: auto; border: 1px solid rgba(150&comma;150&comma;150&comma;0.3); border-radius: 8px;' src='https:\/\/ftp3.syscom.mx\/usuarios\/gmagos\/HIK\/storage\/Pagina%20WEB\/RAM%20SODIMM\/1%20RAM.jpg' alt='Estable y Confiable'> <\/div>\n<div style='flex: 1 1 400px; min-width: 300px;'>\n<h3 style='font-size: 22px; margin-top: 0; margin-bottom: 15px; color: inherit; opacity: 0.8;'>Estable y Confiable<\/h3>\n<p style='font-size: 15px; color: inherit;'>Nuestras memorias RAM DDR4 SODIMM est\u00e1n dise\u00f1adas para ofrecer estabilidad y confiabilidad excepcionales. Con rigurosas pruebas y controles de calidad en cada etapa de la fabricaci\u00f3n&comma; garantizamos que nuestras memorias RAM cumplan con los m\u00e1s altos est\u00e1ndares de fiabilidad. Ya sea que est\u00e9s trabajando en proyectos importantes&comma; jugando a tus videojuegos favoritos o ejecutando aplicaciones de dise\u00f1o intensivas&comma; nuestras memorias RAM mantendr\u00e1n un rendimiento estable en todo momento.<\/p>\n<\/p><\/div>\n<\/p><\/div>\n<p> <!-- Informaci\u00f3n 2 --> <\/p>\n<div style='display: flex; flex-wrap: wrap; gap: 30px; margin-bottom: 30px;'>\n<div style='flex: 1 1 400px; min-width: 300px;'>\n<h3 style='font-size: 22px; margin-top: 0; margin-bottom: 15px; color: inherit; opacity: 0.8;'>Simple pero de Alta Calidad<\/h3>\n<p style='font-size: 15px; color: inherit;'>Ofrecen un rendimiento excepcional y confiabilidad inquebrantable. Seleccionadas con cuidado&comma; sus chips IC garantizan un rendimiento estable para tareas cotidianas y aplicaciones intensivas. Rigurosas pruebas de calidad aseguran la estabilidad en cualquier escenario. Con una garant\u00eda de satisfacci\u00f3n del cliente&comma; son la elecci\u00f3n perfecta para mejorar el rendimiento del sistema y disfrutar de una experiencia inform\u00e1tica excepcional.<\/p>\n<\/p><\/div>\n<div style='flex: 1 1 400px; min-width: 300px;'> <img style='width: 100%; height: auto; border: 1px solid rgba(150&comma;150&comma;150&comma;0.3); border-radius: 8px;' src='https:\/\/ftp3.syscom.mx\/usuarios\/gmagos\/HIK\/storage\/Pagina%20WEB\/RAM%20SODIMM\/2%20RAM.jpg' alt='Simple pero de Alta Calidad'> <\/div>\n<\/p><\/div>\n<p> <!-- Imagen 2 --> <\/p>\n<div style='width: 100%; max-width: 1200px; margin: 0 auto 30px;'> <img style='width: 100%; height: auto; border: 1px solid rgba(150&comma;150&comma;150&comma;0.3); border-radius: 8px;' src='https:\/\/ftp3.syscom.mx\/usuarios\/gmagos\/HIK\/storage\/Pagina%20WEB\/RAM%20SODIMM\/4%20RAM.png' alt='Imagen 2'> <\/div>\n<p> <!-- Banner Final --> <\/p>\n<div style='width: 100%; max-width: 1200px; margin: 0 auto 30px;'> <img style='width: 100%; height: auto; border: 1px solid rgba(150&comma;150&comma;150&comma;0.3); border-radius: 8px;' src='https:\/\/ftp3.syscom.mx\/usuarios\/gmagos\/HIK\/storage\/Vaners\/HIKSEMI-banner1.jpg' alt='Banner Final'> <\/div>\n<\/p><\/div>\n","protected":false},"excerpt":{"rendered":"<p>M\u00f3dulo de Memoria RAM DDR4 de 8 GB \/ 3200 MHz \/ Para Laptop o NAS \/ SODIMM<\/p>\n","protected":false},"featured_media":85115,"comment_status":"open","ping_status":"closed","template":"","meta":[],"product_brand":[],"product_cat":[1973],"product_tag":[1974,2129,1975],"class_list":{"0":"post-85116","1":"product","2":"type-product","3":"status-publish","4":"has-post-thumbnail","6":"product_cat-memorias-ram","7":"product_tag-almacenamiento","8":"product_tag-hiksemi-by-hikvision","9":"product_tag-memorias-ram","11":"first","12":"instock","13":"sale","14":"shipping-taxable","15":"purchasable","16":"product-type-simple"},"_links":{"self":[{"href":"https:\/\/soydeaqui.ddns.net\/pachuca\/index.php\/wp-json\/wp\/v2\/product\/85116","targetHints":{"allow":["GET"]}}],"collection":[{"href":"https:\/\/soydeaqui.ddns.net\/pachuca\/index.php\/wp-json\/wp\/v2\/product"}],"about":[{"href":"https:\/\/soydeaqui.ddns.net\/pachuca\/index.php\/wp-json\/wp\/v2\/types\/product"}],"replies":[{"embeddable":true,"href":"https:\/\/soydeaqui.ddns.net\/pachuca\/index.php\/wp-json\/wp\/v2\/comments?post=85116"}],"wp:featuredmedia":[{"embeddable":true,"href":"https:\/\/soydeaqui.ddns.net\/pachuca\/index.php\/wp-json\/wp\/v2\/media\/85115"}],"wp:attachment":[{"href":"https:\/\/soydeaqui.ddns.net\/pachuca\/index.php\/wp-json\/wp\/v2\/media?parent=85116"}],"wp:term":[{"taxonomy":"product_brand","embeddable":true,"href":"https:\/\/soydeaqui.ddns.net\/pachuca\/index.php\/wp-json\/wp\/v2\/product_brand?post=85116"},{"taxonomy":"product_cat","embeddable":true,"href":"https:\/\/soydeaqui.ddns.net\/pachuca\/index.php\/wp-json\/wp\/v2\/product_cat?post=85116"},{"taxonomy":"product_tag","embeddable":true,"href":"https:\/\/soydeaqui.ddns.net\/pachuca\/index.php\/wp-json\/wp\/v2\/product_tag?post=85116"}],"curies":[{"name":"wp","href":"https:\/\/api.w.org\/{rel}","templated":true}]}}