{"id":85093,"date":"2026-03-19T21:22:20","date_gmt":"2026-03-19T21:22:20","guid":{"rendered":"https:\/\/soydeaqui.ddns.net\/pachuca\/index.php\/producto\/modulo-de-memoria-ram-ddr5-de-32-gb-6400-mhz-rgb-para-equipo-de-escritorio-udimm\/"},"modified":"2026-03-19T21:22:27","modified_gmt":"2026-03-19T21:22:27","slug":"modulo-de-memoria-ram-ddr5-de-32-gb-6400-mhz-rgb-para-equipo-de-escritorio-udimm","status":"publish","type":"product","link":"https:\/\/soydeaqui.ddns.net\/pachuca\/index.php\/producto\/modulo-de-memoria-ram-ddr5-de-32-gb-6400-mhz-rgb-para-equipo-de-escritorio-udimm\/","title":{"rendered":"M\u00f3dulo de Memoria RAM DDR5 de 32 GB \/ 6400 MHz \/ RGB \/ Para Equipo de Escritorio \/ UDIMM"},"content":{"rendered":"<div style='width: 100%; max-width: 1200px; margin: 0 auto; font-family: sans-serif; line-height: 1.6; color: inherit; background-color: transparent;'> <!-- Banner principal --> <\/p>\n<div style='text-align: center; margin: 20px 0;'> <img style='width: 100%; height: auto; border: 1px solid rgba(150&comma;150&comma;150&comma;0.3); border-radius: 8px;' src='https:\/\/ftp3.syscom.mx\/usuarios\/gmagos\/HIK\/storage\/Vaners\/hiksemi.png' alt='Banner'> <\/div>\n<p> <!-- Descripci\u00f3n general --> <\/p>\n<div style='margin-bottom: 30px;'>\n<p style='font-size: 18px; line-height: 1.6; margin-bottom: 15px;'>El m\u00f3dulo de memoria HIKSEMI FUTURE UDIMM DDR5 est\u00e1 fabricado con chips DRAM de alta calidad y utiliza tecnolog\u00eda de producci\u00f3n avanzada para ofrecer una mayor compatibilidad&comma; estabilidad y relaci\u00f3n calidad-precio.<\/p>\n<p style='font-size: 18px; line-height: 1.6; margin-bottom: 15px;'>Es ideal para ensamblajes de PC y diversas aplicaciones de sistemas que requieren alto ancho de banda y m\u00e1ximo rendimiento&comma; garantizando un funcionamiento estable y superior.<\/p>\n<\/p><\/div>\n<p> <!-- Especificaciones t\u00e9cnicas --> <\/p>\n<h2 style='font-size: 24px; font-weight: 600; margin-bottom: 20px; border-bottom: 2px solid currentColor; padding-bottom: 5px; color: inherit; opacity: 0.8;'>Especificaciones T\u00e9cnicas<\/h2>\n<div style='display: flex; flex-wrap: wrap; gap: 20px; margin-bottom: 30px;'>\n<div style='flex: 1 1 300px; min-width: 280px; border: 1px solid rgba(150&comma; 150&comma; 150&comma; 0.4); border-radius: 8px; overflow: hidden; display: flex; flex-direction: column;'>\n<div style='padding: 15px; border-bottom: 1px solid rgba(150&comma; 150&comma; 150&comma; 0.2); font-weight: bold; font-size: 18px; color: inherit;'>Caracter\u00edsticas Principales<\/div>\n<div style='padding: 15px; color: inherit;'>\n<ul style='padding-left: 20px; margin: 0; font-size: 14px; list-style-type: disc;'>\n<li style='margin-bottom: 5px;'>Capacidad: 32GB<\/li>\n<li style='margin-bottom: 5px;'>Interfaz: DDR5<\/li>\n<li style='margin-bottom: 5px;'>Frecuencia: 6400MHz<\/li>\n<li style='margin-bottom: 5px;'>Voltaje: 1.5V<\/li>\n<li style='margin-bottom: 5px;'>Latencia Secuencial CL: CL36<\/li>\n<li style='margin-bottom: 5px;'>Pines: 288<\/li>\n<li style='margin-bottom: 5px;'>Dimensiones del PCB: 133.25 x 31.25 x 3.77 mm<\/li>\n<li style='margin-bottom: 5px;'>Temperatura de Operaci\u00f3n: 0 \u00b0C a 85 \u00b0C<\/li>\n<li style='margin-bottom: 5px;'>Peso: 70g<\/li>\n<\/ul><\/div>\n<\/p><\/div>\n<div style='flex: 1 1 300px; min-width: 280px; border: 1px solid rgba(150&comma; 150&comma; 150&comma; 0.4); border-radius: 8px; overflow: hidden; display: flex; flex-direction: column;'>\n<div style='padding: 15px; border-bottom: 1px solid rgba(150&comma; 150&comma; 150&comma; 0.2); font-weight: bold; font-size: 18px; color: inherit;'>Funcionalidades<\/div>\n<div style='padding: 15px; color: inherit;'>\n<ul style='padding-left: 20px; margin: 0; font-size: 14px; list-style-type: disc;'>\n<li style='margin-bottom: 5px;'>Compatible con XMP y EXPO para overclocking<\/li>\n<li style='margin-bottom: 5px;'>Optimizado para mejor compatibilidad<\/li>\n<li style='margin-bottom: 5px;'>Garant\u00eda limitada de por vida<\/li>\n<\/ul><\/div>\n<\/p><\/div>\n<\/p><\/div>\n<p> <!-- Especificaciones avanzadas --> <\/p>\n<h2 style='font-size: 24px; font-weight: 600; margin-bottom: 20px; border-bottom: 2px solid currentColor; padding-bottom: 5px; color: inherit; opacity: 0.8;'>Especificaciones Avanzadas<\/h2>\n<div style='display: flex; flex-wrap: wrap; gap: 20px; margin-bottom: 30px;'>\n<div style='flex: 1 1 300px; min-width: 280px; border: 1px solid rgba(150&comma; 150&comma; 150&comma; 0.4); border-radius: 8px; overflow: hidden; display: flex; flex-direction: column;'>\n<div style='padding: 15px; border-bottom: 1px solid rgba(150&comma; 150&comma; 150&comma; 0.2); font-weight: bold; font-size: 18px; color: inherit;'>Interfaces y Conectividad<\/div>\n<div style='padding: 15px; color: inherit;'>\n<ul style='padding-left: 20px; margin: 0; font-size: 14px; list-style-type: disc;'>\n<li style='margin-bottom: 5px;'>Interfaz DDR5<\/li>\n<li style='margin-bottom: 5px;'>Soporte XMP 3.0 y AMD EXPO<\/li>\n<\/ul><\/div>\n<\/p><\/div>\n<div style='flex: 1 1 300px; min-width: 280px; border: 1px solid rgba(150&comma; 150&comma; 150&comma; 0.4); border-radius: 8px; overflow: hidden; display: flex; flex-direction: column;'>\n<div style='padding: 15px; border-bottom: 1px solid rgba(150&comma; 150&comma; 150&comma; 0.2); font-weight: bold; font-size: 18px; color: inherit;'>Requisitos y Compatibilidad<\/div>\n<div style='padding: 15px; color: inherit;'>\n<ul style='padding-left: 20px; margin: 0; font-size: 14px; list-style-type: disc;'>\n<li style='margin-bottom: 5px;'>Compatible con m\u00faltiples modelos de motherboard y CPU<\/li>\n<li style='margin-bottom: 5px;'>Verificaci\u00f3n necesaria para soporte de especificaciones DRAM en placa base y CPU<\/li>\n<\/ul><\/div>\n<\/p><\/div>\n<\/p><\/div>\n<p> <!-- Secci\u00f3n de videos --> <\/p>\n<h2 style='font-size: 24px; font-weight: 600; margin-bottom: 20px; border-bottom: 2px solid currentColor; padding-bottom: 5px; color: inherit; opacity: 0.8;'>Contenido Multimedia<\/h2>\n<div style='display: flex; flex-wrap: wrap; gap: 20px; margin-bottom: 30px;'>\n<div style='flex: 1 1 400px; min-width: 300px;'>\n<h3 style='text-align: center; font-size: 20px; margin-bottom: 10px; color: inherit;'>\u00bfQui\u00e9n es HIKSEMI?<\/h3>\n<div style='position: relative; padding-bottom: 56.25%; height: 0; overflow: hidden;'>   <\/div>\n<\/p><\/div>\n<div style='flex: 1 1 400px; min-width: 300px;'>\n<h3 style='text-align: center; font-size: 20px; margin-bottom: 10px; color: inherit;'>Unidades de Estado S\u00f3lido<\/h3>\n<div style='position: relative; padding-bottom: 56.25%; height: 0; overflow: hidden;'>   <\/div>\n<\/p><\/div>\n<\/p><\/div>\n<p> <!-- Imagen destacada 1 --> <\/p>\n<div style='position: relative; width: 100%; margin: 30px 0;'> <img style='width: 100%; height: auto; border: 1px solid rgba(150&comma;150&comma;150&comma;0.3); border-radius: 8px;' src='https:\/\/ftp3.syscom.mx\/usuarios\/gmagos\/HIK\/storage\/Pagina%20WEB\/DDR%20FUTURE\/FUTURE-RGB_01.jpg' alt='SWORD DDR5 RGB'> <\/p>\n<div style='position: absolute; top: 20px; left: 20px; right: 20px; padding: 20px; background: rgba(0&comma;0&comma;0&comma;0.5); border-radius: 8px;'>\n<h1 style='font-size: 28px; color: white; text-shadow: #000000 2px 2px 4px; text-align: center; margin-bottom: 10px;'><strong>SWORD DDR5 RGB<\/strong><\/h1>\n<h2 style='font-size: 24px; color: white; text-shadow: #000000 2px 2px 4px; text-align: center; margin-bottom: 0;'>Eleva tu experiencia de juego a nuevas alturas y disfruta de una inmersi\u00f3n incomparable.<\/h2>\n<\/p><\/div>\n<\/p><\/div>\n<p> <!-- Informaci\u00f3n detallada --> <\/p>\n<div style='display: flex; flex-wrap: wrap; gap: 30px; margin-bottom: 30px;'>\n<div style='flex: 1 1 400px; min-width: 280px;'> <img style='width: 100%; height: auto; border: 1px solid rgba(150&comma;150&comma;150&comma;0.3); border-radius: 8px; margin-bottom: 15px;' src='https:\/\/ftp3.syscom.mx\/usuarios\/gmagos\/HIK\/storage\/Pagina%20WEB\/DDR%20FUTURE\/FUTURE-RGB_02.jpg' alt='Imagen 1'> <\/div>\n<div style='flex: 1 1 400px; min-width: 280px;'>\n<h3 style='font-size: 22px; margin-top: 0; margin-bottom: 15px; color: inherit;'>Experiencia de juego mejorada<\/h3>\n<p style='font-size: 15px; line-height: 1.6; color: inherit;'>Sum\u00e9rgete en una experiencia de juego sin igual con la nueva DDR5 de Hiksemi SWORD. Con una memoria de alta velocidad y un espectacular sistema de iluminaci\u00f3n RGB&comma; cada sesi\u00f3n de juego se convierte en una aventura \u00e9pica. \u00a1Prep\u00e1rate para disfrutar de un rendimiento superior y sum\u00e9rgete en la acci\u00f3n como nunca antes!<\/p>\n<\/p><\/div>\n<\/p><\/div>\n<p> <!-- Informaci\u00f3n detallada 2 --> <\/p>\n<div style='display: flex; flex-wrap: wrap; gap: 30px; margin-bottom: 30px;'>\n<div style='flex: 1 1 400px; min-width: 280px;'>\n<h3 style='font-size: 22px; margin-top: 0; margin-bottom: 15px; color: inherit;'>Potentes efectos de brillo<\/h3>\n<p style='font-size: 15px; line-height: 1.6; color: inherit;'>Descubre una nueva dimensi\u00f3n de brillo y color con los potentes efectos de iluminaci\u00f3n de la tecnolog\u00eda RGB avanzada de Hiksemi SWORD. Sum\u00e9rgete en una visualizaci\u00f3n rica y vibrante&comma; donde cada efecto de iluminaci\u00f3n y cada color cautivan tus sentidos. Experimenta la verdadera magia de la iluminaci\u00f3n RGB y eleva tu experiencia de juego a un nivel completamente nuevo.<\/p>\n<\/p><\/div>\n<div style='flex: 1 1 400px; min-width: 280px;'> <img style='width: 100%; height: auto; border: 1px solid rgba(150&comma;150&comma;150&comma;0.3); border-radius: 8px;' src='https:\/\/ftp3.syscom.mx\/usuarios\/gmagos\/HIK\/storage\/Pagina%20WEB\/DDR%20FUTURE\/FUTURE-RGB_04.jpg' alt='Imagen 2'> <\/div>\n<\/p><\/div>\n<p> <!-- Imagen destacada 2 --> <\/p>\n<div style='position: relative; width: 100%; margin: 30px 0;'> <img style='width: 100%; height: auto; border: 1px solid rgba(150&comma;150&comma;150&comma;0.3); border-radius: 8px;' src='https:\/\/ftp3.syscom.mx\/usuarios\/gmagos\/HIK\/storage\/Pagina%20WEB\/DDR%20FUTURE\/FUTURE-RGB_03.jpg' alt='Fabricaci\u00f3n de alta calidad'> <\/p>\n<div style='position: absolute; top: 20px; left: 20px; right: 20px; padding: 15px; background: rgba(0&comma;0&comma;0&comma;0.5); border-radius: 8px;'>\n<h3 style='font-size: 18px; color: white; text-shadow: #000000 2px 2px 4px; text-align: center; margin-bottom: 5px;'>Fabricaci\u00f3n de alta calidad y rendimiento de disipaci\u00f3n de calor<\/h3>\n<p style='font-size: 16px; color: white; text-shadow: #000000 2px 2px 4px; text-align: center; margin: 0;'>garantiza estabilidad y rendimiento bajo cargas elevadas y reduce al mismo<\/p>\n<p style='font-size: 16px; color: white; text-shadow: #000000 2px 2px 4px; text-align: center; margin-top: 0;'>tiempo el riesgo de sobrecalentamiento.<\/p>\n<\/p><\/div>\n<\/p><\/div>\n<p> <!-- Banner final --> <\/p>\n<div style='text-align: center; margin: 30px 0;'> <img style='width: 100%; height: auto; border: 1px solid rgba(150&comma;150&comma;150&comma;0.3); border-radius: 8px;' src='https:\/\/ftp3.syscom.mx\/usuarios\/gmagos\/HIK\/storage\/Vaners\/HIKSEMI-banner1.jpg' alt='Banner Final'> <\/div>\n<\/p><\/div>\n","protected":false},"excerpt":{"rendered":"<p>M\u00f3dulo de Memoria RAM DDR5 de 32 GB \/ 6400 MHz \/ RGB \/ Para Equipo de Escritorio \/ UDIMM<\/p>\n","protected":false},"featured_media":85092,"comment_status":"open","ping_status":"closed","template":"","meta":[],"product_brand":[],"product_cat":[1973],"product_tag":[1974,2129,1975],"class_list":{"0":"post-85093","1":"product","2":"type-product","3":"status-publish","4":"has-post-thumbnail","6":"product_cat-memorias-ram","7":"product_tag-almacenamiento","8":"product_tag-hiksemi-by-hikvision","9":"product_tag-memorias-ram","11":"first","12":"outofstock","13":"sale","14":"shipping-taxable","15":"purchasable","16":"product-type-simple"},"_links":{"self":[{"href":"https:\/\/soydeaqui.ddns.net\/pachuca\/index.php\/wp-json\/wp\/v2\/product\/85093","targetHints":{"allow":["GET"]}}],"collection":[{"href":"https:\/\/soydeaqui.ddns.net\/pachuca\/index.php\/wp-json\/wp\/v2\/product"}],"about":[{"href":"https:\/\/soydeaqui.ddns.net\/pachuca\/index.php\/wp-json\/wp\/v2\/types\/product"}],"replies":[{"embeddable":true,"href":"https:\/\/soydeaqui.ddns.net\/pachuca\/index.php\/wp-json\/wp\/v2\/comments?post=85093"}],"wp:featuredmedia":[{"embeddable":true,"href":"https:\/\/soydeaqui.ddns.net\/pachuca\/index.php\/wp-json\/wp\/v2\/media\/85092"}],"wp:attachment":[{"href":"https:\/\/soydeaqui.ddns.net\/pachuca\/index.php\/wp-json\/wp\/v2\/media?parent=85093"}],"wp:term":[{"taxonomy":"product_brand","embeddable":true,"href":"https:\/\/soydeaqui.ddns.net\/pachuca\/index.php\/wp-json\/wp\/v2\/product_brand?post=85093"},{"taxonomy":"product_cat","embeddable":true,"href":"https:\/\/soydeaqui.ddns.net\/pachuca\/index.php\/wp-json\/wp\/v2\/product_cat?post=85093"},{"taxonomy":"product_tag","embeddable":true,"href":"https:\/\/soydeaqui.ddns.net\/pachuca\/index.php\/wp-json\/wp\/v2\/product_tag?post=85093"}],"curies":[{"name":"wp","href":"https:\/\/api.w.org\/{rel}","templated":true}]}}