{"id":85074,"date":"2026-03-19T21:21:31","date_gmt":"2026-03-19T21:21:31","guid":{"rendered":"https:\/\/soydeaqui.ddns.net\/pachuca\/index.php\/producto\/unifi-flex-utility-pro-gabinete-universal-para-exteriores-ipx6-resistente-a-la-intemperie-disenado-para-montaje-en-pared-o-poste\/"},"modified":"2026-03-19T21:21:45","modified_gmt":"2026-03-19T21:21:45","slug":"unifi-flex-utility-pro-gabinete-universal-para-exteriores-ipx6-resistente-a-la-intemperie-disenado-para-montaje-en-pared-o-poste","status":"publish","type":"product","link":"https:\/\/soydeaqui.ddns.net\/pachuca\/index.php\/producto\/unifi-flex-utility-pro-gabinete-universal-para-exteriores-ipx6-resistente-a-la-intemperie-disenado-para-montaje-en-pared-o-poste\/","title":{"rendered":"UniFi Flex Utility Pro \u2013 Gabinete Universal para Exteriores IPX6 Resistente a la Intemperie, Dise\u00f1ado para Montaje en Pared o Poste"},"content":{"rendered":"<div style='width: 100%; max-width: 1200px; margin: 0 auto; font-family: sans-serif; line-height: 1.6; color: inherit; background-color: transparent;'> <!-- Hero section --> <\/p>\n<div style='display: flex; flex-wrap: wrap; gap: 30px; align-items: center; border: 1px solid rgba(150&comma;150&comma;150&comma;0.3); border-radius: 12px; padding: 20px; margin-bottom: 30px;'>\n<div style='flex: 1 1 320px; min-width: 280px;'> <!-- Video container --> <\/p>\n<div style='position: relative; padding-bottom: 56.25%; height: 0; overflow: hidden; margin-bottom: 16px;'> <video style='position: absolute; top: 0; left: 0; width: 100%; height: 100%; border: 1px solid rgba(150&comma;150&comma;150&comma;0.3); border-radius: 12px;' autoplay muted loop playsinline><source src='https:\/\/ftp3.syscom.mx\/usuarios\/adiaz\/Ubiquiti\/Imagenes\/UtilityPRO\/loop.mp4' type='video\/mp4'><!-- Fallback image --> <img style='width: 100%; height: auto; border: 1px solid rgba(150&comma;150&comma;150&comma;0.3); border-radius: 12px;' src='https:\/\/ftp3.syscom.mx\/usuarios\/adiaz\/Ubiquiti\/Imagenes\/UtilityPRO\/fallback.png' alt='Ubiquiti UACC-Flex-Utility-Pro'><\/video> <\/div>\n<\/p><\/div>\n<div style='flex: 1 1 360px; min-width: 280px;'>\n<h2 style='font-size: 24px; margin-top: 0; margin-bottom: 10px; color: inherit;'>Flex Utility Pro<\/h2>\n<div style='margin-bottom: 15px; font-weight: 600; color: inherit; opacity: 0.8;'>Modelo: <span style='font-weight: 700; opacity: 1; color: inherit;'>UACC-Flex-Utility-Pro<\/span><\/div>\n<p style='margin: 0; color: inherit; font-size: 15px;'>Caja Universal para exteriores resistente a la intemperie. Proteja sus equipos de red en cualquier entorno con esta caja vers\u00e1til y duradera&comma; dise\u00f1ada para montaje en pared y poste.<\/p>\n<\/p><\/div>\n<\/p><\/div>\n<p> <!-- Especificaciones section --> <\/p>\n<div style='text-align: center; margin: 40px 0 20px;'> <span style='font-size: 20px; font-weight: 700; color: inherit;'>Especificaciones<\/span> <\/div>\n<p> <!-- Features grid --> <\/p>\n<div style='display: flex; flex-wrap: wrap; gap: 20px; margin-bottom: 30px;'> <!-- Card: F\u00edsicas y el\u00e9ctricas --> <\/p>\n<div style='flex: 1 1 250px; border: 1px solid rgba(150&comma;150&comma;150&comma;0.4); border-radius: 8px; overflow: hidden; display: flex; flex-direction: column;'>\n<div style='padding: 15px; border-bottom: 1px solid rgba(150&comma;150&comma;150&comma;0.2); font-weight: bold; font-size: 18px; color: inherit;'>Caracter\u00edsticas f\u00edsicas y el\u00e9ctricas<\/div>\n<div style='padding: 15px; color: inherit;'>\n<ul style='padding-left: 20px; margin: 0; font-size: 14px; list-style-type: disc;'>\n<li style='margin-bottom: 5px;'><strong>Dimensiones<\/strong>: 350 x 220 x 89 mm (13.8 x 8.7 x 3.5&#8242;)<\/li>\n<li style='margin-bottom: 5px;'><strong>Peso<\/strong>: 1.6 kg<\/li>\n<li style='margin-bottom: 5px;'><strong>Material de la carcasa<\/strong>: Policarbonato.<\/li>\n<li style='margin-bottom: 5px;'><strong>Resistencia a la intemperie<\/strong>: IPX6<\/li>\n<\/ul><\/div>\n<\/p><\/div>\n<p> <!-- Card: Compatibilidad --> <\/p>\n<div style='flex: 1 1 250px; border: 1px solid rgba(150&comma;150&comma;150&comma;0.4); border-radius: 8px; overflow: hidden; display: flex; flex-direction: column;'>\n<div style='padding: 15px; border-bottom: 1px solid rgba(150&comma;150&comma;150&comma;0.2); font-weight: bold; font-size: 18px; color: inherit;'>Compatibilidad<\/div>\n<div style='padding: 15px; color: inherit;'>\n<ul style='padding-left: 20px; margin: 0; font-size: 14px; list-style-type: disc;'>\n<li style='margin-bottom: 5px;'><strong>USW-Ultra<\/strong><\/li>\n<li style='margin-bottom: 5px;'><strong>USW-Ultra-60W<\/strong><\/li>\n<li style='margin-bottom: 5px;'><strong>USW-Ultra-210W<\/strong><\/li>\n<li style='margin-bottom: 5px;'><strong>USW-Flex<\/strong><\/li>\n<li style='margin-bottom: 5px;'><strong>USW-Flex-2.5G-8<\/strong><\/li>\n<li style='margin-bottom: 5px;'><strong>USW-Flex-2.5G-8-PoE<\/strong><\/li>\n<\/ul><\/div>\n<\/p><\/div>\n<\/p><\/div>\n<p> <!-- Separador --> <\/p>\n<hr style='border: 0; border-top: 1px solid rgba(150&comma;150&comma;150&comma;0.3); margin: 30px 0;'> <!-- Contenido del paquete --> <\/p>\n<div style='margin-top: 30px;'>\n<h3 style='font-size: 20px; margin-bottom: 15px; color: inherit; font-weight: 600; text-align: center;'>Contenido del Paquete<\/h3>\n<p> <img style='width: 100%; height: auto; border: 1px solid rgba(150&comma;150&comma;150&comma;0.3); border-radius: 8px;' src='https:\/\/ftp3.syscom.mx\/usuarios\/adiaz\/Ubiquiti\/Imagenes\/UtilityPRO\/contenido.png' alt='Contenido del Paquete UACC-Flex-Utility-Pro'> <\/div>\n<\/p><\/div>\n","protected":false},"excerpt":{"rendered":"<p>UniFi Flex Utility Pro \u2013 Gabinete Universal para Exteriores IPX6 Resistente a la Intemperie, Dise\u00f1ado para Montaje en Pared o Poste<\/p>\n","protected":false},"featured_media":85073,"comment_status":"open","ping_status":"closed","template":"","meta":[],"product_brand":[],"product_cat":[1970],"product_tag":[664,1971,166],"class_list":{"0":"post-85074","1":"product","2":"type-product","3":"status-publish","4":"has-post-thumbnail","6":"product_cat-switches","7":"product_tag-networking","8":"product_tag-switches","9":"product_tag-ubiquiti","11":"first","12":"instock","13":"sale","14":"shipping-taxable","15":"purchasable","16":"product-type-simple"},"_links":{"self":[{"href":"https:\/\/soydeaqui.ddns.net\/pachuca\/index.php\/wp-json\/wp\/v2\/product\/85074","targetHints":{"allow":["GET"]}}],"collection":[{"href":"https:\/\/soydeaqui.ddns.net\/pachuca\/index.php\/wp-json\/wp\/v2\/product"}],"about":[{"href":"https:\/\/soydeaqui.ddns.net\/pachuca\/index.php\/wp-json\/wp\/v2\/types\/product"}],"replies":[{"embeddable":true,"href":"https:\/\/soydeaqui.ddns.net\/pachuca\/index.php\/wp-json\/wp\/v2\/comments?post=85074"}],"wp:featuredmedia":[{"embeddable":true,"href":"https:\/\/soydeaqui.ddns.net\/pachuca\/index.php\/wp-json\/wp\/v2\/media\/85073"}],"wp:attachment":[{"href":"https:\/\/soydeaqui.ddns.net\/pachuca\/index.php\/wp-json\/wp\/v2\/media?parent=85074"}],"wp:term":[{"taxonomy":"product_brand","embeddable":true,"href":"https:\/\/soydeaqui.ddns.net\/pachuca\/index.php\/wp-json\/wp\/v2\/product_brand?post=85074"},{"taxonomy":"product_cat","embeddable":true,"href":"https:\/\/soydeaqui.ddns.net\/pachuca\/index.php\/wp-json\/wp\/v2\/product_cat?post=85074"},{"taxonomy":"product_tag","embeddable":true,"href":"https:\/\/soydeaqui.ddns.net\/pachuca\/index.php\/wp-json\/wp\/v2\/product_tag?post=85074"}],"curies":[{"name":"wp","href":"https:\/\/api.w.org\/{rel}","templated":true}]}}