{"id":85061,"date":"2026-03-19T21:20:56","date_gmt":"2026-03-19T21:20:56","guid":{"rendered":"https:\/\/soydeaqui.ddns.net\/pachuca\/index.php\/producto\/switch-ekit-distribucion-core-multigigabit-poe-capa-3-48-puertos-poe-2-5-gbps-4-sfp-istack-poe-perpetuo-360-w-libre-de-licenciamiento\/"},"modified":"2026-03-19T21:21:11","modified_gmt":"2026-03-19T21:21:11","slug":"switch-ekit-distribucion-core-multigigabit-poe-capa-3-48-puertos-poe-2-5-gbps-4-sfp-istack-poe-perpetuo-360-w-libre-de-licenciamiento","status":"publish","type":"product","link":"https:\/\/soydeaqui.ddns.net\/pachuca\/index.php\/producto\/switch-ekit-distribucion-core-multigigabit-poe-capa-3-48-puertos-poe-2-5-gbps-4-sfp-istack-poe-perpetuo-360-w-libre-de-licenciamiento\/","title":{"rendered":"Switch eKit Distribuci\u00f3n\/Core MultiGigabit PoE+ Capa 3 \/ 48 puertos PoE+ 2.5 Gbps + 4 SFP+ \/ iStack \/ PoE Perpetuo (360 W) \/ Libre de Licenciamiento"},"content":{"rendered":"<div style='width: 100%; max-width: 1200px; margin: 0 auto; font-family: sans-serif; line-height: 1.6; color: inherit; background-color: transparent;'> <!-- Video Secci\u00f3n --> <\/p>\n<div style='display: flex; flex-wrap: wrap; gap: 30px; margin-bottom: 30px;'>\n<div style='flex: 1 1 300px; min-width: 280px;'>\n<div style='position: relative; padding-bottom: 56.25%; height: 0; overflow: hidden; margin-bottom: 30px;'> <video src='https:\/\/ftp3.syscom.mx\/usuarios\/axel\/Huawei\/eKit\/S310-48PN4X\/HUAWEI%20eKitEngine%20S310%20Product%20Introduction%20Video.mp4' autoplay muted loop playsinline style='position: absolute; top: 0; left: 0; width: 100%; height: 100%; border: 1px solid rgba(150&comma;150&comma;150&comma;0.3); border-radius: 8px; display: block;'><\/video> <\/div>\n<\/p><\/div>\n<\/p><\/div>\n<p> <!-- Secci\u00f3n Hero con Imagen y Descripci\u00f3n --> <\/p>\n<div style='display: flex; flex-wrap: wrap; gap: 30px; margin-bottom: 30px;'>\n<div style='flex: 1 1 300px; min-width: 280px;'> <img style='width: 100%; height: auto; border: 1px solid rgba(150&comma;150&comma;150&comma;0.3); border-radius: 8px;' src='http:\/\/ftp3.syscom.mx\/usuarios\/ftp\/2025\/11\/11\/1971\/Captura_de_pantalla_20251111_a_la_s__3.03.03p.m..png_froala_6913a48da01e9' alt=''> <\/div>\n<div style='flex: 1 1 300px; min-width: 280px;'>\n<h3 style='font-size: 22px; border-bottom: 2px solid currentColor; padding-bottom: 5px; margin-top: 0; color: inherit; opacity: 0.8;'>Switch eKit S310 de Distribuci\u00f3n\/Core MultiGigabit PoE+<\/h3>\n<div style='margin-bottom: 15px; color: inherit; opacity: 0.7; font-weight: 600;'>Modelo: S310-48PN4X<\/div>\n<p>Switch multigigabit capa 3 con 48 puertos 10\/100\/1000\/2.5G PoE+ y 4 puertos SFP+ de 10 Gbps para enlaces de alta velocidad. Ofrece una capacidad de conmutaci\u00f3n de 320 Gbps y tasa de reenv\u00edo de 238 Mpps&comma; garantizando m\u00e1ximo rendimiento. Sin necesidad de licenciamiento y con gesti\u00f3n gratuita en la nube&comma; brinda potencia&comma; flexibilidad y simplicidad en una sola soluci\u00f3n.<\/p>\n<\/p><\/div>\n<\/p><\/div>\n<p> <!-- Secci\u00f3n de Cards de Especificaciones --> <\/p>\n<div style='display: flex; flex-wrap: wrap; gap: 20px; margin-bottom: 30px;'> <!-- Card: Caracter\u00edsticas principales --> <\/p>\n<div style='flex: 1 1 250px; border: 1px solid rgba(150&comma; 150&comma; 150&comma; 0.4); border-radius: 8px; overflow: hidden; display: flex; flex-direction: column;'>\n<div style='padding: 15px; border-bottom: 1px solid rgba(150&comma; 150&comma; 150&comma; 0.2); font-weight: bold; font-size: 18px; color: inherit;'>Caracter\u00edsticas principales<\/div>\n<div style='padding: 15px; color: inherit;'>\n<ul style='padding-left: 20px; margin: 0; font-size: 14px; list-style-type: disc;'>\n<li style='margin-bottom: 5px;'>(48) Puertos PoE+ MultiGigabit (10\/100\/1000\/2.5G)<\/li>\n<li style='margin-bottom: 5px;'>(4) Puertos SFP+ (1\/10 Gbps)<\/li>\n<li style='margin-bottom: 5px;'>(1) Puerto de consola<\/li>\n<li style='margin-bottom: 5px;'>(1) Puerto USB Tipo-A<\/li>\n<li style='margin-bottom: 5px;'>(4) Switchs soportados en iStack<\/li>\n<li style='margin-bottom: 5px;'>Presupuesto PoE+: 360W<\/li>\n<li style='margin-bottom: 5px;'>Capacidad de Switching: 320 Gbps<\/li>\n<li style='margin-bottom: 5px;'>Forwarding Rate: 238 Mpps<\/li>\n<li style='margin-bottom: 5px;'>VLANs Soportadas: 4&comma;096<\/li>\n<li style='margin-bottom: 5px;'>Capa 3<\/li>\n<\/ul><\/div>\n<\/p><\/div>\n<p> <!-- Card: Caracter\u00edsticas f\u00edsicas y el\u00e9ctricas --> <\/p>\n<div style='flex: 1 1 250px; border: 1px solid rgba(150&comma; 150&comma; 150&comma; 0.4); border-radius: 8px; overflow: hidden; display: flex; flex-direction: column;'>\n<div style='padding: 15px; border-bottom: 1px solid rgba(150&comma; 150&comma; 150&comma; 0.2); font-weight: bold; font-size: 18px; color: inherit;'>Caracter\u00edsticas f\u00edsicas y el\u00e9ctricas<\/div>\n<div style='padding: 15px; color: inherit;'>\n<ul style='padding-left: 20px; margin: 0; font-size: 14px; list-style-type: disc;'>\n<li style='margin-bottom: 5px;'>Dimensiones: 185.0 mm x 650.0 mm x 550.0 mm<\/li>\n<li style='margin-bottom: 5px;'>Material de la carcasa: Metal<\/li>\n<li style='margin-bottom: 5px;'>Alimentaci\u00f3n: 90 V AC a 290 V AC; 45 Hz to 65 Hz<\/li>\n<li style='margin-bottom: 5px;'>Consumo m\u00e1ximo: Sin PoE+: 115.20 W \/ Con PoE+ 510.50 W<\/li>\n<li style='margin-bottom: 5px;'>Temperatura de operaci\u00f3n: \u20135\u00b0C a +45\u00b0C<\/li>\n<li style='margin-bottom: 5px;'>Humedad de operaci\u00f3n: 5 a 95% sin condensaci\u00f3n<\/li>\n<li style='margin-bottom: 5px;'>Protecci\u00f3n contra sobretensiones del puerto de servicio [kV]: Modo com\u00fan: \u00b16 kV<\/li>\n<\/ul><\/div>\n<\/p><\/div>\n<p> <!-- Card: Caracter\u00edsticas avanzadas --> <\/p>\n<div style='flex: 1 1 250px; border: 1px solid rgba(150&comma; 150&comma; 150&comma; 0.4); border-radius: 8px; overflow: hidden; display: flex; flex-direction: column;'>\n<div style='padding: 15px; border-bottom: 1px solid rgba(150&comma; 150&comma; 150&comma; 0.2); font-weight: bold; font-size: 18px; color: inherit;'>Caracter\u00edsticas avanzadas<\/div>\n<div style='padding: 15px; color: inherit;'>\n<ul style='padding-left: 20px; margin: 0; font-size: 14px; list-style-type: disc;'>\n<li style='margin-bottom: 5px;'>Link Aggregation Control Protocol (LACP)<\/li>\n<li style='margin-bottom: 5px;'>Virtual Router Redundancy Protocol (VRRP)<\/li>\n<li style='margin-bottom: 5px;'>Smart Link tree topology and Smart Link multi-instance<\/li>\n<li style='margin-bottom: 5px;'>G.8032 Ethernet Ring Protection Switching (ERPS)<\/li>\n<li style='margin-bottom: 5px;'>16K entradas de direcci\u00f3n MAC<\/li>\n<li style='margin-bottom: 5px;'>DHCP server<\/li>\n<li style='margin-bottom: 5px;'>Gesti\u00f3n por Interfaz web&comma; CLI&comma; APP o Nube SNC<\/li>\n<li style='margin-bottom: 5px;'>STP \/ RSTP \/ MSTP<\/li>\n<li style='margin-bottom: 5px;'>Limite de velocidad por puerto<\/li>\n<li style='margin-bottom: 5px;'>Aislamiento de puertos<\/li>\n<\/ul><\/div>\n<\/p><\/div>\n<p> <!-- Card: Contenido del paquete --> <\/p>\n<div style='flex: 1 1 250px; border: 1px solid rgba(150&comma; 150&comma; 150&comma; 0.4); border-radius: 8px; overflow: hidden; display: flex; flex-direction: column;'>\n<div style='padding: 15px; border-bottom: 1px solid rgba(150&comma; 150&comma; 150&comma; 0.2); font-weight: bold; font-size: 18px; color: inherit;'>Contenido del paquete<\/div>\n<div style='padding: 15px; color: inherit;'>\n<ul style='padding-left: 20px; margin: 0; font-size: 14px; list-style-type: disc;'>\n<li style='margin-bottom: 5px;'>(1) Switch S310-48PN4X<\/li>\n<li style='margin-bottom: 5px;'>(1) Cable de corriente<\/li>\n<li style='margin-bottom: 5px;'>(1) Kit para montaje en rack<\/li>\n<li style='margin-bottom: 5px;'>(4) Gomas antiderrape<\/li>\n<li style='margin-bottom: 5px;'>(14) Tornillos<\/li>\n<li style='margin-bottom: 5px;'>(1) Cable para aterrizar<\/li>\n<\/ul><\/div>\n<\/p><\/div>\n<\/p><\/div>\n<p> <!-- Secci\u00f3n de caracter\u00edsticas detalladas --> <\/p>\n<div style='display: flex; flex-wrap: wrap; gap: 30px; margin-bottom: 30px;'>\n<div style='flex: 1 1 300px; min-width: 280px;'>\n<h3 style='font-size: 22px; border-bottom: 2px solid currentColor; padding-bottom: 5px; margin-top: 0; color: inherit; opacity: 0.8;'>Conectividad sin l\u00edmites&comma; flexibilidad garantizada<\/h3>\n<p>Con 48 puertos multigigabit PoE+ y 4 uplinks SFP+&comma; este switch ofrece la versatilidad necesaria para adaptarse a cualquier entorno&comma; desde oficinas inteligentes hasta despliegues de alta demanda.<\/p>\n<\/p><\/div>\n<div style='flex: 1 1 300px; min-width: 280px;'> <img style='width: 100%; height: auto; border: 1px solid rgba(150&comma;150&comma;150&comma;0.3); border-radius: 8px;' src='http:\/\/ftp3.syscom.mx\/usuarios\/ftp\/2025\/11\/11\/1971\/Captura_de_pantalla_20251111_a_la_s__3.27.49p.m..png_froala_6913aa5ad0935' alt=''> <\/div>\n<\/p><\/div>\n<p> <!-- Secci\u00f3n de caracter\u00edsticas detalladas --> <\/p>\n<div style='display: flex; flex-wrap: wrap; gap: 30px; margin-bottom: 30px;'>\n<div style='flex: 1 1 300px; min-width: 280px;'> <img style='width: 100%; height: auto; border: 1px solid rgba(150&comma;150&comma;150&comma;0.3); border-radius: 8px;' src='http:\/\/ftp3.syscom.mx\/usuarios\/ftp\/2025\/11\/11\/1971\/Captura_de_pantalla_20251111_a_la_s__3.29.20p.m..png_froala_6913aab5cb82e' alt=''> <\/div>\n<div style='flex: 1 1 300px; min-width: 280px;'>\n<h3 style='font-size: 22px; border-bottom: 2px solid currentColor; padding-bottom: 5px; margin-top: 0; color: inherit; opacity: 0.8;'>Escalabilidad inteligente con tecnolog\u00eda iStack<\/h3>\n<p>Ampl\u00eda la capacidad y simplifica la gesti\u00f3n de tu red con iStack. Conecta hasta 4 switches en un solo sistema l\u00f3gico&comma; obteniendo mayor rendimiento&comma; administraci\u00f3n unificada y alta disponibilidad sin complejidad.<\/p>\n<\/p><\/div>\n<\/p><\/div>\n<p> <!-- Secci\u00f3n de caracter\u00edsticas detalladas --> <\/p>\n<div style='display: flex; flex-wrap: wrap; gap: 30px; margin-bottom: 30px;'>\n<div style='flex: 1 1 300px; min-width: 280px;'>\n<h3 style='font-size: 22px; border-bottom: 2px solid currentColor; padding-bottom: 5px; margin-top: 0; color: inherit; opacity: 0.8;'>Protecci\u00f3n de alto nivel<\/h3>\n<p>Mant\u00e9n tu red estable y sin interrupciones con las tecnolog\u00edas de protecci\u00f3n de bucles STP&comma; RSTP&comma; MSTP y ERPS. Estas funciones permiten una conmutaci\u00f3n en milisegundos ante fallas&comma; garantizando alta disponibilidad&comma; rendimiento continuo y una infraestructura confiable incluso en los entornos m\u00e1s exigentes.<\/p>\n<\/p><\/div>\n<div style='flex: 1 1 300px; min-width: 280px;'> <img style='width: 100%; height: auto; border: 1px solid rgba(150&comma;150&comma;150&comma;0.3); border-radius: 8px;' src='http:\/\/ftp3.syscom.mx\/usuarios\/ftp\/2025\/11\/11\/1971\/Captura_de_pantalla_20251111_a_la_s__3.30.26p.m..png_froala_6913aaf718dd3' alt=''> <\/div>\n<\/p><\/div>\n<p> <!-- Secci\u00f3n de caracter\u00edsticas detalladas --> <\/p>\n<div style='display: flex; flex-wrap: wrap; gap: 30px; margin-bottom: 30px;'>\n<div style='flex: 1 1 300px; min-width: 280px;'> <img style='width: 100%; height: auto; border: 1px solid rgba(150&comma;150&comma;150&comma;0.3); border-radius: 8px;' src='http:\/\/ftp3.syscom.mx\/usuarios\/ftp\/2025\/11\/11\/1971\/Captura_de_pantalla_20251111_a_la_s__3.33.40p.m..png_froala_6913abba09825' alt=''> <\/div>\n<div style='flex: 1 1 300px; min-width: 280px;'>\n<h3 style='font-size: 22px; border-bottom: 2px solid currentColor; padding-bottom: 5px; margin-top: 0; color: inherit; opacity: 0.8;'>Preparado para el futuro con soporte IPv6<\/h3>\n<p>Optimiza tu red con la tecnolog\u00eda IPv6&comma; que ofrece un rango pr\u00e1cticamente ilimitado de direcciones IP&comma; mayor eficiencia en la transmisi\u00f3n de datos y mecanismos avanzados de seguridad. Esta compatibilidad garantiza un rendimiento superior&comma; facilita la expansi\u00f3n de dispositivos conectados y protege tu inversi\u00f3n frente a las nuevas demandas del entorno digital.<\/p>\n<\/p><\/div>\n<\/p><\/div>\n<p> <!-- Secci\u00f3n de caracter\u00edsticas detalladas --> <\/p>\n<div style='display: flex; flex-wrap: wrap; gap: 30px; margin-bottom: 30px;'>\n<div style='flex: 1 1 300px; min-width: 280px;'>\n<h3 style='font-size: 22px; border-bottom: 2px solid currentColor; padding-bottom: 5px; margin-top: 0; color: inherit; opacity: 0.8;'>Gesti\u00f3n flexible en todo momento<\/h3>\n<p>Gestiona tu red de manera r\u00e1pida&comma; unificada y flexible. Puedes administrarlos f\u00e1cilmente mediante la interfaz web&comma; la APP de eKit o a trav\u00e9s de la plataforma en la nube SNC&comma; que es totalmente gratuita.<\/p>\n<p>Con las \u00faltimas dos opciones&comma; la APP y la nube&comma; tienes la ventaja de realizar gesti\u00f3n remota&comma; permiti\u00e9ndote monitorear&comma; configurar y controlar tu red desde cualquier lugar. Esta flexibilidad asegura que tu infraestructura se mantenga siempre optimizada&comma; accesible y bajo control&comma; ahorrando tiempo y facilitando la operaci\u00f3n de tu red sin complicaciones.<\/p>\n<\/p><\/div>\n<div style='flex: 1 1 300px; min-width: 280px;'> <img style='width: 100%; height: auto; border: 1px solid rgba(150&comma;150&comma;150&comma;0.3); border-radius: 8px;' src='https:\/\/ftp3.syscom.mx\/usuarios\/axel\/Huawei\/eKit\/S210I-8T4SX\/S210I-8T4SX%20Management.png' alt=''> <\/div>\n<\/p><\/div>\n<p> <!-- Secci\u00f3n de caracter\u00edsticas detalladas --> <\/p>\n<div style='display: flex; flex-wrap: wrap; gap: 30px; margin-bottom: 30px;'>\n<div style='flex: 1 1 300px; min-width: 280px;'> <img style='width: 100%; height: auto; border: 1px solid rgba(150&comma;150&comma;150&comma;0.3); border-radius: 8px;' src='https:\/\/ftp3.syscom.mx\/usuarios\/fotos\/AP271E\/241040-223794-ekitqr.png' alt=''> <\/div>\n<div style='flex: 1 1 300px; min-width: 280px;'>\n<h3 style='font-size: 22px; border-bottom: 2px solid currentColor; padding-bottom: 5px; margin-top: 0; color: inherit; opacity: 0.8;'>Descarga aplicaci\u00f3n de eKit<\/h3>\n<p>Con el c\u00f3digo QR puedes descargar la aplicaci\u00f3n Huawei eKit&comma; dise\u00f1ada para que puedas dar de alta equipos como routers&comma; switches y puntos de acceso de la l\u00ednea eKit en cuesti\u00f3n de minutos.<\/p>\n<p>Con ella&comma; podr\u00e1s desplegar y gestionar tus redes c\u00f3modamente desde tu smartphone&comma; sin necesidad de procesos complicados ni configuraciones extensas.<\/p>\n<p>La aplicaci\u00f3n est\u00e1 disponible para iOS&comma; Android y Harmony OS.<\/p>\n<\/p><\/div>\n<\/p><\/div>\n<\/p><\/div>\n","protected":false},"excerpt":{"rendered":"<p>Switch eKit Distribuci\u00f3n\/Core MultiGigabit PoE+ Capa 3 \/ 48 puertos PoE+ 2.5 Gbps + 4 SFP+ \/ iStack \/ PoE Perpetuo (360 W) \/ Libre de Licenciamiento<\/p>\n","protected":false},"featured_media":85060,"comment_status":"open","ping_status":"closed","template":"","meta":[],"product_brand":[],"product_cat":[1986],"product_tag":[718,664,1987],"class_list":{"0":"post-85061","1":"product","2":"type-product","3":"status-publish","4":"has-post-thumbnail","6":"product_cat-switches-poe","7":"product_tag-huawei","8":"product_tag-networking","9":"product_tag-switches-poe","11":"first","12":"instock","13":"sale","14":"shipping-taxable","15":"purchasable","16":"product-type-simple"},"_links":{"self":[{"href":"https:\/\/soydeaqui.ddns.net\/pachuca\/index.php\/wp-json\/wp\/v2\/product\/85061","targetHints":{"allow":["GET"]}}],"collection":[{"href":"https:\/\/soydeaqui.ddns.net\/pachuca\/index.php\/wp-json\/wp\/v2\/product"}],"about":[{"href":"https:\/\/soydeaqui.ddns.net\/pachuca\/index.php\/wp-json\/wp\/v2\/types\/product"}],"replies":[{"embeddable":true,"href":"https:\/\/soydeaqui.ddns.net\/pachuca\/index.php\/wp-json\/wp\/v2\/comments?post=85061"}],"wp:featuredmedia":[{"embeddable":true,"href":"https:\/\/soydeaqui.ddns.net\/pachuca\/index.php\/wp-json\/wp\/v2\/media\/85060"}],"wp:attachment":[{"href":"https:\/\/soydeaqui.ddns.net\/pachuca\/index.php\/wp-json\/wp\/v2\/media?parent=85061"}],"wp:term":[{"taxonomy":"product_brand","embeddable":true,"href":"https:\/\/soydeaqui.ddns.net\/pachuca\/index.php\/wp-json\/wp\/v2\/product_brand?post=85061"},{"taxonomy":"product_cat","embeddable":true,"href":"https:\/\/soydeaqui.ddns.net\/pachuca\/index.php\/wp-json\/wp\/v2\/product_cat?post=85061"},{"taxonomy":"product_tag","embeddable":true,"href":"https:\/\/soydeaqui.ddns.net\/pachuca\/index.php\/wp-json\/wp\/v2\/product_tag?post=85061"}],"curies":[{"name":"wp","href":"https:\/\/api.w.org\/{rel}","templated":true}]}}