{"id":85045,"date":"2026-03-19T21:20:17","date_gmt":"2026-03-19T21:20:17","guid":{"rendered":"https:\/\/soydeaqui.ddns.net\/pachuca\/index.php\/producto\/kit-modelo-v62pro-llevate-10-telefonos-por-el-precio-de-5\/"},"modified":"2026-03-19T21:20:21","modified_gmt":"2026-03-19T21:20:21","slug":"kit-modelo-v62pro-llevate-10-telefonos-por-el-precio-de-5","status":"publish","type":"product","link":"https:\/\/soydeaqui.ddns.net\/pachuca\/index.php\/producto\/kit-modelo-v62pro-llevate-10-telefonos-por-el-precio-de-5\/","title":{"rendered":"Kit modelo V62PRO \u00a1Ll\u00e9vate 10 Tel\u00e9fonos por el Precio de 5!"},"content":{"rendered":"<div style='width: 100%; max-width: 1200px; margin: 0 auto; font-family: sans-serif; line-height: 1.6; color: inherit; background-color: transparent;'> <!-- T\u00edtulo principal --> <\/p>\n<h1 style='text-align: center; font-size: 28px; margin: 20px 0; color: inherit;'>Kit modelo V62PRO \u00a1Ll\u00e9vate 10 Tel\u00e9fonos por el Precio de 5!<\/h1>\n<p> <!-- Notas importantes --> <\/p>\n<div style='margin: 20px 0; padding: 15px; border-left: 4px solid rgba(194&comma; 0&comma; 0&comma; 0.6); background-color: rgba(194&comma; 0&comma; 0&comma; 0.05); color: inherit;'>\n<p style='margin: 0; font-size: 15px;'>Notas: Aplica \u00fanicamente para el modelo V62PRO no se puede intercambiar por otro modelo<\/p>\n<\/p><\/div>\n<p> <!-- Banner destacado --> <\/p>\n<div style='background-color: rgba(194&comma; 0&comma; 0&comma; 0.9); color: white; text-align: center; padding: 30px 15px; border-radius: 8px; margin: 30px 0;'>\n<h1 style='margin: 0; font-size: 28px; color: inherit;'>Fanvil V62 Pro \u2013 Tel\u00e9fono Empresarial<\/h1>\n<p style='margin: 0; font-size: 18px; color: inherit;'>Pantalla 2.8\u201d | Handset Inal\u00e1mbrico | 12 cuentas SIP<\/p>\n<\/p><\/div>\n<p> <!-- Contenido principal --> <\/p>\n<div style='padding: 20px;'>\n<h2 style='color: rgba(194&comma; 0&comma; 0&comma; 0.9); font-size: 24px; border-bottom: 2px solid rgba(194&comma; 0&comma; 0&comma; 0.3); padding-bottom: 8px; margin: 30px 0 15px; color: inherit;'>Descripci\u00f3n General<\/h2>\n<p style='font-size: 15px; line-height: 1.6; color: inherit; text-align: justify;'>El Fanvil <strong>V62 Pro<\/strong> es un tel\u00e9fono IP empresarial esencial que cuenta con una pantalla a <strong>color HD<\/strong> y un <strong>auricular Bluetooth<\/strong> mejorado con teclas programables para aumentar la productividad en el trabajo. Los auriculares Bluetooth son intercambiables entre todos los modelos Pro de la serie V y f\u00e1ciles de localizar si se extrav\u00edan&comma; lo que garantiza una comodidad y funcionalidad superiores en el trabajo de oficina. Con <strong>12 l\u00edneas SIP<\/strong>&comma; <strong>conferencias de 6 v\u00edas<\/strong> y dos puertos Gigabit&comma; el V62 Pro ofrece una experiencia de comunicaci\u00f3n de alto rendimiento adaptada a los profesionales empresariales modernos.<\/p>\n<p> <!-- Secci\u00f3n de caracter\u00edsticas --> <\/p>\n<div style='display: flex; flex-wrap: wrap; gap: 20px; margin-top: 40px;'>\n<div style='flex: 1 1 300px; min-width: 280px; background-color: transparent;'>\n<div style='border: 1px solid rgba(194&comma; 0&comma; 0&comma; 0.3); border-left: 5px solid rgba(194&comma; 0&comma; 0&comma; 0.9); border-radius: 8px; overflow: hidden;'>\n<div style='padding: 15px; background-color: rgba(194&comma; 0&comma; 0&comma; 0.05); border-bottom: 1px solid rgba(150&comma; 150&comma; 150&comma; 0.2); font-weight: bold; font-size: 18px; color: inherit;'>Pantalla y Dise\u00f1o:<\/div>\n<div style='padding: 15px; color: inherit;'>\n<ul style='padding-left: 20px; margin: 0; font-size: 14px; list-style-type: disc; color: inherit;'>\n<li style='margin-bottom: 5px;'>Pantalla IPS t\u00e1ctil a color de 2.8&#8242;<\/li>\n<li style='margin-bottom: 5px;'>Resoluci\u00f3n 320*240<\/li>\n<li style='margin-bottom: 5px;'>Hasta 21 teclas DSS programables<\/li>\n<li style='margin-bottom: 5px;'>Dise\u00f1o para escritorio o montaje en pared<\/li>\n<\/ul><\/div>\n<\/p><\/div>\n<\/p><\/div>\n<div style='flex: 1 1 300px; min-width: 280px; background-color: transparent;'>\n<div style='border: 1px solid rgba(194&comma; 0&comma; 0&comma; 0.3); border-left: 5px solid rgba(194&comma; 0&comma; 0&comma; 0.9); border-radius: 8px; overflow: hidden;'>\n<div style='padding: 15px; background-color: rgba(194&comma; 0&comma; 0&comma; 0.05); border-bottom: 1px solid rgba(150&comma; 150&comma; 150&comma; 0.2); font-weight: bold; font-size: 18px; color: inherit;'>Conectividad:<\/div>\n<div style='padding: 15px; color: inherit;'>\n<ul style='padding-left: 20px; margin: 0; font-size: 14px; list-style-type: disc; color: inherit;'>\n<li style='margin-bottom: 5px;'>2 puertos Gigabit Ethernet con bypass<\/li>\n<li style='margin-bottom: 5px;'>VPN: L2TP \/ OpenVPN \/ VLAN \/ QoS<\/li>\n<\/ul><\/div>\n<\/p><\/div>\n<\/p><\/div>\n<div style='flex: 1 1 300px; min-width: 280px; background-color: transparent;'>\n<div style='border: 1px solid rgba(194&comma; 0&comma; 0&comma; 0.3); border-left: 5px solid rgba(194&comma; 0&comma; 0&comma; 0.9); border-radius: 8px; overflow: hidden;'>\n<div style='padding: 15px; background-color: rgba(194&comma; 0&comma; 0&comma; 0.05); border-bottom: 1px solid rgba(150&comma; 150&comma; 150&comma; 0.2); font-weight: bold; font-size: 18px; color: inherit;'>Audio y Video:<\/div>\n<div style='padding: 15px; color: inherit;'>\n<ul style='padding-left: 20px; margin: 0; font-size: 14px; list-style-type: disc; color: inherit;'>\n<li style='margin-bottom: 5px;'>Audio HD con G.722 y Opus<\/li>\n<li style='margin-bottom: 5px;'>Altavoz manos libres con AEC<\/li>\n<li style='margin-bottom: 5px;'>6-v\u00edas de conferencia de audio<\/li>\n<li style='margin-bottom: 5px;'>Compatible con auriculares Jabra \/ Poly<\/li>\n<\/ul><\/div>\n<\/p><\/div>\n<\/p><\/div>\n<div style='flex: 1 1 300px; min-width: 280px; background-color: transparent;'>\n<div style='border: 1px solid rgba(194&comma; 0&comma; 0&comma; 0.3); border-left: 5px solid rgba(194&comma; 0&comma; 0&comma; 0.9); border-radius: 8px; overflow: hidden;'>\n<div style='padding: 15px; background-color: rgba(194&comma; 0&comma; 0&comma; 0.05); border-bottom: 1px solid rgba(150&comma; 150&comma; 150&comma; 0.2); font-weight: bold; font-size: 18px; color: inherit;'>Funciones del Tel\u00e9fono:<\/div>\n<div style='padding: 15px; color: inherit;'>\n<ul style='padding-left: 20px; margin: 0; font-size: 14px; list-style-type: disc; color: inherit;'>\n<li style='margin-bottom: 5px;'>12 l\u00edneas SIP simult\u00e1neas<\/li>\n<li style='margin-bottom: 5px;'>Transferencias&comma; desv\u00edos&comma; buz\u00f3n de voz<\/li>\n<li style='margin-bottom: 5px;'>Grabaci\u00f3n desde servidor<\/li>\n<li style='margin-bottom: 5px;'>Hot Desking \/ SIP Hotspot<\/li>\n<li style='margin-bottom: 5px;'>Configuraci\u00f3n v\u00eda TR-069 \/ aprovisionamiento autom\u00e1tico<\/li>\n<\/ul><\/div>\n<\/p><\/div>\n<\/p><\/div>\n<div style='flex: 1 1 300px; min-width: 280px; background-color: transparent;'>\n<div style='border: 1px solid rgba(194&comma; 0&comma; 0&comma; 0.3); border-left: 5px solid rgba(194&comma; 0&comma; 0&comma; 0.9); border-radius: 8px; overflow: hidden;'>\n<div style='padding: 15px; background-color: rgba(194&comma; 0&comma; 0&comma; 0.05); border-bottom: 1px solid rgba(150&comma; 150&comma; 150&comma; 0.2); font-weight: bold; font-size: 18px; color: inherit;'>Auricular Inal\u00e1mbrico BTH60:<\/div>\n<div style='padding: 15px; color: inherit;'>\n<ul style='padding-left: 20px; margin: 0; font-size: 14px; list-style-type: disc; color: inherit;'>\n<li style='margin-bottom: 5px;'>Emparejamiento y localizaci\u00f3n autom\u00e1tica<\/li>\n<li style='margin-bottom: 5px;'>Hasta 14h en espera \/ 13h conversaci\u00f3n<\/li>\n<li style='margin-bottom: 5px;'>Alcance: hasta 10 metros<\/li>\n<li style='margin-bottom: 5px;'>Indicadores LED de estado<\/li>\n<li style='margin-bottom: 5px;'>Teclas de llamada y volumen integradas<\/li>\n<\/ul><\/div>\n<\/p><\/div>\n<\/p><\/div>\n<div style='flex: 1 1 300px; min-width: 280px; background-color: transparent;'>\n<div style='border: 1px solid rgba(194&comma; 0&comma; 0&comma; 0.3); border-left: 5px solid rgba(194&comma; 0&comma; 0&comma; 0.9); border-radius: 8px; overflow: hidden;'>\n<div style='padding: 15px; background-color: rgba(194&comma; 0&comma; 0&comma; 0.05); border-bottom: 1px solid rgba(150&comma; 150&comma; 150&comma; 0.2); font-weight: bold; font-size: 18px; color: inherit;'>Energ\u00eda y Dimensiones:<\/div>\n<div style='padding: 15px; color: inherit;'>\n<ul style='padding-left: 20px; margin: 0; font-size: 14px; list-style-type: disc; color: inherit;'>\n<li style='margin-bottom: 5px;'>Alimentaci\u00f3n: PoE IEEE 802.3af o 12V\/1.5A<\/li>\n<li style='margin-bottom: 5px;'>Consumo: 1.89W a 5.6W<\/li>\n<li style='margin-bottom: 5px;'>Dimensiones: 203 x 46 x 42.3 mm<\/li>\n<li style='margin-bottom: 5px;'>Temperatura de operaci\u00f3n: 0~45\u00b0C<\/li>\n<li style='margin-bottom: 5px;'>Color: Gris oscuro<\/li>\n<\/ul><\/div>\n<\/p><\/div>\n<\/p><\/div>\n<\/p><\/div>\n<p> <!-- Galer\u00eda de im\u00e1genes --> <\/p>\n<h2 style='color: rgba(194&comma; 0&comma; 0&comma; 0.9); font-size: 24px; border-bottom: 2px solid rgba(194&comma; 0&comma; 0&comma; 0.3); padding-bottom: 8px; margin: 40px 0 15px; color: inherit;'>Galer\u00eda de Im\u00e1genes<\/h2>\n<div style='display: flex; flex-wrap: wrap; gap: 20px; margin-bottom: 30px;'>\n<div style='flex: 1 1 45%; min-width: 300px;'> <img style='width: 100%; height: auto; border: 1px solid rgba(150&comma;150&comma;150&comma;0.3); border-radius: 8px;' src='https:\/\/ftp3.syscom.mx\/usuarios\/fotos\/V62PRO\/239287-1740lfn648.gif' alt=''> <\/div>\n<div style='flex: 1 1 45%; min-width: 300px;'> <img style='width: 100%; height: auto; border: 1px solid rgba(150&comma;150&comma;150&comma;0.3); border-radius: 8px;' src='https:\/\/ftp3.syscom.mx\/usuarios\/fotos\/V62PRO\/239287-11394p64pz_(1).jpg' alt=''> <\/div>\n<div style='flex: 1 1 45%; min-width: 300px;'> <img style='width: 100%; height: auto; border: 1px solid rgba(150&comma;150&comma;150&comma;0.3); border-radius: 8px;' src='https:\/\/ftp3.syscom.mx\/usuarios\/fotos\/V62PRO\/239287-17362t4t8r_(1).jpg' alt=''> <\/div>\n<div style='flex: 1 1 45%; min-width: 300px;'> <img style='width: 100%; height: auto; border: 1px solid rgba(150&comma;150&comma;150&comma;0.3); border-radius: 8px;' src='https:\/\/ftp3.syscom.mx\/usuarios\/fotos\/V62PRO\/239287-17364t46f6_(1).jpg' alt=''> <\/div>\n<\/p><\/div>\n<\/p><\/div>\n<p> <!-- Separador final --> <\/p>\n<hr style='border: 0; border-top: 1px solid rgba(150&comma; 150&comma; 150&comma; 0.3); margin: 30px 0;'> <\/div>\n","protected":false},"excerpt":{"rendered":"<p>Kit modelo V62PRO \u00a1Ll\u00e9vate 10 Tel\u00e9fonos por el Precio de 5!<\/p>\n","protected":false},"featured_media":85044,"comment_status":"open","ping_status":"closed","template":"","meta":[],"product_brand":[],"product_cat":[2003],"product_tag":[859,2005,2004],"class_list":{"0":"post-85045","1":"product","2":"type-product","3":"status-publish","4":"has-post-thumbnail","6":"product_cat-telefonos-ip","7":"product_tag-fanvil","8":"product_tag-telefonos-ip","9":"product_tag-voip-telefonia-ip-videoconferencia","11":"first","12":"instock","13":"sale","14":"shipping-taxable","15":"purchasable","16":"product-type-simple"},"_links":{"self":[{"href":"https:\/\/soydeaqui.ddns.net\/pachuca\/index.php\/wp-json\/wp\/v2\/product\/85045","targetHints":{"allow":["GET"]}}],"collection":[{"href":"https:\/\/soydeaqui.ddns.net\/pachuca\/index.php\/wp-json\/wp\/v2\/product"}],"about":[{"href":"https:\/\/soydeaqui.ddns.net\/pachuca\/index.php\/wp-json\/wp\/v2\/types\/product"}],"replies":[{"embeddable":true,"href":"https:\/\/soydeaqui.ddns.net\/pachuca\/index.php\/wp-json\/wp\/v2\/comments?post=85045"}],"wp:featuredmedia":[{"embeddable":true,"href":"https:\/\/soydeaqui.ddns.net\/pachuca\/index.php\/wp-json\/wp\/v2\/media\/85044"}],"wp:attachment":[{"href":"https:\/\/soydeaqui.ddns.net\/pachuca\/index.php\/wp-json\/wp\/v2\/media?parent=85045"}],"wp:term":[{"taxonomy":"product_brand","embeddable":true,"href":"https:\/\/soydeaqui.ddns.net\/pachuca\/index.php\/wp-json\/wp\/v2\/product_brand?post=85045"},{"taxonomy":"product_cat","embeddable":true,"href":"https:\/\/soydeaqui.ddns.net\/pachuca\/index.php\/wp-json\/wp\/v2\/product_cat?post=85045"},{"taxonomy":"product_tag","embeddable":true,"href":"https:\/\/soydeaqui.ddns.net\/pachuca\/index.php\/wp-json\/wp\/v2\/product_tag?post=85045"}],"curies":[{"name":"wp","href":"https:\/\/api.w.org\/{rel}","templated":true}]}}