{"id":8502,"date":"2026-03-18T07:10:06","date_gmt":"2026-03-18T07:10:06","guid":{"rendered":"https:\/\/soydeaqui.ddns.net\/pachuca\/index.php\/producto\/toallas-humedas-antibacteriales-para-limpieza-de-gabinetes-equipos-de-computo-audio-video-y-telefonia-30-piezas\/"},"modified":"2026-03-18T07:10:09","modified_gmt":"2026-03-18T07:10:09","slug":"toallas-humedas-antibacteriales-para-limpieza-de-gabinetes-equipos-de-computo-audio-video-y-telefonia-30-piezas","status":"publish","type":"product","link":"https:\/\/soydeaqui.ddns.net\/pachuca\/index.php\/producto\/toallas-humedas-antibacteriales-para-limpieza-de-gabinetes-equipos-de-computo-audio-video-y-telefonia-30-piezas\/","title":{"rendered":"Toallas h\u00famedas antibacteriales, para limpieza de gabinetes, equipos de c\u00f3mputo, audio, v\u00eddeo y telefon\u00eda, 30 piezas"},"content":{"rendered":"<div style='width: 100%; max-width: 1200px; margin: 0 auto; font-family: sans-serif; line-height: 1.6; color: inherit; background-color: transparent;'>\n<div style='display: flex; flex-wrap: wrap; gap: 30px; margin-bottom: 30px;'>\n<div style='flex: 1 1 300px; min-width: 280px;'>\n<h3 style='font-size: 22px; border-bottom: 2px solid currentColor; padding-bottom: 5px; margin-top: 0; color: inherit; opacity: 0.8;'>Caracter\u00edsticas<\/h3>\n<ul style='padding-left: 20px; font-size: 15px; color: inherit;'>\n<li style='margin-bottom: 5px;'>Toallitas h\u00famedas para limpieza<\/li>\n<li style='margin-bottom: 5px;'>Desintegran grasa y polvo<\/li>\n<li style='margin-bottom: 5px;'>Ofrecen protecci\u00f3n antiest\u00e1tica<\/li>\n<li style='margin-bottom: 5px;'>Uso exclusivamente externo<\/li>\n<\/ul><\/div>\n<div style='flex: 1 1 300px; min-width: 280px;'>\n<h3 style='font-size: 22px; border-bottom: 2px solid currentColor; padding-bottom: 5px; margin-top: 0; color: inherit; opacity: 0.8;'>Indicaciones de uso<\/h3>\n<ul style='padding-left: 20px; font-size: 15px; color: inherit;'>\n<li style='margin-bottom: 5px;'>Retire la tapa principal y desprenda los sellos protectores<\/li>\n<li style='margin-bottom: 5px;'>Jale la primera toallita desde el centro del rollo<\/li>\n<li style='margin-bottom: 5px;'>P\u00e1sela a trav\u00e9s de las ranuras en forma de cruz de la tapa<\/li>\n<li style='margin-bottom: 5px;'>Desprenda la primer toallita y la siguiente quedar\u00e1 lista para su posterior uso<\/li>\n<li style='margin-bottom: 5px;'>Limpie con la toallita h\u00fameda<\/li>\n<li style='margin-bottom: 5px;'>Para un mejor resultado lustre con la Toallita Seca Silimex\u00ae<\/li>\n<\/ul><\/div>\n<\/p><\/div>\n<div style='display: flex; flex-wrap: wrap; gap: 30px; margin-bottom: 30px;'>\n<div style='flex: 1 1 300px; min-width: 280px;'>\n<h3 style='font-size: 22px; border-bottom: 2px solid currentColor; padding-bottom: 5px; margin-top: 0; color: inherit; opacity: 0.8;'>Precauciones<\/h3>\n<ul style='padding-left: 20px; font-size: 15px; color: inherit;'>\n<li style='margin-bottom: 5px;'>No utilice las toallitas para limpieza facial<\/li>\n<li style='margin-bottom: 5px;'>No son para uso cosm\u00e9tico<\/li>\n<li style='margin-bottom: 5px;'>Coloque el bot\u00f3n protector cada vez que desprenda una toallita<\/li>\n<li style='margin-bottom: 5px;'>Evite la evaporaci\u00f3n de la soluci\u00f3n de la siguiente toallita<\/li>\n<\/ul><\/div>\n<div style='flex: 1 1 300px; min-width: 280px;'>\n<h3 style='font-size: 22px; border-bottom: 2px solid currentColor; padding-bottom: 5px; margin-top: 0; color: inherit; opacity: 0.8;'>Presentaci\u00f3n<\/h3>\n<ul style='padding-left: 20px; font-size: 15px; color: inherit;'>\n<li style='margin-bottom: 5px;'>Envase con 30 piezas<\/li>\n<\/ul><\/div>\n<\/p><\/div>\n<div style='margin-bottom: 30px;'>\n<div style='margin-bottom: 20px;'> <img style='width: 100%; height: auto; border: 1px solid rgba(150&comma;150&comma;150&comma;0.3); border-radius: 8px;' src='https:\/\/ftp3.syscom.mx\/usuarios\/fotos\/COMPUTOALLAS\/160988-silimexup.jpg' alt=''> <\/div>\n<\/p><\/div>\n<div style='margin-bottom: 30px;'>\n<div style='margin-bottom: 20px;'> <img style='width: 100%; height: auto; border: 1px solid rgba(150&comma;150&comma;150&comma;0.3); border-radius: 8px;' src='https:\/\/ftp3.syscom.mx\/usuarios\/fotos\/COMPUTOALLAS\/160988-linkdn.png' alt=''> <\/div>\n<\/p><\/div>\n<div style='margin-bottom: 30px;'>\n<div style='position: relative; padding-bottom: 56.25%; height: 0; overflow: hidden; margin-bottom: 30px;'>   <\/div>\n<\/p><\/div>\n<\/p><\/div>\n","protected":false},"excerpt":{"rendered":"<p>Toallas h\u00famedas antibacteriales, para limpieza de gabinetes, equipos de c\u00f3mputo, audio, v\u00eddeo y telefon\u00eda, 30 piezas<\/p>\n","protected":false},"featured_media":8501,"comment_status":"open","ping_status":"closed","template":"","meta":[],"product_brand":[],"product_cat":[604],"product_tag":[606,605,607],"class_list":{"0":"post-8502","1":"product","2":"type-product","3":"status-publish","4":"has-post-thumbnail","6":"product_cat-accesorios-para-racks-y-gabinetes","7":"product_tag-accesorios-para-racks-y-gabinetes","8":"product_tag-racks-y-gabinetes","9":"product_tag-silimex","11":"first","12":"instock","13":"sale","14":"shipping-taxable","15":"purchasable","16":"product-type-simple"},"_links":{"self":[{"href":"https:\/\/soydeaqui.ddns.net\/pachuca\/index.php\/wp-json\/wp\/v2\/product\/8502","targetHints":{"allow":["GET"]}}],"collection":[{"href":"https:\/\/soydeaqui.ddns.net\/pachuca\/index.php\/wp-json\/wp\/v2\/product"}],"about":[{"href":"https:\/\/soydeaqui.ddns.net\/pachuca\/index.php\/wp-json\/wp\/v2\/types\/product"}],"replies":[{"embeddable":true,"href":"https:\/\/soydeaqui.ddns.net\/pachuca\/index.php\/wp-json\/wp\/v2\/comments?post=8502"}],"wp:featuredmedia":[{"embeddable":true,"href":"https:\/\/soydeaqui.ddns.net\/pachuca\/index.php\/wp-json\/wp\/v2\/media\/8501"}],"wp:attachment":[{"href":"https:\/\/soydeaqui.ddns.net\/pachuca\/index.php\/wp-json\/wp\/v2\/media?parent=8502"}],"wp:term":[{"taxonomy":"product_brand","embeddable":true,"href":"https:\/\/soydeaqui.ddns.net\/pachuca\/index.php\/wp-json\/wp\/v2\/product_brand?post=8502"},{"taxonomy":"product_cat","embeddable":true,"href":"https:\/\/soydeaqui.ddns.net\/pachuca\/index.php\/wp-json\/wp\/v2\/product_cat?post=8502"},{"taxonomy":"product_tag","embeddable":true,"href":"https:\/\/soydeaqui.ddns.net\/pachuca\/index.php\/wp-json\/wp\/v2\/product_tag?post=8502"}],"curies":[{"name":"wp","href":"https:\/\/api.w.org\/{rel}","templated":true}]}}