{"id":84980,"date":"2026-03-19T21:17:40","date_gmt":"2026-03-19T21:17:40","guid":{"rendered":"https:\/\/soydeaqui.ddns.net\/pachuca\/index.php\/producto\/usw-flex-xg-switch-capa-2-compacto-de-4-puertos-10gbe-puede-ser-alimentado-por-un-puerto-gbe-poe-o-con-un-adaptador-5-vcc-usb-c\/"},"modified":"2026-03-19T21:17:55","modified_gmt":"2026-03-19T21:17:55","slug":"usw-flex-xg-switch-capa-2-compacto-de-4-puertos-10gbe-puede-ser-alimentado-por-un-puerto-gbe-poe-o-con-un-adaptador-5-vcc-usb-c","status":"publish","type":"product","link":"https:\/\/soydeaqui.ddns.net\/pachuca\/index.php\/producto\/usw-flex-xg-switch-capa-2-compacto-de-4-puertos-10gbe-puede-ser-alimentado-por-un-puerto-gbe-poe-o-con-un-adaptador-5-vcc-usb-c\/","title":{"rendered":"USW Flex XG Switch Capa 2, Compacto de 4 Puertos 10GbE, Puede ser Alimentado por un Puerto GbE PoE+ o con un Adaptador 5 Vcc USB-C"},"content":{"rendered":"<div style='width: 100%; max-width: 1200px; margin: 0 auto; font-family: sans-serif; line-height: 1.6; color: inherit; background-color: transparent;'> <!-- Hero Section --> <\/p>\n<div style='display: flex; flex-wrap: wrap; gap: 30px; align-items: center; margin-bottom: 30px; border: 1px solid rgba(150&comma;150&comma;150&comma;0.3); border-radius: 12px; padding: 20px;'> <!-- Video\/Image Container --> <\/p>\n<div style='flex: 1 1 320px; min-width: 280px;'>\n<div style='position: relative; padding-bottom: 56.25%; height: 0; overflow: hidden;'> <video style='position: absolute; top: 0; left: 0; width: 100%; height: 100%; border: 1px solid rgba(150&comma;150&comma;150&comma;0.3); border-radius: 8px; display: block;' autoplay muted loop playsinline><source src='https:\/\/ftp3.syscom.mx\/usuarios\/adiaz\/Ubiquiti\/Imagenes\/USWFLEXXG\/USWFLEXXGloop.mp4' type='video\/mp4'><!-- Fallback image --> <img src='https:\/\/ftp3.syscom.mx\/usuarios\/adiaz\/Ubiquiti\/Imagenes\/USWFLEXXG\/fallback.avif' alt='Ubiquiti USW-Flex-XG' style='width: 100%; height: auto; border: 1px solid rgba(150&comma;150&comma;150&comma;0.3); border-radius: 8px;'><\/video> <\/div>\n<\/p><\/div>\n<p> <!-- Product Info --> <\/p>\n<div style='flex: 1 1 360px; min-width: 280px;'>\n<h2 style='font-size: 26px; margin: 0 0 10px; color: inherit;'>USW Flex 10 GbE<\/h2>\n<div style='margin: 0 0 15px; color: rgba(128&comma;128&comma;128&comma;0.8); font-weight: 600; font-size: 15px;'>Modelo: <span style='font-weight: 700;'>USW-Flex-XG<\/span><\/div>\n<p style='margin: 0; font-size: 15px; color: inherit;'>Switch Capa 2 <strong>10 GbE<\/strong> Compacto de 5 Puertos que puede ser Alimentado con PoE+ o con un Adaptador USB-C de 5 Vcc 5 A (Incluido).<\/p>\n<\/p><\/div>\n<\/p><\/div>\n<p> <!-- Specifications Title --> <\/p>\n<div style='text-align: center; margin: 40px 0 20px;'> <span style='font-size: 24px; color: #0d6efd; font-weight: 700; border-bottom: 2px solid currentColor; padding-bottom: 5px; display: inline-block; color: inherit;'>Especificaciones<\/span> <\/div>\n<p> <!-- Specifications Grid --> <\/p>\n<div style='display: flex; flex-wrap: wrap; gap: 20px; margin-bottom: 30px;'> <!-- Card: Caracter\u00edsticas principales --> <\/p>\n<div style='flex: 1 1 250px; border: 1px solid rgba(150&comma; 150&comma; 150&comma; 0.4); border-radius: 8px; overflow: hidden; display: flex; flex-direction: column;'>\n<div style='padding: 15px; border-bottom: 1px solid rgba(150&comma; 150&comma; 150&comma; 0.2); font-weight: bold; font-size: 18px; color: inherit;'>Caracter\u00edsticas principales<\/div>\n<div style='padding: 15px; color: inherit; flex-grow: 1;'>\n<ul style='padding-left: 20px; margin: 0; font-size: 14px; list-style-type: disc;'>\n<li style='margin-bottom: 5px;'>(4) Puertos 10 GbE<\/li>\n<li style='margin-bottom: 5px;'>(1) Puerto GbE de entrada PoE+ GbE para la alimentaci\u00f3n<\/li>\n<\/ul><\/div>\n<\/p><\/div>\n<p> <!-- Card: F\u00edsicas y el\u00e9ctricas --> <\/p>\n<div style='flex: 1 1 250px; border: 1px solid rgba(150&comma; 150&comma; 150&comma; 0.4); border-radius: 8px; overflow: hidden; display: flex; flex-direction: column;'>\n<div style='padding: 15px; border-bottom: 1px solid rgba(150&comma; 150&comma; 150&comma; 0.2); font-weight: bold; font-size: 18px; color: inherit;'>Caracter\u00edsticas f\u00edsicas y el\u00e9ctricas<\/div>\n<div style='padding: 15px; color: inherit; flex-grow: 1;'>\n<ul style='padding-left: 20px; margin: 0; font-size: 14px; list-style-type: disc;'>\n<li style='margin-bottom: 5px;'>Dimensiones: 135 x 185 x 32 mm (5.3 x 7.3 x 1.3&#8242;)<\/li>\n<li style='margin-bottom: 5px;'>Peso: 1.2 kg (2.7 lb)<\/li>\n<li style='margin-bottom: 5px;'>Material de la carcasa: Policarbonato<\/li>\n<li style='margin-bottom: 5px;'>Puertos: 1 Puerto 1G\/100M\/10M; 4 Puertos de 10 GbE<\/li>\n<li style='margin-bottom: 5px;'>Metodo de Alimentaci\u00f3n: (1) Adaptador ca\/cc tipo USB-C \u00f3 (1) PoE+<\/li>\n<li style='margin-bottom: 5px;'>Alimentaci\u00f3n: 5 Vcc 5A \u00f3 44-57Vcc 25W PoE+<\/li>\n<li style='margin-bottom: 5px;'>Temperatura de operaci\u00f3n: \u22125 a 45 \u00b0C (23 a 113 \u00b0F)<\/li>\n<li style='margin-bottom: 5px;'>Humedad de operaci\u00f3n: 10\u201390% sin condensaci\u00f3n<\/li>\n<\/ul><\/div>\n<\/p><\/div>\n<p> <!-- Card: Rendimiento --> <\/p>\n<div style='flex: 1 1 250px; border: 1px solid rgba(150&comma; 150&comma; 150&comma; 0.4); border-radius: 8px; overflow: hidden; display: flex; flex-direction: column;'>\n<div style='padding: 15px; border-bottom: 1px solid rgba(150&comma; 150&comma; 150&comma; 0.2); font-weight: bold; font-size: 18px; color: inherit;'>Rendimiento<\/div>\n<div style='padding: 15px; color: inherit; flex-grow: 1;'>\n<ul style='padding-left: 20px; margin: 0; font-size: 14px; list-style-type: disc;'>\n<li style='margin-bottom: 5px;'>Capacidad de Switching: 82 Gbps<\/li>\n<li style='margin-bottom: 5px;'>Throughput Non-Blocking: 41 Gbps<\/li>\n<li style='margin-bottom: 5px;'>Forwarding Rate: 61 Mpps<\/li>\n<li style='margin-bottom: 5px;'>VLANs soportadas: 1&comma;000<\/li>\n<li style='margin-bottom: 5px;'>Tabla de MAC Address: 16&comma;000<\/li>\n<li style='margin-bottom: 5px;'>Tama\u00f1o de Buffer: 1.5 MB<\/li>\n<li style='margin-bottom: 5px;'>Access List IPv4: 12<\/li>\n<li style='margin-bottom: 5px;'>Access List IPv6: 10<\/li>\n<\/ul><\/div>\n<\/p><\/div>\n<p> <!-- Card: Caracter\u00edsticas avanzadas --> <\/p>\n<div style='flex: 1 1 250px; border: 1px solid rgba(150&comma; 150&comma; 150&comma; 0.4); border-radius: 8px; overflow: hidden; display: flex; flex-direction: column;'>\n<div style='padding: 15px; border-bottom: 1px solid rgba(150&comma; 150&comma; 150&comma; 0.2); font-weight: bold; font-size: 18px; color: inherit;'>Caracter\u00edsticas Capa 2<\/div>\n<div style='padding: 15px; color: inherit; flex-grow: 1;'>\n<ul style='padding-left: 20px; margin: 0; font-size: 14px; list-style-type: disc;'>\n<li style='margin-bottom: 5px;'>LACP Port Aggregation<\/li>\n<li style='margin-bottom: 5px;'>STP &#038; RSTP<\/li>\n<li style='margin-bottom: 5px;'>Advanced IGMP Configuration (Querier&comma; Fast Leave&comma; Router Port)<\/li>\n<li style='margin-bottom: 5px;'>IGMP Snooping<\/li>\n<li style='margin-bottom: 5px;'>802.1X Control<\/li>\n<li style='margin-bottom: 5px;'>MAC-Based ACLs &#038; Device Isolation<\/li>\n<li style='margin-bottom: 5px;'>DHCP Snooping &#038; Guarding<\/li>\n<li style='margin-bottom: 5px;'>Egress Rate Limit<\/li>\n<li style='margin-bottom: 5px;'>Flow Control<\/li>\n<li style='margin-bottom: 5px;'>Storm Control<\/li>\n<li style='margin-bottom: 5px;'>Multicast &#038; Broadcast Rate Limiting<\/li>\n<li style='margin-bottom: 5px;'>MAC Address Blocking<\/li>\n<li style='margin-bottom: 5px;'>IP-Based ACLs &#038; Network Isolation<\/li>\n<li style='margin-bottom: 5px;'>MAC-Based Port Restriction<\/li>\n<li style='margin-bottom: 5px;'>Port Isolation<\/li>\n<li style='margin-bottom: 5px;'>Port Mirroring<\/li>\n<li style='margin-bottom: 5px;'>Jumbo Frames<\/li>\n<li style='margin-bottom: 5px;'>LLDP-MED<\/li>\n<li style='margin-bottom: 5px;'>Voice VLAN<\/li>\n<li style='margin-bottom: 5px;'>Loop Protection<\/li>\n<\/ul><\/div>\n<\/p><\/div>\n<\/p><\/div>\n<p> <!-- Accessories Section --> <\/p>\n<div style='border: 1px solid rgba(150&comma;150&comma;150&comma;0.3); border-radius: 12px; padding: 20px; margin: 30px 0; text-align: center; max-width: 600px; margin-left: auto; margin-right: auto;'>\n<h3 style='font-size: 20px; margin: 0 0 20px; font-weight: 600; color: inherit;'>Accesorios Recomendados<\/h3>\n<div style='display: flex; flex-wrap: wrap; gap: 15px; justify-content: center;'> <!-- Accessory 1 --> <a href='https:\/\/www.syscom.mx\/products\/238020' target='_blank' style='flex: 0 1 160px; text-decoration: none; color: inherit;'> <\/p>\n<div style='border: 1px solid rgba(150&comma;150&comma;150&comma;0.3); border-radius: 8px; padding: 15px; text-align: center;'> <img src='https:\/\/ftp3.syscom.mx\/usuarios\/adiaz\/Ubiquiti\/Imagenes\/USWFlex25G5\/portada_0S1000.avif' alt='UACC-CABLE-PATCH-EL-2M-W' style='width: 100%; max-width: 120px; height: auto; border: 1px solid rgba(150&comma;150&comma;150&comma;0.3); border-radius: 8px; margin-bottom: 10px;'> <\/p>\n<div style='font-weight: 600; color: #0d6efd; font-size: 15px;'>UACC-CABLE-PATCH-EL-2M-W<\/div>\n<\/p><\/div>\n<p> <\/a> <!-- Accessory 2 --> <a href='https:\/\/www.syscom.mx\/products\/243850' target='_blank' style='flex: 0 1 160px; text-decoration: none; color: inherit;'> <\/p>\n<div style='border: 1px solid rgba(150&comma;150&comma;150&comma;0.3); border-radius: 8px; padding: 15px; text-align: center;'> <img src='https:\/\/ftp3.syscom.mx\/usuarios\/adiaz\/Ubiquiti\/Imagenes\/UACCUTS\/uacc-uts-7.png' alt='UACC-UTS' style='width: 100%; max-width: 120px; height: auto; border: 1px solid rgba(150&comma;150&comma;150&comma;0.3); border-radius: 8px; margin-bottom: 10px;'> <\/p>\n<div style='font-weight: 600; color: #0d6efd; font-size: 15px;'>UACC-UTS<\/div>\n<\/p><\/div>\n<p> <\/a> <\/div>\n<\/p><\/div>\n<p> <!-- Package Contents --> <\/p>\n<div style='border: 1px solid rgba(150&comma;150&comma;150&comma;0.3); border-radius: 12px; padding: 20px; margin: 30px 0; text-align: center;'>\n<h3 style='font-size: 20px; margin: 0 0 15px; font-weight: 600; color: inherit;'>Contenido del Paquete<\/h3>\n<p> <img src='https:\/\/ftp3.syscom.mx\/usuarios\/adiaz\/Ubiquiti\/Imagenes\/USWFLEXXG\/contenido.avif' alt='Contenido del paquete USW-Flex-XG' style='width: 100%; max-width: 600px; height: auto; border: 1px solid rgba(150&comma;150&comma;150&comma;0.3); border-radius: 8px;'> <\/div>\n<\/p><\/div>\n","protected":false},"excerpt":{"rendered":"<p>USW Flex XG Switch Capa 2, Compacto de 4 Puertos 10GbE, Puede ser Alimentado por un Puerto GbE PoE+ o con un Adaptador 5 Vcc USB-C<\/p>\n","protected":false},"featured_media":84979,"comment_status":"open","ping_status":"closed","template":"","meta":[],"product_brand":[],"product_cat":[1970],"product_tag":[664,1971,166],"class_list":{"0":"post-84980","1":"product","2":"type-product","3":"status-publish","4":"has-post-thumbnail","6":"product_cat-switches","7":"product_tag-networking","8":"product_tag-switches","9":"product_tag-ubiquiti","11":"first","12":"outofstock","13":"sale","14":"shipping-taxable","15":"purchasable","16":"product-type-simple"},"_links":{"self":[{"href":"https:\/\/soydeaqui.ddns.net\/pachuca\/index.php\/wp-json\/wp\/v2\/product\/84980","targetHints":{"allow":["GET"]}}],"collection":[{"href":"https:\/\/soydeaqui.ddns.net\/pachuca\/index.php\/wp-json\/wp\/v2\/product"}],"about":[{"href":"https:\/\/soydeaqui.ddns.net\/pachuca\/index.php\/wp-json\/wp\/v2\/types\/product"}],"replies":[{"embeddable":true,"href":"https:\/\/soydeaqui.ddns.net\/pachuca\/index.php\/wp-json\/wp\/v2\/comments?post=84980"}],"wp:featuredmedia":[{"embeddable":true,"href":"https:\/\/soydeaqui.ddns.net\/pachuca\/index.php\/wp-json\/wp\/v2\/media\/84979"}],"wp:attachment":[{"href":"https:\/\/soydeaqui.ddns.net\/pachuca\/index.php\/wp-json\/wp\/v2\/media?parent=84980"}],"wp:term":[{"taxonomy":"product_brand","embeddable":true,"href":"https:\/\/soydeaqui.ddns.net\/pachuca\/index.php\/wp-json\/wp\/v2\/product_brand?post=84980"},{"taxonomy":"product_cat","embeddable":true,"href":"https:\/\/soydeaqui.ddns.net\/pachuca\/index.php\/wp-json\/wp\/v2\/product_cat?post=84980"},{"taxonomy":"product_tag","embeddable":true,"href":"https:\/\/soydeaqui.ddns.net\/pachuca\/index.php\/wp-json\/wp\/v2\/product_tag?post=84980"}],"curies":[{"name":"wp","href":"https:\/\/api.w.org\/{rel}","templated":true}]}}