{"id":84924,"date":"2026-03-19T21:15:10","date_gmt":"2026-03-19T21:15:10","guid":{"rendered":"https:\/\/soydeaqui.ddns.net\/pachuca\/index.php\/producto\/uisp-dish-mini-antena-direccional-tipo-plato-de-26-dbi-de-ganancia-banda-de-frecuencia-de-5150-a-6875-mhz\/"},"modified":"2026-03-19T21:15:25","modified_gmt":"2026-03-19T21:15:25","slug":"uisp-dish-mini-antena-direccional-tipo-plato-de-26-dbi-de-ganancia-banda-de-frecuencia-de-5150-a-6875-mhz","status":"publish","type":"product","link":"https:\/\/soydeaqui.ddns.net\/pachuca\/index.php\/producto\/uisp-dish-mini-antena-direccional-tipo-plato-de-26-dbi-de-ganancia-banda-de-frecuencia-de-5150-a-6875-mhz\/","title":{"rendered":"UISP Dish Mini \u2013 Antena Direccional Tipo Plato de 26 dBi de Ganancia, Banda de Frecuencia de 5150 a 6875 MHz"},"content":{"rendered":"<div style='width: 100%; max-width: 1200px; margin: 0 auto; font-family: sans-serif; line-height: 1.6; color: inherit; background-color: transparent;'><!-- Hero --><\/p>\n<div style='display:flex; flex-wrap:wrap; gap:30px; align-items:center; border:1px solid rgba(150&comma;150&comma;150&comma;0.3); border-radius:12px; padding:20px; margin-bottom:30px;'>\n<div style='flex:1 1 320px; min-width:280px;'><img style='width: 100%; height: auto; border: 1px solid rgba(150&comma;150&comma;150&comma;0.3); border-radius: 8px;' src='https:\/\/ftp3.syscom.mx\/usuarios\/adiaz\/Ubiquiti\/Imagenes\/UISPDISH\/principal.avif' alt='LTU-XR'><\/div>\n<div style='flex:1 1 360px; min-width:280px;'>\n<h2 style='font-size: 24px; margin: 0 0 10px; color: inherit; opacity: 0.9;'>UISP Dish Mini<\/h2>\n<div style='margin:0 0 15px; color: rgba(255&comma;255&comma;255&comma;0.6); font-weight: 600;'>Modelo: <span style='font-weight: 700; color: inherit;'>UISP-Dish-Mini<\/span><\/div>\n<p style='margin:0; color: inherit;'>Antena Direccional Tipo Plato de <strong>26 dBi<\/strong> de Ganancia&comma; Banda de Frecuencia de 5150 a 6875 MHz<\/p>\n<\/div>\n<\/div>\n<p><!-- T\u00edtulo Especificaciones --><\/p>\n<div style='text-align:center; margin: 24px 0 12px;'><span style='font-size:1.35rem; font-weight:700; color: #0d6efd; color: inherit; opacity: 0.8;'>Especificaciones<\/span><\/div>\n<p><!-- Grid de tarjetas --><\/p>\n<div style='display: flex; flex-wrap: wrap; gap: 20px; margin-bottom: 30px;'><!-- Card: F\u00edsicas y el\u00e9ctricas --><\/p>\n<div style='flex: 1 1 250px; border: 1px solid rgba(150&comma; 150&comma; 150&comma; 0.4); border-radius: 8px; overflow: hidden; display: flex; flex-direction: column;'>\n<div style='padding: 15px; border-bottom: 1px solid rgba(150&comma; 150&comma; 150&comma; 0.2); font-weight: bold; font-size: 18px; color: inherit;'>Caracter\u00edsticas f\u00edsicas y el\u00e9ctricas<\/div>\n<div style='padding: 15px; color: inherit;'>\n<ul style='padding-left: 20px; margin: 0; font-size: 14px; list-style-type: disc;'>\n<li style='margin-bottom: 5px;'><strong>Dimensiones<\/strong>: \u00d8420 x 140 mm (\u00d825.6 x 7.9&#8242;)<\/li>\n<li style='margin-bottom: 5px;'><strong>Peso Antena<\/strong>: 1.95 kg; <strong>Peso Montaje<\/strong>: 1 kg; <strong>Peso Waveguide<\/strong>: 0.45 kg<\/li>\n<li style='margin-bottom: 5px;'><strong>Resistencia al viento<\/strong>: Hasta 200 km\/h (124 mph)<\/li>\n<li style='margin-bottom: 5px;'><strong>Carga de viento<\/strong>: 348 N a 200 km\/h (78 lbf a 124 mph)<\/li>\n<li style='margin-bottom: 5px;'><strong>Montaje<\/strong>: Montaje en poste; Kit de montaje de alineaci\u00f3n (incluido); Ajuste mec\u00e1nico: \u00b120\u00b0 de elevaci\u00f3n<\/li>\n<li style='margin-bottom: 5px;'><strong>Di\u00e1metro del poste<\/strong>: \u00d81.25\u20133&#8242; (\u00d832\u201376 mm)<\/li>\n<\/ul>\n<\/div>\n<\/div>\n<p><!-- Card: Hardware --><\/p>\n<div style='flex: 1 1 250px; border: 1px solid rgba(150&comma; 150&comma; 150&comma; 0.4); border-radius: 8px; overflow: hidden; display: flex; flex-direction: column;'>\n<div style='padding: 15px; border-bottom: 1px solid rgba(150&comma; 150&comma; 150&comma; 0.2); font-weight: bold; font-size: 18px; color: inherit;'>Hardware<\/div>\n<div style='padding: 15px; color: inherit;'>\n<ul style='padding-left: 20px; margin: 0; font-size: 14px; list-style-type: disc;'>\n<li style='margin-bottom: 5px;'><strong>Rango de Frecuencia<\/strong>: 5150 a 6875 MHz<\/li>\n<li style='margin-bottom: 5px;'><strong>Ancho de haz<\/strong>: <strong><em>Azimut<\/em><\/strong>: 5&comma;8 a 9\u00b0 (3 dB) \/ 7&comma;6 a 12&comma;5\u00b0 (6 dB); <strong><em>Elevaci\u00f3n<\/em><\/strong>: 5&comma;8 a 9\u00b0 (3 dB) \/ 7&comma;6 a 12&comma;5\u00b0 (6 dB)<\/li>\n<li style='margin-bottom: 5px;'><strong>Downtilt El\u00e9ctrico<\/strong>: 0\u00b0<\/li>\n<li style='margin-bottom: 5px;'><strong>VSWR m\u00e1x<\/strong>.: 2:1<\/li>\n<li style='margin-bottom: 5px;'><strong>Polarizaci\u00f3n<\/strong>: Doble lineal<\/li>\n<li style='margin-bottom: 5px;'><strong>Aislamiento de polarizaci\u00f3n cruzada<\/strong>: 15 dB<\/li>\n<li style='margin-bottom: 5px;'>Cumple con NDDA<\/li>\n<\/ul>\n<\/div>\n<\/div>\n<\/div>\n<\/div>\n","protected":false},"excerpt":{"rendered":"<p>UISP Dish Mini \u2013 Antena Direccional Tipo Plato de 26 dBi de Ganancia, Banda de Frecuencia de 5150 a 6875 MHz<\/p>\n","protected":false},"featured_media":84923,"comment_status":"open","ping_status":"closed","template":"","meta":[],"product_brand":[],"product_cat":[1918],"product_tag":[1404,1919,166],"class_list":{"0":"post-84924","1":"product","2":"type-product","3":"status-publish","4":"has-post-thumbnail","6":"product_cat-direccionales","7":"product_tag-antenas","8":"product_tag-direccionales","9":"product_tag-ubiquiti","11":"first","12":"instock","13":"sale","14":"shipping-taxable","15":"purchasable","16":"product-type-simple"},"_links":{"self":[{"href":"https:\/\/soydeaqui.ddns.net\/pachuca\/index.php\/wp-json\/wp\/v2\/product\/84924","targetHints":{"allow":["GET"]}}],"collection":[{"href":"https:\/\/soydeaqui.ddns.net\/pachuca\/index.php\/wp-json\/wp\/v2\/product"}],"about":[{"href":"https:\/\/soydeaqui.ddns.net\/pachuca\/index.php\/wp-json\/wp\/v2\/types\/product"}],"replies":[{"embeddable":true,"href":"https:\/\/soydeaqui.ddns.net\/pachuca\/index.php\/wp-json\/wp\/v2\/comments?post=84924"}],"wp:featuredmedia":[{"embeddable":true,"href":"https:\/\/soydeaqui.ddns.net\/pachuca\/index.php\/wp-json\/wp\/v2\/media\/84923"}],"wp:attachment":[{"href":"https:\/\/soydeaqui.ddns.net\/pachuca\/index.php\/wp-json\/wp\/v2\/media?parent=84924"}],"wp:term":[{"taxonomy":"product_brand","embeddable":true,"href":"https:\/\/soydeaqui.ddns.net\/pachuca\/index.php\/wp-json\/wp\/v2\/product_brand?post=84924"},{"taxonomy":"product_cat","embeddable":true,"href":"https:\/\/soydeaqui.ddns.net\/pachuca\/index.php\/wp-json\/wp\/v2\/product_cat?post=84924"},{"taxonomy":"product_tag","embeddable":true,"href":"https:\/\/soydeaqui.ddns.net\/pachuca\/index.php\/wp-json\/wp\/v2\/product_tag?post=84924"}],"curies":[{"name":"wp","href":"https:\/\/api.w.org\/{rel}","templated":true}]}}