{"id":84914,"date":"2026-03-19T21:14:45","date_gmt":"2026-03-19T21:14:45","guid":{"rendered":"https:\/\/soydeaqui.ddns.net\/pachuca\/index.php\/producto\/radio-enlace-ptp-ptmt-con-wi-fi-6-ideal-para-enlaces-a-largas-distancias-esta-es-la-version-de-24-5-dbi\/"},"modified":"2026-03-19T21:14:46","modified_gmt":"2026-03-19T21:14:46","slug":"radio-enlace-ptp-ptmt-con-wi-fi-6-ideal-para-enlaces-a-largas-distancias-esta-es-la-version-de-24-5-dbi","status":"publish","type":"product","link":"https:\/\/soydeaqui.ddns.net\/pachuca\/index.php\/producto\/radio-enlace-ptp-ptmt-con-wi-fi-6-ideal-para-enlaces-a-largas-distancias-esta-es-la-version-de-24-5-dbi\/","title":{"rendered":"Radio enlace PTP\/PTMT con Wi-Fi 6, ideal para enlaces a largas distancias. Esta es la versi\u00f3n de 24.5 dBi"},"content":{"rendered":"<div style='width: 100%; max-width: 1200px; margin: 0 auto; font-family: sans-serif; line-height: 1.6; color: inherit; background-color: transparent;'> <!-- Imagen principal --> <\/p>\n<div style='margin-bottom: 30px;'> <img style='width: 100%; height: auto; border: 1px solid rgba(150&comma;150&comma;150&comma;0.3); border-radius: 8px;' src='http:\/\/ftp3.syscom.mx\/usuarios\/ftp\/2025\/10\/30\/2676\/1761853243039.png_froala_6903bf3bc81f1' alt=''> <\/div>\n<p> <!-- Descripci\u00f3n principal --> <\/p>\n<div style='margin-bottom: 30px; font-size: 15px;'>\n<p style='margin: 0 0 15px 0;'>\u00bfNecesitas una conexi\u00f3n r\u00e1pida y estable a larga distancia? Tanto si conectas dos edificios&comma; una ubicaci\u00f3n remota o compartes internet con infraestructura cercana&comma; la nueva serie LHG Wi-Fi 6 est\u00e1 dise\u00f1ada para afrontar cualquier reto. Y lo mejor de todo: mantenemos el mismo precio que la generaci\u00f3n anterior. Alto rendimiento&comma; largo alcance y Wi-Fi 6&comma; todo a un precio asequible.<\/p>\n<p style='margin: 0 0 15px 0;'>El est\u00e1ndar 802.11ax ofrece mejoras cruciales para enlaces inal\u00e1mbricos de larga distancia&comma; como una mayor eficiencia espectral&comma; tasas de modulaci\u00f3n m\u00e1s altas (1024-QAM) y menor latencia. Esto se traduce en un rendimiento superior incluso en entornos ruidosos y conexiones m\u00e1s r\u00e1pidas y estables a mayor distancia. Gracias al cifrado WPA3 y RouterOS v7&comma; la serie LHG ax est\u00e1 preparada para los retos de las redes exteriores modernas. \u00a1P\u00eddela hoy mismo y prep\u00e1rate!<\/p>\n<p style='margin: 0;'>El LHG 5 ax es un CPE compacto de largo alcance con una antena de 24&comma;5 dBi. Perfecto para enlaces de hasta 20 km en la mayor\u00eda de los casos. Si necesita mayor alcance&comma; consulte la versi\u00f3n XL de los dispositivos relacionados que aparecen a continuaci\u00f3n.<\/p>\n<\/p><\/div>\n<p> <!-- Video --> <\/p>\n<div style='margin-bottom: 30px;'>\n<div style='position: relative; padding-bottom: 56.25%; height: 0; overflow: hidden;'>   <\/div>\n<\/p><\/div>\n<p> <!-- Especificaciones --> <\/p>\n<div style='display: flex; flex-wrap: wrap; gap: 30px; margin-bottom: 30px;'>\n<div style='flex: 1 1 300px; min-width: 280px;'>\n<h3 style='font-size: 22px; border-bottom: 2px solid currentColor; padding-bottom: 5px; margin-top: 0; color: inherit; opacity: 0.8;'>Presupuesto<\/h3>\n<ul style='padding-left: 20px; font-size: 15px; color: inherit;'>\n<li style='margin-bottom: 5px;'><strong>C\u00f3digo de producto:<\/strong> LHG-5axD<\/li>\n<li style='margin-bottom: 5px;'><strong>Arquitectura:<\/strong> ARM 32 bits<\/li>\n<li style='margin-bottom: 5px;'><strong>UPC:<\/strong> IPQ-5010<\/li>\n<li style='margin-bottom: 5px;'><strong>N\u00famero de n\u00facleos de CPU:<\/strong> 2<\/li>\n<li style='margin-bottom: 5px;'><strong>Frecuencia nominal de la CPU:<\/strong> 800 MHz<\/li>\n<li style='margin-bottom: 5px;'><strong>Licencia de RouterOS:<\/strong> 3<\/li>\n<li style='margin-bottom: 5px;'><strong>Sistema operativo:<\/strong> <a style='color: inherit; text-decoration: underline;' href='https:\/\/help.mikrotik.com\/docs\/display\/ROS\/RouterOS' target='_blank' rel='noopener'>RouterOS v7<\/a><\/li>\n<li style='margin-bottom: 5px;'><strong>Tama\u00f1o de RAM:<\/strong> 256 MB<\/li>\n<li style='margin-bottom: 5px;'><strong>Tama\u00f1o de almacenamiento:<\/strong> 128 MB<\/li>\n<li style='margin-bottom: 5px;'><strong>Tipo de almacenamiento:<\/strong> NAND<\/li>\n<li style='margin-bottom: 5px;'><strong>MTBF:<\/strong> Aproximadamente 100.000 horas a 25 \u00b0C<\/li>\n<li style='margin-bottom: 5px;'><strong>Temperatura ambiente probada:<\/strong> -40\u00b0C a 70\u00b0C<\/li>\n<\/ul><\/div>\n<div style='flex: 1 1 300px; min-width: 280px;'>\n<h3 style='font-size: 22px; border-bottom: 2px solid currentColor; padding-bottom: 5px; margin-top: 0; color: inherit; opacity: 0.8;'>Alimentando<\/h3>\n<ul style='padding-left: 20px; font-size: 15px; color: inherit;'>\n<li style='margin-bottom: 5px;'><strong>N\u00famero de entradas de CC:<\/strong> 1 (PoE-IN)<\/li>\n<li style='margin-bottom: 5px;'><strong>Consumo m\u00e1ximo de energ\u00eda:<\/strong> 5 W<\/li>\n<li style='margin-bottom: 5px;'><strong>PoE en:<\/strong> PoE pasivo<\/li>\n<li style='margin-bottom: 5px;'><strong>Tipo de refrigeraci\u00f3n:<\/strong> Pasivo<\/li>\n<li style='margin-bottom: 5px;'><strong>PoE en voltaje de entrada:<\/strong> 12-28 V<\/li>\n<\/ul><\/div>\n<div style='flex: 1 1 300px; min-width: 280px;'>\n<h3 style='font-size: 22px; border-bottom: 2px solid currentColor; padding-bottom: 5px; margin-top: 0; color: inherit; opacity: 0.8;'>Especificaciones inal\u00e1mbricas<\/h3>\n<ul style='padding-left: 20px; font-size: 15px; color: inherit;'>\n<li style='margin-bottom: 5px;'><strong>Velocidad m\u00e1xima de datos inal\u00e1mbrica de 5 GHz:<\/strong> 1200 Mbit\/s<\/li>\n<li style='margin-bottom: 5px;'><strong>N\u00famero de cadenas inal\u00e1mbricas de 5 GHz:<\/strong> 2<\/li>\n<li style='margin-bottom: 5px;'><strong>Est\u00e1ndares inal\u00e1mbricos de 5 GHz:<\/strong> 802.11a\/n\/ac\/ax<\/li>\n<li style='margin-bottom: 5px;'><strong>Ganancia de antena dBi para 5 GHz:<\/strong> 24&comma;5<\/li>\n<li style='margin-bottom: 5px;'><strong>modelo de chip inal\u00e1mbrico de 5 GHz:<\/strong> QCN-6102<\/li>\n<li style='margin-bottom: 5px;'><strong>Generaci\u00f3n inal\u00e1mbrica de 5 GHz:<\/strong> Wi-Fi 6<\/li>\n<\/ul><\/div>\n<div style='flex: 1 1 300px; min-width: 280px;'>\n<h3 style='font-size: 22px; border-bottom: 2px solid currentColor; padding-bottom: 5px; margin-top: 0; color: inherit; opacity: 0.8;'>Ethernet<\/h3>\n<ul style='padding-left: 20px; font-size: 15px; color: inherit;'>\n<li style='margin-bottom: 5px;'><strong>Puertos Ethernet 10\/100\/1000:<\/strong> 1<\/li>\n<\/ul><\/div>\n<div style='flex: 1 1 300px; min-width: 280px;'>\n<h3 style='font-size: 22px; border-bottom: 2px solid currentColor; padding-bottom: 5px; margin-top: 0; color: inherit; opacity: 0.8;'>Otro<\/h3>\n<ul style='padding-left: 20px; font-size: 15px; color: inherit;'>\n<li style='margin-bottom: 5px;'><strong>monitor de temperatura de la CPU:<\/strong> S\u00ed<\/li>\n<\/ul><\/div>\n<div style='flex: 1 1 300px; min-width: 280px;'>\n<h3 style='font-size: 22px; border-bottom: 2px solid currentColor; padding-bottom: 5px; margin-top: 0; color: inherit; opacity: 0.8;'>Certificaciones y aprobaciones<\/h3>\n<ul style='padding-left: 20px; font-size: 15px; color: inherit;'>\n<li style='margin-bottom: 5px;'><strong>Proceso de dar un t\u00edtulo:<\/strong> CE&comma; FCC&comma; IC&comma; EAC&comma; RoHS<\/li>\n<li style='margin-bottom: 5px;'><strong>IP:<\/strong> 54<\/li>\n<\/ul><\/div>\n<div style='flex: 1 1 300px; min-width: 280px;'>\n<h3 style='font-size: 22px; border-bottom: 2px solid currentColor; padding-bottom: 5px; margin-top: 0; color: inherit; opacity: 0.8;'>Especificaciones inal\u00e1mbricas<\/h3>\n<div style='overflow-x: auto;'>\n<table style='width: 100%; border-collapse: collapse; font-size: 15px; color: inherit;'>\n<thead style='background-color: rgba(150&comma; 150&comma; 150&comma; 0.1);'>\n<tr>\n<th style='padding: 8px; border: 1px solid rgba(150&comma;150&comma;150&comma;0.3); text-align: left;'><strong>5 GHz<\/strong><\/th>\n<th style='padding: 8px; border: 1px solid rgba(150&comma;150&comma;150&comma;0.3); text-align: left;'><strong>Transmisi\u00f3n (dBm)<\/strong><\/th>\n<th style='padding: 8px; border: 1px solid rgba(150&comma;150&comma;150&comma;0.3); text-align: left;'><strong>Sensibilidad de recepci\u00f3n<\/strong><\/th>\n<\/tr>\n<\/thead>\n<tbody>\n<tr style='background-color: rgba(150&comma; 150&comma; 150&comma; 0.05);'>\n<td style='padding: 8px; border: 1px solid rgba(150&comma;150&comma;150&comma;0.3);'>6 Mbit\/s<\/td>\n<td style='padding: 8px; border: 1px solid rgba(150&comma;150&comma;150&comma;0.3);'>24<\/td>\n<td style='padding: 8px; border: 1px solid rgba(150&comma;150&comma;150&comma;0.3);'>-96<\/td>\n<\/tr>\n<tr>\n<td style='padding: 8px; border: 1px solid rgba(150&comma;150&comma;150&comma;0.3);'>54 Mbit\/s<\/td>\n<td style='padding: 8px; border: 1px solid rgba(150&comma;150&comma;150&comma;0.3);'>21<\/td>\n<td style='padding: 8px; border: 1px solid rgba(150&comma;150&comma;150&comma;0.3);'>-80<\/td>\n<\/tr>\n<tr style='background-color: rgba(150&comma; 150&comma; 150&comma; 0.05);'>\n<td style='padding: 8px; border: 1px solid rgba(150&comma;150&comma;150&comma;0.3);'>MCS0<\/td>\n<td style='padding: 8px; border: 1px solid rgba(150&comma;150&comma;150&comma;0.3);'>24<\/td>\n<td style='padding: 8px; border: 1px solid rgba(150&comma;150&comma;150&comma;0.3);'>-96<\/td>\n<\/tr>\n<tr>\n<td style='padding: 8px; border: 1px solid rgba(150&comma;150&comma;150&comma;0.3);'>MCS7<\/td>\n<td style='padding: 8px; border: 1px solid rgba(150&comma;150&comma;150&comma;0.3);'>20<\/td>\n<td style='padding: 8px; border: 1px solid rgba(150&comma;150&comma;150&comma;0.3);'>-75<\/td>\n<\/tr>\n<tr style='background-color: rgba(150&comma;150&comma;150&comma; 0.05);'>\n<td style='padding: 8px; border: 1px solid rgba(150&comma;150&comma;150&comma;0.3);'>MCS9<\/td>\n<td style='padding: 8px; border: 1px solid rgba(150&comma;150&comma;150&comma;0.3);'>19<\/td>\n<td style='padding: 8px; border: 1px solid rgba(150&comma;150&comma;150&comma;0.3);'>-70<\/td>\n<\/tr>\n<tr>\n<td style='padding: 8px; border: 1px solid rgba(150&comma;150&comma;150&comma;0.3);'>MCS11<\/td>\n<td style='padding: 8px; border: 1px solid rgba(150&comma;150&comma;150&comma;0.3);'>17<\/td>\n<td style='padding: 8px; border: 1px solid rgba(150&comma;150&comma;150&comma;0.3);'>-67<\/td>\n<\/tr>\n<\/tbody>\n<\/table><\/div>\n<\/p><\/div>\n<div style='flex: 1 1 300px; min-width: 280px;'>\n<h3 style='font-size: 22px; border-bottom: 2px solid currentColor; padding-bottom: 5px; margin-top: 0; color: inherit; opacity: 0.8;'>Piezas incluidas<\/h3>\n<div style='display: flex; flex-wrap: wrap; gap: 15px; margin-top: 10px;'>\n<div style='flex: 1 1 100px; min-width: 100px; text-align: center;'> <a style='color: inherit; text-decoration: none;' href='https:\/\/cdn.mikrotik.com\/web-assets\/rb_images\/part171391162306m.jpg' target='_blank'> <img style='width: 80px; height: auto; border: 1px solid rgba(150&comma;150&comma;150&comma;0.3); border-radius: 8px;' src='http:\/\/ftp3.syscom.mx\/usuarios\/ftp\/2025\/10\/30\/2676\/1761853142428.png_froala_6903bed724537' alt='Adaptador de corriente'> <\/p>\n<div style='margin-top: 8px; font-size: 14px;'>Adaptador de corriente de 24 V y 0&comma;38 A<\/div>\n<p> <\/a> <\/div>\n<div style='flex: 1 1 100px; min-width: 100px; text-align: center;'> <a style='color: inherit; text-decoration: none;' href='https:\/\/cdn.mikrotik.com\/web-assets\/rb_images\/part611632834438m.jpg' target='_blank'> <img style='width: 80px; height: auto; border: 1px solid rgba(150&comma;150&comma;150&comma;0.3); border-radius: 8px;' src='http:\/\/ftp3.syscom.mx\/usuarios\/ftp\/2025\/10\/30\/2676\/1761853142433.png_froala_6903bed77eed0' alt='Kit K-LHG'> <\/p>\n<div style='margin-top: 8px; font-size: 14px;'>Kit K-LHG<\/div>\n<p> <\/a> <\/div>\n<div style='flex: 1 1 100px; min-width: 100px; text-align: center;'> <a style='color: inherit; text-decoration: none;' href='https:\/\/cdn.mikrotik.com\/web-assets\/rb_images\/part1141600237409m.jpg' target='_blank'> <img style='width: 80px; height: auto; border: 1px solid rgba(150&comma;150&comma;150&comma;0.3); border-radius: 8px;' src='http:\/\/ftp3.syscom.mx\/usuarios\/ftp\/2025\/10\/30\/2676\/1761853142423.png_froala_6903bed6951c9' alt='Inyector PoE Gigabit'> <\/p>\n<div style='margin-top: 8px; font-size: 14px;'>Inyector PoE Gigabit<\/div>\n<p> <\/a> <\/div>\n<div style='flex: 1 1 100px; min-width: 100px; text-align: center;'> <a style='color: inherit; text-decoration: none;' href='https:\/\/cdn.mikrotik.com\/web-assets\/rb_images\/part1031582186492m.jpg' target='_blank'> <img style='width: 80px; height: auto; border: 1px solid rgba(150&comma;150&comma;150&comma;0.3); border-radius: 8px;' src='http:\/\/ftp3.syscom.mx\/usuarios\/ftp\/2025\/10\/30\/2676\/1761853142437.png_froala_6903bed7ca275' alt='Abrazadera de manguera 2'> <\/p>\n<div style='margin-top: 8px; font-size: 14px;'>Abrazadera de manguera 2<\/div>\n<p> <\/a> <\/div>\n<\/p><\/div>\n<\/p><\/div>\n<\/p><\/div>\n<p> <!-- Nota final --> <\/p>\n<div style='margin-top: 30px; font-size: 14px; color: inherit;'> <em>El dispositivo viene con un sistema operativo preinstalado y con licencia. No requiere compra adicional y est\u00e1 listo para usar. Incluye actualizaciones de software gratuitas durante toda la vida \u00fatil del producto o un m\u00ednimo de 5 a\u00f1os a partir de la fecha de compra.<\/em> <\/div>\n<p> <!-- Separador --> <\/p>\n<hr style='border: 0; border-top: 1px solid rgba(150&comma; 150&comma; 150&comma; 0.3); margin: 30px 0;'> <\/div>\n","protected":false},"excerpt":{"rendered":"<p>Radio enlace PTP\/PTMT con Wi-Fi 6, ideal para enlaces a largas distancias. Esta es la versi\u00f3n de 24.5 dBi<\/p>\n","protected":false},"featured_media":32,"comment_status":"open","ping_status":"closed","template":"","meta":[],"product_brand":[],"product_cat":[1998],"product_tag":[1999,1980,643],"class_list":{"0":"post-84914","1":"product","2":"type-product","3":"status-publish","4":"has-post-thumbnail","6":"product_cat-5-y-6-ghz","7":"product_tag-5-y-6-ghz","8":"product_tag-enlaces-ptp-y-ptmp","9":"product_tag-mikrotik","11":"first","12":"instock","13":"sale","14":"shipping-taxable","15":"purchasable","16":"product-type-simple"},"_links":{"self":[{"href":"https:\/\/soydeaqui.ddns.net\/pachuca\/index.php\/wp-json\/wp\/v2\/product\/84914","targetHints":{"allow":["GET"]}}],"collection":[{"href":"https:\/\/soydeaqui.ddns.net\/pachuca\/index.php\/wp-json\/wp\/v2\/product"}],"about":[{"href":"https:\/\/soydeaqui.ddns.net\/pachuca\/index.php\/wp-json\/wp\/v2\/types\/product"}],"replies":[{"embeddable":true,"href":"https:\/\/soydeaqui.ddns.net\/pachuca\/index.php\/wp-json\/wp\/v2\/comments?post=84914"}],"wp:featuredmedia":[{"embeddable":true,"href":"https:\/\/soydeaqui.ddns.net\/pachuca\/index.php\/wp-json\/wp\/v2\/media\/32"}],"wp:attachment":[{"href":"https:\/\/soydeaqui.ddns.net\/pachuca\/index.php\/wp-json\/wp\/v2\/media?parent=84914"}],"wp:term":[{"taxonomy":"product_brand","embeddable":true,"href":"https:\/\/soydeaqui.ddns.net\/pachuca\/index.php\/wp-json\/wp\/v2\/product_brand?post=84914"},{"taxonomy":"product_cat","embeddable":true,"href":"https:\/\/soydeaqui.ddns.net\/pachuca\/index.php\/wp-json\/wp\/v2\/product_cat?post=84914"},{"taxonomy":"product_tag","embeddable":true,"href":"https:\/\/soydeaqui.ddns.net\/pachuca\/index.php\/wp-json\/wp\/v2\/product_tag?post=84914"}],"curies":[{"name":"wp","href":"https:\/\/api.w.org\/{rel}","templated":true}]}}