{"id":84913,"date":"2026-03-19T21:14:41","date_gmt":"2026-03-19T21:14:41","guid":{"rendered":"https:\/\/soydeaqui.ddns.net\/pachuca\/index.php\/producto\/caja-de-plastico-reforzada-de-19-in-para-herramientas\/"},"modified":"2026-03-19T21:14:43","modified_gmt":"2026-03-19T21:14:43","slug":"caja-de-plastico-reforzada-de-19-in-para-herramientas","status":"publish","type":"product","link":"https:\/\/soydeaqui.ddns.net\/pachuca\/index.php\/producto\/caja-de-plastico-reforzada-de-19-in-para-herramientas\/","title":{"rendered":"Caja de pl\u00e1stico Reforzada de 19 in. para Herramientas."},"content":{"rendered":"<\/p>\n<p style='text-align: center;'><span style='font-family: tahoma&comma; arial&comma; helvetica&comma; sans-serif; font-size: 12pt;'><img class='fr-fic fr-dii' src='data:image\/png;base64&comma;iVBORw0KGgoAAAANSUhEUgAAANcAAABnCAIAAAAc1UCXAAAT7klEQVR4Ae2dd1gbR\/rHBTZuJE7suCUmubSLfYmd\/iTPXS6\/5HJpvzzJJffLpdwjATZgg8GY2MEluLfExnFix7Fjp5zL4TSrAqIITDFgehEguqkSIASoorba2V+khWG1orotQcOzf8xKu7Pzvu9nvzPzzshmYY4\/FpuLDuSBm+wBkj0Mw1iIwpvsevQ46AFEIdJ+5j2AKGQ+BlAS3LaAKEQUMu8BRCHzMXBbCYSGIwoRhcx7AFHIfAygJLhtAVGIKGTeA4hC5mPgthIIDUcUIgqZ9wCikPkYQElw2wKiEFHIvAcQhczHwG0lEBqOKEQUMu8BRCHzMYCS4LYFRCGikHkPIAqZj4HbSiA0HFGIKGTeA4hC5mMAJcFtC4hCRCHzHkAUMh8Dt5VAaDiiEFHIvAcQhczHAEqC2xYQhYhC5j2AKGQ+Bm4rgdBwRCGikHkPIAqZjwGUBLctIAoRhcx7AFHIfAzcVgKh4YhCRCHzHkAUMh8DKAluW0AUIgqZ9wCikPkYuK0EQsMRhYhC5j2AKGQ+BlAS3LaAKEQUMu8BRCHzMXBbCYSG3xAKH94kqZBrcQBGOKw2vENrzqzrjk6sfzU62ztQ6MGZhEB4cLhT\/XhLN0nWxkjP5rQmV3VJarsFJYrdouq\/H8ia5s+flFZDvMZYuDEUbpZUKnTEmP8AQbSrTd9mNL1yIGtOcOwYmz7BL5u2gv\/0jrSdgqpyudaGgyGd0W2wnM5qfuuLnElj9dUFZUJQCCPUY7D8N6d1eVTK1Rkzce6aHxr\/eWJ9Q5cBB0PzB00mCKLHYBGWtL\/4Wabb6uLEopAgCBwQnVrz8\/szJw5S423J8q2p1e264fSPyh+13G2whJwpnerHG+\/jJsH1E45CMjAao\/Wdo7lefvzfnYuf25shbdNQ8Rp7WWfC1v8oneb\/+7P6GsN0QyicvyYu7FzZbkH1cMceYfWBhLrT2S3ZDT1Gi23IOFW1657dnX6N5t3k2x\/alFzcMjSCOCDkGlNJq7a4RdPYY8Rs+JBWG8y2iPPlnr52Rbzn4yR43GRDbvLjbgiFHmzuFF\/eVL8RDv40f753oHBeSNzDn6SczGjqc2ERACKpUnmT3XEtj5u9SjQkghYb\/kuh4sWDWYvDxQtC4xeExt0VLn5mT8bXaY1mbIg3sMdgeePzHJY\/X642kUdbr5E1qXvqG0LheGM5xZf3zle5DV0GV3nwO1U43toYuX6qH28bT0YbC2I2UNyiefGzS8M16aHNEolMabIO6iJmA9Xtun8ezWWt4ENvAABY\/pN5vHhDKPQOFP55T8Yr0VnweHbX6H3rC\/szG1V90PVkobXHOH9N3HBRnDif\/2mzpKxNS208ZgPcQsV96xNHbuRv6njCLop2EOW9puiEugc+TrLfgigc2XGjfvtQZHJmbXen1gyPpIrOUe9isbnvfJVnsjp1UjgAvkzIodcKgc\/6xPsik2cECvtbzuGyODz74fKf93pwuKtOl1idh3rSVs2DHyd5uFzsevu8NXFJlcpL9d3P78ucsVLQfwGi0NVT4\/rkYZesdUFj71hqmBMcKyrtoCoKQRAxOa1THKN1sgYPNnduSOxbR3LP5baVKXRShY5b2u77XdH80DjqZSw297Ck4VRG88mMpk\/FtbcECb0DhAtC4xZvSLorImFucKzXUFNRL3\/+Q5slx9MblXoz2Qy9GbtQpHhyV1pJq6al19jSawz4TwnNFi8\/vrC0ndpsGw7e+TKXdtkIp7eHxE2lJQScKfTw589YKbgjJG7R2viFYfG3rxYNmdPx4HBvDRI+\/+mlI6lXJLWqi\/U932Q0vX44Z67zWsDCtfHrL1QekDQckDT4\/1A8M0AwK0AwLyRuUbh4YWjc7FUimidhy29fHftydPbx9KbMKz0ZDT0nM5teO5yzdLMk\/KfyHbE1G3myJZsl8OKxF25Ij3zVFHr68iLOS8nuCQY1p657cbiYNMnLn\/\/G4Zz0GhXmvBoBCKK0VcM5VUh1X6e2n6QOjdnvu6If89ra1CYzhuvNWEmbdqeg6r4NTt3lzABBxHlpu8YEHw0LJgyHY76Pfiyn+dc7SNSlt8CLCYLIrOumtoR2\/ZhOnSl84WDWibTGyg59b5+1U2fOqu\/ZcqHyXpfu\/vn9mbGlHTRVttrw9BrVP768DF+8ZVtSZAOLW5IKpe+pwjM5rTWdenWftVNrlsiUYefKZq8SUds51Y\/\/v5\/nSGRKi7Pk4wA0dBl0Jsyefu+zvn1kHO8erH9iUchic1+Nzob0kHGt7dA\/ue0ii8315PA+PFHQ1mukxptaVukt4eel0DZYD2YDKr2FtohhwfA4acfs1YO+Dj8vVRut1AqHLLtS+MSONFrlnGsfRVApJIjmHiNtFcZqw7lFCp91CdDeP+\/LqFcaaJdBEzp15oDvi8kcEJVCdZ+1t49udZ\/Fxi1S3BrU7xxPDu+D4wWtw3uefMrkofDRqNQGpdNkuV1tetGxlLJkYzJMCNtw0NjddyT1yiFJQ6VicKECAADXXSCFMBI4ALQgRQmqyCgu2SLB8P65qhnDz+e1\/e1Q9lN70veLa2k650oh+2QhfARBEBgOfD4ahANSMr4ChUJYOa3xBEFs+qWCrHZhWDxspw0H9UpDdHL97vja4hYN7DdqO\/VPbktlsblUCoerHAAicqDypRuTy+X9cy8cB3K16fTl1jOXW1t6jNQlyslD4ZKNyTUdeugagiBUBsur0dksNnfTLxUkRAYz9ll87W0DMjZ9pSA8Rqoa6BP5xe3ejikFlUKl1nyhQL5LVP1dRtMVSkqoXWuetkLg6cuLyW0jH6rus\/p9V0RqBovN9eBwX\/g0s6V7UIBdKdzwo5TaYKXOsjAsfnzMuU5inCnUGrFEaedRSUPM5VbH8nT\/AysVWnsv4cvbwa8igdCZsF2CqlkDk6pZgcID4loyHQsAsTe2xoNDp1Cls\/CLFMdSGn7Nb+ugDEhSZF1zQ+wJiq1cGSn2BrPtYELt3DX9O05mr47dJaiGHcjkoXDZJyl1nU5aqDJYXnNQWNSiJn2fWN55+2qnrTeevry9ohoyDLWd+ie223twSKHBbNvwUzmJ5jR\/\/svRWdSR0x8+TrozXAwF+MuUBtddBatPl0DOXCn86LwThSr99adwl7B6bojdZC9\/\/ptfXFao+wevVgz3XiWcHxonqVSSLTyd1TwrQDjVn788KjXkbOm5nJbiZjUcapfLtZ4cHlULNUar78kCktrpKwX\/+OKyeqCDLmvTLnXMNmTt\/Tuk4so6aJ738uMfkTSQIj15KPyf\/ZltvU7zg3aN6W+fXpoWJIJrfUOmsl\/Yn0lOLFQGy5tfXqZSKO81LqaMnzw43HzKOtuyranP7EgjNcCGg5eis1xlbOYqEQykK4XvnyiAjDo2ZIA\/bHDk\/FwVbuyfOGvhLZS3ztOPl17dRT4RB2BRuPjhLSlSR7bSaLUdSKj7NKGuVmkwU2ZUsHkmKz5rdSyVwuRK5TyH4JFWewcKEyv6ga7u0D++LfWW1SJ8YC743tf5rs555WCWymCfnE0eCv2\/LdKbnVKG9UrD09sv3r4mDs5SXz+U4+qLZ3amXXEkvTVG7N1jeVQKW7uNd1AczWJzLzb0wMA8uu0ipBDDwYsHh6IwSARXOFwpXBaVShuxBZ+hZ3NcGzzKJxQKXddOkgZAwQFYHJHw+NbUaudhDLSOfCt6+6wyhU4s7djOl80IEFApFBW3z6EgPitACJNlDgov+kQkwNH0c\/uG2Ov0l93pLT32EcskoXDGSsHRlH55h37Mbei5JyJhqj+\/2\/HCEQSxjStzDeFbX1zWGO35gg6t+RWHnsEeubXbOM95AYZG4d0fJTQPLNvsFtW4Vv7e8XzImSuFMwOFcspwiiCIkhb1tBXXtjWGQiFBECzn7GYyhUKfiMQHI5MKm\/qHK9BvAAC5xiQq7djOq\/rn0dxHtkhmBvSnxJ0oLBmFwpkBQtgPhJ4rc3XO20dytZMpU3N3REJtp9PUhCCIXwvkZKIrvryTdLFMoaWlyrz8+NwiBTmClrZp\/7gx2UkLXZYBaRR6+vISKvor1xgxclgJ3X3v+sSm7sGlRVcKp\/rxfsrvn9yQLcQBsfL7IljD1RRGpFDiTOGsQCG\/SAH5a9eaT11qfv2LnDvXim8NEs4Pje9fFRwYD4yLQhabm3ull6y8qEm9wHni5eXHvzDg+cmghZ6+vJ2iauhKsgAAWHOmlIwi+5tCo2N9DwdALO14dmfanWvj7wyLf2SL5Ex2C+w1jl+8QmaMB7VwNApZbO5LB7Pgvp7ePmvYubLln6Qs3ZT87ld5JS0aajrQlUIPDpdzqhB22WTL6zv1T2y76DrRoRHpwebeHZEQW9bx4YmCOcGxgyt+I1M4MBfBAfCJsOfe\/b8tglOulKqup7ZfvGuteFFY\/PJPUn641NylM792MAvu16RSGDuaFrLY3LCzpWTlGA7O57U9FpU6f03c\/DVxSzYlf5\/ZBD3\/u6fQk8N7\/3i+3mzvUql\/3XqLz7r+hZOFofG8IgVMUCm15vTqrrSqLupspqpdB9\/7cVH428+U9sXWQJJwAJR6S5vGBJNtsFWuFLLY3Ps\/TsobEAzyShyAVFnX4458O4086un9G5J+LZBbbcBoscVcbh3cUjlOCm8NEv6Y1wbfFpXecqlGlSLrahlIdyu15tcdqQZavjC2dJQemcXm+qxLSJF1kWMSQBBNqj5xWYe4rKNpYBhDmvz7pnCKL++D4\/nyoVLzURcGh4AeHO7SjclFTf29A8QCFmRy3SNbBtcxx0Uhi829bZXooLiWlFtYp2thSAo9fXnhMVI4fyLvwgFo7DKs+L7Ya8gxIof76qHs0hYN1DAbDuS9pq08+wSCuqdm1HEhifWc4Nif8tugMtFaXtqq+SO5W8c5az0WLfTk8J7akVbnvJpAq\/93MDspaVbPDY69g3aExC4Ijbs\/MulQYp2rCtrH+K0aT5fdnd6BopPpjR1qk9Fis+HAhgOTFVfpLNxC+QPO+ZHWXqMFwy0Y3qA03OE8O0mq6ya\/smD4sq325QTymOLLe\/dYXnGzWqkza42YzoSp9Jaqdt1mnszi2HxFEESEyzoyee+0lYLUqn7BoEYIB6CgWR10puTBzRKfdWKfcPG9kUnvnyiQyLpo1JJ3KbXm5\/aks1bwSeswHGA4oM1OEqSdNsfnFgxfNLDIzmJzZweJtvGqmlV9WhNmxnCLzb5oLu81Hk1psJM9YOYjWyTlbfZfBmI4EBQpnOfIAkFxO\/noSoXuMcdaC3njorViXrFCpTdbMHuHBABhseE9Bktdp97g2KQ80bVQa8LSalTpzkdGTXdRi4ZcCKeGjSzLe41vHB4iI8Ni23\/h+9jW1ODTJXuE1XtF1eH\/Lfvr3ozpLnqz5mxp5M8VkT9XBJ8uHdwx5YjEBycLyK8if66YF0rfvzh9peDpnWn\/+irv38cL\/rovc05I7JtHcuFIYMX3xTCctMKd4eL0ahWcTdOMIn+CrdCYRpBbld7i\/10Ri8P9bXP1Ln7VLn7VTl7VDp6MRdlVxGJzfU8Wkt9u58q8gwb2npGQcbj3bUh671j++vPSjT9XsE8WLN0smeL8Mi8IjQs7W2qvnF\/14df5VOd4+fH\/fbyArDzsbOmitU6LQNNX8J\/fl7nxp4rDSfWHk+o3\/VLx8oGsfx3PJ1eiewyWtx2ZWppbRj29SbsZaPEY9dRsxdfFSGesGHx9h7Xk+v2W3suf\/9zejEe3pnpS0iILw8XrYqTNjnwYQRAAgGVRg9rp2qrlUSmZNcOCOLLhnVoz+1QhXDx0rZzZT+ZQ+hNPPx5J9oMbk2EPoFCbXhp+Y\/kIjZ9wFAKC6DPb1sYMkZcawYzr8tVd4eLiVg0AQG20VrTrcpvUTd32Ph2iAwgiWTb6T2F8IhIu1XZbbXCqACsYtgAAIe81vn0012OoXbTXxbprrGThWnFjlyG\/SX0osS7sXFngD8VbuTJxhRKjmJlT33N1C+gTi0KjxZZUoXztkH3vws0\/PvimYMiBGsmODQeXG3rIddVR2zYjQBD5c0Vxi3pUFnEAWnuMP1xqemTLxP23ADw4vOAzJTCTNeTL1KW3\/J9jyWpU57heMCEoBATRpTP\/ki9\/71je4nDxqDk2VzOuyyfvn8jPquvus2Cu08wOjf0XIX\/aLPEcs1b9lspesjF59X9Kkis6yaUFWvBsOF4u1+6LrXlubwZc1bguhlz3SrwDhV+lNAz361UbDrLre16NzqaNPsfejBtC4bw1ccHnyrYJqkY9oriy4NMlT+9KmxkgHHuAx27euK70cGyknRUk\/MvezODTpVH8qm3CqrCzpc\/sSvfyu\/p\/1siTw7vNsVF+y6+VhyUNxy427hTVsE8W3LM+cYovj6lXblyeIbcYPxCZtC5G+muRokFlMFttJqututPwQ1bLywezXKeG46r\/hlA4rhagi5EHEIUMDEARdjQPIAoRhcx7AFHIfAxowuCGp4hCRCHzHkAUMh8DNxQ\/msmIQkQh8x5AFDIfA5owuOEpohBRyLwHEIXMx8ANxY9mMqIQUci8BxCFzMeAJgxueIooRBQy7wFEIfMxcEPxo5mMKEQUMu8BRCHzMaAJgxueIgoRhcx7AFHIfAzcUPxoJiMKEYXMewBRyHwMaMLghqeIQkQh8x5AFDIfAzcUP5rJiEJEIfMeQBQyHwOaMLjhKaIQUci8BxCFzMfADcWPZjKiEFHIvAcQhczHgCYMbniKKEQUMu8BRCHzMXBD8aOZjChEFDLvAUQh8zGgCYMbniIKEYXMewBRyHwM3FD8aCYjChGFzHsAUvj\/h+E3fXQU5i0AAAAASUVORK5CYII=' alt=''><\/span><\/p>\n<p style='text-align: justify;'><br data-start='362' data-end='365'><span style='font-family: helvetica&comma; arial&comma; sans-serif;'>La caja de Herramientas<strong> DNG-PBOX<\/strong> de 19&#8217;&comma;Organiza&comma; protege y transporta tus herramientas con total seguridad.<\/span><br data-start='433' data-end='436'><span style='font-family: helvetica&comma; arial&comma; sans-serif;'> Fabricada con materiales de alta resistencia y dise\u00f1o funcional es perfecta para uso profesional o dom\u00e9stico.<\/span><\/p>\n<\/p>\n<div class='col-sm-8'>\n<div style='border-left: 5px solid #E42327; border-radius: 5px; padding: 5px; box-shadow: 2px 2px 10px #d8d8d8; -webkit-box-shadow: 2px 2px 10px #d8d8d8;'>\n<p><span style='box-sizing: border-box; font-weight: bolder; color: #212529; font-family: helvetica&comma; arial&comma; sans-serif; font-size: 16px; background-color: #ffffff;'><span lang='ES' style='box-sizing: border-box; line-height: 17.12px; color: #2880b9;'><span lang='ES' style='box-sizing: border-box; line-height: 19.2px;'>Caracter\u00edsiticas:<\/span><\/span><\/span><\/p>\n<ul>\n<li><span style='font-family: helvetica&comma; arial&comma; sans-serif;'><span style='font-family: helvetica&comma; arial&comma; sans-serif;'>Medidas: 490\u00d7270\u00d7225mm<\/span><\/span><\/li>\n<li><span style='font-family: helvetica&comma; arial&comma; sans-serif;'>Fabricada con material PP reforzado<\/span><\/li>\n<li><span style='font-family: helvetica&comma; arial&comma; sans-serif;'>Dise\u00f1o que refuerza todo el cuerpo<\/span><\/li>\n<li><span style='font-family: helvetica&comma; arial&comma; sans-serif;'>Robusta y resistente a los impactos.<\/span><\/li>\n<li><span style='font-family: helvetica&comma; arial&comma; sans-serif;'>Dise\u00f1o multifuncional de la caja para piezas&comma; f\u00e1cil de guardar peque\u00f1os accesorios.<\/span><\/li>\n<li><span style='font-family: helvetica&comma; arial&comma; sans-serif;'>Bandeja incluida&comma; se puede combinar libremente para el almacenamiento.<\/span><\/li>\n<\/ul>\n<\/div>\n<\/div>\n<p style='text-align: center;'>\n<p style='text-align: center;'><img src='data:image\/png;base64&comma;iVBORw0KGgoAAAANSUhEUgAAAS0AAABnCAYAAABVVxRQAAAAAXNSR0IArs4c6QAAAARnQU1BAACxjwv8YQUAAAAJcEhZcwAADsMAAA7DAcdvqGQAABgaSURBVHhe7Z19aCPpfce\/29rJSVxt7erCmVSK5YROmpgibeOknWuz1tp\/XCAK6yXsQl9AWijURwurFWkD622tDastaYJXS\/9YE0pXopSAj7BeqsAtxbbso6eGbHsjWl8SwZ21kZv6etGe7KZSEjt1\/9A8szPjkTQjzej19wHDemYsr2fm+T7P7\/U5dXx8fAyCIIge4ZfUBwiCILoZEi2CIHoKEi2CIHoKEi2CIHoKEi2CIHoKEi2CIHoKEi2CIHoKEi2CIHoKEi2CIHoKEi2CIHoKEi2CIHqKU3prD6OpHG6mcurDA80054THaYOfc2LOOwaHfVh9iSX4lzLYzBXVhweW8TM2eF6ww+caqT4L35j6EtNI54o4v5RRHx5opjknHLZh8d6\/CI\/Trr7EVEi0TCTIuxANcJY\/NBKt+ozahhCe\/SjCMxOmTyQkWo2xehyQeWgiycwuJhbWESVx7yj7lSPcTOXgu7WFNIl722HjILyyrT5lCk2ttBYDHKIBTn3JwJEvlpHOFbEqvIuH2T3FuQveMSSCXtNneqhWWhsRHn7Oqb5k4BAKB0jnioivvYMnTyuKc\/eDXoR4t+JYs8hXWjQOqpTKh9VxkN1DMrOrOOd1jSAd4U0dB7TSagGP044Q78bqK1PYic1gWiYeD7N78JMZ0TZ87hGEZyeQvz2LB\/NTGD9jk85dSWaRyBQU1xPm4bAPY843hkTQh53YDC54n\/kUs7sH8C9lUCofKn6mFUi0TMLjtCMd4XHn0qR0LLt7gFBSUFxHWM+cbwzCjXOKSeRKMotVQbkaJszH47Rj9ZUp3A96pWPVcZBVXNcKJFomE56dUDywZGaXBksHcNiHkY7wilk\/lBRMnfGJ2oR4t2IcPMzuIb62o7imWUi0LCDEuxHkXdL3VjkkicYkgl7JVNyvHCG+bs7AIRoT4t1YlPn8oqkfmDJpkGhZRPzSpDRYnjytkE+lQzjsw0iEfNL38bV3TBk4hD6iAQ5e1wggThoJlaO+GUi0LMJhH0b0C89mmVXhXcV5on34Oafk39qvHGFVFeklrEUeYTVj8ibRspA5mT9FnRJBtJeQzFynCaS9zPnGMGobAkSnfL5YVl9iCBItC3HYhxURLEp07BzyCSSd+7HiHGE98tIqoXCgOGcUEi2LkSd+ki9FG5YYms4VLbtHDvuwwiHfb+SLZczdewz\/Ugb+pQyiqZxl97IZ5CU9wi6JVs\/Q6sPqN4TCAXy3tnA2toXzSxmcX8rgdOSRZWVQnhesqYXrJKXyIaKpHCYW1vEwu4fNXBGbuaJUxmSGD8kMzKzaINEiOoJQOIB\/6Q1kNYT8ZipHSbk6SGQK8Cys1Wxk8ORpBVeSWfiXMn3lmiDRGiDkZphZX83ABKuemZbM7JJw1SCdK8K\/lMGVZLbuPWRsivWSc\/cet+wE7wZItAaEaCqnMMPM+jJaX6klWF7XCB7MTykSEUHCdYJS+RChpIDzTbYmepjdk7qQdJO\/yygDJ1qsIj0qmiDMcelfyiC8so1oKof42k7LEY5uQigc1DQhWmUzV9TtN6klWOkIjznfGKIBTlH6ARIuiWgqB8\/C2okuCs1wU\/wss8pq2k1fi5ZcoObuPYbn+hpORx7h\/FIGN1M5JDO7kuNyM1fE3fUd3EzlcO3VbZyNbcFzfQ2hpNDzS+pSxdpZNV9UtoLRop5gyduWqGvWMODClc4V4ble9VvpMQX1sl85wrVXt+G5vta0md8p+ka08sUyVoW9mgL1MLt3os9SI548rUgNzajYtnn0ChaDhKv6PvtFE1zPezt+xob7QS+OlwN4f+llXJ2ZUF+iyZOnFcnM7xXroidFSy5Q\/qUMHNdew8TCOi4uPzYkUKO2IXhdI\/jYh+x4ceSD6tMKkpldeBbWet4f0G6MChZjUIVLnsKgx281ahvCYoCDcOOc1OjQYR9G\/PLkid5W9djMFXE2ttUTk3PXi5ZQOEAiU0B4ZVtToDZzRV3L5lHbEKY5JxYDHB7MT+H1L70EiGUFb79XxrsHP1P\/COwf+GXF96yNr9lNzfqVZgWLMWjC1SiFQU2Qd0G4cQ7RAKd5P1lvq40Ir6jMqEcvTM5dJVpqgTo1n8LZ2BauJLO4u76jW6DGz9hwwTuGxQCHjQiPndgMSnc+h3SERzTAYc43Btfp5xSfxWas+0Ev3lw4h+PlAL79p5\/BBe\/YCfHK7h7As7DWM8vpTtCqYDEGQbjSuSJ8t6rvuZ73e5pz4s2Fc0gEfbo2j\/BzTqQjPO7L2vTUg03O3ZScKqdjopXOFRFf25EieFoCpQcmUFdnJvDllz+G+XPj8Lxgh1DYR75Yhsdp03ywHqcd94NeqZBzv3KEUvkQQqHabfTUfArnlzJ4mN1D+ee\/UP849itH8C+9QcKlgVmCxehX4coXy1IKg1aSrZrxMzY8mJ9COsLD5662ezFCiHcjf3sWiwFOeu\/r0a3JqW0RLblA+W5tSYJw7dVtKYKnB69rBEHehTuXJvGPf\/Jp3J77dfjco0jnfoy76zv46qO3sbz1BJu5ouREn7v3WP0xEiHejXTkJWn2ubu+g7vrO4oXaNQ2JK3a\/vLzHJ4bfnbL9itH+J2v\/TMJlwyzBYvRb8IVFVcyelIYmBWQvz1ryp6O0QCHfGxWt7O+25JTLRWtfLEMz\/U1hUDpmVGgEqiNCI\/j5QCEG9UlcXh2Ajce\/gDXV7+Ph9m9EwPk6syE1Dm0USsMn3tE0U+c\/fz9oBff\/KPfRHj2oyhVDhFfewdf+XYOPz38P8XPl3\/+C3z267TiYoRf3T7xPFoVLEYt4eqmVUAjhMKBoRQGr2sE+dis6bv+yJ31XrFJXyNYcmqn24dbJlql8iHm7j3WFcWb5pySUDB\/klyg1MWWiUxBEr9pznlC2OKXJ5EIPutW2eildtiHsTo\/hQfzU\/BzTgi7B7iSzOL3\/vbfdDn7f\/KzI8zd+6768MCRL5YVq2YzBYuhJVzd6HepRTSV0zUmGPHLk6bePzUepx3hWX0rLkanW1ZbIlql8iGm\/up1zVWVWqB2YjMI8S6UKtVEUD2Uys8EJB3hNYUN4u+C6noGc\/qHkoKU03Vx+bFuf9pvTTgUaRJPnlYGfrWlTjIN8W5LBhwL7TPUv7ebMZroW89KMAuj98\/jbOzMtxJLRMu\/lMHb7ylv9qc+Mor3l15GIuiFzz2CdK6IuXvfxcTCOq4ks0hmdiUfRaNQq9wJWe+hJoJeXPCOIcS7FJnxjmuvSU7\/ZGa34czH\/Fp3Lk1KK8F\/+fLvYvn3f0N96UDjsCkFKpEpNHyWzaBeWal\/bzcTnpnQ5QRnsNIyKyiVDxFe2dadYgFxIRCXbZPXCUwXrVBS0Fxh\/esP9\/Hin\/+TQqTkYsFWRdndA4Rfrb97jXxVpTVLlMqHWBWqWxaVKocnMuPrmXqQ+dPuB71SusTqK1MIz04oBFPdH6uZiE4\/4XOPKELqVmzUmcgUcEW1h96c70XF993MnG\/MkBOcpR94rq+dEOtWYLWMd3Wael7XCDYivOnmfjOYKlrhlaqzvRY\/P3rmxGaJnswXlY7w0oNMZnYbPqCNCI8g74KfcyJfLLdk6smTTt9felnyp4V4t2a6BFGb1Vc+rfjeTOHSEqwg7zphLnY7cie4fKu5epiVfpDIFAwFAkZtQ7gf9EK4cU7TBdMJTBOtUvnwhGrfD3qxEeFPLIdHbUOIBjiEZyakJarv1pbi5+ttNZTOFSEUDlAqH0kZ8lqrNy3kpp5cMFnSaadnkV7H5x454Sg3Q7hqCZY84NLNaLkxPE47EkGfoYx1ln4QMljIL+\/B1WiMMBbF1Ihak4KR328mpomW2lS6c2kSId4tZuO+pBCu\/coRzoutddmKSG5Sel0j0u4pzNRjdYbyHK9WTb1aM0dJ7A4hT36V+9rY\/0ke+tWTaTwoaEX4WhEuLcGa5pw9I1gAEBJXSVoDnWWsP5if0v0eJTO78N3aalhukxd7xxvpwXXBO4ad2EzN8iC20JhYWFefagumiZY6oiD37\/jc1VyTWvkgp+3DePmTH8LXvvgJvP6llxCenZBKG5iwsdSDRrDoZLOmnlColuiok1+TmV187m++o\/g\/yYW2H\/uPt4JZwqUlWF7XCFbnpxTHeoHNXLFuE7453xjyt2cVlRr1qFduIxcWvdvXMb\/V6itTNcdKQqyPVFtV7cRE0VL+kWq722EfRrrGMvj98iEevfUe\/uxb38Nnv\/6GZOppOfTlyLPV5aZe\/PJkU6ZeqXx4Iptbznd2Sg3\/T8QzWhWuWoLVDc7gVmBCUytJM8S7kY81V24TTeUQXtk2JCx6\/FbVSgf9LZ6txDTR0gMTLr3ORzXjZ2ySqffmwjnJ1IsGuJo3Wy\/pXPFENjfROs0KV78KFuPJ0wouLle3\/NIyGR32YUTFljN6x8umuAvP3fUd3e9xI78VW7GdjW3psnTaQVtFi5EI+rAY4DRXXXLUpl7+9qxk6rWaXsDytuR+snqRT8b4GRs+Mfa8+jB8NUxfwrhw9btgyWlkMjJn\/U5spuF4MUIjvxW6xBTUwjLR0noAcqIBDmnRpNuJzWAjwuPOpUnTTD01WiKl10\/G+IvP\/xryt2fxvb2fKI6P2oZqzlTdgNXJl3o+X69wDZJgyWlkMnqcdqQjPDYifE3fsB70+K26yRTUwlTRktvfiUxBd1mLx2mHn3MiPDuhy9RjkT2W3X5qPgXfrS3Fy2+GSMkJ8i585QsfVx\/GNOfE6iufbnnlZyU+dzWCagXySG8jGglXfG1nIAWL0chkhBhpFG6cw32dvbEYevxW3WgKanHq+Pj4WH1Qi2gqJ6X7LwY4zarz8Mq2Yik5ahuCcONcTUU3Sigp1DXhgrwL+WLF0A0fP2OD\/+NO+LnqV3jlLSnaMi0e83NO+FwjVZ+cmCfD2IjwNV8C6LxvRvHLwteNfr+cRKagWUHQLA7bMEK8y7CgaK2mtDBbsOT37Xg5oD6tC\/nzN\/I89f7NchbFXMZ6f380lUN87Z26KyI9n5MQm2\/W+xw1RvLkmr1vWpgqWtXom7Kh2YdHn8Nff\/ET+IPP\/KriWqPIf38rqEXKqKD2smh1E40GsdmChQ6LFgDM3XusO\/2AMX7GJrlIalES+8qrfU8XvGOIX\/5k3XdcKFTL5oxM9GBpJ3VMTDWt3Dc1ppqHLDooX7b+aP+n+MO\/exOOa68hlBRq2uyN+MbrT9SHdCGPOO7EZhTOfL03nDCfEO\/WrJaAOIObLVjdAOvXbsSs02MyOmRlQYsBTvIL1xOVZk3BUdsQ7lyaNNWCMoqpogXWm0pVfwYxES6Z2cXF5ccYDb+GmTvVnJJoKodVYQ9pcZt15gcTCgcKv9V\/7Z\/ceEILeZmOFSKlfnEoatg8fs6JfGxWCsAsBjip93m\/CRbDzzkNtTxmNIoyQvQNR8VVTL3Vd7NRwSDvQj42a7j\/ltmYLloQHb\/1wrMHPz3Cxg+qOSU3UzlcXK6WGZxfyuBsrNqO+WxsS3epDuOPPzuuKNMxQ6TUqH1C\/Tq42oXDPiwFYKIBrqsDGmbCcrD0bvHFaBRlrEezUUEWceyWycRUn5Ycuf\/gYx+y4\/kPDlmaTT5qG0I68pLlL73at9bIN2L0vumhWZ8Wa9VjFnoc8WY7\/wEgxLuampA67dOqRTpXRCgh6C5kZlTrL70N70Utn1cjqo0NPm7KysrM+2aZaMmdjl5XtQ97vljG\/D\/8Ox699Z768pqM2obg517A2+\/9L\/7jR\/+jPg3odFaahfw+jJ+xIX97Vn2JAqP3TQ\/NiJb8Z8yknsNcHU02i2aj0p0Urbl7jzHne7FuPp+eSKAWi3Wig81EBSGagvFLtVs9p3NFhFe2Idw4pz6lSbP3TQtLzEOoCqbZCsvjtOO3P3padlX15Xlz4Rw2xMS5yQ\/\/inTuUx8Zlcy9v79yFuNnbCfqDVmmfDsEC+LNZ\/RKkbRQOLBEsCA+W602Qvli2RLBgugfjZoQSW4npcqhVB9YK3\/RTJPRKlOwVD40tO2ZFVgmWkbwuUekFIQXnv+AdPz55545Kn3uEeRvz56oN9S6sYQSM01CLbQ+32yTUI3Vn28Vm+L28+GVbU2Huke2K3QzUcZT8ynJJ2xkopJHBWut3ONrO\/AsrNXNlWwHlomWulUNi7qpj\/cSpfIh8j9+Fj3UU75CEFrcXa8KgLqlDKPZKGMzNIoKpsU2Ude6pKGAhaKlNJ3YzKg+Xmup3A2UyodIZApS2sXpyCOFs9Rqpz\/R3+xXjiwzGfXQC6agFpaJll60TItOwvLDWLO\/K8lszbSLOQteJGLwsMpkrEUvmYJaWCZa6qTLWjNJN7Aq7EmbYrD8sHozy6htCA\/mp2ilRZhKO0zGXjMFtbBMtNTLTXUmeSdhu\/fM3as6Li8uP264KYY8YpmPtS9aSfQH6km8FlaZjFaYgq20yGkFy0QLGq1q5OkC7UYoHCAqhobZ7j31ildZzeKD+SkcLwcoYkm0RNTg6sgsk9FKUzB+uTObtloqWvLVyL64A89r2\/+tuMYqSuKOOXKz72YqV3cW8bpGpPo3VrNIKyrCDBz2YeRjs4b7mrViMlplCk5zTry5UFsErcZS0YpfmjyxhPzqo7cV35tJvliWiqzZjjl6zD7WAUK4cW6g6t+I9uKwD0v7HKrHRT2MmIyLsi4PZpqCkDUSTEf4jo4RS0XLUWcHHrMQCgfSZq8TC+tSkXUtxs\/YpL7zzOwzqwMEQejBL3YfvXNp8sTqqB56TMZogy4PzZqCV2cm6m6A0U4sFS00sQNPo+RTljsVSgpwXHsNZ2PVnanrzRhe1wjuXJqUzL521SkSRD3Cs1Uh0Ds2GI1MRi1aNQXjl2vXIbYby0WLkQj6cHVG27aWo7XiYWafX9yV+oq4L2Ktm8\/qE+8HvdKGreHZiY4uaQlCCytNRvSBKahF20QLYrRBLVzfeP2Hiu\/lfH\/vJ\/BcX5PMvnq1VHKzj9Unhnh318wOBFEPK0zGfjAFtWiraEEVUQSAb373P6Uiz1PzKSTeeLbkfffgZ3Wd6NOcU9GhlMw+otdp1WRk3YD7xRTUou2i5Rc3YK1FPZEatQ1J\/d7fX3oZ6QhvWYdSgugUrZiMrBtwv5iCWrRdtCCaier972oxahvC1ZkJbER4lO58Tur33s0zAUGYQbMmoxG63RTUoiOiBXE3lp3YjGJTg8UAh2nOKX3duTSJfKxq9tUK4RJEv9OsyViPXjEFteiYaEGMFMo3NYgGOKQjvPQVntVuIUsQg0azJqOaXjMFteioaBEEYYxWTMZeNAW1INEaABol7LaK1uf7XCOGB5URBr2XmRGTsZdNQS10ixa1Fu5dPE677sCHUYK8S3Pmdoi7HlvBNOdESMdg7XcamYz9YApqoXsLMfkWQFdnJix7IfsNK7YQCyUFKWFwQ+cWYhArC8zcEMJhG244GErlQwgGwu960Pv3qjF7C7Fpzol0hFdf0jHiaztYFetufa4RRANc16yszNxCTLdoCYUDnI1tAbJ9DInGWCFaVnzmIGCGaJXKhzgdeQTo3PeSqGKmaOk2D33uZz6K7O7BiZIBon3IVxrNbI9ONI\/DPiw13XvytFK37o+wBt2iBQB+7gXp33GLNuIkGuPnnIoJpJtaWQ8C8lKx+Po7inOE9RgSLXkHxPjaO7Ta6iDygRNeeUtxjrAW+ThIZnZp0mgzhkTLzzmlKMV+5QihZFZ9CdEm5D6Bh9k9Q72ViNbwOO2KxpY0DtqLIdGCqpn9w+weoqJDmGgvHqddUXgeXtkm\/0obSQS9kom+mSsilBTUlxAWYVi0\/JwTi7JZ\/mYqRw+sQ8QvP+vBv185gn\/pDXLMtwmP066YwJOZXYSSArlM2oBh0YJomsgzcZOZXfhubXV0i7BBJR3hpRl\/v3KEi8uPEUoK5GdpAyHeTeOgAzQlWhDbJ8sfWHb3AOeXMvDd2kJ8bYdMlTbhELemkmdEJzO7mFhYRygpIJEpkIBZiLqN+JOnFcU4IAEzH93JpbVIZAoIrxjrkDiotJpUV49S+RDRVA53KRVFF80ml9aC7bFJ46AxrY6DpldajBDvRj6mvVkk0T5Yrd9GhDe0XTphDnO+MRoHbaLllZaaVWEP6VzR9HqzfiBUo7jYCvLFMtK5ItK5oqn1hv2C1TWDq8IehN0DMg81aHUcmC5aBEEQVtKyeUgQBNFOSLQIgugpSLQIgugpSLQIgugpSLQIgugpSLQIgugpSLQIgugpSLQIgugpSLQIgugp\/h+TnL9YhUVQtwAAAABJRU5ErkJggg==' alt='' class='fr-fic fr-dii'><\/p>\n<p style='text-align: center;'>\n","protected":false},"excerpt":{"rendered":"<p>Caja de pl\u00e1stico Reforzada de 19 in. para Herramientas.<\/p>\n","protected":false},"featured_media":84912,"comment_status":"open","ping_status":"closed","template":"","meta":[],"product_brand":[],"product_cat":[130],"product_tag":[132,25,131],"class_list":{"0":"post-84913","1":"product","2":"type-product","3":"status-publish","4":"has-post-thumbnail","6":"product_cat-herramientas-electricas","7":"product_tag-dongcheng","8":"product_tag-herramientas","9":"product_tag-herramientas-electricas","11":"first","12":"outofstock","13":"sale","14":"shipping-taxable","15":"purchasable","16":"product-type-simple"},"_links":{"self":[{"href":"https:\/\/soydeaqui.ddns.net\/pachuca\/index.php\/wp-json\/wp\/v2\/product\/84913","targetHints":{"allow":["GET"]}}],"collection":[{"href":"https:\/\/soydeaqui.ddns.net\/pachuca\/index.php\/wp-json\/wp\/v2\/product"}],"about":[{"href":"https:\/\/soydeaqui.ddns.net\/pachuca\/index.php\/wp-json\/wp\/v2\/types\/product"}],"replies":[{"embeddable":true,"href":"https:\/\/soydeaqui.ddns.net\/pachuca\/index.php\/wp-json\/wp\/v2\/comments?post=84913"}],"wp:featuredmedia":[{"embeddable":true,"href":"https:\/\/soydeaqui.ddns.net\/pachuca\/index.php\/wp-json\/wp\/v2\/media\/84912"}],"wp:attachment":[{"href":"https:\/\/soydeaqui.ddns.net\/pachuca\/index.php\/wp-json\/wp\/v2\/media?parent=84913"}],"wp:term":[{"taxonomy":"product_brand","embeddable":true,"href":"https:\/\/soydeaqui.ddns.net\/pachuca\/index.php\/wp-json\/wp\/v2\/product_brand?post=84913"},{"taxonomy":"product_cat","embeddable":true,"href":"https:\/\/soydeaqui.ddns.net\/pachuca\/index.php\/wp-json\/wp\/v2\/product_cat?post=84913"},{"taxonomy":"product_tag","embeddable":true,"href":"https:\/\/soydeaqui.ddns.net\/pachuca\/index.php\/wp-json\/wp\/v2\/product_tag?post=84913"}],"curies":[{"name":"wp","href":"https:\/\/api.w.org\/{rel}","templated":true}]}}