{"id":84897,"date":"2026-03-19T21:12:41","date_gmt":"2026-03-19T21:12:41","guid":{"rendered":"https:\/\/soydeaqui.ddns.net\/pachuca\/index.php\/producto\/switch-de-red-sp3010fm-l2-v3-8-puertos-10-100-1000mbps-poe-2-puertos-sfp-1000m-2-5gbps-240w-poe-budget-26gbps-capacidad-de-conmutacion-19-3mpps-tasa-de-reenvio-din-rail-pared-escritori\/"},"modified":"2026-03-19T21:12:43","modified_gmt":"2026-03-19T21:12:43","slug":"switch-de-red-sp3010fm-l2-v3-8-puertos-10-100-1000mbps-poe-2-puertos-sfp-1000m-2-5gbps-240w-poe-budget-26gbps-capacidad-de-conmutacion-19-3mpps-tasa-de-reenvio-din-rail-pared-escritori","status":"publish","type":"product","link":"https:\/\/soydeaqui.ddns.net\/pachuca\/index.php\/producto\/switch-de-red-sp3010fm-l2-v3-8-puertos-10-100-1000mbps-poe-2-puertos-sfp-1000m-2-5gbps-240w-poe-budget-26gbps-capacidad-de-conmutacion-19-3mpps-tasa-de-reenvio-din-rail-pared-escritori\/","title":{"rendered":"Switch de Red SP3010FM-L2 (V3) \/ 8 Puertos 10\/100\/1000Mbps PoE \/ 2 Puertos SFP 1000M\/2.5Gbps \/ 240W PoE Budget \/ 26Gbps Capacidad de Conmutaci\u00f3n \/ 19.3Mpps Tasa de Reenv\u00edo \/ DIN-Rail, Pared, Escritorio \/ -40?~75? \/ CE, FCC, RoHS, UKCA, R"},"content":{"rendered":"<div style='width: 100%; max-width: 1200px; margin: 0 auto; font-family: sans-serif; line-height: 1.6; color: inherit; background-color: transparent;'>\n<div style='display: flex; flex-wrap: wrap; gap: 30px; margin-bottom: 30px;'>\n<div style='flex: 1 1 300px; min-width: 280px;'>\n<h3 style='font-size: 22px; border-bottom: 2px solid currentColor; padding-bottom: 5px; margin-top: 0; color: inherit; opacity: 0.8;'>Descripci\u00f3n<\/h3>\n<p style='font-size: 15px; color: inherit;'>El switch SP3010FM-L2 (V3) es un switch PoE gestionado L2+ industrial de alto rendimiento dise\u00f1ado para satisfacer los requisitos de red m\u00e1s exigentes en diversas industrias. Con 8 puertos Gigabit PoE RJ45&comma; que proporcionan hasta 90 W&comma; puertos BT PoE 1-2 y 2 puertos de enlace ascendente SFP de 2&comma;5 Gbps&comma; el switch garantiza conectividad de alta velocidad para aplicaciones con uso intensivo de ancho de banda. Su avanzada funci\u00f3n de gesti\u00f3n de capa 2+&comma; como VLAN 802.1Q&comma; QinQ&comma; STP\/RSTP\/MSTP y G.8032 ERPS para redundancia y recuperaci\u00f3n de red&comma; lo convierte en la soluci\u00f3n ideal para operaciones cr\u00edticas.<\/p>\n<\/p><\/div>\n<div style='flex: 1 1 300px; min-width: 280px;'> <img style='width: 100%; height: auto; border: 1px solid rgba(150&comma;150&comma;150&comma;0.3); border-radius: 8px;' src='https:\/\/ftp3.syscom.mx\/usuarios\/fotos\/SP3010FML2(V3)\/244988-sp3010fm-l2(v3)_imagen_1.jpg' alt=''> <\/div>\n<\/p><\/div>\n<div style='display: flex; flex-wrap: wrap; gap: 20px; margin-bottom: 30px;'>\n<div style='flex: 1 1 250px; border: 1px solid rgba(150&comma; 150&comma; 150&comma; 0.4); border-radius: 8px; overflow: hidden; display: flex; flex-direction: column;'>\n<div style='padding: 15px; border-bottom: 1px solid rgba(150&comma; 150&comma; 150&comma; 0.2); font-weight: bold; font-size: 18px; color: inherit;'>Caracter\u00edsticas Principales<\/div>\n<div style='padding: 15px; color: inherit;'>\n<ul style='padding-left: 20px; margin: 0; font-size: 14px; list-style-type: disc;'>\n<li style='margin-bottom: 5px;'>8 Puertos PoE af\/at 10\/100\/1000 Mbps<\/li>\n<li style='margin-bottom: 5px;'>2 Puertos 1000M\/2.5G Gbps SFP<\/li>\n<li style='margin-bottom: 5px;'>Switching Capacity: 26 Gbps<\/li>\n<li style='margin-bottom: 5px;'>Packet Forwarding Rate: 19.3 Mpps<\/li>\n<li style='margin-bottom: 5px;'>MAC Address Table: 16k<\/li>\n<li style='margin-bottom: 5px;'>Packet Buffer Memory: 2Mbit<\/li>\n<li style='margin-bottom: 5px;'>Jumbo Frame: 10kB<\/li>\n<li style='margin-bottom: 5px;'>Configuraciones: (Port Mirroring \/ Port lsolation \/ Etc.)<\/li>\n<li style='margin-bottom: 5px;'>Certificaciones: CE&comma; FCC&comma; RoHS&comma; UKCA&comma; RCM<\/li>\n<\/ul><\/div>\n<\/p><\/div>\n<div style='flex: 1 1 250px; border: 1px solid rgba(150&comma; 150&comma; 150&comma; 0.4); border-radius: 8px; overflow: hidden; display: flex; flex-direction: column;'>\n<div style='padding: 15px; border-bottom: 1px solid rgba(150&comma; 150&comma; 150&comma; 0.2); font-weight: bold; font-size: 18px; color: inherit;'>Caracter\u00edsticas F\u00edsicas y El\u00e9ctricas<\/div>\n<div style='padding: 15px; color: inherit;'>\n<ul style='padding-left: 20px; margin: 0; font-size: 14px; list-style-type: disc;'>\n<li style='margin-bottom: 5px;'>Dimensiones: 56*115*158 mm<\/li>\n<li style='margin-bottom: 5px;'>Peso: 1.52 kg<\/li>\n<li style='margin-bottom: 5px;'>Alimentaci\u00f3n: 44~57V DC Backup: 44~57V DC<\/li>\n<li style='margin-bottom: 5px;'>Presupuesto PoE 240 W<\/li>\n<li style='margin-bottom: 5px;'>Consumo m\u00e1ximo: Idle: 10W 100% Traffic Rate with PoE: 250W<\/li>\n<li style='margin-bottom: 5px;'>Temperatura de operaci\u00f3n: -40\u2103~75\u2103 (-40\u2109 to 167\u2109)<\/li>\n<li style='margin-bottom: 5px;'>Humedad de operaci\u00f3n: 10-90 % de humedad relativa sin condensaci\u00f3n<\/li>\n<li style='margin-bottom: 5px;'>Bot\u00f3n: Reset<\/li>\n<li style='margin-bottom: 5px;'>Sin ventiladores<\/li>\n<\/ul><\/div>\n<\/p><\/div>\n<div style='flex: 1 1 250px; border: 1px solid rgba(150&comma; 150&comma; 150&comma; 0.4); border-radius: 8px; overflow: hidden; display: flex; flex-direction: column;'>\n<div style='padding: 15px; border-bottom: 1px solid rgba(150&comma; 150&comma; 150&comma; 0.2); font-weight: bold; font-size: 18px; color: inherit;'>Caracter\u00edsticas Destacadas<\/div>\n<div style='padding: 15px; color: inherit;'>\n<ul style='padding-left: 20px; margin: 0; font-size: 14px; list-style-type: disc;'>\n<li style='margin-bottom: 5px;'>1 Switch SP3010FM-L2 (V3)<\/li>\n<li style='margin-bottom: 5px;'>1 Sensor de Temperatura\/Humedad<\/li>\n<li style='margin-bottom: 5px;'>1 Montaje de Pared<\/li>\n<li style='margin-bottom: 5px;'>1 Gu\u00eda de instalaci\u00f3n<\/li>\n<li style='margin-bottom: 5px;'>2 Phoenix Terminal<\/li>\n<\/ul><\/div>\n<\/p><\/div>\n<\/p><\/div>\n<div style='display: flex; flex-wrap: wrap; gap: 20px; margin-bottom: 30px;'>\n<div style='flex: 1 1 100%; text-align: center;'> <img style='width: 100%; height: auto; border: 1px solid rgba(150&comma;150&comma;150&comma;0.3); border-radius: 8px;' src='https:\/\/ftp3.syscom.mx\/usuarios\/fotos\/WIPCES309GFO\/237579-sp5012fm-l2(v2)_imagen_3.jpg' alt=''> <img style='width: 100%; height: auto; border: 1px solid rgba(150&comma;150&comma;150&comma;0.3); border-radius: 8px;' src='https:\/\/ftp3.syscom.mx\/usuarios\/fotos\/WIPCES309GFO\/237579-sp5012fm-l2(v2)_imagen_4.jpg' alt=''> <\/p>\n<p style='margin-top: 15px; margin-bottom: 5px; font-weight: bold; font-style: italic; color: inherit;'>Montaje flexible&comma; despliegue en cualquier lugar<\/p>\n<p style='font-style: italic; color: inherit;'>Admite instalaciones tanto en pared como en riel DIN para una m\u00e1xima adaptabilidad en cualquier entorno&comma; ahorrando tiempo y mano de obra gracias a sus opciones de montaje flexibles.<\/p>\n<p> <img style='width: 100%; height: auto; border: 1px solid rgba(150&comma;150&comma;150&comma;0.3); border-radius: 8px;' src='https:\/\/ftp3.syscom.mx\/usuarios\/fotos\/WIPCES309GFO\/237579-sp5012fm-l2(v2)_imagen_5.jpg' alt=''> <\/div>\n<\/p><\/div>\n<div style='display: flex; flex-wrap: wrap; gap: 20px; margin-bottom: 30px;'>\n<div style='flex: 1 1 100%; border: 1px solid rgba(150&comma; 150&comma; 150&comma; 0.4); border-radius: 8px; overflow: hidden; padding: 15px; color: inherit;'>\n<p style='margin: 0; font-size: 14px; color: inherit;'>Para configuraci\u00f3n remota y gesti\u00f3n avanzada&comma; el dispositivo incluye acceso a plataforma en la nube: <a href='https:\/\/app-gateway.wireless-tek.com\/witek-auth\/oauth2\/authorize?access_type=online&#038;client_id=671944230925173991&#038;code_challenge=s-7Hla3iD_2zDGu8n3m2vJnJpLinmklkLhNieYC9QNQ&#038;code_challenge_method=S256&#038;redirect_uri=https%3A%2F%2Fcloud2.wireless-tek.com%2Fv1%2Fuser%2Foauth2&#038;response_type=code&#038;state=1#\/login' target='_blank' rel='noopener noreferrer' style='color: inherit; text-decoration: underline;'>Acceso a Plataforma Cloud<\/a><\/p>\n<\/p><\/div>\n<\/p><\/div>\n<hr style='border: 0; border-top: 1px solid rgba(150&comma; 150&comma; 150&comma; 0.3); margin: 30px 0;'> <\/div>\n","protected":false},"excerpt":{"rendered":"<p>Switch de Red SP3010FM-L2 (V3) \/ 8 Puertos 10\/100\/1000Mbps PoE \/ 2 Puertos SFP 1000M\/2.5Gbps \/ 240W PoE Budget \/ 26Gbps Capacidad de Conmutaci\u00f3n \/ 19.3Mpps Tasa de Reenv\u00edo \/ DIN-Rail, Pared, Escritorio \/ -40?~75? \/ CE, FCC, RoHS, UKCA, R<\/p>\n","protected":false},"featured_media":84896,"comment_status":"open","ping_status":"closed","template":"","meta":[],"product_brand":[],"product_cat":[1986],"product_tag":[664,1987,1262],"class_list":{"0":"post-84897","1":"product","2":"type-product","3":"status-publish","4":"has-post-thumbnail","6":"product_cat-switches-poe","7":"product_tag-networking","8":"product_tag-switches-poe","9":"product_tag-wi-tek","11":"first","12":"outofstock","13":"sale","14":"shipping-taxable","15":"purchasable","16":"product-type-simple"},"_links":{"self":[{"href":"https:\/\/soydeaqui.ddns.net\/pachuca\/index.php\/wp-json\/wp\/v2\/product\/84897","targetHints":{"allow":["GET"]}}],"collection":[{"href":"https:\/\/soydeaqui.ddns.net\/pachuca\/index.php\/wp-json\/wp\/v2\/product"}],"about":[{"href":"https:\/\/soydeaqui.ddns.net\/pachuca\/index.php\/wp-json\/wp\/v2\/types\/product"}],"replies":[{"embeddable":true,"href":"https:\/\/soydeaqui.ddns.net\/pachuca\/index.php\/wp-json\/wp\/v2\/comments?post=84897"}],"wp:featuredmedia":[{"embeddable":true,"href":"https:\/\/soydeaqui.ddns.net\/pachuca\/index.php\/wp-json\/wp\/v2\/media\/84896"}],"wp:attachment":[{"href":"https:\/\/soydeaqui.ddns.net\/pachuca\/index.php\/wp-json\/wp\/v2\/media?parent=84897"}],"wp:term":[{"taxonomy":"product_brand","embeddable":true,"href":"https:\/\/soydeaqui.ddns.net\/pachuca\/index.php\/wp-json\/wp\/v2\/product_brand?post=84897"},{"taxonomy":"product_cat","embeddable":true,"href":"https:\/\/soydeaqui.ddns.net\/pachuca\/index.php\/wp-json\/wp\/v2\/product_cat?post=84897"},{"taxonomy":"product_tag","embeddable":true,"href":"https:\/\/soydeaqui.ddns.net\/pachuca\/index.php\/wp-json\/wp\/v2\/product_tag?post=84897"}],"curies":[{"name":"wp","href":"https:\/\/api.w.org\/{rel}","templated":true}]}}