{"id":8484,"date":"2026-03-18T07:09:52","date_gmt":"2026-03-18T07:09:52","guid":{"rendered":"https:\/\/soydeaqui.ddns.net\/pachuca\/index.php\/producto\/soporte-para-camara-en-charola-de-peralte-116-mm\/"},"modified":"2026-03-18T07:09:53","modified_gmt":"2026-03-18T07:09:53","slug":"soporte-para-camara-en-charola-de-peralte-116-mm","status":"publish","type":"product","link":"https:\/\/soydeaqui.ddns.net\/pachuca\/index.php\/producto\/soporte-para-camara-en-charola-de-peralte-116-mm\/","title":{"rendered":"Soporte para c\u00e1mara en charola de peralte 116 mm"},"content":{"rendered":"<div style='width: 100%; max-width: 1200px; margin: 0 auto; font-family: sans-serif; line-height: 1.6; color: inherit; background-color: transparent;'>\n<div style='display: flex; flex-wrap: wrap; gap: 30px; margin-bottom: 30px;'>\n<div style='flex: 1 1 300px; min-width: 280px;'>\n<h3 style='font-size: 22px; border-bottom: 2px solid currentColor; padding-bottom: 5px; margin-top: 0; color: inherit; opacity: 0.8;'>Aplicaciones<\/h3>\n<ul style='padding-left: 20px; font-size: 15px; color: inherit;'>\n<li style='margin-bottom: 5px;'>Para instalar c\u00e1maras en cualquier charola con peralte de 116 mm<\/li>\n<li style='margin-bottom: 5px;'>Se requiere de un kit1 para fijar a la charola <strong>MG51KIT1EZ<\/strong><\/li>\n<\/ul><\/div>\n<div style='flex: 1 1 300px; min-width: 280px;'>\n<h3 style='font-size: 22px; border-bottom: 2px solid currentColor; padding-bottom: 5px; margin-top: 0; color: inherit; opacity: 0.8;'>Caracter\u00edsticas Principales<\/h3>\n<ul style='padding-left: 20px; font-size: 15px; color: inherit;'>\n<li style='margin-bottom: 5px;'>Compatible con charolas de 116 mm de peralte<\/li>\n<li style='margin-bottom: 5px;'>Instalaci\u00f3n robusta mediante kit de fijaci\u00f3n<\/li>\n<li style='margin-bottom: 5px;'>Soporte universal para c\u00e1maras de seguridad<\/li>\n<li style='margin-bottom: 5px;'>Materiales de alta resistencia para durabilidad<\/li>\n<li style='margin-bottom: 5px;'>Dise\u00f1o eficiente para una f\u00e1cil instalaci\u00f3n<\/li>\n<\/ul><\/div>\n<div style='flex: 1 1 300px; min-width: 280px;'>\n<h3 style='font-size: 22px; border-bottom: 2px solid currentColor; padding-bottom: 5px; margin-top: 0; color: inherit; opacity: 0.8;'>Especificaciones T\u00e9cnicas<\/h3>\n<ul style='padding-left: 20px; font-size: 15px; color: inherit;'>\n<li style='margin-bottom: 5px;'><strong>Tipo:<\/strong> Soporte para c\u00e1mara<\/li>\n<li style='margin-bottom: 5px;'><strong>Modelo:<\/strong> CHSC116EZ<\/li>\n<li style='margin-bottom: 5px;'><strong>Compatibilidad:<\/strong> Charolas de 116 mm de peralte<\/li>\n<li style='margin-bottom: 5px;'><strong>Material:<\/strong> Acero al carb\u00f3n rolado en fr\u00edo<\/li>\n<li style='margin-bottom: 5px;'><strong>Calibre:<\/strong> 16 (1.5 mm)<\/li>\n<li style='margin-bottom: 5px;'><strong>Dimensiones:<\/strong> 9.221 mm x 110.30 mm x 108.80 mm<\/li>\n<\/ul><\/div>\n<\/p><\/div>\n<div style='display: flex; flex-wrap: wrap; gap: 20px; margin-bottom: 30px;'>\n<div style='flex: 1 1 250px; border: 1px solid rgba(150&comma; 150&comma; 150&comma; 0.4); border-radius: 8px; overflow: hidden; display: flex; flex-direction: column;'>\n<div style='padding: 15px; border-bottom: 1px solid rgba(150&comma; 150&comma; 150&comma; 0.2); font-weight: bold; font-size: 18px; color: inherit;'>Acabados Disponibles<\/div>\n<div style='padding: 15px; color: inherit;'>\n<ul style='padding-left: 20px; margin: 0; font-size: 14px; list-style-type: disc;'>\n<li style='margin-bottom: 5px;'><strong>Electrozincado (EZ):<\/strong> 15-20 micr\u00f3metros<\/li>\n<li style='margin-bottom: 5px;'><strong>Galvanizado por inmersi\u00f3n en caliente (GAC):<\/strong> 60-80 micr\u00f3metros<\/li>\n<li style='margin-bottom: 5px;'><strong>Acero inoxidable (INOX):<\/strong> 304L-316L<\/li>\n<\/ul><\/div>\n<\/p><\/div>\n<div style='flex: 1 1 250px; border: 1px solid rgba(150&comma; 150&comma; 150&comma; 0.4); border-radius: 8px; overflow: hidden; display: flex; flex-direction: column;'>\n<div style='padding: 15px; border-bottom: 1px solid rgba(150&comma; 150&comma; 150&comma; 0.2); font-weight: bold; font-size: 18px; color: inherit;'>Normas de Referencia<\/div>\n<div style='padding: 15px; color: inherit;'>\n<ul style='padding-left: 20px; margin: 0; font-size: 14px; list-style-type: disc;'>\n<li style='margin-bottom: 5px;'><strong>NMX-J-511-2011<\/strong><\/li>\n<li style='margin-bottom: 5px;'><strong>NOM-001-SEDE-2012<\/strong><\/li>\n<li style='margin-bottom: 5px;'><strong>ASTM 635A<\/strong><\/li>\n<li style='margin-bottom: 5px;'><strong>NF A 91-102<\/strong><\/li>\n<li style='margin-bottom: 5px;'><strong>NF A 91-121<\/strong><\/li>\n<li style='margin-bottom: 5px;'><strong>NF A 91-122<\/strong><\/li>\n<\/ul><\/div>\n<\/p><\/div>\n<div style='flex: 1 1 250px; border: 1px solid rgba(150&comma; 150&comma; 150&comma; 0.4); border-radius: 8px; overflow: hidden; display: flex; flex-direction: column;'>\n<div style='padding: 15px; border-bottom: 1px solid rgba(150&comma; 150&comma; 150&comma; 0.2); font-weight: bold; font-size: 18px; color: inherit;'>Certificaciones<\/div>\n<div style='padding: 15px; color: inherit;'>\n<ul style='padding-left: 20px; margin: 0; font-size: 14px; list-style-type: disc;'>\n<li style='margin-bottom: 5px;'><strong>ANCE:<\/strong> NMX-J-511-2011<\/li>\n<li style='margin-bottom: 5px;'><strong>NMX-D-122<\/strong><\/li>\n<li style='margin-bottom: 5px;'><strong>NMX-H-074<\/strong><\/li>\n<li style='margin-bottom: 5px;'><strong>NMX-004<\/strong><\/li>\n<li style='margin-bottom: 5px;'><strong>NMX-013<\/strong><\/li>\n<\/ul><\/div>\n<\/p><\/div>\n<\/p><\/div>\n<hr style='border: 0; border-top: 1px solid rgba(150&comma; 150&comma; 150&comma; 0.3); margin: 30px 0;'>\n<div style='text-align: center; font-size: 14px; color: inherit; opacity: 0.7;'>\n<p style='margin: 0;'>CHAROFIL &#8211; PIRUL No. 25 COL. STA. MA. INSURGENTES<\/p>\n<p style='margin: 0;'>C. P. 06430 DELEG. CUAUHTEMOC&comma; MEXICO&comma; D.F.<\/p>\n<p style='margin: 0;'><a href='http:\/\/www.charofil.mx' style='color: inherit; text-decoration: underline;'>www.charofil.mx<\/a><\/p>\n<\/p><\/div>\n<\/p><\/div>\n","protected":false},"excerpt":{"rendered":"<p>Soporte para c\u00e1mara en charola de peralte 116 mm<\/p>\n","protected":false},"featured_media":8483,"comment_status":"open","ping_status":"closed","template":"","meta":[],"product_brand":[],"product_cat":[592],"product_tag":[580,593,594],"class_list":{"0":"post-8484","1":"product","2":"type-product","3":"status-publish","4":"has-post-thumbnail","6":"product_cat-montajes","7":"product_tag-charofil","8":"product_tag-charola","9":"product_tag-montajes","11":"first","12":"instock","13":"sale","14":"shipping-taxable","15":"purchasable","16":"product-type-simple"},"_links":{"self":[{"href":"https:\/\/soydeaqui.ddns.net\/pachuca\/index.php\/wp-json\/wp\/v2\/product\/8484","targetHints":{"allow":["GET"]}}],"collection":[{"href":"https:\/\/soydeaqui.ddns.net\/pachuca\/index.php\/wp-json\/wp\/v2\/product"}],"about":[{"href":"https:\/\/soydeaqui.ddns.net\/pachuca\/index.php\/wp-json\/wp\/v2\/types\/product"}],"replies":[{"embeddable":true,"href":"https:\/\/soydeaqui.ddns.net\/pachuca\/index.php\/wp-json\/wp\/v2\/comments?post=8484"}],"wp:featuredmedia":[{"embeddable":true,"href":"https:\/\/soydeaqui.ddns.net\/pachuca\/index.php\/wp-json\/wp\/v2\/media\/8483"}],"wp:attachment":[{"href":"https:\/\/soydeaqui.ddns.net\/pachuca\/index.php\/wp-json\/wp\/v2\/media?parent=8484"}],"wp:term":[{"taxonomy":"product_brand","embeddable":true,"href":"https:\/\/soydeaqui.ddns.net\/pachuca\/index.php\/wp-json\/wp\/v2\/product_brand?post=8484"},{"taxonomy":"product_cat","embeddable":true,"href":"https:\/\/soydeaqui.ddns.net\/pachuca\/index.php\/wp-json\/wp\/v2\/product_cat?post=8484"},{"taxonomy":"product_tag","embeddable":true,"href":"https:\/\/soydeaqui.ddns.net\/pachuca\/index.php\/wp-json\/wp\/v2\/product_tag?post=8484"}],"curies":[{"name":"wp","href":"https:\/\/api.w.org\/{rel}","templated":true}]}}