{"id":84782,"date":"2026-03-19T21:07:21","date_gmt":"2026-03-19T21:07:21","guid":{"rendered":"https:\/\/soydeaqui.ddns.net\/pachuca\/index.php\/producto\/juego-de-26-de-puntas-de-destornillador-de-impacto-entrada-hex-1-4\/"},"modified":"2026-03-19T21:07:23","modified_gmt":"2026-03-19T21:07:23","slug":"juego-de-26-de-puntas-de-destornillador-de-impacto-entrada-hex-1-4","status":"publish","type":"product","link":"https:\/\/soydeaqui.ddns.net\/pachuca\/index.php\/producto\/juego-de-26-de-puntas-de-destornillador-de-impacto-entrada-hex-1-4\/","title":{"rendered":"Juego de 26 de Puntas de Destornillador de impacto, Entrada Hex. 1\/4&#8243;"},"content":{"rendered":"<\/p>\n<p style='text-align: center;'><span style='font-family: tahoma&comma; arial&comma; helvetica&comma; sans-serif; font-size: 12pt;'><img class='fr-fic fr-dii' src='data:image\/png;base64&comma;iVBORw0KGgoAAAANSUhEUgAAANcAAABnCAIAAAAc1UCXAAAT7klEQVR4Ae2dd1gbR\/rHBTZuJE7suCUmubSLfYmd\/iTPXS6\/5HJpvzzJJffLpdwjATZgg8GY2MEluLfExnFix7Fjp5zL4TSrAqIITDFgehEguqkSIASoorba2V+khWG1orotQcOzf8xKu7Pzvu9nvzPzzshmYY4\/FpuLDuSBm+wBkj0Mw1iIwpvsevQ46AFEIdJ+5j2AKGQ+BlAS3LaAKEQUMu8BRCHzMXBbCYSGIwoRhcx7AFHIfAygJLhtAVGIKGTeA4hC5mPgthIIDUcUIgqZ9wCikPkYQElw2wKiEFHIvAcQhczHwG0lEBqOKEQUMu8BRCHzMYCS4LYFRCGikHkPIAqZj4HbSiA0HFGIKGTeA4hC5mMAJcFtC4hCRCHzHkAUMh8Dt5VAaDiiEFHIvAcQhczHAEqC2xYQhYhC5j2AKGQ+Bm4rgdBwRCGikHkPIAqZjwGUBLctIAoRhcx7AFHIfAzcVgKh4YhCRCHzHkAUMh8DKAluW0AUIgqZ9wCikPkYuK0EQsMRhYhC5j2AKGQ+BlAS3LaAKEQUMu8BRCHzMXBbCYSG3xAKH94kqZBrcQBGOKw2vENrzqzrjk6sfzU62ztQ6MGZhEB4cLhT\/XhLN0nWxkjP5rQmV3VJarsFJYrdouq\/H8ia5s+flFZDvMZYuDEUbpZUKnTEmP8AQbSrTd9mNL1yIGtOcOwYmz7BL5u2gv\/0jrSdgqpyudaGgyGd0W2wnM5qfuuLnElj9dUFZUJQCCPUY7D8N6d1eVTK1Rkzce6aHxr\/eWJ9Q5cBB0PzB00mCKLHYBGWtL\/4Wabb6uLEopAgCBwQnVrz8\/szJw5S423J8q2p1e264fSPyh+13G2whJwpnerHG+\/jJsH1E45CMjAao\/Wdo7lefvzfnYuf25shbdNQ8Rp7WWfC1v8oneb\/+7P6GsN0QyicvyYu7FzZbkH1cMceYfWBhLrT2S3ZDT1Gi23IOFW1657dnX6N5t3k2x\/alFzcMjSCOCDkGlNJq7a4RdPYY8Rs+JBWG8y2iPPlnr52Rbzn4yR43GRDbvLjbgiFHmzuFF\/eVL8RDv40f753oHBeSNzDn6SczGjqc2ERACKpUnmT3XEtj5u9SjQkghYb\/kuh4sWDWYvDxQtC4xeExt0VLn5mT8bXaY1mbIg3sMdgeePzHJY\/X642kUdbr5E1qXvqG0LheGM5xZf3zle5DV0GV3nwO1U43toYuX6qH28bT0YbC2I2UNyiefGzS8M16aHNEolMabIO6iJmA9Xtun8ezWWt4ENvAABY\/pN5vHhDKPQOFP55T8Yr0VnweHbX6H3rC\/szG1V90PVkobXHOH9N3HBRnDif\/2mzpKxNS208ZgPcQsV96xNHbuRv6njCLop2EOW9puiEugc+TrLfgigc2XGjfvtQZHJmbXen1gyPpIrOUe9isbnvfJVnsjp1UjgAvkzIodcKgc\/6xPsik2cECvtbzuGyODz74fKf93pwuKtOl1idh3rSVs2DHyd5uFzsevu8NXFJlcpL9d3P78ucsVLQfwGi0NVT4\/rkYZesdUFj71hqmBMcKyrtoCoKQRAxOa1THKN1sgYPNnduSOxbR3LP5baVKXRShY5b2u77XdH80DjqZSw297Ck4VRG88mMpk\/FtbcECb0DhAtC4xZvSLorImFucKzXUFNRL3\/+Q5slx9MblXoz2Qy9GbtQpHhyV1pJq6al19jSawz4TwnNFi8\/vrC0ndpsGw7e+TKXdtkIp7eHxE2lJQScKfTw589YKbgjJG7R2viFYfG3rxYNmdPx4HBvDRI+\/+mlI6lXJLWqi\/U932Q0vX44Z67zWsDCtfHrL1QekDQckDT4\/1A8M0AwK0AwLyRuUbh4YWjc7FUimidhy29fHftydPbx9KbMKz0ZDT0nM5teO5yzdLMk\/KfyHbE1G3myJZsl8OKxF25Ij3zVFHr68iLOS8nuCQY1p657cbiYNMnLn\/\/G4Zz0GhXmvBoBCKK0VcM5VUh1X6e2n6QOjdnvu6If89ra1CYzhuvNWEmbdqeg6r4NTt3lzABBxHlpu8YEHw0LJgyHY76Pfiyn+dc7SNSlt8CLCYLIrOumtoR2\/ZhOnSl84WDWibTGyg59b5+1U2fOqu\/ZcqHyXpfu\/vn9mbGlHTRVttrw9BrVP768DF+8ZVtSZAOLW5IKpe+pwjM5rTWdenWftVNrlsiUYefKZq8SUds51Y\/\/v5\/nSGRKi7Pk4wA0dBl0Jsyefu+zvn1kHO8erH9iUchic1+Nzob0kHGt7dA\/ue0ii8315PA+PFHQ1mukxptaVukt4eel0DZYD2YDKr2FtohhwfA4acfs1YO+Dj8vVRut1AqHLLtS+MSONFrlnGsfRVApJIjmHiNtFcZqw7lFCp91CdDeP+\/LqFcaaJdBEzp15oDvi8kcEJVCdZ+1t49udZ\/Fxi1S3BrU7xxPDu+D4wWtw3uefMrkofDRqNQGpdNkuV1tetGxlLJkYzJMCNtw0NjddyT1yiFJQ6VicKECAADXXSCFMBI4ALQgRQmqyCgu2SLB8P65qhnDz+e1\/e1Q9lN70veLa2k650oh+2QhfARBEBgOfD4ahANSMr4ChUJYOa3xBEFs+qWCrHZhWDxspw0H9UpDdHL97vja4hYN7DdqO\/VPbktlsblUCoerHAAicqDypRuTy+X9cy8cB3K16fTl1jOXW1t6jNQlyslD4ZKNyTUdeugagiBUBsur0dksNnfTLxUkRAYz9ll87W0DMjZ9pSA8Rqoa6BP5xe3ejikFlUKl1nyhQL5LVP1dRtMVSkqoXWuetkLg6cuLyW0jH6rus\/p9V0RqBovN9eBwX\/g0s6V7UIBdKdzwo5TaYKXOsjAsfnzMuU5inCnUGrFEaedRSUPM5VbH8nT\/AysVWnsv4cvbwa8igdCZsF2CqlkDk6pZgcID4loyHQsAsTe2xoNDp1Cls\/CLFMdSGn7Nb+ugDEhSZF1zQ+wJiq1cGSn2BrPtYELt3DX9O05mr47dJaiGHcjkoXDZJyl1nU5aqDJYXnNQWNSiJn2fWN55+2qnrTeevry9ohoyDLWd+ie223twSKHBbNvwUzmJ5jR\/\/svRWdSR0x8+TrozXAwF+MuUBtddBatPl0DOXCn86LwThSr99adwl7B6bojdZC9\/\/ptfXFao+wevVgz3XiWcHxonqVSSLTyd1TwrQDjVn788KjXkbOm5nJbiZjUcapfLtZ4cHlULNUar78kCktrpKwX\/+OKyeqCDLmvTLnXMNmTt\/Tuk4so6aJ738uMfkTSQIj15KPyf\/ZltvU7zg3aN6W+fXpoWJIJrfUOmsl\/Yn0lOLFQGy5tfXqZSKO81LqaMnzw43HzKOtuyranP7EgjNcCGg5eis1xlbOYqEQykK4XvnyiAjDo2ZIA\/bHDk\/FwVbuyfOGvhLZS3ztOPl17dRT4RB2BRuPjhLSlSR7bSaLUdSKj7NKGuVmkwU2ZUsHkmKz5rdSyVwuRK5TyH4JFWewcKEyv6ga7u0D++LfWW1SJ8YC743tf5rs555WCWymCfnE0eCv2\/LdKbnVKG9UrD09sv3r4mDs5SXz+U4+qLZ3amXXEkvTVG7N1jeVQKW7uNd1AczWJzLzb0wMA8uu0ipBDDwYsHh6IwSARXOFwpXBaVShuxBZ+hZ3NcGzzKJxQKXddOkgZAwQFYHJHw+NbUaudhDLSOfCt6+6wyhU4s7djOl80IEFApFBW3z6EgPitACJNlDgov+kQkwNH0c\/uG2Ov0l93pLT32EcskoXDGSsHRlH55h37Mbei5JyJhqj+\/2\/HCEQSxjStzDeFbX1zWGO35gg6t+RWHnsEeubXbOM95AYZG4d0fJTQPLNvsFtW4Vv7e8XzImSuFMwOFcspwiiCIkhb1tBXXtjWGQiFBECzn7GYyhUKfiMQHI5MKm\/qHK9BvAAC5xiQq7djOq\/rn0dxHtkhmBvSnxJ0oLBmFwpkBQtgPhJ4rc3XO20dytZMpU3N3REJtp9PUhCCIXwvkZKIrvryTdLFMoaWlyrz8+NwiBTmClrZp\/7gx2UkLXZYBaRR6+vISKvor1xgxclgJ3X3v+sSm7sGlRVcKp\/rxfsrvn9yQLcQBsfL7IljD1RRGpFDiTOGsQCG\/SAH5a9eaT11qfv2LnDvXim8NEs4Pje9fFRwYD4yLQhabm3ull6y8qEm9wHni5eXHvzDg+cmghZ6+vJ2iauhKsgAAWHOmlIwi+5tCo2N9DwdALO14dmfanWvj7wyLf2SL5Ex2C+w1jl+8QmaMB7VwNApZbO5LB7Pgvp7ePmvYubLln6Qs3ZT87ld5JS0aajrQlUIPDpdzqhB22WTL6zv1T2y76DrRoRHpwebeHZEQW9bx4YmCOcGxgyt+I1M4MBfBAfCJsOfe\/b8tglOulKqup7ZfvGuteFFY\/PJPUn641NylM792MAvu16RSGDuaFrLY3LCzpWTlGA7O57U9FpU6f03c\/DVxSzYlf5\/ZBD3\/u6fQk8N7\/3i+3mzvUql\/3XqLz7r+hZOFofG8IgVMUCm15vTqrrSqLupspqpdB9\/7cVH428+U9sXWQJJwAJR6S5vGBJNtsFWuFLLY3Ps\/TsobEAzyShyAVFnX4458O4086un9G5J+LZBbbcBoscVcbh3cUjlOCm8NEv6Y1wbfFpXecqlGlSLrahlIdyu15tcdqQZavjC2dJQemcXm+qxLSJF1kWMSQBBNqj5xWYe4rKNpYBhDmvz7pnCKL++D4\/nyoVLzURcGh4AeHO7SjclFTf29A8QCFmRy3SNbBtcxx0Uhi829bZXooLiWlFtYp2thSAo9fXnhMVI4fyLvwgFo7DKs+L7Ya8gxIof76qHs0hYN1DAbDuS9pq08+wSCuqdm1HEhifWc4Nif8tugMtFaXtqq+SO5W8c5az0WLfTk8J7akVbnvJpAq\/93MDspaVbPDY69g3aExC4Ijbs\/MulQYp2rCtrH+K0aT5fdnd6BopPpjR1qk9Fis+HAhgOTFVfpLNxC+QPO+ZHWXqMFwy0Y3qA03OE8O0mq6ya\/smD4sq325QTymOLLe\/dYXnGzWqkza42YzoSp9Jaqdt1mnszi2HxFEESEyzoyee+0lYLUqn7BoEYIB6CgWR10puTBzRKfdWKfcPG9kUnvnyiQyLpo1JJ3KbXm5\/aks1bwSeswHGA4oM1OEqSdNsfnFgxfNLDIzmJzZweJtvGqmlV9WhNmxnCLzb5oLu81Hk1psJM9YOYjWyTlbfZfBmI4EBQpnOfIAkFxO\/noSoXuMcdaC3njorViXrFCpTdbMHuHBABhseE9Bktdp97g2KQ80bVQa8LSalTpzkdGTXdRi4ZcCKeGjSzLe41vHB4iI8Ni23\/h+9jW1ODTJXuE1XtF1eH\/Lfvr3ozpLnqz5mxp5M8VkT9XBJ8uHdwx5YjEBycLyK8if66YF0rfvzh9peDpnWn\/+irv38cL\/rovc05I7JtHcuFIYMX3xTCctMKd4eL0ahWcTdOMIn+CrdCYRpBbld7i\/10Ri8P9bXP1Ln7VLn7VTl7VDp6MRdlVxGJzfU8Wkt9u58q8gwb2npGQcbj3bUh671j++vPSjT9XsE8WLN0smeL8Mi8IjQs7W2qvnF\/14df5VOd4+fH\/fbyArDzsbOmitU6LQNNX8J\/fl7nxp4rDSfWHk+o3\/VLx8oGsfx3PJ1eiewyWtx2ZWppbRj29SbsZaPEY9dRsxdfFSGesGHx9h7Xk+v2W3suf\/9zejEe3pnpS0iILw8XrYqTNjnwYQRAAgGVRg9rp2qrlUSmZNcOCOLLhnVoz+1QhXDx0rZzZT+ZQ+hNPPx5J9oMbk2EPoFCbXhp+Y\/kIjZ9wFAKC6DPb1sYMkZcawYzr8tVd4eLiVg0AQG20VrTrcpvUTd32Ph2iAwgiWTb6T2F8IhIu1XZbbXCqACsYtgAAIe81vn0012OoXbTXxbprrGThWnFjlyG\/SX0osS7sXFngD8VbuTJxhRKjmJlT33N1C+gTi0KjxZZUoXztkH3vws0\/PvimYMiBGsmODQeXG3rIddVR2zYjQBD5c0Vxi3pUFnEAWnuMP1xqemTLxP23ADw4vOAzJTCTNeTL1KW3\/J9jyWpU57heMCEoBATRpTP\/ki9\/71je4nDxqDk2VzOuyyfvn8jPquvus2Cu08wOjf0XIX\/aLPEcs1b9lspesjF59X9Kkis6yaUFWvBsOF4u1+6LrXlubwZc1bguhlz3SrwDhV+lNAz361UbDrLre16NzqaNPsfejBtC4bw1ccHnyrYJqkY9oriy4NMlT+9KmxkgHHuAx27euK70cGyknRUk\/MvezODTpVH8qm3CqrCzpc\/sSvfyu\/p\/1siTw7vNsVF+y6+VhyUNxy427hTVsE8W3LM+cYovj6lXblyeIbcYPxCZtC5G+muRokFlMFttJqututPwQ1bLywezXKeG46r\/hlA4rhagi5EHEIUMDEARdjQPIAoRhcx7AFHIfAxowuCGp4hCRCHzHkAUMh8DNxQ\/msmIQkQh8x5AFDIfA5owuOEpohBRyLwHEIXMx8ANxY9mMqIQUci8BxCFzMeAJgxueIooRBQy7wFEIfMxcEPxo5mMKEQUMu8BRCHzMaAJgxueIgoRhcx7AFHIfAzcUPxoJiMKEYXMewBRyHwMaMLghqeIQkQh8x5AFDIfAzcUP5rJiEJEIfMeQBQyHwOaMLjhKaIQUci8BxCFzMfADcWPZjKiEFHIvAcQhczHgCYMbniKKEQUMu8BRCHzMXBD8aOZjChEFDLvAUQh8zGgCYMbniIKEYXMewBRyHwM3FD8aCYjChGFzHsAUvj\/h+E3fXQU5i0AAAAASUVORK5CYII=' alt='' \/><\/span><\/p>\n<p style='text-align: justify;'><span style='font-family: helvetica&comma; arial&comma; sans-serif;'>Este juego de 26 puntas de destornillador de impacto <strong>D092501<\/strong> est\u00e1 dise\u00f1ado para ofrecer m\u00e1ximo rendimiento&comma; precisi\u00f3n y larga vida \u00fatil&comma; ideal tanto para uso profesional como dom\u00e9stico.<\/span><\/p>\n<\/p>\n<div class='row'>\n<div class='col-sm-12'>\n<div style='border-left: 5px solid #E42327; border-radius: 5px; padding: 5px; box-shadow: 2px 2px 10px #d8d8d8; -webkit-box-shadow: 2px 2px 10px #d8d8d8;'>\n<p><span style='color: #2880b9; font-family: helvetica&comma; arial&comma; sans-serif; font-size: 16px; font-weight: bold; background-color: #ffffff;'>Caracter\u00edsiticas:<\/span><\/p>\n<ul>\n<li style='text-align: justify;'><span style='font-family: helvetica&comma; arial&comma; sans-serif;'>Puntas intercambiables de alta resistencia.<\/span><\/li>\n<li style='text-align: justify;'><span style='font-family: helvetica&comma; arial&comma; sans-serif;'>Punta magn\u00e9tica&comma; fosfatada&comma; excelente resistencia al \u00f3xido<\/span><\/li>\n<li style='text-align: justify;'><span style='font-family: helvetica&comma; arial&comma; sans-serif;'>Estuche compacto y organizado&comma; ideal para transportar y almacenar.<\/span><\/li>\n<li style='text-align: justify;'><span style='font-family: helvetica&comma; arial&comma; sans-serif;'>Incluye:<\/span><\/li>\n<\/ul>\n<table style='border-collapse: collapse; width: 420pt; height: 260px;' border='0' width='560' cellspacing='0' cellpadding='0'>\n<colgroup>\n<col style='mso-width-source: userset; mso-width-alt: 20480; width: 420pt;' width='560' \/> <\/colgroup>\n<tbody>\n<tr style='height: 20px;'>\n<td class='xl63' style='height: 20px; width: 560px;' height='27'><span style='font-family: helvetica&comma; arial&comma; sans-serif;'><strong>*<\/strong>14 pzas. Puntas variadas 6.35x25mm<\/span><\/td>\n<\/tr>\n<tr style='height: 20px;'>\n<td class='xl64' style='height: 20px; width: 560px;' height='27'><span style='font-family: helvetica&comma; arial&comma; sans-serif;'>PZ1&comma; PZ1&comma; PZ2&comma; PZ2&comma; PZ2&comma; PZ3&comma; PZ3&comma; T20&comma; T25&comma; T40&comma; S2&comma; S3&comma; H4&comma; H5<\/span><\/td>\n<\/tr>\n<tr style='height: 20px;'>\n<td class='xl63' style='height: 20px; width: 560px;' height='27'><span style='font-family: helvetica&comma; arial&comma; sans-serif;'><strong>*<\/strong>3 pzas 6.35x50mm<\/span><\/td>\n<\/tr>\n<tr style='height: 20px;'>\n<td class='xl64' style='height: 20px; width: 560px;' height='27'><span style='font-family: helvetica&comma; arial&comma; sans-serif;'>PH2&comma; PH2&comma; PH2<\/span><\/td>\n<\/tr>\n<tr style='height: 20px;'>\n<td class='xl63' style='height: 20px; width: 560px;' height='27'><span style='font-family: helvetica&comma; arial&comma; sans-serif;'><strong>*<\/strong>2 pzas. 6.35x75mm<\/span><\/td>\n<\/tr>\n<tr style='height: 20px;'>\n<td class='xl64' style='height: 20px; width: 560px;' height='27'><span style='font-family: helvetica&comma; arial&comma; sans-serif;'>PH2&comma; PH2<\/span><\/td>\n<\/tr>\n<tr style='height: 20px;'>\n<td class='xl63' style='height: 20px; width: 560px;' height='27'><span style='font-family: helvetica&comma; arial&comma; sans-serif;'><strong>*<\/strong>2 pzas. 6.35x90mm<\/span><\/td>\n<\/tr>\n<tr style='height: 20px;'>\n<td class='xl64' style='height: 20px; width: 560px;' height='27'><span style='font-family: helvetica&comma; arial&comma; sans-serif;'>PH2&comma; PH2<\/span><\/td>\n<\/tr>\n<tr style='height: 20px;'>\n<td class='xl63' style='height: 20px; width: 560px;' height='27'><span style='font-family: helvetica&comma; arial&comma; sans-serif;'><strong>*<\/strong>1 pza. 6.35x150mm<\/span><\/td>\n<\/tr>\n<tr style='height: 20px;'>\n<td class='xl64' style='height: 20px; width: 560px;' height='27'><span style='font-family: helvetica&comma; arial&comma; sans-serif;'>PH2<\/span><\/td>\n<\/tr>\n<tr style='height: 20px;'>\n<td class='xl63' style='height: 20px; width: 560px;' height='27'><span style='font-family: helvetica&comma; arial&comma; sans-serif;'><strong>*<\/strong>3 pzas. Dados con entrada de 1\/4&#8242;<\/span><\/td>\n<\/tr>\n<tr style='height: 20px;'>\n<td class='xl64' style='height: 20px; width: 560px;' height='27'><span style='font-family: helvetica&comma; arial&comma; sans-serif;'>6&comma; 8&comma; 10mm<\/span><\/td>\n<\/tr>\n<tr style='height: 20px;'>\n<td class='xl63' style='height: 20px; width: 560px;' height='27'><span style='font-family: helvetica&comma; arial&comma; sans-serif;'><strong>*<\/strong>1 pzas. extencion magnetica<\/span><\/td>\n<\/tr>\n<\/tbody>\n<\/table>\n<\/p><\/div>\n<\/p><\/div>\n<\/p><\/div>\n<\/p>\n<p style='text-align: center;'><img src='data:image\/png;base64&comma;iVBORw0KGgoAAAANSUhEUgAAASsAAABlCAYAAAAVgcUcAAAAAXNSR0IArs4c6QAAAARnQU1BAACxjwv8YQUAAAAJcEhZcwAADsMAAA7DAcdvqGQAABW2SURBVHhe7Z0xbBrZ1sf\/+WQXUGA2rPRcgIy3YKUvBbOSn\/TYwmbtYl\/BKmyRtJAurkIo40jGUvxKh62SLtAmxRI9ireFE+JiKdZShsLFUsREIH1eacliCtAn+5O\/grnjmTsDzMBAZuD8JKQwg4l9597\/Pffcc8+5cXV1dQWCIAib81\/8BYIgCDtCYkUQhCMgsSIIwhGQWBEE4QhIrAiCcAQkVgRBOAISK4IgHAGJFUEQjoDEiiAIR0BiRRCEI7hh5LjNjftF\/tLcsxHyIehzIR5eRlxY5m9bSqZYxV6xyl+ea1ZuuiAElhAN+RAX\/oagz81\/xFJoDGjZCPkg+D3SM5jsGACJlTUsuRaQ2voKmViIv2UJJFbDuR1eRvbuf09MtGgMDGblpguZH0JIRgL8LcswLVYbIZ\/q3rzR6lyg0mjzlwHpgRW2\/w4h4OFvjYVSrFZuuhD8cjID0imI9XOcdy\/5ywCA3VhoIpMGjYFrBo2BsN+DXEKwfAxgFLG6eh5T3ZtXas0OCuIfyB5+wMdPXdW9F4mwpTOMUqwmNRidRqtzgVK1iULlDPlyQ3VvI+RD4f4avO5F1fVxoDGgRay3Uao2NWNgybWAXEKwfGlIDvYRCfrcSG2tovavLbxIhLHkWpDv3ctXkCvXVZ8nrMXrXkRcWEYuIeB0fxO3w9cD4121iehBGa3OhepnCGsRAh7dMXDevcSPz49REM\/4HxkLEisLSEYCqO1vIey\/Nn3v5SsQ6\/qmMmEtQZ8bhe01PL1zS75WabSRenWi+hwxOZKRAMTH66oxkMyLqDU7qs+NA4mVRXjdiyilI5qHRUyP1NYqXiTC8vt8uWH57E70J+hzq8bAefcSyXyF\/9jIkFhZCBMsZg5XGm1aDk6ZZCSAB5ur8vvUS7KuponXvYhcQpDHwLtq07IxQGJlMV73IrJ3r5cjmX9TyMG0ycRCWLnpAgB8\/NS1bLAQxuj5sr6S32cPT1X3R4XEagIkIwHVYCHf1XTxuheR+eF6x7Qg\/qG6T0ye1OaqaoVhxRggsZoQym3bQoX8JtMmrtgdfE3tP3W87kVV+E6p2lTdHwXHipXdt6WVYmXFgyLM4XUvqoI36RlMn6jF7e9YsRIbbQQfHdrWH6F8UHYX1llFUOzMEtNHNQa6448Bx4oVJH\/QvXwF0YOypfEcVtPvaAIxWZQR7HbuH7OKlScI4HSxYryrNiE8ObLEiUfMJrWm+kgU4TwcK1b8THnevUT04FcSLIKYURwrVnqixASLfET2QKy3KYKcsAzHilW\/3YXz7iXiz4\/5y8QU6J3AP0X82TG8D\/+Db\/aP8OPzY8uCAon5xpFiVWt2Bjqt30mDRglZW9bS6lygIJ4hU6wielDGjftFfHdQxsNXJ3hdOVPlm3r46sS2u7afm1qzM7UzpPFnxxr3iZNwpFjluPxFemSKv6sEKnpQ1l06EsaoNTvIletIvTyB8OQIX6R\/wY\/Pj7FXrOJdHytXCaXN0SeZr0zlwHVBPMPrypmlB4unjePEqtW5QPbwA39Zw3n3Etk319aVEPCQP8skuXIdybyI4KNDrO68wb18BT+9OR1o1Q6CBEtN9vBUFvpkXpxY32x1LmTrTW\/V4RQcJ1bZN6d9U9ryKEUt6HNLDnhKymYUwb+EgnimyYQ6Dvfylb7+xnlCrLfxUJFva5K+1mS+ohozmeLvjlwO2las9JZsRq0qxnn3UjOTU1K24TCLSgh4UEp\/q8qCagXxZ7\/pPt95QWnpKJmE1ZM9PNWcjTzvXiL+bDLCOElsK1Z6gpIpVg1bVQx24l45OKbhI3AyBfEP5MsNZIrViQjWvMfEZYrVvkvph69OLGsXsd5Gpvg7fxlgk7bDcn3ZUqxK1SbeVZuqhybW2\/hJ4YMyyuvKGcR6WzO7TNJH4HRYW+0Vq8iV6xACvYolVjKvglUQz4b2Yyv6JrPeBk3uP705ddSkbUuxYg2o9G3omc1GiR78yl\/SOOCJHnznZU7xuLCsShlsBUywnOg\/GQW95V\/Y79G0a6XRRmbMOpGpVyca6+1FIqxKuw2LhHFa2FKsmJ+JiVXqpbbhzdBvdskefnDMg5oWerm3mGAlIwHNwBoX5j+Zh+eQenWi6ousZBWfihmS1TPqRkRB1JYne7C5imQkoLGQzy3Okz5JbCdWuXJdfqCtbi\/wcJjZDKn4p1nIutJS+l1\/gLBqPZMQrEqjPfO7tLVmRyMgmdjXcjHQ7N1bGqtnFOuqn\/XGUm0LAY+qChCkZT9vUdsR24mVMmd57U\/j0b25pIBExM9fHoqZ3cVZR6y3B4YpMB9TMhIYqa0HMeuCxQvPRsiH1JbamlLm7oe0O2h2icxvQi25FlDYXlN9JrW1qqkq7YTloK3EKleuqwbLx0\/dvks4PXIJ84J13r10xKwyDfgwDx6lU3yUth5GrdmZWUuXt1j1qmpHQz5Nm5rJH9\/qXGhWIZnY1wj63KprAJDjCvOedy8NnQz5nNhKrKyoBJNLCJpZYxij+gZmDSPtYKVgrdx0IRHx4+mdW3i\/s47W03\/qDuJZQDkJr9x0qbJoKlHmjofJDJu82KzcdGmsN0avovh1BRo4YJVhG7HirSqzKFPYFu6vmYoLEsdw3s8Kww6HK+k5ZXvLBjOCFfZ78GCzV4j0dH8TtX9tIZcQkNpa7cVzVZvIFKu2X47YFX5zRFnhRw9lBRpIgmp22TlNbCRW5kxQZSOv3HSpUqjytfuGYeQg7qxjZrkBzseUvaN1DkPyy+zGQvj5\/hr+Ovge4uN1ZO\/eQjISgNe1qJu1IXv4wfJ0uHZAuQH08VO3rxXLC44ZxPq56j1vpfF43YuqwiaweUZVW4hVrdkxJRhLrgWVGPENDql2n9nl4DzTb\/AMggkWAJTSEXlJ9zYdwdXzGErpCDKxEOLCMlrdC0NZG\/Se5SwQ\/VrdF1MvTzQWZK5c1+wY8oIzaMOJ9+8aEX09f5ZdsYVYmR0ocWFZ9RCV9cmUJA0uT+adVudCE+FvFCZYrGx4amsV0ZAPYr2N7OGp6awN\/OCcFfg+Wmm0ITw5QvawF0WezIu4x8U7bYR8cmgDpJ0+dgxKDz58hxdDPZx0gsAWYmXW9ExtfgWvexErN12aB6okGQmY8l3NK2YnCx4mPrVmpydcUpbQh69OkC83TPki+zmenY7eTt\/HT108fHWCH58faywqAMgq4qHEeht7kkjtFau6IiMEllTvh+2s6k1Sdi5fZgux0mv4fijFyeteVD1QPfgZjdAyjp8EAG5L1lBB\/APvqk3NcsQot8PLhpYuTiV755Zh18SLRFg1CfPLP\/49AMSFv6neZw8\/DBxbfOR62O+xdfvbQqzMbM8qxYntIg3CyExttAPNIqVqEy+P\/4e\/bAo2SMYVPSPPysl43YsopSPYjYX6Wvxhvwfvd9ZVk6xelga984Px8LImdip68KvGcm51LhB\/dqyxqvqFOdgFW4iV12VMzXdjIfVsY8BqMjIAjHxmVhDrbeTKdfl11v5fdC\/+j\/+YKaIhH1qdC1ObJHrwlsGskomFUNvfws\/317AbC8mv9zvrEB+vq\/p4qdqUl388\/HKQ+Q2VnHcv8d1BGcKTIyTzIqIHZXyR\/kUjVBshn6Hx9DmxhVgNs44gOQ9HCRj0uhf7zmKMWXfEM2c3S+yWjATk1z9WvUPbZxBhvwdBn1sze5uFfc+8wMIGMrGQ\/OLHQatzgWROu9xTEn\/2m8qRHheWNb4xSJZYvtzQnVDCfg8K99VHcuyILcTKiGWTS46eT4l3PCrZCPlmdpCwjJ9i4xyprVXdZXPQ5x4ruR4LNZj0ErDV6YU+zNPRqGS+otmc4A8hf\/zU1fiecgkBuwYn9o2QD6V0xNa+KoZtxIrfdlUy6HjCuAxz0DuRUrUJ4ckRIHXcYeb9ONlAWagBf\/bNLMN+R697EclIAELAg9TLk7EtObujl4746Z1bSG2taoTodeVMkw45EwvhdH9T18qCIo+WU4QKdhErDDkaMKlAwQebWkvD6aRenvQGczoyVACUMMEyw8pNF4SAZ2i2hmEsuRYMP4egz43s3VsoVZuOS8trFJErJgEuS0MmFtJsCmWKv2t2\/oI+N3IJAVfPY3ibjsgvdprATP+wA7YRq2QkIG+B80xC+ZU5fmaBVucCwpMjFMSzkWdLIaDNWjkIFpU97hJwlMmI+S+FJ0eGgh+dBB+WsORa0PiU+POv7LxmP6Ihn\/wapW\/YAduIFaS0FXpnzMaFdyqG\/R6U0hHVNaeTzFd629k\/hMbqjEkTyfXYEnBcP9KoUeuZWAi1Zke3uIhT0QtTKGz\/XfNM9Xb+9MIZZglbiRWLQ+EFa5yZkz9FzoSKf\/hOplRtyv4NKzYLjApWXFhGq3OhGVxmGcWygtRfhMAS8uWGZgnkRGrNjiZM4cFm7\/iSHnFhWZMOOXv4QdPnZwVbiRUUgqV0DI7jTFVmE7gdXp45oQLXPlZ11GGCJUetj7kE7Lf0N0KrcyFnGhj397ADvFVkJFwnEwupNqfOu5ea75kVbCdWUJi4T+\/cwpJrAZVGe+RByLJf7sZCKGyvzZxQ8WT+bV0+qOSA9MVsth9nIsGYgaB8Cl8no5ejPXv31tD+6tVJh5QvNyzrA3bClmLFSG2tQny8jtvhZdP5riANJK97Ee931ofOUE5GeQLg46eupbnM+yXXk4\/YjOivWnIt4HZ4ue8SZxiZYlWVwjfo6x\/64gT4fGIbIZ\/h5XFcWNa4TkYZL3bH1mIFyQdT2F4bKco86HOhlI4Y3hZ3KsmIX7UzVGm0Edw5HJpT3Si8YCmj1o1aNnopjAvba6Z9bCyzg9K3s+RaGNlJbxf4ZazZ\/s6f6xvX4rUjthcrhtlOjRF\/xono7Qyddy9xL19B9KBsiWgpBYtZQ4OsqmEpjM1Sa\/YqHa3uvNHs7urtljmN2p9qN4dZ8eU\/z2cNVcJOA2SKVSTzIpJ5ERmp+rZVFvkkcIxYEYOJC8v4WSf3\/LtqE\/fyFQQfHSL18mTkXbNas4NcQkDY75GDCZWzN0thrAw6ZCmMR5002KCKHpSxuvNG49NZci3gbToy8lLSTvBBtWbFl\/88\/31QCP4X6V9wL1\/BnpTML19uYK9Yxb18BV+kf0EyL47sI54kJFYzRFxYhvh4XRPdDKnz\/vTmFN\/sHyH46BDJvIiCeGa4UwpPjpApVlVZAZKRgCaF8bhBhyWpaATLDnAvX9FYUpDEUXy8PhNCBa6mgBXw3yfWe5lJecHXI19uQHhyNPLENiluXF1dXfEXeW7cL8r\/vnoeU90zQq3ZMZ0N1G6MMijGbTdGpliVfTS70gn9YRTEM6RenujOsDy9YzNLEAIeCFICNv7vZX\/Lyk0XcklBc98srE+UpEKeYr1tKF6LnTww8v+P0m79sOpZ9iN6UFaJ8vsddaqYYZSqTXwn5cOH4oAypLYWnhwZ9i8yllwLEB+vj2wZQ9Fuyt9nVCYuVsoO42RGCSYdp92UjDPoStWm7qFYozArjbduEhE\/snf0t9YL4pmqvFmrcyG\/r\/3ZMSSgPImIH8lIwJBIMcZpNx6rnmU\/Ui9PVLubiYhf44ccRDIvqqymB5urckgDfw9Sf2YHwyFZXoXKme5zNvN78FgpVhNfBlotVLfDy3KysttcZsQNKc\/1biyEBLdDNi6VRtuR28HRkA+F7V4prBeJsOkgzHfVpqYDQ1oqBHcONaf9IeX+3pOEYk8KMWDfY1SoWGjDi0QYfx18j1xifGvOzvBhCvlyw\/ASXaz3clUpUX4fvxHy9M4tiI\/X5eIeUemQdCkd0QQC89\/7OZm4WFnJ+511FLbX5GRlhe01Va6qUjqCXEJAJhZCLiGgtr81MPWMWcykX7YbXinFSmF7TT6Fvyud3h9V1Hslx+uGB9UgllwLKic9C21IRgK61tusEdVJkxR\/djx0d67VudAcYOZTKimXfysDqjRD8kPyv4ddcIxY3Q4vQwh4kClWceN+ETfuFyUn4PUWbfDRoXwv9fKkN0C\/dVYajGkRDfmQiYVQkoThdH9TFrAHm6vYCPk0gYZKllwL8gxtxqcR9nuwEfLhwWYvL9PbdASn+5toPf2nykk\/j\/AJJlm5rn4xUyxvGe\/r479HycdP3YGhLONWRp8kE\/dZKX92HNgaXG\/9rQdbI1vpMzPr9xin3ZRY6XsZFeXfMshfBWlZorRCva5FU85iq7Cy3cw8S6v6vBMw2haO8FlZRUE868XdJAS8TUfwYHN1oLnKZud+sxJhnrDfg7fSUrufUEHKi8V8IdEBdR0JwgyOEauPn7pyBdugz4Xs3d4SRC+mKBHx9\/xW5bquc5gwD1vyzesSjfj8OEasoKhgu7rzBvFnx\/C6F5Hi8vmwrdZcua4px02MziCnLEFMA0eJlZJS9U+AO2awK+0CZqSjAwRBzA6OcbCzoEDmvGX+EOZEZQ74WrOjiofSyxM0KmadtOO0mxIrHcXzhJXtZtWznDfm0sEOKeVLamsVmVgIgr8XxsA6I7Owgj63HIeViYUcV8GDIAh9HCNW+XIDqztv5DiqL9K\/qEIS9hTxV8qX8rzUuBgtc08QhPVMXKx2xzC97UTvLJW5hGgEQViHIZ+V9+F\/5JD9UdbrlHVhtHZjWOl7mSesbDernuW8YaXPypBYKdNX\/HXw\/cCAQOIaqzp4QTzDj8+PAe40PTEYK8Uq+OhQPoYyzrOcN6wUK0PLQKWvhiLCp49yclCmXiGmR\/DL6\/OPNAY+D4bESrkE4hPbE5MnqsiM8K7aHHoSn7Ae1RgYkHuemByGxEpZ242d0SOmSzT0pfzvrCJJGzEdlAUZ7F5YYVYxJFZBn1s+gzfLFV\/tjPK4S\/bwAw2WKSMEPPLB+fPuJU0YnwFDYgWpTDXjpzentG6fMtGQTzVhJOk40dTJ\/HA9BvaKVdsVVJh1DItVNORTpcSNP\/uNHtaUUU4YrytnmgyRxGRJRgKqLB\/Rg19pDEwRw2IFALlEWGUKRw9+JQtrikSltL+MfLmBZF6kJeEUySXC8mYHGwMkWNPBlFh53YsobP9d9bC+OyjbtijiLJKRimEwWI03mjSmQ9DnRin9rWoMfLPfq6lIk8ZkMSVWkByNpfS3qiyd7Nxe\/NkxcuU6DZwJk0sIeKDI4\/XxUxffHZQRfHSITLEq1+IjJgMbA8pCG3vFqlzNOFeuk7U1AQxFsOvR6lwg9erEsvQrs84kop4LYs9vZbZ45TwybgS7Hr3KMpWRazLOE1OLYNfD616U86GbrUVHWENcWEZtfwu7sdDAfPTEZOi5RdbwNh3RTa9NWMvIlhVPq3OBQuUMYr1NR0J0GHdWMUKp2kSp2tRUlyGApJS8cZLUmh25\/WkMqBH8nrHPtFomVgRBEJNk5GUgQRDENCGxIgjCEZBYEQThCEisCIJwBCRWBEE4AhIrgiAcAYkVQRCOgMSKIAhH8P+CV1+kWSSWNQAAAABJRU5ErkJggg==' alt='' \/><\/p>\n","protected":false},"excerpt":{"rendered":"<p>Juego de 26 de Puntas de Destornillador de impacto, Entrada Hex. 1\/4&#8243;<\/p>\n","protected":false},"featured_media":84781,"comment_status":"open","ping_status":"closed","template":"","meta":[],"product_brand":[],"product_cat":[130],"product_tag":[132,25,131],"class_list":{"0":"post-84782","1":"product","2":"type-product","3":"status-publish","4":"has-post-thumbnail","6":"product_cat-herramientas-electricas","7":"product_tag-dongcheng","8":"product_tag-herramientas","9":"product_tag-herramientas-electricas","11":"first","12":"outofstock","13":"sale","14":"shipping-taxable","15":"purchasable","16":"product-type-simple"},"_links":{"self":[{"href":"https:\/\/soydeaqui.ddns.net\/pachuca\/index.php\/wp-json\/wp\/v2\/product\/84782","targetHints":{"allow":["GET"]}}],"collection":[{"href":"https:\/\/soydeaqui.ddns.net\/pachuca\/index.php\/wp-json\/wp\/v2\/product"}],"about":[{"href":"https:\/\/soydeaqui.ddns.net\/pachuca\/index.php\/wp-json\/wp\/v2\/types\/product"}],"replies":[{"embeddable":true,"href":"https:\/\/soydeaqui.ddns.net\/pachuca\/index.php\/wp-json\/wp\/v2\/comments?post=84782"}],"wp:featuredmedia":[{"embeddable":true,"href":"https:\/\/soydeaqui.ddns.net\/pachuca\/index.php\/wp-json\/wp\/v2\/media\/84781"}],"wp:attachment":[{"href":"https:\/\/soydeaqui.ddns.net\/pachuca\/index.php\/wp-json\/wp\/v2\/media?parent=84782"}],"wp:term":[{"taxonomy":"product_brand","embeddable":true,"href":"https:\/\/soydeaqui.ddns.net\/pachuca\/index.php\/wp-json\/wp\/v2\/product_brand?post=84782"},{"taxonomy":"product_cat","embeddable":true,"href":"https:\/\/soydeaqui.ddns.net\/pachuca\/index.php\/wp-json\/wp\/v2\/product_cat?post=84782"},{"taxonomy":"product_tag","embeddable":true,"href":"https:\/\/soydeaqui.ddns.net\/pachuca\/index.php\/wp-json\/wp\/v2\/product_tag?post=84782"}],"curies":[{"name":"wp","href":"https:\/\/api.w.org\/{rel}","templated":true}]}}