{"id":84780,"date":"2026-03-19T21:07:15","date_gmt":"2026-03-19T21:07:15","guid":{"rendered":"https:\/\/soydeaqui.ddns.net\/pachuca\/index.php\/producto\/juego-de-55-piezas-desarmador-magnetico-con-puntas-intercambiables\/"},"modified":"2026-03-19T21:07:17","modified_gmt":"2026-03-19T21:07:17","slug":"juego-de-55-piezas-desarmador-magnetico-con-puntas-intercambiables","status":"publish","type":"product","link":"https:\/\/soydeaqui.ddns.net\/pachuca\/index.php\/producto\/juego-de-55-piezas-desarmador-magnetico-con-puntas-intercambiables\/","title":{"rendered":"Juego de 55 Piezas. Desarmador Magn\u00e9tico con Puntas Intercambiables."},"content":{"rendered":"<\/p>\n<p style='text-align: center;'><span style='font-family: tahoma&comma; arial&comma; helvetica&comma; sans-serif; font-size: 12pt;'><img class='fr-fic fr-dii' src='data:image\/png;base64&comma;iVBORw0KGgoAAAANSUhEUgAAANcAAABnCAIAAAAc1UCXAAAT7klEQVR4Ae2dd1gbR\/rHBTZuJE7suCUmubSLfYmd\/iTPXS6\/5HJpvzzJJffLpdwjATZgg8GY2MEluLfExnFix7Fjp5zL4TSrAqIITDFgehEguqkSIASoorba2V+khWG1orotQcOzf8xKu7Pzvu9nvzPzzshmYY4\/FpuLDuSBm+wBkj0Mw1iIwpvsevQ46AFEIdJ+5j2AKGQ+BlAS3LaAKEQUMu8BRCHzMXBbCYSGIwoRhcx7AFHIfAygJLhtAVGIKGTeA4hC5mPgthIIDUcUIgqZ9wCikPkYQElw2wKiEFHIvAcQhczHwG0lEBqOKEQUMu8BRCHzMYCS4LYFRCGikHkPIAqZj4HbSiA0HFGIKGTeA4hC5mMAJcFtC4hCRCHzHkAUMh8Dt5VAaDiiEFHIvAcQhczHAEqC2xYQhYhC5j2AKGQ+Bm4rgdBwRCGikHkPIAqZjwGUBLctIAoRhcx7AFHIfAzcVgKh4YhCRCHzHkAUMh8DKAluW0AUIgqZ9wCikPkYuK0EQsMRhYhC5j2AKGQ+BlAS3LaAKEQUMu8BRCHzMXBbCYSG3xAKH94kqZBrcQBGOKw2vENrzqzrjk6sfzU62ztQ6MGZhEB4cLhT\/XhLN0nWxkjP5rQmV3VJarsFJYrdouq\/H8ia5s+flFZDvMZYuDEUbpZUKnTEmP8AQbSrTd9mNL1yIGtOcOwYmz7BL5u2gv\/0jrSdgqpyudaGgyGd0W2wnM5qfuuLnElj9dUFZUJQCCPUY7D8N6d1eVTK1Rkzce6aHxr\/eWJ9Q5cBB0PzB00mCKLHYBGWtL\/4Wabb6uLEopAgCBwQnVrz8\/szJw5S423J8q2p1e264fSPyh+13G2whJwpnerHG+\/jJsH1E45CMjAao\/Wdo7lefvzfnYuf25shbdNQ8Rp7WWfC1v8oneb\/+7P6GsN0QyicvyYu7FzZbkH1cMceYfWBhLrT2S3ZDT1Gi23IOFW1657dnX6N5t3k2x\/alFzcMjSCOCDkGlNJq7a4RdPYY8Rs+JBWG8y2iPPlnr52Rbzn4yR43GRDbvLjbgiFHmzuFF\/eVL8RDv40f753oHBeSNzDn6SczGjqc2ERACKpUnmT3XEtj5u9SjQkghYb\/kuh4sWDWYvDxQtC4xeExt0VLn5mT8bXaY1mbIg3sMdgeePzHJY\/X642kUdbr5E1qXvqG0LheGM5xZf3zle5DV0GV3nwO1U43toYuX6qH28bT0YbC2I2UNyiefGzS8M16aHNEolMabIO6iJmA9Xtun8ezWWt4ENvAABY\/pN5vHhDKPQOFP55T8Yr0VnweHbX6H3rC\/szG1V90PVkobXHOH9N3HBRnDif\/2mzpKxNS208ZgPcQsV96xNHbuRv6njCLop2EOW9puiEugc+TrLfgigc2XGjfvtQZHJmbXen1gyPpIrOUe9isbnvfJVnsjp1UjgAvkzIodcKgc\/6xPsik2cECvtbzuGyODz74fKf93pwuKtOl1idh3rSVs2DHyd5uFzsevu8NXFJlcpL9d3P78ucsVLQfwGi0NVT4\/rkYZesdUFj71hqmBMcKyrtoCoKQRAxOa1THKN1sgYPNnduSOxbR3LP5baVKXRShY5b2u77XdH80DjqZSw297Ck4VRG88mMpk\/FtbcECb0DhAtC4xZvSLorImFucKzXUFNRL3\/+Q5slx9MblXoz2Qy9GbtQpHhyV1pJq6al19jSawz4TwnNFi8\/vrC0ndpsGw7e+TKXdtkIp7eHxE2lJQScKfTw589YKbgjJG7R2viFYfG3rxYNmdPx4HBvDRI+\/+mlI6lXJLWqi\/U932Q0vX44Z67zWsDCtfHrL1QekDQckDT4\/1A8M0AwK0AwLyRuUbh4YWjc7FUimidhy29fHftydPbx9KbMKz0ZDT0nM5teO5yzdLMk\/KfyHbE1G3myJZsl8OKxF25Ij3zVFHr68iLOS8nuCQY1p657cbiYNMnLn\/\/G4Zz0GhXmvBoBCKK0VcM5VUh1X6e2n6QOjdnvu6If89ra1CYzhuvNWEmbdqeg6r4NTt3lzABBxHlpu8YEHw0LJgyHY76Pfiyn+dc7SNSlt8CLCYLIrOumtoR2\/ZhOnSl84WDWibTGyg59b5+1U2fOqu\/ZcqHyXpfu\/vn9mbGlHTRVttrw9BrVP768DF+8ZVtSZAOLW5IKpe+pwjM5rTWdenWftVNrlsiUYefKZq8SUds51Y\/\/v5\/nSGRKi7Pk4wA0dBl0Jsyefu+zvn1kHO8erH9iUchic1+Nzob0kHGt7dA\/ue0ii8315PA+PFHQ1mukxptaVukt4eel0DZYD2YDKr2FtohhwfA4acfs1YO+Dj8vVRut1AqHLLtS+MSONFrlnGsfRVApJIjmHiNtFcZqw7lFCp91CdDeP+\/LqFcaaJdBEzp15oDvi8kcEJVCdZ+1t49udZ\/Fxi1S3BrU7xxPDu+D4wWtw3uefMrkofDRqNQGpdNkuV1tetGxlLJkYzJMCNtw0NjddyT1yiFJQ6VicKECAADXXSCFMBI4ALQgRQmqyCgu2SLB8P65qhnDz+e1\/e1Q9lN70veLa2k650oh+2QhfARBEBgOfD4ahANSMr4ChUJYOa3xBEFs+qWCrHZhWDxspw0H9UpDdHL97vja4hYN7DdqO\/VPbktlsblUCoerHAAicqDypRuTy+X9cy8cB3K16fTl1jOXW1t6jNQlyslD4ZKNyTUdeugagiBUBsur0dksNnfTLxUkRAYz9ll87W0DMjZ9pSA8Rqoa6BP5xe3ejikFlUKl1nyhQL5LVP1dRtMVSkqoXWuetkLg6cuLyW0jH6rus\/p9V0RqBovN9eBwX\/g0s6V7UIBdKdzwo5TaYKXOsjAsfnzMuU5inCnUGrFEaedRSUPM5VbH8nT\/AysVWnsv4cvbwa8igdCZsF2CqlkDk6pZgcID4loyHQsAsTe2xoNDp1Cls\/CLFMdSGn7Nb+ugDEhSZF1zQ+wJiq1cGSn2BrPtYELt3DX9O05mr47dJaiGHcjkoXDZJyl1nU5aqDJYXnNQWNSiJn2fWN55+2qnrTeevry9ohoyDLWd+ie223twSKHBbNvwUzmJ5jR\/\/svRWdSR0x8+TrozXAwF+MuUBtddBatPl0DOXCn86LwThSr99adwl7B6bojdZC9\/\/ptfXFao+wevVgz3XiWcHxonqVSSLTyd1TwrQDjVn788KjXkbOm5nJbiZjUcapfLtZ4cHlULNUar78kCktrpKwX\/+OKyeqCDLmvTLnXMNmTt\/Tuk4so6aJ738uMfkTSQIj15KPyf\/ZltvU7zg3aN6W+fXpoWJIJrfUOmsl\/Yn0lOLFQGy5tfXqZSKO81LqaMnzw43HzKOtuyranP7EgjNcCGg5eis1xlbOYqEQykK4XvnyiAjDo2ZIA\/bHDk\/FwVbuyfOGvhLZS3ztOPl17dRT4RB2BRuPjhLSlSR7bSaLUdSKj7NKGuVmkwU2ZUsHkmKz5rdSyVwuRK5TyH4JFWewcKEyv6ga7u0D++LfWW1SJ8YC743tf5rs555WCWymCfnE0eCv2\/LdKbnVKG9UrD09sv3r4mDs5SXz+U4+qLZ3amXXEkvTVG7N1jeVQKW7uNd1AczWJzLzb0wMA8uu0ipBDDwYsHh6IwSARXOFwpXBaVShuxBZ+hZ3NcGzzKJxQKXddOkgZAwQFYHJHw+NbUaudhDLSOfCt6+6wyhU4s7djOl80IEFApFBW3z6EgPitACJNlDgov+kQkwNH0c\/uG2Ov0l93pLT32EcskoXDGSsHRlH55h37Mbei5JyJhqj+\/2\/HCEQSxjStzDeFbX1zWGO35gg6t+RWHnsEeubXbOM95AYZG4d0fJTQPLNvsFtW4Vv7e8XzImSuFMwOFcspwiiCIkhb1tBXXtjWGQiFBECzn7GYyhUKfiMQHI5MKm\/qHK9BvAAC5xiQq7djOq\/rn0dxHtkhmBvSnxJ0oLBmFwpkBQtgPhJ4rc3XO20dytZMpU3N3REJtp9PUhCCIXwvkZKIrvryTdLFMoaWlyrz8+NwiBTmClrZp\/7gx2UkLXZYBaRR6+vISKvor1xgxclgJ3X3v+sSm7sGlRVcKp\/rxfsrvn9yQLcQBsfL7IljD1RRGpFDiTOGsQCG\/SAH5a9eaT11qfv2LnDvXim8NEs4Pje9fFRwYD4yLQhabm3ull6y8qEm9wHni5eXHvzDg+cmghZ6+vJ2iauhKsgAAWHOmlIwi+5tCo2N9DwdALO14dmfanWvj7wyLf2SL5Ex2C+w1jl+8QmaMB7VwNApZbO5LB7Pgvp7ePmvYubLln6Qs3ZT87ld5JS0aajrQlUIPDpdzqhB22WTL6zv1T2y76DrRoRHpwebeHZEQW9bx4YmCOcGxgyt+I1M4MBfBAfCJsOfe\/b8tglOulKqup7ZfvGuteFFY\/PJPUn641NylM792MAvu16RSGDuaFrLY3LCzpWTlGA7O57U9FpU6f03c\/DVxSzYlf5\/ZBD3\/u6fQk8N7\/3i+3mzvUql\/3XqLz7r+hZOFofG8IgVMUCm15vTqrrSqLupspqpdB9\/7cVH428+U9sXWQJJwAJR6S5vGBJNtsFWuFLLY3Ps\/TsobEAzyShyAVFnX4458O4086un9G5J+LZBbbcBoscVcbh3cUjlOCm8NEv6Y1wbfFpXecqlGlSLrahlIdyu15tcdqQZavjC2dJQemcXm+qxLSJF1kWMSQBBNqj5xWYe4rKNpYBhDmvz7pnCKL++D4\/nyoVLzURcGh4AeHO7SjclFTf29A8QCFmRy3SNbBtcxx0Uhi829bZXooLiWlFtYp2thSAo9fXnhMVI4fyLvwgFo7DKs+L7Ya8gxIof76qHs0hYN1DAbDuS9pq08+wSCuqdm1HEhifWc4Nif8tugMtFaXtqq+SO5W8c5az0WLfTk8J7akVbnvJpAq\/93MDspaVbPDY69g3aExC4Ijbs\/MulQYp2rCtrH+K0aT5fdnd6BopPpjR1qk9Fis+HAhgOTFVfpLNxC+QPO+ZHWXqMFwy0Y3qA03OE8O0mq6ya\/smD4sq325QTymOLLe\/dYXnGzWqkza42YzoSp9Jaqdt1mnszi2HxFEESEyzoyee+0lYLUqn7BoEYIB6CgWR10puTBzRKfdWKfcPG9kUnvnyiQyLpo1JJ3KbXm5\/aks1bwSeswHGA4oM1OEqSdNsfnFgxfNLDIzmJzZweJtvGqmlV9WhNmxnCLzb5oLu81Hk1psJM9YOYjWyTlbfZfBmI4EBQpnOfIAkFxO\/noSoXuMcdaC3njorViXrFCpTdbMHuHBABhseE9Bktdp97g2KQ80bVQa8LSalTpzkdGTXdRi4ZcCKeGjSzLe41vHB4iI8Ni23\/h+9jW1ODTJXuE1XtF1eH\/Lfvr3ozpLnqz5mxp5M8VkT9XBJ8uHdwx5YjEBycLyK8if66YF0rfvzh9peDpnWn\/+irv38cL\/rovc05I7JtHcuFIYMX3xTCctMKd4eL0ahWcTdOMIn+CrdCYRpBbld7i\/10Ri8P9bXP1Ln7VLn7VTl7VDp6MRdlVxGJzfU8Wkt9u58q8gwb2npGQcbj3bUh671j++vPSjT9XsE8WLN0smeL8Mi8IjQs7W2qvnF\/14df5VOd4+fH\/fbyArDzsbOmitU6LQNNX8J\/fl7nxp4rDSfWHk+o3\/VLx8oGsfx3PJ1eiewyWtx2ZWppbRj29SbsZaPEY9dRsxdfFSGesGHx9h7Xk+v2W3suf\/9zejEe3pnpS0iILw8XrYqTNjnwYQRAAgGVRg9rp2qrlUSmZNcOCOLLhnVoz+1QhXDx0rZzZT+ZQ+hNPPx5J9oMbk2EPoFCbXhp+Y\/kIjZ9wFAKC6DPb1sYMkZcawYzr8tVd4eLiVg0AQG20VrTrcpvUTd32Ph2iAwgiWTb6T2F8IhIu1XZbbXCqACsYtgAAIe81vn0012OoXbTXxbprrGThWnFjlyG\/SX0osS7sXFngD8VbuTJxhRKjmJlT33N1C+gTi0KjxZZUoXztkH3vws0\/PvimYMiBGsmODQeXG3rIddVR2zYjQBD5c0Vxi3pUFnEAWnuMP1xqemTLxP23ADw4vOAzJTCTNeTL1KW3\/J9jyWpU57heMCEoBATRpTP\/ki9\/71je4nDxqDk2VzOuyyfvn8jPquvus2Cu08wOjf0XIX\/aLPEcs1b9lspesjF59X9Kkis6yaUFWvBsOF4u1+6LrXlubwZc1bguhlz3SrwDhV+lNAz361UbDrLre16NzqaNPsfejBtC4bw1ccHnyrYJqkY9oriy4NMlT+9KmxkgHHuAx27euK70cGyknRUk\/MvezODTpVH8qm3CqrCzpc\/sSvfyu\/p\/1siTw7vNsVF+y6+VhyUNxy427hTVsE8W3LM+cYovj6lXblyeIbcYPxCZtC5G+muRokFlMFttJqututPwQ1bLywezXKeG46r\/hlA4rhagi5EHEIUMDEARdjQPIAoRhcx7AFHIfAxowuCGp4hCRCHzHkAUMh8DNxQ\/msmIQkQh8x5AFDIfA5owuOEpohBRyLwHEIXMx8ANxY9mMqIQUci8BxCFzMeAJgxueIooRBQy7wFEIfMxcEPxo5mMKEQUMu8BRCHzMaAJgxueIgoRhcx7AFHIfAzcUPxoJiMKEYXMewBRyHwMaMLghqeIQkQh8x5AFDIfAzcUP5rJiEJEIfMeQBQyHwOaMLjhKaIQUci8BxCFzMfADcWPZjKiEFHIvAcQhczHgCYMbniKKEQUMu8BRCHzMXBD8aOZjChEFDLvAUQh8zGgCYMbniIKEYXMewBRyHwM3FD8aCYjChGFzHsAUvj\/h+E3fXQU5i0AAAAASUVORK5CYII=' alt='' \/><\/span><\/p>\n<p style='text-align: justify;'><span style='font-family: helvetica&comma; arial&comma; sans-serif;'>Este juego de desarmador magn\u00e9tico de 55 piezas <strong>D092502<\/strong> ofrece versatilidad&comma; precisi\u00f3n y durabilidad en un solo estuche. Perfecto para trabajos de electr\u00f3nica&comma; reparaci\u00f3n de celulares&comma; computadoras&comma; electrodom\u00e9sticos&comma; muebles y mucho m\u00e1s.<\/span><\/p>\n<\/p>\n<div class='row'>\n<div class='col-sm-12'>\n<div style='border-left: 5px solid #E42327; border-radius: 5px; padding: 5px; box-shadow: 2px 2px 10px #d8d8d8; -webkit-box-shadow: 2px 2px 10px #d8d8d8;'>\n<p><span style='color: #2880b9; font-family: helvetica&comma; arial&comma; sans-serif; font-size: 16px; font-weight: bold; background-color: #ffffff;'>Caracter\u00edsiticas:<\/span><\/p>\n<ul>\n<li style='text-align: justify;'><span style='font-family: helvetica&comma; arial&comma; sans-serif;'>Puntas intercambiables de alta resistencia.<\/span><\/li>\n<li style='text-align: justify;'><span style='font-family: helvetica&comma; arial&comma; sans-serif;'>Mango ergon\u00f3mico antideslizante para mayor comodidad y control.<\/span><\/li>\n<li style='text-align: justify;'><span style='font-family: helvetica&comma; arial&comma; sans-serif;'>Estuche compacto y organizado&comma; ideal para transportar y almacenar.<\/span><\/li>\n<li style='text-align: justify;'><span style='font-family: helvetica&comma; arial&comma; sans-serif;'>Incluye:<\/span><\/li>\n<\/ul>\n<table style='border-collapse: collapse; width: 420pt; height: 320px;' border='0' width='560' cellspacing='0' cellpadding='0'>\n<colgroup>\n<col style='mso-width-source: userset; mso-width-alt: 20480; width: 420pt;' width='560' \/><\/colgroup>\n<tbody>\n<tr style='height: 20px;'>\n<td class='xl65' style='height: 20px; width: 560px;' height='27'><span style='font-family: helvetica&comma; arial&comma; sans-serif;'><strong>*<\/strong>9 pzas. Dados con entrada de 1\/4\u201d<\/span><\/td>\n<\/tr>\n<tr style='height: 20px;'>\n<td class='xl66' style='height: 20px; width: 560px;' height='27'><span style='font-family: helvetica&comma; arial&comma; sans-serif;'>5&comma; 6&comma; 7&comma; 8&comma; 9&comma; 10&comma; 11&comma; 12mm<\/span><\/td>\n<\/tr>\n<tr style='height: 20px;'>\n<td class='xl65' style='height: 20px; width: 560px;' height='27'><span style='font-family: helvetica&comma; arial&comma; sans-serif;'><strong>*<\/strong>21 pzas. Puntas variadas con entrada de 1\/4\u201c<\/span><\/td>\n<\/tr>\n<tr style='height: 20px;'>\n<td class='xl66' style='height: 20px; width: 560px;' height='27'><span style='font-family: helvetica&comma; arial&comma; sans-serif;'> SL4&comma; SL5&comma; SL6.<\/span><\/td>\n<\/tr>\n<tr style='height: 20px;'>\n<td class='xl66' style='height: 20px; width: 560px;' height='27'><span style='font-family: helvetica&comma; arial&comma; sans-serif;'> PH1&comma; PH2&comma; PH3.<\/span><\/td>\n<\/tr>\n<tr style='height: 20px;'>\n<td class='xl66' style='height: 20px; width: 560px;' height='27'><span style='font-family: helvetica&comma; arial&comma; sans-serif;'>PZ1&comma; PZ2&comma; PZ3.<\/span><\/td>\n<\/tr>\n<tr style='height: 20px;'>\n<td class='xl66' style='height: 20px; width: 560px;' height='27'><span style='font-family: helvetica&comma; arial&comma; sans-serif;'> T10&comma; T15&comma; T20&comma; T25&comma; T30&comma; T40.<\/span><\/td>\n<\/tr>\n<tr style='height: 20px;'>\n<td class='xl66' style='height: 20px; width: 560px;' height='27'><span style='font-family: helvetica&comma; arial&comma; sans-serif;'>H3&comma; H4&comma; H5&comma; H6.<\/span><\/td>\n<\/tr>\n<tr style='height: 20px;'>\n<td class='xl65' style='height: 20px; width: 560px;' height='27'><span style='font-family: helvetica&comma; arial&comma; sans-serif;'><strong>*<\/strong>20 pzas. Puntas variadas para desarmador de precisi\u00f3n (4 mm).<\/span><\/td>\n<\/tr>\n<tr style='height: 20px;'>\n<td class='xl66' style='height: 20px; width: 560px;' height='27'><span style='font-family: helvetica&comma; arial&comma; sans-serif;'>SL1.5&comma; SL2&comma; SL2.5.&comma;SL3.<\/span><\/td>\n<\/tr>\n<tr style='height: 20px;'>\n<td class='xl66' style='height: 20px; width: 560px;' height='27'><span style='font-family: helvetica&comma; arial&comma; sans-serif;'>PH000&comma; PH00&comma; PH0&comma; PH1.<\/span><\/td>\n<\/tr>\n<tr style='height: 20px;'>\n<td class='xl66' style='height: 20px; width: 560px;' height='27'><span style='font-family: helvetica&comma; arial&comma; sans-serif;'>T6&comma; T8&comma; T9&comma; T10&comma; T15&comma; T20.<\/span><\/td>\n<\/tr>\n<tr style='height: 20px;'>\n<td class='xl66' style='height: 20px; width: 560px;' height='27'><span style='font-family: helvetica&comma; arial&comma; sans-serif;'>H1.5&comma; H2&comma; H2.5&comma; H3&comma; H4<\/span><\/td>\n<\/tr>\n<tr style='height: 20px;'>\n<td class='xl65' style='height: 20px; width: 560px;' height='27'><span style='font-family: helvetica&comma; arial&comma; sans-serif;'><strong>*<\/strong>1 pza. Desarmador de 1\/4\u201c con acci\u00f3n de trinquete (matraca).<\/span><\/td>\n<\/tr>\n<tr style='height: 20px;'>\n<td class='xl65' style='height: 20px; width: 560px;' height='27'><span style='font-family: helvetica&comma; arial&comma; sans-serif;'><strong>*<\/strong>1 pza. Desarmador de precisi\u00f3n para puntas de 4 mm.<\/span><\/td>\n<\/tr>\n<tr style='height: 20px;'>\n<td class='xl65' style='height: 20px; width: 560px;' height='27'><span style='font-family: helvetica&comma; arial&comma; sans-serif;'><strong>*<\/strong>2 pzas. Extensiones magn\u00e9ticas para puntas.<\/span><\/td>\n<\/tr>\n<\/tbody>\n<\/table>\n<\/p><\/div>\n<\/p><\/div>\n<\/p><\/div>\n<\/p>\n<p style='text-align: center;'><img class='fr-fic fr-dii' src='data:image\/png;base64&comma;iVBORw0KGgoAAAANSUhEUgAAAYIAAABnCAYAAAANBEUMAAAAAXNSR0IArs4c6QAAAARnQU1BAACxjwv8YQUAAAAJcEhZcwAADsMAAA7DAcdvqGQAABjUSURBVHhe7d1PbBpZngfwb3rwTsPOAmNGGksDa9wHIm2kpVrrOZDVxsQ+TA4ehT4ktxVEexj3qQnHdqQQKe7b2OSUHFYKHFbaTQ4hCoeZAzb2ISVtZ9XFwaNNHQIe2Fm31OXBKIKZxdPeA1UVqCqgCqpsDL+PVJoJENx5rnq\/9\/f3Lp2enp6CEELI1PpI+QIhhJDpQoGAEEKmHAUCQgiZchQICCFkylEgIISQKXdp0KqhNFtBWWgqX55ajNcJt2MGfo8dfo9D+TYhhFw4AwNBeJPFLi8oXyYA5mftiDBziK8sUFAghFxYugNBNOSlyg5AQQyKyuAYDXmRunUFbsdM1+uEEDLudAeCnUQI4YBH+fZUy3KHyBYPkWGrAACX3YZ0lEGEmVN+lIwhGvbUFg545CFQMh0oEJiAq9QRy3AoVusAgKfRIGIhn\/JjutFwnNr8rB3+nzgQCc4hwvzUlN4plXN\/N8WyHuVeJhcDBQITxTKc3Dt4sbY4dM+AKqjBlgIeJFcDI92TNOypVhYa4Cp1uVEDAEGvE+koA8bn7PosmRwUCEwmBQOX3YbyxspQ3Wsqc7UCL6AsNJDlvsXL4qH8+hfLC0iuBqicTVYWGkizVaTy73DcPAFM6OkqcZU6as2W8uWpdZ73IAUCCzAP91Cs1hENeZGOMsq3B6Iy768sNJDM8XLvK+h1opAIGQ4GVM6D1RotxDJFOfgOe09roZ6vtvlZO8KXPeIw6HCjCkZRILAAV6nj0409AEBpY9nwsAOVuT4FXkDk8dc4bp4MFQyonPVL5Uu4+3wfMLFnIJV\/kCamAY2ViBCDQvKXAVPKux8KBBaRhoiGaUFRmevHVeoIb77GcfMESwEPComQ8iM9UTkbk8zxeJDjAQDfrF8bec6Ayl9bgReQ5Q6RZivysNxSwIPs2qJlAZNSTFgkEmx36Qpv1VGemIfxOVFIXIXLbsMuLyCVLyk\/QkySXA1gSayw42LvgJgvHPAgdfsKals3cH81IN\/b\/vU8uMqHSXwzUSCwSISZg8tuw8FRE2WhoXybmIjxOZFcvQwASObeotagCUirpKNBQBzGkDZXEuskVwMoJK4i6HXiuHmC8OZrS4IBBQILMT4XANCmpTMQX1nA\/Kwdx80TZDtWFRFz+T0ORENeQNyQR6zX7vWG5GAQy3DKj4yMAoGF\/B47II5jE+slfxkAxIlNYp348ieAuLOenA23YwaFRAguuw3Fah1Jca7GLBQILCStFqK10mdDmpcpVus0PGQhxueEy27DcfOEGjlnyO2YkReepPLvTL3HKRCQoYzjvIfbMYOgt72ShevYGUvMJw17UiPnbEWYOSwFPDhuniC1bV7PlwIBGUr41+xYDg1Iy+vMbC0RNRr2PD8xcY7GzOePAgExLJnjcXDURPzZ+C0hlNajU4\/AWjTseX6sGAKlQEAMqTVaSOXfAQAOjpqmT1oRQvpzO2bk\/RxmNXgoEBBD4s\/35d2OsGDSihAymNveHgI1a66OAgHRrcALcqI3yXHzhHaZEnLGpPQeZu1RokBAdOs1DJRhq7TLlJALjAIB0SXNVjSzI0p6BQlCyPijQEAGqjVaSL7qX9Hv8gKlHCDkgqJAQAZKbZdwcDR4LDL5iqeJY0IuIAoEpK+y0JCXiw5ycNQ0dbcjIeRs0ME0FpIO8ri\/GkBytZ0QTY9xKvPI4zddZwTrMcypbGYxUubjVM6duEo7qdh5bdaKhbwDT8QyUs69jGv591IQU28XeAFc5Rip21cGlpNVzCj\/TtQjID0VeMFwEACA+LPfKV8iOqXyJXy6sYeXxUPs8sK5XHcyxalPHVFrtJDlDhF\/to\/wJotLazlc32TxIMdjlxdw3DzBnUxxYubFKBCQnoZNIfGyeEjLSQ0qCw2EN1n5XGDJz9wf4+OZj\/Az98f4yY\/+Cm7HDNyOGXw88xGWAh5Tr\/nZdv4gTGHqiLLQQJqtIJbhwDzcw48Tv8VnT97g0XYJu33u5TuZ4kTc6zQ0ZKFhu2\/jUOZptoI7maLyZd2CXie4e9eUL1vOSJkbLec0W0FasaHODO\/\/dILf\/e97NFt\/AQC47Dakowziz\/ZRa7YQC\/nAVetdu0mL1TpOn6wqvmk0nWcSDyoTI+Xci9HyNxNXqXcN8+hZDNGLy25DIXF15DOcjTCj\/DtRj4Co1BqtoXsDkmK1PjHdZoiZHu9kiqphFDOu\/\/r9sRwElgIelDdWEGHm5CBQ4AW47TOoNVuoNVtwO2a6Wu\/EuNT2O9x9vo+XxcORggDE3fVWHSF5VigQEJXUdqkrn9Cw4s\/2J2Y5qVnJvQYpJEJyKm2\/x4Gy0BT\/t51TRkr\/PG1DN2ZJ5UvgKnWko4x85KYZLnowoEBAupSFhjw8MKrj5slE7jg+fbJq6tVLWWjIFb4UHNqBgXoDw0rl38kVtlXBwKxEcGeJAgHpUhaauL8a6Ht1Wgp4VO93XlIFRoZXFhpdlb\/USyDGlIUGDo6aOG6eIPL463ZK9VtX5FPtzND+7jcXridsaSAoCw3EMhz8X+ZxaS0nX8zDPcQynOZse5qtILzJ9r2SOX7kLlgqX1J9b79fXizDdX02luGUH5kI4YAHSXECqtc1yueJfm77DGqNFvweB7jKh8limJh+eJpkuW\/l\/39w1ER4kwXE4Tgzg0GxWh9Yn4wbywJBMsdjYX0bGbaqmowpVuvIsFVc32RVk5JloamaTFNeD3I8Pt3YQ3iTHfqB8Hvsqu\/N9lgzXxYayLDVrs92PpSEWOHgqIlwwIOy0IDbMSP3DPweO91\/Q1A+31KFDQoG1gSCzmVogzzaLqmCgV67vADm4d5QhR1h2se9ddLqoaDH6+e1o5BMj\/lZO9JsBYzPKfcMao0T1BonqsYV6a\/WaGFX4zlWBgMzV2NdpGBgeiDoNdk4P2vH\/dWA5uTMo+1S35a9tOHFZbcp3xrpYJSb4tmfksJb9Y0CjUDgstvOdM0wmU7tHsFPkOUO5XX20hLSpTNed3\/RKXsDnYrVOuLP9+F2zCD7+c8165lhSd897kwPBFqrRLZuXUH5qxUkVwNIRxm8WFtUfkRV2XYqJEIoJEKobd3Q\/LtZrvcvuZ8I89OuPx8cNTUDkvL7tXoThJhtftaOl8VDRJg5ZLlDuB0fKiit1i3prV\/9AvFwpViGA+NzopC4amowyHKHqjpk3JgeCJSt6qDXifjKQtdrWhWp3iPXIsycqiU\/7Jr3iOJ7oJhQgrgDUfn9Wn+PELMdHLVXcGW5QzA+FwpvBXmOwMwhjGmgpyI2KxjMz9oRDXmxdesKvlm\/htrWDc06b5yYHgiUY5e9CuBpNNi1zNDIFvPOlhHEgh+G2zGjCirKloPyzy67ree\/iRAzLQU8SL+uiLuLvwPjc6EsNFEWmqrnjPSW5Q5VjbleMmwV8Wf7YHxOZD\/\/ufJtTUGvE18sL+BpNIjSxjLKX620U4SsLMDvsSPLHWqOlIwT0wOBXrGQr2uJod5AkOUOVQeoj1IxK4eHCvx3XX9Wji2O8rMIMWKXF+RhoVjI1zVsOWzjZxopG3ODPNoutZexBzx4Gg0q35b3zrxYW8QfN38B7t61rpTUabbSDiYdyev09EjO07kFAiOktfvuu7\/BZ0\/edL03P2tXDT0ZoRzmOW6edO1RUI7FKj9PiFWkVUMRZg5ctS6uGmqh1mhRj8CAYSphKcV0LOTDi7VFbN26gp1ECKdPVlFIhJBcDSDCzKEsNJHKl+T9Ugvr27iTKeLRdgnFjrQk496AvBCBQFq7r+zeLQU84O5dU+2y7Ny8pnV10hoeknoByhuIhoXIWdJKOieloaYegT5cpT500LyTKSLLtSfr4ysLCAc8KPACkjlebph+urGHu8\/3NfdLdRr3BuSFCAS97Iq\/lFEph6WkrqSyS0lBgJwlSjo3OuUzbJRUzrEMp3k4jR7zs\/axX25+IQKBtI9Aa+ffKBvSJMp5gl1eQK3RUt1E4x7VyWShpHOjGzUVurSzWzkvaUT4sr75z\/N0boFAmbun3y9M2kfA3buGb9avqbrFj0Y8MN3vcaiCTJqtdo3xQaPnQMhZoKRzxhV4Af\/2n\/+jeoaNCHqd8HscqgahURehAWl6IFBVqK+1K3hl7h69+wgYn1NziKbzl6VM86u8tChTRqTy77r+fDM4R5k0yZmipHP6lcWjJqXL77Gj9ZfvlR8zRKpnlHuLjNKqr8aN6YFA+Y8+OGrPqnfSGtdnNIZ9elH+DDMoh4eUEz\/K9wmxGiWd66\/WaCHNVuRsxLGQT778HgciwTlVw9QIqSX\/sk96ikGUC1GUxiWgmx4I4ssLqh15d5+319RGHr+B++5vVLmIXHbbuQ+7aA0PdboI3TsyWSjpnLZao4Vkjm+v3hHToGs1Dt2OmaGzikoTvMqVg0YNakC67TNIsxWk8qVzTU5neiBwO2aQun1F+TKK1TpeFrV3+MVXPjE07KLVGjIjsiqHhyQ0LETOAyWdU0vlS4g8eYNIcA6p21cGzpW0E8ktqhqng0gTvKPODwxq4LodM2Ivxotkjh858AzL9EAAsUJ9saav8O8PcXgJ43Oqvjs9wqy+pFf07vX6tCkLDTllr+Tfv\/6DKUGYqFHSuQ9qjZa8qCS7tmhoOabf4zCcO0gaARilYpYmm\/WQGtDZ4uG5HHplSSCAOI5f3ljB1q0rXUs\/52ftWAp48MXyAkoby6og4Pe03++8tCRXL6s+M+qpZX6PAzeDc6qff9GHhcpCA8zDPeXLutUaLcSf7WNhfVtVAb399j0W1reRzPEjdW2Zh3sUUBQ6k86FL3umNumcFAS4yjEKidBQvXOjieTau4bbR1sOS2u4apB0lEFZaJ55MLAsEECMcvGVBXnp5+mTVZS\/WkEhEerZrYuFfPJyUenSIn1v52WkldBL9vNF1fcOc+ONk1imiGK13neJbi9ptgL\/en7gEt0HOR7+9bxqYYAeyRyPYrWuuYhgmi11Jp17KyB82TOVSeek+yMW8o30LOoNBtIE78irhYZsQMaXF5Bhq0M9S8OyNBCQ81cQl+cCQPzZvu5We0E8\/e1Opqia13HZbfiXf\/xb1QN13DzB3ef78H+Z1z22Wmu05KW6Gbaq++9Ng86kcxFmDrXGh99Dr57ypKk1WnIjZJQgINGTVVQaClYmnDRilN3E0r9TuYTdShQIJlws\/aGLedw8QWpAy74sNBB5\/AbXN1nNzTj3VwMob6zgX\/\/571HeWMEXy+qEfwdHTVwXNwoOGu6JP9\/vCjTUK\/hAmXQO4kIJt31GNUQ3qaR\/N\/rsSTKqV1ZRSTjgQa3H0ZZ6jbKbWOq5n2WvjwLBBEvlS6qb6UGO16ycpSV5C+vbmuumlwIeeU5HarFIE1yljWXN9dK7vICF9W3EMpxmT4Sr1FVb93d5YaghrLOkTGI46tWLdtI5G9wO29TMEXSuEDw4Mm\/sPBbyaQaD895NnGYrqmfiLFAgmFDtiv2t8mVAnDPolGYrYB7uqfZ3QGyV7ohzJVpzOhAn2bOfL2Knx5rtDFuFfz2vau33OsvVyBDWWTGy4XEUnb2odrK5D0nnpDQTZaE5NUnnGJ+zK+hl2Coij9+Ycn9oBQN5N7FGY6if+Vk7bgbn5FPJhpkoTuZ43Ol4NrUaV1ahQDChkjleNbYv2eUFFMQrvMniTqao6jm47Db5rOlBa6ElYTEt+NNoUNViPW6etCeUv8zLaQB6db31DGGdtQgzhxdri12n6pl1\/eqf5vHXP\/wBIP5umId7SLMVlMWkc7VmC4zPKU8UT1vSOeW+pJfFQ7lhMWpAiIV82Lr14fv1LhsNep2Ihrxdp5JlP19EfGXB8NxAmq3A\/2W+qyHmsttUKyqtdOn09PRU+WKn8CaLXV7ATiKku0Igbckcjwc5HvcN7pUYtcy5Sh2fbvRfLvqjH9rw\/s\/ageKL5YWuIaBh1BotpLZLSOXfaQakj2c+wp9a\/XPBlDaWe\/ZCejFS5qOWs5lqjRYiT950BccffHQJf\/OxDbaPLuHk+w+Pqe2jS\/hT63v8w7xLfs0M5e8+LJccVCZGyrkXI+WfZitdrWWJy25DLOQTj4U0dq90imU4ZLlD1LZuaD4\/SwEPGK8T4YAH4YBnpGcDcnqMKlL5d5qNsELiat+AYkb5d6IewQTqNeTSSSsILAU8+Ga9fezeqDe62zGD5GoA3L1riIa8yrcHBgEAiD\/7nfKlieUW0yFs3boir8b6y\/enqDVa+O79\/6Emnkwm\/fn9n0+w25G00Yyrs0LS2r1\/nmIhH3YSIc2Vao+2S1hY3wbzcA\/JHG9ofD+VLyGZ45GOMkhHGUBcMbckHkfZeSpZ6vYVRJjhswxwlXp7Z\/TjN\/hx4re4+3xfFQSC3vYS135BwAoUCCZMljvEroEHAeL45ou19v4Js29Av8eBdJTBTiJkeMnjy+KhoYd6ErT3x1zV3Nh4VtfTaND0+8AM4YAH5Y0V3O\/RAi5W63iQ43F9k8WltRzCmyySYtoGrQUSECfkpSFLqYKX9igZOUtdqSaeZ5LM8XKONek0M63FGC67DffFhtN5lD0NDVlo2O7bKGXu\/zKvamX0E\/Q6wd27pnzZMstbLHbe6q\/cjf73GSnzUcp52hkp515GKf+y0JCHVrSGHnsJep1wO2bkn\/ffh+\/xH2\/+IL9\/MziH1O2\/6zvMxFXq8mR9rdGSl7hKrxtpiM3P2hFf+QSxkNdQT8OM8u9EPYIJkszxhoIAxFbUqKk59CrwgqEgAPG\/7yx3WJKLwe9xILkaQG3rBl6sLSIa8qqGjbQUq3Xs8gIeiBVpZxCA2AtlHu5p3nMFXsCltRw+3djD9U0W1zdZfPbkjfxdL4v6euMuuw3RkBc7iRDKX60gvrJgKAhYgQLBhCgLjaF3IuqZUzDDsEeKJnNvR14dQiZXhJlDOsqgtnUDO4kQ7q8GsGSwh9FJ2iE\/7P2q5LLbsBTwyEtLa1s3kI4yhntBVqJAMCH6LRcdZJcXBi6XG1WarWjuVNbjuHmCpMYeB0KUwuL5BAVxkveb9fZyZik4aO1zUZLmzJTLVvUIep1YEieaX6wtyhV\/IREaamnpWaFAMAEKvDDybkSzWj9aamL20lE82i71nPAjpBfG50Qs5JODg5T88o+bv8BOIqRa0fbF8gK4e9obwvweu7z34\/5qAE+jQewkQthJhPDHzV\/g9MkquHvX5InmCDM3thW\/EgWCCWBGa\/ngqGnK92hJbZeG7q10Uu6IJmRY0oSxNCm8pGPptDQvIV2xkM+0fQXnTXcgoDHa8dRvh65Rqfw701vdZaHRtWNyFLvibmhCzOL32PE0GrRk6fRFMjAQSBManVkAyfiQNr+YcTE+18g52JXSbFX1c0a5xj0hHblYpMPup97pAPdfvT3Fr16dRtPfKN8iA0hld\/\/VW+VbfS39+vUpfvXqdOftd8q3yABGypzKeXhGyrkXKv\/hmVH+nXT3CAoG138TclGYPRxGyEWjKxC47DYcHDUtX2JI2qTskjQebi2pkVMWjG3CI2TSDAwEEMfRIK7+INaTVjLQBL21pMRqZ7WzmpBxpSsQxFcW4LLbsMsLmluvibmkQ1CoR2AtediT\/075FiFTRVcg8HsciK98Aojb\/akFZS2pgipW6zR+bSHp9Kvj5gmtRjoH1OAZH7oCAQAkxS3ax80ThDdfUzCwkNsxIx9TRz0wa8Wutoc9k6\/M2etA9JM2YdEQ6PnTHQgAILu2iKDXKQcDakVZJ76yAFBqBcvFl9vDnlburCbaqEcwPgwFAukUJalncCdTRHiTpV+kBcLiBioAiDx+o3ybmMTtmJFPpnogHmJCzkbnECiNMJyvgQfT9CIdjCCZn7UjfLmdu2Oc0quepzRbQYatDn14RFlogHm4h+PmCaIhr1xhkd6GPbAjluGQYatw2W1I3b5Cu00HGLaclaRyp\/vbGLPKXzJ0IICcA7+ENFsxJanYpBrll5XlDvHZk3aP4GZwDulo8MInuLLSKA+IVClB\/J3Fl8\/\/wJBxNUo5dyrwAq5vsgAw1Ell08qs8peMFAg6FcSEYJ1Ht5G2WMg7UgszzVZwR8y8OT9rR\/KX7cyHRG3UB6QzGAx7jOA0GLWcO0llPj9rB3fvGpW1DmaWP8wMBMRaXKWOyOOv5aMopUoqHPBMddZEJTMekCx3iPiz\/a5jP4Ne50SkGzZLgRewywsjlbOk1miBebiHg6Mmgl4nCokQlfMAZtznnSgQXCC1Rgup7ZLhA7unkRkPSJqtIJUvDX2y2jQwo5whNnTCm69x3DxB0OtEOspQA6cPCgQEtUYL2eIhsty34CrHhg+snwZmPSAQy5ur1ml1nAbpYBYzdAYDl92G+MonNE\/TAwUCQsjEKgsNxDJF+bAll92GCDOHsHiamFlB56KjQEAImXg0LKcPBQJCyMTjKnVki4fyikQKDN0oEBBCCDGFoRQThBBCJg8FAkIImXIUCAghZMpRICCEkClHgYAQQqYcBQJCCJlyFAgIIWTKUSAghJAp9\/+UYUAJXvcuqAAAAABJRU5ErkJggg==' alt='' \/><\/p>\n","protected":false},"excerpt":{"rendered":"<p>Juego de 55 Piezas. Desarmador Magn\u00e9tico con Puntas Intercambiables.<\/p>\n","protected":false},"featured_media":84779,"comment_status":"open","ping_status":"closed","template":"","meta":[],"product_brand":[],"product_cat":[130],"product_tag":[132,25,131],"class_list":{"0":"post-84780","1":"product","2":"type-product","3":"status-publish","4":"has-post-thumbnail","6":"product_cat-herramientas-electricas","7":"product_tag-dongcheng","8":"product_tag-herramientas","9":"product_tag-herramientas-electricas","11":"first","12":"outofstock","13":"sale","14":"shipping-taxable","15":"purchasable","16":"product-type-simple"},"_links":{"self":[{"href":"https:\/\/soydeaqui.ddns.net\/pachuca\/index.php\/wp-json\/wp\/v2\/product\/84780","targetHints":{"allow":["GET"]}}],"collection":[{"href":"https:\/\/soydeaqui.ddns.net\/pachuca\/index.php\/wp-json\/wp\/v2\/product"}],"about":[{"href":"https:\/\/soydeaqui.ddns.net\/pachuca\/index.php\/wp-json\/wp\/v2\/types\/product"}],"replies":[{"embeddable":true,"href":"https:\/\/soydeaqui.ddns.net\/pachuca\/index.php\/wp-json\/wp\/v2\/comments?post=84780"}],"wp:featuredmedia":[{"embeddable":true,"href":"https:\/\/soydeaqui.ddns.net\/pachuca\/index.php\/wp-json\/wp\/v2\/media\/84779"}],"wp:attachment":[{"href":"https:\/\/soydeaqui.ddns.net\/pachuca\/index.php\/wp-json\/wp\/v2\/media?parent=84780"}],"wp:term":[{"taxonomy":"product_brand","embeddable":true,"href":"https:\/\/soydeaqui.ddns.net\/pachuca\/index.php\/wp-json\/wp\/v2\/product_brand?post=84780"},{"taxonomy":"product_cat","embeddable":true,"href":"https:\/\/soydeaqui.ddns.net\/pachuca\/index.php\/wp-json\/wp\/v2\/product_cat?post=84780"},{"taxonomy":"product_tag","embeddable":true,"href":"https:\/\/soydeaqui.ddns.net\/pachuca\/index.php\/wp-json\/wp\/v2\/product_tag?post=84780"}],"curies":[{"name":"wp","href":"https:\/\/api.w.org\/{rel}","templated":true}]}}