{"id":84778,"date":"2026-03-19T21:07:11","date_gmt":"2026-03-19T21:07:11","guid":{"rendered":"https:\/\/soydeaqui.ddns.net\/pachuca\/index.php\/producto\/ups-de-500va-300w-exterior-topologia-linea-interactiva-entrada-y-salida-120-vca-sin-protector-rj11-ni-rj45\/"},"modified":"2026-03-19T21:07:13","modified_gmt":"2026-03-19T21:07:13","slug":"ups-de-500va-300w-exterior-topologia-linea-interactiva-entrada-y-salida-120-vca-sin-protector-rj11-ni-rj45","status":"publish","type":"product","link":"https:\/\/soydeaqui.ddns.net\/pachuca\/index.php\/producto\/ups-de-500va-300w-exterior-topologia-linea-interactiva-entrada-y-salida-120-vca-sin-protector-rj11-ni-rj45\/","title":{"rendered":"UPS de 500VA\/300W \/ Exterior \/ Topolog\u00eda L\u00ednea Interactiva \/ Entrada y Salida 120 Vca \/ Sin Protector RJ11 ni RJ45"},"content":{"rendered":"<div style='width: 100%; max-width: 1200px; margin: 0 auto; font-family: sans-serif; line-height: 1.6; color: inherit; background-color: transparent;'> <!-- Descripci\u00f3n principal --> <\/p>\n<div style='margin-bottom: 30px;'>\n<p style='margin-top: 0;'><strong style='color: inherit;'>El equipo ideal para telecomunicaciones&comma; respaldo de puertas de garage y aplicaciones al exterior.<\/strong><\/p>\n<p>La l\u00ednea de UPS de Epcom Power Line fue dise\u00f1ada para brindar alto desempe\u00f1o y una excelente calidad&comma; son usados para proteger y energizar todo tipo de equipos al exterior. Provee protecci\u00f3n de potencia contra sobrevoltajes y picos. Tambi\u00e9n suministra voltaje puro con Regulador Autom\u00e1tico de Voltaje (AVR) en boost y buck. Es simple&comma; a bajo costo y su instalaci\u00f3n es sencilla y r\u00e1pida.<\/p>\n<p><strong>El equipo no cuenta con protector RJ11 ni RJ45<\/strong><\/p>\n<\/p><\/div>\n<p> <!-- Caracter\u00edsticas Generales --> <\/p>\n<div style='margin-bottom: 30px;'>\n<h3 style='font-size: 22px; border-bottom: 2px solid currentColor; padding-bottom: 5px; margin-top: 0; color: inherit; opacity: 0.8;'>Caracter\u00edsticas Generales:<\/h3>\n<ul style='padding-left: 20px; font-size: 15px; color: inherit;'>\n<li style='margin-bottom: 5px;'><strong>Capacidad:<\/strong> 500 VA \/ 300 W<\/li>\n<li style='margin-bottom: 5px;'><strong>Topolog\u00eda:<\/strong> L\u00ednea interactiva<\/li>\n<li style='margin-bottom: 5px;'><strong>Tipo:<\/strong> Indicadores LED (Sin pantalla LCD)<\/li>\n<li style='margin-bottom: 5px;'><strong>Tipo de onda:<\/strong> Onda senoidal simulada<\/li>\n<li style='margin-bottom: 5px;'><strong>Salida:<\/strong> 120 VCA \u00b1 5%<\/li>\n<li style='margin-bottom: 5px;'><strong>Tipo de conector y cable:<\/strong><\/li>\n<li style='margin-bottom: 5px;'><strong>Total de salidas:<\/strong><\/li>\n<li style='margin-bottom: 5px;'><strong>Bater\u00eda:<\/strong> 2 x 12V\/120 Ah<\/li>\n<li style='margin-bottom: 5px;'><strong>Dimensiones (AxAxP):<\/strong> (mm)<\/li>\n<\/ul><\/div>\n<p> <!-- Tiempos de Respaldo --> <\/p>\n<div style='margin-bottom: 30px;'>\n<h3 style='font-size: 22px; border-bottom: 2px solid currentColor; padding-bottom: 5px; margin-top: 0; color: inherit; opacity: 0.8;'>Tiempos de Respaldo t\u00edpicos:<\/h3>\n<ul style='padding-left: 20px; font-size: 15px; color: inherit;'>\n<li style='margin-bottom: 5px;'><strong>Duraci\u00f3n a media carga:<\/strong> 7.0 min<\/li>\n<li style='margin-bottom: 5px;'><strong>Duraci\u00f3n a carga completa:<\/strong> 1.8 min<\/li>\n<li style='margin-bottom: 5px;'><strong>Duraci\u00f3n con 50W:<\/strong> 23.0 min<\/li>\n<li style='margin-bottom: 5px;'><strong>Duraci\u00f3n con 100W:<\/strong> 13.0 min<\/li>\n<li style='margin-bottom: 5px;'><strong>Duraci\u00f3n con 200W:<\/strong> 4.0 min<\/li>\n<li style='margin-bottom: 5px;'><strong>Duraci\u00f3n con 300W:<\/strong> 2.0 min<\/li>\n<\/ul>\n<p style='margin-top: 15px;'><strong>El tiempo de respaldo puede variar dependiendo de la carga conectada&comma; temperatura ambiente y estado de las bater\u00edas<\/strong><\/p>\n<\/p><\/div>\n<p> <!-- Secci\u00f3n de im\u00e1genes y videos --> <\/p>\n<div style='margin-bottom: 30px;'> <img style='width: 100%; height: auto; border: 1px solid rgba(150&comma;150&comma;150&comma;0.3); border-radius: 8px;' src='https:\/\/ftp3.syscom.mx\/usuarios\/acordova\/epcom%20Power%20line\/EPU600L.PNG' alt=''> <\/div>\n<p> <!-- Secci\u00f3n de informaci\u00f3n adicional --> <\/p>\n<div style='margin-bottom: 30px;'>\n<div style='background: rgba(231&comma; 0&comma; 0&comma; 0.1); padding: 20px; border-radius: 8px; margin-bottom: 30px;'>\n<div style='display: flex; flex-direction: column; align-items: center;'> <img style='width: 100px; height: auto; border: 1px solid rgba(150&comma;150&comma;150&comma;0.3); border-radius: 8px;' src='http:\/\/ftp3.syscom.mx\/usuarios\/ftp\/single_page\/epcom_powerline\/ups_logotipo.png' alt='Logo Epcom Power Line'> <\/p>\n<p style='font-size: 24px; font-weight: bold; text-align: center; margin: 15px 0 5px; color: inherit;'>DESCARGA EL CALCULADOR DE TIEMPO DE RESPALDO<\/p>\n<p style='font-size: 24px; font-weight: bold; text-align: center; margin: 0; color: inherit;'>AQUI!<\/p>\n<p> <a style='color: inherit; text-decoration: underline; margin-top: 10px;' href='https:\/\/ftp3.syscom.mx\/usuarios\/acordova\/epcom%20Power%20line\/BACK%20UP.xlsx' target='_blank' rel='noopener'>Descargar archivo Excel<\/a> <\/div>\n<\/p><\/div>\n<div style='margin-bottom: 30px;'>\n<h2 style='font-size: 24px; color: inherit; margin-top: 0;'>La L\u00ednea de UPS m\u00e1s Confiable<\/h2>\n<p> <img style='width: 100%; height: auto; border: 1px solid rgba(150&comma;150&comma;150&comma;0.3); border-radius: 8px;' src='http:\/\/ftp3.syscom.mx\/usuarios\/ftp\/single_page\/epcom_powerline\/ups_header.png' alt=''> <\/div>\n<div style='margin-bottom: 30px;'>\n<h3 style='font-size: 20px; color: inherit; margin-top: 0;'>Conozca la L\u00ednea de UPS de Epcom Power Line\u00ae<\/h3>\n<p> <img style='width: 100%; height: auto; border: 1px solid rgba(150&comma;150&comma;150&comma;0.3); border-radius: 8px;' src='http:\/\/ftp3.syscom.mx\/usuarios\/ftp\/single_page\/epcom_powerline\/ups_img2.png' alt=''> <\/p>\n<p>La l\u00ednea de UPS de Epcom Power Line\u00ae fue dise\u00f1ada para brindar alto desempe\u00f1o y una excelente calidad&comma; son usados para proteger y energizar equipos&comma; tambi\u00e9n suministra voltaje puro con regulador autom\u00e1tico de Voltaje (AVR) en boost y buck. Son simples&comma; a bajo costo y su instalaci\u00f3n es sencilla y r\u00e1pida.<\/p>\n<\/p><\/div>\n<div style='margin-bottom: 30px;'>\n<h3 style='font-size: 20px; color: inherit; margin-top: 0;'>UPS L\u00ednea Interactiva<\/h3>\n<p> <img style='width: 100%; height: auto; border: 1px solid rgba(150&comma;150&comma;150&comma;0.3); border-radius: 8px;' src='http:\/\/ftp3.syscom.mx\/usuarios\/ftp\/single_page\/epcom_powerline\/ups_3.png' alt=''> <\/p>\n<p>Los UPS de la interactiva de Epcom Power Line\u00ae son especiales para suplir necesidades tales como hardware de redes&comma; computadoras&comma; etc.&comma; estos equipos corrigen fluctuaciones menores de energ\u00eda sin necesidad de cambiar a modo bater\u00eda&comma; haciendo m\u00e1s longevo el tiempo de vida de la bater\u00eda.<\/p>\n<\/p><\/div>\n<div style='margin-bottom: 30px;'>\n<h3 style='font-size: 20px; color: inherit; margin-top: 0;'>UPS On-Line<\/h3>\n<p> <img style='width: 100%; height: auto; border: 1px solid rgba(150&comma;150&comma;150&comma;0.3); border-radius: 8px;' src='http:\/\/ftp3.syscom.mx\/usuarios\/ftp\/single_page\/epcom_powerline\/ups_img1.png' alt=''> <img style='width: 100%; height: auto; border: 1px solid rgba(150&comma;150&comma;150&comma;0.3); border-radius: 8px; margin-top: 15px;' src='http:\/\/ftp3.syscom.mx\/usuarios\/ftp\/single_page\/epcom_powerline\/ups_icono1.png' alt=''> <\/p>\n<h4 style='color: inherit; margin-top: 20px;'>Energ\u00eda Confiable para sus Equipos<\/h4>\n<p>La tecnolog\u00eda de UPS On-Line (doble conversi\u00f3n) es la versi\u00f3n de alta densidad de Epcom Power Line\u00ae&comma; est\u00e1 dise\u00f1ada para aplicaciones de voltajes de 100\/110\/115\/120\/127 VAC.<\/p>\n<p>Est\u00e1 equipado con correcci\u00f3n de factor de potencia (PFC) en la entrada&comma; factor de potencia de 0.9 en la salida&comma; ofreciendo altos niveles de confiabilidad y protecci\u00f3n para sistemas IT&comma; equipo de telecomunicaciones&comma; equipo m\u00e9dico y sistemas de misi\u00f3n cr\u00edtica. Es convertible a Rack o Torre y solo toma 2U unidades de Rack.<\/p>\n<\/p><\/div>\n<div style='display: flex; flex-wrap: wrap; gap: 30px; margin-bottom: 30px;'>\n<div style='flex: 1 1 300px; min-width: 280px;'>\n<h3 style='font-size: 20px; color: inherit; margin-top: 0;'>Highlights<\/h3>\n<ul style='padding-left: 20px; font-size: 15px; color: inherit;'>\n<li style='margin-bottom: 5px;'>\u2022 Los UPS On-Line ofrecen tecnolog\u00eda de alta eficiencia de conversi\u00f3n en l\u00ednea doble.<\/li>\n<li style='margin-bottom: 5px;'>\u2022 Onda senoidal pura.<\/li>\n<li style='margin-bottom: 5px;'>\u2022 Funcionamiento en modo Eco para el ahorro energ\u00e9tico.<\/li>\n<li style='margin-bottom: 5px;'>\u2022 Rango din\u00e1mico de voltaje.<\/li>\n<li style='margin-bottom: 5px;'>\u2022 Voltaje configurable de salida v\u00eda LCD.<\/li>\n<li style='margin-bottom: 5px;'>\u2022 M\u00f3dulo de bater\u00edas para extender tiempo de respaldo.<\/li>\n<li style='margin-bottom: 5px;'>\u2022 Instalaci\u00f3n Rack\/Torre.<\/li>\n<li style='margin-bottom: 5px;'>\u2022 Los UPS de topolog\u00eda On-line pueden ser configurados horizontal o verticalmente.<\/li>\n<\/ul><\/div>\n<div style='flex: 1 1 300px; min-width: 280px;'> <img style='width: 100%; height: auto; border: 1px solid rgba(150&comma;150&comma;150&comma;0.3); border-radius: 8px;' src='http:\/\/ftp3.syscom.mx\/usuarios\/ftp\/single_page\/epcom_powerline\/ups_5.png' alt=''> <\/div>\n<\/p><\/div>\n<div style='display: flex; flex-wrap: wrap; gap: 30px; margin-bottom: 30px;'>\n<div style='flex: 1 1 300px; min-width: 280px;'>\n<h3 style='font-size: 20px; color: inherit; margin-top: 0;'>Rango din\u00e1mico de voltaje (AVR)<\/h3>\n<p>El rango din\u00e1mico de voltaje (AVR) en los UPS de Epcom Power Line\u00ae serie RTOL2U ayuda a estabilizar la se\u00f1al entrante de CA&comma; se encarga de controlar los voltajes altos y bajos&comma; manteniendo la energ\u00eda de salida a un nivel nominal de 120V&comma; reduce fallas del sistema e incrementa significativamente la vida de la bater\u00eda.<\/p>\n<\/p><\/div>\n<div style='flex: 1 1 300px; min-width: 280px;'>\n<h3 style='font-size: 20px; color: inherit; margin-top: 0;'>Voltajes configurables de salida<\/h3>\n<p>Algunos modelos de Epcom Power Line\u00ae&comma; pueden ser configurables con voltaje de salida seleccionable: 100 V \/ 110 V \/ 115 V \/ 120 V \/ 127 V AC.<\/p>\n<\/p><\/div>\n<\/p><\/div>\n<\/p><\/div>\n<p> <!-- Informaci\u00f3n adicional --> <\/p>\n<div style='margin-bottom: 30px;'>\n<ul style='padding-left: 20px; font-size: 15px; color: inherit;'>\n<li style='margin-bottom: 5px;'><strong>*1 A\u00f1o de garant\u00eda.<\/strong><\/li>\n<li style='margin-bottom: 5px;'><strong>*Equipo no monitoreable<\/strong><\/li>\n<\/ul><\/div>\n<p> <!-- Imagenes adicionales --> <\/p>\n<div style='display: flex; flex-wrap: wrap; gap: 20px;'>\n<div style='flex: 1 1 300px; min-width: 280px;'> <img style='width: 100%; height: auto; border: 1px solid rgba(150&comma;150&comma;150&comma;0.3); border-radius: 8px;' src='http:\/\/ftp3.syscom.mx\/usuarios\/ftp\/single_page\/epcom_powerline\/ups_img1.png' alt=''> <\/div>\n<div style='flex: 1 1 300px; min-width: 280px;'> <img style='width: 100%; height: auto; border: 1px solid rgba(150&comma;150&comma;150&comma;0.3); border-radius: 8px;' src='http:\/\/ftp3.syscom.mx\/usuarios\/ftp\/single_page\/epcom_powerline\/ups_icono1.png' alt=''> <\/div>\n<div style='flex: 1 1 300px; min-width: 280px;'> <img style='width: 100%; height: auto; border: 1px solid rgba(150&comma;150&comma;150&comma;0.3); border-radius: 8px;' src='http:\/\/ftp3.syscom.mx\/usuarios\/ftp\/single_page\/epcom_powerline\/ups_3.png' alt=''> <\/div>\n<div style='flex: 1 1 300px; min-width: 280px;'> <img style='width: 100%; height: auto; border: 1px solid rgba(150&comma;150&comma;150&comma;0.3); border-radius: 8px;' src='http:\/\/ftp3.syscom.mx\/usuarios\/ftp\/single_page\/epcom_powerline\/ups_5.png' alt=''> <\/div>\n<\/p><\/div>\n<\/p><\/div>\n","protected":false},"excerpt":{"rendered":"<p>UPS de 500VA\/300W \/ Exterior \/ Topolog\u00eda L\u00ednea Interactiva \/ Entrada y Salida 120 Vca \/ Sin Protector RJ11 ni RJ45<\/p>\n","protected":false},"featured_media":32,"comment_status":"open","ping_status":"closed","template":"","meta":[],"product_brand":[],"product_cat":[1061],"product_tag":[454,1063,1062],"class_list":{"0":"post-84778","1":"product","2":"type-product","3":"status-publish","4":"has-post-thumbnail","6":"product_cat-ups-no-breaks","7":"product_tag-epcom-powerline","8":"product_tag-ups-no-breaks","9":"product_tag-ups-respaldo","11":"first","12":"outofstock","13":"sale","14":"shipping-taxable","15":"purchasable","16":"product-type-simple"},"_links":{"self":[{"href":"https:\/\/soydeaqui.ddns.net\/pachuca\/index.php\/wp-json\/wp\/v2\/product\/84778","targetHints":{"allow":["GET"]}}],"collection":[{"href":"https:\/\/soydeaqui.ddns.net\/pachuca\/index.php\/wp-json\/wp\/v2\/product"}],"about":[{"href":"https:\/\/soydeaqui.ddns.net\/pachuca\/index.php\/wp-json\/wp\/v2\/types\/product"}],"replies":[{"embeddable":true,"href":"https:\/\/soydeaqui.ddns.net\/pachuca\/index.php\/wp-json\/wp\/v2\/comments?post=84778"}],"wp:featuredmedia":[{"embeddable":true,"href":"https:\/\/soydeaqui.ddns.net\/pachuca\/index.php\/wp-json\/wp\/v2\/media\/32"}],"wp:attachment":[{"href":"https:\/\/soydeaqui.ddns.net\/pachuca\/index.php\/wp-json\/wp\/v2\/media?parent=84778"}],"wp:term":[{"taxonomy":"product_brand","embeddable":true,"href":"https:\/\/soydeaqui.ddns.net\/pachuca\/index.php\/wp-json\/wp\/v2\/product_brand?post=84778"},{"taxonomy":"product_cat","embeddable":true,"href":"https:\/\/soydeaqui.ddns.net\/pachuca\/index.php\/wp-json\/wp\/v2\/product_cat?post=84778"},{"taxonomy":"product_tag","embeddable":true,"href":"https:\/\/soydeaqui.ddns.net\/pachuca\/index.php\/wp-json\/wp\/v2\/product_tag?post=84778"}],"curies":[{"name":"wp","href":"https:\/\/api.w.org\/{rel}","templated":true}]}}