{"id":84777,"date":"2026-03-19T21:07:07","date_gmt":"2026-03-19T21:07:07","guid":{"rendered":"https:\/\/soydeaqui.ddns.net\/pachuca\/index.php\/producto\/juego-de-37-piezas-de-desarmador-de-precision-con-puntas\/"},"modified":"2026-03-19T21:07:09","modified_gmt":"2026-03-19T21:07:09","slug":"juego-de-37-piezas-de-desarmador-de-precision-con-puntas","status":"publish","type":"product","link":"https:\/\/soydeaqui.ddns.net\/pachuca\/index.php\/producto\/juego-de-37-piezas-de-desarmador-de-precision-con-puntas\/","title":{"rendered":"Juego de 37 Piezas de Desarmador de Precisi\u00f3n con Puntas"},"content":{"rendered":"<\/p>\n<p style='text-align: center;'><span style='font-family: tahoma&comma; arial&comma; helvetica&comma; sans-serif; font-size: 12pt;'><img class='fr-fic fr-dii' src='data:image\/png;base64&comma;iVBORw0KGgoAAAANSUhEUgAAANcAAABnCAIAAAAc1UCXAAAT7klEQVR4Ae2dd1gbR\/rHBTZuJE7suCUmubSLfYmd\/iTPXS6\/5HJpvzzJJffLpdwjATZgg8GY2MEluLfExnFix7Fjp5zL4TSrAqIITDFgehEguqkSIASoorba2V+khWG1orotQcOzf8xKu7Pzvu9nvzPzzshmYY4\/FpuLDuSBm+wBkj0Mw1iIwpvsevQ46AFEIdJ+5j2AKGQ+BlAS3LaAKEQUMu8BRCHzMXBbCYSGIwoRhcx7AFHIfAygJLhtAVGIKGTeA4hC5mPgthIIDUcUIgqZ9wCikPkYQElw2wKiEFHIvAcQhczHwG0lEBqOKEQUMu8BRCHzMYCS4LYFRCGikHkPIAqZj4HbSiA0HFGIKGTeA4hC5mMAJcFtC4hCRCHzHkAUMh8Dt5VAaDiiEFHIvAcQhczHAEqC2xYQhYhC5j2AKGQ+Bm4rgdBwRCGikHkPIAqZjwGUBLctIAoRhcx7AFHIfAzcVgKh4YhCRCHzHkAUMh8DKAluW0AUIgqZ9wCikPkYuK0EQsMRhYhC5j2AKGQ+BlAS3LaAKEQUMu8BRCHzMXBbCYSG3xAKH94kqZBrcQBGOKw2vENrzqzrjk6sfzU62ztQ6MGZhEB4cLhT\/XhLN0nWxkjP5rQmV3VJarsFJYrdouq\/H8ia5s+flFZDvMZYuDEUbpZUKnTEmP8AQbSrTd9mNL1yIGtOcOwYmz7BL5u2gv\/0jrSdgqpyudaGgyGd0W2wnM5qfuuLnElj9dUFZUJQCCPUY7D8N6d1eVTK1Rkzce6aHxr\/eWJ9Q5cBB0PzB00mCKLHYBGWtL\/4Wabb6uLEopAgCBwQnVrz8\/szJw5S423J8q2p1e264fSPyh+13G2whJwpnerHG+\/jJsH1E45CMjAao\/Wdo7lefvzfnYuf25shbdNQ8Rp7WWfC1v8oneb\/+7P6GsN0QyicvyYu7FzZbkH1cMceYfWBhLrT2S3ZDT1Gi23IOFW1657dnX6N5t3k2x\/alFzcMjSCOCDkGlNJq7a4RdPYY8Rs+JBWG8y2iPPlnr52Rbzn4yR43GRDbvLjbgiFHmzuFF\/eVL8RDv40f753oHBeSNzDn6SczGjqc2ERACKpUnmT3XEtj5u9SjQkghYb\/kuh4sWDWYvDxQtC4xeExt0VLn5mT8bXaY1mbIg3sMdgeePzHJY\/X642kUdbr5E1qXvqG0LheGM5xZf3zle5DV0GV3nwO1U43toYuX6qH28bT0YbC2I2UNyiefGzS8M16aHNEolMabIO6iJmA9Xtun8ezWWt4ENvAABY\/pN5vHhDKPQOFP55T8Yr0VnweHbX6H3rC\/szG1V90PVkobXHOH9N3HBRnDif\/2mzpKxNS208ZgPcQsV96xNHbuRv6njCLop2EOW9puiEugc+TrLfgigc2XGjfvtQZHJmbXen1gyPpIrOUe9isbnvfJVnsjp1UjgAvkzIodcKgc\/6xPsik2cECvtbzuGyODz74fKf93pwuKtOl1idh3rSVs2DHyd5uFzsevu8NXFJlcpL9d3P78ucsVLQfwGi0NVT4\/rkYZesdUFj71hqmBMcKyrtoCoKQRAxOa1THKN1sgYPNnduSOxbR3LP5baVKXRShY5b2u77XdH80DjqZSw297Ck4VRG88mMpk\/FtbcECb0DhAtC4xZvSLorImFucKzXUFNRL3\/+Q5slx9MblXoz2Qy9GbtQpHhyV1pJq6al19jSawz4TwnNFi8\/vrC0ndpsGw7e+TKXdtkIp7eHxE2lJQScKfTw589YKbgjJG7R2viFYfG3rxYNmdPx4HBvDRI+\/+mlI6lXJLWqi\/U932Q0vX44Z67zWsDCtfHrL1QekDQckDT4\/1A8M0AwK0AwLyRuUbh4YWjc7FUimidhy29fHftydPbx9KbMKz0ZDT0nM5teO5yzdLMk\/KfyHbE1G3myJZsl8OKxF25Ij3zVFHr68iLOS8nuCQY1p657cbiYNMnLn\/\/G4Zz0GhXmvBoBCKK0VcM5VUh1X6e2n6QOjdnvu6If89ra1CYzhuvNWEmbdqeg6r4NTt3lzABBxHlpu8YEHw0LJgyHY76Pfiyn+dc7SNSlt8CLCYLIrOumtoR2\/ZhOnSl84WDWibTGyg59b5+1U2fOqu\/ZcqHyXpfu\/vn9mbGlHTRVttrw9BrVP768DF+8ZVtSZAOLW5IKpe+pwjM5rTWdenWftVNrlsiUYefKZq8SUds51Y\/\/v5\/nSGRKi7Pk4wA0dBl0Jsyefu+zvn1kHO8erH9iUchic1+Nzob0kHGt7dA\/ue0ii8315PA+PFHQ1mukxptaVukt4eel0DZYD2YDKr2FtohhwfA4acfs1YO+Dj8vVRut1AqHLLtS+MSONFrlnGsfRVApJIjmHiNtFcZqw7lFCp91CdDeP+\/LqFcaaJdBEzp15oDvi8kcEJVCdZ+1t49udZ\/Fxi1S3BrU7xxPDu+D4wWtw3uefMrkofDRqNQGpdNkuV1tetGxlLJkYzJMCNtw0NjddyT1yiFJQ6VicKECAADXXSCFMBI4ALQgRQmqyCgu2SLB8P65qhnDz+e1\/e1Q9lN70veLa2k650oh+2QhfARBEBgOfD4ahANSMr4ChUJYOa3xBEFs+qWCrHZhWDxspw0H9UpDdHL97vja4hYN7DdqO\/VPbktlsblUCoerHAAicqDypRuTy+X9cy8cB3K16fTl1jOXW1t6jNQlyslD4ZKNyTUdeugagiBUBsur0dksNnfTLxUkRAYz9ll87W0DMjZ9pSA8Rqoa6BP5xe3ejikFlUKl1nyhQL5LVP1dRtMVSkqoXWuetkLg6cuLyW0jH6rus\/p9V0RqBovN9eBwX\/g0s6V7UIBdKdzwo5TaYKXOsjAsfnzMuU5inCnUGrFEaedRSUPM5VbH8nT\/AysVWnsv4cvbwa8igdCZsF2CqlkDk6pZgcID4loyHQsAsTe2xoNDp1Cls\/CLFMdSGn7Nb+ugDEhSZF1zQ+wJiq1cGSn2BrPtYELt3DX9O05mr47dJaiGHcjkoXDZJyl1nU5aqDJYXnNQWNSiJn2fWN55+2qnrTeevry9ohoyDLWd+ie223twSKHBbNvwUzmJ5jR\/\/svRWdSR0x8+TrozXAwF+MuUBtddBatPl0DOXCn86LwThSr99adwl7B6bojdZC9\/\/ptfXFao+wevVgz3XiWcHxonqVSSLTyd1TwrQDjVn788KjXkbOm5nJbiZjUcapfLtZ4cHlULNUar78kCktrpKwX\/+OKyeqCDLmvTLnXMNmTt\/Tuk4so6aJ738uMfkTSQIj15KPyf\/ZltvU7zg3aN6W+fXpoWJIJrfUOmsl\/Yn0lOLFQGy5tfXqZSKO81LqaMnzw43HzKOtuyranP7EgjNcCGg5eis1xlbOYqEQykK4XvnyiAjDo2ZIA\/bHDk\/FwVbuyfOGvhLZS3ztOPl17dRT4RB2BRuPjhLSlSR7bSaLUdSKj7NKGuVmkwU2ZUsHkmKz5rdSyVwuRK5TyH4JFWewcKEyv6ga7u0D++LfWW1SJ8YC743tf5rs555WCWymCfnE0eCv2\/LdKbnVKG9UrD09sv3r4mDs5SXz+U4+qLZ3amXXEkvTVG7N1jeVQKW7uNd1AczWJzLzb0wMA8uu0ipBDDwYsHh6IwSARXOFwpXBaVShuxBZ+hZ3NcGzzKJxQKXddOkgZAwQFYHJHw+NbUaudhDLSOfCt6+6wyhU4s7djOl80IEFApFBW3z6EgPitACJNlDgov+kQkwNH0c\/uG2Ov0l93pLT32EcskoXDGSsHRlH55h37Mbei5JyJhqj+\/2\/HCEQSxjStzDeFbX1zWGO35gg6t+RWHnsEeubXbOM95AYZG4d0fJTQPLNvsFtW4Vv7e8XzImSuFMwOFcspwiiCIkhb1tBXXtjWGQiFBECzn7GYyhUKfiMQHI5MKm\/qHK9BvAAC5xiQq7djOq\/rn0dxHtkhmBvSnxJ0oLBmFwpkBQtgPhJ4rc3XO20dytZMpU3N3REJtp9PUhCCIXwvkZKIrvryTdLFMoaWlyrz8+NwiBTmClrZp\/7gx2UkLXZYBaRR6+vISKvor1xgxclgJ3X3v+sSm7sGlRVcKp\/rxfsrvn9yQLcQBsfL7IljD1RRGpFDiTOGsQCG\/SAH5a9eaT11qfv2LnDvXim8NEs4Pje9fFRwYD4yLQhabm3ull6y8qEm9wHni5eXHvzDg+cmghZ6+vJ2iauhKsgAAWHOmlIwi+5tCo2N9DwdALO14dmfanWvj7wyLf2SL5Ex2C+w1jl+8QmaMB7VwNApZbO5LB7Pgvp7ePmvYubLln6Qs3ZT87ld5JS0aajrQlUIPDpdzqhB22WTL6zv1T2y76DrRoRHpwebeHZEQW9bx4YmCOcGxgyt+I1M4MBfBAfCJsOfe\/b8tglOulKqup7ZfvGuteFFY\/PJPUn641NylM792MAvu16RSGDuaFrLY3LCzpWTlGA7O57U9FpU6f03c\/DVxSzYlf5\/ZBD3\/u6fQk8N7\/3i+3mzvUql\/3XqLz7r+hZOFofG8IgVMUCm15vTqrrSqLupspqpdB9\/7cVH428+U9sXWQJJwAJR6S5vGBJNtsFWuFLLY3Ps\/TsobEAzyShyAVFnX4458O4086un9G5J+LZBbbcBoscVcbh3cUjlOCm8NEv6Y1wbfFpXecqlGlSLrahlIdyu15tcdqQZavjC2dJQemcXm+qxLSJF1kWMSQBBNqj5xWYe4rKNpYBhDmvz7pnCKL++D4\/nyoVLzURcGh4AeHO7SjclFTf29A8QCFmRy3SNbBtcxx0Uhi829bZXooLiWlFtYp2thSAo9fXnhMVI4fyLvwgFo7DKs+L7Ya8gxIof76qHs0hYN1DAbDuS9pq08+wSCuqdm1HEhifWc4Nif8tugMtFaXtqq+SO5W8c5az0WLfTk8J7akVbnvJpAq\/93MDspaVbPDY69g3aExC4Ijbs\/MulQYp2rCtrH+K0aT5fdnd6BopPpjR1qk9Fis+HAhgOTFVfpLNxC+QPO+ZHWXqMFwy0Y3qA03OE8O0mq6ya\/smD4sq325QTymOLLe\/dYXnGzWqkza42YzoSp9Jaqdt1mnszi2HxFEESEyzoyee+0lYLUqn7BoEYIB6CgWR10puTBzRKfdWKfcPG9kUnvnyiQyLpo1JJ3KbXm5\/aks1bwSeswHGA4oM1OEqSdNsfnFgxfNLDIzmJzZweJtvGqmlV9WhNmxnCLzb5oLu81Hk1psJM9YOYjWyTlbfZfBmI4EBQpnOfIAkFxO\/noSoXuMcdaC3njorViXrFCpTdbMHuHBABhseE9Bktdp97g2KQ80bVQa8LSalTpzkdGTXdRi4ZcCKeGjSzLe41vHB4iI8Ni23\/h+9jW1ODTJXuE1XtF1eH\/Lfvr3ozpLnqz5mxp5M8VkT9XBJ8uHdwx5YjEBycLyK8if66YF0rfvzh9peDpnWn\/+irv38cL\/rovc05I7JtHcuFIYMX3xTCctMKd4eL0ahWcTdOMIn+CrdCYRpBbld7i\/10Ri8P9bXP1Ln7VLn7VTl7VDp6MRdlVxGJzfU8Wkt9u58q8gwb2npGQcbj3bUh671j++vPSjT9XsE8WLN0smeL8Mi8IjQs7W2qvnF\/14df5VOd4+fH\/fbyArDzsbOmitU6LQNNX8J\/fl7nxp4rDSfWHk+o3\/VLx8oGsfx3PJ1eiewyWtx2ZWppbRj29SbsZaPEY9dRsxdfFSGesGHx9h7Xk+v2W3suf\/9zejEe3pnpS0iILw8XrYqTNjnwYQRAAgGVRg9rp2qrlUSmZNcOCOLLhnVoz+1QhXDx0rZzZT+ZQ+hNPPx5J9oMbk2EPoFCbXhp+Y\/kIjZ9wFAKC6DPb1sYMkZcawYzr8tVd4eLiVg0AQG20VrTrcpvUTd32Ph2iAwgiWTb6T2F8IhIu1XZbbXCqACsYtgAAIe81vn0012OoXbTXxbprrGThWnFjlyG\/SX0osS7sXFngD8VbuTJxhRKjmJlT33N1C+gTi0KjxZZUoXztkH3vws0\/PvimYMiBGsmODQeXG3rIddVR2zYjQBD5c0Vxi3pUFnEAWnuMP1xqemTLxP23ADw4vOAzJTCTNeTL1KW3\/J9jyWpU57heMCEoBATRpTP\/ki9\/71je4nDxqDk2VzOuyyfvn8jPquvus2Cu08wOjf0XIX\/aLPEcs1b9lspesjF59X9Kkis6yaUFWvBsOF4u1+6LrXlubwZc1bguhlz3SrwDhV+lNAz361UbDrLre16NzqaNPsfejBtC4bw1ccHnyrYJqkY9oriy4NMlT+9KmxkgHHuAx27euK70cGyknRUk\/MvezODTpVH8qm3CqrCzpc\/sSvfyu\/p\/1siTw7vNsVF+y6+VhyUNxy427hTVsE8W3LM+cYovj6lXblyeIbcYPxCZtC5G+muRokFlMFttJqututPwQ1bLywezXKeG46r\/hlA4rhagi5EHEIUMDEARdjQPIAoRhcx7AFHIfAxowuCGp4hCRCHzHkAUMh8DNxQ\/msmIQkQh8x5AFDIfA5owuOEpohBRyLwHEIXMx8ANxY9mMqIQUci8BxCFzMeAJgxueIooRBQy7wFEIfMxcEPxo5mMKEQUMu8BRCHzMaAJgxueIgoRhcx7AFHIfAzcUPxoJiMKEYXMewBRyHwMaMLghqeIQkQh8x5AFDIfAzcUP5rJiEJEIfMeQBQyHwOaMLjhKaIQUci8BxCFzMfADcWPZjKiEFHIvAcQhczHgCYMbniKKEQUMu8BRCHzMXBD8aOZjChEFDLvAUQh8zGgCYMbniIKEYXMewBRyHwM3FD8aCYjChGFzHsAUvj\/h+E3fXQU5i0AAAAASUVORK5CYII=' alt='' \/><\/span><\/p>\n<p style='text-align: justify;'><span style='font-family: helvetica&comma; arial&comma; sans-serif;'>Este juego de desarmador de precicion con 37 piezas <strong>D092503<\/strong> ofrece versatilidad&comma; precisi\u00f3n y durabilidad en un solo estuche. Perfecto para trabajos de electr\u00f3nica&comma; reparaci\u00f3n de celulares&comma; computadoras&comma; electrodom\u00e9sticos&comma; y mucho m\u00e1s.<\/span><\/p>\n<\/p>\n<div class='row'>\n<div class='col-sm-12'>\n<div style='border-left: 5px solid #E42327; border-radius: 5px; padding: 5px; box-shadow: 2px 2px 10px #d8d8d8; -webkit-box-shadow: 2px 2px 10px #d8d8d8;'>\n<p><span style='color: #2880b9; font-family: helvetica&comma; arial&comma; sans-serif; font-size: 16px; font-weight: bold; background-color: #ffffff;'>Caracter\u00edsiticas:<\/span><\/p>\n<ul>\n<li style='text-align: justify;'><span style='font-family: helvetica&comma; arial&comma; sans-serif;'>35 Puntas intercambiables de alta resistencia.<\/span><\/li>\n<li style='text-align: justify;'><span style='font-family: helvetica&comma; arial&comma; sans-serif;'>Mango ergon\u00f3mico antideslizante para mayor comodidad y control.<\/span><\/li>\n<li style='text-align: justify;'><span style='font-family: helvetica&comma; arial&comma; sans-serif;'>Estuche compacto y organizado&comma; ideal para transportar y almacenar.<\/span><\/li>\n<li style='text-align: justify;'><span style='font-family: helvetica&comma; arial&comma; sans-serif;'>Incluye:<\/span><\/li>\n<\/ul>\n<table style='border-collapse: collapse; width: 420pt;' border='0' width='560' cellspacing='0' cellpadding='0'>\n<colgroup>\n<col style='mso-width-source: userset; mso-width-alt: 20480; width: 420pt;' width='560' \/><\/colgroup>\n<tbody>\n<tr style='height: 20.25pt;'>\n<td class='xl65' style='height: 20.25pt; width: 560px;' height='27'><span style='font-family: helvetica&comma; arial&comma; sans-serif;'>*35 pzas Puntas variadas 4x28mm<\/span><\/td>\n<\/tr>\n<tr style='height: 20.25pt;'>\n<td class='xl66' style='height: 20.25pt;' height='27'><span style='font-family: helvetica&comma; arial&comma; sans-serif;'> SL1&comma; SL1.5&comma; SL2 SL2.5&comma; SL3&comma; SL3.5&comma; SL4.<\/span><\/td>\n<\/tr>\n<tr style='height: 20.25pt;'>\n<td class='xl66' style='height: 20.25pt;' height='27'><span style='font-family: helvetica&comma; arial&comma; sans-serif;'> PH000&comma; PH00&comma; PH0&comma; PH1.<\/span><\/td>\n<\/tr>\n<tr style='height: 20.25pt;'>\n<td class='xl66' style='height: 20.25pt;' height='27'><span style='font-family: helvetica&comma; arial&comma; sans-serif;'> T4&comma; T5&comma; T6&comma; T7&comma; T8&comma; T9.<\/span><\/td>\n<\/tr>\n<tr style='height: 20.25pt;'>\n<td class='xl66' style='height: 20.25pt;' height='27'><span style='font-family: helvetica&comma; arial&comma; sans-serif;'> H0.7&comma; H0.9&comma; H1.3&comma; H1.5&comma;H2&comma; H2.5&comma;H3&comma;H4.<\/span><\/td>\n<\/tr>\n<tr style='height: 20.25pt;'>\n<td class='xl66' style='height: 20.25pt;' height='27'><span style='font-family: helvetica&comma; arial&comma; sans-serif;'> Y2&comma; Y3&comma; U2&comma; U2.6<\/span><\/td>\n<\/tr>\n<tr style='height: 20.25pt;'>\n<td class='xl66' style='height: 20.25pt;' height='27'><span style='font-family: helvetica&comma; arial&comma; sans-serif;'> FS0.8&comma; FS1.2&comma; FS1.5&comma; FS2<\/span><\/td>\n<\/tr>\n<tr style='height: 20.25pt;'>\n<td class='xl66' style='height: 20.25pt;' height='27'><span style='font-family: helvetica&comma; arial&comma; sans-serif;'> R1&comma; R1.5<\/span><\/td>\n<\/tr>\n<tr style='height: 20.25pt;'>\n<td class='xl65' style='height: 20.25pt;' height='27'><span style='font-family: helvetica&comma; arial&comma; sans-serif;'>*1 pza. Desarmador de precisi\u00f3n para puntas de 4 mm.<\/span><\/td>\n<\/tr>\n<tr style='height: 20.25pt;'>\n<td class='xl65' style='height: 20.25pt;' height='27'><span style='font-family: helvetica&comma; arial&comma; sans-serif;'>*1. Extensiones magn\u00e9ticas para puntas.<\/span><\/td>\n<\/tr>\n<\/tbody>\n<\/table>\n<\/p><\/div>\n<\/p><\/div>\n<\/p><\/div>\n<\/p>\n<p style='text-align: center;'><img class='fr-fic fr-dii' src='data:image\/png;base64&comma;iVBORw0KGgoAAAANSUhEUgAAAYMAAACGCAYAAAA\/3uYVAAAAAXNSR0IArs4c6QAAAARnQU1BAACxjwv8YQUAAAAJcEhZcwAADsMAAA7DAcdvqGQAAB5MSURBVHhe7d1PaGPZnh\/wbyV2gsQgq+sOjCHSlNSB+5LxQrfBb3E7ia2SIN0QDaVeVEFWkiEEF0ywSkMWKRWxCsqGQFCpFom9K2kXqhblok14nWCX7EVr8Qx1BePFE0xLhbTwg1a1LII0wc44C+nevn\/190rWlX4fEK98pee2ravzO+d3zvmdOzc3NzcghBAy1\/6B+gIhhJD5Q8GAEEIIBQNCCCEUDAghhFAwIIQQAgoGhBBCQMGAEEIIKBgQQggBBQNCCCGgYEAIIQQUDAghhADAnX5rE2XyFWTyVfVlMiYexgbOtQQ\/y4BzO9RP3wp\/Kq++RMbIzzLwMLbO\/9rVT0+cUGkg9vZcfZmMidO2CM7tgJ9l4GcZ9dOm6zsYJA+LeH5YVF8mE3Dvrg1hbhmxoPdWG4U7m4fqS2RCfC4HYkEvorxb\/dTE5Io13KcOwa1Ysi0gzC0jyrvHFhgoTWQBnz638Oq4BG\/iGNGsgHrzSv0SMuMK1QY2sgU4n\/wOmXxF\/TSZcZeta2TzVdxP5eFP5SFUGuqXjIyCgcVk81V4EkfUIMypy9Y1NrIFcC9OUa411U+TOXBSrOGrnVPE3pibshs6TfQhzo9tuELaQ3Kh0sBB4QInxZr6aQBAhHchE+HUl8dGniZaZxnk4rzieWKeevMKQrWBA+ECB8IFPn1uqV+CJdsCMhEOYW5Z\/dRYqNNE2yEWyRCreA0xj1BpQKhe4kD4I94XLtRPA530YS7Ow2lfVD81MBoZTCk\/yyAW9CIX51HaCSDCu9QvQTZfRTQrqC+TGeC0L8LPMkg\/WkF5N4jXER\/u3bUpXnPZusZ3+2c0SpxRnNuBKO\/GweNV\/JL6BtshFku2BcVrCtUG\/Km8KaljCgYW4GHsyEQ4fIjzmgaBAsJ8iPJulHeDePlwRf0UNrIFHAj6PUcyG5z2RSRDLIRna1hXZWTMCggUDCzEzzIQnq3hgU+ZFsjmq0gflRTXyGyKBb34mFjT9BCjWYHmEOaAh7EjF+exFfAqrheqDUSzBcW1QVEwsBinfREHj1c1aaMnb8\/HssKATB\/O7UAu\/rUiIFy2rkduDIh1pB+t4HXEp7j2vnAxUqeQgoFFpR+uwOdSbkajDUHzQwwIcifFGs0fzJEo79Z0CpOHfxg6XUTBwKLEEYK8d3hSrCFnsPKIzB7O7cC2ajVP8nvaGDpPMhFO0Sm8bF0jfTzc6ICCgYV5GDtiwS8V15K0S3yuJEOsYlHBp88tGh3MmfQj5aKC9NFPQ40OKBhYXCzg1YwOaCJxviT\/Ujk6oBpi88XPMooVRpetaxwY7EvohoKBxTnti5p6NQfCHxVfk9kW5d2K0cFJsTZUz5BYV0y1umiYNoCCwQxQBwOaN5g\/6l3IdA\/MlzC3rMgQ5Io\/K57vBwWDGcC5HSPfCMTa1KVhhCotM543fvZPpX9ftq4HThdTMJgRnHtJ+vdl61rxHDFWb17NRCVY9ZkXtOdk\/qjvgXJNW8+qGwoGM8LDKMtUDNormFfRbAHZfNWU7fy3SX3ORb1l3d+FDEfdBgx6P1MwmBHqxmDQXsE8imYFqRpkoUqneBFrU7cBg6YKKRiQuRTNCsiqlmBS0T8yzygYkLlSb14hvHemCQSiWUgZETIMCgZkbhwIF\/AkjgwPChGdFGt0mhyZOxQMyMzLFWvwp\/L4bv9Ms9JqybaA1xGfpiS0\/HhJWrM\/v3LFGpKHRdOPmJxGFAzITKo3r5DJV8C9OMX9VF736ND2kYFfI8q7ITxb01SBRWdi+X4qD8\/T9kiB0kezq968woFwgdibc\/hTedzZPMT9VB7PD4t4dVya+YBAwYDMDDEAhPfO4EkcYSNbQMFgRcVWoH2kqLg228PYITxb01QBFX363MJGtoAv4j8gvNc+apKW71pbudZEJl9BNCuAe3GKL+I\/4Lv9M7w6Lul2Hl4dl2Y6dUjBgFiSUGlIQ3j5h3kjW8D7woUmHSRaZxl8iPNIP1rRPUQ8GWJR2glojhaUe1+4wEa2AG\/iGJ6nR4hmBSQPi8gVa7TZa4oJlQbSRyWE987gfPI7eBPH2OjsMzHqNKhtZAszGxDu3Nzc3Kgv6kkeFvFcVh75Q5zXbIEnt2cS78+dzUPp3+ssg1ycVzw\/Kr8snbNkW1DsqgYAoXJp2Mj3ss4ySIbYgf4muWIN6aNSzwlnI\/38Djf7IcXzoxj3+5Mr1nA\/lZe+3g6xSBqMpKZBrnO+R65Y0+3pj+J1xKepCXbbRn1\/aGRAptJl6xonnQ+x+Bg0ECzZFhDhXfiYWENuiODoZxkcPF5FaSeArYBXURm0H2b8DqR\/QqWB2JtzcC9OFfl+swMBZnSEQMGAzBSfy4GtgBfvNldRf\/ktMhFOU7NlUB7GjvSjFZR3g\/iYWMNWwKs72UxuXyZf6TvlM6rYm9k6d5yCAbGke3dtWGcZRHgXtkMsPsR5\/JL6BsKzNaQfrWhKOpuFczuQfrQC4dkabvZD+BDn8fLhCiK8C+ssM\/DogYzuQGin8cRzodXLhMflsnUNf+rHmQkIFAzI1Pol9Q0+xHl8iPP4mGg3vuKjvBtELs4jE+GkuQC9CeFx87MMYkEvMhEOuTiP8m5Q8XN+TKxJv0NpJ6D+vxMTRLOCVEaEAsLwKBiQqeW0L8LPMvCzzMipntvCuR3S76AuJEZGdyC0V45l81VpH4AYECZlVgICBQNCiGXJz\/qV7wPg3A68jvhkrxyvy9a15c\/FoGBACLGs3B+UK4Xkq3yivHuiAaFQbVi6yCEFA0KIJQmVBj591p7bQQFhOBQMCCGWJE8RqW1kC1KBwSjvNiwzMg5WDQgUDAghliQuKTUS3vu9NKmbDLGI8C71S8amUG0gmi2oL081CgbEcnLFGsJ7Z\/Cn8vCn8kgflSzXCyOjKdeaPTeXqVf5ZCLcRAPC+8KFpU7Oo2BALCWTr+B+Ko\/3hQupxMOTt+fwJI6QPCxSUJgT\/Z4xcdsBwUpHqVIwIJZRrjWxkS1gybYgbUL7JfWNlA9+fliEJ3GE2JtzKi894w6EP6ovGbpsXSO893upo5CJcBMtJ5L7Q61nSmsaUDAglvFr\/vc30iY0p30RyRCL8k5QCgqvjkvwJo4RzQoUFGZQvXk1cCXZT59bikndXJwfW0DwuRyI8C68jvhQ2gmgvBscW3kUM1EwIJZRb7U\/yE67ttSAPCi8jvhw764N2XxVCgpW3x1KftVvikhNvsrHaV80LSCsswy2Qyzeba5K9bEyEQ5R3m2pXecUDIhliCWou00YO+2LiPJulHeVQeGrnVP4U\/mhGxIyPbotKe1l1ICwZFvAA9+yVBzxZj+EXJxHMsQizC0r6mOVa03pGE3uxani+0wjCgbEMjyMHVsBLwrVBrgXpz3rycuDwjrL4KRz+AcFBWsbNf9eqDYQe9uuY+S0LyIT4QwL2927a0OEd+HlwxV8TKyh\/vJbHDxe1T0oSag0pGM0PU+P4E0cS8doWsFUBAP5EYbpo5J0OhEhaulHK9gKeKUziT1Pe68iivJu5DqVQ+VBgfnrH\/Bf\/\/ffql9OpphQaZhyQJB8lY+80qn8PAwx35+JcIgFvZpiiWKbJR6j+dXOqXSMpnpn9LSdiqbn1o69rDevkD4uIX30U9c394FvGbGg1\/C\/JT8qsZd1lgHnciDKuzVv7Ki4F6e66577+Tulj0p40umpyD3wLePg8ar6si6z3x894z5WUf1edjsSslxrInlYlKpWLtkWEAt+iVjAa1jKOpOvIJOvau6XP\/nHC\/iP\/\/pL\/Od\/M\/5dqvK\/IXr8joMa9\/sz6rGKZoi9OTe1px3hXchEOPVljXrzCrliDUK13XFV30O9fEysmd7mqI36\/tzKyECoNOBJHOH5YbFrIEBn48b9VB7hvbOuvb9+nBRreHVckvLHo34\/OaPVAv0MaY1GQWHuz9SXSIeHsSMT4RSriMSlpcnDorSKSAwazie\/w0a2oPsh\/j\/\/9xrb3xdh+w\/\/E3\/1P\/4G9eYVrUKaUkaflWFl81UkZZ0oUbnWRCZfkfL9X8R\/wHf7Z0Mdo3nvrm3sgcAMEw8GQqUBf+rHnkFA7X3hAn5Z1BvVSbEGT+LItFUmYZ9+MOjn5jVaJmf0Pcmv9JaWPj8swps4xp\/\/p3betp9OBwD83dXf47\/lymD++n\/BmzjuK5CTyeln1\/Ew5J1Ceb5\/I1vAq+PSyP9No47itJloMKg3r4YKBKJCtaEbxYcl1iA3A+d26B55WKg2uo5AjILFA59yZQLpTgwK9ZffSquIKr9oK1r24+87mVMr9ObmySAbzQYh5vOFSkM33z8qs9O14zLRYBB7e64bCJZsC9JSrQ9xHu82Vw2Xe6WPflJf0rUdYqXHVsCr21Cj01j3WpXSL6MegFGDjy7PUYpoeOqlpcP4t7\/9J5ZaIz4PRllSamTJtiAF\/XF9f6N2YdpMLBjUm1fI5qvqywCAg8e\/lZZq+VkGYW4ZuTiv+0G+bF0bNqByyc7kSTLESgeY630\/dGmQB2W0YqDbTWaUiqAU0ejEoPBucxXrA\/bO\/v2\/+nP1JXJLcsUa\/vtJeeBcfT\/kDbXRZ3EUfvZP1Zem1sSCgVGD+8C3rDuMctoXEQt+qb4MyMoSDKLb9yvXzBkWGqWK1KcxierNK918JKWIzCV2LsSlpb2sdzol5HaI6\/XFh4exwf6P\/qH6ZaYQO11Gn8VRWWmEP7FgIBj8obv9sYxytmJZgkF1+2+ZRW9I+OlzS3d1ilGAnMTPOY\/8neWWH+J818qVgyzHI+Y4EC6QPCxKc4JR3i09PIwdTtt4Okdi0O82eh+FlUb4EwsGeo0hOksEjXAuhzSPIH9Eu3yQuzFqfM280QxTRTqTX0Y3oJVuICvyswwyEQ6lnYAmKPyLf3qXRgUTUq41EXtzjuRhER7GLqV19TqBYW7Z9OMr11lGGoEbtQ2jkH\/\/Xsq15lAZDzNNMBgMnopx2heleQT5o1sAMVJvXiF9pL9ZxcyeOOd26G5t17vZ9NJHg9xAZDTiXoXSTgD\/fPlPAGDojgbpn1BpIJoVkMlXEQt6DQOAWpR34+XDFfXlock7XeOYLxikU+dh7Ki3rpA8LOq2FZMwsWAwaeKQU9wu7kkc6eYEfZ0dyWbSSxXlij8rvi7XmrpL2Aa5gcjoDoQL5Io17Ib\/GbYCXvy7f0kTx+NSrjURzQqIvT2XRgGDduxiQa9mNDcssROYK9Z0VzmOatBOpp9lpBTlbVTandlg8LxTnuH5YRHvC+2SBWo+l8Nwy\/6dzcO+Hnr0GvTL1rXizdVLG2GIG4iMJvbmHBvZAji3A+lH5vU6iVL6qATuxSk41xJycX7gICBnxmll9+7apJ9hHKMC+fcflJ9lkH64ophDmYSZDQa9+FwOCM\/WxpKSCXPLuqki+RyB3lDQ53IMfQORwWXyFWl0NskP3byJZgU8eXuO9KMVxIJe9dNDGTUgyEfvep\/FUellBwbhtC\/i4PEqyrWm6aVzjMxtMChUG\/A8Na8chZrezSC\/6dRpI3SZfCbjkfy+iHt3bfC5HMjmq2NpFOYd9+IU2XwVWwGv6ff3KAFB\/HyOq8SF3ud\/GJkI16ncMP6AMLfBANJReD8arnQahV6q6KRYk6of6qWtKEU0WfXWFT59bkmNQTQj0AjBRLE359LfdlzLddMPVwyrFRhZsi1IK8bG0QGQf38zJEMsCtUGwvtn6qdMNbFg4GG0m7F6ERtO9aOfxvtmP6R4fDA40eiydT2WBsAoVST+DmqUIpq8XPxr+FztjYLrLINPn1tIH\/009h7YPMh1KgRjzCvknEOcVqbcdaw\/dzcKs0YFIjGwnBRrppXO0TPBYKDf0HVr2IVqA\/dTec0jY1DWohs\/yxieDaC3xFMdTIwe3ejdFLliTXfCyuwhNOmNc7fnjcq7QZR\/bmLJtoDL1jXSJtbLn1fyRmvcwXXQgCDvtRtVDB6FmaMCqDbZjiN4iSYWDDiDN6pbw26Uzzf6Xr14GLvuDaO3xNMMejdFrljTzVFSikjL6P1XMxpBqh9GcsUaPn1ugXMvAQAyP2p7X+VaU\/P99B6kTb6vqFBtdO30mWGQgCCmcPU6ZWbQSxGPQt5GjiN4iSYWDPwso5s26Tb0MdqhazTK6Me4hqt69G4KvUAwyjK0WdZv2RGjEaT6YTQJx7naGwXFQmjqEV0mX4E3caz5fnqPbtTBrZ86SbMivDfefDdkK3D02hnRNO067ke51uy7UvOoJhYMnPZFzYdMtJEtIHlYhFBp1\/7PFWsI753pVimUl5yddk77Ih7oBAQ1o7\/LvNNruEchHmikbgSc9kUIz9bw8uEKXkd80n6DevMK0ayAjWxB8fph9RvcZoG6xEuh2t51PG4exi6dZ6xnmnYd91KuNRHeO1MsNuln5DOsiQUDdGb+jd6k54dFfLXTPl7ufipvOBwyqjw6KnWvzSz9pH9ovqBNnf4zKm44isvWtTRKkDcGHsaOWLC9\/LHcOSrTkzgyLLs+DPU9NsyiCqvQu++z+Sq4F6djTxnJD7hXE38uowoAg1pnGWwFvHi3uYpfUt+Yto8iV6zpnqs+zo7jRINBO6+n\/yb1w+dyIBYY7Y+tl8dHj4nsUfTqKVjlfNRJUKfK1I2nmU6KNXy3f4Y7m4fwd4KDP5WXjjzs96jMQQjVS8XX6t93lkR5t24vtlBtgHtxalgnzCx6AUG563jwidgl2wIe+Jalg7hu9kPIxXmkH60gzJlTdl4cjd5P5TX33727tpHbv24mGgwge5P06v53I5aOGPUPbtQbG9cKkl6ponFGeqtRB0W9jXnjcFKsSQ8zeotG1KvWjDoms8Iof3\/ZusaTt+fwPD1CJl8xPR0o4twOZCKc9LViSalB5kHu3l0bIrwLLx+u4GNiDfWX3+Lg8ap0EJeZeo1Gl2wLOHj825Hbv24mHgwgW9K3HWJ7BgWfy4HXEZ9ppSPCPv31\/yfF2th6onpDZhGliH6l\/oCp6zlZmVBpaAKNOi02a8T8vdFn\/NPnFjayBXgSR4i9OR\/Lex2Wlb4Wg0G9eaU7H+lzObAV8OJ1xIfSTgDl3SAyEQ6xoFfTUTHLgXCB8N5Z19Hokm0BufjXY\/sZRHdubjqnf\/eQ7BR9E32I85oP77DKtSbKtZY0see0LYJzO+BhaJVNv8b5\/ojkhfnWOwfFmC28d6aYL9oKeHsWkMsVaz1X8kyK0d6T2JtzaRMWZLWxzDTu90f9d97uVB7tpd68Qnhff0GI2r27NoS5ZUR590iNn1BpIH38E9IPV9qrjIQLKRgcCBf4bv9MOtGOczngN3kVkBFxgcxB4QIHgn4BTTmfy4GDx6t9tYPDvj+iWxkZqHkYO\/yd8q3JEItY0Av\/kOcWEGtTj6LGmUaYJPXKlXkaEYp7AF5HfLqjcrlPn1t4dVzCVzuncD75HcJ7Z0gflQYeNdRb7TPXPYl2KkqeIuLcDinfnwyxpuX79YiNf\/KwCH8qjy\/iP+C7\/TNk89WugWDJtoDtEAvh2drE2sGpGBmQ0U3i\/Rl3zxOdD88X8R8U13r1cOrNq7GsPBqG3t88k69olqeWdgKmf8jH\/f6M2vNE571KH5eQPvqpa2NoZL3Tk\/cwdnBuBziXQ7chV\/+s652y0KOMNnoRKu3NdUK1AaHSgFC51KQGe1myLSAW\/BKxgFf39+pG\/TsP+v5QMJgRk3h\/xt3YiKJZQTGJtmRbQHknOPCHYxrUm1fgXpwqGoUI71JMbJpl3O\/PqI2NXL15hYPCBZLfFwduMPWIG\/jE4PB3V\/8P\/+WHv1W\/DFuB9slqg9xLYhpbJKazxevln0dfpnrvrg3Rr91DBQHRqO\/PVKSJCJFT38DjKiY4CenjkqahmKcUkRGnfbG9p2M3iI+JNWwFvD1TSN2Iq8FeHZfw\/LCoGwgA4NVxCZ7EkSZtpyY\/wEq9+1w8NCubr460Am3JtoAI78K7zVWUd4MDBymzUTAgU8fD2DV16l8dlzQ7h6edUGkoRmsA8MC3bPqIzeq4zilz9ZffSoFBb4+CWS5b1\/hu\/wz+VH5s+4uM3Ltrkzap1V9+i0yEm5rl5RQMyFTS260ezQiWmUyuN68Q3vu94tqSbQHpR3+huEaUxMAgPFvDL6lv8G5zFVsB71jqOJV\/bqLeHHzeYhB6y1XFTWrThoIBmUpO+yKSod8orrUPI5qOJaS9RLMFTfogGfqN6ZPGs8zZqWeWfrSCXGfH78fEGl5HfNgOsVhnmaFGEOJKnfJu0LQJZfFMjO0Qi9cRn7RDWXi2hvSjFUR599S\/9xQMyNSKBb2a3duTKng2imhW0NTWWmcZ0+rWzDPO7UCUdyMZYpGL8xCereFmP4RfUt\/gQ5zHu81VbIdYTZpR9MC3DOHZmmZeSs+SbQHrLCM9xFIU2yEW7zZX8SHOo7QTwM1+COXdoLRUNcq7LZkKpGBAplom4tP0\/rL56tQGBPVKKHR6jQeb+gcrEXM47YvwswzC3LLUIMvdu2vDu83Vvjdw3eyHUH\/5LXJxXnqIpSjEvQmztheKggGZak77IjIRTjN\/IAaEaZpD0AsEk6gpQ7oTN29NY55+mlAwIFNPrwIlOgHB6MCaSRL3EugFgknUlCH61lkGpZ3ArS\/ZtAoKBsQSjAJCodrQPbBmUoRKuySzuu48BYLb5e9supulNM64UTAglmEUEMQDaya9MS3ZOZBJvWqIAgGxIgoGxFI4twPlnaBmUhmd0\/K4F6djHyWIowH1hjLIqpFSICBWQ8GAWI5YBVNv+WCh2sD9VH4sk8v15hVib87x1Y42LYROzSFKTRCromBALElcZfRuU\/80LbF8cfKwaEpQSB+1a9rIzyQQLdkW8DriQybC0UQlsSwKBsTSwlx7E5FeuYLL1rWUOsrkK+qn+5LJV+B5eoQnb891Sy6vswyEZ2uade2EWA0FA2J57eMV27tP9Y5YlI5XfNrfSKHevGqPBJ4eYUOnrARkowFKC5FZQcGAzAxxlLAdYnVTR58+t\/C8c+h4NCtoKlaWa03E3pzDk2iPBPSCADqbmMo7QRoNkJlCwYD0Ta+BnTbtAnftHad6E8zopI+y+Sq8iWP4O0tSxUPJXx2XdNNB6EwQ0yYmMqsoGJC+ce4l6d9C5VLx3LTxMHZkIhxKOwHDoIDOoSjPD4uawnJyYhDIRDhKCZGZ1Xcw8DDKXKx6iE3mi1HvedrIg4JR+kjPkm0BWwEvBQEZp005GqI2YLYMEAyUHwahol1nTWabukMw7s1dZvIwdiRDLOovv8VrnUqoIp\/LgdcRH8o77UNI1Pf9PFNvpKM2YLb0HQw41Yen1xmiZPZwrl\/TRLBwYxDl3RCereFjoj2vcO+uDRHehY+JNWmZKM0J6JMH0UK10XNlFrGOvoOB076ouBE+fW5ZtjEgw1Ef2DHs2v1pwbkdyEQ4lHeDyEQ4Tc+XaKnvgYMucy3EWvoOBuj0qOTSxz8pviazjXM7FOv4C9WGpVJFZHTqMwGS32vrMxFrGigYhLk\/U3ydzVdpEmnORL9WdggmXSmU3C4\/yyg6BJ8+tyw\/QiRtAwUDD2PXLNOLZguKr8lsiwW8ihU5J8UazR\/NmeRfKs8Pjr05p7mDGTBQMACgOUj6pFhD+khbvIvMJqd9EbHgl4pr0axA80dzJMq7FaODy9Y1dQpnwMDBwMPYsa0KCE\/entNQcY7EAl6dxsD8ktFkemWinOLr94ULRLOC4hqxloGDATqjA\/U67Y1sgQLCnHDaF3Hw+LeKa4VqA\/5UnkYIc8LPMtgKeBXXsvkqBQQLGyoYAEAuzmt2c25kC9RDnBOcu705S64dEH6ktOGcSD9a0XQKs\/kquBentLDEgoYOBu3TprTn0YqHimTyFQoKMy7KuzUB4bJ1jSdvz+FP5WnZ6RzIxXlNQChUG\/AmjpE8LFJQsJChgwFkB5Srb4bL1nW7fnynVPCBcEE3xYzSCwjoLCy4n8pLZwhQYJhN4hGkD3zK\/QfonEntTRwjvHeGTL5CKcQpd+fm5uZGfXFQ9eYVYm\/Pkc1X1U+RW\/Ihzmt2i46TUGkgvPd7wzMAyGStswxycV59eaySh0U8p30nU2M7xGpWf3Yz0shAJJ5H+yHO6540RWYf53agvBscqDIomS3JEIvSTkD3CFIy\/UwJBiI\/y6C8G8S7zVXdYSOZfcnOKWAvH65Qx2AOiUeQikUAqWNgHaakiYzUm1fIFWsQqIbNxKUfrkxF4bVyrdm+ByoNCFXKGU8K53Ig\/WhFfflW5Io16R6ot2hRyaREeZemnlw3Yw0GhBBCrMHUNBEhhBBromBACCGEggEhhBAKBoQQQigYEEIIAQUDQgghoGBACCEEFAwIIYSAggEhhBBQMCCEEAIKBoQQQkDBgBBCCCgYEEIIAYD\/D68\/MLntsUrcAAAAAElFTkSuQmCC' alt='' \/><\/p>\n","protected":false},"excerpt":{"rendered":"<p>Juego de 37 Piezas de Desarmador de Precisi\u00f3n con Puntas<\/p>\n","protected":false},"featured_media":84776,"comment_status":"open","ping_status":"closed","template":"","meta":[],"product_brand":[],"product_cat":[130],"product_tag":[132,25,131],"class_list":{"0":"post-84777","1":"product","2":"type-product","3":"status-publish","4":"has-post-thumbnail","6":"product_cat-herramientas-electricas","7":"product_tag-dongcheng","8":"product_tag-herramientas","9":"product_tag-herramientas-electricas","11":"first","12":"outofstock","13":"sale","14":"shipping-taxable","15":"purchasable","16":"product-type-simple"},"_links":{"self":[{"href":"https:\/\/soydeaqui.ddns.net\/pachuca\/index.php\/wp-json\/wp\/v2\/product\/84777","targetHints":{"allow":["GET"]}}],"collection":[{"href":"https:\/\/soydeaqui.ddns.net\/pachuca\/index.php\/wp-json\/wp\/v2\/product"}],"about":[{"href":"https:\/\/soydeaqui.ddns.net\/pachuca\/index.php\/wp-json\/wp\/v2\/types\/product"}],"replies":[{"embeddable":true,"href":"https:\/\/soydeaqui.ddns.net\/pachuca\/index.php\/wp-json\/wp\/v2\/comments?post=84777"}],"wp:featuredmedia":[{"embeddable":true,"href":"https:\/\/soydeaqui.ddns.net\/pachuca\/index.php\/wp-json\/wp\/v2\/media\/84776"}],"wp:attachment":[{"href":"https:\/\/soydeaqui.ddns.net\/pachuca\/index.php\/wp-json\/wp\/v2\/media?parent=84777"}],"wp:term":[{"taxonomy":"product_brand","embeddable":true,"href":"https:\/\/soydeaqui.ddns.net\/pachuca\/index.php\/wp-json\/wp\/v2\/product_brand?post=84777"},{"taxonomy":"product_cat","embeddable":true,"href":"https:\/\/soydeaqui.ddns.net\/pachuca\/index.php\/wp-json\/wp\/v2\/product_cat?post=84777"},{"taxonomy":"product_tag","embeddable":true,"href":"https:\/\/soydeaqui.ddns.net\/pachuca\/index.php\/wp-json\/wp\/v2\/product_tag?post=84777"}],"curies":[{"name":"wp","href":"https:\/\/api.w.org\/{rel}","templated":true}]}}