{"id":84773,"date":"2026-03-19T21:06:58","date_gmt":"2026-03-19T21:06:58","guid":{"rendered":"https:\/\/soydeaqui.ddns.net\/pachuca\/index.php\/producto\/cable-de-fibra-optica-pof-monomodo-conectores-sc-upc-sc-upc-interior-fibra-g-657a2-cobre-26-awg-20m\/"},"modified":"2026-03-19T21:07:00","modified_gmt":"2026-03-19T21:07:00","slug":"cable-de-fibra-optica-pof-monomodo-conectores-sc-upc-sc-upc-interior-fibra-g-657a2-cobre-26-awg-20m","status":"publish","type":"product","link":"https:\/\/soydeaqui.ddns.net\/pachuca\/index.php\/producto\/cable-de-fibra-optica-pof-monomodo-conectores-sc-upc-sc-upc-interior-fibra-g-657a2-cobre-26-awg-20m\/","title":{"rendered":"Cable de Fibra \u00d3ptica POF Monomodo \/ Conectores SC\/UPC &#8211; SC\/UPC \/ Interior \/ Fibra G.657A2 \/ Cobre 26 AWG \/ 20M"},"content":{"rendered":"<div style='width: 100%; max-width: 1200px; margin: 0 auto; font-family: sans-serif; line-height: 1.6; color: inherit; background-color: transparent;'>\n<div style='display: flex; flex-wrap: wrap; gap: 30px; margin-bottom: 30px;'>\n<div style='flex: 1 1 300px; min-width: 280px;'>\n<h3 style='font-size: 22px; border-bottom: 2px solid currentColor; padding-bottom: 5px; margin-top: 0; color: inherit; opacity: 0.8;'>Caracter\u00edsticas principales<\/h3>\n<ul style='padding-left: 20px; font-size: 15px; color: inherit;'>\n<li style='margin-bottom: 5px;'>Conector SC\/UPC para conexiones r\u00e1pidas<\/li>\n<li style='margin-bottom: 5px;'>Fibra \u00f3ptica G.657A2 con excelente resistencia a curvaturas<\/li>\n<li style='margin-bottom: 5px;'>Dimensiones compactas: 1.8&#215;4.2mm<\/li>\n<li style='margin-bottom: 5px;'>Alta conductividad y capacidad de carga de corriente<\/li>\n<li style='margin-bottom: 5px;'>Cable de Fibra \u00d3ptica POF Monomodo de 20 metros<\/li>\n<\/ul><\/div>\n<div style='flex: 1 1 300px; min-width: 280px;'>\n<h3 style='font-size: 22px; border-bottom: 2px solid currentColor; padding-bottom: 5px; margin-top: 0; color: inherit; opacity: 0.8;'>Aplicaciones<\/h3>\n<ul style='padding-left: 20px; font-size: 15px; color: inherit;'>\n<li style='margin-bottom: 5px;'>Redes de alimentaci\u00f3n el\u00e9ctrica<\/li>\n<li style='margin-bottom: 5px;'>Internet y redes de datos<\/li>\n<li style='margin-bottom: 5px;'>Conexi\u00f3n para dispositivos ONU montados en techo<\/li>\n<li style='margin-bottom: 5px;'>Sistemas de videovigilancia<\/li>\n<li style='margin-bottom: 5px;'>Redes dom\u00f3ticas y hogares inteligentes<\/li>\n<li style='margin-bottom: 5px;'>Conexi\u00f3n en cascada de routers<\/li>\n<\/ul><\/div>\n<\/p><\/div>\n<div style='display: flex; flex-wrap: wrap; gap: 20px; margin-bottom: 30px;'>\n<div style='flex: 1 1 250px; border: 1px solid rgba(150&comma; 150&comma; 150&comma; 0.4); border-radius: 8px; overflow: hidden; display: flex; flex-direction: column;'>\n<div style='padding: 15px; border-bottom: 1px solid rgba(150&comma; 150&comma; 150&comma; 0.2); font-weight: bold; font-size: 18px; color: inherit;'>Especificaciones \u00f3pticas<\/div>\n<div style='padding: 15px; color: inherit;'>\n<ul style='padding-left: 20px; margin: 0; font-size: 14px; list-style-type: disc;'>\n<li style='margin-bottom: 5px;'><strong>Fibra \u00f3ptica:<\/strong> G.657A2<\/li>\n<li style='margin-bottom: 5px;'><strong>Atenuaci\u00f3n:<\/strong> \u22640.4dB\/km (1310nm)&comma; \u22640.3dB\/km (1550nm)<\/li>\n<li style='margin-bottom: 5px;'><strong>Discontinuidad:<\/strong> \u22640.05dB\/km (1310\/1550nm)<\/li>\n<li style='margin-bottom: 5px;'><strong>Longitud de onda de dispersi\u00f3n cero:<\/strong> 1300-1324nm<\/li>\n<li style='margin-bottom: 5px;'><strong>Rango de longitud de onda:<\/strong> 1260-1626nm<\/li>\n<li style='margin-bottom: 5px;'><strong>Rendimiento en curvatura:<\/strong> \u22640.2dB (R=7.5mm&comma; 1 vuelta&comma; 1550nm)<\/li>\n<li style='margin-bottom: 5px;'><strong>Conector:<\/strong> SC\/UPC<\/li>\n<\/ul><\/div>\n<\/p><\/div>\n<div style='flex: 1 1 250px; border: 1px solid rgba(150&comma; 150&comma; 150&comma; 0.4); border-radius: 8px; overflow: hidden; display: flex; flex-direction: column;'>\n<div style='padding: 15px; border-bottom: 1px solid rgba(150&comma; 150&comma; 150&comma; 0.2); font-weight: bold; font-size: 18px; color: inherit;'>Especificaciones el\u00e9ctricas<\/div>\n<div style='padding: 15px; color: inherit;'>\n<ul style='padding-left: 20px; margin: 0; font-size: 14px; list-style-type: disc;'>\n<li style='margin-bottom: 5px;'><strong>Secci\u00f3n transversal:<\/strong> 0.13 mm\u00b2<\/li>\n<li style='margin-bottom: 5px;'><strong>Resistencia m\u00e1xima DC (20\u2103):<\/strong> 143.0\u03a9\/km<\/li>\n<li style='margin-bottom: 5px;'><strong>Resistencia m\u00ednima de aislamiento (70\u2103):<\/strong> 0.018 \u03a9\u00b7km<\/li>\n<\/ul><\/div>\n<\/p><\/div>\n<div style='flex: 1 1 250px; border: 1px solid rgba(150&comma; 150&comma; 150&comma; 0.4); border-radius: 8px; overflow: hidden; display: flex; flex-direction: column;'>\n<div style='padding: 15px; border-bottom: 1px solid rgba(150&comma; 150&comma; 150&comma; 0.2); font-weight: bold; font-size: 18px; color: inherit;'>Especificaciones mec\u00e1nicas<\/div>\n<div style='padding: 15px; color: inherit;'>\n<ul style='padding-left: 20px; margin: 0; font-size: 14px; list-style-type: disc;'>\n<li style='margin-bottom: 5px;'><strong>Fuerza de tracci\u00f3n:<\/strong> \u2265120N (corto plazo)&comma; \u226560N (largo plazo)<\/li>\n<li style='margin-bottom: 5px;'><strong>Fuerza de compresi\u00f3n:<\/strong> \u22651000N (corto plazo)&comma; \u2265500N (largo plazo)<\/li>\n<li style='margin-bottom: 5px;'><strong>Temperatura de operaci\u00f3n:<\/strong> -20\u00b0C a +80\u00b0C<\/li>\n<li style='margin-bottom: 5px;'><strong>Temperatura de almacenamiento:<\/strong> -20\u00b0C a +85\u00b0C<\/li>\n<li style='margin-bottom: 5px;'><strong>Dimensiones:<\/strong> 4.2\u00b10.2mm \u00d7 1.8\u00b10.2mm<\/li>\n<li style='margin-bottom: 5px;'><strong>Longitud:<\/strong> 20 metros<\/li>\n<\/ul><\/div>\n<\/p><\/div>\n<\/p><\/div>\n<hr style='border: 0; border-top: 1px solid rgba(150&comma; 150&comma; 150&comma; 0.3); margin: 30px 0;'>\n<div style='display: flex; flex-wrap: wrap; gap: 30px; margin-bottom: 30px;'>\n<div style='flex: 1 1 300px; min-width: 280px;'>\n<h3 style='font-size: 22px; border-bottom: 2px solid currentColor; padding-bottom: 5px; margin-top: 0; color: inherit; opacity: 0.8;'>Informaci\u00f3n de pedido<\/h3>\n<p style='font-size: 15px; color: inherit; margin: 0;'>PoF-C-E-20m: Cable \u00f3ptico compuesto&comma; 20 metros&comma; cable plano&comma; 1.8mm*4.2mm&comma; secci\u00f3n transversal 0.13mm\u00b2<\/p>\n<\/p><\/div>\n<div style='flex: 1 1 300px; min-width: 280px;'>\n<h3 style='font-size: 22px; border-bottom: 2px solid currentColor; padding-bottom: 5px; margin-top: 0; color: inherit; opacity: 0.8;'>Caracter\u00edsticas t\u00e9cnicas<\/h3>\n<ul style='padding-left: 20px; font-size: 15px; color: inherit;'>\n<li style='margin-bottom: 5px;'>Cumple con ITU-T G.657A2<\/li>\n<li style='margin-bottom: 5px;'>Baja p\u00e9rdida de l\u00ednea y p\u00e9rdida relacionada con la polarizaci\u00f3n<\/li>\n<li style='margin-bottom: 5px;'>Rango ampliado de longitud de onda de operaci\u00f3n<\/li>\n<li style='margin-bottom: 5px;'>Amplio rango de temperatura de operaci\u00f3n<\/li>\n<\/ul><\/div>\n<\/p><\/div>\n<\/p><\/div>\n","protected":false},"excerpt":{"rendered":"<p>Cable de Fibra \u00d3ptica POF Monomodo \/ Conectores SC\/UPC &#8211; SC\/UPC \/ Interior \/ Fibra G.657A2 \/ Cobre 26 AWG \/ 20M<\/p>\n","protected":false},"featured_media":84772,"comment_status":"open","ping_status":"closed","template":"","meta":[],"product_brand":[],"product_cat":[2101],"product_tag":[2102,2011,2013],"class_list":{"0":"post-84773","1":"product","2":"type-product","3":"status-publish","4":"has-post-thumbnail","6":"product_cat-cable-de-fibra-optica","7":"product_tag-cable-de-fibra-optica","8":"product_tag-redes-ftth-pon","9":"product_tag-v-sol","11":"first","12":"outofstock","13":"sale","14":"shipping-taxable","15":"purchasable","16":"product-type-simple"},"_links":{"self":[{"href":"https:\/\/soydeaqui.ddns.net\/pachuca\/index.php\/wp-json\/wp\/v2\/product\/84773","targetHints":{"allow":["GET"]}}],"collection":[{"href":"https:\/\/soydeaqui.ddns.net\/pachuca\/index.php\/wp-json\/wp\/v2\/product"}],"about":[{"href":"https:\/\/soydeaqui.ddns.net\/pachuca\/index.php\/wp-json\/wp\/v2\/types\/product"}],"replies":[{"embeddable":true,"href":"https:\/\/soydeaqui.ddns.net\/pachuca\/index.php\/wp-json\/wp\/v2\/comments?post=84773"}],"wp:featuredmedia":[{"embeddable":true,"href":"https:\/\/soydeaqui.ddns.net\/pachuca\/index.php\/wp-json\/wp\/v2\/media\/84772"}],"wp:attachment":[{"href":"https:\/\/soydeaqui.ddns.net\/pachuca\/index.php\/wp-json\/wp\/v2\/media?parent=84773"}],"wp:term":[{"taxonomy":"product_brand","embeddable":true,"href":"https:\/\/soydeaqui.ddns.net\/pachuca\/index.php\/wp-json\/wp\/v2\/product_brand?post=84773"},{"taxonomy":"product_cat","embeddable":true,"href":"https:\/\/soydeaqui.ddns.net\/pachuca\/index.php\/wp-json\/wp\/v2\/product_cat?post=84773"},{"taxonomy":"product_tag","embeddable":true,"href":"https:\/\/soydeaqui.ddns.net\/pachuca\/index.php\/wp-json\/wp\/v2\/product_tag?post=84773"}],"curies":[{"name":"wp","href":"https:\/\/api.w.org\/{rel}","templated":true}]}}