{"id":84761,"date":"2026-03-19T21:06:24","date_gmt":"2026-03-19T21:06:24","guid":{"rendered":"https:\/\/soydeaqui.ddns.net\/pachuca\/index.php\/producto\/kit-routers-inalambricos-mesh-interior-para-hogar-doble-banda-wi-fi-7-be3600-mbps-2-puerto-1-gigabit-wan-lan-4-antenas-internas-operacion-multi-link-mlo-administracion-mediante-la-app-deco-2\/"},"modified":"2026-03-19T21:06:28","modified_gmt":"2026-03-19T21:06:28","slug":"kit-routers-inalambricos-mesh-interior-para-hogar-doble-banda-wi-fi-7-be3600-mbps-2-puerto-1-gigabit-wan-lan-4-antenas-internas-operacion-multi-link-mlo-administracion-mediante-la-app-deco-2","status":"publish","type":"product","link":"https:\/\/soydeaqui.ddns.net\/pachuca\/index.php\/producto\/kit-routers-inalambricos-mesh-interior-para-hogar-doble-banda-wi-fi-7-be3600-mbps-2-puerto-1-gigabit-wan-lan-4-antenas-internas-operacion-multi-link-mlo-administracion-mediante-la-app-deco-2\/","title":{"rendered":"Kit Routers Inal\u00e1mbricos MESH Interior para Hogar \/ Doble Banda Wi-Fi 7 BE3600 Mbps \/ 2 Puerto 1 Gigabit WAN\/LAN \/ 4 Antenas Internas \/ Operaci\u00f3n Multi-Link MLO \/ Administraci\u00f3n Mediante la App Deco (iOS, Android) \/ HomeShield"},"content":{"rendered":"<div style='width: 100%; max-width: 1200px; margin: 0 auto; font-family: sans-serif; line-height: 1.6; color: inherit; background-color: transparent;'> <!-- Secci\u00f3n de caracter\u00edsticas principales --> <\/p>\n<div style='display: flex; flex-wrap: wrap; gap: 30px; margin-bottom: 30px;'>\n<div style='flex: 1 1 300px; min-width: 280px;'>\n<h3 style='font-size: 22px; border-bottom: 2px solid currentColor; padding-bottom: 5px; margin-top: 0; color: inherit; opacity: 0.8;'>Caracter\u00edsticas Principales<\/h3>\n<ul style='padding-left: 20px; font-size: 15px; color: inherit;'>\n<li style='margin-bottom: 5px;'>Compatible con Alexa y Google Assistant<\/li>\n<li style='margin-bottom: 5px;'>Backhaul combinado Wi-Fi y por cable para mejor rendimiento y menor latencia<\/li>\n<li style='margin-bottom: 5px;'>Tecnolog\u00eda Multi-Link Operation (MLO) para transmisi\u00f3n simult\u00e1nea por diferentes bandas y canales<\/li>\n<li style='margin-bottom: 5px;'>Protecci\u00f3n avanzada HomeShield para seguridad de red y dispositivos<\/li>\n<li style='margin-bottom: 5px;'>Red Wi-Fi unificada con tecnolog\u00eda AI-Roaming<\/li>\n<\/ul><\/div>\n<\/p><\/div>\n<p> <!-- Secci\u00f3n de especificaciones t\u00e9cnicas --> <\/p>\n<div style='display: flex; flex-wrap: wrap; gap: 20px; margin-bottom: 30px;'>\n<div style='flex: 1 1 250px; border: 1px solid rgba(150&comma; 150&comma; 150&comma; 0.4); border-radius: 8px; overflow: hidden; display: flex; flex-direction: column;'>\n<div style='padding: 15px; border-bottom: 1px solid rgba(150&comma; 150&comma; 150&comma; 0.2); font-weight: bold; font-size: 18px; color: inherit;'>Wi-Fi 7<\/div>\n<div style='padding: 15px; color: inherit;'>\n<ul style='padding-left: 20px; margin: 0; font-size: 14px; list-style-type: disc;'>\n<li style='margin-bottom: 5px;'><strong>Velocidad:<\/strong> Hasta 3600 Mbps (2882 Mbps en 5 GHz + 688 Mbps en 2.4 GHz)<\/li>\n<li style='margin-bottom: 5px;'><strong>Bandas:<\/strong> Doble banda simult\u00e1nea 2.4 GHz y 5 GHz<\/li>\n<li style='margin-bottom: 5px;'><strong>Antenas:<\/strong> 4 antenas internas<\/li>\n<li style='margin-bottom: 5px;'><strong>Est\u00e1ndares:<\/strong> IEEE 802.11a\/b\/g\/n\/ac\/ax\/be<\/li>\n<li style='margin-bottom: 5px;'><strong>OFDMA:<\/strong> Soporta para mayor capacidad<\/li>\n<li style='margin-bottom: 5px;'><strong>MLO:<\/strong> Soporta operaci\u00f3n multi-link<\/li>\n<li style='margin-bottom: 5px;'><strong>4K-QAM:<\/strong> Soporta para mayor capacidad de datos<\/li>\n<\/ul><\/div>\n<\/p><\/div>\n<div style='flex: 1 1 250px; border: 1px solid rgba(150&comma; 150&comma; 150&comma; 0.4); border-radius: 8px; overflow: hidden; display: flex; flex-direction: column;'>\n<div style='padding: 15px; border-bottom: 1px solid rgba(150&comma; 150&comma; 150&comma; 0.2); font-weight: bold; font-size: 18px; color: inherit;'>Conectividad<\/div>\n<div style='padding: 15px; color: inherit;'>\n<ul style='padding-left: 20px; margin: 0; font-size: 14px; list-style-type: disc;'>\n<li style='margin-bottom: 5px;'><strong>Puertos:<\/strong> 2\u00d7 Gigabit WAN\/LAN por unidad (auto-sensing)<\/li>\n<li style='margin-bottom: 5px;'><strong>Conexi\u00f3n:<\/strong> Soporta conexi\u00f3n din\u00e1mica&comma; est\u00e1tica&comma; PPPoE&comma; L2TP y PPTP<\/li>\n<li style='margin-bottom: 5px;'><strong>Protocolos:<\/strong> IPv4 y IPv6<\/li>\n<li style='margin-bottom: 5px;'><strong>Conexi\u00f3n simult\u00e1nea:<\/strong> M\u00e1s de 150 dispositivos<\/li>\n<\/ul><\/div>\n<\/p><\/div>\n<div style='flex: 1 1 250px; border: 1px solid rgba(150&comma; 150&comma; 150&comma; 0.4); border-radius: 8px; overflow: hidden; display: flex; flex-direction: column;'>\n<div style='padding: 15px; border-bottom: 1px solid rgba(150&comma; 150&comma; 150&comma; 0.2); font-weight: bold; font-size: 18px; color: inherit;'>Caracter\u00edsticas Adicionales<\/div>\n<div style='padding: 15px; color: inherit;'>\n<ul style='padding-left: 20px; margin: 0; font-size: 14px; list-style-type: disc;'>\n<li style='margin-bottom: 5px;'><strong>Modos de operaci\u00f3n:<\/strong> Router o Access Point<\/li>\n<li style='margin-bottom: 5px;'><strong>Seguridad:<\/strong> WPA\/WPA2-PSK\/WPA3<\/li>\n<li style='margin-bottom: 5px;'><strong>HomeShield:<\/strong> Protecci\u00f3n avanzada con planes b\u00e1sico y pro<\/li>\n<li style='margin-bottom: 5px;'><strong>Calidad de Servicio:<\/strong> QoS avanzado para priorizar tr\u00e1fico<\/li>\n<li style='margin-bottom: 5px;'><strong>Administraci\u00f3n:<\/strong> Local y remota mediante app Deco<\/li>\n<li style='margin-bottom: 5px;'><strong>Redes invitado:<\/strong> 1 red invitado en 2.4 GHz y 1 en 5 GHz<\/li>\n<\/ul><\/div>\n<\/p><\/div>\n<div style='flex: 1 1 250px; border: 1px solid rgba(150&comma; 150&comma; 150&comma; 0.4); border-radius: 8px; overflow: hidden; display: flex; flex-direction: column;'>\n<div style='padding: 15px; border-bottom: 1px solid rgba(150&comma; 150&comma; 150&comma; 0.2); font-weight: bold; font-size: 18px; color: inherit;'>Especificaciones F\u00edsicas<\/div>\n<div style='padding: 15px; color: inherit;'>\n<ul style='padding-left: 20px; margin: 0; font-size: 14px; list-style-type: disc;'>\n<li style='margin-bottom: 5px;'><strong>Dimensiones:<\/strong> 5.91 \u00d7 5.91 \u00d7 2.44 in (150 \u00d7 150 \u00d7 62 mm)<\/li>\n<li style='margin-bottom: 5px;'><strong>Consumo:<\/strong> M\u00e1ximo 14.9W<\/li>\n<li style='margin-bottom: 5px;'><strong>Temperatura:<\/strong> 0\u00b0C a 40\u00b0C (operaci\u00f3n)<\/li>\n<li style='margin-bottom: 5px;'><strong>Humedad:<\/strong> 10% a 90% RH (operaci\u00f3n)<\/li>\n<li style='margin-bottom: 5px;'><strong>Certificaciones:<\/strong> CE&comma; FCC&comma; RoHS<\/li>\n<\/ul><\/div>\n<\/p><\/div>\n<\/p><\/div>\n<p> <!-- Secci\u00f3n de funcionalidades --> <\/p>\n<div style='display: flex; flex-wrap: wrap; gap: 20px; margin-bottom: 30px;'>\n<div style='flex: 1 1 300px; min-width: 280px;'>\n<h3 style='font-size: 22px; border-bottom: 2px solid currentColor; padding-bottom: 5px; margin-top: 0; color: inherit; opacity: 0.8;'>Funcionalidades Avanzadas<\/h3>\n<ul style='padding-left: 20px; font-size: 15px; color: inherit;'>\n<li style='margin-bottom: 5px;'><strong>AI-Roaming:<\/strong> Tecnolog\u00eda de roaming inteligente para conexi\u00f3n \u00f3ptima<\/li>\n<li style='margin-bottom: 5px;'><strong>Multi-Link Operation (MLO):<\/strong> Mejora el rendimiento y reduce la latencia<\/li>\n<li style='margin-bottom: 5px;'><strong>HomeShield:<\/strong> Protecci\u00f3n avanzada con detecci\u00f3n de amenazas<\/li>\n<li style='margin-bottom: 5px;'><strong>Control Parental:<\/strong> Gestiona tiempo en l\u00ednea y bloquea contenido inapropiado<\/li>\n<li style='margin-bottom: 5px;'><strong>QoS:<\/strong> Prioriza ancho de banda para aplicaciones cr\u00edticas<\/li>\n<li style='margin-bottom: 5px;'><strong>Deco Mesh:<\/strong> Tecnolog\u00eda para red MESH sin zonas muertas<\/li>\n<li style='margin-bottom: 5px;'><strong>Administraci\u00f3n remota:<\/strong> Controla la red desde la app Deco desde cualquier lugar<\/li>\n<\/ul><\/div>\n<\/p><\/div>\n<p> <!-- Separador --> <\/p>\n<hr style='border: 0; border-top: 1px solid rgba(150&comma; 150&comma; 150&comma; 0.3); margin: 30px 0;'> <!-- Secci\u00f3n de notas --> <\/p>\n<div style='margin-top: 30px; font-size: 13px; color: inherit; opacity: 0.8;'>\n<p><strong>Notas:<\/strong><\/p>\n<ul style='padding-left: 20px; margin: 0; font-size: 13px; list-style-type: disc;'>\n<li style='margin-bottom: 5px;'>Velocidades m\u00e1ximas te\u00f3ricas basadas en est\u00e1ndares IEEE 802.11. Las velocidades reales pueden variar seg\u00fan condiciones ambientales y dispositivos conectados<\/li>\n<li style='margin-bottom: 5px;'>HomeShield incluye plan b\u00e1sico gratuito y funciones avanzadas con suscripci\u00f3n<\/li>\n<li style='margin-bottom: 5px;'>Requiere aplicaci\u00f3n Deco para configuraci\u00f3n y administraci\u00f3n<\/li>\n<li style='margin-bottom: 5px;'>La compatibilidad con Wi-Fi 7 requiere dispositivos clientes que tambi\u00e9n lo soporten<\/li>\n<li style='margin-bottom: 5px;'>El paquete de 3 unidades incluye: 3 Deco BE22&comma; 3 adaptadores de corriente&comma; 1 cable Ethernet y gu\u00eda de instalaci\u00f3n<\/li>\n<\/ul><\/div>\n<\/p><\/div>\n","protected":false},"excerpt":{"rendered":"<p>Kit Routers Inal\u00e1mbricos MESH Interior para Hogar \/ Doble Banda Wi-Fi 7 BE3600 Mbps \/ 2 Puerto 1 Gigabit WAN\/LAN \/ 4 Antenas Internas \/ Operaci\u00f3n Multi-Link MLO \/ Administraci\u00f3n Mediante la App Deco (iOS, Android) \/ HomeShield<\/p>\n","protected":false},"featured_media":84760,"comment_status":"open","ping_status":"closed","template":"","meta":[],"product_brand":[],"product_cat":[2024],"product_tag":[1479,2025,71],"class_list":{"0":"post-84761","1":"product","2":"type-product","3":"status-publish","4":"has-post-thumbnail","6":"product_cat-routers-inalambricos","7":"product_tag-redes-wifi","8":"product_tag-routers-inalambricos","9":"product_tag-tp-link","11":"first","12":"outofstock","13":"sale","14":"shipping-taxable","15":"purchasable","16":"product-type-simple"},"_links":{"self":[{"href":"https:\/\/soydeaqui.ddns.net\/pachuca\/index.php\/wp-json\/wp\/v2\/product\/84761","targetHints":{"allow":["GET"]}}],"collection":[{"href":"https:\/\/soydeaqui.ddns.net\/pachuca\/index.php\/wp-json\/wp\/v2\/product"}],"about":[{"href":"https:\/\/soydeaqui.ddns.net\/pachuca\/index.php\/wp-json\/wp\/v2\/types\/product"}],"replies":[{"embeddable":true,"href":"https:\/\/soydeaqui.ddns.net\/pachuca\/index.php\/wp-json\/wp\/v2\/comments?post=84761"}],"wp:featuredmedia":[{"embeddable":true,"href":"https:\/\/soydeaqui.ddns.net\/pachuca\/index.php\/wp-json\/wp\/v2\/media\/84760"}],"wp:attachment":[{"href":"https:\/\/soydeaqui.ddns.net\/pachuca\/index.php\/wp-json\/wp\/v2\/media?parent=84761"}],"wp:term":[{"taxonomy":"product_brand","embeddable":true,"href":"https:\/\/soydeaqui.ddns.net\/pachuca\/index.php\/wp-json\/wp\/v2\/product_brand?post=84761"},{"taxonomy":"product_cat","embeddable":true,"href":"https:\/\/soydeaqui.ddns.net\/pachuca\/index.php\/wp-json\/wp\/v2\/product_cat?post=84761"},{"taxonomy":"product_tag","embeddable":true,"href":"https:\/\/soydeaqui.ddns.net\/pachuca\/index.php\/wp-json\/wp\/v2\/product_tag?post=84761"}],"curies":[{"name":"wp","href":"https:\/\/api.w.org\/{rel}","templated":true}]}}