{"id":84757,"date":"2026-03-19T21:06:15","date_gmt":"2026-03-19T21:06:15","guid":{"rendered":"https:\/\/soydeaqui.ddns.net\/pachuca\/index.php\/producto\/mini-pc-mcore-4-de-yealink-para-salas-de-microsoft-teams-rooms-con-intel-ultra5-125h-y-windows-11-iot\/"},"modified":"2026-03-19T21:06:17","modified_gmt":"2026-03-19T21:06:17","slug":"mini-pc-mcore-4-de-yealink-para-salas-de-microsoft-teams-rooms-con-intel-ultra5-125h-y-windows-11-iot","status":"publish","type":"product","link":"https:\/\/soydeaqui.ddns.net\/pachuca\/index.php\/producto\/mini-pc-mcore-4-de-yealink-para-salas-de-microsoft-teams-rooms-con-intel-ultra5-125h-y-windows-11-iot\/","title":{"rendered":"Mini-PC MCore 4 de Yealink para Salas de Microsoft Teams Rooms con Intel Ultra5 125H y Windows 11 IoT"},"content":{"rendered":"<div style='width: 100%; max-width: 1200px; margin: 0 auto; font-family: sans-serif; line-height: 1.6; color: inherit; background-color: transparent;'> <!-- Secci\u00f3n de caracter\u00edsticas principales --> <\/p>\n<div style='display: flex; flex-wrap: wrap; gap: 30px; margin-bottom: 30px;'>\n<div style='flex: 1 1 300px; min-width: 280px;'>\n<h3 style='font-size: 22px; border-bottom: 2px solid currentColor; padding-bottom: 5px; margin-top: 0; color: inherit; opacity: 0.8;'>Caracter\u00edsticas Principales<\/h3>\n<ul style='padding-left: 20px; font-size: 15px; color: inherit;'>\n<li style='margin-bottom: 5px;'>Procesador Intel Ultra5 125H con NPU para IA<\/li>\n<li style='margin-bottom: 5px;'>Conexi\u00f3n HDMI-In 4K para proyecci\u00f3n ultra HD<\/li>\n<li style='margin-bottom: 5px;'>Dise\u00f1o montaje pared con gesti\u00f3n de cables integrada<\/li>\n<li style='margin-bottom: 5px;'>16GB DDR5 y 256GB SSD para m\u00e1ximo rendimiento<\/li>\n<li style='margin-bottom: 5px;'>Conexi\u00f3n flexible consolas t\u00e1ctiles cable\/inal\u00e1mbrica<\/li>\n<\/ul><\/div>\n<\/p><\/div>\n<p> <!-- Secci\u00f3n de especificaciones t\u00e9cnicas --> <\/p>\n<div style='display: flex; flex-wrap: wrap; gap: 20px; margin-bottom: 30px;'>\n<div style='flex: 1 1 250px; border: 1px solid rgba(150&comma; 150&comma; 150&comma; 0.4); border-radius: 8px; overflow: hidden; display: flex; flex-direction: column;'>\n<div style='padding: 15px; border-bottom: 1px solid rgba(150&comma; 150&comma; 150&comma; 0.2); font-weight: bold; font-size: 18px; color: inherit;'>Procesamiento<\/div>\n<div style='padding: 15px; color: inherit;'>\n<ul style='padding-left: 20px; margin: 0; font-size: 14px; list-style-type: disc;'>\n<li style='margin-bottom: 5px;'><strong>Procesador:<\/strong> Intel Ultra5 125H<\/li>\n<li style='margin-bottom: 5px;'><strong>Memoria:<\/strong> 16GB (2x8GB) DDR5<\/li>\n<li style='margin-bottom: 5px;'><strong>Almacenamiento:<\/strong> 256GB SSD<\/li>\n<li style='margin-bottom: 5px;'><strong>NPU:<\/strong> Integrado para aceleraci\u00f3n de IA<\/li>\n<\/ul><\/div>\n<\/p><\/div>\n<div style='flex: 1 1 250px; border: 1px solid rgba(150&comma; 150&comma; 150&comma; 0.4); border-radius: 8px; overflow: hidden; display: flex; flex-direction: column;'>\n<div style='padding: 15px; border-bottom: 1px solid rgba(150&comma; 150&comma; 150&comma; 0.2); font-weight: bold; font-size: 18px; color: inherit;'>Conectividad<\/div>\n<div style='padding: 15px; color: inherit;'>\n<ul style='padding-left: 20px; margin: 0; font-size: 14px; list-style-type: disc;'>\n<li style='margin-bottom: 5px;'><strong>Salida HDMI:<\/strong> 1x HDMI 2.1 y 2x HDMI 2.0<\/li>\n<li style='margin-bottom: 5px;'><strong>Entrada HDMI:<\/strong> 1x HDMI-In 4K<\/li>\n<li style='margin-bottom: 5px;'><strong>USB:<\/strong> 4x USB 3.0 Type-A<\/li>\n<li style='margin-bottom: 5px;'><strong>Red:<\/strong> 10\/100\/1000 Gigabit Ethernet<\/li>\n<li style='margin-bottom: 5px;'><strong>Wi-Fi:<\/strong> IEEE 802.11 a\/b\/g\/n\/ac\/ax<\/li>\n<li style='margin-bottom: 5px;'><strong>Bluetooth:<\/strong> 5.2<\/li>\n<\/ul><\/div>\n<\/p><\/div>\n<div style='flex: 1 1 250px; border: 1px solid rgba(150&comma; 150&comma; 150&comma; 0.4); border-radius: 8px; overflow: hidden; display: flex; flex-direction: column;'>\n<div style='padding: 15px; border-bottom: 1px solid rgba(150&comma; 150&comma; 150&comma; 0.2); font-weight: bold; font-size: 18px; color: inherit;'>Conexi\u00f3n y Seguridad<\/div>\n<div style='padding: 15px; color: inherit;'>\n<ul style='padding-left: 20px; margin: 0; font-size: 14px; list-style-type: disc;'>\n<li style='margin-bottom: 5px;'><strong>Conexi\u00f3n consola t\u00e1ctil:<\/strong> RJ-45 (MTouch)<\/li>\n<li style='margin-bottom: 5px;'><strong>Seguridad:<\/strong> TPM 2.0&comma; UEFI Secure Boot<\/li>\n<li style='margin-bottom: 5px;'><strong>Red AV:<\/strong> Puerto LAN dedicado<\/li>\n<li style='margin-bottom: 5px;'><strong>Conexi\u00f3n de audio:<\/strong> Puerto 3.5mm<\/li>\n<li style='margin-bottom: 5px;'><strong>Bloqueo:<\/strong> Ranura de seguridad Kensington<\/li>\n<\/ul><\/div>\n<\/p><\/div>\n<div style='flex: 1 1 250px; border: 1px solid rgba(150&comma; 150&comma; 150&comma; 0.4); border-radius: 8px; overflow: hidden; display: flex; flex-direction: column;'>\n<div style='padding: 15px; border-bottom: 1px solid rgba(150&comma; 150&comma; 150&comma; 0.2); font-weight: bold; font-size: 18px; color: inherit;'>Caracter\u00edsticas F\u00edsicas<\/div>\n<div style='padding: 15px; color: inherit;'>\n<ul style='padding-left: 20px; margin: 0; font-size: 14px; list-style-type: disc;'>\n<li style='margin-bottom: 5px;'><strong>Dimensiones:<\/strong> 188 x 188 x 47.5 mm<\/li>\n<li style='margin-bottom: 5px;'><strong>Montaje:<\/strong> Pared&comma; detr\u00e1s de TV o bajo escritorio<\/li>\n<li style='margin-bottom: 5px;'><strong>Gesti\u00f3n de cables:<\/strong> Dise\u00f1o integrado con cubierta<\/li>\n<li style='margin-bottom: 5px;'><strong>Reset:<\/strong> Puerto dedicado<\/li>\n<\/ul><\/div>\n<\/p><\/div>\n<div style='flex: 1 1 250px; border: 1px solid rgba(150&comma; 150&comma; 150&comma; 0.4); border-radius: 8px; overflow: hidden; display: flex; flex-direction: column;'>\n<div style='padding: 15px; border-bottom: 1px solid rgba(150&comma; 150&comma; 150&comma; 0.2); font-weight: bold; font-size: 18px; color: inherit;'>Contenido del Paquete<\/div>\n<div style='padding: 15px; color: inherit;'>\n<ul style='padding-left: 20px; margin: 0; font-size: 14px; list-style-type: disc;'>\n<li style='margin-bottom: 5px;'>Mini-PC Yealink MCore 4<\/li>\n<li style='margin-bottom: 5px;'>Fuente de alimentaci\u00f3n<\/li>\n<li style='margin-bottom: 5px;'>Soporte de montaje en pared<\/li>\n<li style='margin-bottom: 5px;'>Cable HDMI 2.1<\/li>\n<li style='margin-bottom: 5px;'>2x Cables HDMI 2.0<\/li>\n<li style='margin-bottom: 5px;'>Gu\u00eda de inicio r\u00e1pido<\/li>\n<\/ul><\/div>\n<\/p><\/div>\n<div style='flex: 1 1 250px; border: 1px solid rgba(150&comma; 150&comma; 150&comma; 0.4); border-radius: 8px; overflow: hidden; display: flex; flex-direction: column;'>\n<div style='padding: 15px; border-bottom: 1px solid rgba(150&comma; 150&comma; 150&comma; 0.2); font-weight: bold; font-size: 18px; color: inherit;'>Sistema<\/div>\n<div style='padding: 15px; color: inherit;'>\n<ul style='padding-left: 20px; margin: 0; font-size: 14px; list-style-type: disc;'>\n<li style='margin-bottom: 5px;'><strong>Sistema Operativo:<\/strong> Windows 11 IoT Enterprise x64<\/li>\n<li style='margin-bottom: 5px;'><strong>Licencia:<\/strong> Windows 11 IoT Enterprise<\/li>\n<li style='margin-bottom: 5px;'><strong>Software:<\/strong> Microsoft Teams Rooms<\/li>\n<li style='margin-bottom: 5px;'><strong>Soporte:<\/strong> Zoom Rooms&comma; RingCentral Rooms (opcional)<\/li>\n<\/ul><\/div>\n<\/p><\/div>\n<\/p><\/div>\n<p> <!-- Separador --> <\/p>\n<hr style='border: 0; border-top: 1px solid rgba(150&comma; 150&comma; 150&comma; 0.3); margin: 30px 0;'> <!-- Secci\u00f3n de descripci\u00f3n detallada --> <\/p>\n<div style='display: flex; flex-wrap: wrap; gap: 30px; margin-bottom: 30px;'>\n<div style='flex: 1 1 300px; min-width: 280px;'>\n<h3 style='font-size: 22px; border-bottom: 2px solid currentColor; padding-bottom: 5px; margin-top: 0; color: inherit; opacity: 0.8;'>Rendimiento<\/h3>\n<p style='font-size: 15px; color: inherit; margin-bottom: 15px;'>MCore 4 est\u00e1 equipado con el avanzado procesador Intel Ultra5 125H&comma; que ofrece capacidades excepcionales de procesamiento de datos y potente capacidad de c\u00f3mputo de IA gracias a su NPU. Esto asegura un funcionamiento eficiente y sin interrupciones durante las reuniones&comma; mientras habilita funciones inteligentes de conferencia&comma; proporcionando un entorno operativo altamente eficiente y estable.<\/p>\n<\/p><\/div>\n<div style='flex: 1 1 300px; min-width: 280px;'>\n<h3 style='font-size: 22px; border-bottom: 2px solid currentColor; padding-bottom: 5px; margin-top: 0; color: inherit; opacity: 0.8;'>Proyecci\u00f3n Ultra HD<\/h3>\n<p style='font-size: 15px; color: inherit; margin-bottom: 15px;'>Para mejorar la experiencia de proyecci\u00f3n en salas de conferencias&comma; MCore 4 incluye una interfaz HDMI-In que soporta entrada de flujo auxiliar en resoluci\u00f3n 4K dentro del sistema MVC&comma; entregando una calidad de imagen impecable.<\/p>\n<\/p><\/div>\n<div style='flex: 1 1 300px; min-width: 280px;'>\n<h3 style='font-size: 22px; border-bottom: 2px solid currentColor; padding-bottom: 5px; margin-top: 0; color: inherit; opacity: 0.8;'>Dise\u00f1o Elegante<\/h3>\n<p style='font-size: 15px; color: inherit; margin-bottom: 15px;'>Para garantizar la estabilidad de las conexiones de cableado&comma; MCore 4 incorpora una estructura de bloqueo de cables que evita problemas de redundancia. Adem\u00e1s&comma; su montaje en pared incluye una cubierta de gesti\u00f3n de cables y tornillos apretados a mano&comma; permitiendo un reemplazo f\u00e1cil de los cables sin necesidad de desmontar el dispositivo. El ingenioso aprovechamiento del espacio interno facilita el cableado.<\/p>\n<\/p><\/div>\n<div style='flex: 1 1 300px; min-width: 280px;'>\n<h3 style='font-size: 22px; border-bottom: 2px solid currentColor; padding-bottom: 5px; margin-top: 0; color: inherit; opacity: 0.8;'>Despliegue Vers\u00e1til<\/h3>\n<p style='font-size: 15px; color: inherit; margin-bottom: 15px;'>MCore 4 soporta m\u00faltiples opciones de instalaci\u00f3n&comma; permitiendo su fijaci\u00f3n en paredes&comma; detr\u00e1s de televisores o bajo escritorios seg\u00fan el escenario real&comma; aprovechando cada rinc\u00f3n de las salas de conferencias.<\/p>\n<\/p><\/div>\n<div style='flex: 1 1 300px; min-width: 280px;'>\n<h3 style='font-size: 22px; border-bottom: 2px solid currentColor; padding-bottom: 5px; margin-top: 0; color: inherit; opacity: 0.8;'>Conexi\u00f3n Flexible<\/h3>\n<p style='font-size: 15px; color: inherit; margin-bottom: 15px;'>Para adaptarse flexiblemente a diversos escenarios de salas de conferencias&comma; MCore 4 soporta conexi\u00f3n a una o m\u00faltiples pantallas de control y ofrece dos m\u00e9todos de conexi\u00f3n: cableada (a trav\u00e9s de cable de red) e inal\u00e1mbrica (mediante emparejamiento en red local). Se puede elegir libremente seg\u00fan el escenario real sin preocuparse por limitaciones de distancia&comma; simplificando la complejidad del cableado.<\/p>\n<\/p><\/div>\n<\/p><\/div>\n<\/p><\/div>\n","protected":false},"excerpt":{"rendered":"<p>Mini-PC MCore 4 de Yealink para Salas de Microsoft Teams Rooms con Intel Ultra5 125H y Windows 11 IoT<\/p>\n","protected":false},"featured_media":84756,"comment_status":"open","ping_status":"closed","template":"","meta":[],"product_brand":[],"product_cat":[2040],"product_tag":[93,2004,2112],"class_list":{"0":"post-84757","1":"product","2":"type-product","3":"status-publish","4":"has-post-thumbnail","6":"product_cat-accesorios-voip-telefonia-ip-videoconferencia","7":"product_tag-accesorios","8":"product_tag-voip-telefonia-ip-videoconferencia","9":"product_tag-yealink","11":"first","12":"outofstock","13":"sale","14":"shipping-taxable","15":"purchasable","16":"product-type-simple"},"_links":{"self":[{"href":"https:\/\/soydeaqui.ddns.net\/pachuca\/index.php\/wp-json\/wp\/v2\/product\/84757","targetHints":{"allow":["GET"]}}],"collection":[{"href":"https:\/\/soydeaqui.ddns.net\/pachuca\/index.php\/wp-json\/wp\/v2\/product"}],"about":[{"href":"https:\/\/soydeaqui.ddns.net\/pachuca\/index.php\/wp-json\/wp\/v2\/types\/product"}],"replies":[{"embeddable":true,"href":"https:\/\/soydeaqui.ddns.net\/pachuca\/index.php\/wp-json\/wp\/v2\/comments?post=84757"}],"wp:featuredmedia":[{"embeddable":true,"href":"https:\/\/soydeaqui.ddns.net\/pachuca\/index.php\/wp-json\/wp\/v2\/media\/84756"}],"wp:attachment":[{"href":"https:\/\/soydeaqui.ddns.net\/pachuca\/index.php\/wp-json\/wp\/v2\/media?parent=84757"}],"wp:term":[{"taxonomy":"product_brand","embeddable":true,"href":"https:\/\/soydeaqui.ddns.net\/pachuca\/index.php\/wp-json\/wp\/v2\/product_brand?post=84757"},{"taxonomy":"product_cat","embeddable":true,"href":"https:\/\/soydeaqui.ddns.net\/pachuca\/index.php\/wp-json\/wp\/v2\/product_cat?post=84757"},{"taxonomy":"product_tag","embeddable":true,"href":"https:\/\/soydeaqui.ddns.net\/pachuca\/index.php\/wp-json\/wp\/v2\/product_tag?post=84757"}],"curies":[{"name":"wp","href":"https:\/\/api.w.org\/{rel}","templated":true}]}}