{"id":84740,"date":"2026-03-19T21:05:30","date_gmt":"2026-03-19T21:05:30","guid":{"rendered":"https:\/\/soydeaqui.ddns.net\/pachuca\/index.php\/producto\/jabra-evolve-30-ii-duo-con-conexion-usb-c-a-y-3-5mm-microfono-con-cancelacion-de-ruido-y-controlador-en-el-cable-con-botones-e-indicadores-led-5399-823-369\/"},"modified":"2026-03-19T21:05:40","modified_gmt":"2026-03-19T21:05:40","slug":"jabra-evolve-30-ii-duo-con-conexion-usb-c-a-y-3-5mm-microfono-con-cancelacion-de-ruido-y-controlador-en-el-cable-con-botones-e-indicadores-led-5399-823-369","status":"publish","type":"product","link":"https:\/\/soydeaqui.ddns.net\/pachuca\/index.php\/producto\/jabra-evolve-30-ii-duo-con-conexion-usb-c-a-y-3-5mm-microfono-con-cancelacion-de-ruido-y-controlador-en-el-cable-con-botones-e-indicadores-led-5399-823-369\/","title":{"rendered":"Jabra Evolve 30 II Duo con conexi\u00f3n USB C\/A y 3.5mm, micr\u00f3fono con cancelaci\u00f3n de ruido y controlador en el cable con botones e indicadores LED (5399-823-369)"},"content":{"rendered":"<div style='width: 100%; max-width: 1200px; margin: 0 auto; font-family: sans-serif; line-height: 1.6; color: inherit; background-color: transparent;'> <!-- Banner principal --> <\/p>\n<div style='background-color: #f5b700; color: #000000; text-align: center; padding: 35px 20px; font-family: Arial&comma; sans-serif;'>\n<h1 style='margin: 0; font-size: 34px; color: inherit;'>Jabra Evolve 30 II UC<\/h1>\n<p style='margin: 10px 0 0; font-size: 18px; color: inherit;'>Auricular profesional con conectividad flexible \u2022 Gran calidad de sonido<\/p>\n<\/p><\/div>\n<p> <!-- Secci\u00f3n 1 --> <\/p>\n<div style='width: 100%; padding: 20px; color: inherit;'>\n<h2 style='color: #f5b700; border-left: 6px solid #f5b700; padding-left: 10px; margin-top: 20px; color: inherit;'>Siempre Conectado<\/h2>\n<div style='display: flex; flex-wrap: wrap; align-items: center; gap: 20px; margin-bottom: 30px; margin-top: 20px;'>\n<div style='flex: 1 1 300px; min-width: 300px;'>\n<h3 style='margin: 0 0 10px; color: #f5b700; color: inherit;'>Conectividad USB C\/A o Jack de 3&comma;5 mm<\/h3>\n<p style='text-align: justify; color: inherit;'>Con\u00e9ctese con su PC mediante <strong style='color: inherit;'>USB C\/A<\/strong> o utilice la toma de <strong style='color: inherit;'>3&comma;5 mm<\/strong> para conectarse con su dispositivo personal (smartphone o tableta) para trabajar o escuchar m\u00fasica en cualquier lugar.<\/p>\n<p style='text-align: justify; color: inherit;'>El controlador en el cable cuenta con botones grandes e indicadores LED para gestionar llamadas y m\u00fasica: responder\/finalizar&comma; controlar volumen o silenciar el micr\u00f3fono f\u00e1cilmente.<\/p>\n<\/p><\/div>\n<div style='flex: 1 1 300px; min-width: 300px; text-align: center;'> <img style='width: 100%; height: auto; border: 1px solid rgba(150&comma;150&comma;150&comma;0.3); border-radius: 8px;' src='https:\/\/ftp3.syscom.mx\/usuarios\/fotos\/EVOLVE30IIDUOUC\/249414-jabra_evolve_30_ii_duo_angled_cord_usb-c-a_medium_3840px_rgb_72dpi.jpg' alt=''> <\/div>\n<\/p><\/div>\n<p> <!-- Separador --> <\/p>\n<hr style='border: 0; border-top: 1px solid rgba(150&comma; 150&comma; 150&comma; 0.3); margin: 30px 0;'> <!-- Secci\u00f3n 2 --> <\/p>\n<h2 style='color: #f5b700; border-left: 6px solid #f5b700; padding-left: 10px; margin-top: 40px; color: inherit;'>Mejore su Productividad<\/h2>\n<div style='display: flex; flex-wrap: wrap; align-items: center; gap: 20px; margin-top: 20px;'>\n<div style='flex: 1 1 300px; min-width: 300px; text-align: center;'> <img style='width: 100%; height: auto; border: 1px solid rgba(150&comma;150&comma;150&comma;0.3); border-radius: 8px;' src='https:\/\/ftp3.syscom.mx\/usuarios\/lcuevas\/Evolve30\/Evolve30UC\/Evolve%2020_30_office_RGB_300dpi.jpg' alt=''> <\/div>\n<div style='flex: 1 1 300px; min-width: 300px;'>\n<h3 style='color: #f5b700; margin-top: 0; color: inherit;'>Micr\u00f3fono con Cancelaci\u00f3n de Ruido<\/h3>\n<p style='text-align: justify; color: inherit;'>Cancelaci\u00f3n de ruido de \u00faltima generaci\u00f3n que elimina el ruido de fondo. Su interlocutor no tendr\u00e1 que esforzarse para escuchar lo que dice&comma; incluso en entornos ruidosos.<\/p>\n<h3 style='color: #f5b700; color: inherit;'>Configuraci\u00f3n Plug and Play<\/h3>\n<p style='text-align: justify; color: inherit;'>Funciona inmediatamente con los principales sistemas. Para realizar la instalaci\u00f3n basta con enchufarlo&comma; sin complicaciones adicionales.<\/p>\n<\/p><\/div>\n<\/p><\/div>\n<p> <!-- Secci\u00f3n 3 --> <\/p>\n<h2 style='color: #f5b700; border-left: 6px solid #f5b700; padding-left: 10px; margin-top: 40px; color: inherit;'>Compatibilidad Empresarial<\/h2>\n<div style='display: flex; flex-wrap: wrap; gap: 20px; margin-top: 15px;'>\n<div style='flex: 1 1 450px; min-width: 300px;'>\n<div style='background: #fff9e6; border: 1px solid #ffe08a; border-radius: 8px; padding: 20px; color: inherit;'>\n<h3 style='color: #f5b700; margin-top: 0; color: inherit;'>Certificaci\u00f3n y Futuro<\/h3>\n<p style='font-size: 14px; line-height: 1.6; color: inherit;'>Nuestros auriculares funcionan con m\u00e1s de 10&comma;000 tel\u00e9fonos de sobremesa tradicionales. Son compatibles con todos los softphones y clientes web&comma; desde <strong style='color: inherit;'>Microsoft Teams<\/strong> hasta Mitel.<\/p>\n<ul style='font-size: 14px; padding-left: 20px; color: inherit;'>\n<li style='color: inherit;'>Optimizado para plataformas UC.<\/li>\n<li style='color: inherit;'>Calidad de audio certificada.<\/li>\n<li style='color: inherit;'>Menos problemas de gesti\u00f3n para TI.<\/li>\n<\/ul><\/div>\n<\/p><\/div>\n<div style='flex: 1 1 450px; min-width: 300px;'>\n<div style='position: relative; padding-bottom: 56.25%; height: 0; overflow: hidden; margin-bottom: 30px;'> <video style='position: absolute; top: 0; left: 0; width: 100%; height: 100%; border: 1px solid rgba(150&comma;150&comma;150&comma;0.3); border-radius: 8px;' src='https:\/\/ftp3.syscom.mx\/usuarios\/lcuevas\/Evolve30\/Evolve30UC\/Jabra%20Evolve%2030.mp4' autoplay loop muted controls><\/video> <\/div>\n<\/p><\/div>\n<\/p><\/div>\n<p> <!-- Banner final --> <\/p>\n<div style='background: #f5b700; padding: 20px; color: #000; text-align: center; margin-top: 40px; border-radius: 4px;'>\n<p style='margin: 0; font-weight: bold; color: inherit;'>Jabra Evolve 30: El equilibrio perfecto entre versatilidad&comma; confort y rendimiento profesional.<\/p>\n<\/p><\/div>\n<\/p><\/div>\n<\/p><\/div>\n","protected":false},"excerpt":{"rendered":"<p>Jabra Evolve 30 II Duo con conexi\u00f3n USB C\/A y 3.5mm, micr\u00f3fono con cancelaci\u00f3n de ruido y controlador en el cable con botones e indicadores LED (5399-823-369)<\/p>\n","protected":false},"featured_media":84739,"comment_status":"open","ping_status":"closed","template":"","meta":[],"product_brand":[],"product_cat":[2040],"product_tag":[93,2052,2004],"class_list":{"0":"post-84740","1":"product","2":"type-product","3":"status-publish","4":"has-post-thumbnail","6":"product_cat-accesorios-voip-telefonia-ip-videoconferencia","7":"product_tag-accesorios","8":"product_tag-jabra","9":"product_tag-voip-telefonia-ip-videoconferencia","11":"first","12":"outofstock","13":"sale","14":"shipping-taxable","15":"purchasable","16":"product-type-simple"},"_links":{"self":[{"href":"https:\/\/soydeaqui.ddns.net\/pachuca\/index.php\/wp-json\/wp\/v2\/product\/84740","targetHints":{"allow":["GET"]}}],"collection":[{"href":"https:\/\/soydeaqui.ddns.net\/pachuca\/index.php\/wp-json\/wp\/v2\/product"}],"about":[{"href":"https:\/\/soydeaqui.ddns.net\/pachuca\/index.php\/wp-json\/wp\/v2\/types\/product"}],"replies":[{"embeddable":true,"href":"https:\/\/soydeaqui.ddns.net\/pachuca\/index.php\/wp-json\/wp\/v2\/comments?post=84740"}],"wp:featuredmedia":[{"embeddable":true,"href":"https:\/\/soydeaqui.ddns.net\/pachuca\/index.php\/wp-json\/wp\/v2\/media\/84739"}],"wp:attachment":[{"href":"https:\/\/soydeaqui.ddns.net\/pachuca\/index.php\/wp-json\/wp\/v2\/media?parent=84740"}],"wp:term":[{"taxonomy":"product_brand","embeddable":true,"href":"https:\/\/soydeaqui.ddns.net\/pachuca\/index.php\/wp-json\/wp\/v2\/product_brand?post=84740"},{"taxonomy":"product_cat","embeddable":true,"href":"https:\/\/soydeaqui.ddns.net\/pachuca\/index.php\/wp-json\/wp\/v2\/product_cat?post=84740"},{"taxonomy":"product_tag","embeddable":true,"href":"https:\/\/soydeaqui.ddns.net\/pachuca\/index.php\/wp-json\/wp\/v2\/product_tag?post=84740"}],"curies":[{"name":"wp","href":"https:\/\/api.w.org\/{rel}","templated":true}]}}