{"id":84693,"date":"2026-03-19T21:03:32","date_gmt":"2026-03-19T21:03:32","guid":{"rendered":"https:\/\/soydeaqui.ddns.net\/pachuca\/index.php\/producto\/pack-promocional-q1-tres-unidades-del-modelo-rg-es209gc-p\/"},"modified":"2026-03-19T21:03:33","modified_gmt":"2026-03-19T21:03:33","slug":"pack-promocional-q1-tres-unidades-del-modelo-rg-es209gc-p","status":"publish","type":"product","link":"https:\/\/soydeaqui.ddns.net\/pachuca\/index.php\/producto\/pack-promocional-q1-tres-unidades-del-modelo-rg-es209gc-p\/","title":{"rendered":"Pack Promocional Q1, tres unidades del modelo RG-ES209GC-P"},"content":{"rendered":"<div style='width: 100%; max-width: 1200px; margin: 0 auto; font-family: sans-serif; line-height: 1.6; color: inherit; background-color: transparent;'>\n<div style='width: 100%; max-width: 1200px; margin: 0 auto; font-family: sans-serif; line-height: 1.6; color: inherit; background-color: transparent;'>\n<div style='display: flex; flex-wrap: wrap; gap: 30px; margin-bottom: 30px;'>\n<div style='flex: 1 1 300px; min-width: 280px;'>\n<h3 style='font-size: 22px; border-bottom: 2px solid currentColor; padding-bottom: 5px; margin-top: 0; color: inherit; opacity: 0.8;'>Especificaciones<\/h3>\n<ul style='padding-left: 20px; font-size: 15px; color: inherit;'>\n<li style='margin-bottom: 5px;'><strong>Puertos:<\/strong> 9 Puertos 10\/100\/1000 Base-T y 8 puertos PoE+<\/li>\n<li style='margin-bottom: 5px;'><strong>PoE:<\/strong> 120 W&comma; IEEE 802.3at \/ IEEE 802.3af<\/li>\n<li style='margin-bottom: 5px;'><strong>Capacidad de conmutaci\u00f3n:<\/strong> 18 Gbps<\/li>\n<li style='margin-bottom: 5px;'><strong>Velocidad de reenv\u00edo:<\/strong> 13.39 Mpps<\/li>\n<li style='margin-bottom: 5px;'><strong>Tabla de direcciones MAC:<\/strong> 4000<\/li>\n<li style='margin-bottom: 5px;'><strong>M\u00e1ximo n\u00famero de VLAN:<\/strong> 16<\/li>\n<li style='margin-bottom: 5px;'><strong>Ventilador:<\/strong> Sin ventilador<\/li>\n<li style='margin-bottom: 5px;'><strong>Sobrecarga en el puerto:<\/strong> 4 kV<\/li>\n<li style='margin-bottom: 5px;'><strong>Dimensiones:<\/strong> 202 mm x 108 mm x 28 mm<\/li>\n<li style='margin-bottom: 5px;'><strong>Peso (con empaque):<\/strong> 1.3 kg<\/li>\n<li style='margin-bottom: 5px;'><strong>MTBF:<\/strong> > 200&comma;000<\/li>\n<li style='margin-bottom: 5px;'><strong>Garant\u00eda:<\/strong> 3 a\u00f1os<\/li>\n<\/ul><\/div>\n<\/p><\/div>\n<div style='display: flex; flex-wrap: wrap; gap: 30px; margin-bottom: 30px;'>\n<div style='flex: 1 1 300px; min-width: 280px;'>\n<h3 style='font-size: 22px; border-bottom: 2px solid currentColor; padding-bottom: 5px; margin-top: 0; color: inherit; opacity: 0.8;'>Caracter\u00edsticas Destacadas<\/h3>\n<ul style='padding-left: 20px; font-size: 15px; color: inherit;'>\n<li style='margin-bottom: 5px;'><strong>Acceso Gigabit:<\/strong> Switch perfecto para satisfacer las necesidades de conectividad en PYMES.<\/li>\n<li style='margin-bottom: 5px;'><strong>Reconocimiento Autom\u00e1tico:<\/strong> Detecci\u00f3n y configuraci\u00f3n sencilla de c\u00e1maras IP y NVR.<\/li>\n<li style='margin-bottom: 5px;'><strong>Luz de Tr\u00e1fico para CCTV:<\/strong> Modo de extensi\u00f3n exclusivo con transmisi\u00f3n extendida de hasta 250 metros.<\/li>\n<li style='margin-bottom: 5px;'><strong>Prevenci\u00f3n de Bucles:<\/strong> Gesti\u00f3n autom\u00e1tica para mantener el servicio continuo sin interrupciones.<\/li>\n<li style='margin-bottom: 5px;'><strong>Gesti\u00f3n en la Nube de Ruijie:<\/strong> Administra tu switch desde cualquier lugar y en cualquier momento&comma; sin coste adicional.<\/li>\n<\/ul><\/div>\n<\/p><\/div>\n<div style='display: flex; flex-wrap: wrap; gap: 30px; margin-bottom: 30px;'>\n<div style='flex: 1 1 300px; min-width: 280px;'>\n<h3 style='font-size: 22px; border-bottom: 2px solid currentColor; padding-bottom: 5px; margin-top: 0; color: inherit; opacity: 0.8;'>Especificaciones T\u00e9cnicas<\/h3>\n<ul style='padding-left: 20px; font-size: 15px; color: inherit;'>\n<li style='margin-bottom: 5px;'><strong>Compatibilidad PoE:<\/strong> Soporte para dispositivos 802.3at y 802.3af&comma; ideal para variedad de aplicaciones.<\/li>\n<li style='margin-bottom: 5px;'><strong>Administraci\u00f3n en la Nube:<\/strong> Gesti\u00f3n centralizada y eficiente con acceso a funciones avanzadas.<\/li>\n<li style='margin-bottom: 5px;'><strong>Adaptaci\u00f3n Inteligente de PoE:<\/strong> Ajuste autom\u00e1tico de alimentaci\u00f3n para dispositivos PoE para maximizar la eficiencia.<\/li>\n<\/ul><\/div>\n<\/p><\/div>\n<div style='display: flex; flex-wrap: wrap; gap: 30px; margin-bottom: 30px;'>\n<div style='flex: 1 1 300px; min-width: 280px;'>\n<h3 style='font-size: 22px; border-bottom: 2px solid currentColor; padding-bottom: 5px; margin-top: 0; color: inherit; opacity: 0.8;'>Rendimiento Excepcional<\/h3>\n<ul style='padding-left: 20px; font-size: 15px; color: inherit;'>\n<li style='margin-bottom: 5px;'><strong>Capacidad de Switch:<\/strong> De 18 Gbps para un rendimiento adaptable y escalable.<\/li>\n<li style='margin-bottom: 5px;'><strong>Rendimiento de Reenv\u00edo:<\/strong> Desde 13.39 Mpps para un tr\u00e1fico de red fluido y eficiente.<\/li>\n<li style='margin-bottom: 5px;'><strong>Puertos PoE\/PoE+:<\/strong> Con 8 puertos disponibles y presupuesto PoE de hasta 120W IEEE 802.3at \/ IEEE 802.3af.<\/li>\n<\/ul><\/div>\n<\/p><\/div>\n<div style='display: flex; flex-wrap: wrap; gap: 30px; margin-bottom: 30px;'>\n<div style='flex: 1 1 300px; min-width: 280px;'>\n<h3 style='font-size: 22px; border-bottom: 2px solid currentColor; padding-bottom: 5px; margin-top: 0; color: inherit; opacity: 0.8;'>Gesti\u00f3n y Soporte Avanzados<\/h3>\n<ul style='padding-left: 20px; font-size: 15px; color: inherit;'>\n<li style='margin-bottom: 5px;'><strong>Provisionamiento SIN:<\/strong> Configuraci\u00f3n sin intervenci\u00f3n manual gracias a la nube.<\/li>\n<li style='margin-bottom: 5px;'><strong>VLANs Configurables desde el M\u00f3vil:<\/strong> Aproveche la app Ruijie Cloud para configurar el taggeo f\u00e1cilmente de las VLANs.<\/li>\n<li style='margin-bottom: 5px;'><strong>Supervisi\u00f3n en Tiempo Real:<\/strong> Estad\u00edsticas y monitoreo al alcance de tu mano&comma; en cualquier momento y lugar.<\/li>\n<\/ul><\/div>\n<\/p><\/div>\n<div style='display: flex; flex-wrap: wrap; gap: 30px; margin-bottom: 30px;'>\n<div style='flex: 1 1 300px; min-width: 280px;'>\n<h3 style='font-size: 22px; border-bottom: 2px solid currentColor; padding-bottom: 5px; margin-top: 0; color: inherit; opacity: 0.8;'>Fiabilidad y Garant\u00eda<\/h3>\n<ul style='padding-left: 20px; font-size: 15px; color: inherit;'>\n<li style='margin-bottom: 5px;'><strong>Dise\u00f1o Compacto:<\/strong> Ideal para cualquier espacio de trabajo con construcci\u00f3n robusta.<\/li>\n<li style='margin-bottom: 5px;'><strong>Alta Fiabilidad:<\/strong> MTBF de m\u00e1s de 20000 horas garantizando durabilidad.<\/li>\n<li style='margin-bottom: 5px;'><strong>Cobertura de Garant\u00eda:<\/strong> para su tranquilidad y protecci\u00f3n.<\/li>\n<\/ul><\/div>\n<\/p><\/div>\n<div style='display: flex; flex-wrap: wrap; gap: 30px; margin-bottom: 30px;'>\n<div style='flex: 1 1 300px; min-width: 280px;'>\n<h3 style='font-size: 22px; border-bottom: 2px solid currentColor; padding-bottom: 5px; margin-top: 0; color: inherit; opacity: 0.8;'>Contenido del Paquete<\/h3>\n<ul style='padding-left: 20px; font-size: 15px; color: inherit;'>\n<li style='margin-bottom: 5px;'>1pz Switch RGES209GCP<\/li>\n<li style='margin-bottom: 5px;'>Gu\u00eda r\u00e1pida de instalaci\u00f3n<\/li>\n<li style='margin-bottom: 5px;'>Cable de energ\u00eda AC<\/li>\n<\/ul><\/div>\n<\/p><\/div>\n<div style='display: flex; flex-wrap: wrap; gap: 30px; margin-bottom: 30px;'>\n<div style='flex: 1 1 300px; min-width: 280px;'>\n<h3 style='font-size: 22px; border-bottom: 2px solid currentColor; padding-bottom: 5px; margin-top: 0; color: inherit; opacity: 0.8;'>Descripci\u00f3n General<\/h3>\n<p style='font-size: 15px; color: inherit;'>La serie RG-ES200 es una soluci\u00f3n inteligente&comma; eficiente y confiable para gestionar redes de vigilancia y asegurar operaciones continuas con facilidad de manejo a trav\u00e9s de la nube y soporte PoE&comma; lo que los hace atractivos para empresas que buscan un rendimiento superior y una f\u00e1cil administraci\u00f3n de sus sistemas CCTV.<\/p>\n<\/p><\/div>\n<\/p><\/div>\n<\/p><\/div>\n","protected":false},"excerpt":{"rendered":"<p>Pack Promocional Q1, tres unidades del modelo RG-ES209GC-P<\/p>\n","protected":false},"featured_media":84692,"comment_status":"open","ping_status":"closed","template":"","meta":[],"product_brand":[],"product_cat":[1986],"product_tag":[664,2123,1987],"class_list":{"0":"post-84693","1":"product","2":"type-product","3":"status-publish","4":"has-post-thumbnail","6":"product_cat-switches-poe","7":"product_tag-networking","8":"product_tag-ruijie","9":"product_tag-switches-poe","11":"first","12":"instock","13":"sale","14":"shipping-taxable","15":"purchasable","16":"product-type-simple"},"_links":{"self":[{"href":"https:\/\/soydeaqui.ddns.net\/pachuca\/index.php\/wp-json\/wp\/v2\/product\/84693","targetHints":{"allow":["GET"]}}],"collection":[{"href":"https:\/\/soydeaqui.ddns.net\/pachuca\/index.php\/wp-json\/wp\/v2\/product"}],"about":[{"href":"https:\/\/soydeaqui.ddns.net\/pachuca\/index.php\/wp-json\/wp\/v2\/types\/product"}],"replies":[{"embeddable":true,"href":"https:\/\/soydeaqui.ddns.net\/pachuca\/index.php\/wp-json\/wp\/v2\/comments?post=84693"}],"wp:featuredmedia":[{"embeddable":true,"href":"https:\/\/soydeaqui.ddns.net\/pachuca\/index.php\/wp-json\/wp\/v2\/media\/84692"}],"wp:attachment":[{"href":"https:\/\/soydeaqui.ddns.net\/pachuca\/index.php\/wp-json\/wp\/v2\/media?parent=84693"}],"wp:term":[{"taxonomy":"product_brand","embeddable":true,"href":"https:\/\/soydeaqui.ddns.net\/pachuca\/index.php\/wp-json\/wp\/v2\/product_brand?post=84693"},{"taxonomy":"product_cat","embeddable":true,"href":"https:\/\/soydeaqui.ddns.net\/pachuca\/index.php\/wp-json\/wp\/v2\/product_cat?post=84693"},{"taxonomy":"product_tag","embeddable":true,"href":"https:\/\/soydeaqui.ddns.net\/pachuca\/index.php\/wp-json\/wp\/v2\/product_tag?post=84693"}],"curies":[{"name":"wp","href":"https:\/\/api.w.org\/{rel}","templated":true}]}}