{"id":84681,"date":"2026-03-19T21:03:06","date_gmt":"2026-03-19T21:03:06","guid":{"rendered":"https:\/\/soydeaqui.ddns.net\/pachuca\/index.php\/producto\/pinza-de-9-para-ponchar-crimpar-terminales\/"},"modified":"2026-03-19T21:03:08","modified_gmt":"2026-03-19T21:03:08","slug":"pinza-de-9-para-ponchar-crimpar-terminales","status":"publish","type":"product","link":"https:\/\/soydeaqui.ddns.net\/pachuca\/index.php\/producto\/pinza-de-9-para-ponchar-crimpar-terminales\/","title":{"rendered":"Pinza de 9&#8243; para Ponchar \/ Crimpar terminales"},"content":{"rendered":"<\/p>\n<p style='text-align: center;'><span style='font-family: tahoma&comma; arial&comma; helvetica&comma; sans-serif; font-size: 12pt;'><img class='fr-fic fr-dii' src='data:image\/png;base64&comma;iVBORw0KGgoAAAANSUhEUgAAANcAAABnCAIAAAAc1UCXAAAT7klEQVR4Ae2dd1gbR\/rHBTZuJE7suCUmubSLfYmd\/iTPXS6\/5HJpvzzJJffLpdwjATZgg8GY2MEluLfExnFix7Fjp5zL4TSrAqIITDFgehEguqkSIASoorba2V+khWG1orotQcOzf8xKu7Pzvu9nvzPzzshmYY4\/FpuLDuSBm+wBkj0Mw1iIwpvsevQ46AFEIdJ+5j2AKGQ+BlAS3LaAKEQUMu8BRCHzMXBbCYSGIwoRhcx7AFHIfAygJLhtAVGIKGTeA4hC5mPgthIIDUcUIgqZ9wCikPkYQElw2wKiEFHIvAcQhczHwG0lEBqOKEQUMu8BRCHzMYCS4LYFRCGikHkPIAqZj4HbSiA0HFGIKGTeA4hC5mMAJcFtC4hCRCHzHkAUMh8Dt5VAaDiiEFHIvAcQhczHAEqC2xYQhYhC5j2AKGQ+Bm4rgdBwRCGikHkPIAqZjwGUBLctIAoRhcx7AFHIfAzcVgKh4YhCRCHzHkAUMh8DKAluW0AUIgqZ9wCikPkYuK0EQsMRhYhC5j2AKGQ+BlAS3LaAKEQUMu8BRCHzMXBbCYSG3xAKH94kqZBrcQBGOKw2vENrzqzrjk6sfzU62ztQ6MGZhEB4cLhT\/XhLN0nWxkjP5rQmV3VJarsFJYrdouq\/H8ia5s+flFZDvMZYuDEUbpZUKnTEmP8AQbSrTd9mNL1yIGtOcOwYmz7BL5u2gv\/0jrSdgqpyudaGgyGd0W2wnM5qfuuLnElj9dUFZUJQCCPUY7D8N6d1eVTK1Rkzce6aHxr\/eWJ9Q5cBB0PzB00mCKLHYBGWtL\/4Wabb6uLEopAgCBwQnVrz8\/szJw5S423J8q2p1e264fSPyh+13G2whJwpnerHG+\/jJsH1E45CMjAao\/Wdo7lefvzfnYuf25shbdNQ8Rp7WWfC1v8oneb\/+7P6GsN0QyicvyYu7FzZbkH1cMceYfWBhLrT2S3ZDT1Gi23IOFW1657dnX6N5t3k2x\/alFzcMjSCOCDkGlNJq7a4RdPYY8Rs+JBWG8y2iPPlnr52Rbzn4yR43GRDbvLjbgiFHmzuFF\/eVL8RDv40f753oHBeSNzDn6SczGjqc2ERACKpUnmT3XEtj5u9SjQkghYb\/kuh4sWDWYvDxQtC4xeExt0VLn5mT8bXaY1mbIg3sMdgeePzHJY\/X642kUdbr5E1qXvqG0LheGM5xZf3zle5DV0GV3nwO1U43toYuX6qH28bT0YbC2I2UNyiefGzS8M16aHNEolMabIO6iJmA9Xtun8ezWWt4ENvAABY\/pN5vHhDKPQOFP55T8Yr0VnweHbX6H3rC\/szG1V90PVkobXHOH9N3HBRnDif\/2mzpKxNS208ZgPcQsV96xNHbuRv6njCLop2EOW9puiEugc+TrLfgigc2XGjfvtQZHJmbXen1gyPpIrOUe9isbnvfJVnsjp1UjgAvkzIodcKgc\/6xPsik2cECvtbzuGyODz74fKf93pwuKtOl1idh3rSVs2DHyd5uFzsevu8NXFJlcpL9d3P78ucsVLQfwGi0NVT4\/rkYZesdUFj71hqmBMcKyrtoCoKQRAxOa1THKN1sgYPNnduSOxbR3LP5baVKXRShY5b2u77XdH80DjqZSw297Ck4VRG88mMpk\/FtbcECb0DhAtC4xZvSLorImFucKzXUFNRL3\/+Q5slx9MblXoz2Qy9GbtQpHhyV1pJq6al19jSawz4TwnNFi8\/vrC0ndpsGw7e+TKXdtkIp7eHxE2lJQScKfTw589YKbgjJG7R2viFYfG3rxYNmdPx4HBvDRI+\/+mlI6lXJLWqi\/U932Q0vX44Z67zWsDCtfHrL1QekDQckDT4\/1A8M0AwK0AwLyRuUbh4YWjc7FUimidhy29fHftydPbx9KbMKz0ZDT0nM5teO5yzdLMk\/KfyHbE1G3myJZsl8OKxF25Ij3zVFHr68iLOS8nuCQY1p657cbiYNMnLn\/\/G4Zz0GhXmvBoBCKK0VcM5VUh1X6e2n6QOjdnvu6If89ra1CYzhuvNWEmbdqeg6r4NTt3lzABBxHlpu8YEHw0LJgyHY76Pfiyn+dc7SNSlt8CLCYLIrOumtoR2\/ZhOnSl84WDWibTGyg59b5+1U2fOqu\/ZcqHyXpfu\/vn9mbGlHTRVttrw9BrVP768DF+8ZVtSZAOLW5IKpe+pwjM5rTWdenWftVNrlsiUYefKZq8SUds51Y\/\/v5\/nSGRKi7Pk4wA0dBl0Jsyefu+zvn1kHO8erH9iUchic1+Nzob0kHGt7dA\/ue0ii8315PA+PFHQ1mukxptaVukt4eel0DZYD2YDKr2FtohhwfA4acfs1YO+Dj8vVRut1AqHLLtS+MSONFrlnGsfRVApJIjmHiNtFcZqw7lFCp91CdDeP+\/LqFcaaJdBEzp15oDvi8kcEJVCdZ+1t49udZ\/Fxi1S3BrU7xxPDu+D4wWtw3uefMrkofDRqNQGpdNkuV1tetGxlLJkYzJMCNtw0NjddyT1yiFJQ6VicKECAADXXSCFMBI4ALQgRQmqyCgu2SLB8P65qhnDz+e1\/e1Q9lN70veLa2k650oh+2QhfARBEBgOfD4ahANSMr4ChUJYOa3xBEFs+qWCrHZhWDxspw0H9UpDdHL97vja4hYN7DdqO\/VPbktlsblUCoerHAAicqDypRuTy+X9cy8cB3K16fTl1jOXW1t6jNQlyslD4ZKNyTUdeugagiBUBsur0dksNnfTLxUkRAYz9ll87W0DMjZ9pSA8Rqoa6BP5xe3ejikFlUKl1nyhQL5LVP1dRtMVSkqoXWuetkLg6cuLyW0jH6rus\/p9V0RqBovN9eBwX\/g0s6V7UIBdKdzwo5TaYKXOsjAsfnzMuU5inCnUGrFEaedRSUPM5VbH8nT\/AysVWnsv4cvbwa8igdCZsF2CqlkDk6pZgcID4loyHQsAsTe2xoNDp1Cls\/CLFMdSGn7Nb+ugDEhSZF1zQ+wJiq1cGSn2BrPtYELt3DX9O05mr47dJaiGHcjkoXDZJyl1nU5aqDJYXnNQWNSiJn2fWN55+2qnrTeevry9ohoyDLWd+ie223twSKHBbNvwUzmJ5jR\/\/svRWdSR0x8+TrozXAwF+MuUBtddBatPl0DOXCn86LwThSr99adwl7B6bojdZC9\/\/ptfXFao+wevVgz3XiWcHxonqVSSLTyd1TwrQDjVn788KjXkbOm5nJbiZjUcapfLtZ4cHlULNUar78kCktrpKwX\/+OKyeqCDLmvTLnXMNmTt\/Tuk4so6aJ738uMfkTSQIj15KPyf\/ZltvU7zg3aN6W+fXpoWJIJrfUOmsl\/Yn0lOLFQGy5tfXqZSKO81LqaMnzw43HzKOtuyranP7EgjNcCGg5eis1xlbOYqEQykK4XvnyiAjDo2ZIA\/bHDk\/FwVbuyfOGvhLZS3ztOPl17dRT4RB2BRuPjhLSlSR7bSaLUdSKj7NKGuVmkwU2ZUsHkmKz5rdSyVwuRK5TyH4JFWewcKEyv6ga7u0D++LfWW1SJ8YC743tf5rs555WCWymCfnE0eCv2\/LdKbnVKG9UrD09sv3r4mDs5SXz+U4+qLZ3amXXEkvTVG7N1jeVQKW7uNd1AczWJzLzb0wMA8uu0ipBDDwYsHh6IwSARXOFwpXBaVShuxBZ+hZ3NcGzzKJxQKXddOkgZAwQFYHJHw+NbUaudhDLSOfCt6+6wyhU4s7djOl80IEFApFBW3z6EgPitACJNlDgov+kQkwNH0c\/uG2Ov0l93pLT32EcskoXDGSsHRlH55h37Mbei5JyJhqj+\/2\/HCEQSxjStzDeFbX1zWGO35gg6t+RWHnsEeubXbOM95AYZG4d0fJTQPLNvsFtW4Vv7e8XzImSuFMwOFcspwiiCIkhb1tBXXtjWGQiFBECzn7GYyhUKfiMQHI5MKm\/qHK9BvAAC5xiQq7djOq\/rn0dxHtkhmBvSnxJ0oLBmFwpkBQtgPhJ4rc3XO20dytZMpU3N3REJtp9PUhCCIXwvkZKIrvryTdLFMoaWlyrz8+NwiBTmClrZp\/7gx2UkLXZYBaRR6+vISKvor1xgxclgJ3X3v+sSm7sGlRVcKp\/rxfsrvn9yQLcQBsfL7IljD1RRGpFDiTOGsQCG\/SAH5a9eaT11qfv2LnDvXim8NEs4Pje9fFRwYD4yLQhabm3ull6y8qEm9wHni5eXHvzDg+cmghZ6+vJ2iauhKsgAAWHOmlIwi+5tCo2N9DwdALO14dmfanWvj7wyLf2SL5Ex2C+w1jl+8QmaMB7VwNApZbO5LB7Pgvp7ePmvYubLln6Qs3ZT87ld5JS0aajrQlUIPDpdzqhB22WTL6zv1T2y76DrRoRHpwebeHZEQW9bx4YmCOcGxgyt+I1M4MBfBAfCJsOfe\/b8tglOulKqup7ZfvGuteFFY\/PJPUn641NylM792MAvu16RSGDuaFrLY3LCzpWTlGA7O57U9FpU6f03c\/DVxSzYlf5\/ZBD3\/u6fQk8N7\/3i+3mzvUql\/3XqLz7r+hZOFofG8IgVMUCm15vTqrrSqLupspqpdB9\/7cVH428+U9sXWQJJwAJR6S5vGBJNtsFWuFLLY3Ps\/TsobEAzyShyAVFnX4458O4086un9G5J+LZBbbcBoscVcbh3cUjlOCm8NEv6Y1wbfFpXecqlGlSLrahlIdyu15tcdqQZavjC2dJQemcXm+qxLSJF1kWMSQBBNqj5xWYe4rKNpYBhDmvz7pnCKL++D4\/nyoVLzURcGh4AeHO7SjclFTf29A8QCFmRy3SNbBtcxx0Uhi829bZXooLiWlFtYp2thSAo9fXnhMVI4fyLvwgFo7DKs+L7Ya8gxIof76qHs0hYN1DAbDuS9pq08+wSCuqdm1HEhifWc4Nif8tugMtFaXtqq+SO5W8c5az0WLfTk8J7akVbnvJpAq\/93MDspaVbPDY69g3aExC4Ijbs\/MulQYp2rCtrH+K0aT5fdnd6BopPpjR1qk9Fis+HAhgOTFVfpLNxC+QPO+ZHWXqMFwy0Y3qA03OE8O0mq6ya\/smD4sq325QTymOLLe\/dYXnGzWqkza42YzoSp9Jaqdt1mnszi2HxFEESEyzoyee+0lYLUqn7BoEYIB6CgWR10puTBzRKfdWKfcPG9kUnvnyiQyLpo1JJ3KbXm5\/aks1bwSeswHGA4oM1OEqSdNsfnFgxfNLDIzmJzZweJtvGqmlV9WhNmxnCLzb5oLu81Hk1psJM9YOYjWyTlbfZfBmI4EBQpnOfIAkFxO\/noSoXuMcdaC3njorViXrFCpTdbMHuHBABhseE9Bktdp97g2KQ80bVQa8LSalTpzkdGTXdRi4ZcCKeGjSzLe41vHB4iI8Ni23\/h+9jW1ODTJXuE1XtF1eH\/Lfvr3ozpLnqz5mxp5M8VkT9XBJ8uHdwx5YjEBycLyK8if66YF0rfvzh9peDpnWn\/+irv38cL\/rovc05I7JtHcuFIYMX3xTCctMKd4eL0ahWcTdOMIn+CrdCYRpBbld7i\/10Ri8P9bXP1Ln7VLn7VTl7VDp6MRdlVxGJzfU8Wkt9u58q8gwb2npGQcbj3bUh671j++vPSjT9XsE8WLN0smeL8Mi8IjQs7W2qvnF\/14df5VOd4+fH\/fbyArDzsbOmitU6LQNNX8J\/fl7nxp4rDSfWHk+o3\/VLx8oGsfx3PJ1eiewyWtx2ZWppbRj29SbsZaPEY9dRsxdfFSGesGHx9h7Xk+v2W3suf\/9zejEe3pnpS0iILw8XrYqTNjnwYQRAAgGVRg9rp2qrlUSmZNcOCOLLhnVoz+1QhXDx0rZzZT+ZQ+hNPPx5J9oMbk2EPoFCbXhp+Y\/kIjZ9wFAKC6DPb1sYMkZcawYzr8tVd4eLiVg0AQG20VrTrcpvUTd32Ph2iAwgiWTb6T2F8IhIu1XZbbXCqACsYtgAAIe81vn0012OoXbTXxbprrGThWnFjlyG\/SX0osS7sXFngD8VbuTJxhRKjmJlT33N1C+gTi0KjxZZUoXztkH3vws0\/PvimYMiBGsmODQeXG3rIddVR2zYjQBD5c0Vxi3pUFnEAWnuMP1xqemTLxP23ADw4vOAzJTCTNeTL1KW3\/J9jyWpU57heMCEoBATRpTP\/ki9\/71je4nDxqDk2VzOuyyfvn8jPquvus2Cu08wOjf0XIX\/aLPEcs1b9lspesjF59X9Kkis6yaUFWvBsOF4u1+6LrXlubwZc1bguhlz3SrwDhV+lNAz361UbDrLre16NzqaNPsfejBtC4bw1ccHnyrYJqkY9oriy4NMlT+9KmxkgHHuAx27euK70cGyknRUk\/MvezODTpVH8qm3CqrCzpc\/sSvfyu\/p\/1siTw7vNsVF+y6+VhyUNxy427hTVsE8W3LM+cYovj6lXblyeIbcYPxCZtC5G+muRokFlMFttJqututPwQ1bLywezXKeG46r\/hlA4rhagi5EHEIUMDEARdjQPIAoRhcx7AFHIfAxowuCGp4hCRCHzHkAUMh8DNxQ\/msmIQkQh8x5AFDIfA5owuOEpohBRyLwHEIXMx8ANxY9mMqIQUci8BxCFzMeAJgxueIooRBQy7wFEIfMxcEPxo5mMKEQUMu8BRCHzMaAJgxueIgoRhcx7AFHIfAzcUPxoJiMKEYXMewBRyHwMaMLghqeIQkQh8x5AFDIfAzcUP5rJiEJEIfMeQBQyHwOaMLjhKaIQUci8BxCFzMfADcWPZjKiEFHIvAcQhczHgCYMbniKKEQUMu8BRCHzMXBD8aOZjChEFDLvAUQh8zGgCYMbniIKEYXMewBRyHwM3FD8aCYjChGFzHsAUvj\/h+E3fXQU5i0AAAAASUVORK5CYII=' alt=''><\/span><\/p>\n<p style='text-align: center;'>\n<p style='text-align: justify;'><span style='font-family: helvetica&comma; arial&comma; sans-serif;'>Las Pinzas de crimpado con trinquete de 9 pulgadas <strong>D156604 <\/strong>est\u00e1n dise\u00f1ados para ofrecer m\u00e1xima precisi\u00f3n&comma; resistencia y comodidad en trabajos el\u00e9ctricos y de cableado. Su sistema de trinquete garantiza un crimpado firme y uniforme con el m\u00ednimo esfuerzo.<\/span><\/p>\n<\/p>\n<div class='row'>\n<div class='col-sm-12'>\n<div style='border-left: 5px solid #E42327; border-radius: 5px; padding: 5px; box-shadow: 2px 2px 10px #d8d8d8; -webkit-box-shadow: 2px 2px 10px #d8d8d8;'>\n<p><span style='color: #2880b9; font-family: helvetica&comma; arial&comma; sans-serif; font-size: 16px; font-weight: bold; background-color: #ffffff;'>Caracter\u00edsiticas:<\/span><\/p>\n<ul>\n<li><span style='font-family: helvetica&comma; arial&comma; sans-serif;'>El cuerpo forjado en acero con alto contenido en carbono y tratamiento t\u00e9rmico general.<\/span><\/li>\n<li><span style='font-family: helvetica&comma; arial&comma; sans-serif;'>La superficie tratada con oxidaci\u00f3n y ennegrecimiento.<\/span><\/li>\n<li><span style='font-family: helvetica&comma; arial&comma; sans-serif;'>Las mordazas est\u00e1n fabricadas en aleaci\u00f3n de hierro y n\u00edquel para un crimpado preciso.<\/span><\/li>\n<li><span style='font-family: helvetica&comma; arial&comma; sans-serif;'>Mango antideslizante de PVC&comma; c\u00f3modo de sujetar y f\u00e1cil de presionar.<\/span><\/li>\n<li style='box-sizing: border-box; max-width: 100%; margin-bottom: 7px;'><span style='box-sizing: border-box; max-width: 100%; font-size: 12pt; font-family: helvetica&comma; arial&comma; sans-serif;'>Util ponchado de terminales met\u00e1licas de uso el\u00e9ctrico para cables solares calibre 10-14 AWG (2.5-6 mm2).<\/span><\/li>\n<\/ul>\n<\/div>\n<\/div>\n<\/div>\n<p style='text-align: center;'>\n<p style='text-align: center;'><img src='data:image\/png;base64&comma;iVBORw0KGgoAAAANSUhEUgAAAQAAAACECAYAAAB\/JPUcAAAAAXNSR0IArs4c6QAAAARnQU1BAACxjwv8YQUAAAAJcEhZcwAADsMAAA7DAcdvqGQAABu6SURBVHhe7Z1\/cBtnmce\/SuQEqUF2rEJMK53l9hBN3UPbG5eO0tZW7EL6h0qcuUuPX4cU4AaH4y6OBsoRd7ByE5dyBcUZriTAHJEODo50IMpVwzTD2ZHTNgvUR1Y93N4JGqmVQlyuSmW3lRPkxPeHd+Xd1Q9rtStpZb2fGc1E764jW+8+z\/s+v95Hs7S0tAQCgdCUrBMPEAiE5oEoAAKhiSEKgEBoYogCIBCaGKIACIQmhigAAqGJIQqAQGhiiAIgEJoYTalEID+dQDy1IB4mVAHKZECbvgUOq1F8iUCoGiUVgMNHYyqaEg8TqozNZIDbbsYgtQUWo158mUBQDKIAVI7LboLXaSWKgFAViA9A5QToJLpGJjF8YgbpTFZ8mUCQhaQdwBmPXXCdoBxMYh5Mcg7h\/03hlcuF\/S42kwF+FwXKbBBfIhAqQpICWDrmFFwnVAcmMY\/xyQsI0EnxJbTqtAh7thElQFAEYgKoEMq8vNLHxvqx09YhuDa3sAiH7xyYxLxgnECoBLIDaADGJ2LY\/+SMYKxVp0V8bABt+hbBuFzC0RTCxPFbMyxGHSxGfd3Cv0QBNAh+OoE9gYhgrM9qRFhhv4w3FMXBUFQ8TKgBO20dGKS2wG03iy9VDWICNAhuuxnHXTbB2FQ0BT+dEIwRGpdTkVnsCURgOTBRs3klCqCBcNvN2NffJRjzPkVW67XGK5cXsCcQAXXobNV9PcQEaEAsByYEocLjLpti20axCXB4dzeJOFQRJjHP+l1ex9zCovgyoPD8iiEKgAfnAHPbTarOvBP7A2wmA5hHegX3VIpYAZzx2OvmoGo2\/HQC3qeiBfNA9vV3YfyhbvGwbIgJwOIOMNjuo\/GNn1\/IZd6pFbfdjM52Xe59JDmPeCojuIfQeLjtZsQfHcDh3d1o1WkF145MxuCtgnOWKAB21eOSbt66urwNOzIZw\/hETHSnehikhPkBQeY1wXtC4zI80IWwZxtsJqHpdTAURZCZFYzJhSgAAP\/50uvYqM3\/Kr4cfEm1K6vYJmSSc4L3hMaGMhsQ9tjzlIA7wCj6TOY\/9U1I+w0tuLp4XTyM7LUlfOJ7jHhYFYgdc+TchrVHm74FYY9dYO7NLSxi+MSLgvvkQBQAgH988H3iIQDAtetLeO7ly6o1BfirAynbXpu06VsQ3HuXYOxUZFaxbE2iANjVdKi3ExqN+MoyI6f+R9Ftl1IonQZMUCeU2ZCX\/6HUokQUAMtXB2\/DjZs2iIcBAFcXr+PBJ54XDxMINcPrtAoiA6cis4osSkQBsLTpW\/Cdj79fPAywpsBvfv9mVcIwBEI5tOlb8hy\/SkR+iALgMUh14J5b27GuiC1wMBStemomgVAMsQJQwg9AFICIH3yKwjtaCn8tG7Tr8NfHz4uHCYSaQJkNAjMgHH1dcL0SCj\/pTYzFqMcXP3SreBgA8MfF6\/jtH94mpgChblDm1ty\/i9UOSIEogAJ4nVYYbyjuECSmAKFeUKLEILlmAFEARfj8dgs2FMgOBIBNG7UFTYF4KoPhEzMYPDote2IIhEIoHfot\/IQT4LAa8ccC2YFg6wVmLr2Jj39vRQkEmVlQh84iyMyiTa\/Fdh8Nd0CdWYQEAgdRAEWIpzJYv65wNAAAlpaAH\/7qInR\/9zPcNhrGrmPTGKQ6wDzSC7+LwhmPHQE6qXjxBqE+pDNZhKOpNWf6Nf15APFUBn\/\/4xn8+tU53L\/1RrjtZlAmA24\/GMaluavi2wvSsl6D7LUlnBzqEVTpDR6dBpOYQ\/zRAcH9SlGN+SHnAQgJMrPw00mciiiryDdo12HH7e\/Cf3xOmOa7GkrPT1PvAJjEPG73TuGpF17DxfQV\/PBXF7HdR2Oz5zRm58sTfrBFQzdu2gB3gBF07\/E6rXjl8sKaWzXWOulMFuMTMVgOTGDXsWnFhR9sROmpF16ru6+oaRUAk5jHtn96DgvZa7mx7LWVzVDxfVFhXn\/rj7iSvY7xyZUcbcpsgM1kQLAKDxBBeZjEPNwBBpaRCex\/cibvZB6byYA+q7Hsl\/hQDzXSlCZAIeFXik0btUh8deW8\/uETM2CS84of340qzY\/SW8xGwE8n4KeTBSsqW3VaDFIdGO6\/Ja8Eu1zSmSwcPhqRZP5OUOr3q\/T8NN0OoJrCDzZCwF\/xlQ7bEJQhnsrAG4rCcmACewKRPOHvbNfh8O5uxMcGZPVjLCT84m5P9aSpFEC1hR8Athg2Coo0lKjYIihHOJqCO8Cga2QSB0P5B3DutHXg5FAP4o8OYHigS7YCFwv\/Ex+9Q5EUXqVoGgVQC+EHgPmFxZzTKJ3JIkAnYTGunOhCqA9+OgHq0Fls99F5TVdbdVrs6+9CbKwfwb3CSI4c3AFGIPz7+rvwnWdezaXwtuq0dX82mkIBxFOZmgg\/gNxnhKOpnENQXMVFqA1cZmbb\/qexJxDJs8FtJgOOu2yIjw1g\/KFuRY+CdwcYgaJx2U1IL2QFv4PSn1kJTaEAwtFUTYSfz0\/PX8LBUBTHXTZZThqCdMLRFAaPTqNrZBJHJmN5RTMuuwlnPHYwj\/TCbTfL3uaLKST8lKlVMLavv0sVC0NTKAC33YytHZvEw5LRaIBb36XHl3YUrhbkaNVp8c0z8ap2dCEI4cfut\/vovNh9q06LUacVsbF++F1U1ZTy+EQsT\/jddrOgu3Of1ViVJh+V0BQKAAB++Ok\/Fw9JYv06Dbrf805Mf\/k+PLZrK04O9UDXsr7gOYJzC4t4\/C+2EuGvAfFUpmTsvs9qxHGXDenDD8DrtFZ1y+2nEwJBt5kM8Nx\/CwaPrhwnZzMZEBzqyb2vN02jACizAQ++f4t4uCzWaTTY2rEJz3xhW267OEh14Pdfux8Pf+hWQcLH1o5NOOOx4wsfLL1LIMjDTyfg8NHoGplEgE4W3OafH+lF2GOviSIu1K7t1OfuwiePMwKnn99FKW5yyKFpFAAAfGqb9AdBowHet+UGgfBztOlb8NiurTmv8RMfvQMveh1V2142O+lMtqzY\/Ru+HbJi91IpJPxhjx37fjwjcPrV8ncql4ZWAM\/87jLuefw5vOPzP8uFeLyhKPx0AuFoSpCXXwkaDfDed9+Acw\/fkyf8HJzD57jLhs\/1WcSXCQrAxe43e04XjN33WY2Kxu6lwCTmBX0kW3VahD12jE\/GBH6Iw7u7FQsvKknDKoB7Hz+H3q+fw7mX38C160uIJJfbLB8MRfHpf30hV9SjGQqBOnQWDh+NT\/rLr8\/nhP+XX7q36APFF\/5abDObjXJj92GPvS7CxSTm4fCdE2zxw55tCEZmBem6LrsJwwPCc\/3VQkMqgHsfP4fnXr6Me25txxu+HbitY5PAGXddVN4QSc5jKprCm1fKO0ONCH\/9WC1239muq1rsXgrFhB9s\/QeHzWTA+G51ePwL0XAKgC\/8z35x2S5\/5gvb8N533yC+tSI2aNehw7CRCH+NKTd2H390oCqxeyks5\/fnC7\/FqMPg0edF4\/a6\/q6r0VAKQCz8HG36Fny7SFMPqazXaHBp7irSC4X9B0T4lSOdycJPJ+oeu5cCV9zDV1Ccc8\/howX+ibAn33GsNhpGARQTfrCT8pnvr3hh5bCQvYYtho1w87y6HET4lYEfu98TiBR06tUqdi+FQpV9x102DFIdeXn\/x1021Xn8C9EQCmA14b\/v6+cUbY\/91tVFTInOfyPCL58gM6uq2L0Uigm\/226Gn06oMs23HFSvAFYT\/ru\/9ixmLr2Ja9eLnmsimbevXkP7DS0Yn7wAEOGXBT92v+vYdMHY\/ajTWvPYvVTcIofk4d3dcNvNCEdTghwANaX5loOqFUA5wv\/bP7wt+fiucrj89nIp78f+5TwR\/grgjtcqJ3bvdVpVbSu7A4zAP8GF9eKpjCDNFwCmoilohkIFX1w4Wk19I1R7JFg9hZ9j\/ToNrl1fUq3wV2N+5B45lc5kccc\/TuFi+or40prAZTfB76IKmgRSqeS5kjs\/YlS5A1CD8IPNJ+gwbJQ8Sc2Mb+LCmhX+e25th99FAQVMgu6b3ok+iYK4JxCRna0qF9UpgGoLv8WoL9r9l0\/Leg02atdJOh6csFw4tVa5f+uNALsK802CUacVv\/lKH8IeO5aOOUu+Tg71oLN95RQgRsYOQglWl4Qasprw3\/f1c7KE\/7jLhthYPy597YP42AduFl\/OodEAG7Xr8ZPPLpdtqsVeI9SfIJOf5ut1WgX3lGKQ6lCVv0M1PoByhP+l2bcq9vYXsreCzCwe\/ulL+O0f3s6Nteq0GOrtxD\/s+FO06VugGQrldfxRC9WYH7k2pvjnwa6QjYj47\/jsfZ349+mLufAlV\/UnRaDD0RS2++jc+9hYv6Q8B\/H3K3V+xKhCAdRD+MvF4aPhsBolaflaUY35kfuAiX8eCv1e9UAzFBK8b9VpBWm+zCO9koQXojnbaetAcK+0w0HE36\/U+RFTdxPgL7\/9X6oVfoIyNIoJlWYbgHpDUbgLdHbmJy4t5\/5LE34\/nRAo7PGHbhdcrwd1VQBMYh4\/OX8JAPDPH7lDcE0tws8k5up+dHOjs91H5+Lgwydm4KcTde+XGE9lEGRm4Q1F4fDRsByYwGbPaWz30TgYiuaVH\/OpNM3X+5TQdyBVgVSDuioAvmDd9dVn8K2pOKAi4Y+nMphbWARlahVfIlRAJDmPI5Mx7AlEcOfYWbTtfxoO9hCXIDNbtZAYk5iHn05g+MQMHD4abfufRtfIJHYdm8bBUBRT0VReolIxuEM+peKnE7nPaNVpVWNS1lUBtOlbcvbL4vUl\/O2PfoMPf+t5VQg\/APjpJDrbdRVp+2ZFym5pbmG55uJgKIpdx6ax2XMalgMTcAcYjE\/EKjIdwtEUxidicAcYUIfOQjMUwp1jZ7EnEMGRyRimoqm8GoRyuburLZcHIIV0JitY\/YcHblHF6o96KwAA+My9fyJ4\/9QLr+HFS\/UX\/ngqg\/GJC3BXcI5gM+O2mzHqtApi3VJ45fICAnQS+5+cyZkODh+NIFO6w7KfTkAzFMJ2H439T84gQCdlZekBgHbdSk7DUG8nfvGlewXXy2V8MiZY\/Yf71XM6UN0VwMc\/cDO2GDYKxsQn+pSLUsKfzmQxeHQaFqNeNVu1RsLrtCL+6ADe8O3AyaEejDqtstplT0VT2HVsumSfRf4pPJVgMxmw09aBUacVZzx2fPSum7HIW4T+qucmwf3lks5kMT6xXFQGdvWXEjasNnVXAADw2K7bxEOSUVL4HT4a8VSmKi29m4k2fQsGqQ54nVaEPXakDz+A8yO9OO6ywWU3wWaSZlqVKvmWsq3vsxrhsptweHc3zrDZe8wjvQju7YHXaQWTmMePnr+Yu99lN1UcahvnnW7U2a5T1eoPtSgAt92MO256Z1kpuoWojvCr\/zSXRoQyG+C2m+F3UWAe6cXSMSfOeOwYdVqx09ZR8S6hEK06LfqsRow6rTjusuH8yPLnhT12+F0Uhge68gRb3Nyjz2qsyO4Ha0byY\/beB9VX9ViZxFWBb37kDlzJXhcPr0q1hJ84\/moHl2gV3NuD9OEHEBvrx2GZB2mOOq1IH34AYY8dXqcVbrt51TkVH\/Ett4uPlyf8ne06RZ5TpVGNAnBYjdjX34WN2vJ\/JSL8axOLUV\/zOYinMgUO+pSW5ssnnsoIcgm8D6rTl1S+tNUAr9OK9777BmwoQwkQ4ScoBef0FZ\/yW6nwA8DwiRdz\/+6zGhV5VqvB6pJWQ9r0Lfj+njvRsr50Seln7+tU5Aslwk8Am5+vZAuvcDQlKBdWcyRJVQoArJPoB3vuFA\/n0GiA7z77Kl64KC\/GS4SfAPa4L\/FBn3IrP\/m2f5\/VmOdoVBOqUwBga6aPu2ziYQDA0hKwhCXc\/dizZadviiHCTwArqHw7vdI0Xz7haEpQ8KPm1R9qVQBgQ4OllMCV7HXcNnpGcv44EX4C2HAfP0S309ZRcbiPDz+KICd\/oFaoVgFgFSUAAFcXr2Pw2LR4uChE+BuDdCaLx57+nXhYMZjEfF47b3+J56xc\/HRCYE6offWH2hUAWCVwcqgHupb14ktYWgJ+ceGNgrXbYojwNwbLTTdpnH7x\/8SXFIFr6skhN9zHR43lvquhegUA1idw7uF78J7WjVjPK9AAuwsI0En46YRgnA8R\/sbATyfg8J2TXcRTjHQmC3eAUTTcxyEu91VzR2A+DaEAwEYHXhx1wPlnWwAgL2FoTyBSsHyUCH9jMHxiBnsCEUk5\/VIRh\/uCe+9S5HlIZ7IC219tBT+laBgFADZPILi3ByeHerBBu05QO9CyXoMPf+v5PKcgEX51E09lQB06iyOTsdxYq04rOxVYTKFwn1IOOn7Bj9rKfVejoRQAxyDVgVcfHciVaGrXaZC9toSri9fhfGKlVZM7wBDhVzHhaArUobMCweyzGhEfG1B0vsThPiWbd6ZVXu67Gg2pAMDuBvwuCmc8dtzdtRkAoN+wHs+9fDl3qGOQmSXCr1K8oSi2+2jBln9ff5diDjkOcbjPZTcp2rzTG4oKyn0bwfPPp2EVAIfDasSzX9yGMx57rr78YCiKn\/yaCL8a4XwyfKFs1WlxcqhHUcEEu8MQh\/uUdM7FUxmB6aLWgp9SNLwC4HBYjQh77Dg\/0guX3YT\/\/kovEX6VwSTmQR06K8iUs5kMYB7plZ1+K2Z27qqgc29nu07x3UUjlPuuxppRAByU2QC\/i2qIGGwz4acTuHPsrCB922U3IeyxV2Wu\/u1XKx18WnVaBPfepajwi8t9ld691Io1pwAaiXgqg3A0hXiJs+4aHS72zt+Kg\/XC+10U2vQtSPMacgwenQZ16KygfVYlvHV1xbdwx00GBCOzin7Xbt7f02c1Kr6DqRVEAdSJcDSFrpFJbPfR6BqZhOXARF4Is9Hhsvr4K+XNbe\/Adz\/xfsRTC8sHr4oacpyKzCqeCPTcy5dxkHU6do1MCvoRVNKkpNEKfkpRMwWglodbqRVALhajLncoZZ\/ViFcuL8BfohtNoxFkZtH7DWFWX8t6DS6mr+BvfvBCTtilVHS26Ypv4aWcJcjvR8A1KeE6F7kDDLyhKMLRVNFntpHKfVej6gpg+MQMNEMhbPaczn3J5WjccDQFzVAo7+WoYGvoDUVhOTABzVBIsHWrJxajPncoJfcApRcKP3CNxoeO\/BK7jk3jzSvCrL7stcqOewfrLyjl1B1\/qFuSEihEJDmPAJ3M7Ra4RiUOXl8C8eqvZFShHlRVAXhDUUGYBOyX7PCdK6pdOQql9UqFH3KSstLUEi5O3WgZZMUYn4jh5y\/JK+TpbNflzug\/OdSD2Fj\/qqW6brs5d+w4vxdBpQ1KOF65vJDrSxCOpuD2rxSeraaUGoGqtQdPZ7KwjExgbmERLrtp+RhothJrbmFx1TP9hk\/M4MhkDKNOa8U2ljvAIEAnl4szHuou+Hl+OoF4agEOqxHxVCZ39jy3MoejqZwyatO1wG035bzJ3DWLUQeLUZ+7z2JcDgnFUxnBtt4tqhDj\/kabyYDg3h7J3nA581MMr8z20+KfX43l1mutoMwGOKxGUCaDot56sM8ik5wHk5gHk5wDk5ivyM+w09YhOOorNtYvec7kIv5+pc6PmKopgHA0lfPk8r+owaPTOBWZRR8bty8G99mHd3djeED6yhhPZdA1MgmscoAo9zmtvN7vHC67Ka9LLP\/35iaj0M\/utHUgHH1dMN7K6ynPfQ9gY+Ft+hZQJoOkcJKc+SmG3AdM\/PN8bCYDKLMBlGlF4OsJpxDiqQWEoykwibm8eeTDn+d9\/V2S5kopxN+v1PkRUzUTgG\/n87VkuVsmzkRYLhGlMXh0umTJr5jxiRXTw08noRkKoW3\/03AHmILmx9zCIvb1d2Fff1fOlgzQydxWtI\/9kqcKhJLmFhZz93HZiKcis2jTtWDUaYXLbsrdF2ReA0T2fiQ5j6loCkwFq1IjwO++U6whRz2g2CYl\/M5Fb\/h25BqViOHnFVS6K1UbVVMAch1a3BaNE45TkVnsCUQETkCxg5B7ARAIE3+FD9DJgo5ELkd8\/KHuXEy3s10Hv8sGr8gMEbeoKnaf303B67TC76JySoX7XsKsUPBfpXZEjYwahL1c2tiO1aUEvNEKfkpRNQUglzNsWm9srB8nh3oEK3A5UQQOm8mA2Fg\/0ocfyJWYRlh7kA9\/l8L923KjPjfRpR5i\/n38B4P\/M5S5NffvZkOsoBvlVYi14qzlKKkAKFHzRrHQlEL8s1JxWI2gzIZle5nqEIRbmOSc4N5SDFIdOYHm+xLk7lAIzYnX+b41s\/pjNQUg\/kPFtm8p+CsqP6THxVMtxpXwTDqTXfX\/btOvxHi5hBDxFpp78e\/h\/7+rfQaBUIpWnbYih7SaKakAxKu4lNg8ZTbkYrDDJ2YQZGbhDUVztj3nlWcS89jsOY2ukUmB4258IpYLswWZWQweXTn9txxHIrf9DjKzGJ+IIcjM5to1teq0eX8bQRnW8vc61NspHmp4SoYB05ksNntO5953tusQf3RAcE8pgswsdhU4tpsrAYUoXMiP+RezwaSEX8SnzXDwQ4tcKI3\/2VyoRRyq5H4nLvRS6D7+38MPyxX6HLmoMQwIdt6Dkdk8Z2mjks5k4babVbH6KzE\/fEoqABQQIqkfyCTmMT55IfcwDNo6hLZ4Jgt3IIL0Qhbju7tzq\/vg0WmBnU6ZDBikOiR9djqThZ9OIsjG2wv9H\/xEIG6cn+DDzx\/gcsC5hJ5C9\/GTfwQRgQKfIxe1KgBC9VB6flZVAOMTMex\/cuXEU\/GqSKgfRAE0H0rPT0kfANjVjl9kMcXa5AQCofFZVQG06VswPHCLYKxYNh2h8RE78aSEfgmNx6oKAACG+7sEVVVzC4tw+GiiBNYgckK\/hMajLAXQpm+B3y0sx1wu6yVKYK0htielhH4JjUdZCgDsgyEukOCUANkmri24giawc0x2AWuXshUA2LAWV9nGEUnO486xs\/CGomQ3sEYQ7wL4CVqEtYUkBQAAfheVpwTANuOwjExg+MQM2RE0OOKEFz+dIMp9jbJqHkAx\/HQCwydmih6g0KrTgjK35q0mBOXwn1tpSQ2F8gA4xDkGO20dCO7tEdxDqD1K5wFUrADAeojdgYjgQSHUDyUVAD+lmaPUyUqE2qC0ApBsAvCxGPUIe+w4wx5tTVg7OKxG7BPVvRPzbu0hSwFwONj04NhYPw7v7kaf1Sj7iGZC\/fE6rQXyP84RJbCGkGUClAOJI9cOOVvBYvBPcuZT6WGtBHkobQJUXQEQGp9iZd197Nl5ch5AgjSUVgCKmACEtc0g1YHzI715Zt0U6yh0+Gi23JkkDDUaZAdAKBsmMQ93gCl4yApHZ7sOlhtr2yyjmYi\/nhGEfuXuAIgCIEjGG4pifOJCnl+AUHvkKgBiAhAk43VaER8bwKgoSkBoPMgOgCAb7uDW5f57pdtrEZRF7g6AKAACoYkhJgCB0MQQBUAgNDFEARAITQxRAARCE0MUAIHQxBAFQCA0MUQBEAhNzP8DeXDrdbiv4AIAAAAASUVORK5CYII=' alt='' class='fr-fic fr-dii'><\/p>\n","protected":false},"excerpt":{"rendered":"<p>Pinza de 9&#8243; para Ponchar \/ Crimpar terminales<\/p>\n","protected":false},"featured_media":84680,"comment_status":"open","ping_status":"closed","template":"","meta":[],"product_brand":[],"product_cat":[130],"product_tag":[132,25,131],"class_list":{"0":"post-84681","1":"product","2":"type-product","3":"status-publish","4":"has-post-thumbnail","6":"product_cat-herramientas-electricas","7":"product_tag-dongcheng","8":"product_tag-herramientas","9":"product_tag-herramientas-electricas","11":"first","12":"outofstock","13":"sale","14":"shipping-taxable","15":"purchasable","16":"product-type-simple"},"_links":{"self":[{"href":"https:\/\/soydeaqui.ddns.net\/pachuca\/index.php\/wp-json\/wp\/v2\/product\/84681","targetHints":{"allow":["GET"]}}],"collection":[{"href":"https:\/\/soydeaqui.ddns.net\/pachuca\/index.php\/wp-json\/wp\/v2\/product"}],"about":[{"href":"https:\/\/soydeaqui.ddns.net\/pachuca\/index.php\/wp-json\/wp\/v2\/types\/product"}],"replies":[{"embeddable":true,"href":"https:\/\/soydeaqui.ddns.net\/pachuca\/index.php\/wp-json\/wp\/v2\/comments?post=84681"}],"wp:featuredmedia":[{"embeddable":true,"href":"https:\/\/soydeaqui.ddns.net\/pachuca\/index.php\/wp-json\/wp\/v2\/media\/84680"}],"wp:attachment":[{"href":"https:\/\/soydeaqui.ddns.net\/pachuca\/index.php\/wp-json\/wp\/v2\/media?parent=84681"}],"wp:term":[{"taxonomy":"product_brand","embeddable":true,"href":"https:\/\/soydeaqui.ddns.net\/pachuca\/index.php\/wp-json\/wp\/v2\/product_brand?post=84681"},{"taxonomy":"product_cat","embeddable":true,"href":"https:\/\/soydeaqui.ddns.net\/pachuca\/index.php\/wp-json\/wp\/v2\/product_cat?post=84681"},{"taxonomy":"product_tag","embeddable":true,"href":"https:\/\/soydeaqui.ddns.net\/pachuca\/index.php\/wp-json\/wp\/v2\/product_tag?post=84681"}],"curies":[{"name":"wp","href":"https:\/\/api.w.org\/{rel}","templated":true}]}}