{"id":84500,"date":"2026-03-19T20:55:09","date_gmt":"2026-03-19T20:55:09","guid":{"rendered":"https:\/\/soydeaqui.ddns.net\/pachuca\/index.php\/producto\/router-ekit-wi-fi-7-para-150-clientes-controladora-para-8-aps-2-puertos-wan-2-5-gbps-1-puerto-lan-gigabit-3-puertos-lan-wan-gigabit-gestion-en-la-nube-libre-de-licenciamiento\/"},"modified":"2026-03-19T20:55:20","modified_gmt":"2026-03-19T20:55:20","slug":"router-ekit-wi-fi-7-para-150-clientes-controladora-para-8-aps-2-puertos-wan-2-5-gbps-1-puerto-lan-gigabit-3-puertos-lan-wan-gigabit-gestion-en-la-nube-libre-de-licenciamiento","status":"publish","type":"product","link":"https:\/\/soydeaqui.ddns.net\/pachuca\/index.php\/producto\/router-ekit-wi-fi-7-para-150-clientes-controladora-para-8-aps-2-puertos-wan-2-5-gbps-1-puerto-lan-gigabit-3-puertos-lan-wan-gigabit-gestion-en-la-nube-libre-de-licenciamiento\/","title":{"rendered":"Router eKit Wi-Fi 7 para 150 clientes\/ Controladora para 8 APs \/ 2 Puertos WAN 2.5 Gbps + 1 Puerto LAN Gigabit + 3 Puertos LAN\/WAN Gigabit \/ Gesti\u00f3n en la nube \/ Libre de licenciamiento"},"content":{"rendered":"<div style='width: 100%; max-width: 1200px; margin: 0 auto; font-family: sans-serif; line-height: 1.6; color: inherit; background-color: transparent;'> <!-- Video Section --> <\/p>\n<div style='display: flex; flex-wrap: wrap; gap: 30px; margin-bottom: 30px;'>\n<div style='flex: 1 1 300px; min-width: 280px;'>\n<div style='position: relative; padding-bottom: 56.25%; height: 0; overflow: hidden; margin-bottom: 30px;'> <video style='position: absolute; top: 0; left: 0; width: 100%; height: 100%; border: 1px solid rgba(150&comma;150&comma;150&comma;0.3); border-radius: 8px;' src='https:\/\/ftp3.syscom.mx\/usuarios\/axel\/Huawei\/eKit\/AR180\/HUAWEI%20eKitEngine%20AR180%20Product%20Introduction%20Video.mp4' autoplay muted loop playsinline><\/video> <\/div>\n<\/p><\/div>\n<\/p><\/div>\n<p> <!-- Hero Section with Image and Description --> <\/p>\n<div style='display: flex; flex-wrap: wrap; gap: 30px; margin-bottom: 30px;'>\n<div style='flex: 1 1 300px; min-width: 280px;'> <img style='width: 100%; height: auto; border: 1px solid rgba(150&comma;150&comma;150&comma;0.3); border-radius: 8px;' src='http:\/\/ftp3.syscom.mx\/usuarios\/ftp\/2025\/11\/10\/1971\/Captura_de_pantalla_20251110_a_la_s__10.43.36a.m..png_froala_691216444d529' alt=''> <\/div>\n<div style='flex: 1 1 300px; min-width: 280px;'>\n<h3 style='font-size: 22px; border-bottom: 2px solid currentColor; padding-bottom: 5px; margin-top: 0; color: inherit; opacity: 0.8;'>Router AR180PRO: Router multiservicio de alto rendimiento y clase empresarial para peque\u00f1as y medianas empresas (PYMEs)<\/h3>\n<div style='margin-bottom: 15px; font-size: 14px; color: inherit; opacity: 0.7;'>Modelo: AR180PRO<\/div>\n<p style='font-size: 15px; color: inherit; margin-bottom: 20px;'>El Huawei eKitEngine AR180PRO es un router multiservicio a 2.5G de alto rendimiento dise\u00f1ado para PYMES. Ofrece una configuraci\u00f3n de puertos flexible&comma; funciones avanzadas como VPN y control de aplicaciones. Su dise\u00f1o todo en uno brinda gran versatilidad y costo-efectividad para entornos como oficinas&comma; escuelas&comma; hoteles y comercios.<\/p>\n<\/p><\/div>\n<\/p><\/div>\n<p> <!-- Features Cards --> <\/p>\n<div style='display: flex; flex-wrap: wrap; gap: 20px; margin-bottom: 30px;'>\n<div style='flex: 1 1 250px; border: 1px solid rgba(150&comma; 150&comma; 150&comma; 0.4); border-radius: 8px; overflow: hidden; display: flex; flex-direction: column;'>\n<div style='padding: 15px; border-bottom: 1px solid rgba(150&comma; 150&comma; 150&comma; 0.2); font-weight: bold; font-size: 18px; color: inherit;'>Caracter\u00edsticas principales<\/div>\n<div style='padding: 15px; color: inherit;'>\n<ul style='padding-left: 20px; margin: 0; font-size: 14px; list-style-type: disc;'>\n<li style='margin-bottom: 5px;'>(2) Puerto WAN a 2.5 Gbps<\/li>\n<li style='margin-bottom: 5px;'>(1) Puerto LAN Gigabit<\/li>\n<li style='margin-bottom: 5px;'>(3) Puertos LAN\/WAN Gigabit<\/li>\n<li style='margin-bottom: 5px;'>(1) Bot\u00f3n de reset<\/li>\n<li style='margin-bottom: 5px;'>Para 150 clientes<\/li>\n<li style='margin-bottom: 5px;'>Controladora de 8 Puntos de acceso Huawei Ekit<\/li>\n<li style='margin-bottom: 5px;'>Administraci\u00f3n: Interfaz Web&comma; CLI&comma; Nube SNC&comma; APP<\/li>\n<li style='margin-bottom: 5px;'>(16) T\u00faneles VPN IPsec (Rendimiento 200 Mbps)<\/li>\n<li style='margin-bottom: 5px;'>Rendimiento de 2 Gbps<\/li>\n<li style='margin-bottom: 5px;'>(256) VLANs<\/li>\n<\/ul><\/div>\n<\/p><\/div>\n<div style='flex: 1 1 250px; border: 1px solid rgba(150&comma; 150&comma; 150&comma; 0.4); border-radius: 8px; overflow: hidden; display: flex; flex-direction: column;'>\n<div style='padding: 15px; border-bottom: 1px solid rgba(150&comma; 150&comma; 150&comma; 0.2); font-weight: bold; font-size: 18px; color: inherit;'>Caracter\u00edsticas f\u00edsicas y el\u00e9ctricas<\/div>\n<div style='padding: 15px; color: inherit;'>\n<ul style='padding-left: 20px; margin: 0; font-size: 14px; list-style-type: disc;'>\n<li style='margin-bottom: 5px;'><strong>Dimensiones<\/strong>: 90 mm x 465 mm x 350 mm<\/li>\n<li style='margin-bottom: 5px;'><strong>Peso:<\/strong> 2.16 kg (incluyendo caja)<\/li>\n<li style='margin-bottom: 5px;'><strong>Alimentaci\u00f3n<\/strong>: 100\u2013240 V AC; 50 Hz\/60 Hz (Con fuente incluida)<\/li>\n<li style='margin-bottom: 5px;'><strong>Consumo m\u00e1ximo<\/strong>: 13.5 W<\/li>\n<li style='margin-bottom: 5px;'><strong>Temperatura de operaci\u00f3n:<\/strong> 0\u00b0C a 40\u00b0C<\/li>\n<li style='margin-bottom: 5px;'><strong>Humedad de operaci\u00f3n:<\/strong> 5% to 95%&comma; sin condensaci\u00f3n<\/li>\n<li style='margin-bottom: 5px;'><strong>Carcasa de metal<\/strong><\/li>\n<\/ul><\/div>\n<\/p><\/div>\n<div style='flex: 1 1 250px; border: 1px solid rgba(150&comma; 150&comma; 150&comma; 0.4); border-radius: 8px; overflow: hidden; display: flex; flex-direction: column;'>\n<div style='padding: 15px; border-bottom: 1px solid rgba(150&comma; 150&comma; 150&comma; 0.2); font-weight: bold; font-size: 18px; color: inherit;'>Funciones avanzadas<\/div>\n<div style='padding: 15px; color: inherit;'>\n<ul style='padding-left: 20px; margin: 0; font-size: 14px; list-style-type: disc;'>\n<li style='margin-bottom: 5px;'>Enrutamiento basado en pol\u00edticas (PBR)<\/li>\n<li style='margin-bottom: 5px;'>Address Resolution Protocol (ARP)<\/li>\n<li style='margin-bottom: 5px;'>STP\/RSTP<\/li>\n<li style='margin-bottom: 5px;'>Control de aplicaciones<\/li>\n<li style='margin-bottom: 5px;'>Politicas de control de acceso: (filtrado de paquetes&comma; control de tr\u00e1fico&comma; redireccionamiento&comma; remarcado y recopilaci\u00f3n de estad\u00edsticas de tr\u00e1fico)<\/li>\n<li style='margin-bottom: 5px;'>Puerta de enlace a nivel de aplicaci\u00f3n (ALG) \/ Nat transversal<\/li>\n<li style='margin-bottom: 5px;'>Filtro de paquetes espec\u00edfico de la aplicaci\u00f3n (ASPF)<\/li>\n<li style='margin-bottom: 5px;'>Infraestructura de Clave P\u00fablica (PKI)<\/li>\n<li style='margin-bottom: 5px;'>Defensa del CPU<\/li>\n<\/ul><\/div>\n<\/p><\/div>\n<div style='flex: 1 1 250px; border: 1px solid rgba(150&comma; 150&comma; 150&comma; 0.4); border-radius: 8px; overflow: hidden; display: flex; flex-direction: column;'>\n<div style='padding: 15px; border-bottom: 1px solid rgba(150&comma; 150&comma; 150&comma; 0.2); font-weight: bold; font-size: 18px; color: inherit;'>Contenido del paquete:<\/div>\n<div style='padding: 15px; color: inherit;'>\n<ul style='padding-left: 20px; margin: 0; font-size: 14px; list-style-type: disc;'>\n<li style='margin-bottom: 5px;'>(1) Router AR280<\/li>\n<li style='margin-bottom: 5px;'>(1) Fuente de alimentaci\u00f3n<\/li>\n<li style='margin-bottom: 5px;'>(1) Cable de alimentaci\u00f3n<\/li>\n<\/ul><\/div>\n<\/p><\/div>\n<\/p><\/div>\n<p> <!-- Additional Sections --> <\/p>\n<div style='display: flex; flex-direction: column; gap: 30px; margin-bottom: 30px;'>\n<div style='display: flex; flex-wrap: wrap; gap: 30px; align-items: center;'>\n<div style='flex: 1 1 300px; min-width: 280px;'> <img style='width: 100%; height: auto; border: 1px solid rgba(150&comma;150&comma;150&comma;0.3); border-radius: 8px;' src='http:\/\/ftp3.syscom.mx\/usuarios\/ftp\/2025\/11\/10\/1971\/Captura_de_pantalla_20251110_a_la_s__10.47.36a.m..png_froala_691217366ab50' alt=''> <\/div>\n<div style='flex: 1 1 300px; min-width: 280px;'>\n<h3 style='font-size: 22px; border-bottom: 2px solid currentColor; padding-bottom: 5px; margin-top: 0; color: inherit; opacity: 0.8;'>Router todo en uno<\/h3>\n<p style='font-size: 15px; color: inherit; margin-bottom: 20px;'>Una soluci\u00f3n integral que combina enrutamiento&comma; conmutaci\u00f3n&comma; punto de acceso&comma; control inal\u00e1mbrico (WAC)&comma; VPN IPsec y control de aplicaciones&comma; todo en un solo equipo. Ideal para empresas que buscan simplificar su infraestructura&comma; optimizar el rendimiento y fortalecer la seguridad sin comprometer la gesti\u00f3n centralizada.<\/p>\n<\/p><\/div>\n<\/p><\/div>\n<div style='display: flex; flex-wrap: wrap; gap: 30px; align-items: center;'>\n<div style='flex: 1 1 300px; min-width: 280px;'>\n<h3 style='font-size: 22px; border-bottom: 2px solid currentColor; padding-bottom: 5px; margin-top: 0; color: inherit; opacity: 0.8;'>Puertos adaptables para cualquier escenario de red<\/h3>\n<p style='font-size: 15px; color: inherit; margin-bottom: 20px;'>Alto rendimiento y conectividad flexible. Incluye un puerto WAN de 2.5 Gbps y cuatro puertos LAN Gigabit para aprovechar al m\u00e1ximo anchos de banda de hasta 2&comma;000 Mbps y m\u00faltiples conexiones simult\u00e1neas.<\/p>\n<\/p><\/div>\n<div style='flex: 1 1 300px; min-width: 280px;'> <img style='width: 100%; height: auto; border: 1px solid rgba(150&comma;150&comma;150&comma;0.3); border-radius: 8px;' src='http:\/\/ftp3.syscom.mx\/usuarios\/ftp\/2025\/11\/10\/1971\/Captura_de_pantalla_20251110_a_la_s__10.48.54a.m..png_froala_691217803ce70' alt=''> <\/div>\n<\/p><\/div>\n<div style='display: flex; flex-wrap: wrap; gap: 30px; align-items: center;'>\n<div style='flex: 1 1 300px; min-width: 280px;'> <img style='width: 100%; height: auto; border: 1px solid rgba(150&comma;150&comma;150&comma;0.3); border-radius: 8px;' src='http:\/\/ftp3.syscom.mx\/usuarios\/ftp\/2025\/11\/10\/1971\/Captura_de_pantalla_20251110_a_la_s__10.50.38a.m..png_froala_691217eb7f825' alt=''> <\/div>\n<div style='flex: 1 1 300px; min-width: 280px;'>\n<h3 style='font-size: 22px; border-bottom: 2px solid currentColor; padding-bottom: 5px; margin-top: 0; color: inherit; opacity: 0.8;'>Red Mesh inteligente&comma; sin l\u00edmites ni cables<\/h3>\n<p style='font-size: 15px; color: inherit; margin-bottom: 20px;'>Disfruta de una conectividad sin complicaciones gracias a la autodetecci\u00f3n autom\u00e1tica de nodos Mesh en un rango de hasta 20 metros&comma; eliminando la necesidad de configuraciones manuales. Su innovador dise\u00f1o permite respaldo autom\u00e1tico entre enlaces cableados e inal\u00e1mbricos&comma; asegurando que tu red se mantenga estable y en funcionamiento&comma; incluso ante interrupciones. Una soluci\u00f3n que combina simplicidad&comma; inteligencia y confiabilidad&comma; perfecta para expandir tu cobertura sin l\u00edmites.<\/p>\n<\/p><\/div>\n<\/p><\/div>\n<div style='display: flex; flex-wrap: wrap; gap: 30px; align-items: center;'>\n<div style='flex: 1 1 300px; min-width: 280px;'>\n<h3 style='font-size: 22px; border-bottom: 2px solid currentColor; padding-bottom: 5px; margin-top: 0; color: inherit; opacity: 0.8;'>Supervisi\u00f3n inteligente para un uso eficiente de la red<\/h3>\n<p style='font-size: 15px; color: inherit; margin-bottom: 20px;'>Identifica con precisi\u00f3n m\u00e1s de 500 aplicaciones populares y optimiza su uso mediante bloqueo selectivo. Mant\u00e9n tu red \u00e1gil&comma; segura y enfocada en las aplicaciones que realmente importan para tu negocio.<\/p>\n<\/p><\/div>\n<div style='flex: 1 1 300px; min-width: 280px;'> <img style='width: 100%; height: auto; border: 1px solid rgba(150&comma;150&comma;150&comma;0.3); border-radius: 8px;' src='http:\/\/ftp3.syscom.mx\/usuarios\/ftp\/2025\/11\/10\/1971\/Captura_de_pantalla_20251110_a_la_s__9.48.04a.m..png_froala_691217fe9109c' alt=''> <\/div>\n<\/p><\/div>\n<div style='display: flex; flex-wrap: wrap; gap: 30px; align-items: center;'>\n<div style='flex: 1 1 300px; min-width: 280px;'> <img style='width: 100%; height: auto; border: 1px solid rgba(150&comma;150&comma;150&comma;0.3); border-radius: 8px;' src='http:\/\/ftp3.syscom.mx\/usuarios\/ftp\/2025\/11\/07\/1971\/Captura_de_pantalla_20251107_a_la_s__4.34.14p.m..png_froala_690e773f9ef2a' alt=''> <\/div>\n<div style='flex: 1 1 300px; min-width: 280px;'>\n<h3 style='font-size: 22px; border-bottom: 2px solid currentColor; padding-bottom: 5px; margin-top: 0; color: inherit; opacity: 0.8;'>Gesti\u00f3n flexible y remota sin costo<\/h3>\n<p style='font-size: 15px; color: inherit; margin-bottom: 10px;'>M\u00e9todos flexibles de gesti\u00f3n: desde la interfaz web&comma; APP (iOS\/Android\/Harmony OS) y desde la nube SNC de Huawei eKit.<\/p>\n<p style='font-size: 15px; color: inherit; margin-bottom: 20px;'>Comparta proyectos para clientes espec\u00edficos&comma; gestione y d\u00e9 soporte t\u00e9cnico de manera remota sin pagos extra&comma; ya que es totalmente gratuita la plataforma de eKit.<\/p>\n<\/p><\/div>\n<\/p><\/div>\n<div style='display: flex; flex-wrap: wrap; gap: 30px; align-items: center;'>\n<div style='flex: 1 1 300px; min-width: 280px;'>\n<h3 style='font-size: 22px; border-bottom: 2px solid currentColor; padding-bottom: 5px; margin-top: 0; color: inherit; opacity: 0.8;'>Resoluci\u00f3n de problemas con IA<\/h3>\n<p style='font-size: 15px; color: inherit; margin-bottom: 10px;'>Lo importante del soporte t\u00e9cnico o solucionar problemas&comma; es hacerlo de manera r\u00e1pida y efectiva.<\/p>\n<p style='font-size: 15px; color: inherit; margin-bottom: 20px;'>Huawei viene a revolucionar esto con la funci\u00f3n de soluci\u00f3n de problemas impulsada por la IA (Inteligencia artificial)&comma; teniendo un diagn\u00f3stico de la red en sus diferentes par\u00e1metros en cuesti\u00f3n de minutos&comma; indicando problemas y posibles soluciones de cada uno de ellos.<\/p>\n<\/p><\/div>\n<div style='flex: 1 1 300px; min-width: 280px;'> <img style='width: 100%; height: auto; border: 1px solid rgba(150&comma;150&comma;150&comma;0.3); border-radius: 8px;' src='http:\/\/ftp3.syscom.mx\/usuarios\/ftp\/2025\/11\/07\/1971\/Captura_de_pantalla_20251107_a_la_s__4.41.49p.m..png_froala_690e7757c1d4c' alt=''> <\/div>\n<\/p><\/div>\n<div style='display: flex; flex-wrap: wrap; gap: 30px; align-items: center;'>\n<div style='flex: 1 1 300px; min-width: 280px;'> <img style='width: 100%; height: auto; border: 1px solid rgba(150&comma;150&comma;150&comma;0.3); border-radius: 8px;' src='http:\/\/ftp3.syscom.mx\/usuarios\/ftp\/2025\/11\/07\/1971\/223794ekitqr.png_froala_690e776fe9e74' alt=''> <\/div>\n<div style='flex: 1 1 300px; min-width: 280px;'>\n<h3 style='font-size: 22px; border-bottom: 2px solid currentColor; padding-bottom: 5px; margin-top: 0; color: inherit; opacity: 0.8;'>Configura y gestiona tu red eKit desde la app m\u00f3vil<\/h3>\n<p style='font-size: 15px; color: inherit; margin-bottom: 10px;'>Con el siguiente c\u00f3digo QR puedes descargar la aplicaci\u00f3n de Huawei eKit en donde podr\u00e1s dar de alta equipos como: Routers&comma; Switch y puntos de acceso de la l\u00ednea eKit&comma; en cuesti\u00f3n de minutos y poder desplegar redes de la comodidad de su smartphone.<\/p>\n<p style='font-size: 15px; color: inherit; margin-bottom: 20px;'>Disponible para iOS&comma; Android y Harmony OS.<\/p>\n<\/p><\/div>\n<\/p><\/div>\n<\/p><\/div>\n<\/p><\/div>\n","protected":false},"excerpt":{"rendered":"<p>Router eKit Wi-Fi 7 para 150 clientes\/ Controladora para 8 APs \/ 2 Puertos WAN 2.5 Gbps + 1 Puerto LAN Gigabit + 3 Puertos LAN\/WAN Gigabit \/ Gesti\u00f3n en la nube \/ Libre de licenciamiento<\/p>\n","protected":false},"featured_media":84499,"comment_status":"open","ping_status":"closed","template":"","meta":[],"product_brand":[],"product_cat":[2036,2035,2034],"product_tag":[2039,2038,718,664,2037],"class_list":{"0":"post-84500","1":"product","2":"type-product","3":"status-publish","4":"has-post-thumbnail","6":"product_cat-balanceadores","7":"product_cat-firewalls","8":"product_cat-routers","9":"product_tag-balanceadores","10":"product_tag-firewalls","11":"product_tag-huawei","12":"product_tag-networking","13":"product_tag-routers","15":"first","16":"instock","17":"sale","18":"shipping-taxable","19":"purchasable","20":"product-type-simple"},"_links":{"self":[{"href":"https:\/\/soydeaqui.ddns.net\/pachuca\/index.php\/wp-json\/wp\/v2\/product\/84500","targetHints":{"allow":["GET"]}}],"collection":[{"href":"https:\/\/soydeaqui.ddns.net\/pachuca\/index.php\/wp-json\/wp\/v2\/product"}],"about":[{"href":"https:\/\/soydeaqui.ddns.net\/pachuca\/index.php\/wp-json\/wp\/v2\/types\/product"}],"replies":[{"embeddable":true,"href":"https:\/\/soydeaqui.ddns.net\/pachuca\/index.php\/wp-json\/wp\/v2\/comments?post=84500"}],"wp:featuredmedia":[{"embeddable":true,"href":"https:\/\/soydeaqui.ddns.net\/pachuca\/index.php\/wp-json\/wp\/v2\/media\/84499"}],"wp:attachment":[{"href":"https:\/\/soydeaqui.ddns.net\/pachuca\/index.php\/wp-json\/wp\/v2\/media?parent=84500"}],"wp:term":[{"taxonomy":"product_brand","embeddable":true,"href":"https:\/\/soydeaqui.ddns.net\/pachuca\/index.php\/wp-json\/wp\/v2\/product_brand?post=84500"},{"taxonomy":"product_cat","embeddable":true,"href":"https:\/\/soydeaqui.ddns.net\/pachuca\/index.php\/wp-json\/wp\/v2\/product_cat?post=84500"},{"taxonomy":"product_tag","embeddable":true,"href":"https:\/\/soydeaqui.ddns.net\/pachuca\/index.php\/wp-json\/wp\/v2\/product_tag?post=84500"}],"curies":[{"name":"wp","href":"https:\/\/api.w.org\/{rel}","templated":true}]}}