{"id":84494,"date":"2026-03-19T20:54:55","date_gmt":"2026-03-19T20:54:55","guid":{"rendered":"https:\/\/soydeaqui.ddns.net\/pachuca\/index.php\/producto\/punto-de-acceso-wi-fi-7-para-exterior-omnidireccional-360o-256-usuarios-1-puerto-poe-in-2-5-gbps-hasta-3-5-gbps-gestion-en-la-nube-libre-de-licenciamiento\/"},"modified":"2026-03-19T20:55:06","modified_gmt":"2026-03-19T20:55:06","slug":"punto-de-acceso-wi-fi-7-para-exterior-omnidireccional-360o-256-usuarios-1-puerto-poe-in-2-5-gbps-hasta-3-5-gbps-gestion-en-la-nube-libre-de-licenciamiento","status":"publish","type":"product","link":"https:\/\/soydeaqui.ddns.net\/pachuca\/index.php\/producto\/punto-de-acceso-wi-fi-7-para-exterior-omnidireccional-360o-256-usuarios-1-puerto-poe-in-2-5-gbps-hasta-3-5-gbps-gestion-en-la-nube-libre-de-licenciamiento\/","title":{"rendered":"Punto de Acceso Wi-Fi 7 para Exterior \/ Omnidireccional 360\u00ba \/ 256 Usuarios \/ 1 Puerto PoE In 2.5 Gbps \/ Hasta 3.5 Gbps \/ Gesti\u00f3n en la nube \/ Libre de licenciamiento"},"content":{"rendered":"<div style='width: 100%; max-width: 1200px; margin: 0 auto; font-family: sans-serif; line-height: 1.6; color: inherit; background-color: transparent;'> <!-- Video Section --> <\/p>\n<div style='display: flex; flex-wrap: wrap; gap: 30px; margin-bottom: 30px;'>\n<div style='flex: 1 1 300px; min-width: 280px;'>\n<div style='position: relative; padding-bottom: 56.25%; height: 0; overflow: hidden; margin-bottom: 30px;'> <video style='position: absolute; top: 0; left: 0; width: 100%; height: 100%; border: 1px solid rgba(150&comma;150&comma;150&comma;0.3); border-radius: 8px;' src='https:\/\/ftp3.syscom.mx\/usuarios\/axel\/Huawei\/eKit\/AP771\/HUAWEI%20eKitEngine%20AP771%20Product%20Introduction%20Video_x265.mp4' autoplay muted loop playsinline><\/video> <\/div>\n<\/p><\/div>\n<\/p><\/div>\n<p> <!-- Hero Section --> <\/p>\n<div style='display: flex; flex-wrap: wrap; gap: 30px; margin-bottom: 30px;'>\n<div style='flex: 1 1 300px; min-width: 280px;'> <img style='width: 100%; height: auto; border: 1px solid rgba(150&comma;150&comma;150&comma;0.3); border-radius: 8px;' src='http:\/\/ftp3.syscom.mx\/usuarios\/ftp\/2025\/11\/10\/1971\/Captura_de_pantalla_20251110_a_la_s__12.15.53p.m..png_froala_69122bde9b829' alt=''> <\/div>\n<div style='flex: 2 1 600px; min-width: 280px;'>\n<h2 style='font-size: 22px; margin-top: 0; margin-bottom: 10px; color: inherit; opacity: 0.9;'>AP771 eKit: Potencia y eficiencia Wi-Fi 7 para cualquier espacio exterior<\/h2>\n<div style='margin-bottom: 15px; font-weight: 600; color: inherit; opacity: 0.7;'>Modelo: AP771<\/div>\n<p style='color: inherit; opacity: 0.95; text-align: justify;'>El Huawei eKitEngine AP771 es un punto de acceso Wi-Fi 7 para exteriores con seis flujos espaciales que ofrece una experiencia inal\u00e1mbrica superior. Destaca por su amplia cobertura&comma; protecci\u00f3n IP65 y alta resistencia a sobretensiones&comma; ideal para escuelas&comma; plazas y parques.<\/p>\n<\/p><\/div>\n<\/p><\/div>\n<p> <!-- Specifications Grid --> <\/p>\n<div style='display: flex; flex-wrap: wrap; gap: 20px; margin-bottom: 30px;'> <!-- Card: Caracter\u00edsticas principales --> <\/p>\n<div style='flex: 1 1 250px; border: 1px solid rgba(150&comma;150&comma;150&comma;0.4); border-radius: 8px; overflow: hidden;'>\n<div style='padding: 15px; border-bottom: 1px solid rgba(150&comma;150&comma;150&comma;0.2); font-weight: bold; font-size: 18px; color: inherit;'>Caracter\u00edsticas principales<\/div>\n<div style='padding: 15px; color: inherit;'>\n<ul style='padding-left: 20px; margin: 0; font-size: 14px; list-style-type: disc;'>\n<li style='margin-bottom: 5px;'>Puerto Ethernet PoE in 10\/100\/1000\/25000 Mbps<\/li>\n<li style='margin-bottom: 5px;'><strong>Modo de operaci\u00f3n<\/strong>: Punto de Acceso<\/li>\n<li style='margin-bottom: 5px;'><strong>Frecuencias<\/strong>: 2.4 y 5 GHz<\/li>\n<li style='margin-bottom: 5px;'>MU-MIMO: 2.4\/5 GHz: 2&#215;2<\/li>\n<li style='margin-bottom: 5px;'><strong>Ganancia<\/strong>: 2.4 GHz 4 dBi \/ 5 GHz 7 dBi<\/li>\n<li style='margin-bottom: 5px;'><strong>Potencia<\/strong>: 2.4 GHz 28 dBm \/ 5 GHz 27 dBm<\/li>\n<li style='margin-bottom: 5px;'><strong>Seguridad Inal\u00e1mbrica<\/strong>: WEP&comma; WPA\/WPA2-PSK&comma; WPA3-SAE&comma; WPA\/WPA2-PPSK&comma; y WPA\/WPA2\/WPA3-802.1X<\/li>\n<li style='margin-bottom: 5px;'><strong>Gesti\u00f3n<\/strong>: interfaz web&comma; CLI&comma; nube&comma; APP o controladora f\u00edsica<\/li>\n<li style='margin-bottom: 5px;'><strong>Cantidad de clientes<\/strong>: 256 m\u00e1ximo<\/li>\n<li style='margin-bottom: 5px;'><strong>Cobertura<\/strong>: Hasta 65 metros de radio<\/li>\n<\/ul><\/div>\n<\/p><\/div>\n<p> <!-- Card: F\u00edsicas y el\u00e9ctricas --> <\/p>\n<div style='flex: 1 1 250px; border: 1px solid rgba(150&comma;150&comma;150&comma;0.4); border-radius: 8px; overflow: hidden;'>\n<div style='padding: 15px; border-bottom: 1px solid rgba(150&comma;150&comma;150&comma;0.2); font-weight: bold; font-size: 18px; color: inherit;'>Caracter\u00edsticas f\u00edsicas y el\u00e9ctricas<\/div>\n<div style='padding: 15px; color: inherit;'>\n<ul style='padding-left: 20px; margin: 0; font-size: 14px; list-style-type: disc;'>\n<li style='margin-bottom: 5px;'><strong>Doble banda<\/strong>: 2.4 y 5 GHz<\/li>\n<li style='margin-bottom: 5px;'><strong>N\u00famero de SSIDs<\/strong>: 10<\/li>\n<li style='margin-bottom: 5px;'><strong>Alimentaci\u00f3n<\/strong>: PoE: 802.3at\/bt (No incluido&comma; se recomienda el modelo: <a style='color: inherit; text-decoration: underline;' href='https:\/\/www.syscom.pro\/products\/228206\/5600620'>AD-560062T0E<\/a>)<\/li>\n<li style='margin-bottom: 5px;'><strong>Dimensiones<\/strong>: 110 mm x 356 mm x 250 mm<\/li>\n<li style='margin-bottom: 5px;'><strong>Peso<\/strong>: 1.78 kg<\/li>\n<li style='margin-bottom: 5px;'><strong>Consumo m\u00e1ximo<\/strong>: 18.8 W<\/li>\n<li style='margin-bottom: 5px;'><strong>Temperatura de operaci\u00f3n<\/strong>: \u201330\u00b0C a +60\u00b0C<\/li>\n<li style='margin-bottom: 5px;'><strong>Humedad de operaci\u00f3n<\/strong>: 5% a 95% (No condensado)<\/li>\n<\/ul><\/div>\n<\/p><\/div>\n<p> <!-- Card: Funciones avanzadas --> <\/p>\n<div style='flex: 1 1 250px; border: 1px solid rgba(150&comma;150&comma;150&comma;0.4); border-radius: 8px; overflow: hidden;'>\n<div style='padding: 15px; border-bottom: 1px solid rgba(150&comma;150&comma;150&comma;0.2); font-weight: bold; font-size: 18px; color: inherit;'>Funciones avanzadas<\/div>\n<div style='padding: 15px; color: inherit;'>\n<ul style='padding-left: 20px; margin: 0; font-size: 14px; list-style-type: disc;'>\n<li style='margin-bottom: 5px;'>Cobertura real a 360\u00ba<\/li>\n<li style='margin-bottom: 5px;'>Beamforming<\/li>\n<li style='margin-bottom: 5px;'>Bandsteering<\/li>\n<li style='margin-bottom: 5px;'>Optimizaci\u00f3n de Wi-Fi basada en IA<\/li>\n<li style='margin-bottom: 5px;'>Aislamiento de clientes<\/li>\n<li style='margin-bottom: 5px;'>Escaneo autom\u00e1tico de canales para mitigar interferencias<\/li>\n<li style='margin-bottom: 5px;'>Smart y fast Roaming<\/li>\n<li style='margin-bottom: 5px;'>Horarios de Wi-Fi<\/li>\n<li style='margin-bottom: 5px;'>Resoluci\u00f3n de problemas con IA desde nube SNC<\/li>\n<li style='margin-bottom: 5px;'>Soporta redes MESH<\/li>\n<\/ul><\/div>\n<\/p><\/div>\n<p> <!-- Card: Contenido del paquete --> <\/p>\n<div style='flex: 1 1 250px; border: 1px solid rgba(150&comma;150&comma;150&comma;0.4); border-radius: 8px; overflow: hidden;'>\n<div style='padding: 15px; border-bottom: 1px solid rgba(150&comma;150&comma;150&comma;0.2); font-weight: bold; font-size: 18px; color: inherit;'>Contenido del paquete<\/div>\n<div style='padding: 15px; color: inherit;'>\n<ul style='padding-left: 20px; margin: 0; font-size: 14px; list-style-type: disc;'>\n<li style='margin-bottom: 5px;'>(1) Punto de acceso AP771<\/li>\n<li style='margin-bottom: 5px;'>(2) Tornilllos<\/li>\n<li style='margin-bottom: 5px;'>(1) Abrazadera met\u00e1lica<\/li>\n<li style='margin-bottom: 5px;'>(1) Montaje para m\u00e1stil o pared<\/li>\n<\/ul><\/div>\n<\/p><\/div>\n<p> <!-- Card: Accesorios Opcionales --> <\/p>\n<div style='flex: 1 1 250px; border: 1px solid rgba(150&comma;150&comma;150&comma;0.4); border-radius: 8px; overflow: hidden;'>\n<div style='padding: 15px; border-bottom: 1px solid rgba(150&comma;150&comma;150&comma;0.2); font-weight: bold; font-size: 18px; color: inherit;'>Accesorios Opcionales<\/div>\n<div style='padding: 15px; color: inherit;'>\n<ul style='padding-left: 20px; margin: 0; font-size: 14px; list-style-type: disc;'>\n<li style='margin-bottom: 5px;'>Inyector PoE: <a style='color: inherit; text-decoration: underline;' href='https:\/\/www.syscom.pro\/products\/228206\/5600620'>AD-560062T0E<\/a><\/li>\n<\/ul><\/div>\n<\/p><\/div>\n<\/p><\/div>\n<p> <!-- Additional Sections --> <\/p>\n<div style='display: flex; flex-wrap: wrap; gap: 30px; margin-bottom: 30px;'>\n<div style='flex: 1 1 300px; min-width: 280px;'> <img style='width: 100%; height: auto; border: 1px solid rgba(150&comma;150&comma;150&comma;0.3); border-radius: 8px;' src='http:\/\/ftp3.syscom.mx\/usuarios\/ftp\/2025\/11\/10\/1971\/Captura_de_pantalla_20251110_a_la_s__12.17.50p.m..png_froala_69122c53de41b' alt=''> <\/div>\n<div style='flex: 2 1 600px; min-width: 280px;'>\n<h3 style='font-size: 20px; border-bottom: 2px solid currentColor; padding-bottom: 5px; margin-top: 0; color: inherit; opacity: 0.8;'>Redes flexibles para una conectividad efectiva<\/h3>\n<p style='color: inherit; opacity: 0.95; text-align: justify; margin-top: 15px; margin-bottom: 15px;'>Cuenta con m\u00e9todos flexibles de alimentaci\u00f3n&comma; compatibles con PoE at\/bt. Incluye un puerto uplink PoE In autonegociable con velocidades de 100\/1000\/2500 Mbps&comma; ofreciendo as\u00ed mayor versatilidad y rendimiento en la conexi\u00f3n. As\u00ed como una cobertura a los 360\u00ba.<\/p>\n<\/p><\/div>\n<\/p><\/div>\n<div style='display: flex; flex-wrap: wrap; gap: 30px; margin-bottom: 30px;'>\n<div style='flex: 2 1 600px; min-width: 280px; order: 2;'> <img style='width: 100%; height: auto; border: 1px solid rgba(150&comma;150&comma;150&comma;0.3); border-radius: 8px;' src='http:\/\/ftp3.syscom.mx\/usuarios\/ftp\/2025\/11\/10\/1971\/Captura_de_pantalla_20251110_a_la_s__12.20.26p.m..png_froala_69122ceeb4f8d' alt=''> <\/div>\n<div style='flex: 1 1 300px; min-width: 280px; order: 1;'>\n<h3 style='font-size: 20px; border-bottom: 2px solid currentColor; padding-bottom: 5px; margin-top: 0; color: inherit; opacity: 0.8;'>Dise\u00f1o optimizado: compacto&comma; est\u00e9tico y robusto<\/h3>\n<p style='color: inherit; opacity: 0.95; text-align: justify; margin-top: 15px; margin-bottom: 15px;'>Su estructura combina un tama\u00f1o reducido con una apariencia moderna y elegante&comma; sin comprometer la durabilidad ni el rendimiento. Ideal para espacios profesionales donde la potencia y el dise\u00f1o se unen en un solo equipo.<\/p>\n<\/p><\/div>\n<\/p><\/div>\n<div style='display: flex; flex-wrap: wrap; gap: 30px; margin-bottom: 30px;'>\n<div style='flex: 1 1 300px; min-width: 280px;'> <img style='width: 100%; height: auto; border: 1px solid rgba(150&comma;150&comma;150&comma;0.3); border-radius: 8px;' src='http:\/\/ftp3.syscom.mx\/usuarios\/ftp\/2025\/11\/10\/1971\/Captura_de_pantalla_20251110_a_la_s__12.28.13p.m..png_froala_69122ec4bba74' alt=''> <\/div>\n<div style='flex: 2 1 600px; min-width: 280px;'>\n<h3 style='font-size: 20px; border-bottom: 2px solid currentColor; padding-bottom: 5px; margin-top: 0; color: inherit; opacity: 0.8;'>360\u00ba de cobertura Wi-Fi a tu alrededor<\/h3>\n<p style='color: inherit; opacity: 0.95; text-align: justify; margin-top: 15px; margin-bottom: 15px;'>La avanzada tecnolog\u00eda de Huawei eKit&comma; el equipo ofrece una cobertura inal\u00e1mbrica total sin puntos ciegos&comma; incluso cuando se instala en un m\u00e1stil. Disfruta de una conexi\u00f3n estable y potente en todas las direcciones&comma; asegurando el m\u00e1ximo rendimiento en cualquier entorno.<\/p>\n<\/p><\/div>\n<\/p><\/div>\n<div style='display: flex; flex-wrap: wrap; gap: 30px; margin-bottom: 30px;'>\n<div style='flex: 2 1 600px; min-width: 280px; order: 2;'> <img style='width: 100%; height: auto; border: 1px solid rgba(150&comma;150&comma;150&comma;0.3); border-radius: 8px;' src='http:\/\/ftp3.syscom.mx\/usuarios\/ftp\/2025\/10\/22\/1971\/Captura_de_pantalla_20251022_a_la_s__8.31.01a.m..png_froala_68f8eaadaeef4' alt=''> <\/div>\n<div style='flex: 1 1 300px; min-width: 280px; order: 1;'>\n<h3 style='font-size: 20px; border-bottom: 2px solid currentColor; padding-bottom: 5px; margin-top: 0; color: inherit; opacity: 0.8;'>Optimizaci\u00f3n inteligente impulsada por IA<\/h3>\n<p style='color: inherit; opacity: 0.95; text-align: justify; margin-top: 15px; margin-bottom: 15px;'>Capaz de ajustar autom\u00e1ticamente los par\u00e1metros de red. Su algoritmo exclusivo de calibraci\u00f3n de radio realiza una sintonizaci\u00f3n precisa de potencia y frecuencia con un solo clic&comma; reduciendo interferencias y fortaleciendo la se\u00f1al para un rendimiento inal\u00e1mbrico superior.<\/p>\n<\/p><\/div>\n<\/p><\/div>\n<div style='display: flex; flex-wrap: wrap; gap: 30px; margin-bottom: 30px;'>\n<div style='flex: 1 1 300px; min-width: 280px;'> <img style='width: 100%; height: auto; border: 1px solid rgba(150&comma;150&comma;150&comma;0.3); border-radius: 8px;' src='http:\/\/ftp3.syscom.mx\/usuarios\/ftp\/2025\/10\/22\/1971\/Captura_de_pantalla_20251022_a_la_s__8.38.30a.m..png_froala_68f8ec6e89f6e' alt=''> <\/div>\n<div style='flex: 2 1 600px; min-width: 280px;'>\n<h3 style='font-size: 20px; border-bottom: 2px solid currentColor; padding-bottom: 5px; margin-top: 0; color: inherit; opacity: 0.8;'>L\u00edder de la industria tecnol\u00f3gica<\/h3>\n<p style='color: inherit; opacity: 0.95; text-align: justify; margin-top: 15px; margin-bottom: 15px;'>Huawei se posiciona como l\u00edder en la industria Wi-Fi 6 y Wi-Fi 7&comma; con patentes l\u00edderes en dispositivos y un papel destacado en la formulaci\u00f3n de est\u00e1ndares y dise\u00f1o de chips. Sus equipos de red ofrecen compatibilidad con aplicaciones profesionales&comma; consolidando su influencia y confiabilidad en el sector tecnol\u00f3gico.<\/p>\n<\/p><\/div>\n<\/p><\/div>\n<div style='display: flex; flex-wrap: wrap; gap: 30px; margin-bottom: 30px;'>\n<div style='flex: 2 1 600px; min-width: 280px; order: 2;'> <img style='width: 100%; height: auto; border: 1px solid rgba(150&comma;150&comma;150&comma;0.3); border-radius: 8px;' src='http:\/\/ftp3.syscom.mx\/usuarios\/ftp\/2025\/10\/22\/1971\/1761144118408.png_froala_68f8ed37afdc6' alt=''> <\/div>\n<div style='flex: 1 1 300px; min-width: 280px; order: 1;'>\n<h3 style='font-size: 20px; border-bottom: 2px solid currentColor; padding-bottom: 5px; margin-top: 0; color: inherit; opacity: 0.8;'>Gesti\u00f3n flexible y remota sin costo<\/h3>\n<p style='color: inherit; opacity: 0.95; text-align: justify; margin-top: 15px; margin-bottom: 15px;'>M\u00e9todos flexibles de gesti\u00f3n: desde la interfaz web&comma; APP (iOS\/Android\/Harmony OS) y desde la <a style='color: inherit; text-decoration: underline;' href='https:\/\/ekit.huawei.com\/#\/serve\/main?countryCode=MX&#038;lang=en'>nube SNC de Huawei eKit<\/a>. Comparta proyectos para clientes espec\u00edficos&comma; gestione y d\u00e9 soporte t\u00e9cnico de manera remota sin pagos extra&comma; ya que es totalmente gratuita la plataforma de eKit.<\/p>\n<\/p><\/div>\n<\/p><\/div>\n<div style='display: flex; flex-wrap: wrap; gap: 30px; margin-bottom: 30px;'>\n<div style='flex: 1 1 300px; min-width: 280px;'> <img style='width: 100%; height: auto; border: 1px solid rgba(150&comma;150&comma;150&comma;0.3); border-radius: 8px;' src='http:\/\/ftp3.syscom.mx\/usuarios\/ftp\/2025\/10\/22\/1971\/1761144251539.png_froala_68f8edbbcde2b' alt=''> <\/div>\n<div style='flex: 2 1 600px; min-width: 280px;'>\n<h3 style='font-size: 20px; border-bottom: 2px solid currentColor; padding-bottom: 5px; margin-top: 0; color: inherit; opacity: 0.8;'>Resoluci\u00f3n de problemas con IA<\/h3>\n<p style='color: inherit; opacity: 0.95; text-align: justify; margin-top: 15px; margin-bottom: 15px;'>Lo importante del soporte t\u00e9cnico o solucionar problemas&comma; es hacerlo de manera r\u00e1pida y efectiva. Huawei viene a revolucionar esto con la funci\u00f3n de soluci\u00f3n de problemas impulsada por la IA (Inteligencia artificial)&comma; teniendo un diagn\u00f3stico de la red en sus diferentes par\u00e1metros en cuesti\u00f3n de minutos&comma; indicando problemas y posibles soluciones de cada uno de ellos.<\/p>\n<\/p><\/div>\n<\/p><\/div>\n<div style='display: flex; flex-wrap: wrap; gap: 30px; margin-bottom: 30px;'>\n<div style='flex: 2 1 600px; min-width: 280px; order: 2;'> <img style='width: 100%; height: auto; border: 1px solid rgba(150&comma;150&comma;150&comma;0.3); border-radius: 8px;' src='http:\/\/ftp3.syscom.mx\/usuarios\/ftp\/2025\/10\/22\/1971\/1761144660933.png_froala_68f8ef55554a4' alt=''> <\/div>\n<div style='flex: 1 1 300px; min-width: 280px; order: 1;'>\n<h3 style='font-size: 20px; border-bottom: 2px solid currentColor; padding-bottom: 5px; margin-top: 0; color: inherit; opacity: 0.8;'>Planea y simula tu red Wi-Fi con precisi\u00f3n usando WLAN Planner<\/h3>\n<p style='color: inherit; opacity: 0.95; text-align: justify; margin-top: 15px; margin-bottom: 15px;'>Para dimensionar una red Wi-Fi con un archivo entregable para el usuario final&comma; puedes utilizar la herramienta de planeaci\u00f3n <a style='color: inherit; text-decoration: underline;' href='https:\/\/sg.o3community.huawei.com\/sg\/en\/o3\/detail?activeIndex=undefined&#038;o3src=https:\/\/stm-sg.o3community.huawei.com\/stmo3\/en\/tool\/tool-details-extranet-o3-sxz%3Fid%3DGT2021113005'>WLAN Planner de Huawei<\/a>&comma; en la cual podr\u00e1s dibujar las paredes del sitio seg\u00fan su material para simular la cobertura que se tendr\u00e1 de acuerdo a los puntos de acceso Wi-Fi que selecciones.<\/p>\n<\/p><\/div>\n<\/p><\/div>\n<div style='display: flex; flex-wrap: wrap; gap: 30px; margin-bottom: 30px;'>\n<div style='flex: 1 1 300px; min-width: 280px;'> <img style='width: 100%; height: auto; border: 1px solid rgba(150&comma;150&comma;150&comma;0.3); border-radius: 8px;' src='http:\/\/ftp3.syscom.mx\/usuarios\/ftp\/2025\/10\/22\/1971\/1761144341865.jpeg_froala_68f8ee16889ee' alt=''> <\/div>\n<div style='flex: 2 1 600px; min-width: 280px;'>\n<h3 style='font-size: 20px; border-bottom: 2px solid currentColor; padding-bottom: 5px; margin-top: 0; color: inherit; opacity: 0.8;'>Configura y gestiona tu red eKit desde la app m\u00f3vil<\/h3>\n<p style='color: inherit; opacity: 0.95; text-align: justify; margin-top: 15px; margin-bottom: 15px;'>Con el siguiente c\u00f3digo QR puedes descargar la aplicaci\u00f3n de Huawei eKit en donde podr\u00e1s dar de alta equipos como: Routers&comma; Switch y puntos de acceso de la l\u00ednea eKit&comma; en cuesti\u00f3n de minutos y poder desplegar redes de las comodidad de su smartphone. Disponible para iOS&comma; Android y Harmony OS.<\/p>\n<\/p><\/div>\n<\/p><\/div>\n<\/p><\/div>\n","protected":false},"excerpt":{"rendered":"<p>Punto de Acceso Wi-Fi 7 para Exterior \/ Omnidireccional 360\u00ba \/ 256 Usuarios \/ 1 Puerto PoE In 2.5 Gbps \/ Hasta 3.5 Gbps \/ Gesti\u00f3n en la nube \/ Libre de licenciamiento<\/p>\n","protected":false},"featured_media":84493,"comment_status":"open","ping_status":"closed","template":"","meta":[],"product_brand":[],"product_cat":[1794],"product_tag":[718,1795,1479],"class_list":{"0":"post-84494","1":"product","2":"type-product","3":"status-publish","4":"has-post-thumbnail","6":"product_cat-puntos-de-acceso","7":"product_tag-huawei","8":"product_tag-puntos-de-acceso","9":"product_tag-redes-wifi","11":"first","12":"instock","13":"sale","14":"shipping-taxable","15":"purchasable","16":"product-type-simple"},"_links":{"self":[{"href":"https:\/\/soydeaqui.ddns.net\/pachuca\/index.php\/wp-json\/wp\/v2\/product\/84494","targetHints":{"allow":["GET"]}}],"collection":[{"href":"https:\/\/soydeaqui.ddns.net\/pachuca\/index.php\/wp-json\/wp\/v2\/product"}],"about":[{"href":"https:\/\/soydeaqui.ddns.net\/pachuca\/index.php\/wp-json\/wp\/v2\/types\/product"}],"replies":[{"embeddable":true,"href":"https:\/\/soydeaqui.ddns.net\/pachuca\/index.php\/wp-json\/wp\/v2\/comments?post=84494"}],"wp:featuredmedia":[{"embeddable":true,"href":"https:\/\/soydeaqui.ddns.net\/pachuca\/index.php\/wp-json\/wp\/v2\/media\/84493"}],"wp:attachment":[{"href":"https:\/\/soydeaqui.ddns.net\/pachuca\/index.php\/wp-json\/wp\/v2\/media?parent=84494"}],"wp:term":[{"taxonomy":"product_brand","embeddable":true,"href":"https:\/\/soydeaqui.ddns.net\/pachuca\/index.php\/wp-json\/wp\/v2\/product_brand?post=84494"},{"taxonomy":"product_cat","embeddable":true,"href":"https:\/\/soydeaqui.ddns.net\/pachuca\/index.php\/wp-json\/wp\/v2\/product_cat?post=84494"},{"taxonomy":"product_tag","embeddable":true,"href":"https:\/\/soydeaqui.ddns.net\/pachuca\/index.php\/wp-json\/wp\/v2\/product_tag?post=84494"}],"curies":[{"name":"wp","href":"https:\/\/api.w.org\/{rel}","templated":true}]}}