{"id":8442,"date":"2026-03-18T07:09:15","date_gmt":"2026-03-18T07:09:15","guid":{"rendered":"https:\/\/soydeaqui.ddns.net\/pachuca\/index.php\/producto\/bobina-de-cable-utp-de-305-metros-1000-pies-cat6-aleacin-de-cobre-y-aluminio-cca-color-blanco-uso-exclusivo-interior\/"},"modified":"2026-03-18T07:09:18","modified_gmt":"2026-03-18T07:09:18","slug":"bobina-de-cable-utp-de-305-metros-1000-pies-cat6-aleacin-de-cobre-y-aluminio-cca-color-blanco-uso-exclusivo-interior","status":"publish","type":"product","link":"https:\/\/soydeaqui.ddns.net\/pachuca\/index.php\/producto\/bobina-de-cable-utp-de-305-metros-1000-pies-cat6-aleacin-de-cobre-y-aluminio-cca-color-blanco-uso-exclusivo-interior\/","title":{"rendered":"Bobina de Cable UTP de 305 Metros (1000 Pies) Cat6 Aleaci?n de Cobre y Aluminio (CCA), Color Blanco, Uso Exclusivo Interior"},"content":{"rendered":"<div style='width: 100%; max-width: 1200px; margin: 0 auto; font-family: sans-serif; line-height: 1.6; color: inherit; background-color: transparent;'> <!-- Banner de marca --> <\/p>\n<div style='text-align: center; margin: 20px 0;'> <img style='width: 100%; max-width: 378px; height: auto; border: 1px solid rgba(150&comma;150&comma;150&comma;0.3); border-radius: 8px; display: block; margin: 0 auto;' src='https:\/\/ftp3.syscom.mx\/usuarios\/orobles\/LinkedPro\/linkedpro_banner.jpg' alt=''> <\/div>\n<p> <!-- Secci\u00f3n de caracter\u00edsticas&comma; aplicaciones&comma; aprobaciones --> <\/p>\n<div style='display: flex; flex-wrap: wrap; gap: 30px; margin: 30px 0;'> <!-- Caracter\u00edsticas --> <\/p>\n<div style='flex: 1 1 300px; min-width: 280px;'>\n<div style='border-left: 5px solid #5091BE; border-radius: 5px; padding: 5px; box-shadow: 2px 2px 10px rgba(216&comma;216&comma;216&comma;0.5);'> <span style='font-size: 14pt;'><strong>Caracter\u00edsticas:<\/strong><\/span> <\/p>\n<ul style='padding-left: 20px; font-size: 15px; color: inherit; list-style-type: disc;'>\n<li style='margin-bottom: 5px; box-sizing: border-box;'>Instalaciones Gigabit de voz\/datos.<\/li>\n<li style='margin-bottom: 5px; box-sizing: border-box;'><strong>Conductor: CCA (Revestido de cobre\/ aluminio).<\/strong><\/li>\n<li style='margin-bottom: 5px; box-sizing: border-box;'>Para uso en tuber\u00edas met\u00e1licas tipo conduit donde no existe concentraci\u00f3n de cables&comma; ni flujo de aire forzado (CMX).<\/li>\n<li style='margin-bottom: 5px; box-sizing: border-box;'>Color Exterior: Blanco.<\/li>\n<li style='margin-bottom: 5px; box-sizing: border-box;'>Construcci\u00f3n: UTP<\/li>\n<li style='margin-bottom: 5px; box-sizing: border-box;'>Conductor: Cobre solido 23 AWG.<\/li>\n<li style='margin-bottom: 5px; box-sizing: border-box;'>Aislamiento: PVC.<\/li>\n<li style='margin-bottom: 5px; box-sizing: border-box;'>CMX&comma; ANSI\/TIA&comma; ISO\/IEC&comma; CENELEC EN.<\/li>\n<li style='margin-bottom: 5px; box-sizing: border-box;'>Di\u00e1metro: 6.1 mm.<\/li>\n<li style='margin-bottom: 5px; box-sizing: border-box;'>Frecuencia: 250 MHz.<\/li>\n<\/ul><\/div>\n<\/p><\/div>\n<p> <!-- Aplicaciones --> <\/p>\n<div style='flex: 1 1 300px; min-width: 280px;'>\n<div style='border-left: 5px solid #5091BE; border-radius: 5px; padding: 5px; box-shadow: 2px 2px 10px rgba(216&comma;216&comma;216&comma;0.5);'> <span style='font-size: 14pt;'><strong>Aplicaciones:<\/strong><\/span> <\/p>\n<ul style='padding-left: 20px; font-size: 15px; color: inherit; list-style-type: disc;'>\n<li style='margin-bottom: 5px; box-sizing: border-box;'>CCTV IP Megapixel.<\/li>\n<li style='margin-bottom: 5px; box-sizing: border-box;'>Instalaciones de video an\u00e1logo.<\/li>\n<li style='margin-bottom: 5px; box-sizing: border-box;'>Redes locales de alta velocidad.<\/li>\n<li style='margin-bottom: 5px; box-sizing: border-box;'>Redes inalambricas.<\/li>\n<li style='margin-bottom: 5px; box-sizing: border-box;'>Aplicaciones en 10BASE-T&comma; 100BASE-T&comma; 1000BASE-T.<\/li>\n<\/ul><\/div>\n<\/p><\/div>\n<p> <!-- Aprobaciones --> <\/p>\n<div style='flex: 1 1 300px; min-width: 280px;'>\n<div style='border-left: 5px solid #5091BE; border-radius: 5px; padding: 5px; box-shadow: 2px 2px 10px rgba(216&comma;216&comma;216&comma;0.5);'> <span style='font-size: 14pt;'><strong>Aprobaciones:<\/strong><\/span> <\/p>\n<ul style='padding-left: 20px; font-size: 15px; color: inherit; list-style-type: disc;'>\n<li style='margin-bottom: 5px; box-sizing: border-box;'>CMX<\/li>\n<li style='margin-bottom: 5px; box-sizing: border-box;'>ANSI\/TIA<\/li>\n<li style='margin-bottom: 5px; box-sizing: border-box;'>CENELEC EN.<\/li>\n<li style='margin-bottom: 5px; box-sizing: border-box;'>ISO\/IEC<\/li>\n<\/ul><\/div>\n<\/p><\/div>\n<\/p><\/div>\n<p> <!-- Nota de precio --> <\/p>\n<div style='margin: 30px 0; font-size: 15px;'>\n<p style='margin: 0 0 10px; color: inherit;'><strong>* Precio por carrete de 305 mts.<\/strong><\/p>\n<\/p><\/div>\n<p> <!-- Imagen gu\u00eda de selecci\u00f3n --> <\/p>\n<div style='margin: 30px 0;'> <img style='width: 100%; height: auto; border: 1px solid rgba(150&comma;150&comma;150&comma;0.3); border-radius: 8px;' src='https:\/\/ftp3.syscom.mx\/usuarios\/ccasares\/CCTV\/Guia%20rapida%20de%20seleccion%20de%20cable.jpg' alt='Gu\u00eda r\u00e1pida de selecci\u00f3n de cable'> <\/div>\n<p> <!-- Video 1 --> <\/p>\n<div style='position: relative; padding-bottom: 56.25%; height: 0; overflow: hidden; margin: 30px 0;'>   <\/div>\n<p> <!-- Video 2 --> <\/p>\n<div style='position: relative; padding-bottom: 56.25%; height: 0; overflow: hidden; margin: 30px 0;'>   <\/div>\n<\/p><\/div>\n","protected":false},"excerpt":{"rendered":"<p>Bobina de Cable UTP de 305 Metros (1000 Pies) Cat6 Aleaci?n de Cobre y Aluminio (CCA), Color Blanco, Uso Exclusivo Interior<\/p>\n","protected":false},"featured_media":8441,"comment_status":"open","ping_status":"closed","template":"","meta":[],"product_brand":[],"product_cat":[576],"product_tag":[488,577,435],"class_list":{"0":"post-8442","1":"product","2":"type-product","3":"status-publish","4":"has-post-thumbnail","6":"product_cat-categoria-6","7":"product_tag-cables-y-conectores","8":"product_tag-categoria-6","9":"product_tag-linkedpro-by-epcom","11":"first","12":"instock","13":"sale","14":"shipping-taxable","15":"purchasable","16":"product-type-simple"},"_links":{"self":[{"href":"https:\/\/soydeaqui.ddns.net\/pachuca\/index.php\/wp-json\/wp\/v2\/product\/8442","targetHints":{"allow":["GET"]}}],"collection":[{"href":"https:\/\/soydeaqui.ddns.net\/pachuca\/index.php\/wp-json\/wp\/v2\/product"}],"about":[{"href":"https:\/\/soydeaqui.ddns.net\/pachuca\/index.php\/wp-json\/wp\/v2\/types\/product"}],"replies":[{"embeddable":true,"href":"https:\/\/soydeaqui.ddns.net\/pachuca\/index.php\/wp-json\/wp\/v2\/comments?post=8442"}],"wp:featuredmedia":[{"embeddable":true,"href":"https:\/\/soydeaqui.ddns.net\/pachuca\/index.php\/wp-json\/wp\/v2\/media\/8441"}],"wp:attachment":[{"href":"https:\/\/soydeaqui.ddns.net\/pachuca\/index.php\/wp-json\/wp\/v2\/media?parent=8442"}],"wp:term":[{"taxonomy":"product_brand","embeddable":true,"href":"https:\/\/soydeaqui.ddns.net\/pachuca\/index.php\/wp-json\/wp\/v2\/product_brand?post=8442"},{"taxonomy":"product_cat","embeddable":true,"href":"https:\/\/soydeaqui.ddns.net\/pachuca\/index.php\/wp-json\/wp\/v2\/product_cat?post=8442"},{"taxonomy":"product_tag","embeddable":true,"href":"https:\/\/soydeaqui.ddns.net\/pachuca\/index.php\/wp-json\/wp\/v2\/product_tag?post=8442"}],"curies":[{"name":"wp","href":"https:\/\/api.w.org\/{rel}","templated":true}]}}