{"id":84409,"date":"2026-03-19T20:51:12","date_gmt":"2026-03-19T20:51:12","guid":{"rendered":"https:\/\/soydeaqui.ddns.net\/pachuca\/index.php\/producto\/kit-demo-de-punto-de-acceso-ekit-wi-fi-7-3-57-gbps-doble-banda-smart-antenna-seguridad-wpa3-sin-licenciamiento-con-inyector-poe\/"},"modified":"2026-03-19T20:51:12","modified_gmt":"2026-03-19T20:51:12","slug":"kit-demo-de-punto-de-acceso-ekit-wi-fi-7-3-57-gbps-doble-banda-smart-antenna-seguridad-wpa3-sin-licenciamiento-con-inyector-poe","status":"publish","type":"product","link":"https:\/\/soydeaqui.ddns.net\/pachuca\/index.php\/producto\/kit-demo-de-punto-de-acceso-ekit-wi-fi-7-3-57-gbps-doble-banda-smart-antenna-seguridad-wpa3-sin-licenciamiento-con-inyector-poe\/","title":{"rendered":"Kit Demo de Punto de Acceso eKit Wi-Fi 7 \/ 3.57 Gbps \/ Doble banda \/ Smart Antenna \/ Seguridad WPA3 \/ Sin licenciamiento \/ Con Inyector PoE"},"content":{"rendered":"<div class='product-description'>\n<div class='overview mb-8'>\n<div id='isPasted' data-bs-parent='#acordeon-vista-producto'>\n<div><img class='fr-fic fr-dii' src='https:\/\/ftp3.syscom.mx\/usuarios\/fotos\/AP362\/223796-captura_de_pantalla_2023-12-06_a_la(s)_15.46.50.png' width='100%' height='auto'><\/div>\n<\/div>\n<\/div>\n<\/div>\n<div class='accordion-item'>\n<div id='collapseCero' class='accordion-collapse collapse show' data-bs-parent='#acordeon-vista-producto'>\n<div class='accordion-body'> <\/div>\n<\/div>\n<\/div>\n<h1 class='hero-title ' style='box-sizing: border-box; font-size: 2.625rem; margin: 0px 0px 0.875rem; font-family: 'Libre Franklin'&comma; sans-serif; font-weight: 400; line-height: 1.04762; color: #1b1e21; pointer-events: none; text-shadow: rgba(0&comma; 0&comma; 0&comma; 0.2) 2px 4px 3px; background-color: #ffffff; text-align: center;'><span style='box-sizing: border-box; vertical-align: inherit; font-size: 18pt;'>Huawei eKitEngine AP371 es un punto de acceso (AP) de nueva generaci\u00f3n para interiores que cumple con la norma Wi-Fi 7 (802.11be). Puede prestar servicios simult\u00e1neamente en bandas de frecuencia de 2&comma;4 GHz (2&#215;2 MIMO) y 5 GHz (2&#215;2 MIMO). soportando un total de 4 flujos espaciales y alcanzando una velocidad de dispositivo de hasta 3&comma;57 Gbps. El punto de acceso cuenta con las nuevas tecnolog\u00edas Wi-Fi 7 y est\u00e1 equipado con antenas inteligentes integradas para para ofrecer a los usuarios se\u00f1ales Wi-Fi siempre activas&comma; lo que mejora significativamente la experiencia de red inal\u00e1mbrica de los usuarios. Adem\u00e1s&comma; tiene un tama\u00f1o compacto&comma; lo que facilita un despliegue flexible y ahorra la inversi\u00f3n del cliente. Estos puntos fuertes de puntos fuertes hacen que eKitEngine AP371 sea ideal para escenarios de cobertura en interiores&comma; como lugares de trabajo de peque\u00f1as y medianas empresas (PYME)&comma; hospitales y centros comerciales y supermercados..<\/span><\/h1>\n<h2 class='title' style='box-sizing: border-box; font-family: Rubik&comma; Helvetica&comma; Arial&comma; sans-serif; font-weight: 500; line-height: 1.1; color: #333333; margin-top: 20px; margin-bottom: 10px; font-size: 30px; background-color: #ffffff;'><img class='fr-fic fr-dib' style='box-sizing: border-box; border: 0px; font-family: 'Helvetica Neue'&comma; Helvetica&comma; Arial&comma; sans-serif; font-size: 14px; display: block; margin-left: auto; margin-right: auto;' src='https:\/\/ftp3.syscom.mx\/usuarios\/fotos\/FG736\/241827-ekit-logo.png' alt='' width='400' height='131'><\/h2>\n<p><span class='thumb-info-specs' style='box-sizing: border-box; display: block; margin-bottom: 15px; margin-top: -3px; color: #ff0000;'> <\/span><\/p>\n<div class='row'>\n<div class='col-12 col-md-4 mb-3'>\n<ul class='bg-light border-5 border-bottom border-primary list-group list-group-flush rounded-2 shadow'>\n<li class='list-group-item text-bg-primary bg-primary fw-bolder'><strong>Especificaciones:<\/strong><\/li>\n<li class='list-group-item py-1'>Dimesiones: 180 mm x 35 mm<\/li>\n<li class='list-group-item py-1'>Puertos: 1 x Uplink PoE 2.5 Gbps<\/li>\n<li class='list-group-item py-1'>Protocolo Wi-Fi 7 (802.11be)<\/li>\n<li class='list-group-item py-1'>Ganancia de antenas: 2.4 GHz: 4 dBi \/ 5 GHz: 5 dBi<\/li>\n<li class='list-group-item py-1'>Potencia de salida: 2.4 GHz 20 dBm \/ 5 GHz 20 dBm<\/li>\n<li class='list-group-item py-1'>10 SSIDs por cada radio<\/li>\n<li class='list-group-item py-1'>Cantidad m\u00e1xima de usuarios: 256 (Recomendado para 150 usuarios)<\/li>\n<li class='list-group-item py-1'>Fuente de alimentaci\u00f3n: PoE af\/at<\/li>\n<li class='list-group-item py-1'>M\u00e1ximo consumo: 13.6W<\/li>\n<li class='list-group-item py-1'>Temperatura de operaci\u00f3n: 0\u00b0C to 50\u00b0C<\/li>\n<li class='list-group-item py-1'>Peso: .470 kg <\/li>\n<\/ul>\n<\/div>\n<div class='col-12 col-md-4 mb-3'>\n<ul class='bg-light border-5 border-bottom border-primary list-group list-group-flush rounded-2 shadow'>\n<li class='list-group-item text-bg-primary bg-primary fw-bolder'><strong>Caracter\u00edsticas de las interfaces:<\/strong><\/li>\n<li class='list-group-item py-1'>1 Puerto PoE Uplink RJ45 100\/1000\/2500 Mbit\/s (Autonegociable)<\/li>\n<li class='list-group-item py-1'>IEEE 802.11 b\/g\/n\/ax\/be (2.4 GHz)<\/li>\n<li class='list-group-item py-1'>IEEE 802.11 a\/n\/ac\/ax\/be (5 GHz)<\/li>\n<li class='list-group-item py-1'>MU-MIMO (2.4 GHz: 2&#215;2 &#038; 5 GHz: 4&#215;4)<\/li>\n<li class='list-group-item py-1'>Beamforming<\/li>\n<li class='list-group-item py-1'>802.11k and 802.11v smart roaming<\/li>\n<li class='list-group-item py-1'>802.11r fast roaming (\u2264 50 ms)<\/li>\n<li class='list-group-item py-1'>MLO (Multi Link Operation)<\/li>\n<li class='list-group-item py-1'>Modulaci\u00f3n de hasta 4096 QAM<\/li>\n<li class='list-group-item py-1'>Ancho de canal de hasta 160 MHz<\/li>\n<\/ul>\n<\/div>\n<div class='col-12 col-md-4 mb-3'>\n<ul class='bg-light border-5 border-bottom border-primary list-group list-group-flush rounded-2 shadow'>\n<li class='list-group-item text-bg-primary bg-primary'><strong>Funciones del equipo:<\/strong><\/li>\n<li class='list-group-item py-1'>Sincronizaci\u00f3n autom\u00e1tica de la configuraci\u00f3n Wi-Fi<\/li>\n<li class='list-group-item py-1'>Soluci\u00f3n de problemas basado en IA (en minutos)<\/li>\n<li class='list-group-item py-1'>Soporta funci\u00f3n MESH<\/li>\n<li class='list-group-item py-1'>Modos de gesti\u00f3n: Interfaz web&comma; CLI o Nube de SNC de Huawei<\/li>\n<li class='list-group-item py-1'>Aislamiento de clientes en la misma VLAN<\/li>\n<li class='list-group-item py-1'>WPA-WPA2\/WPA2-WPA3 Autenticaci\u00f3n h\u00edbrida<\/li>\n<li class='list-group-item py-1'>Calibraci\u00f3n autom\u00e1tica de radios<\/li>\n<\/ul>\n<\/div>\n<\/div>\n<div class='row mb-3'>\n<div class='col-sm-6'>\n<h2> <\/h2>\n<h2>\u00bfC\u00f3mo funciona Smart Antenna?<\/h2>\n<p><span style='color: #333333;'>Las redes Wi-Fi tradicionales tienen direcciones de cobertura fijas&comma; lo que genera muchos puntos ciegos.<\/span><\/p>\n<p><span style='color: #333333;'>Ajuste inteligentemente el \u00e1ngulo de la antena y la intensidad de la se\u00f1al para cubrir con precisi\u00f3n las dispositivos finales.<\/span><\/p>\n<\/div>\n<div class='col-sm-6'>\n<div class='ratio ratio-16x9'><span class='fr-video fr-deletable fr-fvc fr-dvi fr-draggable' contenteditable='false'><video class='img-thumbnail fr-fvc fr-dvi fr-draggable' style='background-color: rgb(0&comma; 0&comma; 0);' autoplay='autoplay' loop='loop' muted='' controls='controls' width='300' height='150'><source src='https:\/\/e-file.huawei.com\/mediares\/MarketingMaterial_MCD\/EBG\/PUBLIC\/en\/2024\/04\/64deee88-adbe-44f5-bd8d-d4b5599c9b51.mp4' type='video\/mp4'>Tu navegador no soporta el elemento de video.<\/video><\/span><\/div>\n<\/div>\n<\/div>\n<div style='display: flex; flex-wrap: wrap; background-color: #fff; padding: 30px; gap: 20px; align-items: center;'><!-- Imagen --><\/p>\n<div style='flex: 1 1 400px; min-width: 300px;'><img class='fr-fic fr-dii' style='width: 100%; border-radius: 8px;' src='https:\/\/ftp3.syscom.mx\/usuarios\/fotos\/AP271E\/241040-snc.png' alt='IdeaHub Board 3 Pro overview'><\/div>\n<p><!-- Descripci\u00f3n --><\/p>\n<div style='flex: 1 1 400px; min-width: 300px;'>\n<p style='font-size: 16px; line-height: 1.6; color: #333;'>M\u00e9todos flexibles de gesti\u00f3n: desde la interfaz web&comma; APP (iOS\/Android\/Harmony OS) y desde la <a href='https:\/\/ekit.huawei.com\/'>nube SNC<\/a> de Huawei.<\/p>\n<p style='font-size: 16px; line-height: 1.6; color: #333;'>Comparta proyectos para clientes especificos&comma; gestione y de soporte t\u00e9cnico de manera remota sin pagos extras&comma; ya que es totalmente gratuita la plataforma de eKit<\/p>\n<\/div>\n<\/div>\n<div style='display: flex; flex-wrap: wrap; background-color: #fff; padding: 30px; gap: 20px; align-items: center; flex-direction: row;'><!-- Descripci\u00f3n (Izquierda) --><\/p>\n<div style='flex: 1 1 400px; min-width: 300px;'>\n<p style='font-size: 16px; line-height: 1.6; color: #333;'>Lo importante del soporte t\u00e9cnico o solucionar problemas&comma; es hacerlo de manera r\u00e1pida y efectiva. <br \/>Huawei viene a revolucionar esto con la funci\u00f3n de soluci\u00f3n de problemas impulsado por la IA (Inteligencia artificial) teniendo un diagnostico de la red en sus diferentes parametros en cuesti\u00f3n de minutos&comma; indicando problemas y posibles soluciones de cada uno de ellos.<\/p>\n<\/div>\n<p><!-- Imagen (Derecha) --><\/p>\n<div style='flex: 1 1 400px; min-width: 300px;'><img class='fr-fic fr-dii' style='width: 100%; border-radius: 8px;' src='https:\/\/ftp3.syscom.mx\/usuarios\/fotos\/AP271E\/241040-ia_troubleshooting.png' alt='IdeaHub Board 3 Pro overview'><\/div>\n<\/div>\n<div style='display: flex; flex-wrap: wrap; background-color: #fff; padding: 30px; gap: 20px; align-items: center;'><!-- Imagen --><\/div>\n<div style='display: flex; flex-wrap: wrap; background-color: #fff; padding: 30px; gap: 20px; align-items: center; flex-direction: row;'>\n<div style='display: flex; flex-wrap: wrap; background-color: #fff; padding: 30px; gap: 20px; align-items: center;'>\n<div style='flex: 1 1 400px; min-width: 300px;'><img class='fr-fic fr-dii' style='width: 100%; border-radius: 8px;' src='https:\/\/ftp3.syscom.mx\/usuarios\/fotos\/AP271E\/241040-9c1384c482cb48a68f84e5b74444479a.jpeg' alt='IdeaHub Board 3 Pro overview'><\/div>\n<p><!-- texto (Izquierda) --><\/p>\n<div style='flex: 1 1 400px; min-width: 300px;'>\n<p style='font-size: 16px; line-height: 1.6; color: #333;'>Para dimensionar una red Wi-Fi con un archivo entregable para el usuario final&comma; puedes utilizar la herramienta de planeacci\u00f3n <a href='https:\/\/sg.o3community.huawei.com\/sg\/en\/o3\/detail?activeIndex=undefined&#038;o3src=https:\/\/stm-sg.o3community.huawei.com\/stmo3\/en\/tool\/tool-details-extranet-o3-sxz%3Fid%3DGT2021113005'>WLAN Planner de Huawei<\/a>&comma; en la cual podras dibujar las paredes del sitio seg\u00fan su material para simular la cobertura que se tendr\u00e1 de acuerdo a los puntos de acceso Wi-Fi que selecciones.<\/p>\n<p style='font-size: 16px; line-height: 1.6; color: #333;'>\n<\/div>\n<p><\/p>\n<div class='row mb-3'> <\/div>\n<div style='display: flex; flex-wrap: wrap; background-color: #fff; padding: 30px; gap: 20px; align-items: center; flex-direction: row;'><!-- Descripci\u00f3n (Izquierda) --><\/p>\n<div style='flex: 1 1 400px; min-width: 300px;'>\n<p style='font-size: 16px; line-height: 1.6; color: #333;'>Con el siguiente c\u00f3digo QR puedes descarga la aplicaci\u00f3n de Huawei eKit en donde podr\u00e1s dar de alta equipos como: Routers&comma; Switch y puntos de acceso de la l\u00ednea eKit&comma; en cuesti\u00f3n de minutos y poder desplegar redes de las comodidad de su stmarphone.<\/p>\n<p style='font-size: 16px; line-height: 1.6; color: #333;'>Disponible para iOS&comma; Android y Harmony OS.<\/p>\n<\/div>\n<p><!-- Imagen (Derecha) --><\/p>\n<div style='flex: 1 1 400px; min-width: 300px;'><img class='fr-fic fr-dii' style='width: 100%; border-radius: 8px;' src='https:\/\/ftp3.syscom.mx\/usuarios\/fotos\/AP271E\/241040-223794-ekitqr.png' alt='IdeaHub Board 3 Pro overview'><\/div>\n<\/div>\n<div style='display: flex; flex-wrap: wrap; background-color: #fff; padding: 30px; gap: 20px; align-items: center;'><!-- Imagen --><\/p>\n<div style='flex: 1 1 400px; min-width: 300px;'><img class='fr-fic fr-dii' style='width: 100%; border-radius: 8px;' src='https:\/\/ftp3.syscom.mx\/usuarios\/fotos\/AP371\/231653-qam_wi-fi_7.png' alt='IdeaHub Board 3 Pro overview'><\/div>\n<p><!-- texto (Izquierda) --><\/p>\n<div style='flex: 1 1 400px; min-width: 300px;'>\n<p style='font-size: 16px; line-height: 1.6; color: #333;'><span style='color: #333333;'>Modulaci\u00f3n m\u00e1xima de 4096-QAM<\/span><\/p>\n<p style='font-size: 16px; line-height: 1.6; color: #333;'><span style='color: #333333;'>Se transmiten muchos m\u00e1s datos en el mismo periodo&comma; lo que mejora la velocidad de transmisi\u00f3n en un 20 %. <\/span><span style='color: #333333;'>Esto se se convierte en una mejor expericiencia Wi-Fi para los dispositivos finales&comma; al est\u00e1r conectados en puntos de acceso Huawei eKit.<\/span><\/p>\n<p style='font-size: 16px; line-height: 1.6; color: #333;'>\n<\/div>\n<p><\/p>\n<div class='row mb-3'>\n<div class='col-sm-6'>\n<\/div>\n<\/div>\n<h1 style='text-align: center;'> <\/h1>\n<h1 style='text-align: center;'> <\/h1>\n<h1 style='text-align: center;'>Escenario t\u00edpicos de aplicaci\u00f3n<\/h1>\n<p><!-- Cuadrantes para escenarios --><\/p>\n<div class='row mb-2'>\n<div class='col-12 col-lg py-1'> <\/div>\n<\/div>\n<div class='row mb-3'>\n<div class='col-12 col-md-4 mb-3'>\n<div class='card h-100'>\n<div class='card-header'><img class='img-fluid card-img-top fr-fic fr-dii' src='https:\/\/ftp3.syscom.mx\/usuarios\/fotos\/AP271E\/241040-hotel.png' width='788' height='384'><\/div>\n<div class='card-body border-5 border-primary border-top card-body'>\n<h2>Hoteler\u00eda<\/h2>\n<\/p>\n<\/div>\n<\/div>\n<\/div>\n<div class='col-12 col-md-4 mb-3'>\n<div class='card h-100'>\n<div class='card-header'><img class='img-fluid card-img-top fr-fic fr-dii' src='https:\/\/ftp3.syscom.mx\/usuarios\/fotos\/AP572\/241030-restaurante.jpg' width='784' height='382'><\/div>\n<div class='card-body border-5 border-primary border-top card-body'>\n<h2>Restaurantes <\/h2>\n<\/div>\n<\/div>\n<\/div>\n<div class='col-12 col-md-4 mb-3'>\n<div class='card h-100'>\n<div class='card-header'><img class='img-fluid card-img-top fr-fic fr-dii' src='https:\/\/ftp3.syscom.mx\/usuarios\/fotos\/AP271E\/241040-oficina.png' width='784' height='378'><\/div>\n<div class='card-body border-5 border-primary border-top card-body'>\n<h2>Oficinas<\/h2>\n<\/div>\n<\/div>\n<\/div>\n<\/div>\n<div class='row mb-3'>\n<div class='col-12 col-md-4 mb-3'>\n<div class='card h-100'>\n<div class='card-header'><img class='img-fluid card-img-top fr-fic fr-dii' src='https:\/\/ftp3.syscom.mx\/usuarios\/fotos\/AP271E\/241040-escuela.png' width='790' height='382'><\/div>\n<div class='card-body border-5 border-primary border-top card-body'>\n<h2>Salones de clases<\/h2>\n<\/p>\n<\/div>\n<\/div>\n<\/div>\n<div class='col-12 col-md-4 mb-3'>\n<div class='card h-100'>\n<div class='card-header'><img class='img-fluid card-img-top fr-fic fr-dii' src='https:\/\/ftp3.syscom.mx\/usuarios\/fotos\/AP271E\/241040-departamentos.png' width='792' height='380'><\/div>\n<div class='card-body border-5 border-primary border-top card-body'>\n<h2>Departamentos \/ Airbnb<\/h2>\n<\/div>\n<\/div>\n<\/div>\n<div class='col-12 col-md-4 mb-3'>\n<div class='card h-100'>\n<div class='card-header'><img class='img-fluid card-img-top fr-fic fr-dii' src='https:\/\/ftp3.syscom.mx\/usuarios\/fotos\/AP271E\/241040-tienda2.png' width='768' height='384'><\/div>\n<div class='card-body border-5 border-primary border-top card-body'>\n<h2>Tiendas comerciales \/ Retail<\/h2>\n<\/div>\n<\/div>\n<\/div>\n<\/div>\n<\/div>\n<\/div>\n<\/div>\n","protected":false},"excerpt":{"rendered":"<p>Kit Demo de Punto de Acceso eKit Wi-Fi 7 \/ 3.57 Gbps \/ Doble banda \/ Smart Antenna \/ Seguridad WPA3 \/ Sin licenciamiento \/ Con Inyector PoE<\/p>\n","protected":false},"featured_media":84408,"comment_status":"open","ping_status":"closed","template":"","meta":[],"product_brand":[],"product_cat":[1794],"product_tag":[718,1795,1479],"class_list":{"0":"post-84409","1":"product","2":"type-product","3":"status-publish","4":"has-post-thumbnail","6":"product_cat-puntos-de-acceso","7":"product_tag-huawei","8":"product_tag-puntos-de-acceso","9":"product_tag-redes-wifi","11":"first","12":"instock","13":"sale","14":"shipping-taxable","15":"purchasable","16":"product-type-simple"},"_links":{"self":[{"href":"https:\/\/soydeaqui.ddns.net\/pachuca\/index.php\/wp-json\/wp\/v2\/product\/84409","targetHints":{"allow":["GET"]}}],"collection":[{"href":"https:\/\/soydeaqui.ddns.net\/pachuca\/index.php\/wp-json\/wp\/v2\/product"}],"about":[{"href":"https:\/\/soydeaqui.ddns.net\/pachuca\/index.php\/wp-json\/wp\/v2\/types\/product"}],"replies":[{"embeddable":true,"href":"https:\/\/soydeaqui.ddns.net\/pachuca\/index.php\/wp-json\/wp\/v2\/comments?post=84409"}],"wp:featuredmedia":[{"embeddable":true,"href":"https:\/\/soydeaqui.ddns.net\/pachuca\/index.php\/wp-json\/wp\/v2\/media\/84408"}],"wp:attachment":[{"href":"https:\/\/soydeaqui.ddns.net\/pachuca\/index.php\/wp-json\/wp\/v2\/media?parent=84409"}],"wp:term":[{"taxonomy":"product_brand","embeddable":true,"href":"https:\/\/soydeaqui.ddns.net\/pachuca\/index.php\/wp-json\/wp\/v2\/product_brand?post=84409"},{"taxonomy":"product_cat","embeddable":true,"href":"https:\/\/soydeaqui.ddns.net\/pachuca\/index.php\/wp-json\/wp\/v2\/product_cat?post=84409"},{"taxonomy":"product_tag","embeddable":true,"href":"https:\/\/soydeaqui.ddns.net\/pachuca\/index.php\/wp-json\/wp\/v2\/product_tag?post=84409"}],"curies":[{"name":"wp","href":"https:\/\/api.w.org\/{rel}","templated":true}]}}