{"id":84375,"date":"2026-03-19T20:49:41","date_gmt":"2026-03-19T20:49:41","guid":{"rendered":"https:\/\/soydeaqui.ddns.net\/pachuca\/index.php\/producto\/switch-poe-no-administrable-7-puertos-10-100-mbps-802-3-af-at-30-w-1-puerto-10-100-mbps-hi-poe-90-w-2-puertos-1000-mbps-uplink-modo-extendido-hasta-300-metros-110-watts-2\/"},"modified":"2026-03-19T20:49:43","modified_gmt":"2026-03-19T20:49:43","slug":"switch-poe-no-administrable-7-puertos-10-100-mbps-802-3-af-at-30-w-1-puerto-10-100-mbps-hi-poe-90-w-2-puertos-1000-mbps-uplink-modo-extendido-hasta-300-metros-110-watts-2","status":"publish","type":"product","link":"https:\/\/soydeaqui.ddns.net\/pachuca\/index.php\/producto\/switch-poe-no-administrable-7-puertos-10-100-mbps-802-3-af-at-30-w-1-puerto-10-100-mbps-hi-poe-90-w-2-puertos-1000-mbps-uplink-modo-extendido-hasta-300-metros-110-watts-2\/","title":{"rendered":"Switch PoE+ \/ No Administrable \/ 7 Puertos 10\/100 Mbps 802.3 af\/at (30 W) \/ 1 Puerto 10\/100 Mbps Hi-PoE (90 W)  \/ 2 Puertos 1000 Mbps Uplink \/ Modo Extendido hasta 300 Metros \/ 110 Watts"},"content":{"rendered":"<div style='width: 100%; max-width: 1200px; margin: 0 auto; font-family: sans-serif; line-height: 1.6; color: inherit; background-color: transparent;'> <!-- Logo Hikvision --> <\/p>\n<div style='text-align: center; margin: 20px 0;'> <img style='width: 45%; height: auto; border: 1px solid rgba(150&comma;150&comma;150&comma;0.3); border-radius: 8px;' src='https:\/\/ftp3.syscom.mx\/usuarios\/jsosa\/HIKVISION\/imagenes\/logo\/hikvision%20see%20far.png' alt='Logo Hikvision'> <\/div>\n<p> <!-- Videos --> <\/p>\n<div style='display: grid; grid-template-columns: repeat(auto-fill&comma; minmax(280px&comma; 1fr)); gap: 20px; margin: 30px 0;'>\n<div style='position: relative; padding-bottom: 56.25%; height: 0; overflow: hidden;'>   <\/div>\n<div style='position: relative; padding-bottom: 56.25%; height: 0; overflow: hidden;'>   <\/div>\n<div style='position: relative; padding-bottom: 56.25%; height: 0; overflow: hidden;'>   <\/div>\n<\/p><\/div>\n<p> <!-- Especificaciones --> <\/p>\n<h3 style='font-size: 22px; border-bottom: 2px solid currentColor; padding-bottom: 5px; margin-top: 0; color: inherit; opacity: 0.8; text-align: center;'>Especif\u00edcaciones<\/h3>\n<p> <!-- Caracter\u00edsticas Principales --> <\/p>\n<div style='display: flex; flex-wrap: wrap; gap: 20px; margin: 30px 0;'>\n<div style='flex: 1 1 300px; min-width: 280px; border: 1px solid rgba(150&comma; 150&comma; 150&comma; 0.4); border-radius: 8px; overflow: hidden;'>\n<div style='padding: 15px; background: #df001e; border-bottom: 1px solid #a80000; font-weight: bold; font-size: 18px; color: #ffffff;'>Caracter\u00edsticas Principales<\/div>\n<div style='padding: 15px; color: inherit;'>\n<ul style='padding-left: 20px; margin: 0; font-size: 14px; list-style-type: disc;'>\n<li style='margin-bottom: 5px;'>Switch de 7 puertos 10\/100 Mbps PoE (30W)<\/li>\n<li style='margin-bottom: 5px;'>1 Puerto 10\/100 Mbps HiPoE (90W) &#8211; Ideal para PTZ robustos<\/li>\n<li style='margin-bottom: 5px;'>2 Puertos UPLINK 10\/100\/1000 Mbps<\/li>\n<li style='margin-bottom: 5px;'>Modo Extendido HASTA 300 Metros<\/li>\n<li style='margin-bottom: 5px;'>Optimizaci\u00f3n de buffer para garantizar la transmisi\u00f3n de video<\/li>\n<li style='margin-bottom: 5px; font-weight: bold;'>No cuenta con interfaz web<\/li>\n<li style='margin-bottom: 5px; font-weight: bold;'>Tasa de reenv\u00edo de paquetes 4.17 MPPS<\/li>\n<\/ul><\/div>\n<\/p><\/div>\n<p> <!-- Caracter\u00edsticas F\u00edsicas y El\u00e9ctricas --> <\/p>\n<div style='flex: 1 1 300px; min-width: 280px; border: 1px solid rgba(150&comma; 150&comma; 150&comma; 0.4); border-radius: 8px; overflow: hidden;'>\n<div style='padding: 15px; background: #df001e; border-bottom: 1px solid #a80000; font-weight: bold; font-size: 18px; color: #ffffff;'>Caracter\u00edsticas F\u00edsicas y El\u00e9ctricas<\/div>\n<div style='padding: 15px; color: inherit;'>\n<ul style='padding-left: 20px; margin: 0; font-size: 14px; list-style-type: disc;'>\n<li style='margin-bottom: 5px;'>Capacidad m\u00e1xima de Watts: 110 W<\/li>\n<li style='margin-bottom: 5px;'>Administraci\u00f3n m\u00e1xima de Watts por puerto: 90 W<\/li>\n<li style='margin-bottom: 5px;'>Alimentaci\u00f3n: 48 V DC&comma; 2.5 A (Incluye fuente de alimentaci\u00f3n)<\/li>\n<li style='margin-bottom: 5px;'>Dimensiones: 217.6 mm \u00d7 27.8 mm \u00d7 103.55 mm<\/li>\n<li style='margin-bottom: 5px;'>Peso: 1.22 Kg<\/li>\n<\/ul><\/div>\n<\/p><\/div>\n<\/p><\/div>\n<p> <!-- Caracter\u00edsticas Avanzadas --> <\/p>\n<div style='border: 1px solid rgba(150&comma; 150&comma; 150&comma; 0.4); border-radius: 8px; overflow: hidden; margin: 30px 0;'>\n<div style='padding: 15px; background: #df001e; border-bottom: 1px solid #a80000; font-weight: bold; font-size: 18px; color: #ffffff;'>Caracter\u00edsticas Avanzadas<\/div>\n<div style='padding: 15px; color: inherit;'>\n<ul style='padding-left: 20px; margin: 0; font-size: 14px; list-style-type: disc;'>\n<li style='margin-bottom: 5px; font-weight: bold;'>Puertos VIP (Puertos 1-8)<\/li>\n<li style='margin-bottom: 5px; font-weight: bold;'>Modo extendido (Para habilitar el modo extendido es necesario mover el dip switch que se encuentra en la parte trasera)<\/li>\n<\/ul><\/div>\n<\/p><\/div>\n<p> <!-- Consideraciones --> <\/p>\n<div style='border: 1px solid rgba(150&comma; 150&comma; 150&comma; 0.4); border-radius: 8px; overflow: hidden; margin: 30px 0;'>\n<div style='padding: 15px; background: #df001e; border-bottom: 1px solid #a80000; font-weight: bold; font-size: 18px; color: #ffffff;'>Consideraciones<\/div>\n<div style='padding: 15px; color: inherit;'>\n<ul style='padding-left: 20px; margin: 0; font-size: 14px; list-style-type: disc;'>\n<li style='margin-bottom: 5px;'>Nota: Las distancias del modo extendido pueden variar seg\u00fan las condiciones de instalaci\u00f3n y los dispositivos utilizados&comma; es necesario usar cable UTP CAT 6 100% COBRE<\/li>\n<li style='margin-bottom: 5px; font-weight: bold;'>El modo extendido no aplica para c\u00e1maras PTZ<\/li>\n<li style='margin-bottom: 5px;'>El modo extendido y el extensor PoE solo soportan equipos que trabajen con el est\u00e1ndar PoE (IEEE 802.3af\/at)<\/li>\n<li style='margin-bottom: 5px;'>El switch suministra PoE estandarizado (PoE Activo) no puede alimentar equipos que manejen PoE Pasivo<\/li>\n<li style='margin-bottom: 5px; font-weight: bold; color: #e74c3c;'>NO montable en rack<\/li>\n<\/ul><\/div>\n<\/p><\/div>\n<p> <!-- Distancias Modo Extendido --> <\/p>\n<h3 style='font-size: 22px; border-bottom: 2px solid currentColor; padding-bottom: 5px; margin-top: 30px; margin-bottom: 15px; color: inherit; opacity: 0.8; text-align: center;'>Distancias Modo Extendido<\/h3>\n<div style='text-align: center; margin: 20px 0;'> <img style='width: 100%; height: auto; border: 1px solid rgba(150&comma;150&comma;150&comma;0.3); border-radius: 8px;' src='https:\/\/ftp3.syscom.mx\/usuarios\/jsosa\/HIKVISION\/redes\/poeextended.PNG' alt='Distancias Modo Extendido'> <\/div>\n<p> <!-- Funcionamiento PoE Extended --> <\/p>\n<h3 style='font-size: 22px; border-bottom: 2px solid currentColor; padding-bottom: 5px; margin-top: 30px; margin-bottom: 15px; color: inherit; opacity: 0.8; text-align: center;'>Funcionamiento PoE Extended<\/h3>\n<div style='text-align: center; margin: 20px 0;'> <img style='width: 100%; height: auto; border: 1px solid rgba(150&comma;150&comma;150&comma;0.3); border-radius: 8px;' src='https:\/\/ftp3.syscom.mx\/usuarios\/alexh\/Hikvision\/imagen\/Distancias.PNG' alt='Funcionamiento PoE Extended'> <\/div>\n<div style='margin: 20px 0; font-size: 14px;'>\n<p>Los Switches PoE de Hikvision permiten al momento de utilizar un extensor PoE Hikvision modelo <a href='https:\/\/www.syscom.mx\/producto\/DS-3E0103DP-E-R-HIKVISION-230170.html' style='color: inherit; text-decoration: underline;'>DS-3E0103DP-E\/R<\/a> o <a href='https:\/\/www.syscom.mx\/producto\/DS-3E0503DP-E-R-HIKVISION-230171.html' style='color: inherit; text-decoration: underline;'>DS-3E0503DP-E\/R<\/a> alcanzar distancias de hasta <strong>200 metros<\/strong><\/p>\n<\/p><\/div>\n<\/p><\/div>\n","protected":false},"excerpt":{"rendered":"<p>Switch PoE+ \/ No Administrable \/ 7 Puertos 10\/100 Mbps 802.3 af\/at (30 W) \/ 1 Puerto 10\/100 Mbps Hi-PoE (90 W)  \/ 2 Puertos 1000 Mbps Uplink \/ Modo Extendido hasta 300 Metros \/ 110 Watts<\/p>\n","protected":false},"featured_media":32,"comment_status":"open","ping_status":"closed","template":"","meta":[],"product_brand":[],"product_cat":[1986],"product_tag":[54,664,1987],"class_list":{"0":"post-84375","1":"product","2":"type-product","3":"status-publish","4":"has-post-thumbnail","6":"product_cat-switches-poe","7":"product_tag-hikvision","8":"product_tag-networking","9":"product_tag-switches-poe","11":"first","12":"outofstock","13":"sale","14":"shipping-taxable","15":"purchasable","16":"product-type-simple"},"_links":{"self":[{"href":"https:\/\/soydeaqui.ddns.net\/pachuca\/index.php\/wp-json\/wp\/v2\/product\/84375","targetHints":{"allow":["GET"]}}],"collection":[{"href":"https:\/\/soydeaqui.ddns.net\/pachuca\/index.php\/wp-json\/wp\/v2\/product"}],"about":[{"href":"https:\/\/soydeaqui.ddns.net\/pachuca\/index.php\/wp-json\/wp\/v2\/types\/product"}],"replies":[{"embeddable":true,"href":"https:\/\/soydeaqui.ddns.net\/pachuca\/index.php\/wp-json\/wp\/v2\/comments?post=84375"}],"wp:featuredmedia":[{"embeddable":true,"href":"https:\/\/soydeaqui.ddns.net\/pachuca\/index.php\/wp-json\/wp\/v2\/media\/32"}],"wp:attachment":[{"href":"https:\/\/soydeaqui.ddns.net\/pachuca\/index.php\/wp-json\/wp\/v2\/media?parent=84375"}],"wp:term":[{"taxonomy":"product_brand","embeddable":true,"href":"https:\/\/soydeaqui.ddns.net\/pachuca\/index.php\/wp-json\/wp\/v2\/product_brand?post=84375"},{"taxonomy":"product_cat","embeddable":true,"href":"https:\/\/soydeaqui.ddns.net\/pachuca\/index.php\/wp-json\/wp\/v2\/product_cat?post=84375"},{"taxonomy":"product_tag","embeddable":true,"href":"https:\/\/soydeaqui.ddns.net\/pachuca\/index.php\/wp-json\/wp\/v2\/product_tag?post=84375"}],"curies":[{"name":"wp","href":"https:\/\/api.w.org\/{rel}","templated":true}]}}