{"id":84363,"date":"2026-03-19T20:49:08","date_gmt":"2026-03-19T20:49:08","guid":{"rendered":"https:\/\/soydeaqui.ddns.net\/pachuca\/index.php\/producto\/pinza-perra-ajustable-de-mordaza-recta-10\/"},"modified":"2026-03-19T20:49:10","modified_gmt":"2026-03-19T20:49:10","slug":"pinza-perra-ajustable-de-mordaza-recta-10","status":"publish","type":"product","link":"https:\/\/soydeaqui.ddns.net\/pachuca\/index.php\/producto\/pinza-perra-ajustable-de-mordaza-recta-10\/","title":{"rendered":"Pinza Perra Ajustable de Mordaza Recta 10\u201d"},"content":{"rendered":"<\/p>\n<p style='text-align: center;'><span style='font-family: tahoma&comma; arial&comma; helvetica&comma; sans-serif; font-size: 12pt;'><img class='fr-fic fr-dii' src='data:image\/png;base64&comma;iVBORw0KGgoAAAANSUhEUgAAANcAAABnCAIAAAAc1UCXAAAT7klEQVR4Ae2dd1gbR\/rHBTZuJE7suCUmubSLfYmd\/iTPXS6\/5HJpvzzJJffLpdwjATZgg8GY2MEluLfExnFix7Fjp5zL4TSrAqIITDFgehEguqkSIASoorba2V+khWG1orotQcOzf8xKu7Pzvu9nvzPzzshmYY4\/FpuLDuSBm+wBkj0Mw1iIwpvsevQ46AFEIdJ+5j2AKGQ+BlAS3LaAKEQUMu8BRCHzMXBbCYSGIwoRhcx7AFHIfAygJLhtAVGIKGTeA4hC5mPgthIIDUcUIgqZ9wCikPkYQElw2wKiEFHIvAcQhczHwG0lEBqOKEQUMu8BRCHzMYCS4LYFRCGikHkPIAqZj4HbSiA0HFGIKGTeA4hC5mMAJcFtC4hCRCHzHkAUMh8Dt5VAaDiiEFHIvAcQhczHAEqC2xYQhYhC5j2AKGQ+Bm4rgdBwRCGikHkPIAqZjwGUBLctIAoRhcx7AFHIfAzcVgKh4YhCRCHzHkAUMh8DKAluW0AUIgqZ9wCikPkYuK0EQsMRhYhC5j2AKGQ+BlAS3LaAKEQUMu8BRCHzMXBbCYSG3xAKH94kqZBrcQBGOKw2vENrzqzrjk6sfzU62ztQ6MGZhEB4cLhT\/XhLN0nWxkjP5rQmV3VJarsFJYrdouq\/H8ia5s+flFZDvMZYuDEUbpZUKnTEmP8AQbSrTd9mNL1yIGtOcOwYmz7BL5u2gv\/0jrSdgqpyudaGgyGd0W2wnM5qfuuLnElj9dUFZUJQCCPUY7D8N6d1eVTK1Rkzce6aHxr\/eWJ9Q5cBB0PzB00mCKLHYBGWtL\/4Wabb6uLEopAgCBwQnVrz8\/szJw5S423J8q2p1e264fSPyh+13G2whJwpnerHG+\/jJsH1E45CMjAao\/Wdo7lefvzfnYuf25shbdNQ8Rp7WWfC1v8oneb\/+7P6GsN0QyicvyYu7FzZbkH1cMceYfWBhLrT2S3ZDT1Gi23IOFW1657dnX6N5t3k2x\/alFzcMjSCOCDkGlNJq7a4RdPYY8Rs+JBWG8y2iPPlnr52Rbzn4yR43GRDbvLjbgiFHmzuFF\/eVL8RDv40f753oHBeSNzDn6SczGjqc2ERACKpUnmT3XEtj5u9SjQkghYb\/kuh4sWDWYvDxQtC4xeExt0VLn5mT8bXaY1mbIg3sMdgeePzHJY\/X642kUdbr5E1qXvqG0LheGM5xZf3zle5DV0GV3nwO1U43toYuX6qH28bT0YbC2I2UNyiefGzS8M16aHNEolMabIO6iJmA9Xtun8ezWWt4ENvAABY\/pN5vHhDKPQOFP55T8Yr0VnweHbX6H3rC\/szG1V90PVkobXHOH9N3HBRnDif\/2mzpKxNS208ZgPcQsV96xNHbuRv6njCLop2EOW9puiEugc+TrLfgigc2XGjfvtQZHJmbXen1gyPpIrOUe9isbnvfJVnsjp1UjgAvkzIodcKgc\/6xPsik2cECvtbzuGyODz74fKf93pwuKtOl1idh3rSVs2DHyd5uFzsevu8NXFJlcpL9d3P78ucsVLQfwGi0NVT4\/rkYZesdUFj71hqmBMcKyrtoCoKQRAxOa1THKN1sgYPNnduSOxbR3LP5baVKXRShY5b2u77XdH80DjqZSw297Ck4VRG88mMpk\/FtbcECb0DhAtC4xZvSLorImFucKzXUFNRL3\/+Q5slx9MblXoz2Qy9GbtQpHhyV1pJq6al19jSawz4TwnNFi8\/vrC0ndpsGw7e+TKXdtkIp7eHxE2lJQScKfTw589YKbgjJG7R2viFYfG3rxYNmdPx4HBvDRI+\/+mlI6lXJLWqi\/U932Q0vX44Z67zWsDCtfHrL1QekDQckDT4\/1A8M0AwK0AwLyRuUbh4YWjc7FUimidhy29fHftydPbx9KbMKz0ZDT0nM5teO5yzdLMk\/KfyHbE1G3myJZsl8OKxF25Ij3zVFHr68iLOS8nuCQY1p657cbiYNMnLn\/\/G4Zz0GhXmvBoBCKK0VcM5VUh1X6e2n6QOjdnvu6If89ra1CYzhuvNWEmbdqeg6r4NTt3lzABBxHlpu8YEHw0LJgyHY76Pfiyn+dc7SNSlt8CLCYLIrOumtoR2\/ZhOnSl84WDWibTGyg59b5+1U2fOqu\/ZcqHyXpfu\/vn9mbGlHTRVttrw9BrVP768DF+8ZVtSZAOLW5IKpe+pwjM5rTWdenWftVNrlsiUYefKZq8SUds51Y\/\/v5\/nSGRKi7Pk4wA0dBl0Jsyefu+zvn1kHO8erH9iUchic1+Nzob0kHGt7dA\/ue0ii8315PA+PFHQ1mukxptaVukt4eel0DZYD2YDKr2FtohhwfA4acfs1YO+Dj8vVRut1AqHLLtS+MSONFrlnGsfRVApJIjmHiNtFcZqw7lFCp91CdDeP+\/LqFcaaJdBEzp15oDvi8kcEJVCdZ+1t49udZ\/Fxi1S3BrU7xxPDu+D4wWtw3uefMrkofDRqNQGpdNkuV1tetGxlLJkYzJMCNtw0NjddyT1yiFJQ6VicKECAADXXSCFMBI4ALQgRQmqyCgu2SLB8P65qhnDz+e1\/e1Q9lN70veLa2k650oh+2QhfARBEBgOfD4ahANSMr4ChUJYOa3xBEFs+qWCrHZhWDxspw0H9UpDdHL97vja4hYN7DdqO\/VPbktlsblUCoerHAAicqDypRuTy+X9cy8cB3K16fTl1jOXW1t6jNQlyslD4ZKNyTUdeugagiBUBsur0dksNnfTLxUkRAYz9ll87W0DMjZ9pSA8Rqoa6BP5xe3ejikFlUKl1nyhQL5LVP1dRtMVSkqoXWuetkLg6cuLyW0jH6rus\/p9V0RqBovN9eBwX\/g0s6V7UIBdKdzwo5TaYKXOsjAsfnzMuU5inCnUGrFEaedRSUPM5VbH8nT\/AysVWnsv4cvbwa8igdCZsF2CqlkDk6pZgcID4loyHQsAsTe2xoNDp1Cls\/CLFMdSGn7Nb+ugDEhSZF1zQ+wJiq1cGSn2BrPtYELt3DX9O05mr47dJaiGHcjkoXDZJyl1nU5aqDJYXnNQWNSiJn2fWN55+2qnrTeevry9ohoyDLWd+ie223twSKHBbNvwUzmJ5jR\/\/svRWdSR0x8+TrozXAwF+MuUBtddBatPl0DOXCn86LwThSr99adwl7B6bojdZC9\/\/ptfXFao+wevVgz3XiWcHxonqVSSLTyd1TwrQDjVn788KjXkbOm5nJbiZjUcapfLtZ4cHlULNUar78kCktrpKwX\/+OKyeqCDLmvTLnXMNmTt\/Tuk4so6aJ738uMfkTSQIj15KPyf\/ZltvU7zg3aN6W+fXpoWJIJrfUOmsl\/Yn0lOLFQGy5tfXqZSKO81LqaMnzw43HzKOtuyranP7EgjNcCGg5eis1xlbOYqEQykK4XvnyiAjDo2ZIA\/bHDk\/FwVbuyfOGvhLZS3ztOPl17dRT4RB2BRuPjhLSlSR7bSaLUdSKj7NKGuVmkwU2ZUsHkmKz5rdSyVwuRK5TyH4JFWewcKEyv6ga7u0D++LfWW1SJ8YC743tf5rs555WCWymCfnE0eCv2\/LdKbnVKG9UrD09sv3r4mDs5SXz+U4+qLZ3amXXEkvTVG7N1jeVQKW7uNd1AczWJzLzb0wMA8uu0ipBDDwYsHh6IwSARXOFwpXBaVShuxBZ+hZ3NcGzzKJxQKXddOkgZAwQFYHJHw+NbUaudhDLSOfCt6+6wyhU4s7djOl80IEFApFBW3z6EgPitACJNlDgov+kQkwNH0c\/uG2Ov0l93pLT32EcskoXDGSsHRlH55h37Mbei5JyJhqj+\/2\/HCEQSxjStzDeFbX1zWGO35gg6t+RWHnsEeubXbOM95AYZG4d0fJTQPLNvsFtW4Vv7e8XzImSuFMwOFcspwiiCIkhb1tBXXtjWGQiFBECzn7GYyhUKfiMQHI5MKm\/qHK9BvAAC5xiQq7djOq\/rn0dxHtkhmBvSnxJ0oLBmFwpkBQtgPhJ4rc3XO20dytZMpU3N3REJtp9PUhCCIXwvkZKIrvryTdLFMoaWlyrz8+NwiBTmClrZp\/7gx2UkLXZYBaRR6+vISKvor1xgxclgJ3X3v+sSm7sGlRVcKp\/rxfsrvn9yQLcQBsfL7IljD1RRGpFDiTOGsQCG\/SAH5a9eaT11qfv2LnDvXim8NEs4Pje9fFRwYD4yLQhabm3ull6y8qEm9wHni5eXHvzDg+cmghZ6+vJ2iauhKsgAAWHOmlIwi+5tCo2N9DwdALO14dmfanWvj7wyLf2SL5Ex2C+w1jl+8QmaMB7VwNApZbO5LB7Pgvp7ePmvYubLln6Qs3ZT87ld5JS0aajrQlUIPDpdzqhB22WTL6zv1T2y76DrRoRHpwebeHZEQW9bx4YmCOcGxgyt+I1M4MBfBAfCJsOfe\/b8tglOulKqup7ZfvGuteFFY\/PJPUn641NylM792MAvu16RSGDuaFrLY3LCzpWTlGA7O57U9FpU6f03c\/DVxSzYlf5\/ZBD3\/u6fQk8N7\/3i+3mzvUql\/3XqLz7r+hZOFofG8IgVMUCm15vTqrrSqLupspqpdB9\/7cVH428+U9sXWQJJwAJR6S5vGBJNtsFWuFLLY3Ps\/TsobEAzyShyAVFnX4458O4086un9G5J+LZBbbcBoscVcbh3cUjlOCm8NEv6Y1wbfFpXecqlGlSLrahlIdyu15tcdqQZavjC2dJQemcXm+qxLSJF1kWMSQBBNqj5xWYe4rKNpYBhDmvz7pnCKL++D4\/nyoVLzURcGh4AeHO7SjclFTf29A8QCFmRy3SNbBtcxx0Uhi829bZXooLiWlFtYp2thSAo9fXnhMVI4fyLvwgFo7DKs+L7Ya8gxIof76qHs0hYN1DAbDuS9pq08+wSCuqdm1HEhifWc4Nif8tugMtFaXtqq+SO5W8c5az0WLfTk8J7akVbnvJpAq\/93MDspaVbPDY69g3aExC4Ijbs\/MulQYp2rCtrH+K0aT5fdnd6BopPpjR1qk9Fis+HAhgOTFVfpLNxC+QPO+ZHWXqMFwy0Y3qA03OE8O0mq6ya\/smD4sq325QTymOLLe\/dYXnGzWqkza42YzoSp9Jaqdt1mnszi2HxFEESEyzoyee+0lYLUqn7BoEYIB6CgWR10puTBzRKfdWKfcPG9kUnvnyiQyLpo1JJ3KbXm5\/aks1bwSeswHGA4oM1OEqSdNsfnFgxfNLDIzmJzZweJtvGqmlV9WhNmxnCLzb5oLu81Hk1psJM9YOYjWyTlbfZfBmI4EBQpnOfIAkFxO\/noSoXuMcdaC3njorViXrFCpTdbMHuHBABhseE9Bktdp97g2KQ80bVQa8LSalTpzkdGTXdRi4ZcCKeGjSzLe41vHB4iI8Ni23\/h+9jW1ODTJXuE1XtF1eH\/Lfvr3ozpLnqz5mxp5M8VkT9XBJ8uHdwx5YjEBycLyK8if66YF0rfvzh9peDpnWn\/+irv38cL\/rovc05I7JtHcuFIYMX3xTCctMKd4eL0ahWcTdOMIn+CrdCYRpBbld7i\/10Ri8P9bXP1Ln7VLn7VTl7VDp6MRdlVxGJzfU8Wkt9u58q8gwb2npGQcbj3bUh671j++vPSjT9XsE8WLN0smeL8Mi8IjQs7W2qvnF\/14df5VOd4+fH\/fbyArDzsbOmitU6LQNNX8J\/fl7nxp4rDSfWHk+o3\/VLx8oGsfx3PJ1eiewyWtx2ZWppbRj29SbsZaPEY9dRsxdfFSGesGHx9h7Xk+v2W3suf\/9zejEe3pnpS0iILw8XrYqTNjnwYQRAAgGVRg9rp2qrlUSmZNcOCOLLhnVoz+1QhXDx0rZzZT+ZQ+hNPPx5J9oMbk2EPoFCbXhp+Y\/kIjZ9wFAKC6DPb1sYMkZcawYzr8tVd4eLiVg0AQG20VrTrcpvUTd32Ph2iAwgiWTb6T2F8IhIu1XZbbXCqACsYtgAAIe81vn0012OoXbTXxbprrGThWnFjlyG\/SX0osS7sXFngD8VbuTJxhRKjmJlT33N1C+gTi0KjxZZUoXztkH3vws0\/PvimYMiBGsmODQeXG3rIddVR2zYjQBD5c0Vxi3pUFnEAWnuMP1xqemTLxP23ADw4vOAzJTCTNeTL1KW3\/J9jyWpU57heMCEoBATRpTP\/ki9\/71je4nDxqDk2VzOuyyfvn8jPquvus2Cu08wOjf0XIX\/aLPEcs1b9lspesjF59X9Kkis6yaUFWvBsOF4u1+6LrXlubwZc1bguhlz3SrwDhV+lNAz361UbDrLre16NzqaNPsfejBtC4bw1ccHnyrYJqkY9oriy4NMlT+9KmxkgHHuAx27euK70cGyknRUk\/MvezODTpVH8qm3CqrCzpc\/sSvfyu\/p\/1siTw7vNsVF+y6+VhyUNxy427hTVsE8W3LM+cYovj6lXblyeIbcYPxCZtC5G+muRokFlMFttJqututPwQ1bLywezXKeG46r\/hlA4rhagi5EHEIUMDEARdjQPIAoRhcx7AFHIfAxowuCGp4hCRCHzHkAUMh8DNxQ\/msmIQkQh8x5AFDIfA5owuOEpohBRyLwHEIXMx8ANxY9mMqIQUci8BxCFzMeAJgxueIooRBQy7wFEIfMxcEPxo5mMKEQUMu8BRCHzMaAJgxueIgoRhcx7AFHIfAzcUPxoJiMKEYXMewBRyHwMaMLghqeIQkQh8x5AFDIfAzcUP5rJiEJEIfMeQBQyHwOaMLjhKaIQUci8BxCFzMfADcWPZjKiEFHIvAcQhczHgCYMbniKKEQUMu8BRCHzMXBD8aOZjChEFDLvAUQh8zGgCYMbniIKEYXMewBRyHwM3FD8aCYjChGFzHsAUvj\/h+E3fXQU5i0AAAAASUVORK5CYII=' alt='' \/><\/span><\/p>\n<p style='text-align: center;'>\n<p style='text-align: justify;'><span style='font-family: helvetica&comma; arial&comma; sans-serif;'>La pinza perra de presi\u00f3n de 10 pulgadas con mordaza recta <strong>D071604<\/strong> es la herramienta ideal para trabajos de sujeci\u00f3n firme y segura. Dise\u00f1ada para ofrecer m\u00e1xima presi\u00f3n y estabilidad&comma; permite sujetar piezas met\u00e1licas&comma; tornillos&comma; tubos y perfiles con total confianza&comma; incluso en tareas exigentes.<\/span><\/p>\n<\/p>\n<div class='row'>\n<div class='col-sm-12'>\n<div style='border-left: 5px solid #E42327; border-radius: 5px; padding: 5px; box-shadow: 2px 2px 10px #d8d8d8; -webkit-box-shadow: 2px 2px 10px #d8d8d8;'>\n<p><span style='color: #2880b9; font-family: helvetica&comma; arial&comma; sans-serif; font-size: 16px; font-weight: bold; background-color: #ffffff;'>Caracter\u00edsiticas:<\/span><\/p>\n<ul>\n<li><span style='font-family: helvetica&comma; arial&comma; sans-serif;'>Tama\u00f1o de 10 pulgadas<\/span><\/li>\n<li><span style='font-family: helvetica&comma; arial&comma; sans-serif;'>Tipo de mordaza Recta<\/span><\/li>\n<li><span style='font-family: helvetica&comma; arial&comma; sans-serif;'>Fabricada en Acero de alta resistencia<\/span><\/li>\n<li><span style='font-family: helvetica&comma; arial&comma; sans-serif;'>Ajuste de presi\u00f3n Regulable mediante tornillo posterior<\/span><\/li>\n<\/ul><\/div>\n<\/p><\/div>\n<\/p><\/div>\n<p style='text-align: center;'>\n<p style='text-align: center;'><img src='data:image\/png;base64&comma;iVBORw0KGgoAAAANSUhEUgAAAYcAAADSCAYAAAChKgyOAAAAAXNSR0IArs4c6QAAAARnQU1BAACxjwv8YQUAAAAJcEhZcwAADsMAAA7DAcdvqGQAABjCSURBVHhe7d1vbBvnfQfwr1NxAdlWUsgEUTOqkhKPyeaiZAoFG9NMYiwMGTAFZl7Y3osVotu+sIcVlvVma+zCMla1wLDJCgrMftE2EjZgjf0iDKpi6AA5tNGaL6LCx65GWy6JpFD1VCRUJBYlMUiN9sKUKj13JI\/k\/Xnu7vsB\/CI\/qi4p3\/F7z\/9DOzs7OyAiItrnAbFARETEcCAiIhWGAxERqTAciIhIheFAREQqDAciIlJhOBARkQrDgYiIVBgORESkwnAgIiIVhgMREakwHIiISIXhQEREKgwHIiJSYTgQEZEKw4GIiFQYDkREpHLIyJPglEIJG5UtsUwEAOj2+xDr7RTLrjCzsCSWiPZ8qutBnBx8TCxLzdBwSExncTNfFMtEB3T5OxDr7UIiEkIy2uOKwDh0el4sEal0PHAID3\/iD\/Bnjz+Evx58TOrAYDiQ7br8HUjFe5GK9zo2KBgO1IqOBw7hM3\/4SXzr5Gfw3OGg+LKtGA4kleFICJOjESQiIfElqTEcqF1PPBLA7FhMmpDggDRJ5Wa+iOens0hMZ7FcLIsvE7nWO++X8ef\/fBuHv3YDK+sV8WXLMRxISjfzRQycv4HJ+bz4EpGrvfN+GQPnF\/DV9C\/ElyxlerfSWDyMVLz3QI28aaO8BWW1BKVQQib\/ATYr2+KPaBqOhJA+PYjugE98SRpa3UpPPBLA3yUGxDJ50M\/u\/QZvv\/9b5FZL2Cjrn9H5xCMBLJyLoy\/oF18ynenhcHE0gsnRyIEaEapTn2duvIu0stYwKPqCfqTPPCPtgLVWOAxHQshMxMUyEb6a\/gWu\/+Qe3nm\/cdep3\/cx\/PxSwvKAYLcS2SbW24nZsRiWp0ZwcTSCLn+H+CN7VtYrSEzfhlIoiS8ROc43k0\/h7X88iuVvjGA4EsKhQ+JP\/F5l63f444sZy8chGA5ku+6AD5OjESxPjeDs0drdMJuVbQYEuUpf0I\/MRBxLUyPo6XxQfHmPHQHBcCBpdAd8mDlxBG9O1O5j3Q2IZvptiWTXF\/Tjf\/\/pL\/APf3m4ZivC6oBgOJB0EpEQlAtDiIa1xxfuB0RWLBM53jeTT+E\/vvQ5+H0fE18CqgExctmaa5\/hQFLqDviQmYhjLB4WXwIA5FZLnOZKrnRy8DH8\/FKiZkC8834ZX\/63n4plwzEcSFrdAR9mx2I1WxCX5vMcfyBX6gv66wbEd2+\/hx+9vS6WDcVwIOllJuI1A2L8+l2xROQKfUE\/\/uvsn2qOQezsAKk5RSwbiuFA0tttQWi5mS9iNlsQy0Su8NzhIP7+hcNiGah2L5m5VTzDgRwh1tuJizUWU05+n2MP5F7fTD6FJx4JiGUAwKUfmHftMxzIMSZHI5pTXFfWK0gra2KZyDUWzsU1u5c2ylumjT0wHMhRJl\/Ubj3MZlfFEpFr9AX9GPoj7W3sv\/Laz8SSIRgO5CipeK9m6+GN3BoXxpGrzaVimq2Hn\/3qN2LJEAwHcpzxkcfFEgAgnWPXErlXX9CPxx9Wjz1sf7SD1xbvieW2MRzIcZKxR8USACDDUwjJ5aaOPSWWAABXbq2IpbYxHMhx+kMBzXUPmV8yHMjdTg4+ptm1lFs1fjEow4EcSeuM6ZX1CscdyPUe\/aR699bNivHXPcOBHEkrHABAMeEJikgmT\/Z8QixhZ+f+w5GRGA7kSP0h9cAcqvO+idwsGe0RSwCA1+8YOyGD4UCOVOu4ULYciIzBcCAicpBPdanHHMzAcCAi041fu4uZhSV2+xng5OBjYskUDAciMt1GZQvnrt9F\/\/kFjF+7y5BwAIYDEZludwLBZmUbr9xYQv\/5BZ7kJzmGAxFZbrOyjUvzefS\/vMCV7ZJiOBCRbVbWK3h+OstWhIQYDkRku0vzecS+fotjERJhOBCRFHKrJfSfX4BS4FoVGTAcWrRR3sLMwhIS01kkryzyJDIiA2xWtpGYvs37SQIMhyYphRJScwoemvghzl2\/i5v5It7IreGlq4vsNyWqoZnuos3KNl66uojZbEF8iSzEcNBpNltAYjqLp6duYa7GkZSX5vNN3QREXtHKtian5nIMCBsxHBqYzRbQ\/\/ICTs3lcFPHlLtWbgIit2v1oYkBYR+GQw1pZW0vFIzeCpfIa9o5jObUXI6D1DZgOAg2yltIzSl46eoiQ4HIAEZ8sSembxvy95B+DId9lotlJKazNccUiKh5RqyA3qxsIzWntNw9Rc1jOFQphRJiX7\/VVvOXiNSU1U2x1JLcagmpuZxYJpMwHKpdSYnp29isbIsvEVGbjFyz8EZuDTMLS2KZTOD5cLgfDFldwRANd+L104O4OBoRXyIiDUqhpOveasa563c5\/mABz4fD5Hy+YVdSl78Dr45FoVwYQjKmfX4rEamlc8a1GvZLzSliiQzm6XDI5It45Ub9JupwJITlqRGk4r3iS0TUgJFdSvvlVkvckcBkng6HRhfXWDyMzEQc3QGf+BIRNaAUSg1b5e24NJ\/HcrEslskgng2HtLJWd8VzNNyJ2bGYWCYinaxY2ax39tLkfN6S9+Mmng2HmTrdSV3+DmQm4mKZiJpgxZfxzXxR1zqKVDyMU3M5jlU0wZPhsFws1201zJw4wq4kojbMZguGz1KqJTXb+Au\/PxRANNyJuewqA0InT4ZDvXnSfUE\/B5+J2jRr4S4DK+sVXa2URCQEAAwInTwZDvVmUEy+yDUMRO3I5It1W+ZmmPx+\/ckl2BcOYEDocmhnZ2dHLLYqMZ1VXRQXRyOYlGjR2HKxjIHzN8Tyng+nX2jYpTQ5n8elBjOdvGzn6qhYMsWh0\/NiybbrTeu9DEdCnhy7Ss0ptuxP9upYtG6rXymU8PTUrQO1Rv8bWWldb5ePH8H4yIBYbpnnWg71Bq+ORXsaBgM1pnXhkjcsF8u2BAMadBcDQKy3UyzxvIg6PBcOy8Xa23Dvb3ZSexgQ3tRo7ZCZcqulug9\/tYxf43YcWjwXDvUuHq0nCyLSx85Ww65WWgGblW0kr7zF7cAFnguHehcAWw5ErdO7IM1Mc9nVuvd4LSvrFSSvLoplT\/NcONRazt\/l7xBLRJ7QypepyI4ZSrW0Oo32Zr5oa7eYbDwXDrXEervEEpEnKC321e83fu2uWLLNzMK7Ygmodns1cmk+z\/GHKs9NZa01UNrMtEM9U1mtms5pp1q\/y11m\/w60\/v\/tut603ksz15SdJufzyOSLLb\/XmYUlnLsuTzgAwJ3zQ6oxxLSyhpd0dB31Bf1QLgxJPXNR63rjVNY2tPt0RORGG+Ut3XsUiTbKW5ic\/6VYtp3WwLTez7eyXmH3ktfCgYjUlOo4XKN1AlrGr9+1bA+lZmjtgqBVq+WVG0u6w8StGA5EHrfbFfxGbk1Xv\/yuTL5o+9TVWlbWKwfGDjL5IlbWa69x0qJnQz83YzgQeZj4dJxWfn3gv2vZKG9J\/+W5\/7O10k3k9e4lhgORh4ldLVp99Vom5\/NNP4lbbfezzCwsqSbK6DWz8G5TrSk38dRspUy+iOens2IZaHJmiZ7ZSsTZSs1cU3bpf3lB9SXfaPPJeveRbC4fP9L2TKqxeFi6UyG1rjfOViIiQyiFkioYoNHVtJ8TupP2azcYUF11Xe934lYMByKPqtWFtDt7Scv49buageJ2Xhx7YDgQedBGeatmONR6Sk4ra9LOTjJbq+tAnIzhQORB6dxazfUJyx+oB2CXi2XPn5zmtdYDw4FMYfZgNLWn3rGaWt1GySuLNcPEK7zWemA4EHmMngVh+3dqHb92t+ZuxkYblnzb\/FpdcW7EqaxVzUw7rDeV9c2JOM+FsIjWdD67rjet99LMNWUlrftUtHsdz2YLOGXhOQ1vTsSxXCxj\/Jqc23IAwNLUUfSHAmLZUlrXG6eyElHLMk2cu6AUSrZsxZ2K9yIz8ay0Z6y0el6E0zAciDxE76DqRnkLyStv2fb0HuvthHJhCNGwfEf3zt72RtcSw4HII5ppNaTmlIbjEmbrDwWQmYhLFxAr6xVPDEwzHIg8Qm+rAYBtLQZRd8AnZUB4YWCa4UDkAc20GmSzGxB9Qb\/4km3EDQvdiOFA5AHNtBrs1O3X3vCvO+BD+swz0gxSb1a2XX\/WNMOByOWc1GoQz33eL9bbifSZZ8SybdI5d7ceGA5ELueUVoOeVkEiEsLl40fEsi3cPijNcKhSCptITGd1\/fHKVDZyPme1GrrEkqbxkQEci\/aIZcs55ffaKoZD1WZlGzerN1KjP3ZP8SPSyymtBgCINTEjaXYsqqulYTY3tx4YDkQupRRKjnq6rTfeIOoO+KQ4nc3Ng9IMByKXmrnxrliSWiysr1tpVzLWY3v3krK6KZZcw1PhkIiETJ0r3eXv4KZ7JIWN8pYUB\/Povd+6\/B1NtRx2zZz4E1u7l5aL7u1i9lQ4AEDq2V6xZJhU3Ly\/m6gZskyznE3FdK1uTkQeFku69IcCGB95XCxbRimw5eAa40cHcHE0ovuJRo++oN+2raKJtMwsLIklWyQiIcycaDz1NBl7VCzpNmnw\/dwMWbYZMYOnznMQGTXTgF1J9tDa096u603rvdh1nsNysYyB8zfEsuWORXuQPjMIAOh\/eaHuLL8Pp19Ad0B7dbQeVp87sZ8dpx5qXW88z8FAiUjIkD9EMkkrvxZLttjfGqjX9XMs2tNWMKDapWtX68Goh0zZeDociNxIli+r5L6ZRPW6jeq91ozJF61vMboZw4HIZTL5D8SS5cTWQH8ooPlk3+XvOBAi7UhGe2ydueQ2nhxzkOXJyq36Q35LztjV6ne163rTei92jDkohRKenrolli33+ulBJGMHv\/STVxbxhjCL6uzRAV0D1nqNX7uLV25YOxhvx7nxWteb0WMOngqH2WxB6oPL3WQ4EkL69GDbfcn1aN0gdl1vWu\/FjnBIK2t46eqiWLZUX9CP5W+MiGVMzudxSdjOY2nqqKEPEnYMxrs1HDzTrZRW1nBqLsdgsMjNfBGJ6axYJpMpq\/Zv51BrLZF4VsNYPGxoMKDafaVnXYWRmtkTykk8Ew6pOUUskclyqyVp5tt7xUZ5SyxZqsvfgfGj2k+v+1dAd\/k7MGPS1ttGPj3rYWbr2E6eCIdMvsgWg01kWanrFXa3HMZHHtf1Zan351ph1AC3Hm4eAPdEOBCR+eq1GlAdDwCAaLjT1HGh7oAPwxaNAeg9g8KJGA5EZIhGrYHdTeqs2GrbqtZDf0g9PdctGA5E1La+oL9uqwHVlsOrY9GWdl9tllWzh5rdZtxJGA5kKnGGCrnTzIkjdVsNqD7NW7Vzcay305LxACuCzi4MBzKVm28eum84ElIteNOi52eM1Oo24M2wqoViB4YDmcrNfbJ0fxB6diwqlqVg9oOJ3afQmY3hQKYyepETyWV2LCbtv7HZT\/VGbRgoK4YDmcrsG5QOsvL3fSzaY3lXUTPMbrVaNSPKLgwHMo1Vc83p98z+Qtwlc3fSLjNbNOKus27EcCDTWPkUS\/dZNbVycvRJR3w5mrXPUioeFkuuw3Ag07i92S0jK6Zw9gX9lu9f1CozAqwv6Je6O80oDAcyRV\/Qb\/psEdJm9heXk05cM6ObzUmfvx0MBzJFvTODyVxmttj6gn7LFrIZwehxB6d9\/nYwHMhwXf4OT\/TJyioZM++4TK+HvldaDWA4kBkabcBG5jPrS9zLoR8Nd3qm1QCGAxmt0bbNZI3xowOGtx6GIyFPh76RZ107AcOBDOWUKY5u1x3wGd568PLU5LNHBzz3+RkOZJhj0R7HTHH0AqNbD177ctxl9uFEsmI4kCGi4U7pV8x6TXfAZ+jBOjGTFpTJbnYs5snWMMOB2hYNdyIzEffkDSS7ZKzHsN1Dvfjva9XhRDJiOFBbGAzymx2Loi\/Y3mIws7ahMFsmXxRLuo3Fw56anSTyRDgkIqG2bw5SO3t0gMHgAN0BH9Jnnmlr\/MFr\/8bDkZChXXJO5IlwgAenoZlpOBLCnfNDuo6GJDnEejs9+WWnFDbFUkPRcCfSpwfFsud4JhySsR68fnqwracnL4uGO3FxNIKlqaPITMQ92w\/rZMlYD15tcdJAK1+ydtsob2Gzsi2W62I36e8d2tnZ2RGLrUpMZ3FT6OO7OBqRbhpYO\/2QAPD8dFYsOcabE3GxVFe33ydtEBw6PS+WbLvetN7LcCSETJO\/byvMZgs4NZcTyw3tXB0VS1LL5ItN3atOCgat6+3y8SOGTiX3TMthv0Qk1PKfjfKW+Nc5ykZ5S\/WZ6v2RNRiodal4b0stiOViWSxJrZmHQCcFg1U8GQ7tSOfWxJKjOP39kzFS8d6mu1mXixWxJDWlUBJLmhgM2hgOTUorzv5ydfr7J+MkYz3ITDyrOyCaeRKXQSb\/gVhSGYuHoVwYYjBoYDg0Ia2sNT3AJZvNyjYDgvbEejuxPDWiax2Dk8JBKZQa3quXjx\/x5AwuvRgOTXBLl4xbPgcZozvgg3JhCGcb7KYrTjaR2Wy2IJb2dPk78OZE3NDBWzdiODTBLU\/cbvkcZKyZE0cajkM45dqp9T6j4U4oF4aQ8Ogmgs1gOOjkhi6lXexaolqSsR4sT41guMaXpxNanUqhhJV19eD5xdEIlAtDhh8d6lYMB52c1N+qhxNucrJHd8CHzEQcl48fUbUi0sqa9NO5Z268e+C\/+4J+3Dk\/ZMv6FydjOOikrOqbFucUTpuWSNYbHxmAcmHowK6um5VtqR8sNspbB1rFu60FrtdpHsNBp26\/u6a6ue3zkDn6QwGkzwzi9dODe5tXTn4\/L\/6YNGZuLGGzso1ouHOvtcBpqq1hOOiUjD0qlhyNA3LUjGSsB8qFIVwcjWBlvSJlN+tGeQuztwt4dSzK1oIBGA46JaM9uuaCO0Ff0I9UPCyWierqDvgwWd18UdatNJQLQ54+g8FIpoeDrBdRs7qrRy46PSCi4U6kzzzDpja1rD8UkPILuDvg43VtINN3ZZV1Z8p2pJU1Rw5Qx8KdSMaMOTJSBlo7U3JXVvICrevN6F1ZTQ+H3UUnREbTukHsCofAV\/4Tla3fHah1B3z4cPqFAzUiI2hd+0aHg6HdSjGNLpecA5+wiZr1oE99K\/3f1kdiicgx1Fd0G2qtPNS7dS6RU2mNRVW2fqe5UpfICQwNh1pTx2Sc9kZkpMOPfFwsAQCu3loRS0SOYGg4JCIh1XJ7NNghkcgNak0Nvv6Te2KJyBEMDQcASEQeFkvIrZZcM6WVSMtzh4Pw+z4mlvHuB2V2LZEjGR4OtVYST87Lu+SeyAhP9qi7lnZ2gPFrd8UykfSMD4doj2bX0lx2la0HcrVvnfyMWAIAzP\/012KJSHqGh0N3wFdzoRVbD+Rmzx0Oaq7Q3f5oB4nprFgmkprh4QCg5iKkuewqZy6Rq138K+1r\/9b\/FPGjt9fFMpG0TAmH\/lAAYzVmb6RmFekPCyFq1fjIgGbrYWcHePFf3xLLRNIyJRxQbT1ojT2srFeQmsuJZSLXqNV62Chv4empW2KZSEqmhUN\/KIDJ0SfFMgDgjdwaUnOKWCZyhfGRgZoLQpVCCV\/+t5+KZSLpmBYOqN4ktQ4qn8uuMiDItdJnnkHHA4fEMgDgOz9+jwFB0jM1HAAgfXpQs3sJ+wKCYxDkNn1BP\/79i0\/jkHY+4Ds\/fo9dTCQ108OhO+BDZuLZugGRmM5ycz5ynZODj+GLz35aLO9RCiU8NPFDzmIiKZkeDqhuyDdz4ohY3pNbLeHpqVuYnM+zFUGu8u0vfBZf+nztgNgob2HoX27jpauL4ktEtrIkHAAgFe\/Fq2NRsXzApfk8+s8vMCTIVRoFxM7O\/dMFfX\/7A45FkDQsCwdUA+LO+aGaXUwAsFnZ3guJ1JyCtLLGoCDHaxQQqK6k\/s6P38MDZ+Zx+Gs38NX0L8QfIbKMoceE6rVcLCN5ZbGpU+Ki4U7Eejv3DhTqD\/lrHi5E3vC8xpYUdh0Tqtdri\/fwN9+9g+2P9N923QEfQh\/3IfyQHwAQf\/whPPrJB8UfIw85d129maPRx4TaEg67JufzuMT9lshAsocDqgtBk1fe4iQMMpTR4WBpt5JocjSCpamjNddCELlRX9CPO+eHcPn4Ec2tNohkYGs4oLqSOjMRx5sTcYYEecr4yAA+nH4BX\/r8pxkSJB3bw2FXIhJCZiKOpamjOHt0AH3B+\/2rRG737S98Fh9Ov4DvfflziPV21lxZTWQlW8ccGlkulpHJF6EUSlBWS1AKm9isbIs\/RrTHCWMOery2eA\/fW7yH\/\/5VCcXfbmGzsgV571SSgdFjDlKHAxER2UOabiUiIpIHw4GIiFQYDkREpMJwICIiFYYDERGpMByIiEiF4UBERCoMByIiUmE4EBGRCsOBiIhUGA5ERKTCcCAiIhWGAxERqTAciIhIheFAREQqDAciIlJhOBARkQrDgYiIVBgORESkwnAgIiIVhgMREakwHIiISIXhQEREKgwHIiJSYTgQEZEKw4GIiFQYDkREpMJwICIiFYYDERGp\/D9gfD0gVrB3BAAAAABJRU5ErkJggg==' alt='' \/><\/p>\n","protected":false},"excerpt":{"rendered":"<p>Pinza Perra Ajustable de Mordaza Recta 10\u201d<\/p>\n","protected":false},"featured_media":84362,"comment_status":"open","ping_status":"closed","template":"","meta":[],"product_brand":[],"product_cat":[130],"product_tag":[132,25,131],"class_list":{"0":"post-84363","1":"product","2":"type-product","3":"status-publish","4":"has-post-thumbnail","6":"product_cat-herramientas-electricas","7":"product_tag-dongcheng","8":"product_tag-herramientas","9":"product_tag-herramientas-electricas","11":"first","12":"outofstock","13":"sale","14":"shipping-taxable","15":"purchasable","16":"product-type-simple"},"_links":{"self":[{"href":"https:\/\/soydeaqui.ddns.net\/pachuca\/index.php\/wp-json\/wp\/v2\/product\/84363","targetHints":{"allow":["GET"]}}],"collection":[{"href":"https:\/\/soydeaqui.ddns.net\/pachuca\/index.php\/wp-json\/wp\/v2\/product"}],"about":[{"href":"https:\/\/soydeaqui.ddns.net\/pachuca\/index.php\/wp-json\/wp\/v2\/types\/product"}],"replies":[{"embeddable":true,"href":"https:\/\/soydeaqui.ddns.net\/pachuca\/index.php\/wp-json\/wp\/v2\/comments?post=84363"}],"wp:featuredmedia":[{"embeddable":true,"href":"https:\/\/soydeaqui.ddns.net\/pachuca\/index.php\/wp-json\/wp\/v2\/media\/84362"}],"wp:attachment":[{"href":"https:\/\/soydeaqui.ddns.net\/pachuca\/index.php\/wp-json\/wp\/v2\/media?parent=84363"}],"wp:term":[{"taxonomy":"product_brand","embeddable":true,"href":"https:\/\/soydeaqui.ddns.net\/pachuca\/index.php\/wp-json\/wp\/v2\/product_brand?post=84363"},{"taxonomy":"product_cat","embeddable":true,"href":"https:\/\/soydeaqui.ddns.net\/pachuca\/index.php\/wp-json\/wp\/v2\/product_cat?post=84363"},{"taxonomy":"product_tag","embeddable":true,"href":"https:\/\/soydeaqui.ddns.net\/pachuca\/index.php\/wp-json\/wp\/v2\/product_tag?post=84363"}],"curies":[{"name":"wp","href":"https:\/\/api.w.org\/{rel}","templated":true}]}}