{"id":84360,"date":"2026-03-19T20:48:57","date_gmt":"2026-03-19T20:48:57","guid":{"rendered":"https:\/\/soydeaqui.ddns.net\/pachuca\/index.php\/producto\/fuente-redundante-vca-presupuesto-de-150w-funciona-para-olt-deltastream-ds-p7001-08-ds-p7001-16-2\/"},"modified":"2026-03-19T20:48:59","modified_gmt":"2026-03-19T20:48:59","slug":"fuente-redundante-vca-presupuesto-de-150w-funciona-para-olt-deltastream-ds-p7001-08-ds-p7001-16-2","status":"publish","type":"product","link":"https:\/\/soydeaqui.ddns.net\/pachuca\/index.php\/producto\/fuente-redundante-vca-presupuesto-de-150w-funciona-para-olt-deltastream-ds-p7001-08-ds-p7001-16-2\/","title":{"rendered":"Fuente Redundante Vca \/ Presupuesto de 150W \/ Funciona para OLT DeltaStream DS-P7001-08, DS-P7001-16"},"content":{"rendered":"<div style='width: 100%; max-width: 1200px; margin: 0 auto; font-family: sans-serif; line-height: 1.6; color: inherit; background-color: transparent;'> <!-- Descripci\u00f3n principal --> <\/p>\n<div style='margin-bottom: 30px;'>\n<p style='font-size: 15px; margin-bottom: 15px; color: inherit;'>El M\u00f3dulo de Fuente de Alimentaci\u00f3n PSM150-AC de TP-Link es un m\u00f3dulo de fuente de alimentaci\u00f3n de entrada de CA y salida de CC. Puede convertir el voltaje de entrada a 12 voltios con una potencia de salida m\u00e1xima de 150 vatios. El m\u00f3dulo de fuente de alimentaci\u00f3n es totalmente intercambiable en caliente&comma; lo que ayuda a garantizar que no haya interrupciones en el sistema durante la instalaci\u00f3n o el reemplazo. PSM150-AC es aplicable a varios modelos de switches TP-Link y productos GPON OLT&comma; como DS-P7001-08 y DS-P7001-16.<\/p>\n<ul style='padding-left: 20px; font-size: 15px; color: inherit;'>\n<li style='margin-bottom: 5px;'>Hasta 150 vatios de potencia de salida<\/li>\n<li style='margin-bottom: 5px;'>Salida de la sobretensi\u00f3n\/subtensi\u00f3n\/cortocircuito\/protecci\u00f3n sobre corriente<\/li>\n<li style='margin-bottom: 5px;'>Intercambiables<\/li>\n<\/ul><\/div>\n<p> <!-- Secci\u00f3n de especificaciones --> <\/p>\n<div style='display: flex; flex-wrap: wrap; gap: 20px; margin-bottom: 30px;'>\n<div style='flex: 1 1 250px; border: 1px solid rgba(150&comma; 150&comma; 150&comma; 0.4); border-radius: 8px; overflow: hidden; display: flex; flex-direction: column;'>\n<div style='padding: 15px; border-bottom: 1px solid rgba(150&comma; 150&comma; 150&comma; 0.2); font-weight: bold; font-size: 18px; color: inherit;'>Fuente redundante<\/div>\n<div style='padding: 15px; color: inherit;'>\n<ul style='padding-left: 20px; margin: 0; font-size: 14px; list-style-type: disc; color: inherit;'>\n<li style='margin-bottom: 8px;'><strong>AC Power Input:<\/strong> 100-240V~ 50\/60Hz 2.5A<\/li>\n<li style='margin-bottom: 8px;'><strong>DC Power Output:<\/strong> 12V\/12.5A<\/li>\n<li style='margin-bottom: 8px;'><strong>Dimensions:<\/strong> 120*213*41.8 mm<\/li>\n<li style='margin-bottom: 8px;'><strong>LEDs:<\/strong> Poder&comma; PS OK&comma; Fallo<\/li>\n<li style='margin-bottom: 8px;'><strong>Potencia M\u00e1xima de Salida:<\/strong> 150W<\/li>\n<li style='margin-bottom: 8px;'><strong>Environment:<\/strong><br \/>Temperatura de funcionamiento: 0\u00b0C~70\u00b0C (32\u00b0F~158\u00b0F)<br \/>Temperatura de almacenamiento: -40\u00b0C~80\u00b0C (-40\u00b0F~176\u00b0F)<br \/>Humedad de funcionamiento: 10%~90% sin condensaci\u00f3n<br \/>Humedad de almacenamiento: 5%~90% sin condensaci\u00f3n<\/li>\n<\/ul><\/div>\n<\/p><\/div>\n<\/p><\/div>\n<p> <!-- Separador --> <\/p>\n<hr style='border: 0; border-top: 1px solid rgba(150&comma; 150&comma; 150&comma; 0.3); margin: 30px 0;'> <\/div>\n","protected":false},"excerpt":{"rendered":"<p>Fuente Redundante Vca \/ Presupuesto de 150W \/ Funciona para OLT DeltaStream DS-P7001-08, DS-P7001-16<\/p>\n","protected":false},"featured_media":32,"comment_status":"open","ping_status":"closed","template":"","meta":[],"product_brand":[],"product_cat":[1970],"product_tag":[664,1971,71],"class_list":{"0":"post-84360","1":"product","2":"type-product","3":"status-publish","4":"has-post-thumbnail","6":"product_cat-switches","7":"product_tag-networking","8":"product_tag-switches","9":"product_tag-tp-link","11":"first","12":"outofstock","13":"sale","14":"shipping-taxable","15":"purchasable","16":"product-type-simple"},"_links":{"self":[{"href":"https:\/\/soydeaqui.ddns.net\/pachuca\/index.php\/wp-json\/wp\/v2\/product\/84360","targetHints":{"allow":["GET"]}}],"collection":[{"href":"https:\/\/soydeaqui.ddns.net\/pachuca\/index.php\/wp-json\/wp\/v2\/product"}],"about":[{"href":"https:\/\/soydeaqui.ddns.net\/pachuca\/index.php\/wp-json\/wp\/v2\/types\/product"}],"replies":[{"embeddable":true,"href":"https:\/\/soydeaqui.ddns.net\/pachuca\/index.php\/wp-json\/wp\/v2\/comments?post=84360"}],"wp:featuredmedia":[{"embeddable":true,"href":"https:\/\/soydeaqui.ddns.net\/pachuca\/index.php\/wp-json\/wp\/v2\/media\/32"}],"wp:attachment":[{"href":"https:\/\/soydeaqui.ddns.net\/pachuca\/index.php\/wp-json\/wp\/v2\/media?parent=84360"}],"wp:term":[{"taxonomy":"product_brand","embeddable":true,"href":"https:\/\/soydeaqui.ddns.net\/pachuca\/index.php\/wp-json\/wp\/v2\/product_brand?post=84360"},{"taxonomy":"product_cat","embeddable":true,"href":"https:\/\/soydeaqui.ddns.net\/pachuca\/index.php\/wp-json\/wp\/v2\/product_cat?post=84360"},{"taxonomy":"product_tag","embeddable":true,"href":"https:\/\/soydeaqui.ddns.net\/pachuca\/index.php\/wp-json\/wp\/v2\/product_tag?post=84360"}],"curies":[{"name":"wp","href":"https:\/\/api.w.org\/{rel}","templated":true}]}}