{"id":84354,"date":"2026-03-19T20:48:42","date_gmt":"2026-03-19T20:48:42","guid":{"rendered":"https:\/\/soydeaqui.ddns.net\/pachuca\/index.php\/producto\/unifi-switch-usw-pro-xg-24-capa-3-24-puertos-16-x-10-gbe-8-x-25-gbe-2-puertos-sfp28-25-g\/"},"modified":"2026-03-19T20:48:55","modified_gmt":"2026-03-19T20:48:55","slug":"unifi-switch-usw-pro-xg-24-capa-3-24-puertos-16-x-10-gbe-8-x-25-gbe-2-puertos-sfp28-25-g","status":"publish","type":"product","link":"https:\/\/soydeaqui.ddns.net\/pachuca\/index.php\/producto\/unifi-switch-usw-pro-xg-24-capa-3-24-puertos-16-x-10-gbe-8-x-25-gbe-2-puertos-sfp28-25-g\/","title":{"rendered":"UniFi Switch USW-Pro-XG-24 \/ Capa 3 \/ 24 puertos  (16 \u00d7 10 GbE, 8 \u00d7 2,5 GbE) + 2 puertos SFP28 25 G"},"content":{"rendered":"<div style='width: 100%; max-width: 1200px; margin: 0 auto; font-family: sans-serif; line-height: 1.6; color: inherit; background-color: transparent;'>\n<div style='display: flex; flex-wrap: wrap; gap: 30px; margin-bottom: 30px;'>\n<div style='flex: 1 1 320px; min-width: 280px;'> <span style='position: relative; display: block; width: 100%;'> <video style='width: 100%; height: auto; border: 1px solid rgba(150&comma;150&comma;150&comma;0.3); border-radius: 8px; display: block;' autoplay muted loop playsinline preload='metadata'><source src='https:\/\/ftp3.syscom.mx\/usuarios\/adiaz\/Ubiquiti\/Imagenes\/USW-Pro-XG\/loop24xgpoe.mp4' type='video\/mp4'><img style='width: 100%; height: auto; border: 1px solid rgba(150&comma;150&comma;150&comma;0.3); border-radius: 8px; display: block;' src='https:\/\/ftp3.syscom.mx\/usuarios\/adiaz\/Ubiquiti\/Imagenes\/USW-Pro-XG\/vista1xg24poe.png' alt='Ubiquiti USW-Pro-XG-24-PoE'><\/video> <\/span> <\/div>\n<div style='flex: 1 1 360px; min-width: 280px;'>\n<h2 style='font-size: 22px; margin-top: 0; margin-bottom: 10px; color: inherit;'>UniFi Pro XG 24<\/h2>\n<div style='margin-bottom: 15px; font-weight: 600; opacity: 0.8;'>Modelo: <span style='font-weight: 700; opacity: 1;'>USW-Pro-XG-24<\/span><\/div>\n<p style='margin: 0; color: inherit;'>Switch administrable Capa 3 con Etherlighting\u2122&comma; con 24 puertos RJ45 (2.5G\/10G) y 2 puertos SFP28 de 25G&comma; para montaje en rack 1U y con soporte de respaldo de energ\u00eda CC (RPS).<\/p>\n<\/p><\/div>\n<\/p><\/div>\n<div style='text-align: center; margin: 30px 0 20px;'> <span style='font-size: 18px; font-weight: 700; color: inherit;'>Especificaciones<\/span> <\/div>\n<div style='display: flex; flex-wrap: wrap; gap: 20px; margin-bottom: 30px;'>\n<div style='flex: 1 1 250px; border: 1px solid rgba(150&comma; 150&comma; 150&comma; 0.4); border-radius: 8px; overflow: hidden; display: flex; flex-direction: column;'>\n<div style='padding: 15px; border-bottom: 1px solid rgba(150&comma; 150&comma; 150&comma; 0.2); font-weight: bold; font-size: 18px; color: inherit;'>Caracter\u00edsticas principales<\/div>\n<div style='padding: 15px; color: inherit; flex: 1;'>\n<ul style='padding-left: 20px; margin: 0; font-size: 14px; list-style-type: disc;'>\n<li style='margin-bottom: 5px;'><strong>Etherlighting\u2122<\/strong>: puertos iluminados para identificar ubicaci\u00f3n&comma; estado y red\/VLAN*<\/li>\n<li style='margin-bottom: 5px;'><strong>(8)<\/strong> puertos <strong>RJ45 2.5 GbE<\/strong> (2.5G\/1G\/100M\/10M)<\/li>\n<li style='margin-bottom: 5px;'><strong>(16)<\/strong> puertos <strong>RJ45 10 GbE<\/strong> (10G\/5G\/2.5G\/1G\/100M\/10M)<\/li>\n<li style='margin-bottom: 5px;'><strong>(2)<\/strong> puertos <strong>SFP28 25G<\/strong> (25G\/10G\/1G)<\/li>\n<li style='margin-bottom: 5px;'><strong>Redundancia<\/strong>: respaldo de energ\u00eda <strong>CC<\/strong> (entrada <strong>USP RPS<\/strong>)<\/li>\n<li style='margin-bottom: 5px;'><strong>Factor de forma<\/strong>: montaje en rack <strong>1U<\/strong><\/li>\n<\/ul>\n<div style='font-size: 13px; margin-top: 15px; opacity: 0.85;'>*La disponibilidad\/funcionalidad puede depender de la versi\u00f3n de UniFi Network y del dispositivo\/firmware.<\/div>\n<\/p><\/div>\n<\/p><\/div>\n<div style='flex: 1 1 250px; border: 1px solid rgba(150&comma; 150&comma; 150&comma; 0.4); border-radius: 8px; overflow: hidden; display: flex; flex-direction: column;'>\n<div style='padding: 15px; border-bottom: 1px solid rgba(150&comma; 150&comma; 150&comma; 0.2); font-weight: bold; font-size: 18px; color: inherit;'>Rendimiento<\/div>\n<div style='padding: 15px; color: inherit; flex: 1;'>\n<ul style='padding-left: 20px; margin: 0; font-size: 14px; list-style-type: disc;'>\n<li style='margin-bottom: 5px;'><strong>Capacidad de switching<\/strong>: <strong>460 Gbps<\/strong><\/li>\n<li style='margin-bottom: 5px;'><strong>Throughput no bloqueante (total)<\/strong>: <strong>230 Gbps<\/strong><\/li>\n<li style='margin-bottom: 5px;'><strong>Tasa de reenv\u00edo<\/strong>: <strong>342 Mpps<\/strong><\/li>\n<li style='margin-bottom: 5px;'><strong>VLANs soportadas<\/strong>: <strong>1&comma;000<\/strong><\/li>\n<li style='margin-bottom: 5px;'><strong>Tabla MAC<\/strong>: <strong>128&comma;000<\/strong><\/li>\n<li style='margin-bottom: 5px;'><strong>Buffer de paquetes<\/strong>: <strong>8 MB<\/strong><\/li>\n<li style='margin-bottom: 5px;'><strong>ACL<\/strong>: IPv4 <strong>256<\/strong> \/ MAC <strong>256<\/strong><\/li>\n<\/ul><\/div>\n<\/p><\/div>\n<div style='flex: 1 1 250px; border: 1px solid rgba(150&comma; 150&comma; 150&comma; 0.4); border-radius: 8px; overflow: hidden; display: flex; flex-direction: column;'>\n<div style='padding: 15px; border-bottom: 1px solid rgba(150&comma; 150&comma; 150&comma; 0.2); font-weight: bold; font-size: 18px; color: inherit;'>Caracter\u00edsticas de Capa 3<\/div>\n<div style='padding: 15px; color: inherit; flex: 1;'>\n<ul style='padding-left: 20px; margin: 0; font-size: 14px; list-style-type: disc;'>\n<li style='margin-bottom: 5px;'>Servidor DHCP (redes locales)<\/li>\n<li style='margin-bottom: 5px;'>Relay DHCP<\/li>\n<li style='margin-bottom: 5px;'>Enrutamiento inter-VLAN (redes locales)<\/li>\n<li style='margin-bottom: 5px;'>Ruteo est\u00e1tico (redes locales)<\/li>\n<li style='margin-bottom: 5px;'><strong>Tablas L3<\/strong>: ARP <strong>128&comma;000<\/strong> \/ Rutas IPv4 <strong>256&comma;000<\/strong><\/li>\n<\/ul><\/div>\n<\/p><\/div>\n<div style='flex: 1 1 250px; border: 1px solid rgba(150&comma; 150&comma; 150&comma; 0.4); border-radius: 8px; overflow: hidden; display: flex; flex-direction: column;'>\n<div style='padding: 15px; border-bottom: 1px solid rgba(150&comma; 150&comma; 150&comma; 0.2); font-weight: bold; font-size: 18px; color: inherit;'>Caracter\u00edsticas de Capa 2<\/div>\n<div style='padding: 15px; color: inherit; flex: 1;'>\n<ul style='padding-left: 20px; margin: 0; font-size: 14px; list-style-type: disc;'>\n<li style='margin-bottom: 5px;'>Agregaci\u00f3n de enlaces (LACP)<\/li>\n<li style='margin-bottom: 5px;'>STP y RSTP<\/li>\n<li style='margin-bottom: 5px;'>QoS (DSCP)<\/li>\n<li style='margin-bottom: 5px;'>Perfiles Pro AV (Play&comma; Dante&comma; Q-SYS&comma; NDI&comma; SDVoE&comma; Shure&comma; AES67&comma; Crestron)<\/li>\n<li style='margin-bottom: 5px;'>IGMP avanzado (Querier&comma; Fast Leave&comma; Router Port) e IGMP Snooping<\/li>\n<li style='margin-bottom: 5px;'>Control 802.1X<\/li>\n<li style='margin-bottom: 5px;'>ACL por MAC y aislamiento de dispositivos<\/li>\n<li style='margin-bottom: 5px;'>DHCP Snooping y protecci\u00f3n<\/li>\n<li style='margin-bottom: 5px;'>L\u00edmite de tasa de salida (Egress Rate Limit)<\/li>\n<li style='margin-bottom: 5px;'>Control de flujo (Flow Control) y control de tormentas (Storm Control)<\/li>\n<li style='margin-bottom: 5px;'>Limitaci\u00f3n de tr\u00e1fico multicast y broadcast<\/li>\n<li style='margin-bottom: 5px;'>Bloqueo de MAC&comma; restricci\u00f3n por MAC&comma; aislamiento de puertos y espejeo de puertos<\/li>\n<li style='margin-bottom: 5px;'>Jumbo Frames&comma; LLDP-MED&comma; VLAN de voz&comma; protecci\u00f3n contra loops<\/li>\n<li style='margin-bottom: 5px;'>Virtual Network Override<\/li>\n<\/ul><\/div>\n<\/p><\/div>\n<div style='flex: 1 1 250px; border: 1px solid rgba(150&comma; 150&comma; 150&comma; 0.4); border-radius: 8px; overflow: hidden; display: flex; flex-direction: column;'>\n<div style='padding: 15px; border-bottom: 1px solid rgba(150&comma; 150&comma; 150&comma; 0.2); font-weight: bold; font-size: 18px; color: inherit;'>Caracter\u00edsticas f\u00edsicas y el\u00e9ctricas<\/div>\n<div style='padding: 15px; color: inherit; flex: 1;'>\n<ul style='padding-left: 20px; margin: 0; font-size: 14px; list-style-type: disc;'>\n<li style='margin-bottom: 5px;'><strong>Dimensiones<\/strong>: <strong>442 \u00d7 480 \u00d7 44 mm<\/strong> (17.4 \u00d7 18.9 \u00d7 1.7&#8242;)<\/li>\n<li style='margin-bottom: 5px;'><strong>Peso<\/strong>: 7.2 kg (sin brackets) \/ 7.3 kg (con brackets)<\/li>\n<li style='margin-bottom: 5px;'><strong>Material<\/strong>: Acero SGCC (chasis y montaje)<\/li>\n<li style='margin-bottom: 5px;'><strong>Pantalla<\/strong>: LCM t\u00e1ctil de <strong>1.3&#8242;<\/strong><\/li>\n<li style='margin-bottom: 5px;'><strong>Alimentaci\u00f3n<\/strong>: (1) entrada universal <strong>100\u2013240 VCA<\/strong>&comma; 50\/60 Hz + (1) entrada <strong>USP RPS CC<\/strong><\/li>\n<li style='margin-bottom: 5px;'><strong>Fuente<\/strong>: interna CA\/CC <strong>200 W<\/strong><\/li>\n<li style='margin-bottom: 5px;'><strong>Profundidad de rack soportada<\/strong>: 482.6 mm rack 4 postes 19&#8217;&comma; postes con profundidad de <strong>600 a 1&comma;066 mm<\/strong> (23.6\u201342&#8242;)<\/li>\n<li style='margin-bottom: 5px;'><strong>Temperatura<\/strong>: \u22125 a 40 \u00b0C (23 a 104 \u00b0F)<\/li>\n<li style='margin-bottom: 5px;'><strong>Humedad<\/strong>: 10\u201390% sin condensaci\u00f3n<\/li>\n<\/ul><\/div>\n<\/p><\/div>\n<div style='flex: 1 1 250px; border: 1px solid rgba(150&comma; 150&comma; 150&comma; 0.4); border-radius: 8px; overflow: hidden; display: flex; flex-direction: column;'>\n<div style='padding: 15px; border-bottom: 1px solid rgba(150&comma; 150&comma; 150&comma; 0.2); font-weight: bold; font-size: 18px; color: inherit;'>Gesti\u00f3n y cumplimiento<\/div>\n<div style='padding: 15px; color: inherit; flex: 1;'>\n<ul style='padding-left: 20px; margin: 0; font-size: 14px; list-style-type: disc;'>\n<li style='margin-bottom: 5px;'><strong>Gesti\u00f3n<\/strong>: UniFi Network<\/li>\n<li style='margin-bottom: 5px;'><strong>Requisito<\/strong>: UniFi Network <strong>9.1.114<\/strong> o posterior<\/li>\n<li style='margin-bottom: 5px;'><strong>Protecci\u00f3n ESD<\/strong>: aire \u00b130 kV&comma; contacto \u00b120 kV<\/li>\n<li style='margin-bottom: 5px;'><strong>NDAA<\/strong>: \u2713<\/li>\n<li style='margin-bottom: 5px;'><strong>Certificaciones<\/strong>: CE&comma; FCC&comma; IC&comma; Anatel (04322-25-08356)<\/li>\n<\/ul><\/div>\n<\/p><\/div>\n<\/p><\/div>\n<div style='border: 1px solid rgba(150&comma;150&comma;150&comma;0.4); border-radius: 8px; padding: 15px; box-shadow: 0 1px 6px rgba(0&comma;0&comma;0&comma;0.1); margin: 30px 0; text-align: center; max-width: 500px; margin-left: auto; margin-right: auto;'>\n<h3 style='margin: 0 0 15px; font-size: 16px; font-weight: 600; color: inherit;'>Accesorios recomendados<\/h3>\n<div style='display: flex; flex-wrap: wrap; gap: 12px; justify-content: center;'> <a href='https:\/\/www.syscom.mx\/products\/238020' target='_blank' rel='noopener' style='text-decoration: none; color: inherit; flex: 0 1 160px;'> <\/p>\n<div style='border: 1px solid rgba(150&comma;150&comma;150&comma;0.4); border-radius: 8px; padding: 10px; text-align: center;'> <img style='width: 35%; height: auto; display: block; margin: 0 auto; border: 1px solid rgba(150&comma;150&comma;150&comma;0.3); border-radius: 8px;' src='https:\/\/ftp3.syscom.mx\/usuarios\/adiaz\/Ubiquiti\/Imagenes\/USWFlex25G5\/portada_0S1000.png' alt='UACC-CABLE-PATCH-EL-2M-W'> <\/p>\n<div style='font-weight: 600; font-size: 14px; margin-top: 8px; color: inherit; opacity: 0.8;'>UACC-CABLE-PATCH-EL-2M-W<\/div>\n<\/p><\/div>\n<p> <\/a> <a href='https:\/\/www.syscom.mx\/producto\/UACC-DAC-SFP10-1M-UBIQUITI-228764.html' target='_blank' rel='noopener' style='text-decoration: none; color: inherit; flex: 0 1 160px;'> <\/p>\n<div style='border: 1px solid rgba(150&comma;150&comma;150&comma;0.4); border-radius: 8px; padding: 10px; text-align: center;'> <img style='width: 35%; height: auto; display: block; margin: 0 auto; border: 1px solid rgba(150&comma;150&comma;150&comma;0.3); border-radius: 8px;' src='https:\/\/ftp3.syscom.mx\/usuarios\/adiaz\/Ubiquiti\/Imagenes\/USW-Pro-XG\/uacc-dac.png' alt='UACC-DAC-SFP10-1M'> <\/p>\n<div style='font-weight: 600; font-size: 14px; margin-top: 8px; color: inherit; opacity: 0.8;'>UACC-DAC-SFP10-1M<\/div>\n<\/p><\/div>\n<p> <\/a> <\/div>\n<\/p><\/div>\n<div style='border: 1px solid rgba(150&comma;150&comma;150&comma;0.4); border-radius: 8px; padding: 15px; box-shadow: 0 1px 6px rgba(0&comma;0&comma;0&comma;0.1); margin: 30px 0; text-align: center;'>\n<h3 style='margin: 0 0 15px; font-size: 16px; font-weight: 600; color: inherit;'>Vista del producto<\/h3>\n<div style='display: flex; flex-wrap: wrap; gap: 16px; justify-content: center; align-items: center;'> <img style='width: 100%; max-width: 480px; height: auto; border: 1px solid rgba(150&comma;150&comma;150&comma;0.3); border-radius: 8px;' src='https:\/\/ftp3.syscom.mx\/usuarios\/adiaz\/Ubiquiti\/Imagenes\/USW-Pro-XG\/vista2xg24poe.png' alt='USW-Pro-XG-24 vista 1'> <img style='width: 100%; max-width: 480px; height: auto; border: 1px solid rgba(150&comma;150&comma;150&comma;0.3); border-radius: 8px;' src='https:\/\/ftp3.syscom.mx\/usuarios\/adiaz\/Ubiquiti\/Imagenes\/USW-Pro-XG\/vista1xg24poe.png' alt='USW-Pro-XG-24 vista 2'> <\/div>\n<\/p><\/div>\n<div style='border: 1px solid rgba(150&comma;150&comma;150&comma;0.4); border-radius: 8px; padding: 15px; box-shadow: 0 1px 6px rgba(0&comma;0&comma;0&comma;0.1); margin: 30px 0; text-align: center;'>\n<h3 style='margin: 0 0 15px; font-size: 16px; font-weight: 600; color: inherit;'>Contenido del paquete<\/h3>\n<p> <img style='width: 100%; max-width: 600px; height: auto; border: 1px solid rgba(150&comma;150&comma;150&comma;0.3); border-radius: 8px;' src='https:\/\/ftp3.syscom.mx\/usuarios\/adiaz\/Ubiquiti\/Imagenes\/USW-Pro-XG\/contenidoxg24poe.png' alt='Contenido del paquete USW-Pro-XG-24'> <\/div>\n<\/p><\/div>\n","protected":false},"excerpt":{"rendered":"<p>UniFi Switch USW-Pro-XG-24 \/ Capa 3 \/ 24 puertos  (16 \u00d7 10 GbE, 8 \u00d7 2,5 GbE) + 2 puertos SFP28 25 G<\/p>\n","protected":false},"featured_media":84353,"comment_status":"open","ping_status":"closed","template":"","meta":[],"product_brand":[],"product_cat":[1970],"product_tag":[664,1971,166],"class_list":{"0":"post-84354","1":"product","2":"type-product","3":"status-publish","4":"has-post-thumbnail","6":"product_cat-switches","7":"product_tag-networking","8":"product_tag-switches","9":"product_tag-ubiquiti","11":"first","12":"outofstock","13":"sale","14":"shipping-taxable","15":"purchasable","16":"product-type-simple"},"_links":{"self":[{"href":"https:\/\/soydeaqui.ddns.net\/pachuca\/index.php\/wp-json\/wp\/v2\/product\/84354","targetHints":{"allow":["GET"]}}],"collection":[{"href":"https:\/\/soydeaqui.ddns.net\/pachuca\/index.php\/wp-json\/wp\/v2\/product"}],"about":[{"href":"https:\/\/soydeaqui.ddns.net\/pachuca\/index.php\/wp-json\/wp\/v2\/types\/product"}],"replies":[{"embeddable":true,"href":"https:\/\/soydeaqui.ddns.net\/pachuca\/index.php\/wp-json\/wp\/v2\/comments?post=84354"}],"wp:featuredmedia":[{"embeddable":true,"href":"https:\/\/soydeaqui.ddns.net\/pachuca\/index.php\/wp-json\/wp\/v2\/media\/84353"}],"wp:attachment":[{"href":"https:\/\/soydeaqui.ddns.net\/pachuca\/index.php\/wp-json\/wp\/v2\/media?parent=84354"}],"wp:term":[{"taxonomy":"product_brand","embeddable":true,"href":"https:\/\/soydeaqui.ddns.net\/pachuca\/index.php\/wp-json\/wp\/v2\/product_brand?post=84354"},{"taxonomy":"product_cat","embeddable":true,"href":"https:\/\/soydeaqui.ddns.net\/pachuca\/index.php\/wp-json\/wp\/v2\/product_cat?post=84354"},{"taxonomy":"product_tag","embeddable":true,"href":"https:\/\/soydeaqui.ddns.net\/pachuca\/index.php\/wp-json\/wp\/v2\/product_tag?post=84354"}],"curies":[{"name":"wp","href":"https:\/\/api.w.org\/{rel}","templated":true}]}}