{"id":84337,"date":"2026-03-19T20:47:53","date_gmt":"2026-03-19T20:47:53","guid":{"rendered":"https:\/\/soydeaqui.ddns.net\/pachuca\/index.php\/producto\/unifi-switch-pro-max-24-switch-capa-3-con-24-puertos-8-x-2-5-gbe-y-16-x-1-gbe-2-puertos-sfp-10g-y-pantalla-informativa-integrada\/"},"modified":"2026-03-19T20:48:03","modified_gmt":"2026-03-19T20:48:03","slug":"unifi-switch-pro-max-24-switch-capa-3-con-24-puertos-8-x-2-5-gbe-y-16-x-1-gbe-2-puertos-sfp-10g-y-pantalla-informativa-integrada","status":"publish","type":"product","link":"https:\/\/soydeaqui.ddns.net\/pachuca\/index.php\/producto\/unifi-switch-pro-max-24-switch-capa-3-con-24-puertos-8-x-2-5-gbe-y-16-x-1-gbe-2-puertos-sfp-10g-y-pantalla-informativa-integrada\/","title":{"rendered":"UniFi Switch Pro Max 24 \u2013 Switch Capa 3 con 24 Puertos (8 \u00d7 2.5 GbE y 16 \u00d7 1 GbE), 2 Puertos SFP+ 10G y Pantalla Informativa Integrada"},"content":{"rendered":"<div style='width: 100%; max-width: 1200px; margin: 0 auto; font-family: sans-serif; line-height: 1.6; color: inherit; background-color: transparent;'> <!-- Hero Section --> <\/p>\n<div style='display: flex; flex-wrap: wrap; gap: 30px; align-items: center; border: 1px solid rgba(150&comma;150&comma;150&comma;0.3); border-radius: 8px; padding: 20px; margin-bottom: 30px;'>\n<div style='flex: 1 1 320px; min-width: 280px;'> <!-- Video container --> <\/p>\n<div style='position: relative; padding-bottom: 56.25%; height: 0; overflow: hidden; margin-bottom: 15px;'> <video style='position: absolute; top: 0; left: 0; width: 100%; height: 100%; border: 1px solid rgba(150&comma;150&comma;150&comma;0.3); border-radius: 8px;' src='https:\/\/ftp3.syscom.mx\/usuarios\/adiaz\/Ubiquiti\/Imagenes\/USW-Pro-Max-24\/loop.mp4' preload='metadata' autoplay loop muted controls><source src='https:\/\/ftp3.syscom.mx\/usuarios\/adiaz\/Ubiquiti\/Imagenes\/USW-Pro-Max-24\/loop.mp4' type='video\/mp4'>Tu navegador no soporta el elemento de video.<\/video> <!-- Fallback image --> <img style='display: none; width: 100%; height: auto; border: 1px solid rgba(150&comma;150&comma;150&comma;0.3); border-radius: 8px;' src='https:\/\/ftp3.syscom.mx\/usuarios\/adiaz\/Ubiquiti\/Imagenes\/USW-Pro-Max-24\/vista1.png' alt='UniFi Pro Max 24'> <\/div>\n<\/p><\/div>\n<div style='flex: 1 1 360px; min-width: 280px;'>\n<h2 style='font-size: 22px; margin-top: 0; margin-bottom: 10px; color: inherit; opacity: 0.9;'>UniFi Pro Max 24<\/h2>\n<div style='margin-bottom: 15px; font-weight: 600; opacity: 0.8; color: inherit;'>Modelo: <span style='font-weight: bold; opacity: 1;'>USW-Pro-Max-24<\/span><\/div>\n<p style='margin: 0; color: inherit; font-size: 15px;'>Switch administrable con <strong>24<\/strong> <strong>puertos RJ45<\/strong> (combinaci\u00f3n de <strong>1 GbE<\/strong> y <strong>2.5 GbE<\/strong>) y <strong>2<\/strong> <strong>puertos 10G SFP+<\/strong>&comma; con <strong>funciones de Capa 3<\/strong>&comma; <strong>Etherlighting\u2122<\/strong> y soporte de <strong>respaldo de energ\u00eda DC (USP RPS)<\/strong>&comma; ideal para montaje en rack <strong>1U<\/strong>.<\/p>\n<\/p><\/div>\n<\/p><\/div>\n<p> <!-- Especificaciones --> <\/p>\n<div style='text-align: center; margin: 40px 0 20px;'> <span style='font-size: 20px; font-weight: bold; color: inherit; border-bottom: 2px solid currentColor; padding-bottom: 5px; display: inline-block;'>Especificaciones<\/span> <\/div>\n<p> <!-- Cards Grid --> <\/p>\n<div style='display: flex; flex-wrap: wrap; gap: 20px; margin-bottom: 30px;'> <!-- Puertos y capacidades --> <\/p>\n<div style='flex: 1 1 250px; border: 1px solid rgba(150&comma;150&comma;150&comma;0.4); border-radius: 8px; overflow: hidden; display: flex; flex-direction: column;'>\n<div style='padding: 15px; border-bottom: 1px solid rgba(150&comma;150&comma;150&comma;0.2); font-weight: bold; font-size: 18px; color: inherit;'>Puertos y capacidades<\/div>\n<div style='padding: 15px; color: inherit; flex-grow: 1;'>\n<ul style='padding-left: 20px; margin: 0; font-size: 14px; list-style-type: disc;'>\n<li style='margin-bottom: 5px;'><strong>RJ45 1 GbE<\/strong>: 16 (1G\/100M\/10M)<\/li>\n<li style='margin-bottom: 5px;'><strong>RJ45 2.5 GbE<\/strong>: 8 (2.5G\/1G\/100M\/10M)<\/li>\n<li style='margin-bottom: 5px;'><strong>SFP+ 10G<\/strong>: 2 (10G\/1G)<\/li>\n<li style='margin-bottom: 5px;'><strong>Capa 3<\/strong>: \u2713<\/li>\n<li style='margin-bottom: 5px;'><strong>Respaldo de energ\u00eda DC (USP RPS)<\/strong>: \u2713<\/li>\n<li style='margin-bottom: 5px;'><strong>Etherlighting\u2122<\/strong>: \u2713<\/li>\n<li style='margin-bottom: 5px;'><strong>Factor de forma<\/strong>: Montaje en rack (1U)<\/li>\n<\/ul><\/div>\n<\/p><\/div>\n<p> <!-- Rendimiento --> <\/p>\n<div style='flex: 1 1 250px; border: 1px solid rgba(150&comma;150&comma;150&comma;0.4); border-radius: 8px; overflow: hidden; display: flex; flex-direction: column;'>\n<div style='padding: 15px; border-bottom: 1px solid rgba(150&comma;150&comma;150&comma;0.2); font-weight: bold; font-size: 18px; color: inherit;'>Rendimiento<\/div>\n<div style='padding: 15px; color: inherit; flex-grow: 1;'>\n<ul style='padding-left: 20px; margin: 0; font-size: 14px; list-style-type: disc;'>\n<li style='margin-bottom: 5px;'><strong>Capacidad de switching<\/strong>: 112 Gbps<\/li>\n<li style='margin-bottom: 5px;'><strong>Throughput total non-blocking<\/strong>: 56 Gbps<\/li>\n<li style='margin-bottom: 5px;'><strong>Tasa de reenv\u00edo<\/strong>: 83 Mpps<\/li>\n<li style='margin-bottom: 5px;'><strong>VLANs soportadas<\/strong>: 1&comma;000<\/li>\n<li style='margin-bottom: 5px;'><strong>Tabla MAC<\/strong>: 16&comma;000<\/li>\n<li style='margin-bottom: 5px;'><strong>ACL IPv4<\/strong>: 128<\/li>\n<li style='margin-bottom: 5px;'><strong>ACL por MAC<\/strong>: 128<\/li>\n<\/ul><\/div>\n<\/p><\/div>\n<p> <!-- Funciones de Capa 3 --> <\/p>\n<div style='flex: 1 1 250px; border: 1px solid rgba(150&comma;150&comma;150&comma;0.4); border-radius: 8px; overflow: hidden; display: flex; flex-direction: column;'>\n<div style='padding: 15px; border-bottom: 1px solid rgba(150&comma;150&comma;150&comma;0.2); font-weight: bold; font-size: 18px; color: inherit;'>Funciones de Capa 3<\/div>\n<div style='padding: 15px; color: inherit; flex-grow: 1;'>\n<ul style='padding-left: 20px; margin: 0; font-size: 14px; list-style-type: disc;'>\n<li style='margin-bottom: 5px;'><strong>Servidor DHCP<\/strong> (redes locales): \u2713<\/li>\n<li style='margin-bottom: 5px;'><strong>DHCP Relay<\/strong>: \u2713<\/li>\n<li style='margin-bottom: 5px;'><strong>Enrutamiento Inter-VLAN<\/strong> (redes locales): \u2713<\/li>\n<li style='margin-bottom: 5px;'><strong>Ruteo est\u00e1tico<\/strong> (redes locales): \u2713<\/li>\n<\/ul><\/div>\n<\/p><\/div>\n<p> <!-- Funciones de Capa 2 --> <\/p>\n<div style='flex: 1 1 250px; border: 1px solid rgba(150&comma;150&comma;150&comma;0.4); border-radius: 8px; overflow: hidden; display: flex; flex-direction: column;'>\n<div style='padding: 15px; border-bottom: 1px solid rgba(150&comma;150&comma;150&comma;0.2); font-weight: bold; font-size: 18px; color: inherit;'>Funciones de Capa 2<\/div>\n<div style='padding: 15px; color: inherit; flex-grow: 1;'>\n<ul style='padding-left: 20px; margin: 0; font-size: 14px; list-style-type: disc;'>\n<li style='margin-bottom: 5px;'><strong>LACP<\/strong>: \u2713<\/li>\n<li style='margin-bottom: 5px;'><strong>STP \/ RSTP<\/strong>: \u2713<\/li>\n<li style='margin-bottom: 5px;'><strong>QoS (DSCP)<\/strong>: \u2713<\/li>\n<li style='margin-bottom: 5px;'><strong>Perfiles Pro AV<\/strong>: \u2713<\/li>\n<li style='margin-bottom: 5px;'><strong>IGMP avanzado<\/strong>: \u2713<\/li>\n<li style='margin-bottom: 5px;'><strong>IGMP Snooping<\/strong>: \u2713<\/li>\n<li style='margin-bottom: 5px;'><strong>802.1X<\/strong>: \u2713<\/li>\n<li style='margin-bottom: 5px;'><strong>ACL por MAC<\/strong>: \u2713<\/li>\n<li style='margin-bottom: 5px;'><strong>DHCP Snooping &#038; Guarding<\/strong>: \u2713<\/li>\n<li style='margin-bottom: 5px;'><strong>Flow Control<\/strong>: \u2713<\/li>\n<li style='margin-bottom: 5px;'><strong>Storm Control<\/strong>: \u2713<\/li>\n<li style='margin-bottom: 5px;'><strong>Bloqueo de MAC<\/strong>: \u2713<\/li>\n<li style='margin-bottom: 5px;'><strong>ACL por IP<\/strong>: \u2713<\/li>\n<li style='margin-bottom: 5px;'><strong>Aislamiento de puertos<\/strong>: \u2713<\/li>\n<li style='margin-bottom: 5px;'><strong>LLDP-MED<\/strong>: \u2713<\/li>\n<li style='margin-bottom: 5px;'><strong>VLAN de voz<\/strong>: \u2713<\/li>\n<\/ul><\/div>\n<\/p><\/div>\n<p> <!-- F\u00edsicas&comma; energ\u00eda y operaci\u00f3n --> <\/p>\n<div style='flex: 1 1 250px; border: 1px solid rgba(150&comma;150&comma;150&comma;0.4); border-radius: 8px; overflow: hidden; display: flex; flex-direction: column;'>\n<div style='padding: 15px; border-bottom: 1px solid rgba(150&comma;150&comma;150&comma;0.2); font-weight: bold; font-size: 18px; color: inherit;'>F\u00edsicas&comma; energ\u00eda y operaci\u00f3n<\/div>\n<div style='padding: 15px; color: inherit; flex-grow: 1;'>\n<ul style='padding-left: 20px; margin: 0; font-size: 14px; list-style-type: disc;'>\n<li style='margin-bottom: 5px;'><strong>Dimensiones<\/strong>: 442 \u00d7 325 \u00d7 44 mm (17.4 \u00d7 12.8 \u00d7 1.7&#8242;)<\/li>\n<li style='margin-bottom: 5px;'><strong>Peso<\/strong>: 4.2 kg sin brackets \/ 4.3 kg con brackets<\/li>\n<li style='margin-bottom: 5px;'><strong>Material del chasis<\/strong>: Acero SGCC<\/li>\n<li style='margin-bottom: 5px;'><strong>Material de montaje<\/strong>: Acero SGCC<\/li>\n<li style='margin-bottom: 5px;'><strong>Profundidad de rack soportada<\/strong>: 400\u20131200 mm (15.7\u201347.2&#8242;)<\/li>\n<li style='margin-bottom: 5px;'><strong>Consumo m\u00e1ximo<\/strong>: 50 W<\/li>\n<li style='margin-bottom: 5px;'><strong>Alimentaci\u00f3n<\/strong>: (1) entrada universal 100\u2013240 V~ 50\/60 Hz + (1) entrada DC USP RPS<\/li>\n<li style='margin-bottom: 5px;'><strong>Fuente<\/strong>: Interna CA\/CC&comma; 60 W<\/li>\n<li style='margin-bottom: 5px;'><strong>Disipaci\u00f3n de calor<\/strong>: 170.6 BTU\/h<\/li>\n<li style='margin-bottom: 5px;'><strong>Pantalla<\/strong>: t\u00e1ctil de 1.3&#8242;<\/li>\n<li style='margin-bottom: 5px;'><strong>Temperatura de operaci\u00f3n<\/strong>: -5 a 40 \u00b0C (23 a 104 \u00b0F)<\/li>\n<li style='margin-bottom: 5px;'><strong>Humedad de operaci\u00f3n<\/strong>: 10\u201390% sin condensaci\u00f3n<\/li>\n<\/ul><\/div>\n<\/p><\/div>\n<p> <!-- Software y cumplimiento --> <\/p>\n<div style='flex: 1 1 250px; border: 1px solid rgba(150&comma;150&comma;150&comma;0.4); border-radius: 8px; overflow: hidden; display: flex; flex-direction: column;'>\n<div style='padding: 15px; border-bottom: 1px solid rgba(150&comma;150&comma;150&comma;0.2); font-weight: bold; font-size: 18px; color: inherit;'>Software y cumplimiento<\/div>\n<div style='padding: 15px; color: inherit; flex-grow: 1;'>\n<ul style='padding-left: 20px; margin: 0; font-size: 14px; list-style-type: disc;'>\n<li style='margin-bottom: 5px;'><strong>Administraci\u00f3n<\/strong>: UniFi Network<\/li>\n<li style='margin-bottom: 5px;'><strong>Versi\u00f3n requerida<\/strong>: UniFi Network 8.0.24 o posterior<\/li>\n<li style='margin-bottom: 5px;'><strong>Certificaciones<\/strong>: CE&comma; FCC&comma; IC&comma; Anatel (06373-24-08356)<\/li>\n<li style='margin-bottom: 5px;'><strong>Cumplimiento NDAA<\/strong>: \u2713<\/li>\n<\/ul><\/div>\n<\/p><\/div>\n<\/p><\/div>\n<p> <!-- Galer\u00eda inferior --> <\/p>\n<div style='border: 1px solid rgba(150&comma;150&comma;150&comma;0.3); border-radius: 8px; padding: 20px; margin-bottom: 30px;'>\n<h3 style='margin: 0 0 15px; font-size: 18px; font-weight: bold; color: inherit; text-align: center;'>Vista del producto<\/h3>\n<div style='display: flex; flex-wrap: wrap; gap: 15px; justify-content: center;'> <img style='width: 100%; max-width: 480px; height: auto; border: 1px solid rgba(150&comma;150&comma;150&comma;0.3); border-radius: 8px;' src='https:\/\/ftp3.syscom.mx\/usuarios\/adiaz\/Ubiquiti\/Imagenes\/USW-Pro-Max-24\/vista1.png' alt='Vista 1 del UniFi Pro Max 24'> <img style='width: 100%; max-width: 480px; height: auto; border: 1px solid rgba(150&comma;150&comma;150&comma;0.3); border-radius: 8px;' src='https:\/\/ftp3.syscom.mx\/usuarios\/adiaz\/Ubiquiti\/Imagenes\/USW-Pro-Max-24\/vista2.png' alt='Vista 2 del UniFi Pro Max 24'> <\/div>\n<\/p><\/div>\n<p> <!-- Contenido del paquete --> <\/p>\n<div style='border: 1px solid rgba(150&comma;150&comma;150&comma;0.3); border-radius: 8px; padding: 20px; margin-bottom: 30px;'>\n<h3 style='margin: 0 0 15px; font-size: 18px; font-weight: bold; color: inherit; text-align: center;'>Contenido del Paquete<\/h3>\n<p> <img style='width: 100%; max-width: 600px; height: auto; margin: 0 auto; display: block; border: 1px solid rgba(150&comma;150&comma;150&comma;0.3); border-radius: 8px;' src='https:\/\/ftp3.syscom.mx\/usuarios\/adiaz\/Ubiquiti\/Imagenes\/USW-Pro-Max-24\/contenido.png' alt='Contenido del paquete USW-Pro-Max-24'> <\/div>\n<\/p><\/div>\n","protected":false},"excerpt":{"rendered":"<p>UniFi Switch Pro Max 24 \u2013 Switch Capa 3 con 24 Puertos (8 \u00d7 2.5 GbE y 16 \u00d7 1 GbE), 2 Puertos SFP+ 10G y Pantalla Informativa Integrada<\/p>\n","protected":false},"featured_media":84336,"comment_status":"open","ping_status":"closed","template":"","meta":[],"product_brand":[],"product_cat":[1970],"product_tag":[664,1971,166],"class_list":{"0":"post-84337","1":"product","2":"type-product","3":"status-publish","4":"has-post-thumbnail","6":"product_cat-switches","7":"product_tag-networking","8":"product_tag-switches","9":"product_tag-ubiquiti","11":"first","12":"outofstock","13":"sale","14":"shipping-taxable","15":"purchasable","16":"product-type-simple"},"_links":{"self":[{"href":"https:\/\/soydeaqui.ddns.net\/pachuca\/index.php\/wp-json\/wp\/v2\/product\/84337","targetHints":{"allow":["GET"]}}],"collection":[{"href":"https:\/\/soydeaqui.ddns.net\/pachuca\/index.php\/wp-json\/wp\/v2\/product"}],"about":[{"href":"https:\/\/soydeaqui.ddns.net\/pachuca\/index.php\/wp-json\/wp\/v2\/types\/product"}],"replies":[{"embeddable":true,"href":"https:\/\/soydeaqui.ddns.net\/pachuca\/index.php\/wp-json\/wp\/v2\/comments?post=84337"}],"wp:featuredmedia":[{"embeddable":true,"href":"https:\/\/soydeaqui.ddns.net\/pachuca\/index.php\/wp-json\/wp\/v2\/media\/84336"}],"wp:attachment":[{"href":"https:\/\/soydeaqui.ddns.net\/pachuca\/index.php\/wp-json\/wp\/v2\/media?parent=84337"}],"wp:term":[{"taxonomy":"product_brand","embeddable":true,"href":"https:\/\/soydeaqui.ddns.net\/pachuca\/index.php\/wp-json\/wp\/v2\/product_brand?post=84337"},{"taxonomy":"product_cat","embeddable":true,"href":"https:\/\/soydeaqui.ddns.net\/pachuca\/index.php\/wp-json\/wp\/v2\/product_cat?post=84337"},{"taxonomy":"product_tag","embeddable":true,"href":"https:\/\/soydeaqui.ddns.net\/pachuca\/index.php\/wp-json\/wp\/v2\/product_tag?post=84337"}],"curies":[{"name":"wp","href":"https:\/\/api.w.org\/{rel}","templated":true}]}}