{"id":84326,"date":"2026-03-19T20:47:23","date_gmt":"2026-03-19T20:47:23","guid":{"rendered":"https:\/\/soydeaqui.ddns.net\/pachuca\/index.php\/producto\/jabra-evolve-2-40se-auricular-stereo-version-ms-con-aislamiento-de-ruido-conexion-usb-c-a-y-indicador-de-ocupado-busylight-24189-999-799\/"},"modified":"2026-03-19T20:47:30","modified_gmt":"2026-03-19T20:47:30","slug":"jabra-evolve-2-40se-auricular-stereo-version-ms-con-aislamiento-de-ruido-conexion-usb-c-a-y-indicador-de-ocupado-busylight-24189-999-799","status":"publish","type":"product","link":"https:\/\/soydeaqui.ddns.net\/pachuca\/index.php\/producto\/jabra-evolve-2-40se-auricular-stereo-version-ms-con-aislamiento-de-ruido-conexion-usb-c-a-y-indicador-de-ocupado-busylight-24189-999-799\/","title":{"rendered":"Jabra Evolve 2 40SE, Auricular Stereo Versi\u00f3n MS con Aislamiento de Ruido, Conexi\u00f3n USB C\/A y Indicador de Ocupado (Busylight) (24189-999-799)"},"content":{"rendered":"<div style='width: 100%; max-width: 1200px; margin: 0 auto; font-family: sans-serif; line-height: 1.6; color: inherit; background-color: transparent;'> <!-- ENCABEZADO --> <\/p>\n<div style='background-color: #ffd100; color: #000; text-align: center; padding: 35px 20px;'>\n<h1 style='margin: 0; font-size: 36px; color: inherit;'>Jabra Evolve2 40 SE MS<\/h1>\n<p style='margin-top: 10px; font-size: 18px; color: inherit;'>Lleva el silencio a tu escritorio<\/p>\n<\/p><\/div>\n<p> <!-- CONTENIDO PRINCIPAL --> <\/p>\n<div style='padding: 20px;'> <!-- AISLAMIENTO DE RUIDO --> <\/p>\n<h2 style='color: #000; border-left: 6px solid #FFD100; padding-left: 10px; color: inherit; opacity: 0.8; border-color: #FFD100;'>Aislamiento del ruido<\/h2>\n<p style='text-align: justify; color: inherit;'>Llevamos nuestra <strong style='color: inherit;'>luz de ocupado Busylight<\/strong> a un nivel totalmente nuevo&comma; pues ahora se puede ver desde cualquier direcci\u00f3n. La luz roja se activa autom\u00e1ticamente cuando est\u00e1s haciendo una llamada o en una reuni\u00f3n&comma; o puedes activarla t\u00fa mismo con tan solo pulsar un bot\u00f3n.<\/p>\n<p style='text-align: justify; color: inherit;'>Incluso si est\u00e1s en el centro de la acci\u00f3n&comma; tu luz de aviso Busylight te proteger\u00e1 desde todos los \u00e1ngulos y contra todas las interrupciones. Es como tener un guardia de seguridad integrado para cuidar tu concentraci\u00f3n.<\/p>\n<p> <!-- SEPARADOR --> <\/p>\n<hr style='border: 0; border-top: 1px solid rgba(150&comma; 150&comma; 150&comma; 0.3); margin: 30px 0;'> <!-- VIDEO --> <\/p>\n<h2 style='color: #000; border-left: 6px solid #FFD100; padding-left: 10px; color: inherit; opacity: 0.8; border-color: #FFD100;'>Video demostrativo<\/h2>\n<div style='position: relative; padding-bottom: 56.25%; height: 0; overflow: hidden; margin-bottom: 30px;'>   <\/div>\n<p> <!-- SEPARADOR --> <\/p>\n<hr style='border: 0; border-top: 1px solid rgba(150&comma; 150&comma; 150&comma; 0.3); margin: 30px 0;'> <!-- CONTROL DE LLAMADAS --> <\/p>\n<h2 style='color: #000; border-left: 6px solid #FFD100; padding-left: 10px; color: inherit; opacity: 0.8; border-color: #FFD100;'>T\u00fa controlas las llamadas<\/h2>\n<p style='text-align: justify; color: inherit;'>Cuando tienes mucho que hacer&comma; las llamadas profesionales y fluidas son cruciales. Tomamos el incre\u00edble rendimiento de las llamadas de nuestra Serie Evolve y lo mejoramos a\u00fan m\u00e1s&comma; dise\u00f1ando <strong style='color: inherit;'>tres micr\u00f3fonos profesionales MEMS<\/strong> estrat\u00e9gicamente colocados y agregando nuestro avanzado chipset digital.<\/p>\n<p style='text-align: justify; color: inherit;'>As\u00ed que cuando necesites hacer llamadas&comma; tus auriculares nunca te decepcionar\u00e1n.<\/p>\n<p style='text-align: justify; color: inherit;'><strong style='color: inherit;'>Satisfacci\u00f3n garantizada gracias a la certificaci\u00f3n UC.<\/strong> Evolve2 40 funciona con todas las plataformas l\u00edderes con certificaci\u00f3n de Comunicaciones Unificadas (UC)&comma; incluyendo una variante optimizada para Microsoft Teams.<\/p>\n<p> <!-- SEPARADOR --> <\/p>\n<hr style='border: 0; border-top: 1px solid rgba(150&comma; 150&comma; 150&comma; 0.3); margin: 30px 0;'> <!-- ESPECIFICACIONES --> <\/p>\n<h2 style='color: #000; border-left: 6px solid #FFD100; padding-left: 10px; color: inherit; opacity: 0.8; border-color: #FFD100;'>Especificaciones t\u00e9cnicas<\/h2>\n<div style='display: grid; grid-template-columns: repeat(auto-fill&comma; minmax(250px&comma; 1fr)); gap: 20px; margin-top: 20px;'>\n<div style='border: 1px solid rgba(150&comma; 150&comma; 150&comma; 0.4); border-radius: 8px; overflow: hidden; display: flex; flex-direction: column;'>\n<div style='padding: 15px; border-bottom: 1px solid rgba(150&comma; 150&comma; 150&comma; 0.2); font-weight: bold; font-size: 18px; color: inherit; background: #FFF5CC;'>Audio<\/div>\n<div style='padding: 15px; color: inherit;'>\n<ul style='padding-left: 20px; margin: 0; font-size: 14px; list-style-type: disc; color: inherit;'>\n<li style='margin-bottom: 5px; color: inherit;'>Altavoces de 40 mm<\/li>\n<li style='margin-bottom: 5px; color: inherit;'>Sensibilidad 117 dB<\/li>\n<li style='margin-bottom: 5px; color: inherit;'>Rango de frecuencia 20 Hz \u2013 20 kHz<\/li>\n<li style='margin-bottom: 5px; color: inherit;'>3 micr\u00f3fonos digitales MEMS<\/li>\n<li style='margin-bottom: 5px; color: inherit;'>Protecci\u00f3n ac\u00fastica Jabra SafeTone\u2122<\/li>\n<li style='margin-bottom: 5px; color: inherit;'>Certificaci\u00f3n UC y Microsoft Teams<\/li>\n<\/ul><\/div>\n<\/p><\/div>\n<div style='border: 1px solid rgba(150&comma; 150&comma; 150&comma; 0.4); border-radius: 8px; overflow: hidden; display: flex; flex-direction: column;'>\n<div style='padding: 15px; border-bottom: 1px solid rgba(150&comma; 150&comma; 150&comma; 0.2); font-weight: bold; font-size: 18px; color: inherit; background: #FFF5CC;'>Ajuste y comodidad<\/div>\n<div style='padding: 15px; color: inherit;'>\n<ul style='padding-left: 20px; margin: 0; font-size: 14px; list-style-type: disc; color: inherit;'>\n<li style='margin-bottom: 5px; color: inherit;'>Diadema por encima de la oreja<\/li>\n<li style='margin-bottom: 5px; color: inherit;'>Almohadillas de espuma suave cubiertas de polipiel<\/li>\n<li style='margin-bottom: 5px; color: inherit;'>Dise\u00f1o ergon\u00f3mico para uso prolongado<\/li>\n<\/ul><\/div>\n<\/p><\/div>\n<div style='border: 1px solid rgba(150&comma; 150&comma; 150&comma; 0.4); border-radius: 8px; overflow: hidden; display: flex; flex-direction: column;'>\n<div style='padding: 15px; border-bottom: 1px solid rgba(150&comma; 150&comma; 150&comma; 0.2); font-weight: bold; font-size: 18px; color: inherit; background: #FFF5CC;'>Conectividad<\/div>\n<div style='padding: 15px; color: inherit;'>\n<ul style='padding-left: 20px; margin: 0; font-size: 14px; list-style-type: disc; color: inherit;'>\n<li style='margin-bottom: 5px; color: inherit;'>Conexi\u00f3n USB C\/A<\/li>\n<li style='margin-bottom: 5px; color: inherit;'>Compatible con ordenador y plataformas UC<\/li>\n<\/ul><\/div>\n<\/p><\/div>\n<div style='border: 1px solid rgba(150&comma; 150&comma; 150&comma; 0.4); border-radius: 8px; overflow: hidden; display: flex; flex-direction: column;'>\n<div style='padding: 15px; border-bottom: 1px solid rgba(150&comma; 150&comma; 150&comma; 0.2); font-weight: bold; font-size: 18px; color: inherit; background: #FFF5CC;'>General<\/div>\n<div style='padding: 15px; color: inherit;'>\n<ul style='padding-left: 20px; margin: 0; font-size: 14px; list-style-type: disc; color: inherit;'>\n<li style='margin-bottom: 5px; color: inherit;'>Busylight 360\u00b0 integrada<\/li>\n<li style='margin-bottom: 5px; color: inherit;'>Compatibilidad con Jabra Direct<\/li>\n<li style='margin-bottom: 5px; color: inherit;'>Garant\u00eda de 2 a\u00f1os<\/li>\n<\/ul><\/div>\n<\/p><\/div>\n<\/p><\/div>\n<p> <!-- SEPARADOR --> <\/p>\n<hr style='border: 0; border-top: 1px solid rgba(150&comma; 150&comma; 150&comma; 0.3); margin: 30px 0;'> <!-- GALER\u00cdA --> <\/p>\n<h2 style='color: #000; border-left: 6px solid #FFD100; padding-left: 10px; color: inherit; opacity: 0.8; border-color: #FFD100;'>Galer\u00eda<\/h2>\n<div style='display: flex; flex-wrap: wrap; gap: 20px; justify-content: center; margin-top: 20px;'> <img style='width: 100%; max-width: 48%; height: auto; border: 1px solid rgba(150&comma;150&comma;150&comma;0.3); border-radius: 8px;' src='https:\/\/ftp3.syscom.mx\/usuarios\/fotos\/EVOLVE240MONOUCC\/187655-captura_de_pantalla_2021-04-06_a_la(s)_9.53.14.png' alt=''> <img style='width: 100%; max-width: 48%; height: auto; border: 1px solid rgba(150&comma;150&comma;150&comma;0.3); border-radius: 8px;' src='https:\/\/ftp3.syscom.mx\/usuarios\/fotos\/EVOLVE240MONOUCC\/187655-captura_de_pantalla_2021-04-06_a_la(s)_9.52.26.png' alt=''> <\/div>\n<p> <!-- CIERRE --> <\/p>\n<div style='background: #FFD100; color: #000; text-align: center; padding: 20px; margin-top: 40px; border-radius: 8px;'> Auriculares profesionales dise\u00f1ados para concentrarte y rendir mejor <\/div>\n<\/p><\/div>\n<\/p><\/div>\n","protected":false},"excerpt":{"rendered":"<p>Jabra Evolve 2 40SE, Auricular Stereo Versi\u00f3n MS con Aislamiento de Ruido, Conexi\u00f3n USB C\/A y Indicador de Ocupado (Busylight) (24189-999-799)<\/p>\n","protected":false},"featured_media":84325,"comment_status":"open","ping_status":"closed","template":"","meta":[],"product_brand":[],"product_cat":[2050],"product_tag":[2051,2052,2004],"class_list":{"0":"post-84326","1":"product","2":"type-product","3":"status-publish","4":"has-post-thumbnail","6":"product_cat-auriculares","7":"product_tag-auriculares","8":"product_tag-jabra","9":"product_tag-voip-telefonia-ip-videoconferencia","11":"first","12":"outofstock","13":"sale","14":"shipping-taxable","15":"purchasable","16":"product-type-simple"},"_links":{"self":[{"href":"https:\/\/soydeaqui.ddns.net\/pachuca\/index.php\/wp-json\/wp\/v2\/product\/84326","targetHints":{"allow":["GET"]}}],"collection":[{"href":"https:\/\/soydeaqui.ddns.net\/pachuca\/index.php\/wp-json\/wp\/v2\/product"}],"about":[{"href":"https:\/\/soydeaqui.ddns.net\/pachuca\/index.php\/wp-json\/wp\/v2\/types\/product"}],"replies":[{"embeddable":true,"href":"https:\/\/soydeaqui.ddns.net\/pachuca\/index.php\/wp-json\/wp\/v2\/comments?post=84326"}],"wp:featuredmedia":[{"embeddable":true,"href":"https:\/\/soydeaqui.ddns.net\/pachuca\/index.php\/wp-json\/wp\/v2\/media\/84325"}],"wp:attachment":[{"href":"https:\/\/soydeaqui.ddns.net\/pachuca\/index.php\/wp-json\/wp\/v2\/media?parent=84326"}],"wp:term":[{"taxonomy":"product_brand","embeddable":true,"href":"https:\/\/soydeaqui.ddns.net\/pachuca\/index.php\/wp-json\/wp\/v2\/product_brand?post=84326"},{"taxonomy":"product_cat","embeddable":true,"href":"https:\/\/soydeaqui.ddns.net\/pachuca\/index.php\/wp-json\/wp\/v2\/product_cat?post=84326"},{"taxonomy":"product_tag","embeddable":true,"href":"https:\/\/soydeaqui.ddns.net\/pachuca\/index.php\/wp-json\/wp\/v2\/product_tag?post=84326"}],"curies":[{"name":"wp","href":"https:\/\/api.w.org\/{rel}","templated":true}]}}