{"id":84323,"date":"2026-03-19T20:47:15","date_gmt":"2026-03-19T20:47:15","guid":{"rendered":"https:\/\/soydeaqui.ddns.net\/pachuca\/index.php\/producto\/angulo-con-tuerca-cuadrada-de-19-pulgadas-para-rack-proline-ajuste-de-2000-mm-de-acero-negro\/"},"modified":"2026-03-19T20:47:17","modified_gmt":"2026-03-19T20:47:17","slug":"angulo-con-tuerca-cuadrada-de-19-pulgadas-para-rack-proline-ajuste-de-2000-mm-de-acero-negro","status":"publish","type":"product","link":"https:\/\/soydeaqui.ddns.net\/pachuca\/index.php\/producto\/angulo-con-tuerca-cuadrada-de-19-pulgadas-para-rack-proline-ajuste-de-2000-mm-de-acero-negro\/","title":{"rendered":"\u00c1ngulo con Tuerca Cuadrada de 19 pulgadas para rack ProLine, ajuste de 2000 mm, de acero, negro"},"content":{"rendered":"<div style='width: 100%; max-width: 1200px; margin: 0 auto; font-family: sans-serif; line-height: 1.6; color: inherit; background-color: transparent;'>\n<div style='display: flex; flex-wrap: wrap; gap: 30px; margin-bottom: 30px;'>\n<div style='flex: 1 1 300px; min-width: 280px;'>\n<h3 style='font-size: 22px; border-bottom: 2px solid currentColor; padding-bottom: 5px; margin-top: 0; color: inherit; opacity: 0.8;'>Descripci\u00f3n<\/h3>\n<p style='font-size: 15px; color: inherit; margin-bottom: 15px;'>Los \u00e1ngulos de rack ProLine de 19 pulg. y 23 pulg. admiten cualquier equipo de red espaciado EIA est\u00e1ndar dise\u00f1ado para montarse dentro de un gabinete. Los \u00e1ngulos de rack proporcionan un espaciado de rack de 19 pulg. cuando se montan en marcos de 600 mm de ancho y un espaciado de marco 23 pulg. cuando se montan en marcos de 700 mm de ancho. Se deben utilizar con soportes reductores de marco para proporcionar un espaciado de 19 pulg. o 23 pulg. en marcos de 700 mm o 800 mm ancho. Hay aplicaciones de colocaci\u00f3n de tama\u00f1os disponibles para aplicaciones multi-compartimento. La posici\u00f3n est\u00e1ndar del \u00e1ngulo del rack es de 44 mm detr\u00e1s de la apertura de la puerta. Por favor tenga en cuenta que se proporcionan en pares.<\/p>\n<\/p><\/div>\n<\/p><\/div>\n<div style='display: flex; flex-wrap: wrap; gap: 20px; margin-bottom: 30px;'>\n<div style='flex: 1 1 250px; border: 1px solid rgba(150&comma; 150&comma; 150&comma; 0.4); border-radius: 8px; overflow: hidden; display: flex; flex-direction: column;'>\n<div style='padding: 15px; border-bottom: 1px solid rgba(150&comma; 150&comma; 150&comma; 0.2); font-weight: bold; font-size: 18px; color: inherit;'>Caracter\u00edsticas principales<\/div>\n<div style='padding: 15px; color: inherit;'>\n<ul style='padding-left: 20px; margin: 0; font-size: 14px; list-style-type: disc;'>\n<li style='margin-bottom: 5px;'>Los \u00e1ngulos de rack de ProLine de 19 pulg. y 23 pulg. admiten cualquier equipo de red espaciado EIA est\u00e1ndar dise\u00f1ado para montarse dentro de un gabinete<\/li>\n<li style='margin-bottom: 5px;'>Los \u00e1ngulos de rack proporcionan un espaciado entre marcos de 19 pulg. cuando se montan en marcos de 600 mm de ancho&comma; y un espaciado entre marcos de 23 pulg. cuando se montan en marcos de 700 mm de ancho<\/li>\n<li style='margin-bottom: 5px;'>Se deben utilizar con soportes reductores de marco para proporcionar un espaciado de 19 pulg. o 23 pulg. en marcos de 700 mm o de 800 mm de ancho<\/li>\n<li style='margin-bottom: 5px;'>Hay aplicaciones de colocaci\u00f3n de tama\u00f1os disponibles para aplicaciones multi-compartimento<\/li>\n<li style='margin-bottom: 5px;'>La posici\u00f3n est\u00e1ndar del \u00e1ngulo del rack es de 44 mm detr\u00e1s de la apertura de la puerta<\/li>\n<li style='margin-bottom: 5px;'>Se suministra en pares.<\/li>\n<\/ul><\/div>\n<\/p><\/div>\n<div style='flex: 1 1 250px; border: 1px solid rgba(150&comma; 150&comma; 150&comma; 0.4); border-radius: 8px; overflow: hidden; display: flex; flex-direction: column;'>\n<div style='padding: 15px; border-bottom: 1px solid rgba(150&comma; 150&comma; 150&comma; 0.2); font-weight: bold; font-size: 18px; color: inherit;'>Especificaciones t\u00e9cnicas<\/div>\n<div style='padding: 15px; color: inherit;'>\n<ul style='padding-left: 20px; margin: 0; font-size: 14px; list-style-type: disc;'>\n<li style='margin-bottom: 5px;'><strong>Unidades de rack:<\/strong> 42 UR<\/li>\n<li style='margin-bottom: 5px;'><strong>Longitud:<\/strong> 1892mm<\/li>\n<li style='margin-bottom: 5px;'><strong>Compatible con armario de bastidor de altura:<\/strong> 2000mm<\/li>\n<li style='margin-bottom: 5px;'><strong>Espesor:<\/strong> 2.66mm<\/li>\n<li style='margin-bottom: 5px;'><strong>Color:<\/strong> Jet Black<\/li>\n<li style='margin-bottom: 5px;'><strong>Acabado:<\/strong> Polvo recubierto<\/li>\n<li style='margin-bottom: 5px;'><strong>Material:<\/strong> Acero suave<\/li>\n<\/ul><\/div>\n<\/p><\/div>\n<\/p><\/div>\n<hr style='border: 0; border-top: 1px solid rgba(150&comma; 150&comma; 150&comma; 0.3); margin: 30px 0;'> <\/div>\n","protected":false},"excerpt":{"rendered":"<p>\u00c1ngulo con Tuerca Cuadrada de 19 pulgadas para rack ProLine, ajuste de 2000 mm, de acero, negro<\/p>\n","protected":false},"featured_media":84322,"comment_status":"open","ping_status":"closed","template":"","meta":[],"product_brand":[],"product_cat":[604],"product_tag":[606,698,605],"class_list":{"0":"post-84323","1":"product","2":"type-product","3":"status-publish","4":"has-post-thumbnail","6":"product_cat-accesorios-para-racks-y-gabinetes","7":"product_tag-accesorios-para-racks-y-gabinetes","8":"product_tag-hoffman","9":"product_tag-racks-y-gabinetes","11":"first","12":"outofstock","13":"sale","14":"shipping-taxable","15":"purchasable","16":"product-type-simple"},"_links":{"self":[{"href":"https:\/\/soydeaqui.ddns.net\/pachuca\/index.php\/wp-json\/wp\/v2\/product\/84323","targetHints":{"allow":["GET"]}}],"collection":[{"href":"https:\/\/soydeaqui.ddns.net\/pachuca\/index.php\/wp-json\/wp\/v2\/product"}],"about":[{"href":"https:\/\/soydeaqui.ddns.net\/pachuca\/index.php\/wp-json\/wp\/v2\/types\/product"}],"replies":[{"embeddable":true,"href":"https:\/\/soydeaqui.ddns.net\/pachuca\/index.php\/wp-json\/wp\/v2\/comments?post=84323"}],"wp:featuredmedia":[{"embeddable":true,"href":"https:\/\/soydeaqui.ddns.net\/pachuca\/index.php\/wp-json\/wp\/v2\/media\/84322"}],"wp:attachment":[{"href":"https:\/\/soydeaqui.ddns.net\/pachuca\/index.php\/wp-json\/wp\/v2\/media?parent=84323"}],"wp:term":[{"taxonomy":"product_brand","embeddable":true,"href":"https:\/\/soydeaqui.ddns.net\/pachuca\/index.php\/wp-json\/wp\/v2\/product_brand?post=84323"},{"taxonomy":"product_cat","embeddable":true,"href":"https:\/\/soydeaqui.ddns.net\/pachuca\/index.php\/wp-json\/wp\/v2\/product_cat?post=84323"},{"taxonomy":"product_tag","embeddable":true,"href":"https:\/\/soydeaqui.ddns.net\/pachuca\/index.php\/wp-json\/wp\/v2\/product_tag?post=84323"}],"curies":[{"name":"wp","href":"https:\/\/api.w.org\/{rel}","templated":true}]}}