{"id":84275,"date":"2026-03-19T20:44:59","date_gmt":"2026-03-19T20:44:59","guid":{"rendered":"https:\/\/soydeaqui.ddns.net\/pachuca\/index.php\/producto\/otdr-portatil-con-chasis-metalico-para-pruebas-en-los-enlaces-de-fibra-optica-longitudes-de-onda-1310nm-y-1550nm-funcion-vfl-10mw-funcion-opm-funcion-de-mapeo-de-cables-de-red-rj45-rec\/"},"modified":"2026-03-19T20:45:01","modified_gmt":"2026-03-19T20:45:01","slug":"otdr-portatil-con-chasis-metalico-para-pruebas-en-los-enlaces-de-fibra-optica-longitudes-de-onda-1310nm-y-1550nm-funcion-vfl-10mw-funcion-opm-funcion-de-mapeo-de-cables-de-red-rj45-rec","status":"publish","type":"product","link":"https:\/\/soydeaqui.ddns.net\/pachuca\/index.php\/producto\/otdr-portatil-con-chasis-metalico-para-pruebas-en-los-enlaces-de-fibra-optica-longitudes-de-onda-1310nm-y-1550nm-funcion-vfl-10mw-funcion-opm-funcion-de-mapeo-de-cables-de-red-rj45-rec\/","title":{"rendered":"OTDR Port\u00e1til con Chasis Met\u00e1lico para Pruebas en los Enlaces de Fibra \u00d3ptica \/ Longitudes de onda \u00a01310nm y 1550nm \/ Funci\u00f3n VFL 10mW \/ Funci\u00f3n OPM \/ Funci\u00f3n de Mapeo de cables de Red RJ45 \/ Recargable \/ Dis"},"content":{"rendered":"<p data-start=\"413\" data-end=\"766\"><span style=\"font-family: arial&comma; helvetica&comma; sans-serif;\">El <strong data-start=\"416\" data-end=\"435\">LP-OTDR-BOX<\/strong> es un <strong data-start=\"442\" data-end=\"491\">OTDR port&aacute;til&comma; compacto y de alto rendimiento<\/strong>&comma; dise&ntilde;ado para la <strong data-start=\"510\" data-end=\"584\">instalaci&oacute;n&comma; mantenimiento y diagn&oacute;stico de redes de fibra &oacute;ptica FTTH<\/strong>. Su dise&ntilde;o modular y su <strong data-start=\"609\" data-end=\"665\">conectividad directa con tel&eacute;fonos m&oacute;viles o tablets<\/strong> lo convierten en una herramienta ideal para <strong data-start=\"710\" data-end=\"765\">ISPs&comma; t&eacute;cnicos de campo y personal de mantenimiento<\/strong>.<\/span><\/p>\n<p data-start=\"768\" data-end=\"1088\"><span style=\"font-family: arial&comma; helvetica&comma; sans-serif;\">Gracias a su <strong data-start=\"781\" data-end=\"804\">interfaz USB Tipo-C<\/strong>&comma; el equipo se alimenta y comunica directamente con el dispositivo m&oacute;vil&comma; donde una <strong data-start=\"888\" data-end=\"911\">aplicaci&oacute;n dedicada<\/strong> se encarga del control&comma; an&aacute;lisis de datos y generaci&oacute;n de reportes&comma; eliminando la necesidad de pantallas integradas o equipos voluminosos.<\/span><\/p>\n<p data-start=\"768\" data-end=\"1088\">&nbsp;<\/p>\n<hr data-start=\"1090\" data-end=\"1093\">\n<h2 data-start=\"1095\" data-end=\"1121\"><span style=\"font-family: arial&comma; helvetica&comma; sans-serif;\">Funciones integradas<\/span><\/h2>\n<ul data-start=\"1183\" data-end=\"1468\">\n<li data-start=\"1183\" data-end=\"1249\">\n<p data-start=\"1185\" data-end=\"1249\"><span style=\"font-family: arial&comma; helvetica&comma; sans-serif;\"><strong data-start=\"1185\" data-end=\"1193\">OTDR<\/strong> para an&aacute;lisis de eventos&comma; empalmes&comma; p&eacute;rdidas y fallas<\/span><\/p>\n<\/li>\n<li data-start=\"1250\" data-end=\"1312\">\n<p data-start=\"1252\" data-end=\"1312\"><span style=\"font-family: arial&comma; helvetica&comma; sans-serif;\"><strong data-start=\"1252\" data-end=\"1283\">Mapa de eventos (Event Map)<\/strong> para interpretaci&oacute;n r&aacute;pida<\/span><\/p>\n<\/li>\n<li data-start=\"1313\" data-end=\"1349\">\n<p data-start=\"1315\" data-end=\"1349\"><span style=\"font-family: arial&comma; helvetica&comma; sans-serif;\"><strong data-start=\"1315\" data-end=\"1337\">Fuente de luz (LS)<\/strong> integrada<\/span><\/p>\n<\/li>\n<li data-start=\"1350\" data-end=\"1403\">\n<p data-start=\"1352\" data-end=\"1403\"><span style=\"font-family: arial&comma; helvetica&comma; sans-serif;\"><strong data-start=\"1352\" data-end=\"1388\">Medidor de potencia &oacute;ptica (OPM)<\/strong>&nbsp;<\/span><\/p>\n<\/li>\n<li data-start=\"1404\" data-end=\"1468\">\n<p data-start=\"1406\" data-end=\"1468\"><span style=\"font-family: arial&comma; helvetica&comma; sans-serif;\"><strong data-start=\"1406\" data-end=\"1453\">Localizador visual de fallas VFL (luz roja)<\/strong><\/span><\/p>\n<\/li>\n<\/ul>\n<p data-start=\"1470\" data-end=\"1641\"><span style=\"font-family: arial&comma; helvetica&comma; sans-serif;\">Todo controlado desde la app m&oacute;vil&comma; con <strong data-start=\"1510\" data-end=\"1543\">almacenamiento local de datos<\/strong>&comma; generaci&oacute;n de reportes y f&aacute;cil compartici&oacute;n de resultados.<\/span><\/p>\n<p data-start=\"1470\" data-end=\"1641\">&nbsp;<\/p>\n<hr data-start=\"1643\" data-end=\"1646\">\n<h2 data-start=\"1648\" data-end=\"1689\"><span style=\"font-family: arial&comma; helvetica&comma; sans-serif;\">Caracter&iacute;sticas t&eacute;cnicas destacadas<\/span><\/h2>\n<ul data-start=\"1691\" data-end=\"2267\">\n<li data-start=\"1691\" data-end=\"1817\">\n<p data-start=\"1693\" data-end=\"1817\"><span style=\"font-family: arial&comma; helvetica&comma; sans-serif;\"><strong data-start=\"1693\" data-end=\"1720\">Longitud de onda OTDR<\/strong>:<\/span><br data-start=\"1721\" data-end=\"1724\"><span style=\"font-family: arial&comma; helvetica&comma; sans-serif;\">&nbsp;1550 nm&comma; con soporte para pruebas en fibra activa (Live Test) en 1550 nm<\/span><\/p>\n<\/li>\n<li data-start=\"1818\" data-end=\"1870\">\n<p data-start=\"1820\" data-end=\"1870\"><span style=\"font-family: arial&comma; helvetica&comma; sans-serif;\"><strong data-start=\"1820\" data-end=\"1838\">Rango din&aacute;mico<\/strong>: hasta <strong data-start=\"1846\" data-end=\"1855\">22 dB<\/strong>&nbsp;<\/span><\/p>\n<\/li>\n<li data-start=\"1871\" data-end=\"1919\">\n<p data-start=\"1873\" data-end=\"1919\"><span style=\"font-family: arial&comma; helvetica&comma; sans-serif;\"><strong data-start=\"1873\" data-end=\"1899\">Resoluci&oacute;n de muestreo<\/strong>: hasta <strong data-start=\"1907\" data-end=\"1917\">0.03 m<\/strong><\/span><\/p>\n<\/li>\n<li data-start=\"1920\" data-end=\"1962\">\n<p data-start=\"1922\" data-end=\"1962\"><span style=\"font-family: arial&comma; helvetica&comma; sans-serif;\"><strong data-start=\"1922\" data-end=\"1947\">Zona muerta de evento<\/strong>: &le; <strong data-start=\"1951\" data-end=\"1960\">1.5 m<\/strong><\/span><\/p>\n<\/li>\n<li data-start=\"1963\" data-end=\"2007\">\n<p data-start=\"1965\" data-end=\"2007\"><span style=\"font-family: arial&comma; helvetica&comma; sans-serif;\"><strong data-start=\"1965\" data-end=\"1994\">Zona muerta de atenuaci&oacute;n<\/strong>: &le; <strong data-start=\"1998\" data-end=\"2005\">8 m<\/strong><\/span><\/p>\n<\/li>\n<li data-start=\"2008\" data-end=\"2048\">\n<p data-start=\"2010\" data-end=\"2048\"><span style=\"font-family: arial&comma; helvetica&comma; sans-serif;\"><strong data-start=\"2010\" data-end=\"2028\">Alcance m&aacute;ximo<\/strong>: hasta <strong data-start=\"2036\" data-end=\"2046\">260 km<\/strong><\/span><\/p>\n<\/li>\n<li data-start=\"2049\" data-end=\"2093\">\n<p data-start=\"2051\" data-end=\"2093\"><span style=\"font-family: arial&comma; helvetica&comma; sans-serif;\"><strong data-start=\"2051\" data-end=\"2073\">Puntos de muestreo<\/strong>: hasta <strong data-start=\"2081\" data-end=\"2091\">32&comma;000<\/strong><\/span><\/p>\n<\/li>\n<li data-start=\"2094\" data-end=\"2184\">\n<p data-start=\"2096\" data-end=\"2184\"><span style=\"font-family: arial&comma; helvetica&comma; sans-serif;\"><strong data-start=\"2096\" data-end=\"2122\">Precisi&oacute;n de distancia<\/strong>: &plusmn;(0.75 m + intervalo de muestreo + 0.005% de la distancia)<\/span><\/p>\n<\/li>\n<li data-start=\"2185\" data-end=\"2233\">\n<p data-start=\"2187\" data-end=\"2233\"><span style=\"font-family: arial&comma; helvetica&comma; sans-serif;\"><strong data-start=\"2187\" data-end=\"2215\">Interfaz de comunicaci&oacute;n<\/strong>: USB <strong data-start=\"2221\" data-end=\"2231\">Tipo-C<\/strong><\/span><\/p>\n<\/li>\n<li data-start=\"2234\" data-end=\"2267\">\n<p data-start=\"2236\" data-end=\"2267\"><span style=\"font-family: arial&comma; helvetica&comma; sans-serif;\"><strong data-start=\"2236\" data-end=\"2258\">Consumo de energ&iacute;a<\/strong>: &le; 2 W<\/span><\/p>\n<\/li>\n<\/ul>\n<p>&nbsp;<\/p>\n<hr data-start=\"2308\" data-end=\"2311\">\n<h2 data-start=\"2313\" data-end=\"2358\"><span style=\"font-family: arial&comma; helvetica&comma; sans-serif;\">An&aacute;lisis inteligente y facilidad de uso<\/span><\/h2>\n<ul data-start=\"2443\" data-end=\"2713\">\n<li data-start=\"2443\" data-end=\"2497\">\n<p data-start=\"2445\" data-end=\"2497\"><span style=\"font-family: arial&comma; helvetica&comma; sans-serif;\">Evaluaci&oacute;n autom&aacute;tica <strong data-start=\"2467\" data-end=\"2482\">PASS \/ FAIL<\/strong> de los enlaces<\/span><\/p>\n<\/li>\n<li data-start=\"2498\" data-end=\"2553\">\n<p data-start=\"2500\" data-end=\"2553\"><span style=\"font-family: arial&comma; helvetica&comma; sans-serif;\">Pruebas <strong data-start=\"2508\" data-end=\"2553\">autom&aacute;ticas&comma; en tiempo real o promediadas<\/strong><\/span><\/p>\n<\/li>\n<li data-start=\"2554\" data-end=\"2602\">\n<p data-start=\"2556\" data-end=\"2602\"><span style=\"font-family: arial&comma; helvetica&comma; sans-serif;\"><strong data-start=\"2556\" data-end=\"2574\">Protecci&oacute;n APD<\/strong> y detecci&oacute;n de se&ntilde;al activa<\/span><\/p>\n<\/li>\n<li data-start=\"2603\" data-end=\"2648\">\n<p data-start=\"2605\" data-end=\"2648\"><span style=\"font-family: arial&comma; helvetica&comma; sans-serif;\"><strong data-start=\"2605\" data-end=\"2624\">Anuncio por voz<\/strong> de resultados de prueba<\/span><\/p>\n<\/li>\n<li data-start=\"2649\" data-end=\"2713\">\n<p data-start=\"2651\" data-end=\"2713\"><span style=\"font-family: arial&comma; helvetica&comma; sans-serif;\">Configuraci&oacute;n de <strong data-start=\"2668\" data-end=\"2713\">fibra de lanzamiento y fibra de recepci&oacute;n<\/strong><\/span><\/p>\n<\/li>\n<\/ul>\n<p data-start=\"2715\" data-end=\"2822\"><span style=\"font-family: arial&comma; helvetica&comma; sans-serif;\">Esto reduce errores humanos y acelera la toma de decisiones en campo.<\/span><\/p>\n<p data-start=\"2715\" data-end=\"2822\">&nbsp;<\/p>\n<hr data-start=\"2824\" data-end=\"2827\">\n<h2 data-start=\"2829\" data-end=\"2861\"><span style=\"font-family: arial&comma; helvetica&comma; sans-serif;\">Dise&ntilde;o robusto y port&aacute;til<\/span><\/h2>\n<ul data-start=\"2862\" data-end=\"3040\">\n<li data-start=\"2862\" data-end=\"2924\">\n<p data-start=\"2864\" data-end=\"2924\"><span style=\"font-family: arial&comma; helvetica&comma; sans-serif;\"><strong data-start=\"2864\" data-end=\"2884\">Carcasa met&aacute;lica<\/strong> resistente a golpes&comma; presi&oacute;n y ca&iacute;das<\/span><\/p>\n<\/li>\n<li data-start=\"2925\" data-end=\"2986\">\n<p data-start=\"2927\" data-end=\"2986\"><span style=\"font-family: arial&comma; helvetica&comma; sans-serif;\">Dise&ntilde;o <strong data-start=\"2934\" data-end=\"2955\">compacto y ligero<\/strong>&comma; ideal para trabajo en campo<\/span><\/p>\n<\/li>\n<li data-start=\"2987\" data-end=\"3040\">\n<p data-start=\"2989\" data-end=\"3040\"><span style=\"font-family: arial&comma; helvetica&comma; sans-serif;\">Incluye correa de transporte para mayor comodidad<\/span><\/p>\n<\/li>\n<\/ul>\n<p>&nbsp;<\/p>\n<hr data-start=\"3081\" data-end=\"3084\">\n<h2 data-start=\"3086\" data-end=\"3113\"><span style=\"font-family: arial&comma; helvetica&comma; sans-serif;\">Contenido del paquete<\/span><\/h2>\n<ul data-start=\"3114\" data-end=\"3267\">\n<li data-start=\"3114\" data-end=\"3150\">\n<p data-start=\"3116\" data-end=\"3150\"><span style=\"font-family: arial&comma; helvetica&comma; sans-serif;\">Unidad principal LP-OTDR-BOX<\/span><\/p>\n<\/li>\n<li data-start=\"3151\" data-end=\"3180\">\n<p data-start=\"3153\" data-end=\"3180\"><span style=\"font-family: arial&comma; helvetica&comma; sans-serif;\">Cable de datos USB Tipo-C<\/span><\/p>\n<\/li>\n<li data-start=\"3181\" data-end=\"3201\">\n<p data-start=\"3183\" data-end=\"3201\"><span style=\"font-family: arial&comma; helvetica&comma; sans-serif;\">Correa<\/span><\/p>\n<\/li>\n<li data-start=\"3202\" data-end=\"3223\">\n<p data-start=\"3204\" data-end=\"3223\"><span style=\"font-family: arial&comma; helvetica&comma; sans-serif;\">Manual de usuario<\/span><\/p>\n<\/li>\n<li data-start=\"3224\" data-end=\"3247\">\n<p data-start=\"3226\" data-end=\"3247\"><span style=\"font-family: arial&comma; helvetica&comma; sans-serif;\">Bolsa de terciopelo<\/span><\/p>\n<\/li>\n<li data-start=\"3248\" data-end=\"3267\">\n<p data-start=\"3250\" data-end=\"3267\"><span style=\"font-family: arial&comma; helvetica&comma; sans-serif;\">Caja de empaque<\/span><\/p>\n<\/li>\n<\/ul>\n<p>&nbsp;<\/p>\n<hr data-start=\"3308\" data-end=\"3311\">\n<h2 data-start=\"3313\" data-end=\"3350\"><span style=\"font-family: arial&comma; helvetica&comma; sans-serif;\">&nbsp;I<\/span><span style=\"font-family: arial&comma; helvetica&comma; sans-serif;\">deal para:<\/span><\/h2>\n<ul data-start=\"3784\" data-end=\"3953\">\n<li data-start=\"3784\" data-end=\"3810\">\n<p data-start=\"3786\" data-end=\"3810\"><span style=\"font-family: arial&comma; helvetica&comma; sans-serif;\">ISPs y operadores FTTH<\/span><\/p>\n<\/li>\n<li data-start=\"3811\" data-end=\"3854\">\n<p data-start=\"3813\" data-end=\"3854\"><span style=\"font-family: arial&comma; helvetica&comma; sans-serif;\">T&eacute;cnicos de instalaci&oacute;n y mantenimiento<\/span><\/p>\n<\/li>\n<li data-start=\"3855\" data-end=\"3896\">\n<p data-start=\"3857\" data-end=\"3896\"><span style=\"font-family: arial&comma; helvetica&comma; sans-serif;\">Diagn&oacute;stico r&aacute;pido de fallas en campo<\/span><\/p>\n<\/li>\n<li data-start=\"3897\" data-end=\"3953\">\n<p data-start=\"3899\" data-end=\"3953\"><span style=\"font-family: arial&comma; helvetica&comma; sans-serif;\">Auditor&iacute;a y certificaci&oacute;n b&aacute;sica de enlaces de fibra<\/span><\/p>\n<\/li>\n<\/ul>\n<p>&nbsp;<\/p>\n<p class=\"p1\" style=\"margin: 0px; font-variant-numeric: normal; font-variant-east-asian: normal; font-variant-alternates: normal; font-size-adjust: none; font-kerning: auto; font-optical-sizing: auto; font-feature-settings: normal; font-variation-settings: normal; font-variant-position: normal; font-variant-emoji: normal; font-stretch: normal; font-size: 13px; line-height: normal; font-family: 'Helvetica Neue';\"><span style=\"font-size: 12pt;\"><span style=\"font-size: 14pt;\"><strong>NOTA<\/strong><\/span>: Se recomienda su uso con bobina de lanzamiento&comma; para eliminar la zona muerta y mejorar la precisi&oacute;n de las mediciones:&nbsp;<span style=\"font-size: 14pt;\"><a href=\"https:\/\/www.syscom.mx\/principal\/searchcont?route=LP-LC-SM-1KM-LINKEDPRO-BY-EPCOM-229299&#038;autodetect=BOBINA_DE_LANZAMIENTO\"><span class=\"s1\"><strong>LP-LC-SM-1KM<\/strong><\/span><\/a><\/span><\/span><\/p>\n<p style=\"box-sizing: border-box; margin-top: 0px; margin-bottom: 1rem; color: #212529; font-family: Satoshi-Variable&comma; sans-serif; font-size: 16px; background-color: #ffffff; text-align: justify;\">&nbsp;<\/p>\n<div class=\"row\" style=\"box-sizing: border-box; --bs-gutter-x: 1.5rem; --bs-gutter-y: 0; display: flex; flex-wrap: wrap; margin-top: calc(-1 * var(--bs-gutter-y)); margin-right: calc(-.5 * var(--bs-gutter-x)); margin-left: calc(-.5 * var(--bs-gutter-x)); background-color: #ffffff;\">\n<div class=\"col-sm-4\" style=\"box-sizing: border-box; flex: 0 0 auto; width: 440px; max-width: 100%; padding-right: calc(var(--bs-gutter-x) * .5); padding-left: calc(var(--bs-gutter-x) * .5); margin-top: var(--bs-gutter-y);\">\n<div style=\"box-sizing: border-box; border-left: 5px solid #ff0000; border-radius: 5px; padding: 5px; box-shadow: #d8d8d8 2px 2px 10px;\"><span style=\"color: #212529; font-family: verdana&comma; geneva&comma; sans-serif; font-size: 16px; box-sizing: border-box;\"><span style=\"box-sizing: border-box; font-weight: bolder;\">Caracter&iacute;sticas principales del OTDR:<\/span><\/span><\/p>\n<ul style=\"box-sizing: border-box; padding-left: 2rem; margin-top: 0px; margin-bottom: 1rem;\">\n<li style=\"font-family: Satoshi-Variable&comma; sans-serif; box-sizing: border-box;\"><span style=\"box-sizing: border-box; font-family: verdana&comma; geneva&comma; sans-serif;\">Compatible con Fibra &Oacute;ptica Monomodo.<\/span><\/li>\n<li style=\"font-family: Satoshi-Variable&comma; sans-serif; box-sizing: border-box;\"><span style=\"box-sizing: border-box; font-family: verdana&comma; geneva&comma; sans-serif;\">Longitudes de onda: 1550nm.<\/span><\/li>\n<li style=\"font-family: Satoshi-Variable&comma; sans-serif; box-sizing: border-box;\"><span style=\"box-sizing: border-box; font-family: verdana&comma; geneva&comma; sans-serif;\">Rango dinamico: 22 dB.<\/span><\/li>\n<li style=\"box-sizing: border-box;\"><span style=\"font-family: verdana&comma; geneva&comma; sans-serif;\">Zona muerta entre eventos: 1.5 metros.<\/span><\/li>\n<li style=\"box-sizing: border-box;\"><span style=\"font-family: verdana&comma; geneva&comma; sans-serif;\">Nivel de seguridad del l&aacute;ser: Clase III.<\/span><\/li>\n<li style=\"box-sizing: border-box;\"><span style=\"font-family: verdana&comma; geneva&comma; sans-serif;\">Soportar conectores FC&comma; SC&comma; ST.<\/span><\/li>\n<li style=\"box-sizing: border-box;\"><span style=\"font-family: verdana&comma; geneva&comma; sans-serif;\">Temperatura de operaci&oacute;n: -10&ordm;C a 50&ordm;C.<\/span><\/li>\n<li style=\"box-sizing: border-box;\"><span style=\"font-family: verdana&comma; geneva&comma; sans-serif;\">Fuente de luz estable -5 dBm.<\/span><\/li>\n<\/ul>\n<\/div>\n<\/div>\n<div class=\"col-sm-4\" style=\"color: #212529; font-family: Satoshi-Variable&comma; sans-serif; font-size: 16px; box-sizing: border-box; flex: 0 0 auto; width: 440px; max-width: 100%; padding-right: calc(var(--bs-gutter-x) * .5); padding-left: calc(var(--bs-gutter-x) * .5); margin-top: var(--bs-gutter-y);\">\n<div style=\"box-sizing: border-box; border-left: 5px solid #ff0000; border-radius: 5px; padding: 5px; box-shadow: #d8d8d8 2px 2px 10px;\"><span style=\"box-sizing: border-box; font-family: verdana&comma; geneva&comma; sans-serif;\"><span style=\"box-sizing: border-box; font-weight: bolder;\">Localizador Visual de Fallos (VFL):<\/span><\/span><\/p>\n<ul style=\"box-sizing: border-box; padding-left: 2rem; margin-top: 0px; margin-bottom: 1rem;\">\n<li style=\"box-sizing: border-box;\"><span style=\"box-sizing: border-box; font-family: verdana&comma; geneva&comma; sans-serif;\">Longitud de onda: 650nm.<\/span><\/li>\n<li style=\"box-sizing: border-box;\"><span style=\"box-sizing: border-box; font-family: verdana&comma; geneva&comma; sans-serif;\">Potencia de salida: &gt;10mW<\/span><\/li>\n<li style=\"box-sizing: border-box;\"><span style=\"box-sizing: border-box; font-family: verdana&comma; geneva&comma; sans-serif;\">Modo: CW\/1Hz\/2Hz<\/span><\/li>\n<li style=\"box-sizing: border-box;\"><span style=\"box-sizing: border-box; font-family: verdana&comma; geneva&comma; sans-serif;\">Conector compatible: Interfaz &oacute;ptica universal (2.5mm)<\/span><\/li>\n<\/ul>\n<\/div>\n<\/div>\n<div class=\"col-sm-4\" style=\"color: #212529; font-family: Satoshi-Variable&comma; sans-serif; font-size: 16px; box-sizing: border-box; flex: 0 0 auto; width: 440px; max-width: 100%; padding-right: calc(var(--bs-gutter-x) * .5); padding-left: calc(var(--bs-gutter-x) * .5); margin-top: var(--bs-gutter-y);\">\n<div style=\"box-sizing: border-box; border-left: 5px solid #ff0000; border-radius: 5px; padding: 5px; box-shadow: #d8d8d8 2px 2px 10px;\"><span style=\"box-sizing: border-box; font-family: verdana&comma; geneva&comma; sans-serif;\"><span style=\"box-sizing: border-box; font-weight: bolder;\">Medidor de Potencia &Oacute;ptica (OPM):<\/span><\/span><\/p>\n<ul style=\"box-sizing: border-box; padding-left: 2rem; margin-top: 0px; margin-bottom: 1rem;\">\n<li style=\"box-sizing: border-box;\"><span style=\"box-sizing: border-box; font-family: verdana&comma; geneva&comma; sans-serif;\">Longitudes de onda: 850nm \/ 1300nm\/&nbsp;1310nm \/ 1490nm \/ 1550nm \/ 1625nm \/ 1650nm<\/span><\/li>\n<li style=\"box-sizing: border-box;\"><span style=\"box-sizing: border-box; font-family: verdana&comma; geneva&comma; sans-serif;\">Rango de prueba: -50dBm a 26 dBm.<\/span><\/li>\n<\/ul>\n<\/div>\n<\/div>\n<\/div>\n<p style=\"text-align: justify;\">&nbsp;<\/p>\n","protected":false},"excerpt":{"rendered":"<p>OTDR Port\u00e1til con Chasis Met\u00e1lico para Pruebas en los Enlaces de Fibra \u00d3ptica \/ Longitudes de onda \u00a01310nm y 1550nm \/ Funci\u00f3n VFL 10mW \/ Funci\u00f3n OPM \/ Funci\u00f3n de Mapeo de cables de Red RJ45 \/ Recargable \/ Dis<\/p>\n","protected":false},"featured_media":84274,"comment_status":"open","ping_status":"closed","template":"","meta":[],"product_brand":[],"product_cat":[636],"product_tag":[611,25,435],"class_list":{"0":"post-84275","1":"product","2":"type-product","3":"status-publish","4":"has-post-thumbnail","6":"product_cat-herramientas-fibra-optica","7":"product_tag-fibra-optica","8":"product_tag-herramientas","9":"product_tag-linkedpro-by-epcom","11":"first","12":"outofstock","13":"sale","14":"shipping-taxable","15":"purchasable","16":"product-type-simple"},"_links":{"self":[{"href":"https:\/\/soydeaqui.ddns.net\/pachuca\/index.php\/wp-json\/wp\/v2\/product\/84275","targetHints":{"allow":["GET"]}}],"collection":[{"href":"https:\/\/soydeaqui.ddns.net\/pachuca\/index.php\/wp-json\/wp\/v2\/product"}],"about":[{"href":"https:\/\/soydeaqui.ddns.net\/pachuca\/index.php\/wp-json\/wp\/v2\/types\/product"}],"replies":[{"embeddable":true,"href":"https:\/\/soydeaqui.ddns.net\/pachuca\/index.php\/wp-json\/wp\/v2\/comments?post=84275"}],"wp:featuredmedia":[{"embeddable":true,"href":"https:\/\/soydeaqui.ddns.net\/pachuca\/index.php\/wp-json\/wp\/v2\/media\/84274"}],"wp:attachment":[{"href":"https:\/\/soydeaqui.ddns.net\/pachuca\/index.php\/wp-json\/wp\/v2\/media?parent=84275"}],"wp:term":[{"taxonomy":"product_brand","embeddable":true,"href":"https:\/\/soydeaqui.ddns.net\/pachuca\/index.php\/wp-json\/wp\/v2\/product_brand?post=84275"},{"taxonomy":"product_cat","embeddable":true,"href":"https:\/\/soydeaqui.ddns.net\/pachuca\/index.php\/wp-json\/wp\/v2\/product_cat?post=84275"},{"taxonomy":"product_tag","embeddable":true,"href":"https:\/\/soydeaqui.ddns.net\/pachuca\/index.php\/wp-json\/wp\/v2\/product_tag?post=84275"}],"curies":[{"name":"wp","href":"https:\/\/api.w.org\/{rel}","templated":true}]}}