{"id":84264,"date":"2026-03-19T20:44:25","date_gmt":"2026-03-19T20:44:25","guid":{"rendered":"https:\/\/soydeaqui.ddns.net\/pachuca\/index.php\/producto\/garantia-extendida-de-1-ano-para-sistemas-de-proyeccion-inalambrica-de-yealink\/"},"modified":"2026-03-19T20:44:28","modified_gmt":"2026-03-19T20:44:28","slug":"garantia-extendida-de-1-ano-para-sistemas-de-proyeccion-inalambrica-de-yealink","status":"publish","type":"product","link":"https:\/\/soydeaqui.ddns.net\/pachuca\/index.php\/producto\/garantia-extendida-de-1-ano-para-sistemas-de-proyeccion-inalambrica-de-yealink\/","title":{"rendered":"Garant\u00eda Extendida de 1 A\u00f1o para Sistemas de Proyecci\u00f3n Inal\u00e1mbrica de Yealink"},"content":{"rendered":"<ul data-pasted=\"true\">\n<li data-start=\"496\" data-end=\"544\" data-pasted=\"true\">\n<p data-start=\"498\" data-end=\"544\"><strong data-start=\"498\" data-end=\"511\">Duraci&oacute;n:<\/strong> Periodo adicional de cobertura<\/p>\n<\/li>\n<li data-start=\"545\" data-end=\"577\">\n<p data-start=\"547\" data-end=\"577\"><strong data-start=\"547\" data-end=\"556\">Tipo:<\/strong> Garant&iacute;a extendida<\/p>\n<\/li>\n<li data-start=\"578\" data-end=\"619\">\n<p data-start=\"580\" data-end=\"619\"><strong data-start=\"580\" data-end=\"596\">Aplica para:<\/strong> Dispositivos Yealink serie A20 y A40<\/p>\n<\/li>\n<li data-start=\"620\" data-end=\"655\">\n<p data-start=\"622\" data-end=\"655\"><strong data-start=\"622\" data-end=\"634\">Entrega:<\/strong> Activaci&oacute;n digital<\/p>\n<\/li>\n<li data-start=\"656\" data-end=\"714\">\n<p data-start=\"658\" data-end=\"714\"><strong data-start=\"658\" data-end=\"672\">Cobertura:<\/strong> Soporte y reemplazo conforme a garant&iacute;a<\/p>\n<\/li>\n<\/ul>\n","protected":false},"excerpt":{"rendered":"<p>Garant\u00eda Extendida de 1 A\u00f1o para Sistemas de Proyecci\u00f3n Inal\u00e1mbrica de Yealink<\/p>\n","protected":false},"featured_media":84263,"comment_status":"open","ping_status":"closed","template":"","meta":[],"product_brand":[],"product_cat":[2040],"product_tag":[93,2004,2112],"class_list":{"0":"post-84264","1":"product","2":"type-product","3":"status-publish","4":"has-post-thumbnail","6":"product_cat-accesorios-voip-telefonia-ip-videoconferencia","7":"product_tag-accesorios","8":"product_tag-voip-telefonia-ip-videoconferencia","9":"product_tag-yealink","11":"first","12":"outofstock","13":"sale","14":"shipping-taxable","15":"purchasable","16":"product-type-simple"},"_links":{"self":[{"href":"https:\/\/soydeaqui.ddns.net\/pachuca\/index.php\/wp-json\/wp\/v2\/product\/84264","targetHints":{"allow":["GET"]}}],"collection":[{"href":"https:\/\/soydeaqui.ddns.net\/pachuca\/index.php\/wp-json\/wp\/v2\/product"}],"about":[{"href":"https:\/\/soydeaqui.ddns.net\/pachuca\/index.php\/wp-json\/wp\/v2\/types\/product"}],"replies":[{"embeddable":true,"href":"https:\/\/soydeaqui.ddns.net\/pachuca\/index.php\/wp-json\/wp\/v2\/comments?post=84264"}],"wp:featuredmedia":[{"embeddable":true,"href":"https:\/\/soydeaqui.ddns.net\/pachuca\/index.php\/wp-json\/wp\/v2\/media\/84263"}],"wp:attachment":[{"href":"https:\/\/soydeaqui.ddns.net\/pachuca\/index.php\/wp-json\/wp\/v2\/media?parent=84264"}],"wp:term":[{"taxonomy":"product_brand","embeddable":true,"href":"https:\/\/soydeaqui.ddns.net\/pachuca\/index.php\/wp-json\/wp\/v2\/product_brand?post=84264"},{"taxonomy":"product_cat","embeddable":true,"href":"https:\/\/soydeaqui.ddns.net\/pachuca\/index.php\/wp-json\/wp\/v2\/product_cat?post=84264"},{"taxonomy":"product_tag","embeddable":true,"href":"https:\/\/soydeaqui.ddns.net\/pachuca\/index.php\/wp-json\/wp\/v2\/product_tag?post=84264"}],"curies":[{"name":"wp","href":"https:\/\/api.w.org\/{rel}","templated":true}]}}