{"id":84208,"date":"2026-03-19T20:41:52","date_gmt":"2026-03-19T20:41:52","guid":{"rendered":"https:\/\/soydeaqui.ddns.net\/pachuca\/index.php\/producto\/jabra-evolve-20-duo-con-conexion-usb-c-a-microfono-con-cancelacion-de-ruido-de-ultima-generacion-configuracion-plug-and-play-4999-823-169\/"},"modified":"2026-03-19T20:41:59","modified_gmt":"2026-03-19T20:41:59","slug":"jabra-evolve-20-duo-con-conexion-usb-c-a-microfono-con-cancelacion-de-ruido-de-ultima-generacion-configuracion-plug-and-play-4999-823-169","status":"publish","type":"product","link":"https:\/\/soydeaqui.ddns.net\/pachuca\/index.php\/producto\/jabra-evolve-20-duo-con-conexion-usb-c-a-microfono-con-cancelacion-de-ruido-de-ultima-generacion-configuracion-plug-and-play-4999-823-169\/","title":{"rendered":"Jabra Evolve 20 DUO con Conexi\u00f3n USB C\/A, Micr\u00f3fono con Cancelaci\u00f3n de Ruido de Ultima Generaci\u00f3n, Configuraci\u00f3n Plug and Play (4999-823-169)"},"content":{"rendered":"<div style='width: 100%; max-width: 1200px; margin: 0 auto; font-family: sans-serif; line-height: 1.6; color: inherit; background-color: transparent;'>\n<div style='width: 100%; background-color: #f5b700; color: #000000; text-align: center; padding: 35px 20px;'>\n<h1 style='margin: 0; font-size: 34px; color: inherit;'>Jabra Evolve 20<\/h1>\n<p style='margin: 10px 0 0; font-size: 18px; color: inherit;'>Headset Profesional con Cable \u2022 Certificaci\u00f3n MS<\/p>\n<\/p><\/div>\n<div style='padding: 20px;'>\n<h2 style='color: #f5b700; border-left: 6px solid #f5b700; padding-left: 10px; margin-top: 20px; color: inherit; opacity: 0.8;'>Presentaci\u00f3n del Headset Profesional<\/h2>\n<div style='padding: 10px; margin-bottom: 30px;'>\n<h3 style='margin: 0 0 10px; color: #f5b700; color: inherit; opacity: 0.8;'>Evolve 20: Comunicaci\u00f3n Clara y Control Total de Llamadas<\/h3>\n<p style='text-align: justify; color: inherit;'>El <strong>Jabra Evolve 20<\/strong> es un headset profesional con cable dise\u00f1ado para mejorar la productividad y la calidad de las llamadas en entornos empresariales y de trabajo remoto.<\/p>\n<p style='text-align: justify; color: inherit;'>Est\u00e1 <strong>certificado para las principales plataformas UC<\/strong> y disponible en variante <strong>Microsoft Teams<\/strong>&comma; garantizando compatibilidad y funcionamiento sin complicaciones.<\/p>\n<p style='text-align: justify; color: inherit;'>Gracias a su dise\u00f1o <strong>Plug &#038; Play<\/strong>&comma; el Evolve 20 funciona de inmediato al conectarlo v\u00eda <strong>USB-A o USB-C<\/strong>&comma; sin necesidad de instalar software adicional.<\/p>\n<\/p><\/div>\n<hr style='border: 0; border-top: 1px solid rgba(150&comma; 150&comma; 150&comma; 0.3); margin: 30px 0;'>\n<h2 style='color: #f5b700; border-left: 6px solid #f5b700; padding-left: 10px; margin-top: 40px; color: inherit; opacity: 0.8;'>Especificaciones T\u00e9cnicas Clave<\/h2>\n<div style='display: flex; flex-wrap: wrap; gap: 20px; margin-top: 20px;'>\n<div style='flex: 1 1 250px; border: 1px solid rgba(150&comma; 150&comma; 150&comma; 0.4); border-radius: 8px; overflow: hidden; display: flex; flex-direction: column;'>\n<div style='padding: 15px; border-bottom: 1px solid rgba(150&comma; 150&comma; 150&comma; 0.2); font-weight: bold; font-size: 18px; color: inherit;'>Tipo de Producto<\/div>\n<div style='padding: 15px; color: inherit;'>Headset profesional con cable (Mono o Est\u00e9reo)<\/div>\n<\/p><\/div>\n<div style='flex: 1 1 250px; border: 1px solid rgba(150&comma; 150&comma; 150&comma; 0.4); border-radius: 8px; overflow: hidden; display: flex; flex-direction: column;'>\n<div style='padding: 15px; border-bottom: 1px solid rgba(150&comma; 150&comma; 150&comma; 0.2); font-weight: bold; font-size: 18px; color: inherit;'>Conectividad<\/div>\n<div style='padding: 15px; color: inherit;'>USB-C\/A<\/div>\n<\/p><\/div>\n<div style='flex: 1 1 250px; border: 1px solid rgba(150&comma; 150&comma; 150&comma; 0.4); border-radius: 8px; overflow: hidden; display: flex; flex-direction: column;'>\n<div style='padding: 15px; border-bottom: 1px solid rgba(150&comma; 150&comma; 150&comma; 0.2); font-weight: bold; font-size: 18px; color: inherit;'>Certificaciones<\/div>\n<div style='padding: 15px; color: inherit;'>Plataformas UC l\u00edderes y Microsoft Teams (seg\u00fan versi\u00f3n)<\/div>\n<\/p><\/div>\n<div style='flex: 1 1 250px; border: 1px solid rgba(150&comma; 150&comma; 150&comma; 0.4); border-radius: 8px; overflow: hidden; display: flex; flex-direction: column;'>\n<div style='padding: 15px; border-bottom: 1px solid rgba(150&comma; 150&comma; 150&comma; 0.2); font-weight: bold; font-size: 18px; color: inherit;'>Micr\u00f3fono<\/div>\n<div style='padding: 15px; color: inherit;'>Micr\u00f3fono con cancelaci\u00f3n de ruido<\/div>\n<\/p><\/div>\n<div style='flex: 1 1 250px; border: 1px solid rgba(150&comma; 150&comma; 150&comma; 0.4); border-radius: 8px; overflow: hidden; display: flex; flex-direction: column;'>\n<div style='padding: 15px; border-bottom: 1px solid rgba(150&comma; 150&comma; 150&comma; 0.2); font-weight: bold; font-size: 18px; color: inherit;'>Altavoces<\/div>\n<div style='padding: 15px; color: inherit;'>Bocinas de 28 mm para audio claro en llamadas y m\u00fasica<\/div>\n<\/p><\/div>\n<div style='flex: 1 1 250px; border: 1px solid rgba(150&comma; 150&comma; 150&comma; 0.4); border-radius: 8px; overflow: hidden; display: flex; flex-direction: column;'>\n<div style='padding: 15px; border-bottom: 1px solid rgba(150&comma; 150&comma; 150&comma; 0.2); font-weight: bold; font-size: 18px; color: inherit;'>Control de Llamadas<\/div>\n<div style='padding: 15px; color: inherit;'>Responder \/ colgar&comma; subir \/ bajar volumen&comma; silenciar micr\u00f3fono<\/div>\n<\/p><\/div>\n<div style='flex: 1 1 250px; border: 1px solid rgba(150&comma; 150&comma; 150&comma; 0.4); border-radius: 8px; overflow: hidden; display: flex; flex-direction: column;'>\n<div style='padding: 15px; border-bottom: 1px solid rgba(150&comma; 150&comma; 150&comma; 0.2); font-weight: bold; font-size: 18px; color: inherit;'>Comodidad<\/div>\n<div style='padding: 15px; color: inherit;'>Almohadillas de espuma o leatherette y diadema ajustable<\/div>\n<\/p><\/div>\n<\/p><\/div>\n<hr style='border: 0; border-top: 1px solid rgba(150&comma; 150&comma; 150&comma; 0.3); margin: 30px 0;'>\n<h2 style='color: #f5b700; border-left: 6px solid #f5b700; padding-left: 10px; margin-top: 30px; color: inherit; opacity: 0.8;'>Funcionalidades Principales<\/h2>\n<div style='display: flex; flex-wrap: wrap; gap: 20px; margin-top: 15px;'>\n<div style='flex: 1 1 250px; min-width: 280px;'>\n<div style='background: #fff9e6; border: 1px solid #ffe08a; border-radius: 8px; padding: 15px; height: 100%;'>\n<h3 style='color: #f5b700; margin-top: 0; color: inherit; opacity: 0.8;'>Calidad de Audio Profesional<\/h3>\n<ul style='padding-left: 20px; font-size: 14px; color: inherit;'>\n<li style='margin-bottom: 5px;'>Micr\u00f3fono con <strong>cancelaci\u00f3n de ruido<\/strong>.<\/li>\n<li style='margin-bottom: 5px;'>Audio optimizado para <strong>llamadas y m\u00fasica<\/strong>.<\/li>\n<li style='margin-bottom: 5px;'>Bocinas de 28 mm para sonido claro y potente.<\/li>\n<\/ul><\/div>\n<\/p><\/div>\n<div style='flex: 1 1 250px; min-width: 280px;'>\n<div style='background: #fff9e6; border: 1px solid #ffe08a; border-radius: 8px; padding: 15px; height: 100%;'>\n<h3 style='color: #f5b700; margin-top: 0; color: inherit; opacity: 0.8;'>Facilidad de Uso y Compatibilidad<\/h3>\n<ul style='padding-left: 20px; font-size: 14px; color: inherit;'>\n<li style='margin-bottom: 5px;'>Instalaci\u00f3n <strong>Plug &#038; Play<\/strong>.<\/li>\n<li style='margin-bottom: 5px;'>Unidad de control integrada para llamadas.<\/li>\n<li style='margin-bottom: 5px;'>Compatible con las principales plataformas UC y Teams.<\/li>\n<\/ul><\/div>\n<\/p><\/div>\n<\/p><\/div>\n<hr style='border: 0; border-top: 1px solid rgba(150&comma; 150&comma; 150&comma; 0.3); margin: 30px 0;'>\n<div style='background: #f5b700; padding: 20px; color: #000; text-align: center; margin-top: 40px;'>\n<p style='margin: 0; color: inherit;'>Headset profesional dise\u00f1ado para productividad&comma; confort y comunicaci\u00f3n clara<\/p>\n<\/p><\/div>\n<\/p><\/div>\n","protected":false},"excerpt":{"rendered":"<p>Jabra Evolve 20 DUO con Conexi\u00f3n USB C\/A, Micr\u00f3fono con Cancelaci\u00f3n de Ruido de Ultima Generaci\u00f3n, Configuraci\u00f3n Plug and Play (4999-823-169)<\/p>\n","protected":false},"featured_media":84207,"comment_status":"open","ping_status":"closed","template":"","meta":[],"product_brand":[],"product_cat":[2050],"product_tag":[2051,2052,2004],"class_list":{"0":"post-84208","1":"product","2":"type-product","3":"status-publish","4":"has-post-thumbnail","6":"product_cat-auriculares","7":"product_tag-auriculares","8":"product_tag-jabra","9":"product_tag-voip-telefonia-ip-videoconferencia","11":"first","12":"instock","13":"sale","14":"shipping-taxable","15":"purchasable","16":"product-type-simple"},"_links":{"self":[{"href":"https:\/\/soydeaqui.ddns.net\/pachuca\/index.php\/wp-json\/wp\/v2\/product\/84208","targetHints":{"allow":["GET"]}}],"collection":[{"href":"https:\/\/soydeaqui.ddns.net\/pachuca\/index.php\/wp-json\/wp\/v2\/product"}],"about":[{"href":"https:\/\/soydeaqui.ddns.net\/pachuca\/index.php\/wp-json\/wp\/v2\/types\/product"}],"replies":[{"embeddable":true,"href":"https:\/\/soydeaqui.ddns.net\/pachuca\/index.php\/wp-json\/wp\/v2\/comments?post=84208"}],"wp:featuredmedia":[{"embeddable":true,"href":"https:\/\/soydeaqui.ddns.net\/pachuca\/index.php\/wp-json\/wp\/v2\/media\/84207"}],"wp:attachment":[{"href":"https:\/\/soydeaqui.ddns.net\/pachuca\/index.php\/wp-json\/wp\/v2\/media?parent=84208"}],"wp:term":[{"taxonomy":"product_brand","embeddable":true,"href":"https:\/\/soydeaqui.ddns.net\/pachuca\/index.php\/wp-json\/wp\/v2\/product_brand?post=84208"},{"taxonomy":"product_cat","embeddable":true,"href":"https:\/\/soydeaqui.ddns.net\/pachuca\/index.php\/wp-json\/wp\/v2\/product_cat?post=84208"},{"taxonomy":"product_tag","embeddable":true,"href":"https:\/\/soydeaqui.ddns.net\/pachuca\/index.php\/wp-json\/wp\/v2\/product_tag?post=84208"}],"curies":[{"name":"wp","href":"https:\/\/api.w.org\/{rel}","templated":true}]}}