{"id":84204,"date":"2026-03-19T20:41:43","date_gmt":"2026-03-19T20:41:43","guid":{"rendered":"https:\/\/soydeaqui.ddns.net\/pachuca\/index.php\/producto\/onu-dual-g-epon-con-wifi-6-ax3000-4-puertos-lan-gigabit-1-puerto-sc-upc-1-puerto-usb-3-0-compatible-con-easymesh-velocidad-hasta-3000-mbps\/"},"modified":"2026-03-19T20:41:45","modified_gmt":"2026-03-19T20:41:45","slug":"onu-dual-g-epon-con-wifi-6-ax3000-4-puertos-lan-gigabit-1-puerto-sc-upc-1-puerto-usb-3-0-compatible-con-easymesh-velocidad-hasta-3000-mbps","status":"publish","type":"product","link":"https:\/\/soydeaqui.ddns.net\/pachuca\/index.php\/producto\/onu-dual-g-epon-con-wifi-6-ax3000-4-puertos-lan-gigabit-1-puerto-sc-upc-1-puerto-usb-3-0-compatible-con-easymesh-velocidad-hasta-3000-mbps\/","title":{"rendered":"ONU Dual G\/EPON con WIFI 6 AX3000 + 4 puertos LAN Gigabit + 1 puerto SC\/UPC + 1 puerto USB 3.0, Compatible con EasyMesh, Velocidad Hasta 3000 Mbps"},"content":{"rendered":"<div style='width: 100%; max-width: 1200px; margin: 0 auto; font-family: sans-serif; line-height: 1.6; color: inherit; background-color: transparent;'> <!-- Secci\u00f3n de caracter\u00edsticas --> <\/p>\n<div style='display: flex; flex-wrap: wrap; gap: 30px; margin-bottom: 30px;'>\n<div style='flex: 1 1 300px; min-width: 280px;'>\n<h3 style='font-size: 22px; border-bottom: 2px solid currentColor; padding-bottom: 5px; margin-top: 0; color: inherit; opacity: 0.8;'>Caracter\u00edsticas principales<\/h3>\n<ul style='padding-left: 20px; font-size: 15px; color: inherit;'>\n<li style='margin-bottom: 5px;'>Dimensiones: 200 * 156.8 * 32.33 mm (largo \u00d7 ancho \u00d7 alto)<\/li>\n<li style='margin-bottom: 5px;'>Aplicaciones ISP<\/li>\n<li style='margin-bottom: 5px;'>Gesti\u00f3n y Monitoreo en l\u00ednea desde la OLT V-SOL<\/li>\n<li style='margin-bottom: 5px;'>Gesti\u00f3n amigable desde: EMS \/ Web \/ Telnet \/ CLI \/ V-SOL INCE<\/li>\n<\/ul><\/div>\n<div style='flex: 1 1 300px; min-width: 280px;'>\n<h3 style='font-size: 22px; border-bottom: 2px solid currentColor; padding-bottom: 5px; margin-top: 0; color: inherit; opacity: 0.8;'>Caracter\u00edsticas F\u00edsicas y El\u00e9ctricas<\/h3>\n<ul style='padding-left: 20px; font-size: 15px; color: inherit;'>\n<li style='margin-bottom: 5px;'>Alimentaci\u00f3n: 12V 1A (Fuente Incluida)<\/li>\n<li style='margin-bottom: 5px;'>Consumo m\u00e1ximo: 12W<\/li>\n<li style='margin-bottom: 5px;'>Peso: 0.35 Kg<\/li>\n<li style='margin-bottom: 5px;'>Temperatura de operaci\u00f3n: -10 a 55\u00b0 C<\/li>\n<\/ul><\/div>\n<div style='flex: 1 1 300px; min-width: 280px;'>\n<h3 style='font-size: 22px; border-bottom: 2px solid currentColor; padding-bottom: 5px; margin-top: 0; color: inherit; opacity: 0.8;'>Caracter\u00edsticas de Red<\/h3>\n<ul style='padding-left: 20px; font-size: 15px; color: inherit;'>\n<li style='margin-bottom: 5px;'>4 Puertos 1Gbps RJ45<\/li>\n<li style='margin-bottom: 5px;'>1 Puerto PON SC\/UPC<\/li>\n<li style='margin-bottom: 5px;'>2 Antenas Wi-Fi con 5 dBi<\/li>\n<li style='margin-bottom: 5px;'>1 Puerto USB 3.0<\/li>\n<li style='margin-bottom: 5px;'>WIFI 6: 802.11a\/n\/ac\/ax 5GHz<\/li>\n<li style='margin-bottom: 5px;'>WIFI 4: 802.11g\/b\/n 2.4GHz<\/li>\n<\/ul><\/div>\n<\/p><\/div>\n<p> <!-- Secci\u00f3n de texto introductorio --> <\/p>\n<div style='margin-bottom: 30px;'>\n<h2 style='font-size: 28px; text-align: center; margin: 0 0 20px; color: inherit; line-height: 1.2;'>4GE ONU: \u00a1Ahorra M\u00e1s&comma; Disfruta M\u00e1s!<\/h2>\n<p style='font-size: 16px; text-align: center; margin: 0 0 20px; color: inherit; line-height: 1.625; font-weight: 400;'>Modo Dual XPON | Wi-Fi 6 Econ\u00f3mico (AX3000) | CATV con Soporte AGC | Estructura de Fibra Montada en Bandejas<\/p>\n<\/p><\/div>\n<p> <!-- Im\u00e1genes --> <\/p>\n<div style='margin-bottom: 30px;'> <img style='width: 100%; height: auto; border: 1px solid rgba(150&comma;150&comma;150&comma;0.3); border-radius: 8px;' src='https:\/\/es.vsolcn.com\/wp-content\/uploads\/2025\/10\/V2804AX30T-H-Detail-Page_EN-1.jpg' alt=''> <\/div>\n<p> <!-- Secci\u00f3n de texto 2 --> <\/p>\n<div style='margin-bottom: 30px;'>\n<h2 style='font-size: 28px; text-align: center; margin: 20px 0; color: inherit; line-height: 1.2;'>Menor Costo&comma; Satisfacci\u00f3n Total de Servicios<\/h2>\n<p style='font-size: 16px; text-align: center; margin: 0 0 20px; color: inherit; line-height: 1.625; font-weight: 400;'>Optimizado para servicios FTTH de operadores de telefon\u00eda fija.<\/p>\n<\/p><\/div>\n<p> <!-- Imagen 2 --> <\/p>\n<div style='margin-bottom: 30px;'> <img style='width: 100%; height: auto; border: 1px solid rgba(150&comma;150&comma;150&comma;0.3); border-radius: 8px;' src='https:\/\/es.vsolcn.com\/wp-content\/uploads\/2025\/10\/V2804AX30T-H-Detail-Page_EN-2.jpg' alt=''> <\/div>\n<p> <!-- Secci\u00f3n de texto 3 --> <\/p>\n<div style='margin-bottom: 30px;'>\n<h2 style='font-size: 28px; text-align: center; margin: 20px 0; color: inherit; line-height: 1.2;'>Menos Antenas&comma; Accesible pero Premium<\/h2>\n<p style='font-size: 16px; text-align: center; margin: 0 0 20px; color: inherit; line-height: 1.625; font-weight: 400;'>Antenas externas de doble banda: dise\u00f1o compacto 2 en 1. Ahorra costo y espacio.<br \/>Cambio inteligente con SSID unificado para conectividad fluida.<\/p>\n<\/p><\/div>\n<p> <!-- Imagen 3 --> <\/p>\n<div style='margin-bottom: 30px;'> <img style='width: 100%; height: auto; border: 1px solid rgba(150&comma;150&comma;150&comma;0.3); border-radius: 8px;' src='https:\/\/es.vsolcn.com\/wp-content\/uploads\/2025\/10\/V2804AX30T-H-Detail-Page_EN-3.jpg' alt=''> <\/div>\n<p> <!-- Secci\u00f3n de texto 4 --> <\/p>\n<div style='margin-bottom: 30px;'>\n<h2 style='font-size: 28px; text-align: center; margin: 20px 0; color: inherit; line-height: 1.2;'>Mejor Se\u00f1al&comma; Velocidad de Vanguardia con Wi-Fi 6<\/h2>\n<p style='font-size: 16px; text-align: center; margin: 0 0 20px; color: inherit; line-height: 1.625; font-weight: 400;'>Impulsado por AX3000 para rendimiento de alta velocidad. Maneja cargas pesadas de m\u00faltiples dispositivos sin esfuerzo&comma; garantizando conexiones m\u00e1s r\u00e1pidas y estables.<\/p>\n<\/p><\/div>\n<p> <!-- Imagen 4 --> <\/p>\n<div style='margin-bottom: 30px;'> <img style='width: 100%; height: auto; border: 1px solid rgba(150&comma;150&comma;150&comma;0.3); border-radius: 8px;' src='https:\/\/es.vsolcn.com\/wp-content\/uploads\/2025\/10\/V2804AX30T-H-Detail-Page_EN-4.jpg' alt=''> <\/div>\n<p> <!-- Secci\u00f3n de texto 5 --> <\/p>\n<div style='margin-bottom: 30px;'>\n<h2 style='font-size: 28px; text-align: center; margin: 20px 0; color: inherit; line-height: 1.2;'>Transmisi\u00f3n HD M\u00e1s Fluida&comma; Mejora Inteligente de CATV<\/h2>\n<p style='font-size: 16px; text-align: center; margin: 0 0 20px; color: inherit; line-height: 1.625; font-weight: 400;'>Compensaci\u00f3n autom\u00e1tica de nivel AGC y ajuste de se\u00f1al en 6 pasos para streaming HD estable y ultradesclaro.<\/p>\n<\/p><\/div>\n<p> <!-- Imagen 5 --> <\/p>\n<div style='margin-bottom: 30px;'> <img style='width: 100%; height: auto; border: 1px solid rgba(150&comma;150&comma;150&comma;0.3); border-radius: 8px;' src='https:\/\/es.vsolcn.com\/wp-content\/uploads\/2025\/10\/V2804AX30T-H-Detail-Page_EN-5.jpg' alt=''> <\/div>\n<p> <!-- Secci\u00f3n de texto 6 --> <\/p>\n<div style='margin-bottom: 30px;'>\n<h2 style='font-size: 28px; text-align: center; margin: 20px 0; color: inherit; line-height: 1.2;'>Dise\u00f1o Elegante&comma; Premium en Cada Detalle<\/h2>\n<\/p><\/div>\n<p> <!-- Imagen 6 --> <\/p>\n<div style='margin-bottom: 30px;'> <img style='width: 100%; height: auto; border: 1px solid rgba(150&comma;150&comma;150&comma;0.3); border-radius: 8px;' src='https:\/\/es.vsolcn.com\/wp-content\/uploads\/2025\/10\/V2804AX30T-H-Detail-Page_EN-6.jpg' alt=''> <\/div>\n<\/p><\/div>\n","protected":false},"excerpt":{"rendered":"<p>ONU Dual G\/EPON con WIFI 6 AX3000 + 4 puertos LAN Gigabit + 1 puerto SC\/UPC + 1 puerto USB 3.0, Compatible con EasyMesh, Velocidad Hasta 3000 Mbps<\/p>\n","protected":false},"featured_media":32,"comment_status":"open","ping_status":"closed","template":"","meta":[],"product_brand":[],"product_cat":[2010],"product_tag":[2012,2011,2013],"class_list":{"0":"post-84204","1":"product","2":"type-product","3":"status-publish","4":"has-post-thumbnail","6":"product_cat-onus-onts","7":"product_tag-onus-onts","8":"product_tag-redes-ftth-pon","9":"product_tag-v-sol","11":"first","12":"outofstock","13":"sale","14":"shipping-taxable","15":"purchasable","16":"product-type-simple"},"_links":{"self":[{"href":"https:\/\/soydeaqui.ddns.net\/pachuca\/index.php\/wp-json\/wp\/v2\/product\/84204","targetHints":{"allow":["GET"]}}],"collection":[{"href":"https:\/\/soydeaqui.ddns.net\/pachuca\/index.php\/wp-json\/wp\/v2\/product"}],"about":[{"href":"https:\/\/soydeaqui.ddns.net\/pachuca\/index.php\/wp-json\/wp\/v2\/types\/product"}],"replies":[{"embeddable":true,"href":"https:\/\/soydeaqui.ddns.net\/pachuca\/index.php\/wp-json\/wp\/v2\/comments?post=84204"}],"wp:featuredmedia":[{"embeddable":true,"href":"https:\/\/soydeaqui.ddns.net\/pachuca\/index.php\/wp-json\/wp\/v2\/media\/32"}],"wp:attachment":[{"href":"https:\/\/soydeaqui.ddns.net\/pachuca\/index.php\/wp-json\/wp\/v2\/media?parent=84204"}],"wp:term":[{"taxonomy":"product_brand","embeddable":true,"href":"https:\/\/soydeaqui.ddns.net\/pachuca\/index.php\/wp-json\/wp\/v2\/product_brand?post=84204"},{"taxonomy":"product_cat","embeddable":true,"href":"https:\/\/soydeaqui.ddns.net\/pachuca\/index.php\/wp-json\/wp\/v2\/product_cat?post=84204"},{"taxonomy":"product_tag","embeddable":true,"href":"https:\/\/soydeaqui.ddns.net\/pachuca\/index.php\/wp-json\/wp\/v2\/product_tag?post=84204"}],"curies":[{"name":"wp","href":"https:\/\/api.w.org\/{rel}","templated":true}]}}