{"id":84199,"date":"2026-03-19T20:41:29","date_gmt":"2026-03-19T20:41:29","guid":{"rendered":"https:\/\/soydeaqui.ddns.net\/pachuca\/index.php\/producto\/router-wifi-6-doble-banda-ax-1800-mbps-mu-mimo-y-ofdma-1-puerto-wan-10-100-1000-mbps-4-puertos-lan-10-100-1000-mbps-4-potentes-antenas-compatible-con-easymesh-2\/"},"modified":"2026-03-19T20:41:29","modified_gmt":"2026-03-19T20:41:29","slug":"router-wifi-6-doble-banda-ax-1800-mbps-mu-mimo-y-ofdma-1-puerto-wan-10-100-1000-mbps-4-puertos-lan-10-100-1000-mbps-4-potentes-antenas-compatible-con-easymesh-2","status":"publish","type":"product","link":"https:\/\/soydeaqui.ddns.net\/pachuca\/index.php\/producto\/router-wifi-6-doble-banda-ax-1800-mbps-mu-mimo-y-ofdma-1-puerto-wan-10-100-1000-mbps-4-puertos-lan-10-100-1000-mbps-4-potentes-antenas-compatible-con-easymesh-2\/","title":{"rendered":"Router WiFi 6 doble banda AX 1800 Mbps \/  MU-MIMO y OFDMA \/ 1 Puerto WAN 10\/100\/1000 Mbps \/ 4 Puertos LAN 10\/100\/1000 Mbps \/ 4 Potentes Antenas \/ Compatible con EasyMESH"},"content":{"rendered":"<div style='width: 100%; max-width: 1200px; margin: 0 auto; font-family: sans-serif; line-height: 1.6; color: inherit; background-color: transparent;'> <!-- Secci\u00f3n de enlaces principales --> <\/p>\n<div style='display: flex; flex-wrap: wrap; justify-content: center; gap: 20px; margin-bottom: 30px;'>\n<div style='flex: 1 1 auto; text-align: center;'> <a href='https:\/\/www.tp-link.com\/es\/tether\/' style='color: inherit; text-decoration: none; font-weight: bold; border-bottom: 1px solid rgba(0&comma;0&comma;0&comma;0.1); padding-bottom: 3px;'>Aprende m\u00e1s sobre la App Tether<\/a> <\/div>\n<\/p><\/div>\n<p> <!-- Imagen principal --> <\/p>\n<div style='margin-bottom: 30px;'> <img style='width: 100%; height: auto; border: 1px solid rgba(150&comma;150&comma;150&comma;0.3); border-radius: 8px;' src='https:\/\/ftp3.syscom.mx\/usuarios\/fotos\/ARCHERAX23\/232192-captura_de_pantalla_2024-07-11_a_la(s)_12.04.17 p.m..png' alt='Router WiFi 6 doble banda AX 1800 Mbps'> <\/div>\n<p> <!-- Secci\u00f3n de contenido con im\u00e1genes y texto --> <\/p>\n<div style='display: flex; flex-wrap: wrap; gap: 30px; margin-bottom: 30px;'>\n<div style='flex: 1 1 100%; min-width: 280px; text-align: center;'>\n<h2 style='font-size: 24px; margin: 0 0 15px 0; color: inherit;'>Mayor rendimiento con WiFi 6&comma; amplia tu cobertura con tecnolog\u00eda avanzada.<\/h2>\n<p> <a href='https:\/\/www.tp-link.com\/es\/wifi6\/' style='color: inherit; text-decoration: none; font-weight: bold; border-bottom: 1px solid rgba(0&comma;0&comma;0&comma;0.1); padding-bottom: 3px;'>Aprende m\u00e1s sobre WiFi 6<\/a> <\/p>\n<div style='margin: 20px 0;'> <img style='width: 100%; height: auto; border: 1px solid rgba(150&comma;150&comma;150&comma;0.3); border-radius: 8px;' src='https:\/\/ftp3.syscom.mx\/usuarios\/fotos\/ARCHERAX23\/232192-captura_de_pantalla_2024-07-11_a_la(s)_12.05.53 p.m..png' alt='Tecnolog\u00eda WiFi 6'> <\/div>\n<\/p><\/div>\n<div style='flex: 1 1 100%; min-width: 280px; text-align: center;'>\n<h2 style='font-size: 24px; margin: 0 0 20px 0; color: inherit;'>Disfruta de juegos&comma; transmisi\u00f3n de video sin interrupciones.<\/h2>\n<div style='margin: 20px 0;'> <img style='width: 100%; height: auto; border: 1px solid rgba(150&comma;150&comma;150&comma;0.3); border-radius: 8px;' src='https:\/\/ftp3.syscom.mx\/usuarios\/fotos\/ARCHERAX23\/232192-captura_de_pantalla_2024-07-11_a_la(s)_12.06.04 p.m..png' alt='Transmisi\u00f3n de video sin interrupciones'> <\/div>\n<\/p><\/div>\n<div style='flex: 1 1 100%; min-width: 280px; text-align: center;'>\n<h2 style='font-size: 24px; margin: 0 0 20px 0; color: inherit;'>Roaming sin interrupciones.<\/h2>\n<div style='margin: 20px 0;'> <img style='width: 100%; height: auto; border: 1px solid rgba(150&comma;150&comma;150&comma;0.3); border-radius: 8px;' src='https:\/\/ftp3.syscom.mx\/usuarios\/fotos\/ARCHERAX23\/232192-captura_de_pantalla_2024-07-11_a_la(s)_12.06.29 p.m..png' alt='Roaming sin interrupciones'> <\/div>\n<\/p><\/div>\n<div style='flex: 1 1 100%; min-width: 280px; text-align: center;'>\n<h2 style='font-size: 24px; margin: 0 0 20px 0; color: inherit;'>F\u00e1cil configuraci\u00f3n mediante la App Tether.<\/h2>\n<div style='margin: 20px 0;'> <img style='width: 100%; height: auto; border: 1px solid rgba(150&comma;150&comma;150&comma;0.3); border-radius: 8px;' src='https:\/\/ftp3.syscom.mx\/usuarios\/fotos\/ARCHERAX23\/232192-captura_de_pantalla_2024-07-11_a_la(s)_12.07.12 p.m..png' alt='Configuraci\u00f3n con App Tether'> <\/div>\n<\/p><\/div>\n<\/p><\/div>\n<p> <!-- Separador --> <\/p>\n<hr style='border: 0; border-top: 1px solid rgba(150&comma; 150&comma; 150&comma; 0.3); margin: 30px 0;'> <!-- Secci\u00f3n de especificaciones --> <\/p>\n<div style='display: flex; flex-wrap: wrap; gap: 20px; margin-bottom: 30px;'>\n<div style='flex: 1 1 100%; min-width: 280px;'>\n<div style='border: 1px solid rgba(150&comma; 150&comma; 150&comma; 0.4); border-radius: 8px; overflow: hidden; margin-bottom: 20px;'>\n<div style='padding: 15px; border-bottom: 1px solid rgba(150&comma; 150&comma; 150&comma; 0.2); font-weight: bold; font-size: 18px; color: inherit;'>Especificaciones<\/div>\n<div style='padding: 15px; color: inherit;'>\n<ul style='padding-left: 20px; margin: 0; font-size: 14px; list-style-type: disc;'>\n<li style='margin-bottom: 8px;'><strong>Dimensiones:<\/strong> 260.2 x 135 x 38.6 mm<\/li>\n<li style='margin-bottom: 8px;'><strong>Puertos:<\/strong> (1) puerto RJ45 Gigabit WAN&comma; (4) puertos RJ45 Gigabit LAN<\/li>\n<li style='margin-bottom: 8px;'><strong>Procesador:<\/strong> CPU doble n\u00facleo<\/li>\n<li style='margin-bottom: 8px;'><strong>Alimentaci\u00f3n:<\/strong> 12 Vcc 2A<\/li>\n<li style='margin-bottom: 8px;'><strong>Rango WiFi:<\/strong> 4 antenas fijas de alto rendimiento&comma; Beamforming&comma; FEM de alta potencia&comma; 4T4R<\/li>\n<li style='margin-bottom: 8px;'><strong>Inal\u00e1mbrico:<\/strong> WiFi 6 (IEEE 802.11ax\/ac\/n\/a 5 GHz&comma; IEEE 802.11ax\/n\/b\/g 2.4 GHz)&comma; AX1800 (5 GHz: 1201 Mbps&comma; 2.4 GHz: 574 Mbps)<\/li>\n<li style='margin-bottom: 8px;'><strong>Modo Trabajo:<\/strong> Router&comma; Punto de acceso<\/li>\n<li style='margin-bottom: 8px;'><strong>Servidor\/Cliente VPN:<\/strong> OpenVPN&comma; PPTP<\/li>\n<li style='margin-bottom: 8px;'><strong>Calidad de servicio:<\/strong> QoS por dispositivos<\/li>\n<li style='margin-bottom: 8px;'><strong>Gesti\u00f3n:<\/strong> Aplicaci\u00f3n Tether&comma; P\u00e1gina web<\/li>\n<li style='margin-bottom: 8px;'><strong>Seguridad de red:<\/strong> Cortafuegos SPI&comma; Control de acceso&comma; Enlace IP y MAC&comma; Puerta de enlace de capa de aplicaci\u00f3n&comma; Seguridad HomeShield<\/li>\n<li style='margin-bottom: 8px;'><strong>EasyMesh:<\/strong> Link Agregation&comma; LACP 802.3ad&comma; Compatible con EasyMesh<\/li>\n<li style='margin-bottom: 8px;'><strong>Seguridad HomeShield:<\/strong> Biblioteca de filtrado de contenido&comma; Pausar internet&comma; Hora de acostarse&comma; Informes semanales y mensuales&comma; Esc\u00e1ner de red dom\u00e9stica<\/li>\n<li style='margin-bottom: 8px;'><strong>Temperatura de operaci\u00f3n:<\/strong> 0 ~ 40\u00b0 C<\/li>\n<li style='margin-bottom: 8px;'><strong>Certificaciones:<\/strong> CE&comma; FCC&comma; RoHS<\/li>\n<\/ul><\/div>\n<\/p><\/div>\n<div style='border: 1px solid rgba(150&comma; 150&comma; 150&comma; 0.4); border-radius: 8px; overflow: hidden; margin-bottom: 20px;'>\n<div style='padding: 15px; border-bottom: 1px solid rgba(150&comma; 150&comma; 150&comma; 0.2); font-weight: bold; font-size: 18px; color: inherit;'>Caracter\u00edsticas<\/div>\n<div style='padding: 15px; color: inherit;'>\n<ul style='padding-left: 20px; margin: 0; font-size: 14px; list-style-type: disc;'>\n<li style='margin-bottom: 8px;'><strong>Capacidad WiFi:<\/strong> Doble banda&comma; OFDMA&comma; Wi-Fi 6&comma; Equidad de tiempo aire<\/li>\n<li style='margin-bottom: 8px;'><strong>Seguridad:<\/strong> 4 flujos (mayor ancho de banda)<\/li>\n<li style='margin-bottom: 8px;'><strong>EasyMesh:<\/strong> Redes en malla<\/li>\n<li style='margin-bottom: 8px;'><strong>Botones:<\/strong> Encendido\/apagado\/WPS\/reinicio<\/li>\n<\/ul><\/div>\n<\/p><\/div>\n<div style='border: 1px solid rgba(150&comma; 150&comma; 150&comma; 0.4); border-radius: 8px; overflow: hidden;'>\n<div style='padding: 15px; border-bottom: 1px solid rgba(150&comma; 150&comma; 150&comma; 0.2); font-weight: bold; font-size: 18px; color: inherit;'>Otros<\/div>\n<div style='padding: 15px; color: inherit;'>\n<ul style='padding-left: 20px; margin: 0; font-size: 14px; list-style-type: disc;'>\n<li style='margin-bottom: 8px;'><strong>Contenido del Paquete:<\/strong> Archer AX23&comma; Cable de alimentaci\u00f3n&comma; Cable RJ45&comma; Gu\u00eda de instalaci\u00f3n<\/li>\n<\/ul><\/div>\n<\/p><\/div>\n<\/p><\/div>\n<\/p><\/div>\n<p> <!-- Enlaces adicionales --> <\/p>\n<div style='display: flex; flex-wrap: wrap; justify-content: center; gap: 20px; margin-top: 30px;'>\n<div style='flex: 1 1 auto; text-align: center;'> <a href='https:\/\/www.tp-link.com\/us\/easymesh\/' style='color: inherit; text-decoration: none; font-weight: bold; border-bottom: 1px solid rgba(0&comma;0&comma;0&comma;0.1); padding-bottom: 3px;'>Leer m\u00e1s sobre EasyMesh<\/a> <\/div>\n<div style='flex: 1 1 auto; text-align: center;'> <a href='https:\/\/www.tp-link.com\/mx\/homeshield\/' style='color: inherit; text-decoration: none; font-weight: bold; border-bottom: 1px solid rgba(0&comma;0&comma;0&comma;0.1); padding-bottom: 3px;'>Leer m\u00e1s sobre HomeShield<\/a> <\/div>\n<\/p><\/div>\n<\/p><\/div>\n","protected":false},"excerpt":{"rendered":"<p>Router WiFi 6 doble banda AX 1800 Mbps \/  MU-MIMO y OFDMA \/ 1 Puerto WAN 10\/100\/1000 Mbps \/ 4 Puertos LAN 10\/100\/1000 Mbps \/ 4 Potentes Antenas \/ Compatible con EasyMESH<\/p>\n","protected":false},"featured_media":32,"comment_status":"open","ping_status":"closed","template":"","meta":[],"product_brand":[],"product_cat":[2036,2035,2034],"product_tag":[2039,2038,664,2037,71],"class_list":{"0":"post-84199","1":"product","2":"type-product","3":"status-publish","4":"has-post-thumbnail","6":"product_cat-balanceadores","7":"product_cat-firewalls","8":"product_cat-routers","9":"product_tag-balanceadores","10":"product_tag-firewalls","11":"product_tag-networking","12":"product_tag-routers","13":"product_tag-tp-link","15":"first","16":"instock","17":"sale","18":"shipping-taxable","19":"purchasable","20":"product-type-simple"},"_links":{"self":[{"href":"https:\/\/soydeaqui.ddns.net\/pachuca\/index.php\/wp-json\/wp\/v2\/product\/84199","targetHints":{"allow":["GET"]}}],"collection":[{"href":"https:\/\/soydeaqui.ddns.net\/pachuca\/index.php\/wp-json\/wp\/v2\/product"}],"about":[{"href":"https:\/\/soydeaqui.ddns.net\/pachuca\/index.php\/wp-json\/wp\/v2\/types\/product"}],"replies":[{"embeddable":true,"href":"https:\/\/soydeaqui.ddns.net\/pachuca\/index.php\/wp-json\/wp\/v2\/comments?post=84199"}],"wp:featuredmedia":[{"embeddable":true,"href":"https:\/\/soydeaqui.ddns.net\/pachuca\/index.php\/wp-json\/wp\/v2\/media\/32"}],"wp:attachment":[{"href":"https:\/\/soydeaqui.ddns.net\/pachuca\/index.php\/wp-json\/wp\/v2\/media?parent=84199"}],"wp:term":[{"taxonomy":"product_brand","embeddable":true,"href":"https:\/\/soydeaqui.ddns.net\/pachuca\/index.php\/wp-json\/wp\/v2\/product_brand?post=84199"},{"taxonomy":"product_cat","embeddable":true,"href":"https:\/\/soydeaqui.ddns.net\/pachuca\/index.php\/wp-json\/wp\/v2\/product_cat?post=84199"},{"taxonomy":"product_tag","embeddable":true,"href":"https:\/\/soydeaqui.ddns.net\/pachuca\/index.php\/wp-json\/wp\/v2\/product_tag?post=84199"}],"curies":[{"name":"wp","href":"https:\/\/api.w.org\/{rel}","templated":true}]}}